{"id":7035,"date":"2024-12-16T10:41:11","date_gmt":"2024-12-16T10:41:11","guid":{"rendered":"https:\/\/jinsuncarbon.com\/?post_type=product&#038;p=7035"},"modified":"2024-12-16T10:41:12","modified_gmt":"2024-12-16T10:41:12","slug":"asta-di-grafite-ad-alta-densita","status":"publish","type":"product","link":"https:\/\/jinsuncarbon.com\/it\/prodotto\/asta-di-grafite-ad-alta-densita\/","title":{"rendered":"Asta di grafite ad alta densit\u00e0"},"content":{"rendered":"<h2>Vantaggi delle barre di grafite ad alta densit\u00e0<\/h2>\n<p><strong><b>Elevata conduttivit\u00e0<\/b><\/strong><\/p>\n<p>Pu\u00f2 trasferire in modo efficiente la corrente, riducendo efficacemente la perdita di energia nelle apparecchiature elettriche. Garantisce la stabilit\u00e0 e l'efficienza della trasmissione di energia.<\/p>\n<p><strong><b>\u00a0<\/b><\/strong><\/p>\n<p><strong><b>Buona conducibilit\u00e0 termica<\/b><\/strong><\/p>\n<p>Ci\u00f2 consente di condurre rapidamente il calore e di dissiparlo tempestivamente in ambienti ad alta temperatura. Previene i danni materiali dovuti al surriscaldamento e garantisce il funzionamento sicuro delle apparecchiature.<\/p>\n<p>&nbsp;<\/p>\n<p><strong><b>Forte stabilit\u00e0 chimica<\/b><\/strong><\/p>\n<p>Resistente all'erosione di acidi, alcali e altri mezzi corrosivi, pu\u00f2 essere utilizzato in ambienti chimici difficili per lungo tempo senza reazioni chimiche. Garantisce la durata e la stabilit\u00e0 delle prestazioni.<\/p>\n<p>&nbsp;<\/p>\n<p><strong><b>Elevata resistenza meccanica<\/b><\/strong><\/p>\n<p>Con una forte resistenza alla compressione e alla flessione, non \u00e8 facile da rompere o deformare se sottoposto a grandi forze esterne. Pu\u00f2 soddisfare alcuni scenari applicativi con requisiti di elevata resistenza strutturale.<\/p>\n<p>&nbsp;<\/p>\n<p><strong><b>Buona autolubrificazione e basso coefficiente di attrito<\/b><\/strong><\/p>\n<p>Pu\u00f2 ridurre l'attrito e l'usura delle relative parti mobili, ridurre i costi di manutenzione e la resistenza operativa dell'apparecchiatura. E migliorare le prestazioni complessive e la durata di vita dell'apparecchiatura.<\/p>\n<p><strong><b>\u00a0<\/b><\/strong><\/p>\n<h2>Tipi di barre di grafite ad alta densit\u00e0<\/h2>\n<h3>Asta di grafite estrusa<\/h3>\n<p>Con il processo di stampaggio per estrusione, la grafite grezza viene estrusa a forma di asta attraverso uno stampo specifico. Il <a href=\"https:\/\/jinsuncarbon.com\/it\/prodotto\/asta-di-grafite\/\">asta di grafite<\/a> prodotto con questo processo ha una maggiore densit\u00e0 e migliori prestazioni assiali. \u00c8 adatto per occasioni che devono sopportare grandi pressioni o tensioni assiali. Ad esempio, gli elettrodi di alcune grandi celle elettrolitiche, gli elementi riscaldanti di forni industriali, ecc.<\/p>\n<p>&nbsp;<\/p>\n<h3>Asta in grafite stampata<\/h3>\n<p>Grazie all'uso dello stampo per la pressatura, i suoi prodotti presentano un'elevata precisione dimensionale, una buona qualit\u00e0 superficiale e un'isotropia pi\u00f9 marcata. Pu\u00f2 soddisfare alcune applicazioni con requisiti di elevata accuratezza dimensionale e coerenza delle prestazioni fisiche, come gli strumenti di precisione. <a href=\"https:\/\/jinsuncarbon.com\/it\/prodotto\/elettrodo-a-barra-di-grafite\/\">elettrodi<\/a>, parti di tenuta meccanica di alto livello resistenti all'usura, ecc.<\/p>\n<p>&nbsp;<\/p>\n<p>&nbsp;<\/p>\n<h2>Usi delle barre di grafite ad alta densit\u00e0<\/h2>\n<p><strong><b>Industria metallurgica del ferro e dell'acciaio<\/b><\/strong><\/p>\n<p>Nella produzione di acciaio con forno elettrico ad arco, \u00e8 possibile utilizzare barre di grafite ad alta densit\u00e0 come elettrodi. Possono sopportare correnti e temperature elevate, produrre rottami ad arco, aumentare l'efficienza e la qualit\u00e0 dell'acciaio fuso. E mescolare e riscaldare l'acciaio fuso nella raffinazione al di fuori del forno elettrico. <a href=\"https:\/\/en.wikipedia.org\/wiki\/Electric_arc_furnace\" target=\"_blank\" rel=\"noopener\">forno<\/a>, omogeneizzare la composizione e la temperatura e migliorare la qualit\u00e0 dell'acciaio.<\/p>\n<p>&nbsp;<\/p>\n<p><strong><b>Nel settore dei semiconduttori elettronici<\/b><\/strong><\/p>\n<p><a href=\"https:\/\/en.wikipedia.org\/wiki\/Monocrystalline_silicon\" target=\"_blank\" rel=\"noopener\">Silicio monocristallo<\/a> produzione con le sue parti di riscaldamento e di supporto. Il controllo della temperatura, la stabilit\u00e0 chimica, la stabilit\u00e0 ad alta temperatura consentono di mantenere la qualit\u00e0 del cristallo. \u00c8 possibile utilizzare l'elettrodo di fissaggio nell'incisione litografica dei chip per soddisfare i requisiti di conducibilit\u00e0 elettrica, conducibilit\u00e0 termica e stabilit\u00e0 per la lavorazione ad alta precisione. E aiutare la produzione di chip di alta qualit\u00e0.<\/p>\n<p>&nbsp;<\/p>\n<p><strong><b>Industria meccanica<\/b><\/strong><\/p>\n<p>Come guarnizione meccanica, grazie all'autolubrificazione e alla resistenza all'usura, impedisce la fuoriuscita di fluidi dalla valvola della pompa, garantendo una tenuta riservata e un funzionamento stabile. Rende il manicotto del cuscinetto in apparecchiature rotanti ad alta velocit\u00e0, riducendo l'attrito, il consumo energetico e il rumore. E prolunga la durata, migliorando la precisione e l'efficienza.<\/p>\n<p>&nbsp;<\/p>\n<p><strong><b>Industria chimica<\/b><\/strong><\/p>\n<p>Come parte riscaldante del reattore, il trasferimento di calore \u00e8 rapido e la reazione viene promossa in modo uniforme.  La forte resistenza agli acidi e agli alcali garantisce un lavoro stabile a lungo termine, aumentando la sicurezza e l'affidabilit\u00e0. Pu\u00f2 essere utilizzato anche per l'isolamento del supporto delle condutture chimiche per prevenire i danni da corrosione e garantire il normale funzionamento del sistema.<\/p>","protected":false},"excerpt":{"rendered":"<p>L'asta di grafite ad alta densit\u00e0 \u00e8 un tipo di materiale simile ad un'asta, ottenuto da materie prime di grafite di alta qualit\u00e0 mediante un processo speciale. Ha le caratteristiche di alta densit\u00e0. La sua struttura interna \u00e8 stretta e la disposizione dei cristalli di grafite \u00e8 regolare.<\/p>\n<p>&nbsp;<\/p>\n<p>Le barre di grafite ad alta densit\u00e0 sono principalmente pezzi sagomati a forma di cilindro o cuboide. A seconda dello scenario applicativo, possono essere lavorate nelle dimensioni desiderate.<\/p>\n<p>&nbsp;<\/p>","protected":false},"featured_media":7036,"template":"","meta":[],"product_brand":[],"product_cat":[38],"product_tag":[],"class_list":{"0":"post-7035","1":"product","2":"type-product","3":"status-publish","4":"has-post-thumbnail","6":"product_cat-graphite-products","8":"first","9":"instock","10":"shipping-taxable","11":"product-type-simple"},"yoast_head":"<!-- This site is optimized with the Yoast SEO Premium plugin v19.2.1 (Yoast SEO v25.3) - https:\/\/yoast.com\/wordpress\/plugins\/seo\/ -->\n<title>High Density Graphite Rod | Jinsun Carbon<\/title>\n<meta name=\"robots\" content=\"index, follow, max-snippet:-1, max-image-preview:large, max-video-preview:-1\" \/>\n<link rel=\"canonical\" href=\"https:\/\/jinsuncarbon.com\/it\/prodotto\/asta-di-grafite-ad-alta-densita\/\" \/>\n<meta property=\"og:locale\" content=\"it_IT\" \/>\n<meta property=\"og:type\" content=\"article\" \/>\n<meta property=\"og:title\" content=\"High Density Graphite Rod\" \/>\n<meta property=\"og:description\" content=\"High-density graphite rod is a kind of rod-like material made from high quality graphite raw material by special process. It has the characteristics of high density. Its internal structure is tight, the graphite crystal arrangement is regular.  &nbsp;  High\u00a0density graphite rods are mainly shaped parts in the shape of cylinders or cuboids. Depending on your actual application scenario, they can be machined to the size you require.  &nbsp;\" \/>\n<meta property=\"og:url\" content=\"https:\/\/jinsuncarbon.com\/it\/prodotto\/asta-di-grafite-ad-alta-densita\/\" \/>\n<meta property=\"og:site_name\" content=\"Jinsun Carbon\" \/>\n<meta property=\"article:publisher\" content=\"https:\/\/www.facebook.com\/Graphite-Electrode-109336238661595\" \/>\n<meta property=\"article:modified_time\" content=\"2024-12-16T10:41:12+00:00\" \/>\n<meta property=\"og:image\" content=\"https:\/\/jinsuncarbon.com\/wp-content\/uploads\/2024\/12\/High-density-graphite-rod.jpg\" \/>\n\t<meta property=\"og:image:width\" content=\"1024\" \/>\n\t<meta property=\"og:image:height\" content=\"763\" \/>\n\t<meta property=\"og:image:type\" content=\"image\/jpeg\" \/>\n<meta name=\"twitter:card\" content=\"summary_large_image\" \/>\n<meta name=\"twitter:site\" content=\"@jinsuncarbon_\" \/>\n<meta name=\"twitter:label1\" content=\"Tempo di lettura stimato\" \/>\n\t<meta name=\"twitter:data1\" content=\"3 minuti\" \/>\n<script type=\"application\/ld+json\" class=\"yoast-schema-graph\">{\"@context\":\"https:\/\/schema.org\",\"@graph\":[{\"@type\":\"WebPage\",\"@id\":\"https:\/\/jinsuncarbon.com\/product\/high-density-graphite-rod\/\",\"url\":\"https:\/\/jinsuncarbon.com\/product\/high-density-graphite-rod\/\",\"name\":\"High Density Graphite Rod | Jinsun Carbon\",\"isPartOf\":{\"@id\":\"https:\/\/jinsuncarbon.com\/#website\"},\"primaryImageOfPage\":{\"@id\":\"https:\/\/jinsuncarbon.com\/product\/high-density-graphite-rod\/#primaryimage\"},\"image\":{\"@id\":\"https:\/\/jinsuncarbon.com\/product\/high-density-graphite-rod\/#primaryimage\"},\"thumbnailUrl\":\"https:\/\/jinsuncarbon.com\/wp-content\/uploads\/2024\/12\/High-density-graphite-rod.jpg\",\"datePublished\":\"2024-12-16T10:41:11+00:00\",\"dateModified\":\"2024-12-16T10:41:12+00:00\",\"breadcrumb\":{\"@id\":\"https:\/\/jinsuncarbon.com\/product\/high-density-graphite-rod\/#breadcrumb\"},\"inLanguage\":\"it-IT\",\"potentialAction\":[{\"@type\":\"ReadAction\",\"target\":[\"https:\/\/jinsuncarbon.com\/product\/high-density-graphite-rod\/\"]}]},{\"@type\":\"ImageObject\",\"inLanguage\":\"it-IT\",\"@id\":\"https:\/\/jinsuncarbon.com\/product\/high-density-graphite-rod\/#primaryimage\",\"url\":\"https:\/\/jinsuncarbon.com\/wp-content\/uploads\/2024\/12\/High-density-graphite-rod.jpg\",\"contentUrl\":\"https:\/\/jinsuncarbon.com\/wp-content\/uploads\/2024\/12\/High-density-graphite-rod.jpg\",\"width\":1024,\"height\":763,\"caption\":\"High density graphite rod\"},{\"@type\":\"BreadcrumbList\",\"@id\":\"https:\/\/jinsuncarbon.com\/product\/high-density-graphite-rod\/#breadcrumb\",\"itemListElement\":[{\"@type\":\"ListItem\",\"position\":1,\"name\":\"Home\",\"item\":\"https:\/\/jinsuncarbon.com\/\"},{\"@type\":\"ListItem\",\"position\":2,\"name\":\"Products\",\"item\":\"https:\/\/jinsuncarbon.com\/graphite-carbon\/\"},{\"@type\":\"ListItem\",\"position\":3,\"name\":\"High Density Graphite Rod\"}]},{\"@type\":\"WebSite\",\"@id\":\"https:\/\/jinsuncarbon.com\/#website\",\"url\":\"https:\/\/jinsuncarbon.com\/\",\"name\":\"Jinsun Carbon\",\"description\":\"We are the successful graphite electrode manufacturer in China\",\"publisher\":{\"@id\":\"https:\/\/jinsuncarbon.com\/#organization\"},\"potentialAction\":[{\"@type\":\"SearchAction\",\"target\":{\"@type\":\"EntryPoint\",\"urlTemplate\":\"https:\/\/jinsuncarbon.com\/?s={search_term_string}\"},\"query-input\":{\"@type\":\"PropertyValueSpecification\",\"valueRequired\":true,\"valueName\":\"search_term_string\"}}],\"inLanguage\":\"it-IT\"},{\"@type\":\"Organization\",\"@id\":\"https:\/\/jinsuncarbon.com\/#organization\",\"name\":\"Jinsun Carbon\",\"alternateName\":\"Jinsun Carbon\",\"url\":\"https:\/\/jinsuncarbon.com\/\",\"logo\":{\"@type\":\"ImageObject\",\"inLanguage\":\"it-IT\",\"@id\":\"https:\/\/jinsuncarbon.com\/#\/schema\/logo\/image\/\",\"url\":\"https:\/\/jinsuncarbon.com\/wp-content\/uploads\/2022\/12\/LOGO-1.png\",\"contentUrl\":\"https:\/\/jinsuncarbon.com\/wp-content\/uploads\/2022\/12\/LOGO-1.png\",\"width\":207,\"height\":80,\"caption\":\"Jinsun Carbon\"},\"image\":{\"@id\":\"https:\/\/jinsuncarbon.com\/#\/schema\/logo\/image\/\"},\"sameAs\":[\"https:\/\/www.facebook.com\/Graphite-Electrode-109336238661595\",\"https:\/\/x.com\/jinsuncarbon_\",\"https:\/\/www.linkedin.com\/in\/jinsungraphite\",\"https:\/\/www.youtube.com\/channel\/UCysDNyvyR5-3cCWEmpkVC0g\"]}]}<\/script>\n<!-- \/ Yoast SEO Premium plugin. -->","yoast_head_json":{"title":"Asta di grafite ad alta densit\u00e0 | Jinsun Carbon","robots":{"index":"index","follow":"follow","max-snippet":"max-snippet:-1","max-image-preview":"max-image-preview:large","max-video-preview":"max-video-preview:-1"},"canonical":"https:\/\/jinsuncarbon.com\/it\/prodotto\/asta-di-grafite-ad-alta-densita\/","og_locale":"it_IT","og_type":"article","og_title":"High Density Graphite Rod","og_description":"High-density graphite rod is a kind of rod-like material made from high quality graphite raw material by special process. It has the characteristics of high density. Its internal structure is tight, the graphite crystal arrangement is regular.  &nbsp;  High\u00a0density graphite rods are mainly shaped parts in the shape of cylinders or cuboids. Depending on your actual application scenario, they can be machined to the size you require.  &nbsp;","og_url":"https:\/\/jinsuncarbon.com\/it\/prodotto\/asta-di-grafite-ad-alta-densita\/","og_site_name":"Jinsun Carbon","article_publisher":"https:\/\/www.facebook.com\/Graphite-Electrode-109336238661595","article_modified_time":"2024-12-16T10:41:12+00:00","og_image":[{"width":1024,"height":763,"url":"https:\/\/jinsuncarbon.com\/wp-content\/uploads\/2024\/12\/High-density-graphite-rod.jpg","type":"image\/jpeg"}],"twitter_card":"summary_large_image","twitter_site":"@jinsuncarbon_","twitter_misc":{"Tempo di lettura stimato":"3 minuti"},"schema":{"@context":"https:\/\/schema.org","@graph":[{"@type":"WebPage","@id":"https:\/\/jinsuncarbon.com\/product\/high-density-graphite-rod\/","url":"https:\/\/jinsuncarbon.com\/product\/high-density-graphite-rod\/","name":"Asta di grafite ad alta densit\u00e0 | Jinsun Carbon","isPartOf":{"@id":"https:\/\/jinsuncarbon.com\/#website"},"primaryImageOfPage":{"@id":"https:\/\/jinsuncarbon.com\/product\/high-density-graphite-rod\/#primaryimage"},"image":{"@id":"https:\/\/jinsuncarbon.com\/product\/high-density-graphite-rod\/#primaryimage"},"thumbnailUrl":"https:\/\/jinsuncarbon.com\/wp-content\/uploads\/2024\/12\/High-density-graphite-rod.jpg","datePublished":"2024-12-16T10:41:11+00:00","dateModified":"2024-12-16T10:41:12+00:00","breadcrumb":{"@id":"https:\/\/jinsuncarbon.com\/product\/high-density-graphite-rod\/#breadcrumb"},"inLanguage":"it-IT","potentialAction":[{"@type":"ReadAction","target":["https:\/\/jinsuncarbon.com\/product\/high-density-graphite-rod\/"]}]},{"@type":"ImageObject","inLanguage":"it-IT","@id":"https:\/\/jinsuncarbon.com\/product\/high-density-graphite-rod\/#primaryimage","url":"https:\/\/jinsuncarbon.com\/wp-content\/uploads\/2024\/12\/High-density-graphite-rod.jpg","contentUrl":"https:\/\/jinsuncarbon.com\/wp-content\/uploads\/2024\/12\/High-density-graphite-rod.jpg","width":1024,"height":763,"caption":"High density graphite rod"},{"@type":"BreadcrumbList","@id":"https:\/\/jinsuncarbon.com\/product\/high-density-graphite-rod\/#breadcrumb","itemListElement":[{"@type":"ListItem","position":1,"name":"Home","item":"https:\/\/jinsuncarbon.com\/"},{"@type":"ListItem","position":2,"name":"Products","item":"https:\/\/jinsuncarbon.com\/graphite-carbon\/"},{"@type":"ListItem","position":3,"name":"High Density Graphite Rod"}]},{"@type":"WebSite","@id":"https:\/\/jinsuncarbon.com\/#website","url":"https:\/\/jinsuncarbon.com\/","name":"Jinsun Carbon","description":"Siamo il produttore di elettrodi di grafite di successo in Cina","publisher":{"@id":"https:\/\/jinsuncarbon.com\/#organization"},"potentialAction":[{"@type":"SearchAction","target":{"@type":"EntryPoint","urlTemplate":"https:\/\/jinsuncarbon.com\/?s={search_term_string}"},"query-input":{"@type":"PropertyValueSpecification","valueRequired":true,"valueName":"search_term_string"}}],"inLanguage":"it-IT"},{"@type":"Organization","@id":"https:\/\/jinsuncarbon.com\/#organization","name":"Jinsun Carbon","alternateName":"Jinsun Carbon","url":"https:\/\/jinsuncarbon.com\/","logo":{"@type":"ImageObject","inLanguage":"it-IT","@id":"https:\/\/jinsuncarbon.com\/#\/schema\/logo\/image\/","url":"https:\/\/jinsuncarbon.com\/wp-content\/uploads\/2022\/12\/LOGO-1.png","contentUrl":"https:\/\/jinsuncarbon.com\/wp-content\/uploads\/2022\/12\/LOGO-1.png","width":207,"height":80,"caption":"Jinsun Carbon"},"image":{"@id":"https:\/\/jinsuncarbon.com\/#\/schema\/logo\/image\/"},"sameAs":["https:\/\/www.facebook.com\/Graphite-Electrode-109336238661595","https:\/\/x.com\/jinsuncarbon_","https:\/\/www.linkedin.com\/in\/jinsungraphite","https:\/\/www.youtube.com\/channel\/UCysDNyvyR5-3cCWEmpkVC0g"]}]}},"_links":{"self":[{"href":"https:\/\/jinsuncarbon.com\/it\/wp-json\/wp\/v2\/product\/7035","targetHints":{"allow":["GET"]}}],"collection":[{"href":"https:\/\/jinsuncarbon.com\/it\/wp-json\/wp\/v2\/product"}],"about":[{"href":"https:\/\/jinsuncarbon.com\/it\/wp-json\/wp\/v2\/types\/product"}],"wp:featuredmedia":[{"embeddable":true,"href":"https:\/\/jinsuncarbon.com\/it\/wp-json\/wp\/v2\/media\/7036"}],"wp:attachment":[{"href":"https:\/\/jinsuncarbon.com\/it\/wp-json\/wp\/v2\/media?parent=7035"}],"wp:term":[{"taxonomy":"product_brand","embeddable":true,"href":"https:\/\/jinsuncarbon.com\/it\/wp-json\/wp\/v2\/product_brand?post=7035"},{"taxonomy":"product_cat","embeddable":true,"href":"https:\/\/jinsuncarbon.com\/it\/wp-json\/wp\/v2\/product_cat?post=7035"},{"taxonomy":"product_tag","embeddable":true,"href":"https:\/\/jinsuncarbon.com\/it\/wp-json\/wp\/v2\/product_tag?post=7035"}],"curies":[{"name":"wp","href":"https:\/\/api.w.org\/{rel}","templated":true}]}}