{"id":7030,"date":"2024-12-14T10:28:54","date_gmt":"2024-12-14T10:28:54","guid":{"rendered":"https:\/\/jinsuncarbon.com\/?post_type=product&#038;p=7030"},"modified":"2024-12-14T10:28:54","modified_gmt":"2024-12-14T10:28:54","slug":"cuscinetti-in-grafite","status":"publish","type":"product","link":"https:\/\/jinsuncarbon.com\/it\/prodotto\/cuscinetti-in-grafite\/","title":{"rendered":"Cuscinetti in grafite"},"content":{"rendered":"<p class=\"ql-align-justify\">I cuscinetti in grafite sono principalmente componenti di precisione a forma di anelli o manicotti. A seconda delle condizioni reali, possono essere personalizzati per soddisfare le vostre esigenze di assemblaggio. Se desiderate saperne di pi\u00f9 sul coefficiente di attrito e sulla capacit\u00e0 dei cuscinetti, vi forniremo le risposte adeguate e forniremo una consulenza tecnica professionale.<\/p>\n<h2>Tipi di cuscinetti in grafite<\/h2>\n<p class=\"ql-align-justify\"><strong>Classificati dal punto di vista della composizione dei materiali:<\/strong><\/p>\n<p class=\"ql-align-justify\"><strong>Cuscinetti al carbonio ordinari<\/strong><\/p>\n<p class=\"ql-align-justify\">Il suo contenuto di carbonio pu\u00f2 soddisfare le applicazioni industriali generali, il costo \u00e8 relativamente basso. Inoltre, \u00e8 adatto alle apparecchiature convenzionali che non hanno requisiti particolarmente elevati in termini di prestazioni dei cuscinetti.<\/p>\n<p class=\"ql-align-justify\">\n<p class=\"ql-align-justify\"><strong>Cuscinetti in carbonio-grafite di elevata purezza<\/strong><\/p>\n<p class=\"ql-align-justify\">Con un contenuto di carbonio pi\u00f9 elevato, una struttura cristallina della grafite pi\u00f9 regolare e prestazioni migliori. Viene spesso utilizzata in macchinari di precisione con requisiti di precisione e stabilit\u00e0 pi\u00f9 elevati.<\/p>\n<p class=\"ql-align-justify\">\n<p class=\"ql-align-justify\"><strong>Cuscinetti in bronzo e grafite<\/strong><\/p>\n<p class=\"ql-align-justify\">Combina l'elevata resistenza del bronzo e le caratteristiche di lubrificazione della grafite, con una buona capacit\u00e0 di carico e resistenza all'usura. Pu\u00f2 essere ampiamente utilizzato nelle apparecchiature industriali per impieghi gravosi che richiedono determinate propriet\u00e0 di lubrificazione.<\/p>\n<p class=\"ql-align-justify\">\n<p class=\"ql-align-justify\"><strong>Dalla forma strutturale:<\/strong><\/p>\n<p><strong><b>Boccole impregnate di grafite<\/b><\/strong><\/p>\n<p>Ha il vantaggio unico di essere compatto e durevole e di resistere efficacemente all'usura e alla corrosione. Il processo di impregnazione della grafite gli conferisce eccellenti propriet\u00e0 autolubrificanti e una buona stabilit\u00e0 chimica, consentendogli di funzionare in modo stabile anche in condizioni difficili.<\/p>\n<p class=\"ql-align-justify\">\n<p class=\"ql-align-justify\"><strong>Cuscinetto a sfere in grafite<\/strong><\/p>\n<p class=\"ql-align-justify\">Utilizza sfere di grafite come corpo di rotolamento, con caratteristiche di basso attrito e alta precisione. \u00c8 adatto ai requisiti di rotazione ad alta velocit\u00e0 e di elevata flessibilit\u00e0 di rotazione delle apparecchiature.<\/p>\n<p class=\"ql-align-justify\">\n<p class=\"ql-align-justify\"><strong>Cuscinetti ad aria in grafite<\/strong><\/p>\n<p class=\"ql-align-justify\">Grazie alla combinazione dell'aria come lubrificante e delle propriet\u00e0 autolubrificanti della grafite, i cuscinetti pneumatici in grafite consentono di ottenere un movimento rotatorio ad altissima velocit\u00e0 e precisione. Possono essere utilizzati principalmente in parti rotanti ad alta velocit\u00e0 in settori di alto livello come <a href=\"https:\/\/en.wikipedia.org\/wiki\/Aerospace\" target=\"_blank\" rel=\"noopener\">aerospaziale<\/a>.<\/p>\n<p class=\"ql-align-justify\">\n<h2 class=\"ql-align-justify\">Vantaggi dei cuscinetti in grafite<\/h2>\n<p class=\"ql-align-justify\"><strong>Eccezionali prestazioni autolubrificanti<\/strong><\/p>\n<p class=\"ql-align-justify\">Grazie alla speciale struttura a strati della grafite, a basso coefficiente di attrito, durante il funzionamento dell'apparecchiatura \u00e8 possibile ridurre la perdita di energia. Inoltre, riduce la dipendenza dalla lubrificazione esterna.\u00a0<span data-type=\"2\" data-index=\"3\" data-gid=\"1\">Ad esempio, in alcune condizioni particolari in cui \u00e8 difficile aggiungere olio lubrificante, i cuscinetti in grafite possono ancora funzionare normalmente.<\/span><\/p>\n<p class=\"ql-align-justify\">\n<p class=\"ql-align-justify\"><strong>Buona stabilit\u00e0 termica<\/strong><\/p>\n<p class=\"ql-align-justify\">Pu\u00f2 mantenere stabili le propriet\u00e0 fisiche e chimiche in un determinato ambiente ad alta temperatura. Come nel caso di ferro e <a href=\"https:\/\/www.britannica.com\/technology\/steel\/Primary-steelmaking\" target=\"_blank\" rel=\"noopener\">fusione dell'acciaio<\/a> I cuscinetti realizzati con materiali al carbonio-grafite possono resistere alle alte temperature senza subire deformazioni o danni.<\/p>\n<p class=\"ql-align-justify\">\n<p class=\"ql-align-justify\"><strong>Forte stabilit\u00e0 chimica<\/strong><\/p>\n<p class=\"ql-align-justify\">Ha una forte resistenza a molti mezzi corrosivi. Nelle apparecchiature per la produzione chimica, le boccole in grafite e i cuscinetti con boccole in grafite di carbonio possono prevenire efficacemente la corrosione da parte di acidi e alcali e altre sostanze corrosive, prolungando la durata di servizio.<\/p>\n<p class=\"ql-align-justify\">\n<p class=\"ql-align-justify\"><strong>Conducibilit\u00e0 certa<\/strong><\/p>\n<p class=\"ql-align-justify\">In alcune apparecchiature elettriche specifiche, pu\u00f2 svolgere un ruolo ausiliario di esportazione conduttiva o elettrostatica. Garantire il funzionamento sicuro dell'apparecchiatura, migliorare le prestazioni complessive e l'affidabilit\u00e0 dell'apparecchiatura. Ridurre i costi di manutenzione e i tempi di inattivit\u00e0.<\/p>\n<p class=\"ql-align-justify\">\n<p class=\"ql-align-justify\">\n<h2 class=\"ql-align-justify\">Impieghi dei cuscinetti in grafite<\/h2>\n<p class=\"ql-align-justify\"><strong>Nel campo della lavorazione:<\/strong><\/p>\n<p class=\"ql-align-justify\">Il mandrino della macchina utensile utilizza cuscinetti in grafite, in grado di ridurre attrito e vibrazioni. Migliorano l'accuratezza della lavorazione e la qualit\u00e0 della superficie, riducono l'usura degli utensili, ne prolungano la durata e migliorano l'efficienza della lavorazione.<\/p>\n<p class=\"ql-align-justify\">\n<p class=\"ql-align-justify\"><strong>Nell'industria automobilistica:<\/strong><\/p>\n<p class=\"ql-align-justify\">\u00c8 possibile utilizzare grassi alla grafite per i cuscinetti delle ruote con cuscinetti a manicotto in grafite o cuscinetti in bronzo in grafite, ecc. Pu\u00f2 adattarsi a varie condizioni di lavoro complesse nella guida dei veicoli. Riducono efficacemente l'attrito e l'usura, migliorano l'affidabilit\u00e0 e la durata dei cuscinetti ruota e garantiscono la sicurezza di guida.<\/p>\n<p class=\"ql-align-justify\">\n<p class=\"ql-align-justify\"><strong>Nelle apparecchiature di potenza:<\/strong><\/p>\n<p class=\"ql-align-justify\">La parte del generatore dedicata ai cuscinetti del rotore utilizza cuscinetti di <a href=\"https:\/\/jinsuncarbon.com\/it\/tutto-sulla-grafite-di-carbonio\/\">carbonio-grafite<\/a> materiali per cuscinetti. La sua buona conducibilit\u00e0 elettrica e termica favorisce la dissipazione del calore e il funzionamento stabile del motore, migliorando l'efficienza della generazione di energia e l'affidabilit\u00e0 dell'apparecchiatura.<\/p>\n<p class=\"ql-align-justify\">\n<p class=\"ql-align-justify\"><strong>Nella produzione chimica:<\/strong><\/p>\n<p class=\"ql-align-justify\">I cuscinetti di tutti i tipi di pompe, miscelatori e altre apparecchiature utilizzano <a href=\"https:\/\/jinsuncarbon.com\/it\/prodotto\/boccole-in-grafite\/\">boccola in grafite<\/a> o cuscinetti con boccole in carbonio-grafite. Possono resistere all'erosione dei mezzi corrosivi e garantire il funzionamento stabile a lungo termine delle apparecchiature. Riducono la frequenza di manutenzione e sostituzione delle apparecchiature e riducono i costi di produzione.<\/p>\n<p class=\"ql-align-justify\">\n<p class=\"ql-align-justify\"><strong>Nel settore aerospaziale:<\/strong><\/p>\n<p class=\"ql-align-justify\">I cuscinetti d'aria in grafite possono essere utilizzati in parti rotanti ad alta velocit\u00e0 e ad alta precisione, come i meccanismi di regolazione dell'assetto dei satelliti. Questo soddisfa i loro severi requisiti di basso attrito, alta affidabilit\u00e0 e lunga durata. Assicurano un funzionamento accurato e stabile dei satelliti nello spazio e completano vari compiti.<\/p>\n<p class=\"ql-align-justify\">\n<p class=\"ql-align-justify\"><strong>In alcuni settori della strumentazione di precisione, delle apparecchiature mediche e di altri campi:<\/strong><\/p>\n<p class=\"ql-align-justify\">Anche i cuscinetti a sfera in grafite e i cuscinetti a staffa in grafite svolgono un ruolo fondamentale, fornendo un supporto stabile e affidabile per il movimento di precisione delle apparecchiature. Garantiscono l'accuratezza e le prestazioni dello strumento. Soddisfano la domanda di apparecchiature di alta precisione nella ricerca scientifica, in campo medico e in altri settori.<\/p>","protected":false},"excerpt":{"rendered":"<p class=\"ql-align-justify\">\n<p class=\"ql-align-justify\">I cuscinetti in grafite sono componenti di cuscinetti realizzati in grafite come materiale principale. Si comportano bene in molti scenari industriali, sono in grado di soddisfare i requisiti prestazionali di vari tipi di apparecchiature per i componenti di supporto rotanti, forniscono una garanzia affidabile per il funzionamento regolare ed efficiente delle apparecchiature. \u00c8 una delle parti fondamentali del moderno sistema industriale.<\/p>","protected":false},"featured_media":7031,"template":"","meta":[],"product_brand":[],"product_cat":[38],"product_tag":[],"class_list":{"0":"post-7030","1":"product","2":"type-product","3":"status-publish","4":"has-post-thumbnail","6":"product_cat-graphite-products","8":"first","9":"instock","10":"shipping-taxable","11":"product-type-simple"},"yoast_head":"<!-- This site is optimized with the Yoast SEO Premium plugin v19.2.1 (Yoast SEO v25.3) - https:\/\/yoast.com\/wordpress\/plugins\/seo\/ -->\n<title>Graphite Bearings | Jinsun Carbon<\/title>\n<meta name=\"description\" content=\"Graphite bearings and bushings\u200b manufacturer in China. We supply different types of carbon graphite bearing material at best price.\" \/>\n<meta name=\"robots\" content=\"index, follow, max-snippet:-1, max-image-preview:large, max-video-preview:-1\" \/>\n<link rel=\"canonical\" href=\"https:\/\/jinsuncarbon.com\/it\/prodotto\/cuscinetti-in-grafite\/\" \/>\n<meta property=\"og:locale\" content=\"it_IT\" \/>\n<meta property=\"og:type\" content=\"article\" \/>\n<meta property=\"og:title\" content=\"Graphite Bearings\" \/>\n<meta property=\"og:description\" content=\"Graphite bearings and bushings\u200b manufacturer in China. We supply different types of carbon graphite bearing material at best price.\" \/>\n<meta property=\"og:url\" content=\"https:\/\/jinsuncarbon.com\/it\/prodotto\/cuscinetti-in-grafite\/\" \/>\n<meta property=\"og:site_name\" content=\"Jinsun Carbon\" \/>\n<meta property=\"article:publisher\" content=\"https:\/\/www.facebook.com\/Graphite-Electrode-109336238661595\" \/>\n<meta property=\"og:image\" content=\"https:\/\/jinsuncarbon.com\/wp-content\/uploads\/2024\/12\/graphite-bearings.jpg\" \/>\n\t<meta property=\"og:image:width\" content=\"1024\" \/>\n\t<meta property=\"og:image:height\" content=\"763\" \/>\n\t<meta property=\"og:image:type\" content=\"image\/jpeg\" \/>\n<meta name=\"twitter:card\" content=\"summary_large_image\" \/>\n<meta name=\"twitter:site\" content=\"@jinsuncarbon_\" \/>\n<meta name=\"twitter:label1\" content=\"Tempo di lettura stimato\" \/>\n\t<meta name=\"twitter:data1\" content=\"4 minuti\" \/>\n<script type=\"application\/ld+json\" class=\"yoast-schema-graph\">{\"@context\":\"https:\/\/schema.org\",\"@graph\":[{\"@type\":\"WebPage\",\"@id\":\"https:\/\/jinsuncarbon.com\/product\/graphite-bearings\/\",\"url\":\"https:\/\/jinsuncarbon.com\/product\/graphite-bearings\/\",\"name\":\"Graphite Bearings | Jinsun Carbon\",\"isPartOf\":{\"@id\":\"https:\/\/jinsuncarbon.com\/#website\"},\"primaryImageOfPage\":{\"@id\":\"https:\/\/jinsuncarbon.com\/product\/graphite-bearings\/#primaryimage\"},\"image\":{\"@id\":\"https:\/\/jinsuncarbon.com\/product\/graphite-bearings\/#primaryimage\"},\"thumbnailUrl\":\"https:\/\/jinsuncarbon.com\/wp-content\/uploads\/2024\/12\/graphite-bearings.jpg\",\"datePublished\":\"2024-12-14T10:28:54+00:00\",\"description\":\"Graphite bearings and bushings\u200b manufacturer in China. We supply different types of carbon graphite bearing material at best price.\",\"breadcrumb\":{\"@id\":\"https:\/\/jinsuncarbon.com\/product\/graphite-bearings\/#breadcrumb\"},\"inLanguage\":\"it-IT\",\"potentialAction\":[{\"@type\":\"ReadAction\",\"target\":[\"https:\/\/jinsuncarbon.com\/product\/graphite-bearings\/\"]}]},{\"@type\":\"ImageObject\",\"inLanguage\":\"it-IT\",\"@id\":\"https:\/\/jinsuncarbon.com\/product\/graphite-bearings\/#primaryimage\",\"url\":\"https:\/\/jinsuncarbon.com\/wp-content\/uploads\/2024\/12\/graphite-bearings.jpg\",\"contentUrl\":\"https:\/\/jinsuncarbon.com\/wp-content\/uploads\/2024\/12\/graphite-bearings.jpg\",\"width\":1024,\"height\":763,\"caption\":\"graphite bearings\"},{\"@type\":\"BreadcrumbList\",\"@id\":\"https:\/\/jinsuncarbon.com\/product\/graphite-bearings\/#breadcrumb\",\"itemListElement\":[{\"@type\":\"ListItem\",\"position\":1,\"name\":\"Home\",\"item\":\"https:\/\/jinsuncarbon.com\/\"},{\"@type\":\"ListItem\",\"position\":2,\"name\":\"Products\",\"item\":\"https:\/\/jinsuncarbon.com\/graphite-carbon\/\"},{\"@type\":\"ListItem\",\"position\":3,\"name\":\"Graphite Bearings\"}]},{\"@type\":\"WebSite\",\"@id\":\"https:\/\/jinsuncarbon.com\/#website\",\"url\":\"https:\/\/jinsuncarbon.com\/\",\"name\":\"Jinsun Carbon\",\"description\":\"We are the successful graphite electrode manufacturer in China\",\"publisher\":{\"@id\":\"https:\/\/jinsuncarbon.com\/#organization\"},\"potentialAction\":[{\"@type\":\"SearchAction\",\"target\":{\"@type\":\"EntryPoint\",\"urlTemplate\":\"https:\/\/jinsuncarbon.com\/?s={search_term_string}\"},\"query-input\":{\"@type\":\"PropertyValueSpecification\",\"valueRequired\":true,\"valueName\":\"search_term_string\"}}],\"inLanguage\":\"it-IT\"},{\"@type\":\"Organization\",\"@id\":\"https:\/\/jinsuncarbon.com\/#organization\",\"name\":\"Jinsun Carbon\",\"alternateName\":\"Jinsun Carbon\",\"url\":\"https:\/\/jinsuncarbon.com\/\",\"logo\":{\"@type\":\"ImageObject\",\"inLanguage\":\"it-IT\",\"@id\":\"https:\/\/jinsuncarbon.com\/#\/schema\/logo\/image\/\",\"url\":\"https:\/\/jinsuncarbon.com\/wp-content\/uploads\/2022\/12\/LOGO-1.png\",\"contentUrl\":\"https:\/\/jinsuncarbon.com\/wp-content\/uploads\/2022\/12\/LOGO-1.png\",\"width\":207,\"height\":80,\"caption\":\"Jinsun Carbon\"},\"image\":{\"@id\":\"https:\/\/jinsuncarbon.com\/#\/schema\/logo\/image\/\"},\"sameAs\":[\"https:\/\/www.facebook.com\/Graphite-Electrode-109336238661595\",\"https:\/\/x.com\/jinsuncarbon_\",\"https:\/\/www.linkedin.com\/in\/jinsungraphite\",\"https:\/\/www.youtube.com\/channel\/UCysDNyvyR5-3cCWEmpkVC0g\"]}]}<\/script>\n<!-- \/ Yoast SEO Premium plugin. -->","yoast_head_json":{"title":"Cuscinetti in grafite | Jinsun Carbon","description":"Produttori di cuscinetti e boccole in grafite in Cina. Forniamo diversi tipi di cuscinetti in grafite al carbonio al miglior prezzo.","robots":{"index":"index","follow":"follow","max-snippet":"max-snippet:-1","max-image-preview":"max-image-preview:large","max-video-preview":"max-video-preview:-1"},"canonical":"https:\/\/jinsuncarbon.com\/it\/prodotto\/cuscinetti-in-grafite\/","og_locale":"it_IT","og_type":"article","og_title":"Graphite Bearings","og_description":"Graphite bearings and bushings\u200b manufacturer in China. We supply different types of carbon graphite bearing material at best price.","og_url":"https:\/\/jinsuncarbon.com\/it\/prodotto\/cuscinetti-in-grafite\/","og_site_name":"Jinsun Carbon","article_publisher":"https:\/\/www.facebook.com\/Graphite-Electrode-109336238661595","og_image":[{"width":1024,"height":763,"url":"https:\/\/jinsuncarbon.com\/wp-content\/uploads\/2024\/12\/graphite-bearings.jpg","type":"image\/jpeg"}],"twitter_card":"summary_large_image","twitter_site":"@jinsuncarbon_","twitter_misc":{"Tempo di lettura stimato":"4 minuti"},"schema":{"@context":"https:\/\/schema.org","@graph":[{"@type":"WebPage","@id":"https:\/\/jinsuncarbon.com\/product\/graphite-bearings\/","url":"https:\/\/jinsuncarbon.com\/product\/graphite-bearings\/","name":"Cuscinetti in grafite | Jinsun Carbon","isPartOf":{"@id":"https:\/\/jinsuncarbon.com\/#website"},"primaryImageOfPage":{"@id":"https:\/\/jinsuncarbon.com\/product\/graphite-bearings\/#primaryimage"},"image":{"@id":"https:\/\/jinsuncarbon.com\/product\/graphite-bearings\/#primaryimage"},"thumbnailUrl":"https:\/\/jinsuncarbon.com\/wp-content\/uploads\/2024\/12\/graphite-bearings.jpg","datePublished":"2024-12-14T10:28:54+00:00","description":"Produttori di cuscinetti e boccole in grafite in Cina. Forniamo diversi tipi di cuscinetti in grafite al carbonio al miglior prezzo.","breadcrumb":{"@id":"https:\/\/jinsuncarbon.com\/product\/graphite-bearings\/#breadcrumb"},"inLanguage":"it-IT","potentialAction":[{"@type":"ReadAction","target":["https:\/\/jinsuncarbon.com\/product\/graphite-bearings\/"]}]},{"@type":"ImageObject","inLanguage":"it-IT","@id":"https:\/\/jinsuncarbon.com\/product\/graphite-bearings\/#primaryimage","url":"https:\/\/jinsuncarbon.com\/wp-content\/uploads\/2024\/12\/graphite-bearings.jpg","contentUrl":"https:\/\/jinsuncarbon.com\/wp-content\/uploads\/2024\/12\/graphite-bearings.jpg","width":1024,"height":763,"caption":"graphite bearings"},{"@type":"BreadcrumbList","@id":"https:\/\/jinsuncarbon.com\/product\/graphite-bearings\/#breadcrumb","itemListElement":[{"@type":"ListItem","position":1,"name":"Home","item":"https:\/\/jinsuncarbon.com\/"},{"@type":"ListItem","position":2,"name":"Products","item":"https:\/\/jinsuncarbon.com\/graphite-carbon\/"},{"@type":"ListItem","position":3,"name":"Graphite Bearings"}]},{"@type":"WebSite","@id":"https:\/\/jinsuncarbon.com\/#website","url":"https:\/\/jinsuncarbon.com\/","name":"Jinsun Carbon","description":"Siamo il produttore di elettrodi di grafite di successo in Cina","publisher":{"@id":"https:\/\/jinsuncarbon.com\/#organization"},"potentialAction":[{"@type":"SearchAction","target":{"@type":"EntryPoint","urlTemplate":"https:\/\/jinsuncarbon.com\/?s={search_term_string}"},"query-input":{"@type":"PropertyValueSpecification","valueRequired":true,"valueName":"search_term_string"}}],"inLanguage":"it-IT"},{"@type":"Organization","@id":"https:\/\/jinsuncarbon.com\/#organization","name":"Jinsun Carbon","alternateName":"Jinsun Carbon","url":"https:\/\/jinsuncarbon.com\/","logo":{"@type":"ImageObject","inLanguage":"it-IT","@id":"https:\/\/jinsuncarbon.com\/#\/schema\/logo\/image\/","url":"https:\/\/jinsuncarbon.com\/wp-content\/uploads\/2022\/12\/LOGO-1.png","contentUrl":"https:\/\/jinsuncarbon.com\/wp-content\/uploads\/2022\/12\/LOGO-1.png","width":207,"height":80,"caption":"Jinsun Carbon"},"image":{"@id":"https:\/\/jinsuncarbon.com\/#\/schema\/logo\/image\/"},"sameAs":["https:\/\/www.facebook.com\/Graphite-Electrode-109336238661595","https:\/\/x.com\/jinsuncarbon_","https:\/\/www.linkedin.com\/in\/jinsungraphite","https:\/\/www.youtube.com\/channel\/UCysDNyvyR5-3cCWEmpkVC0g"]}]}},"_links":{"self":[{"href":"https:\/\/jinsuncarbon.com\/it\/wp-json\/wp\/v2\/product\/7030","targetHints":{"allow":["GET"]}}],"collection":[{"href":"https:\/\/jinsuncarbon.com\/it\/wp-json\/wp\/v2\/product"}],"about":[{"href":"https:\/\/jinsuncarbon.com\/it\/wp-json\/wp\/v2\/types\/product"}],"wp:featuredmedia":[{"embeddable":true,"href":"https:\/\/jinsuncarbon.com\/it\/wp-json\/wp\/v2\/media\/7031"}],"wp:attachment":[{"href":"https:\/\/jinsuncarbon.com\/it\/wp-json\/wp\/v2\/media?parent=7030"}],"wp:term":[{"taxonomy":"product_brand","embeddable":true,"href":"https:\/\/jinsuncarbon.com\/it\/wp-json\/wp\/v2\/product_brand?post=7030"},{"taxonomy":"product_cat","embeddable":true,"href":"https:\/\/jinsuncarbon.com\/it\/wp-json\/wp\/v2\/product_cat?post=7030"},{"taxonomy":"product_tag","embeddable":true,"href":"https:\/\/jinsuncarbon.com\/it\/wp-json\/wp\/v2\/product_tag?post=7030"}],"curies":[{"name":"wp","href":"https:\/\/api.w.org\/{rel}","templated":true}]}}