{"id":7015,"date":"2024-12-13T11:06:31","date_gmt":"2024-12-13T11:06:31","guid":{"rendered":"https:\/\/jinsuncarbon.com\/?post_type=product&#038;p=7015"},"modified":"2024-12-13T11:16:06","modified_gmt":"2024-12-13T11:16:06","slug":"foglio-in-fibra-di-carbonio","status":"publish","type":"product","link":"https:\/\/jinsuncarbon.com\/it\/prodotto\/foglio-in-fibra-di-carbonio\/","title":{"rendered":"Foglio in fibra di carbonio"},"content":{"rendered":"<h2>Propriet\u00e0 delle lastre in fibra di carbonio<\/h2>\n<p>&nbsp;<\/p>\n<p>Il foglio di fibra di carbonio \u00e8 solitamente piatto, in rotoli e in altre forme. Presenta molti vantaggi.<\/p>\n<p>&nbsp;<\/p>\n<p>Eccellente resistenza e rigidit\u00e0, elevata resistenza alla trazione. Pu\u00f2 sopportare grandi forze esterne e non \u00e8 facile da deformare.<\/p>\n<p>&nbsp;<\/p>\n<p>Basso coefficiente di espansione termica. Ha una buona stabilit\u00e0 dimensionale in condizioni di cambiamento di temperatura, e pu\u00f2 essere utilizzato normalmente in un ampio intervallo di temperature.<\/p>\n<p>&nbsp;<\/p>\n<p>Eccellente stabilit\u00e0 chimica. Buona tolleranza alla maggior parte delle sostanze chimiche.<\/p>\n<p>&nbsp;<\/p>\n<p>Buona conducibilit\u00e0 elettrica. Per questo motivo ha un potenziale valore applicativo in alcuni settori elettronici ed elettrici.<\/p>\n<p>&nbsp;<\/p>\n<p>Bassa densit\u00e0 e leggerezza. Le lastre in fibra di grafite presentano evidenti vantaggi negli scenari applicativi in cui \u00e8 richiesto un peso contenuto, come nel settore aerospaziale e automobilistico.<\/p>\n<p>&nbsp;<\/p>\n<p>La superficie \u00e8 liscia e la qualit\u00e0 dell'aspetto \u00e8 elevata. \u00c8 possibile utilizzarlo per realizzare parti estetiche.<\/p>\n<p>&nbsp;<\/p>\n<p>Inoltre, dopo la combinazione di fogli di fibra di carbonio e resina, le prestazioni globali del materiale possono essere ulteriormente migliorate. Ad esempio, il materiale composito composto da foglio di fibra di carbonio e <a href=\"https:\/\/en.wikipedia.org\/wiki\/Resin\" target=\"_blank\" rel=\"noopener\">resina<\/a>e la sua resistenza \u00e8 migliorata.<\/p>\n<p>&nbsp;<\/p>\n<p>In termini di propriet\u00e0 meccaniche, le piastre in fibra di carbonio possono migliorare efficacemente la capacit\u00e0 portante della struttura sfruttando le sue caratteristiche di elevata resistenza. Ridurre il peso della struttura e migliorare l'efficienza energetica dell'apparecchiatura.<\/p>\n<p>&nbsp;<\/p>\n<p>&nbsp;<\/p>\n<h2>Specifiche delle lastre in fibra di carbonio<\/h2>\n<table>\n<tbody>\n<tr>\n<td width=\"113\">Base di classificazione<\/td>\n<td width=\"148\">Dettagli<\/td>\n<td width=\"164\">Fascia di prezzo delle lastre in fibra di carbonio<\/td>\n<\/tr>\n<tr>\n<td width=\"113\">Spessore del foglio di fibra di carbonio<\/td>\n<td width=\"148\">1 mm<\/p>\n<p>2 mm<\/p>\n<p>3 mm<\/p>\n<p>4 mm<\/p>\n<p>5 mm<\/td>\n<td width=\"164\">Maggiore \u00e8 lo spessore, pi\u00f9 alto \u00e8 il prezzo.<\/p>\n<p>Generalmente il foglio di fibra di carbonio da 1 mm per metro quadro ha un prezzo di 14-28 USD, mentre quello da 5 mm per metro quadro pu\u00f2 raggiungere i 115-215 USD.<\/td>\n<\/tr>\n<tr>\n<td width=\"113\">Dimensione<\/td>\n<td width=\"148\">Foglio in fibra di carbonio 4\u00d78<\/p>\n<p>&nbsp;<\/p>\n<p>E altre dimensioni comuni, cos\u00ec come altre dimensioni personalizzate di fogli in fibra di carbonio per soddisfare le esigenze di dimensione di diversi progetti e prodotti.<\/td>\n<td width=\"164\">Il prezzo delle dimensioni convenzionali \u00e8 relativamente stabile. E il prezzo della dimensione personalizzata fluttuer\u00e0 20%-50% sulla base della dimensione convenzionale a causa della particolarit\u00e0 della dimensione e della difficolt\u00e0 di produzione. Ad esempio, il foglio di fibra di carbonio 4\u00d78 costa 43-86 USD al metro quadro.<\/td>\n<\/tr>\n<tr>\n<td width=\"113\">Processo<\/td>\n<td width=\"148\">Fogli di fibra di carbonio ordinari<\/p>\n<p>&nbsp;<\/p>\n<p>Fogli di fibra di carbonio forgiati<\/td>\n<td width=\"164\">A causa della complessit\u00e0 del processo, il prezzo delle lastre in fibra di carbonio forgiate \u00e8 da 3 a 5 volte superiore a quello delle lastre in fibra di carbonio ordinarie.<\/p>\n<p>L'ordinario 58-115 USD per metro quadro, la forgiatura per metro quadro pu\u00f2 raggiungere 215-570 USD.<\/td>\n<\/tr>\n<tr>\n<td width=\"113\">Forma<\/td>\n<td width=\"148\">Piastra piatta in fibra di carbonio<\/p>\n<p>&nbsp;<\/p>\n<p>Rotoli di fogli in fibra di carbonio<\/td>\n<td width=\"164\">La differenza di prezzo tra piastra e rotolo non \u00e8 grande, dipende principalmente dalla superficie e dallo spessore.<\/p>\n<p>Come le stesse specifiche sotto la forma di piastra 215-143 USD per metro quadrato, rotolo fluttua anche in questo intervallo<\/td>\n<\/tr>\n<\/tbody>\n<\/table>\n<p>&nbsp;<\/p>\n<p>&nbsp;<\/p>\n<h2>Utilizzi delle lastre in fibra di carbonio<\/h2>\n<p><strong>Elettronica e campo elettrico:<\/strong><\/p>\n<p>Dissipazione del calore. Quando le apparecchiature elettroniche funzionano, producono calore. Alcune lastre in fibra di carbonio <a href=\"https:\/\/jinsuncarbon.com\/it\/prodotto\/fibra-di-carbonio\/\">materiale<\/a> ha una certa conducibilit\u00e0 termica, che pu\u00f2 favorire la dissipazione del calore e mantenere le prestazioni e la stabilit\u00e0 dell'apparecchiatura.<\/p>\n<p>&nbsp;<\/p>\n<p><strong><b>Settore automobilistico: <\/b><\/strong><\/p>\n<p>L'uso delle lastre in fibra di carbonio per auto nella produzione automobilistica trova sempre pi\u00f9 applicazioni. \u00c8 possibile utilizzarle per l'involucro della carrozzeria, per ridurre il peso della carrozzeria, per ridurre la <a href=\"https:\/\/en.wikipedia.org\/wiki\/Fuel_(band)\" target=\"_blank\" rel=\"noopener\">carburante<\/a> consumo. E migliora l'accelerazione e il controllo del veicolo. \u00c8 anche possibile utilizzarlo come accessorio per l'interno dell'auto.<\/p>\n<p>&nbsp;<\/p>\n<p><strong><b>Settore aerospaziale: <\/b><\/strong><\/p>\n<p>Grazie alle caratteristiche di leggerezza ed elevata resistenza di <a href=\"https:\/\/jinsuncarbon.com\/it\/prodotto\/carbonio-composito\/\">carbone<\/a> \u00e8 un materiale ideale per la produzione di ali, fusoliere e altri elementi strutturali.<\/p>\n<p>&nbsp;<\/p>\n<p><strong><b>Settore architettonico: <\/b><\/strong><\/p>\n<p>Come materiale di rinforzo per l'edilizia, \u00e8 possibile utilizzare lastre e fogli in fibra di carbonio per rafforzare le strutture in calcestruzzo. Si possono utilizzare anche per la decorazione architettonica.<\/p>\n<p>&nbsp;<\/p>\n<p><strong><b>Settore degli articoli sportivi: <\/b><\/strong><\/p>\n<p>Utilizzato per produrre attrezzature sportive di alto livello, come mazze da golf, racchette da tennis, telai di biciclette, ecc. Migliorare le prestazioni delle attrezzature sportive, per offrire agli atleti una migliore esperienza sportiva.<\/p>\n<p>&nbsp;<\/p>\n<p><strong><b>Campo energetico: <\/b><\/strong><\/p>\n<p>In alcune nuove apparecchiature energetiche, \u00e8 possibile utilizzare fogli di fibra di carbonio per realizzare pale di turbine eoliche e altri componenti. La sua elevata forza e resistenza alla fatica migliorano la durata di vita e l'efficienza di generazione di energia delle pale.<\/p>\n<p>&nbsp;<\/p>\n<p><strong><b>Industria meccanica: <\/b><\/strong><\/p>\n<p>Come materiale per la struttura meccanica, il materiale in fibra di carbonio pu\u00f2 realizzare una variet\u00e0 di parti meccaniche di alta precisione, come bracci meccanici, stampi, ecc.<\/p>\n<p>&nbsp;<\/p>\n<p>Inoltre, nel processo di lavorazione, \u00e8 molto importante capire come tagliare la lastra in fibra di carbonio per ottenere pezzi di dimensioni e forme adeguate; diversi metodi di taglio possono soddisfare diversi requisiti di precisione ed efficienza produttiva.<\/p>\n<p>&nbsp;<\/p>","protected":false},"excerpt":{"rendered":"<p>Il foglio di fibra di carbonio, noto anche come foglio di carbonio o foglio di carbonio, \u00e8 un materiale costituito da fibra di carbonio come materia prima principale. Comprende fogli in fibra di carbonio, pannelli in fibra di carbonio, fogli in plastica rinforzata con fibra di carbonio, laminati in carbonio, lastre in fibra di carbonio e altre forme.<\/p>\n<p>&nbsp;<\/p>\n<p>E il mercato delle vendite di fogli di fibra di carbonio \u00e8 anche pi\u00f9 attivo, possiamo fornire una variet\u00e0 di specifiche per i consumatori a scegliere.<\/p>","protected":false},"featured_media":7017,"template":"","meta":[],"product_brand":[],"product_cat":[39],"product_tag":[],"class_list":{"0":"post-7015","1":"product","2":"type-product","3":"status-publish","4":"has-post-thumbnail","6":"product_cat-carbon-products","8":"first","9":"instock","10":"shipping-taxable","11":"product-type-simple"},"yoast_head":"<!-- This site is optimized with the Yoast SEO Premium plugin v19.2.1 (Yoast SEO v25.3) - https:\/\/yoast.com\/wordpress\/plugins\/seo\/ -->\n<title>Carbon Fiber Sheet Manufacturer in China | Jinsun Carbon<\/title>\n<meta name=\"description\" content=\"Carbon fiber sheet supplier in China. Carbon fiber sheet for sale, With excellent chemical stability, Good electrical conductivity.\" \/>\n<meta name=\"robots\" content=\"index, follow, max-snippet:-1, max-image-preview:large, max-video-preview:-1\" \/>\n<link rel=\"canonical\" href=\"https:\/\/jinsuncarbon.com\/it\/prodotto\/foglio-in-fibra-di-carbonio\/\" \/>\n<meta property=\"og:locale\" content=\"it_IT\" \/>\n<meta property=\"og:type\" content=\"article\" \/>\n<meta property=\"og:title\" content=\"Carbon Fiber Sheet\" \/>\n<meta property=\"og:description\" content=\"Carbon fiber sheet supplier in China. Carbon fiber sheet for sale, With excellent chemical stability, Good electrical conductivity.\" \/>\n<meta property=\"og:url\" content=\"https:\/\/jinsuncarbon.com\/it\/prodotto\/foglio-in-fibra-di-carbonio\/\" \/>\n<meta property=\"og:site_name\" content=\"Jinsun Carbon\" \/>\n<meta property=\"article:publisher\" content=\"https:\/\/www.facebook.com\/Graphite-Electrode-109336238661595\" \/>\n<meta property=\"article:modified_time\" content=\"2024-12-13T11:16:06+00:00\" \/>\n<meta property=\"og:image\" content=\"https:\/\/jinsuncarbon.com\/wp-content\/uploads\/2024\/12\/carbon-fiber-sheet-1.jpg\" \/>\n\t<meta property=\"og:image:width\" content=\"1024\" \/>\n\t<meta property=\"og:image:height\" content=\"763\" \/>\n\t<meta property=\"og:image:type\" content=\"image\/jpeg\" \/>\n<meta name=\"twitter:card\" content=\"summary_large_image\" \/>\n<meta name=\"twitter:site\" content=\"@jinsuncarbon_\" \/>\n<meta name=\"twitter:label1\" content=\"Tempo di lettura stimato\" \/>\n\t<meta name=\"twitter:data1\" content=\"4 minuti\" \/>\n<script type=\"application\/ld+json\" class=\"yoast-schema-graph\">{\"@context\":\"https:\/\/schema.org\",\"@graph\":[{\"@type\":\"WebPage\",\"@id\":\"https:\/\/jinsuncarbon.com\/product\/carbon-fiber-sheet\/\",\"url\":\"https:\/\/jinsuncarbon.com\/product\/carbon-fiber-sheet\/\",\"name\":\"Carbon Fiber Sheet Manufacturer in China | Jinsun Carbon\",\"isPartOf\":{\"@id\":\"https:\/\/jinsuncarbon.com\/#website\"},\"primaryImageOfPage\":{\"@id\":\"https:\/\/jinsuncarbon.com\/product\/carbon-fiber-sheet\/#primaryimage\"},\"image\":{\"@id\":\"https:\/\/jinsuncarbon.com\/product\/carbon-fiber-sheet\/#primaryimage\"},\"thumbnailUrl\":\"https:\/\/jinsuncarbon.com\/wp-content\/uploads\/2024\/12\/carbon-fiber-sheet-1.jpg\",\"datePublished\":\"2024-12-13T11:06:31+00:00\",\"dateModified\":\"2024-12-13T11:16:06+00:00\",\"description\":\"Carbon fiber sheet supplier in China. Carbon fiber sheet for sale, With excellent chemical stability, Good electrical conductivity.\",\"breadcrumb\":{\"@id\":\"https:\/\/jinsuncarbon.com\/product\/carbon-fiber-sheet\/#breadcrumb\"},\"inLanguage\":\"it-IT\",\"potentialAction\":[{\"@type\":\"ReadAction\",\"target\":[\"https:\/\/jinsuncarbon.com\/product\/carbon-fiber-sheet\/\"]}]},{\"@type\":\"ImageObject\",\"inLanguage\":\"it-IT\",\"@id\":\"https:\/\/jinsuncarbon.com\/product\/carbon-fiber-sheet\/#primaryimage\",\"url\":\"https:\/\/jinsuncarbon.com\/wp-content\/uploads\/2024\/12\/carbon-fiber-sheet-1.jpg\",\"contentUrl\":\"https:\/\/jinsuncarbon.com\/wp-content\/uploads\/2024\/12\/carbon-fiber-sheet-1.jpg\",\"width\":1024,\"height\":763,\"caption\":\"carbon fiber sheet\"},{\"@type\":\"BreadcrumbList\",\"@id\":\"https:\/\/jinsuncarbon.com\/product\/carbon-fiber-sheet\/#breadcrumb\",\"itemListElement\":[{\"@type\":\"ListItem\",\"position\":1,\"name\":\"Home\",\"item\":\"https:\/\/jinsuncarbon.com\/\"},{\"@type\":\"ListItem\",\"position\":2,\"name\":\"Products\",\"item\":\"https:\/\/jinsuncarbon.com\/graphite-carbon\/\"},{\"@type\":\"ListItem\",\"position\":3,\"name\":\"Carbon Fiber Sheet\"}]},{\"@type\":\"WebSite\",\"@id\":\"https:\/\/jinsuncarbon.com\/#website\",\"url\":\"https:\/\/jinsuncarbon.com\/\",\"name\":\"Jinsun Carbon\",\"description\":\"We are the successful graphite electrode manufacturer in China\",\"publisher\":{\"@id\":\"https:\/\/jinsuncarbon.com\/#organization\"},\"potentialAction\":[{\"@type\":\"SearchAction\",\"target\":{\"@type\":\"EntryPoint\",\"urlTemplate\":\"https:\/\/jinsuncarbon.com\/?s={search_term_string}\"},\"query-input\":{\"@type\":\"PropertyValueSpecification\",\"valueRequired\":true,\"valueName\":\"search_term_string\"}}],\"inLanguage\":\"it-IT\"},{\"@type\":\"Organization\",\"@id\":\"https:\/\/jinsuncarbon.com\/#organization\",\"name\":\"Jinsun Carbon\",\"alternateName\":\"Jinsun Carbon\",\"url\":\"https:\/\/jinsuncarbon.com\/\",\"logo\":{\"@type\":\"ImageObject\",\"inLanguage\":\"it-IT\",\"@id\":\"https:\/\/jinsuncarbon.com\/#\/schema\/logo\/image\/\",\"url\":\"https:\/\/jinsuncarbon.com\/wp-content\/uploads\/2022\/12\/LOGO-1.png\",\"contentUrl\":\"https:\/\/jinsuncarbon.com\/wp-content\/uploads\/2022\/12\/LOGO-1.png\",\"width\":207,\"height\":80,\"caption\":\"Jinsun Carbon\"},\"image\":{\"@id\":\"https:\/\/jinsuncarbon.com\/#\/schema\/logo\/image\/\"},\"sameAs\":[\"https:\/\/www.facebook.com\/Graphite-Electrode-109336238661595\",\"https:\/\/x.com\/jinsuncarbon_\",\"https:\/\/www.linkedin.com\/in\/jinsungraphite\",\"https:\/\/www.youtube.com\/channel\/UCysDNyvyR5-3cCWEmpkVC0g\"]}]}<\/script>\n<!-- \/ Yoast SEO Premium plugin. -->","yoast_head_json":{"title":"Foglio di fibra di carbonio Fornitore in Cina | Jinsun Carbon","description":"Foglio di fibra di carbonio fornitore in Cina. Foglio di fibra di carbonio in vendita, con eccellente stabilit\u00e0 chimica, buona conducibilit\u00e0 elettrica.","robots":{"index":"index","follow":"follow","max-snippet":"max-snippet:-1","max-image-preview":"max-image-preview:large","max-video-preview":"max-video-preview:-1"},"canonical":"https:\/\/jinsuncarbon.com\/it\/prodotto\/foglio-in-fibra-di-carbonio\/","og_locale":"it_IT","og_type":"article","og_title":"Carbon Fiber Sheet","og_description":"Carbon fiber sheet supplier in China. Carbon fiber sheet for sale, With excellent chemical stability, Good electrical conductivity.","og_url":"https:\/\/jinsuncarbon.com\/it\/prodotto\/foglio-in-fibra-di-carbonio\/","og_site_name":"Jinsun Carbon","article_publisher":"https:\/\/www.facebook.com\/Graphite-Electrode-109336238661595","article_modified_time":"2024-12-13T11:16:06+00:00","og_image":[{"width":1024,"height":763,"url":"https:\/\/jinsuncarbon.com\/wp-content\/uploads\/2024\/12\/carbon-fiber-sheet-1.jpg","type":"image\/jpeg"}],"twitter_card":"summary_large_image","twitter_site":"@jinsuncarbon_","twitter_misc":{"Tempo di lettura stimato":"4 minuti"},"schema":{"@context":"https:\/\/schema.org","@graph":[{"@type":"WebPage","@id":"https:\/\/jinsuncarbon.com\/product\/carbon-fiber-sheet\/","url":"https:\/\/jinsuncarbon.com\/product\/carbon-fiber-sheet\/","name":"Foglio di fibra di carbonio Fornitore in Cina | Jinsun Carbon","isPartOf":{"@id":"https:\/\/jinsuncarbon.com\/#website"},"primaryImageOfPage":{"@id":"https:\/\/jinsuncarbon.com\/product\/carbon-fiber-sheet\/#primaryimage"},"image":{"@id":"https:\/\/jinsuncarbon.com\/product\/carbon-fiber-sheet\/#primaryimage"},"thumbnailUrl":"https:\/\/jinsuncarbon.com\/wp-content\/uploads\/2024\/12\/carbon-fiber-sheet-1.jpg","datePublished":"2024-12-13T11:06:31+00:00","dateModified":"2024-12-13T11:16:06+00:00","description":"Foglio di fibra di carbonio fornitore in Cina. Foglio di fibra di carbonio in vendita, con eccellente stabilit\u00e0 chimica, buona conducibilit\u00e0 elettrica.","breadcrumb":{"@id":"https:\/\/jinsuncarbon.com\/product\/carbon-fiber-sheet\/#breadcrumb"},"inLanguage":"it-IT","potentialAction":[{"@type":"ReadAction","target":["https:\/\/jinsuncarbon.com\/product\/carbon-fiber-sheet\/"]}]},{"@type":"ImageObject","inLanguage":"it-IT","@id":"https:\/\/jinsuncarbon.com\/product\/carbon-fiber-sheet\/#primaryimage","url":"https:\/\/jinsuncarbon.com\/wp-content\/uploads\/2024\/12\/carbon-fiber-sheet-1.jpg","contentUrl":"https:\/\/jinsuncarbon.com\/wp-content\/uploads\/2024\/12\/carbon-fiber-sheet-1.jpg","width":1024,"height":763,"caption":"carbon fiber sheet"},{"@type":"BreadcrumbList","@id":"https:\/\/jinsuncarbon.com\/product\/carbon-fiber-sheet\/#breadcrumb","itemListElement":[{"@type":"ListItem","position":1,"name":"Home","item":"https:\/\/jinsuncarbon.com\/"},{"@type":"ListItem","position":2,"name":"Products","item":"https:\/\/jinsuncarbon.com\/graphite-carbon\/"},{"@type":"ListItem","position":3,"name":"Carbon Fiber Sheet"}]},{"@type":"WebSite","@id":"https:\/\/jinsuncarbon.com\/#website","url":"https:\/\/jinsuncarbon.com\/","name":"Jinsun Carbon","description":"Siamo il produttore di elettrodi di grafite di successo in Cina","publisher":{"@id":"https:\/\/jinsuncarbon.com\/#organization"},"potentialAction":[{"@type":"SearchAction","target":{"@type":"EntryPoint","urlTemplate":"https:\/\/jinsuncarbon.com\/?s={search_term_string}"},"query-input":{"@type":"PropertyValueSpecification","valueRequired":true,"valueName":"search_term_string"}}],"inLanguage":"it-IT"},{"@type":"Organization","@id":"https:\/\/jinsuncarbon.com\/#organization","name":"Jinsun Carbon","alternateName":"Jinsun Carbon","url":"https:\/\/jinsuncarbon.com\/","logo":{"@type":"ImageObject","inLanguage":"it-IT","@id":"https:\/\/jinsuncarbon.com\/#\/schema\/logo\/image\/","url":"https:\/\/jinsuncarbon.com\/wp-content\/uploads\/2022\/12\/LOGO-1.png","contentUrl":"https:\/\/jinsuncarbon.com\/wp-content\/uploads\/2022\/12\/LOGO-1.png","width":207,"height":80,"caption":"Jinsun Carbon"},"image":{"@id":"https:\/\/jinsuncarbon.com\/#\/schema\/logo\/image\/"},"sameAs":["https:\/\/www.facebook.com\/Graphite-Electrode-109336238661595","https:\/\/x.com\/jinsuncarbon_","https:\/\/www.linkedin.com\/in\/jinsungraphite","https:\/\/www.youtube.com\/channel\/UCysDNyvyR5-3cCWEmpkVC0g"]}]}},"_links":{"self":[{"href":"https:\/\/jinsuncarbon.com\/it\/wp-json\/wp\/v2\/product\/7015","targetHints":{"allow":["GET"]}}],"collection":[{"href":"https:\/\/jinsuncarbon.com\/it\/wp-json\/wp\/v2\/product"}],"about":[{"href":"https:\/\/jinsuncarbon.com\/it\/wp-json\/wp\/v2\/types\/product"}],"wp:featuredmedia":[{"embeddable":true,"href":"https:\/\/jinsuncarbon.com\/it\/wp-json\/wp\/v2\/media\/7017"}],"wp:attachment":[{"href":"https:\/\/jinsuncarbon.com\/it\/wp-json\/wp\/v2\/media?parent=7015"}],"wp:term":[{"taxonomy":"product_brand","embeddable":true,"href":"https:\/\/jinsuncarbon.com\/it\/wp-json\/wp\/v2\/product_brand?post=7015"},{"taxonomy":"product_cat","embeddable":true,"href":"https:\/\/jinsuncarbon.com\/it\/wp-json\/wp\/v2\/product_cat?post=7015"},{"taxonomy":"product_tag","embeddable":true,"href":"https:\/\/jinsuncarbon.com\/it\/wp-json\/wp\/v2\/product_tag?post=7015"}],"curies":[{"name":"wp","href":"https:\/\/api.w.org\/{rel}","templated":true}]}}