{"id":6992,"date":"2024-12-11T12:02:08","date_gmt":"2024-12-11T12:02:08","guid":{"rendered":"https:\/\/jinsuncarbon.com\/?post_type=product&#038;p=6992"},"modified":"2025-10-09T10:16:50","modified_gmt":"2025-10-09T10:16:50","slug":"crogiolo-di-grafite-ad-alta-purezza","status":"publish","type":"product","link":"https:\/\/jinsuncarbon.com\/it\/prodotto\/crogiolo-di-grafite-ad-alta-purezza\/","title":{"rendered":"Crogiolo di grafite di elevata purezza"},"content":{"rendered":"<h2>Vantaggi del crogiolo di grafite ad alta purezza<\/h2>\n<p>Il crogiolo di grafite ad alta purezza ha generalmente la forma di coppe, ciotole o cilindri e presenta vantaggi molto significativi.<\/p>\n<p><strong><b>Resistenza estremamente forte alle alte temperature<\/b><\/strong><\/p>\n<p>Pu\u00f2 essere utilizzato in modo stabile in un ambiente ad altissima temperatura, da 1500\u2103 a 3000\u2103, senza deformazioni o fusioni.<\/p>\n<p><strong><b>\u00a0<\/b><\/strong><\/p>\n<p><strong><b>Propriet\u00e0 chimiche altamente stabili<\/b><\/strong><\/p>\n<p>Ha una forte resistenza alla maggior parte delle sostanze chimiche corrosive, come acidi e alcali.<\/p>\n<p>&nbsp;<\/p>\n<p><strong><b>Grande conduttivit\u00e0 termica<\/b><\/strong><\/p>\n<p>La sua conduzione di calore \u00e8 uniforme e rapida, in grado di migliorare efficacemente l'efficienza di riscaldamento.<\/p>\n<p>&nbsp;<\/p>\n<p><strong><b>Elevata resistenza meccanica<\/b><\/strong><\/p>\n<p>Ha una buona <a href=\"https:\/\/jinsuncarbon.com\/it\/proprieta-meccaniche-della-grafite\/\">resistenza agli shock termici<\/a> e pu\u00f2 sopportare rapidi sbalzi di temperatura senza incrinarsi facilmente.<\/p>\n<p>&nbsp;<\/p>\n<p><strong><b>Buona lubrificazione<\/b><\/strong><\/p>\n<p>Pu\u00f2 ridurre l'adesione dei materiali alla parete del crogiolo e facilitare il versamento dei materiali.<\/p>\n<p>&nbsp;<\/p>\n<p><strong><b>Lunga durata di vita<\/b><\/strong><\/p>\n<p>\u00c8 possibile riutilizzarlo pi\u00f9 volte, riducendo cos\u00ec in modo efficace il costo di utilizzo.<\/p>\n<p>&nbsp;<\/p>\n<p>Inoltre, \u00e8 possibile scegliere crogioli di grafite di elevata purezza pressati isostaticamente, crogioli di grafite di elevata purezza stampati, crogioli di grafite di elevata purezza impregnati sotto vuoto o altri tipi di crogioli di grafite di elevata purezza in base alle diverse esigenze di utilizzo.<\/p>\n<p>&nbsp;<\/p>\n<h2>Usi del crogiolo di grafite ad alta purezza<\/h2>\n<h3>Settore metallurgico<\/h3>\n<p><strong><b>Fusione di metalli preziosi<\/b><\/strong><\/p>\n<p>\u00c8 possibile utilizzare il crogiolo di grafite ad alta purezza per la raffinazione e la fusione di metalli preziosi come l'oro e l'argento. La sua elevata purezza e stabilit\u00e0 chimica possono prevenire l'inquinamento e garantire la purezza dei metalli, soddisfacendo le esigenze dell'industria della gioielleria.<\/p>\n<p><strong><b>\u00a0<\/b><\/strong><\/p>\n<p><strong><b>Fusione di metalli rari<\/b><\/strong><\/p>\n<p>Pu\u00f2 sopportare temperature elevate e ambienti chimici complessi, resistere all'erosione. Quindi pu\u00f2 essere utilizzato anche nella fusione di metalli rari come il titanio e lo zirconio. Per facilitare l'estrazione e la purificazione efficiente dei metalli rari in condizioni speciali.<\/p>\n<p>&nbsp;<\/p>\n<p><strong><b>Preparazione di leghe speciali<\/b><\/strong><\/p>\n<p>Ha anche un ruolo importante nella produzione di <a href=\"https:\/\/en.wikipedia.org\/wiki\/Nickel\" target=\"_blank\" rel=\"noopener\">nichel<\/a>-a base di titanio e altre leghe. La sua stabilit\u00e0 chimica garantisce una composizione precisa e la buona conducibilit\u00e0 termica favorisce un riscaldamento uniforme, dando vita a leghe ad alte prestazioni per applicazioni di alto livello.<\/p>\n<p>&nbsp;<\/p>\n<h3>Industrie dei semiconduttori e del fotovoltaico:<\/h3>\n<p><strong><b>Crescita del silicio monocristallino<\/b><\/strong><\/p>\n<p>Nella crescita cocristallina del silicio monocristallino dei semiconduttori, il crogiolo di grafite ad alta purezza pu\u00f2 fornire un ambiente stabile. Inoltre, \u00e8 in grado di controllare la temperatura grazie all'anti-impurit\u00e0 e alla conducibilit\u00e0 termica, per migliorare la qualit\u00e0 del silicio monocristallino e le prestazioni del chip.<\/p>\n<p><strong><b>\u00a0<\/b><\/strong><\/p>\n<p><strong><b>Colata di lingotti di silicio policristallino<\/b><\/strong><\/p>\n<p>Grazie alla stabilit\u00e0 chimica e alla resistenza alle alte temperature, \u00e8 in grado di prevenire l'inquinamento nell'industria fotovoltaica, durante la fusione dei lingotti di silicio policristallino. Inoltre, controlla con precisione la temperatura per promuovere la cristallizzazione e migliorare l'efficienza di conversione fotoelettrica delle celle solari.<\/p>\n<p>&nbsp;<\/p>\n<h3>Ingegneria chimica e nuovi materiali:<\/h3>\n<p><strong><b>Recipienti per reazioni chimiche ad alta temperatura<\/b><\/strong><\/p>\n<p>Pu\u00f2 funzionare stabilmente nelle reazioni di sintesi chimica ad alta temperatura e pu\u00f2 essere utilizzato come contenitore resistente alla corrosione. Garantisce reazioni fluide, facilita la separazione e la purificazione dei prodotti e promuove la ricerca e lo sviluppo di nuovi materiali.<\/p>\n<p><strong><b>\u00a0<\/b><\/strong><\/p>\n<p><strong><b>Produzione di vetro <\/b><\/strong><\/p>\n<p>Pu\u00f2 essere utilizzato anche per la fusione di materie prime di vetro speciali, come il vetro ottico e il quarzo. La resistenza alle alte temperature e la buona stabilit\u00e0 termica garantiscono la trasparenza e la composizione accurata del vetro.<\/p>\n<p>&nbsp;<\/p>\n<p><strong><b>Campi di laboratorio e ricerca scientifica:<\/b><\/strong><\/p>\n<p><strong><b>Ricerca sperimentale ad alta temperatura<\/b><\/strong><\/p>\n<p>Nelle universit\u00e0 e nei laboratori di ricerca, viene utilizzato per vari esperimenti ad alta temperatura per simulare condizioni estreme con stabilit\u00e0 e controllabilit\u00e0. Fornisce quindi dati per la ricerca e lo sviluppo di nuovi materiali e nuovi processi.<\/p>\n<p>&nbsp;<\/p>\n<p><strong><b>Analisi dei campioni <\/b><\/strong><\/p>\n<p>Nell'analisi di campioni in settori quali la geologia e l'ambiente, \u00e8 possibile utilizzarlo per il pretrattamento ad alta temperatura. Trasforma i campioni in forme facilmente analizzabili, evita la contaminazione e garantisce l'accuratezza e l'affidabilit\u00e0 dei risultati delle analisi.<\/p>","protected":false},"excerpt":{"rendered":"<p>Il crogiolo di grafite ad alta purezza \u00e8 un contenitore resistente alle alte temperature realizzato con materie prime di grafite ad alta purezza, che di solito raggiunge oltre 99%. La purezza di alcuni prodotti pu\u00f2 arrivare fino a 99,9%. Ha un'eccezionale resistenza alle alte temperature, stabilit\u00e0 chimica, buona conducibilit\u00e0 termica e resistenza meccanica. Pertanto, si comporta bene in molti settori industriali di alto livello ed \u00e8 la scelta ideale per affrontare condizioni di processo difficili. \u00c8 spesso utilizzato nella crescita del silicio monocristallino dei semiconduttori, nella fusione e purificazione dei metalli preziosi e nel processo di fusione ad alta temperatura del vetro speciale.<\/p>","protected":false},"featured_media":6993,"template":"","meta":[],"product_brand":[],"product_cat":[38],"product_tag":[],"class_list":{"0":"post-6992","1":"product","2":"type-product","3":"status-publish","4":"has-post-thumbnail","6":"product_cat-graphite-products","8":"first","9":"instock","10":"shipping-taxable","11":"product-type-simple"},"yoast_head":"<!-- This site is optimized with the Yoast SEO Premium plugin v19.2.1 (Yoast SEO v25.3) - https:\/\/yoast.com\/wordpress\/plugins\/seo\/ -->\n<title>High Purity Graphite Crucible Manufacturer in China<\/title>\n<meta name=\"robots\" content=\"index, follow, max-snippet:-1, max-image-preview:large, max-video-preview:-1\" \/>\n<link rel=\"canonical\" href=\"https:\/\/jinsuncarbon.com\/it\/prodotto\/crogiolo-di-grafite-ad-alta-purezza\/\" \/>\n<meta property=\"og:locale\" content=\"it_IT\" \/>\n<meta property=\"og:type\" content=\"article\" \/>\n<meta property=\"og:title\" content=\"High Purity Graphite Crucible\" \/>\n<meta property=\"og:description\" content=\"High\u00a0purity graphite crucible\u00a0is a\u00a0high-temperature resistant container made from high-purity graphite raw materials, which\u00a0usually reaches over 99%. And even the purity of some products can be as high as 99.9%. It has\u00a0outstanding high-temperature resistance, chemical stability, good thermal conductivity and mechanical strength. Therefore, it\u00a0performs\u00a0well in many high-end industrial fields and is\u00a0an ideal choice for dealing with harsh process conditions. You can often\u00a0use\u00a0it in the growth of semiconductor monocrystalline silicon, the smelting and purification of precious metals, and\u00a0the high-temperature smelting process of special glass.\" \/>\n<meta property=\"og:url\" content=\"https:\/\/jinsuncarbon.com\/it\/prodotto\/crogiolo-di-grafite-ad-alta-purezza\/\" \/>\n<meta property=\"og:site_name\" content=\"Jinsun Carbon\" \/>\n<meta property=\"article:publisher\" content=\"https:\/\/www.facebook.com\/Graphite-Electrode-109336238661595\" \/>\n<meta property=\"article:modified_time\" content=\"2025-10-09T10:16:50+00:00\" \/>\n<meta property=\"og:image\" content=\"https:\/\/jinsuncarbon.com\/wp-content\/uploads\/2024\/12\/High-Purity-Graphite-Crucibles.jpg\" \/>\n\t<meta property=\"og:image:width\" content=\"1024\" \/>\n\t<meta property=\"og:image:height\" content=\"763\" \/>\n\t<meta property=\"og:image:type\" content=\"image\/jpeg\" \/>\n<meta name=\"twitter:card\" content=\"summary_large_image\" \/>\n<meta name=\"twitter:site\" content=\"@jinsuncarbon_\" \/>\n<meta name=\"twitter:label1\" content=\"Tempo di lettura stimato\" \/>\n\t<meta name=\"twitter:data1\" content=\"3 minuti\" \/>\n<script type=\"application\/ld+json\" class=\"yoast-schema-graph\">{\"@context\":\"https:\/\/schema.org\",\"@graph\":[{\"@type\":\"WebPage\",\"@id\":\"https:\/\/jinsuncarbon.com\/product\/high-purity-graphite-crucible\/\",\"url\":\"https:\/\/jinsuncarbon.com\/product\/high-purity-graphite-crucible\/\",\"name\":\"High Purity Graphite Crucible Manufacturer in China\",\"isPartOf\":{\"@id\":\"https:\/\/jinsuncarbon.com\/#website\"},\"primaryImageOfPage\":{\"@id\":\"https:\/\/jinsuncarbon.com\/product\/high-purity-graphite-crucible\/#primaryimage\"},\"image\":{\"@id\":\"https:\/\/jinsuncarbon.com\/product\/high-purity-graphite-crucible\/#primaryimage\"},\"thumbnailUrl\":\"https:\/\/jinsuncarbon.com\/wp-content\/uploads\/2024\/12\/High-Purity-Graphite-Crucibles.jpg\",\"datePublished\":\"2024-12-11T12:02:08+00:00\",\"dateModified\":\"2025-10-09T10:16:50+00:00\",\"breadcrumb\":{\"@id\":\"https:\/\/jinsuncarbon.com\/product\/high-purity-graphite-crucible\/#breadcrumb\"},\"inLanguage\":\"it-IT\",\"potentialAction\":[{\"@type\":\"ReadAction\",\"target\":[\"https:\/\/jinsuncarbon.com\/product\/high-purity-graphite-crucible\/\"]}]},{\"@type\":\"ImageObject\",\"inLanguage\":\"it-IT\",\"@id\":\"https:\/\/jinsuncarbon.com\/product\/high-purity-graphite-crucible\/#primaryimage\",\"url\":\"https:\/\/jinsuncarbon.com\/wp-content\/uploads\/2024\/12\/High-Purity-Graphite-Crucibles.jpg\",\"contentUrl\":\"https:\/\/jinsuncarbon.com\/wp-content\/uploads\/2024\/12\/High-Purity-Graphite-Crucibles.jpg\",\"width\":1024,\"height\":763,\"caption\":\"High Purity Graphite Crucibles\"},{\"@type\":\"BreadcrumbList\",\"@id\":\"https:\/\/jinsuncarbon.com\/product\/high-purity-graphite-crucible\/#breadcrumb\",\"itemListElement\":[{\"@type\":\"ListItem\",\"position\":1,\"name\":\"Home\",\"item\":\"https:\/\/jinsuncarbon.com\/\"},{\"@type\":\"ListItem\",\"position\":2,\"name\":\"Products\",\"item\":\"https:\/\/jinsuncarbon.com\/graphite-carbon\/\"},{\"@type\":\"ListItem\",\"position\":3,\"name\":\"High Purity Graphite Crucible\"}]},{\"@type\":\"WebSite\",\"@id\":\"https:\/\/jinsuncarbon.com\/#website\",\"url\":\"https:\/\/jinsuncarbon.com\/\",\"name\":\"Jinsun Carbon\",\"description\":\"We are the successful graphite electrode manufacturer in China\",\"publisher\":{\"@id\":\"https:\/\/jinsuncarbon.com\/#organization\"},\"potentialAction\":[{\"@type\":\"SearchAction\",\"target\":{\"@type\":\"EntryPoint\",\"urlTemplate\":\"https:\/\/jinsuncarbon.com\/?s={search_term_string}\"},\"query-input\":{\"@type\":\"PropertyValueSpecification\",\"valueRequired\":true,\"valueName\":\"search_term_string\"}}],\"inLanguage\":\"it-IT\"},{\"@type\":\"Organization\",\"@id\":\"https:\/\/jinsuncarbon.com\/#organization\",\"name\":\"Jinsun Carbon\",\"alternateName\":\"Jinsun Carbon\",\"url\":\"https:\/\/jinsuncarbon.com\/\",\"logo\":{\"@type\":\"ImageObject\",\"inLanguage\":\"it-IT\",\"@id\":\"https:\/\/jinsuncarbon.com\/#\/schema\/logo\/image\/\",\"url\":\"https:\/\/jinsuncarbon.com\/wp-content\/uploads\/2022\/12\/LOGO-1.png\",\"contentUrl\":\"https:\/\/jinsuncarbon.com\/wp-content\/uploads\/2022\/12\/LOGO-1.png\",\"width\":207,\"height\":80,\"caption\":\"Jinsun Carbon\"},\"image\":{\"@id\":\"https:\/\/jinsuncarbon.com\/#\/schema\/logo\/image\/\"},\"sameAs\":[\"https:\/\/www.facebook.com\/Graphite-Electrode-109336238661595\",\"https:\/\/x.com\/jinsuncarbon_\",\"https:\/\/www.linkedin.com\/in\/jinsungraphite\",\"https:\/\/www.youtube.com\/channel\/UCysDNyvyR5-3cCWEmpkVC0g\"]}]}<\/script>\n<!-- \/ Yoast SEO Premium plugin. -->","yoast_head_json":{"title":"Crogiolo di grafite di elevata purezza Produttore in Cina","robots":{"index":"index","follow":"follow","max-snippet":"max-snippet:-1","max-image-preview":"max-image-preview:large","max-video-preview":"max-video-preview:-1"},"canonical":"https:\/\/jinsuncarbon.com\/it\/prodotto\/crogiolo-di-grafite-ad-alta-purezza\/","og_locale":"it_IT","og_type":"article","og_title":"High Purity Graphite Crucible","og_description":"High\u00a0purity graphite crucible\u00a0is a\u00a0high-temperature resistant container made from high-purity graphite raw materials, which\u00a0usually reaches over 99%. And even the purity of some products can be as high as 99.9%. It has\u00a0outstanding high-temperature resistance, chemical stability, good thermal conductivity and mechanical strength. Therefore, it\u00a0performs\u00a0well in many high-end industrial fields and is\u00a0an ideal choice for dealing with harsh process conditions. You can often\u00a0use\u00a0it in the growth of semiconductor monocrystalline silicon, the smelting and purification of precious metals, and\u00a0the high-temperature smelting process of special glass.","og_url":"https:\/\/jinsuncarbon.com\/it\/prodotto\/crogiolo-di-grafite-ad-alta-purezza\/","og_site_name":"Jinsun Carbon","article_publisher":"https:\/\/www.facebook.com\/Graphite-Electrode-109336238661595","article_modified_time":"2025-10-09T10:16:50+00:00","og_image":[{"width":1024,"height":763,"url":"https:\/\/jinsuncarbon.com\/wp-content\/uploads\/2024\/12\/High-Purity-Graphite-Crucibles.jpg","type":"image\/jpeg"}],"twitter_card":"summary_large_image","twitter_site":"@jinsuncarbon_","twitter_misc":{"Tempo di lettura stimato":"3 minuti"},"schema":{"@context":"https:\/\/schema.org","@graph":[{"@type":"WebPage","@id":"https:\/\/jinsuncarbon.com\/product\/high-purity-graphite-crucible\/","url":"https:\/\/jinsuncarbon.com\/product\/high-purity-graphite-crucible\/","name":"Crogiolo di grafite di elevata purezza Produttore in Cina","isPartOf":{"@id":"https:\/\/jinsuncarbon.com\/#website"},"primaryImageOfPage":{"@id":"https:\/\/jinsuncarbon.com\/product\/high-purity-graphite-crucible\/#primaryimage"},"image":{"@id":"https:\/\/jinsuncarbon.com\/product\/high-purity-graphite-crucible\/#primaryimage"},"thumbnailUrl":"https:\/\/jinsuncarbon.com\/wp-content\/uploads\/2024\/12\/High-Purity-Graphite-Crucibles.jpg","datePublished":"2024-12-11T12:02:08+00:00","dateModified":"2025-10-09T10:16:50+00:00","breadcrumb":{"@id":"https:\/\/jinsuncarbon.com\/product\/high-purity-graphite-crucible\/#breadcrumb"},"inLanguage":"it-IT","potentialAction":[{"@type":"ReadAction","target":["https:\/\/jinsuncarbon.com\/product\/high-purity-graphite-crucible\/"]}]},{"@type":"ImageObject","inLanguage":"it-IT","@id":"https:\/\/jinsuncarbon.com\/product\/high-purity-graphite-crucible\/#primaryimage","url":"https:\/\/jinsuncarbon.com\/wp-content\/uploads\/2024\/12\/High-Purity-Graphite-Crucibles.jpg","contentUrl":"https:\/\/jinsuncarbon.com\/wp-content\/uploads\/2024\/12\/High-Purity-Graphite-Crucibles.jpg","width":1024,"height":763,"caption":"High Purity Graphite Crucibles"},{"@type":"BreadcrumbList","@id":"https:\/\/jinsuncarbon.com\/product\/high-purity-graphite-crucible\/#breadcrumb","itemListElement":[{"@type":"ListItem","position":1,"name":"Home","item":"https:\/\/jinsuncarbon.com\/"},{"@type":"ListItem","position":2,"name":"Products","item":"https:\/\/jinsuncarbon.com\/graphite-carbon\/"},{"@type":"ListItem","position":3,"name":"High Purity Graphite Crucible"}]},{"@type":"WebSite","@id":"https:\/\/jinsuncarbon.com\/#website","url":"https:\/\/jinsuncarbon.com\/","name":"Jinsun Carbon","description":"Siamo il produttore di elettrodi di grafite di successo in Cina","publisher":{"@id":"https:\/\/jinsuncarbon.com\/#organization"},"potentialAction":[{"@type":"SearchAction","target":{"@type":"EntryPoint","urlTemplate":"https:\/\/jinsuncarbon.com\/?s={search_term_string}"},"query-input":{"@type":"PropertyValueSpecification","valueRequired":true,"valueName":"search_term_string"}}],"inLanguage":"it-IT"},{"@type":"Organization","@id":"https:\/\/jinsuncarbon.com\/#organization","name":"Jinsun Carbon","alternateName":"Jinsun Carbon","url":"https:\/\/jinsuncarbon.com\/","logo":{"@type":"ImageObject","inLanguage":"it-IT","@id":"https:\/\/jinsuncarbon.com\/#\/schema\/logo\/image\/","url":"https:\/\/jinsuncarbon.com\/wp-content\/uploads\/2022\/12\/LOGO-1.png","contentUrl":"https:\/\/jinsuncarbon.com\/wp-content\/uploads\/2022\/12\/LOGO-1.png","width":207,"height":80,"caption":"Jinsun Carbon"},"image":{"@id":"https:\/\/jinsuncarbon.com\/#\/schema\/logo\/image\/"},"sameAs":["https:\/\/www.facebook.com\/Graphite-Electrode-109336238661595","https:\/\/x.com\/jinsuncarbon_","https:\/\/www.linkedin.com\/in\/jinsungraphite","https:\/\/www.youtube.com\/channel\/UCysDNyvyR5-3cCWEmpkVC0g"]}]}},"_links":{"self":[{"href":"https:\/\/jinsuncarbon.com\/it\/wp-json\/wp\/v2\/product\/6992","targetHints":{"allow":["GET"]}}],"collection":[{"href":"https:\/\/jinsuncarbon.com\/it\/wp-json\/wp\/v2\/product"}],"about":[{"href":"https:\/\/jinsuncarbon.com\/it\/wp-json\/wp\/v2\/types\/product"}],"wp:featuredmedia":[{"embeddable":true,"href":"https:\/\/jinsuncarbon.com\/it\/wp-json\/wp\/v2\/media\/6993"}],"wp:attachment":[{"href":"https:\/\/jinsuncarbon.com\/it\/wp-json\/wp\/v2\/media?parent=6992"}],"wp:term":[{"taxonomy":"product_brand","embeddable":true,"href":"https:\/\/jinsuncarbon.com\/it\/wp-json\/wp\/v2\/product_brand?post=6992"},{"taxonomy":"product_cat","embeddable":true,"href":"https:\/\/jinsuncarbon.com\/it\/wp-json\/wp\/v2\/product_cat?post=6992"},{"taxonomy":"product_tag","embeddable":true,"href":"https:\/\/jinsuncarbon.com\/it\/wp-json\/wp\/v2\/product_tag?post=6992"}],"curies":[{"name":"wp","href":"https:\/\/api.w.org\/{rel}","templated":true}]}}