{"id":6972,"date":"2024-12-09T11:35:45","date_gmt":"2024-12-09T11:35:45","guid":{"rendered":"https:\/\/jinsuncarbon.com\/?post_type=product&#038;p=6972"},"modified":"2024-12-09T14:40:59","modified_gmt":"2024-12-09T14:40:59","slug":"coke-da-fonderia","status":"publish","type":"product","link":"https:\/\/jinsuncarbon.com\/it\/prodotto\/coke-da-fonderia\/","title":{"rendered":"Coca-Cola da fonderia"},"content":{"rendered":"<h2>Che cos'\u00e8 la Coca Cola di Fonderia?<\/h2>\n<p>Il coke da fonderia \u00e8 utilizzato esclusivamente nelle industrie siderurgiche per fondere i metalli. Come componente essenziale del processo di produzione dei metalli, viene ricavato dal carbone bituminoso e serve sia come agente riducente che come combustibile ad alta energia. Mentre il carbone comune contiene molte impurit\u00e0, il coke da fonderia \u00e8 estremamente adatto ai processi industriali ad alta temperatura perch\u00e9 \u00e8 quasi carbonio puro.<\/p>\n<h3><\/h3>\n<h2>Produzione di coke da fonderia<\/h2>\n<p>Frantumazione: il carbone viene frantumato per ottenere polvere di carbone, che viene poi vagliata per rimuovere le impurit\u00e0.<br \/>\nGassificazione del carbone: La polvere di carbone trattata viene posta in un gassificatore e riscaldata per produrre gas di carbone.<br \/>\nCoking: Il gas di carbone viene posto in una cokeria, dove i volatili del gas di carbone evaporano in un ambiente chiuso ad alta temperatura e pressione per formare il coke.<br \/>\nLavorazione del coke: Il coke viene raffreddato e vagliato in diversi gradi e specifiche.<\/p>\n<p>&nbsp;<\/p>\n<h2>Specifiche del coke da fonderia<\/h2>\n<p>&nbsp;<\/p>\n<table>\n<tbody>\n<tr>\n<td width=\"106\">ARTICOLO<\/td>\n<td width=\"106\">Un grado<\/td>\n<td width=\"106\">Grado B<\/td>\n<\/tr>\n<tr>\n<td width=\"106\">Carbonio fisso (% Min)<\/td>\n<td width=\"106\">90<\/td>\n<td width=\"106\">85<\/td>\n<\/tr>\n<tr>\n<td width=\"106\">Zolfo (%Max)<\/td>\n<td width=\"106\">0.5<\/td>\n<td width=\"106\">0.75<\/td>\n<\/tr>\n<tr>\n<td width=\"106\">Mositure (%Max)<\/td>\n<td width=\"106\">5<\/td>\n<td width=\"106\">8<\/td>\n<\/tr>\n<tr>\n<td width=\"106\">Materia volatile (%Max)<\/td>\n<td width=\"106\">1.5<\/td>\n<td width=\"106\">1.5<\/td>\n<\/tr>\n<tr>\n<td width=\"106\">N (%Max)<\/td>\n<td width=\"106\">0.03<\/td>\n<td width=\"106\">0.03<\/td>\n<\/tr>\n<tr>\n<td width=\"106\">Cenere (%Max)<\/td>\n<td width=\"106\">8<\/td>\n<td width=\"106\">13<\/td>\n<\/tr>\n<tr>\n<td colspan=\"3\" width=\"319\">Dimensioni: 30-80 mm, 60-90 mm, 80-120 mm, 90-150 mm, 150-300 mm, 200-400 mm 70-100 mm<\/td>\n<\/tr>\n<\/tbody>\n<\/table>\n<h3><\/h3>\n<h2>Usi del coke da fonderia<\/h2>\n<h3>Colata di ferro<\/h3>\n<p>Il coke da fonderia \u00e8 fondamentale per la fusione della ghisa.\u00a0<span class=\"\" data-type=\"2\" data-index=\"5\" data-gid=\"0\">Viene utilizzato anche nei forni a cupola che si trovano comunemente nelle fonderie che producono prodotti in ghisa.<\/span>\u00a0<span class=\"\" data-type=\"2\" data-index=\"7\" data-gid=\"1\">Il coke serve a fornire energia termica come combustibile e come gas riducente; aiuta a fondere il ferro e a mantenere <a href=\"https:\/\/www.sciencedirect.com\/topics\/engineering\/casting-process#:~:text=Casting%20is%20a%20process%20in,the%20shape%20of%20the%20mold.\" target=\"_blank\" rel=\"noopener\">getto<\/a> temperatura.<\/span><\/p>\n<h3>Produzione di acciaio<\/h3>\n<p>Il coke da fonderia \u00e8 utilizzato in misura minore nella produzione di acciaio rispetto al coke metallurgico; tuttavia, pu\u00f2 essere adatto ad alcuni processi di produzione dell'acciaio, in particolare quando \u00e8 richiesto il riscaldamento del ferro ad alte temperature.<\/p>\n<h3>Lavori di fonderia<\/h3>\n<p>Le fonderie utilizzano il coke da fonderia per fondere i metalli, in particolare per la fusione di parti di macchinari, componenti automobilistici e persino sculture. La sua capacit\u00e0 di raggiungere un calore estremo e di mantenere la combustione \u00e8 fondamentale per molte operazioni di fonderia industriale.<\/p>\n<h2>Vantaggi dell'utilizzo<\/h2>\n<p><strong>Alta efficienza<\/strong><\/p>\n<p>Infatti, \u00e8 abbastanza efficiente perch\u00e9 ha una bassa umidit\u00e0 e una bassa materia volatile. Alta fiamma, energia affidabile, \u00e8 un combustibile garantito per i processi industriali ad alta temperatura.<\/p>\n<p><strong>Durata<\/strong><\/p>\n<p>Questo coke \u00e8 pi\u00f9 robusto e non si consuma durante gli utilizzi a lungo termine. Mantiene la sua forza e la sua struttura anche se esposto a calore molto elevato, quindi pu\u00f2 essere utilizzato nei forni per lunghi periodi di tempo senza rompersi.<\/p>\n<p><strong>Economicamente vantaggioso<\/strong><\/p>\n<p>Il coke da fonderia \u00e8 pi\u00f9 conveniente nel lungo periodo, considerando la sua elevata efficienza e la bassa necessit\u00e0 di manutenzione, nonostante il prezzo elevato rispetto al carbone normale. Il coke \u00e8 caratterizzato da un elevato contenuto energetico, per cui \u00e8 necessaria una quantit\u00e0 minore di energia per produrre la stessa quantit\u00e0 di energia, il che lo rende pi\u00f9 efficiente e quindi riduce il consumo di combustibile.<\/p>\n<h2>Coke da fonderia contro coke metallurgico<\/h2>\n<p>La scelta del combustibile nel mondo reale per uso industriale tende a essere quella del coke da fonderia o metallurgico. I due prodotti sono simili, ma diversi. Il coke da fonderia \u00e8 progettato specificamente per il mercato della fusione della ghisa. Ha dimensioni meno eterogenee e un contenuto ridotto di ceneri. Ma la produzione di acciaio richiede <a href=\"https:\/\/jinsuncarbon.com\/it\/prodotto\/coke-metallurgico\/\">coke metallurgico<\/a>che ha requisiti dimensionali diversi ed \u00e8 pi\u00f9 resistente. Entrambi sono utilizzati per il riscaldamento, ma il coke da fonderia \u00e8 pi\u00f9 focalizzato sull'uniformit\u00e0 e sulla bassa percentuale di impurit\u00e0 necessarie per una colata di qualit\u00e0. Tuttavia, il totale <a href=\"https:\/\/jinsuncarbon.com\/it\/usi-del-carbonio\/\">carbone<\/a> Il contenuto e la struttura sono leggermente diversi nel coke metallurgico per altiforni.<\/p>\n<h2>Vendita di coke da fonderia<\/h2>\n<p><strong>Contenuto di carbonio<\/strong><\/p>\n<p>Cercare coke con un alto contenuto di carbonio per l'uso in fonderia. Maggiore carbonio = migliore resa termica e riduzione della potenza del coke. Come regola generale, \u00e8 consigliabile un prodotto con un contenuto di carbonio di almeno l'85%.<\/p>\n<p><strong>Dimensioni e forma<\/strong><\/p>\n<p>Le dimensioni e la forma del coke possono influenzare le prestazioni. Se le dimensioni del coke sono troppo piccole, il coke brucer\u00e0 troppo rapidamente, mentre se le dimensioni del coke sono troppo grandi, non fornir\u00e0 una superficie sufficiente per una combustione efficiente. Selezionare il coke adatto ai requisiti del proprio impianto. <a href=\"https:\/\/en.wikipedia.org\/wiki\/Blast_furnace\" target=\"_blank\" rel=\"noopener\">forno<\/a>.<\/p>\n<p><strong>Contenuto di cenere<\/strong><\/p>\n<p>Il coke da fonderia di solito preferisce un contenuto di ceneri inferiore. Troppe ceneri possono contaminare il metallo, creando impurit\u00e0 e difetti nel prodotto finale. Utilizzare il coke meno cenere possibile.<\/p>\n<p><strong>Contenuto di zolfo<\/strong><\/p>\n<p>Poich\u00e9 lo zolfo pu\u00f2 inquinare il metallo fuso e influenzare la qualit\u00e0 delle fusioni, scegliere coke da fonderia con un basso livello di zolfo. Una qualit\u00e0 utile \u00e8 1% contenuto massimo di zolfo.<\/p>\n<p>&nbsp;<\/p>","protected":false},"excerpt":{"rendered":"<p>Il coke da fonderia \u00e8 il coke utilizzato per la fusione del ferro nei forni a cubilotto come combustibile principale. La sua funzione \u00e8 quella di fondere la carica e surriscaldare il ferro fuso, sostenendo la colonna di carica per mantenere una buona permeabilit\u00e0 all'aria. Caratteristiche del coke da fonderia:<\/p>\n<ul>\n<li>dimensione del blocco grande<\/li>\n<li>bassa reattivit\u00e0<\/li>\n<li>bassa porosit\u00e0<\/li>\n<li>sufficiente forza di frantumazione all'urto<\/li>\n<li>Basso contenuto di ceneri e zolfo<\/li>\n<\/ul>","protected":false},"featured_media":6974,"template":"","meta":[],"product_brand":[],"product_cat":[40],"product_tag":[],"class_list":{"0":"post-6972","1":"product","2":"type-product","3":"status-publish","4":"has-post-thumbnail","6":"product_cat-petroleum-coke","8":"first","9":"instock","10":"shipping-taxable","11":"product-type-simple"},"yoast_head":"<!-- This site is optimized with the Yoast SEO Premium plugin v19.2.1 (Yoast SEO v25.3) - https:\/\/yoast.com\/wordpress\/plugins\/seo\/ -->\n<title>Foundry Coke Supplier in China | Jinsun Carbon<\/title>\n<meta name=\"description\" content=\"Foundry coke is used exclusively in the iron and steel industries to cast metals. High quality foundry coke for sale at best price.\" \/>\n<meta name=\"robots\" content=\"index, follow, max-snippet:-1, max-image-preview:large, max-video-preview:-1\" \/>\n<link rel=\"canonical\" href=\"https:\/\/jinsuncarbon.com\/it\/prodotto\/coke-da-fonderia\/\" \/>\n<meta property=\"og:locale\" content=\"it_IT\" \/>\n<meta property=\"og:type\" content=\"article\" \/>\n<meta property=\"og:title\" content=\"Foundry Coke\" \/>\n<meta property=\"og:description\" content=\"Foundry coke is used exclusively in the iron and steel industries to cast metals. High quality foundry coke for sale at best price.\" \/>\n<meta property=\"og:url\" content=\"https:\/\/jinsuncarbon.com\/it\/prodotto\/coke-da-fonderia\/\" \/>\n<meta property=\"og:site_name\" content=\"Jinsun Carbon\" \/>\n<meta property=\"article:publisher\" content=\"https:\/\/www.facebook.com\/Graphite-Electrode-109336238661595\" \/>\n<meta property=\"article:modified_time\" content=\"2024-12-09T14:40:59+00:00\" \/>\n<meta property=\"og:image\" content=\"https:\/\/jinsuncarbon.com\/wp-content\/uploads\/2024\/12\/Foundry-coke.jpg\" \/>\n\t<meta property=\"og:image:width\" content=\"1024\" \/>\n\t<meta property=\"og:image:height\" content=\"763\" \/>\n\t<meta property=\"og:image:type\" content=\"image\/jpeg\" \/>\n<meta name=\"twitter:card\" content=\"summary_large_image\" \/>\n<meta name=\"twitter:site\" content=\"@jinsuncarbon_\" \/>\n<meta name=\"twitter:label1\" content=\"Tempo di lettura stimato\" \/>\n\t<meta name=\"twitter:data1\" content=\"4 minuti\" \/>\n<script type=\"application\/ld+json\" class=\"yoast-schema-graph\">{\"@context\":\"https:\/\/schema.org\",\"@graph\":[{\"@type\":\"WebPage\",\"@id\":\"https:\/\/jinsuncarbon.com\/product\/foundry-coke\/\",\"url\":\"https:\/\/jinsuncarbon.com\/product\/foundry-coke\/\",\"name\":\"Foundry Coke Supplier in China | Jinsun Carbon\",\"isPartOf\":{\"@id\":\"https:\/\/jinsuncarbon.com\/#website\"},\"primaryImageOfPage\":{\"@id\":\"https:\/\/jinsuncarbon.com\/product\/foundry-coke\/#primaryimage\"},\"image\":{\"@id\":\"https:\/\/jinsuncarbon.com\/product\/foundry-coke\/#primaryimage\"},\"thumbnailUrl\":\"https:\/\/jinsuncarbon.com\/wp-content\/uploads\/2024\/12\/Foundry-coke.jpg\",\"datePublished\":\"2024-12-09T11:35:45+00:00\",\"dateModified\":\"2024-12-09T14:40:59+00:00\",\"description\":\"Foundry coke is used exclusively in the iron and steel industries to cast metals. High quality foundry coke for sale at best price.\",\"breadcrumb\":{\"@id\":\"https:\/\/jinsuncarbon.com\/product\/foundry-coke\/#breadcrumb\"},\"inLanguage\":\"it-IT\",\"potentialAction\":[{\"@type\":\"ReadAction\",\"target\":[\"https:\/\/jinsuncarbon.com\/product\/foundry-coke\/\"]}]},{\"@type\":\"ImageObject\",\"inLanguage\":\"it-IT\",\"@id\":\"https:\/\/jinsuncarbon.com\/product\/foundry-coke\/#primaryimage\",\"url\":\"https:\/\/jinsuncarbon.com\/wp-content\/uploads\/2024\/12\/Foundry-coke.jpg\",\"contentUrl\":\"https:\/\/jinsuncarbon.com\/wp-content\/uploads\/2024\/12\/Foundry-coke.jpg\",\"width\":1024,\"height\":763,\"caption\":\"Foundry coke\"},{\"@type\":\"BreadcrumbList\",\"@id\":\"https:\/\/jinsuncarbon.com\/product\/foundry-coke\/#breadcrumb\",\"itemListElement\":[{\"@type\":\"ListItem\",\"position\":1,\"name\":\"Home\",\"item\":\"https:\/\/jinsuncarbon.com\/\"},{\"@type\":\"ListItem\",\"position\":2,\"name\":\"Products\",\"item\":\"https:\/\/jinsuncarbon.com\/graphite-carbon\/\"},{\"@type\":\"ListItem\",\"position\":3,\"name\":\"Foundry Coke\"}]},{\"@type\":\"WebSite\",\"@id\":\"https:\/\/jinsuncarbon.com\/#website\",\"url\":\"https:\/\/jinsuncarbon.com\/\",\"name\":\"Jinsun Carbon\",\"description\":\"We are the successful graphite electrode manufacturer in China\",\"publisher\":{\"@id\":\"https:\/\/jinsuncarbon.com\/#organization\"},\"potentialAction\":[{\"@type\":\"SearchAction\",\"target\":{\"@type\":\"EntryPoint\",\"urlTemplate\":\"https:\/\/jinsuncarbon.com\/?s={search_term_string}\"},\"query-input\":{\"@type\":\"PropertyValueSpecification\",\"valueRequired\":true,\"valueName\":\"search_term_string\"}}],\"inLanguage\":\"it-IT\"},{\"@type\":\"Organization\",\"@id\":\"https:\/\/jinsuncarbon.com\/#organization\",\"name\":\"Jinsun Carbon\",\"alternateName\":\"Jinsun Carbon\",\"url\":\"https:\/\/jinsuncarbon.com\/\",\"logo\":{\"@type\":\"ImageObject\",\"inLanguage\":\"it-IT\",\"@id\":\"https:\/\/jinsuncarbon.com\/#\/schema\/logo\/image\/\",\"url\":\"https:\/\/jinsuncarbon.com\/wp-content\/uploads\/2022\/12\/LOGO-1.png\",\"contentUrl\":\"https:\/\/jinsuncarbon.com\/wp-content\/uploads\/2022\/12\/LOGO-1.png\",\"width\":207,\"height\":80,\"caption\":\"Jinsun Carbon\"},\"image\":{\"@id\":\"https:\/\/jinsuncarbon.com\/#\/schema\/logo\/image\/\"},\"sameAs\":[\"https:\/\/www.facebook.com\/Graphite-Electrode-109336238661595\",\"https:\/\/x.com\/jinsuncarbon_\",\"https:\/\/www.linkedin.com\/in\/jinsungraphite\",\"https:\/\/www.youtube.com\/channel\/UCysDNyvyR5-3cCWEmpkVC0g\"]}]}<\/script>\n<!-- \/ Yoast SEO Premium plugin. -->","yoast_head_json":{"title":"Fornitore di coke da fonderia in Cina | Jinsun Carbon","description":"Il coke da fonderia \u00e8 utilizzato esclusivamente nelle industrie siderurgiche per la fusione dei metalli. Coke da fonderia di alta qualit\u00e0 in vendita al miglior prezzo.","robots":{"index":"index","follow":"follow","max-snippet":"max-snippet:-1","max-image-preview":"max-image-preview:large","max-video-preview":"max-video-preview:-1"},"canonical":"https:\/\/jinsuncarbon.com\/it\/prodotto\/coke-da-fonderia\/","og_locale":"it_IT","og_type":"article","og_title":"Foundry Coke","og_description":"Foundry coke is used exclusively in the iron and steel industries to cast metals. High quality foundry coke for sale at best price.","og_url":"https:\/\/jinsuncarbon.com\/it\/prodotto\/coke-da-fonderia\/","og_site_name":"Jinsun Carbon","article_publisher":"https:\/\/www.facebook.com\/Graphite-Electrode-109336238661595","article_modified_time":"2024-12-09T14:40:59+00:00","og_image":[{"width":1024,"height":763,"url":"https:\/\/jinsuncarbon.com\/wp-content\/uploads\/2024\/12\/Foundry-coke.jpg","type":"image\/jpeg"}],"twitter_card":"summary_large_image","twitter_site":"@jinsuncarbon_","twitter_misc":{"Tempo di lettura stimato":"4 minuti"},"schema":{"@context":"https:\/\/schema.org","@graph":[{"@type":"WebPage","@id":"https:\/\/jinsuncarbon.com\/product\/foundry-coke\/","url":"https:\/\/jinsuncarbon.com\/product\/foundry-coke\/","name":"Fornitore di coke da fonderia in Cina | Jinsun Carbon","isPartOf":{"@id":"https:\/\/jinsuncarbon.com\/#website"},"primaryImageOfPage":{"@id":"https:\/\/jinsuncarbon.com\/product\/foundry-coke\/#primaryimage"},"image":{"@id":"https:\/\/jinsuncarbon.com\/product\/foundry-coke\/#primaryimage"},"thumbnailUrl":"https:\/\/jinsuncarbon.com\/wp-content\/uploads\/2024\/12\/Foundry-coke.jpg","datePublished":"2024-12-09T11:35:45+00:00","dateModified":"2024-12-09T14:40:59+00:00","description":"Il coke da fonderia \u00e8 utilizzato esclusivamente nelle industrie siderurgiche per la fusione dei metalli. Coke da fonderia di alta qualit\u00e0 in vendita al miglior prezzo.","breadcrumb":{"@id":"https:\/\/jinsuncarbon.com\/product\/foundry-coke\/#breadcrumb"},"inLanguage":"it-IT","potentialAction":[{"@type":"ReadAction","target":["https:\/\/jinsuncarbon.com\/product\/foundry-coke\/"]}]},{"@type":"ImageObject","inLanguage":"it-IT","@id":"https:\/\/jinsuncarbon.com\/product\/foundry-coke\/#primaryimage","url":"https:\/\/jinsuncarbon.com\/wp-content\/uploads\/2024\/12\/Foundry-coke.jpg","contentUrl":"https:\/\/jinsuncarbon.com\/wp-content\/uploads\/2024\/12\/Foundry-coke.jpg","width":1024,"height":763,"caption":"Foundry coke"},{"@type":"BreadcrumbList","@id":"https:\/\/jinsuncarbon.com\/product\/foundry-coke\/#breadcrumb","itemListElement":[{"@type":"ListItem","position":1,"name":"Home","item":"https:\/\/jinsuncarbon.com\/"},{"@type":"ListItem","position":2,"name":"Products","item":"https:\/\/jinsuncarbon.com\/graphite-carbon\/"},{"@type":"ListItem","position":3,"name":"Foundry Coke"}]},{"@type":"WebSite","@id":"https:\/\/jinsuncarbon.com\/#website","url":"https:\/\/jinsuncarbon.com\/","name":"Jinsun Carbon","description":"Siamo il produttore di elettrodi di grafite di successo in Cina","publisher":{"@id":"https:\/\/jinsuncarbon.com\/#organization"},"potentialAction":[{"@type":"SearchAction","target":{"@type":"EntryPoint","urlTemplate":"https:\/\/jinsuncarbon.com\/?s={search_term_string}"},"query-input":{"@type":"PropertyValueSpecification","valueRequired":true,"valueName":"search_term_string"}}],"inLanguage":"it-IT"},{"@type":"Organization","@id":"https:\/\/jinsuncarbon.com\/#organization","name":"Jinsun Carbon","alternateName":"Jinsun Carbon","url":"https:\/\/jinsuncarbon.com\/","logo":{"@type":"ImageObject","inLanguage":"it-IT","@id":"https:\/\/jinsuncarbon.com\/#\/schema\/logo\/image\/","url":"https:\/\/jinsuncarbon.com\/wp-content\/uploads\/2022\/12\/LOGO-1.png","contentUrl":"https:\/\/jinsuncarbon.com\/wp-content\/uploads\/2022\/12\/LOGO-1.png","width":207,"height":80,"caption":"Jinsun Carbon"},"image":{"@id":"https:\/\/jinsuncarbon.com\/#\/schema\/logo\/image\/"},"sameAs":["https:\/\/www.facebook.com\/Graphite-Electrode-109336238661595","https:\/\/x.com\/jinsuncarbon_","https:\/\/www.linkedin.com\/in\/jinsungraphite","https:\/\/www.youtube.com\/channel\/UCysDNyvyR5-3cCWEmpkVC0g"]}]}},"_links":{"self":[{"href":"https:\/\/jinsuncarbon.com\/it\/wp-json\/wp\/v2\/product\/6972","targetHints":{"allow":["GET"]}}],"collection":[{"href":"https:\/\/jinsuncarbon.com\/it\/wp-json\/wp\/v2\/product"}],"about":[{"href":"https:\/\/jinsuncarbon.com\/it\/wp-json\/wp\/v2\/types\/product"}],"wp:featuredmedia":[{"embeddable":true,"href":"https:\/\/jinsuncarbon.com\/it\/wp-json\/wp\/v2\/media\/6974"}],"wp:attachment":[{"href":"https:\/\/jinsuncarbon.com\/it\/wp-json\/wp\/v2\/media?parent=6972"}],"wp:term":[{"taxonomy":"product_brand","embeddable":true,"href":"https:\/\/jinsuncarbon.com\/it\/wp-json\/wp\/v2\/product_brand?post=6972"},{"taxonomy":"product_cat","embeddable":true,"href":"https:\/\/jinsuncarbon.com\/it\/wp-json\/wp\/v2\/product_cat?post=6972"},{"taxonomy":"product_tag","embeddable":true,"href":"https:\/\/jinsuncarbon.com\/it\/wp-json\/wp\/v2\/product_tag?post=6972"}],"curies":[{"name":"wp","href":"https:\/\/api.w.org\/{rel}","templated":true}]}}