{"id":6950,"date":"2024-12-08T14:57:46","date_gmt":"2024-12-08T14:57:46","guid":{"rendered":"https:\/\/jinsuncarbon.com\/?post_type=product&#038;p=6950"},"modified":"2024-12-09T14:48:29","modified_gmt":"2024-12-09T14:48:29","slug":"foglio-di-grafite-2","status":"publish","type":"product","link":"https:\/\/jinsuncarbon.com\/it\/prodotto\/foglio-di-grafite-2\/","title":{"rendered":"Foglio di grafite"},"content":{"rendered":"<h2 class=\"ql-align-justify\">Fornitori di fogli di grafite<\/h2>\n<h3 class=\"ql-align-justify\">Classificato per purezza<\/h3>\n<p class=\"ql-align-justify\">Foglio di grafite di purezza standard. Il contenuto di carbonio \u00e8 generalmente di circa 99%.\u00a0<span data-type=\"2\" data-index=\"3\" data-gid=\"1\">Questo tipo di foglio di grafite pu\u00f2 essere utilizzato per soddisfare le esigenze delle pi\u00f9 comuni applicazioni industriali.<\/span>\u00a0Il costo \u00e8 relativamente ragionevole, adatto a scenari generali di gestione termica e di tenuta meccanica.<\/p>\n<p class=\"ql-align-justify\">Foglio di grafite di elevata purezza. Il contenuto di carbonio raggiunge circa 99,5%, talvolta noto anche come foglio di grafite di grado nucleare. \u00c8 possibile utilizzare questo foglio di grafite ad alta purezza in ambienti in cui la purezza \u00e8 fondamentale. Ad esempio, come moderatore di neutroni o come materiale riflettente nell'industria nucleare.<\/p>\n<h3 class=\"ql-align-justify\">Classificazione per forma<\/h3>\n<p class=\"ql-align-justify\">Foglio di grafite in fiocchi. \u00c8 una forma pi\u00f9 comune, regolare e facile da tagliare e lavorare. \u00c8 conveniente per realizzare dissipatori di calore o piccole guarnizioni di tenuta per piccoli dispositivi elettronici. Possiamo tagliare direttamente il foglio di grafite in fiocchi in base alle specifiche esigenze dimensionali per soddisfare i requisiti specifici di forma e dimensione.<\/p>\n<p class=\"ql-align-justify\"><span data-type=\"2\" data-index=\"5\" data-gid=\"2\">Disco in foglio di grafite.<\/span> Questa forma \u00e8 adatta all'uso in alcune applicazioni che richiedono l'avvolgimento o l'avvolgimento. Pu\u00f2 essere facilmente avvolto, pur mantenendo le sue propriet\u00e0 termiche e isolanti per garantire un funzionamento stabile della bobina.<\/p>\n<p class=\"ql-align-justify\">Foglio di grafite arrotolato. \u00c8 facile da immagazzinare, trasportare e utilizzare su larga scala. Nella produzione industriale, se \u00e8 necessario un gran numero di fogli di grafite, i fogli di grafite laminati possono essere convertiti in modo efficiente in prodotti finali attraverso metodi di lavorazione continua.<\/p>\n<h2 class=\"ql-align-justify\">Usi del foglio di grafite<\/h2>\n<p class=\"ql-align-justify\"><strong>Settore elettronico ed elettrico<\/strong><\/p>\n<p class=\"ql-align-justify\">Dissipazione del calore. Le apparecchiature elettroniche generano molto calore durante il funzionamento. Il foglio di grafite ha un'elevata conducibilit\u00e0 termica. Pu\u00f2 condurre rapidamente il calore all'esterno, ridurre efficacemente la temperatura delle apparecchiature, migliorare le prestazioni e la stabilit\u00e0.<\/p>\n<p class=\"ql-align-justify\"><strong>Campo energetico<\/strong><\/p>\n<p class=\"ql-align-justify\">Celle a combustibile. Nelle celle a combustibile, \u00e8 possibile utilizzare fogli di grafite come piastre bipolari per separare combustibile e ossidante, raccogliere e condurre la corrente. E supportano gli elettrodi a membrana.<\/p>\n<p class=\"ql-align-justify\">Celle solari. Elettrodi o collettori di fluidi che possono essere utilizzati per le celle solari. La sua buona conducibilit\u00e0 elettrica e la sua stabilit\u00e0 chimica contribuiscono a migliorare l'efficienza di conversione fotoelettrica e la stabilit\u00e0 delle celle solari.<\/p>\n<p class=\"ql-align-justify\"><strong>Industria meccanica<\/strong><\/p>\n<p class=\"ql-align-justify\">Materiale di tenuta. Presenta eccellenti caratteristiche di flessibilit\u00e0, resistenza alla corrosione e stabilit\u00e0 alle alte temperature. Il foglio di grafite \u00e8 il materiale ideale per la produzione di tenute meccaniche e guarnizioni. \u00c8 ampiamente utilizzato nei settori automobilistico, petrolifero, chimico, cartario e in altre industrie di tubi, pompe, valvole e altre apparecchiature di tenuta. Perch\u00e9 \u00e8 in grado di prevenire efficacemente le perdite di liquidi e gas.<\/p>\n<p class=\"ql-align-justify\">Materiale lubrificante. Grazie alla struttura a strati della lamina di grafite, ha un basso coefficiente di attrito. Pu\u00f2 essere utilizzato come solido <a href=\"https:\/\/en.wikipedia.org\/wiki\/Lubricant\" target=\"_blank\" rel=\"noopener\">lubrificante<\/a> per la lubrificazione delle parti meccaniche, riducendo l'attrito e l'usura e migliorando l'efficienza meccanica.<\/p>\n<p class=\"ql-align-justify\"><strong>Industria chimica<\/strong><\/p>\n<p class=\"ql-align-justify\">Rivestimento anticorrosione. Pu\u00f2 essere utilizzato come materiale di rivestimento di contenitori chimici, reattori, ecc. Per evitare che il mezzo corrosivo presente nel contenitore corroda l'apparecchiatura e prolungarne la durata.<\/p>\n<p class=\"ql-align-justify\">Elettrodo per cella elettrolitica. Nel processo elettrolitico, il foglio di grafite, come <a href=\"https:\/\/jinsuncarbon.com\/it\/prodotto\/elettrodo-a-barra-di-grafite\/\">elettrodo<\/a> pu\u00f2 resistere alle alte temperature, ai forti acidi e alcali e ad altri ambienti difficili. Ci\u00f2 consente di migliorare l'efficienza elettrolitica e la qualit\u00e0 del prodotto.<\/p>\n<h2 class=\"ql-align-justify\">Vantaggi della grafite flessibile<\/h2>\n<p class=\"ql-align-justify\">In genere, il foglio di grafite ha una forma a fiocco, a disco o a rotolo. I suoi vantaggi sono notevoli.<\/p>\n<p class=\"ql-align-justify\">Con una stabilit\u00e0 termica superiore, pu\u00f2 essere stabile in un ampio intervallo di temperature, da -200\u00b0C a circa 450\u00b0C; la superficie \u00e8 altamente riflettente e costituisce un'eccellente barriera al calore; le propriet\u00e0 chimiche sono inerti; il basso coefficiente di attrito pu\u00f2 essere utilizzato come foglio autolubrificante; \u00e8 facile da modellare o tagliare; \u00e8 altamente durevole;<\/p>\n<p class=\"ql-align-justify\">Le lamine di grafite hanno un'eccellente conducibilit\u00e0 termica, che consente loro di condurre rapidamente il calore. Questo aspetto \u00e8 fondamentale in molti <a href=\"https:\/\/en.wikipedia.org\/wiki\/Thermal_management_(electronics)\" target=\"_blank\" rel=\"noopener\">gestione termica<\/a> applicazioni. La buona conduttivit\u00e0 della lamina di grafite la rende anche un'applicazione potenziale nei settori dell'elettronica e dell'elettricit\u00e0. Ad esempio, in alcune parti che devono condurre elettricit\u00e0 e calore come materiale ideale.<\/p>\n<p class=\"ql-align-justify\">In termini di macchinari, i cuscinetti a lamina di grafite sfruttano il loro basso coefficiente di attrito e le caratteristiche di autolubrificazione. In questo modo \u00e8 possibile ridurre le perdite per attrito, prolungare la vita utile delle apparecchiature e migliorare l'efficienza operativa.<\/p>","protected":false},"excerpt":{"rendered":"<p>Il foglio di grafite, noto anche come grafite morbida, \u00e8 un foglio estremamente sottile realizzato con un materiale di grafite di elevata purezza. \u00c8 anche nota come grafite espandibile. Grazie alle sue esclusive propriet\u00e0 termiche, chimiche, elettriche e di attrito, si presta bene a un'ampia gamma di applicazioni industriali moderne ed \u00e8 un materiale forte e durevole, adatto alle esigenze dinamiche.<\/p>","protected":false},"featured_media":6967,"template":"","meta":[],"product_brand":[],"product_cat":[38],"product_tag":[],"class_list":{"0":"post-6950","1":"product","2":"type-product","3":"status-publish","4":"has-post-thumbnail","6":"product_cat-graphite-products","8":"first","9":"instock","10":"shipping-taxable","11":"product-type-simple"},"yoast_head":"<!-- This site is optimized with the Yoast SEO Premium plugin v19.2.1 (Yoast SEO v25.3) - https:\/\/yoast.com\/wordpress\/plugins\/seo\/ -->\n<title>Graphite Foil Manufacturer in China - Best Prices<\/title>\n<meta name=\"description\" content=\"Graphite foil, also known as soft graphite, is an extremely thin sheet made of a high-purity graphite material. Graphite Foil Suppliers offers the best prices.\" \/>\n<meta name=\"robots\" content=\"index, follow, max-snippet:-1, max-image-preview:large, max-video-preview:-1\" \/>\n<link rel=\"canonical\" href=\"https:\/\/jinsuncarbon.com\/it\/prodotto\/foglio-di-grafite-2\/\" \/>\n<meta property=\"og:locale\" content=\"it_IT\" \/>\n<meta property=\"og:type\" content=\"article\" \/>\n<meta property=\"og:title\" content=\"Graphite Foil\" \/>\n<meta property=\"og:description\" content=\"Graphite foil, also known as soft graphite, is an extremely thin sheet made of a high-purity graphite material. Graphite Foil Suppliers offers the best prices.\" \/>\n<meta property=\"og:url\" content=\"https:\/\/jinsuncarbon.com\/it\/prodotto\/foglio-di-grafite-2\/\" \/>\n<meta property=\"og:site_name\" content=\"Jinsun Carbon\" \/>\n<meta property=\"article:publisher\" content=\"https:\/\/www.facebook.com\/Graphite-Electrode-109336238661595\" \/>\n<meta property=\"article:modified_time\" content=\"2024-12-09T14:48:29+00:00\" \/>\n<meta property=\"og:image\" content=\"https:\/\/jinsuncarbon.com\/wp-content\/uploads\/2024\/12\/Graphite-Foil-1.jpg\" \/>\n\t<meta property=\"og:image:width\" content=\"1024\" \/>\n\t<meta property=\"og:image:height\" content=\"763\" \/>\n\t<meta property=\"og:image:type\" content=\"image\/jpeg\" \/>\n<meta name=\"twitter:card\" content=\"summary_large_image\" \/>\n<meta name=\"twitter:site\" content=\"@jinsuncarbon_\" \/>\n<meta name=\"twitter:label1\" content=\"Tempo di lettura stimato\" \/>\n\t<meta name=\"twitter:data1\" content=\"4 minuti\" \/>\n<script type=\"application\/ld+json\" class=\"yoast-schema-graph\">{\"@context\":\"https:\/\/schema.org\",\"@graph\":[{\"@type\":\"WebPage\",\"@id\":\"https:\/\/jinsuncarbon.com\/product\/graphite-foil\/\",\"url\":\"https:\/\/jinsuncarbon.com\/product\/graphite-foil\/\",\"name\":\"Graphite Foil Manufacturer in China - Best Prices\",\"isPartOf\":{\"@id\":\"https:\/\/jinsuncarbon.com\/#website\"},\"primaryImageOfPage\":{\"@id\":\"https:\/\/jinsuncarbon.com\/product\/graphite-foil\/#primaryimage\"},\"image\":{\"@id\":\"https:\/\/jinsuncarbon.com\/product\/graphite-foil\/#primaryimage\"},\"thumbnailUrl\":\"https:\/\/jinsuncarbon.com\/wp-content\/uploads\/2024\/12\/Graphite-Foil-1.jpg\",\"datePublished\":\"2024-12-08T14:57:46+00:00\",\"dateModified\":\"2024-12-09T14:48:29+00:00\",\"description\":\"Graphite foil, also known as soft graphite, is an extremely thin sheet made of a high-purity graphite material. Graphite Foil Suppliers offers the best prices.\",\"breadcrumb\":{\"@id\":\"https:\/\/jinsuncarbon.com\/product\/graphite-foil\/#breadcrumb\"},\"inLanguage\":\"it-IT\",\"potentialAction\":[{\"@type\":\"ReadAction\",\"target\":[\"https:\/\/jinsuncarbon.com\/product\/graphite-foil\/\"]}]},{\"@type\":\"ImageObject\",\"inLanguage\":\"it-IT\",\"@id\":\"https:\/\/jinsuncarbon.com\/product\/graphite-foil\/#primaryimage\",\"url\":\"https:\/\/jinsuncarbon.com\/wp-content\/uploads\/2024\/12\/Graphite-Foil-1.jpg\",\"contentUrl\":\"https:\/\/jinsuncarbon.com\/wp-content\/uploads\/2024\/12\/Graphite-Foil-1.jpg\",\"width\":1024,\"height\":763,\"caption\":\"Graphite Foil\"},{\"@type\":\"BreadcrumbList\",\"@id\":\"https:\/\/jinsuncarbon.com\/product\/graphite-foil\/#breadcrumb\",\"itemListElement\":[{\"@type\":\"ListItem\",\"position\":1,\"name\":\"Home\",\"item\":\"https:\/\/jinsuncarbon.com\/\"},{\"@type\":\"ListItem\",\"position\":2,\"name\":\"Products\",\"item\":\"https:\/\/jinsuncarbon.com\/graphite-carbon\/\"},{\"@type\":\"ListItem\",\"position\":3,\"name\":\"Graphite Foil\"}]},{\"@type\":\"WebSite\",\"@id\":\"https:\/\/jinsuncarbon.com\/#website\",\"url\":\"https:\/\/jinsuncarbon.com\/\",\"name\":\"Jinsun Carbon\",\"description\":\"We are the successful graphite electrode manufacturer in China\",\"publisher\":{\"@id\":\"https:\/\/jinsuncarbon.com\/#organization\"},\"potentialAction\":[{\"@type\":\"SearchAction\",\"target\":{\"@type\":\"EntryPoint\",\"urlTemplate\":\"https:\/\/jinsuncarbon.com\/?s={search_term_string}\"},\"query-input\":{\"@type\":\"PropertyValueSpecification\",\"valueRequired\":true,\"valueName\":\"search_term_string\"}}],\"inLanguage\":\"it-IT\"},{\"@type\":\"Organization\",\"@id\":\"https:\/\/jinsuncarbon.com\/#organization\",\"name\":\"Jinsun Carbon\",\"alternateName\":\"Jinsun Carbon\",\"url\":\"https:\/\/jinsuncarbon.com\/\",\"logo\":{\"@type\":\"ImageObject\",\"inLanguage\":\"it-IT\",\"@id\":\"https:\/\/jinsuncarbon.com\/#\/schema\/logo\/image\/\",\"url\":\"https:\/\/jinsuncarbon.com\/wp-content\/uploads\/2022\/12\/LOGO-1.png\",\"contentUrl\":\"https:\/\/jinsuncarbon.com\/wp-content\/uploads\/2022\/12\/LOGO-1.png\",\"width\":207,\"height\":80,\"caption\":\"Jinsun Carbon\"},\"image\":{\"@id\":\"https:\/\/jinsuncarbon.com\/#\/schema\/logo\/image\/\"},\"sameAs\":[\"https:\/\/www.facebook.com\/Graphite-Electrode-109336238661595\",\"https:\/\/x.com\/jinsuncarbon_\",\"https:\/\/www.linkedin.com\/in\/jinsungraphite\",\"https:\/\/www.youtube.com\/channel\/UCysDNyvyR5-3cCWEmpkVC0g\"]}]}<\/script>\n<!-- \/ Yoast SEO Premium plugin. -->","yoast_head_json":{"title":"Foglio di grafite Produttore in Cina - Migliori prezzi","description":"Il foglio di grafite, noto anche come grafite morbida, \u00e8 un foglio estremamente sottile realizzato con un materiale di grafite di elevata purezza. I fornitori di fogli di grafite offrono i prezzi migliori.","robots":{"index":"index","follow":"follow","max-snippet":"max-snippet:-1","max-image-preview":"max-image-preview:large","max-video-preview":"max-video-preview:-1"},"canonical":"https:\/\/jinsuncarbon.com\/it\/prodotto\/foglio-di-grafite-2\/","og_locale":"it_IT","og_type":"article","og_title":"Graphite Foil","og_description":"Graphite foil, also known as soft graphite, is an extremely thin sheet made of a high-purity graphite material. Graphite Foil Suppliers offers the best prices.","og_url":"https:\/\/jinsuncarbon.com\/it\/prodotto\/foglio-di-grafite-2\/","og_site_name":"Jinsun Carbon","article_publisher":"https:\/\/www.facebook.com\/Graphite-Electrode-109336238661595","article_modified_time":"2024-12-09T14:48:29+00:00","og_image":[{"width":1024,"height":763,"url":"https:\/\/jinsuncarbon.com\/wp-content\/uploads\/2024\/12\/Graphite-Foil-1.jpg","type":"image\/jpeg"}],"twitter_card":"summary_large_image","twitter_site":"@jinsuncarbon_","twitter_misc":{"Tempo di lettura stimato":"4 minuti"},"schema":{"@context":"https:\/\/schema.org","@graph":[{"@type":"WebPage","@id":"https:\/\/jinsuncarbon.com\/product\/graphite-foil\/","url":"https:\/\/jinsuncarbon.com\/product\/graphite-foil\/","name":"Foglio di grafite Produttore in Cina - Migliori prezzi","isPartOf":{"@id":"https:\/\/jinsuncarbon.com\/#website"},"primaryImageOfPage":{"@id":"https:\/\/jinsuncarbon.com\/product\/graphite-foil\/#primaryimage"},"image":{"@id":"https:\/\/jinsuncarbon.com\/product\/graphite-foil\/#primaryimage"},"thumbnailUrl":"https:\/\/jinsuncarbon.com\/wp-content\/uploads\/2024\/12\/Graphite-Foil-1.jpg","datePublished":"2024-12-08T14:57:46+00:00","dateModified":"2024-12-09T14:48:29+00:00","description":"Il foglio di grafite, noto anche come grafite morbida, \u00e8 un foglio estremamente sottile realizzato con un materiale di grafite di elevata purezza. I fornitori di fogli di grafite offrono i prezzi migliori.","breadcrumb":{"@id":"https:\/\/jinsuncarbon.com\/product\/graphite-foil\/#breadcrumb"},"inLanguage":"it-IT","potentialAction":[{"@type":"ReadAction","target":["https:\/\/jinsuncarbon.com\/product\/graphite-foil\/"]}]},{"@type":"ImageObject","inLanguage":"it-IT","@id":"https:\/\/jinsuncarbon.com\/product\/graphite-foil\/#primaryimage","url":"https:\/\/jinsuncarbon.com\/wp-content\/uploads\/2024\/12\/Graphite-Foil-1.jpg","contentUrl":"https:\/\/jinsuncarbon.com\/wp-content\/uploads\/2024\/12\/Graphite-Foil-1.jpg","width":1024,"height":763,"caption":"Graphite Foil"},{"@type":"BreadcrumbList","@id":"https:\/\/jinsuncarbon.com\/product\/graphite-foil\/#breadcrumb","itemListElement":[{"@type":"ListItem","position":1,"name":"Home","item":"https:\/\/jinsuncarbon.com\/"},{"@type":"ListItem","position":2,"name":"Products","item":"https:\/\/jinsuncarbon.com\/graphite-carbon\/"},{"@type":"ListItem","position":3,"name":"Graphite Foil"}]},{"@type":"WebSite","@id":"https:\/\/jinsuncarbon.com\/#website","url":"https:\/\/jinsuncarbon.com\/","name":"Jinsun Carbon","description":"Siamo il produttore di elettrodi di grafite di successo in Cina","publisher":{"@id":"https:\/\/jinsuncarbon.com\/#organization"},"potentialAction":[{"@type":"SearchAction","target":{"@type":"EntryPoint","urlTemplate":"https:\/\/jinsuncarbon.com\/?s={search_term_string}"},"query-input":{"@type":"PropertyValueSpecification","valueRequired":true,"valueName":"search_term_string"}}],"inLanguage":"it-IT"},{"@type":"Organization","@id":"https:\/\/jinsuncarbon.com\/#organization","name":"Jinsun Carbon","alternateName":"Jinsun Carbon","url":"https:\/\/jinsuncarbon.com\/","logo":{"@type":"ImageObject","inLanguage":"it-IT","@id":"https:\/\/jinsuncarbon.com\/#\/schema\/logo\/image\/","url":"https:\/\/jinsuncarbon.com\/wp-content\/uploads\/2022\/12\/LOGO-1.png","contentUrl":"https:\/\/jinsuncarbon.com\/wp-content\/uploads\/2022\/12\/LOGO-1.png","width":207,"height":80,"caption":"Jinsun Carbon"},"image":{"@id":"https:\/\/jinsuncarbon.com\/#\/schema\/logo\/image\/"},"sameAs":["https:\/\/www.facebook.com\/Graphite-Electrode-109336238661595","https:\/\/x.com\/jinsuncarbon_","https:\/\/www.linkedin.com\/in\/jinsungraphite","https:\/\/www.youtube.com\/channel\/UCysDNyvyR5-3cCWEmpkVC0g"]}]}},"_links":{"self":[{"href":"https:\/\/jinsuncarbon.com\/it\/wp-json\/wp\/v2\/product\/6950","targetHints":{"allow":["GET"]}}],"collection":[{"href":"https:\/\/jinsuncarbon.com\/it\/wp-json\/wp\/v2\/product"}],"about":[{"href":"https:\/\/jinsuncarbon.com\/it\/wp-json\/wp\/v2\/types\/product"}],"wp:featuredmedia":[{"embeddable":true,"href":"https:\/\/jinsuncarbon.com\/it\/wp-json\/wp\/v2\/media\/6967"}],"wp:attachment":[{"href":"https:\/\/jinsuncarbon.com\/it\/wp-json\/wp\/v2\/media?parent=6950"}],"wp:term":[{"taxonomy":"product_brand","embeddable":true,"href":"https:\/\/jinsuncarbon.com\/it\/wp-json\/wp\/v2\/product_brand?post=6950"},{"taxonomy":"product_cat","embeddable":true,"href":"https:\/\/jinsuncarbon.com\/it\/wp-json\/wp\/v2\/product_cat?post=6950"},{"taxonomy":"product_tag","embeddable":true,"href":"https:\/\/jinsuncarbon.com\/it\/wp-json\/wp\/v2\/product_tag?post=6950"}],"curies":[{"name":"wp","href":"https:\/\/api.w.org\/{rel}","templated":true}]}}