{"id":6931,"date":"2024-12-05T15:02:51","date_gmt":"2024-12-05T15:02:51","guid":{"rendered":"https:\/\/jinsuncarbon.com\/?post_type=product&#038;p=6931"},"modified":"2024-12-09T14:53:40","modified_gmt":"2024-12-09T14:53:40","slug":"fibra-di-carbonio","status":"publish","type":"product","link":"https:\/\/jinsuncarbon.com\/it\/prodotto\/fibra-di-carbonio\/","title":{"rendered":"Fibra di carbonio"},"content":{"rendered":"<h2>Composizione e propriet\u00e0 della fibra di carbonio<\/h2>\n<p>La fibra di carbonio \u00e8 un tipo di materiale in fibra ad alte prestazioni con l'elemento carbonio come componente principale.<\/p>\n<ul>\n<li>Alta resistenza<\/li>\n<\/ul>\n<p>Questa elevata resistenza deriva dalla sua microstruttura unica. La sua struttura compatta la rende in grado di sopportare enormi forze esterne senza rompersi facilmente. In termini di compressione della fibra di carbonio, anche se le sue prestazioni in compressione sono leggermente peggiori rispetto alla trazione, mostra comunque una buona resistenza; inoltre, la resistenza alla compressione della fibra di carbonio rispetto all'acciaio, nella forza specifica (rapporto forza\/densit\u00e0) ha un vantaggio significativo, nel settore aerospaziale e in altri settori estremamente sensibili al peso del materiale, questa caratteristica la fa risaltare.<\/p>\n<p>&nbsp;<\/p>\n<ul>\n<li>Bassa densit\u00e0<\/li>\n<\/ul>\n<p>La densit\u00e0 della fibra di carbonio \u00e8 di circa 1,5-2,0 g \/cm\u00b3, pari a circa 1\/4-1\/5 della densit\u00e0 dell'acciaio. La bassa densit\u00e0 della fibra di carbonio \u00e8 dovuta principalmente alla sua particolare microstruttura. La fibra organica viene carbonizzata ad alta temperatura, durante la quale un gran numero di elementi non carboniosi come idrogeno, ossigeno e azoto vengono rimossi, e gli atomi di carbonio formano un <a href=\"https:\/\/jinsuncarbon.com\/it\/che-cose-la-grafite-e-di-che-cosa-e-fatta-la-grafite\/\">grafite<\/a>-struttura cristallina simile a quella del carbonio, disposta lungo l'asse della fibra. Questa disposizione conferisce alla fibra di carbonio un'elevata resistenza e una struttura interna relativamente libera, con un'ampia spaziatura atomica e una maggioranza di pesi leggeri. <a href=\"https:\/\/www.toppr.com\/guides\/chemistry\/carbon-and-its-compounds\/carbon\/#:~:text=The%20atomic%20number%20of%20carbon,to%20an%20almost%20unlimited%20degree.\" target=\"_blank\" rel=\"noopener\">atomi di carbonio<\/a>, quindi la densit\u00e0 complessiva \u00e8 bassa.<\/p>\n<p>&nbsp;<\/p>\n<ul>\n<li>Buona stabilit\u00e0 chimica<\/li>\n<\/ul>\n<p>La fibra di carbonio ha una buona tolleranza agli agenti chimici generici, pu\u00f2 mantenere prestazioni stabili in una variet\u00e0 di ambienti chimici, come acidi e alcali, e non \u00e8 facile provocare reazioni chimiche per degradare le prestazioni, garantendo cos\u00ec un lavoro affidabile a lungo termine in condizioni complesse. Che si tratti di un ambiente marino umido o di un sito industriale soggetto a corrosione chimica, i prodotti in fibra di carbonio possono mantenere l'integrit\u00e0 strutturale e la stabilit\u00e0 delle prestazioni a lungo termine.<\/p>\n<p>&nbsp;<\/p>\n<h2><strong>Produzione di fibra di carbonio<\/strong><\/h2>\n<p>Fibra di carbonio<strong><b>\u00a0<\/b><\/strong>la produzione \u00e8 pi\u00f9 complessa e fine. La prima \u00e8 la preparazione delle materie prime, e le fibre di poliacrilonitrile (PAN) sono utilizzate come precursori. Poi viene effettuato un trattamento di pre-ossidazione, in modo che la fibra venga riscaldata in aria a circa 200-300\u00b0C, formando una struttura trapezoidale stabile al calore. Segue il <a href=\"https:\/\/en.wikipedia.org\/wiki\/Carbonization\" target=\"_blank\" rel=\"noopener\">carbonizzazione<\/a> processo, sotto la protezione di un gas inerte, la fibra pre-ossidata viene riscaldata a 1000-1500 \u00b0 C per rimuovere l'elemento di carbonio e formare una fibra di carbonio con una maggiore <a href=\"https:\/\/jinsuncarbon.com\/it\/usi-del-carbonio\/\">carbone<\/a> contenuto. Pu\u00f2 poi essere grafitizzato per migliorare ulteriormente la cristallinit\u00e0 e le propriet\u00e0 delle fibre.<\/p>\n<p>&nbsp;<\/p>\n<p>Nella fase di formatura, lo stampaggio a compressione della fibra di carbonio \u00e8 uno dei metodi comunemente utilizzati: la fibra di carbonio e la resina e altri materiali di matrice vengono mescolati in una certa proporzione, inseriti nello stampo e solidificati in determinate condizioni di pressione e temperatura per ottenere materiali compositi di varie forme, come piastre in fibra di carbonio, tubi e cos\u00ec via. In questo processo, il controllo preciso di pressione, temperatura, tempo e altri parametri \u00e8 essenziale per garantire la qualit\u00e0 del prodotto. Pertanto, quando si selezionano fibre di carbonio di alta qualit\u00e0, \u00e8 necessario considerare con attenzione gli indicatori di prestazione chiave, come la resistenza alla trazione in Mpa, la resistenza alla compressione, il modulo elastico e la densit\u00e0 della fibra di carbonio.<\/p>\n<p>&nbsp;<\/p>\n<p>Se volete saperne di pi\u00f9 sulla fibra di carbonio, i vostri fornitori di fibra di carbonio vi forniranno spiegazioni e indicazioni professionali e vi daranno un'ampia gamma di consigli tecnici. Inoltre, potete scegliere tra un'ampia gamma di tipi di prodotti in fibra di carbonio, come la fibra di carbonio unidirezionale, la fibra di carbonio intrecciata, la fibra di carbonio tagliata o la fibra di carbonio preimpregnata.<\/p>\n<p>&nbsp;<\/p>\n<p>&nbsp;<\/p>\n<h2>Applicazioni delle fibre di carbonio<\/h2>\n<p>Aerospaziale<\/p>\n<p>La fibra di carbonio pu\u00f2 essere utilizzata per ali, fusoliere e altri componenti strutturali degli aerei. Ha caratteristiche di leggerezza e alta resistenza. \u00c8 in grado di ridurre il peso dell'aeromobile, di soddisfare i vari requisiti meccanici durante il volo, come la resistenza alla trazione e alla compressione in volo, e di migliorare l'efficienza del carburante.<\/p>\n<p>&nbsp;<\/p>\n<p>Industria automobilistica<\/p>\n<p>La fibra di carbonio pu\u00f2 essere utilizzata per produrre telai di carrozzerie, componenti, ecc. L'uso della fibra di carbonio pu\u00f2 ridurre efficacemente il peso proprio dell'auto, migliorare le prestazioni di accelerazione e il risparmio di carburante dell'auto e, quando il veicolo \u00e8 sottoposto a forze esterne come le collisioni, la sua buona resistenza alla compressione pu\u00f2 fornire una certa protezione di sicurezza.<\/p>\n<p><strong><b>\u00a0<\/b><\/strong><\/p>\n<p>Articoli sportivi<\/p>\n<p>Anche il settore degli articoli sportivi \u00e8 indissociabile dalla fibra di carbonio. Le racchette da badminton, le racchette da tennis e le mazze da golf di alta gamma sono realizzate in fibra di carbonio. Pu\u00f2 fornire una buona resistenza alla trazione e prestazioni di maneggevolezza per le attrezzature sportive, in modo che gli atleti possano giocare a un livello migliore durante l'uso.<\/p>","protected":false},"excerpt":{"rendered":"<p>La fibra di carbonio \u00e8 costituita da fibre organiche (come fibre di poliacrilonitrile, fibre di asfalto, ecc.) attraverso una serie di processi complessi come la carbonizzazione ad alta temperatura. Il suo contenuto di carbonio \u00e8 solitamente superiore a 90%, con caratteristiche eccellenti come l'alta resistenza, la bassa densit\u00e0 e la resistenza alle alte temperature, svolgendo un ruolo chiave in molti campi avanzati.<\/p>\n<p>La fibra di carbonio pu\u00f2 presentare una variet\u00e0 di forme. A seconda delle esigenze specifiche, possono essere lavorati con precisione per adattarsi alle dimensioni esatte.<\/p>","protected":false},"featured_media":6934,"template":"","meta":[],"product_brand":[],"product_cat":[39],"product_tag":[],"class_list":{"0":"post-6931","1":"product","2":"type-product","3":"status-publish","4":"has-post-thumbnail","6":"product_cat-carbon-products","8":"first","9":"instock","10":"shipping-taxable","11":"product-type-simple"},"yoast_head":"<!-- This site is optimized with the Yoast SEO Premium plugin v19.2.1 (Yoast SEO v25.3) - https:\/\/yoast.com\/wordpress\/plugins\/seo\/ -->\n<title>Carbon Fiber Manufacturer - Best Price| Jinsun Carbon<\/title>\n<meta name=\"description\" content=\"Carbon fiber manufacturer in China, carbon fiber best prices for sale.\" \/>\n<meta name=\"robots\" content=\"index, follow, max-snippet:-1, max-image-preview:large, max-video-preview:-1\" \/>\n<link rel=\"canonical\" href=\"https:\/\/jinsuncarbon.com\/it\/prodotto\/fibra-di-carbonio\/\" \/>\n<meta property=\"og:locale\" content=\"it_IT\" \/>\n<meta property=\"og:type\" content=\"article\" \/>\n<meta property=\"og:title\" content=\"Carbon Fiber\" \/>\n<meta property=\"og:description\" content=\"Carbon fiber manufacturer in China, carbon fiber best prices for sale.\" \/>\n<meta property=\"og:url\" content=\"https:\/\/jinsuncarbon.com\/it\/prodotto\/fibra-di-carbonio\/\" \/>\n<meta property=\"og:site_name\" content=\"Jinsun Carbon\" \/>\n<meta property=\"article:publisher\" content=\"https:\/\/www.facebook.com\/Graphite-Electrode-109336238661595\" \/>\n<meta property=\"article:modified_time\" content=\"2024-12-09T14:53:40+00:00\" \/>\n<meta property=\"og:image\" content=\"https:\/\/jinsuncarbon.com\/wp-content\/uploads\/2024\/12\/Carbon-Fiber.jpg\" \/>\n\t<meta property=\"og:image:width\" content=\"1024\" \/>\n\t<meta property=\"og:image:height\" content=\"763\" \/>\n\t<meta property=\"og:image:type\" content=\"image\/jpeg\" \/>\n<meta name=\"twitter:card\" content=\"summary_large_image\" \/>\n<meta name=\"twitter:site\" content=\"@jinsuncarbon_\" \/>\n<meta name=\"twitter:label1\" content=\"Tempo di lettura stimato\" \/>\n\t<meta name=\"twitter:data1\" content=\"4 minuti\" \/>\n<script type=\"application\/ld+json\" class=\"yoast-schema-graph\">{\"@context\":\"https:\/\/schema.org\",\"@graph\":[{\"@type\":\"WebPage\",\"@id\":\"https:\/\/jinsuncarbon.com\/product\/carbon-fiber\/\",\"url\":\"https:\/\/jinsuncarbon.com\/product\/carbon-fiber\/\",\"name\":\"Carbon Fiber Manufacturer - Best Price| Jinsun Carbon\",\"isPartOf\":{\"@id\":\"https:\/\/jinsuncarbon.com\/#website\"},\"primaryImageOfPage\":{\"@id\":\"https:\/\/jinsuncarbon.com\/product\/carbon-fiber\/#primaryimage\"},\"image\":{\"@id\":\"https:\/\/jinsuncarbon.com\/product\/carbon-fiber\/#primaryimage\"},\"thumbnailUrl\":\"https:\/\/jinsuncarbon.com\/wp-content\/uploads\/2024\/12\/Carbon-Fiber.jpg\",\"datePublished\":\"2024-12-05T15:02:51+00:00\",\"dateModified\":\"2024-12-09T14:53:40+00:00\",\"description\":\"Carbon fiber manufacturer in China, carbon fiber best prices for sale.\",\"breadcrumb\":{\"@id\":\"https:\/\/jinsuncarbon.com\/product\/carbon-fiber\/#breadcrumb\"},\"inLanguage\":\"it-IT\",\"potentialAction\":[{\"@type\":\"ReadAction\",\"target\":[\"https:\/\/jinsuncarbon.com\/product\/carbon-fiber\/\"]}]},{\"@type\":\"ImageObject\",\"inLanguage\":\"it-IT\",\"@id\":\"https:\/\/jinsuncarbon.com\/product\/carbon-fiber\/#primaryimage\",\"url\":\"https:\/\/jinsuncarbon.com\/wp-content\/uploads\/2024\/12\/Carbon-Fiber.jpg\",\"contentUrl\":\"https:\/\/jinsuncarbon.com\/wp-content\/uploads\/2024\/12\/Carbon-Fiber.jpg\",\"width\":1024,\"height\":763,\"caption\":\"Carbon Fiber\"},{\"@type\":\"BreadcrumbList\",\"@id\":\"https:\/\/jinsuncarbon.com\/product\/carbon-fiber\/#breadcrumb\",\"itemListElement\":[{\"@type\":\"ListItem\",\"position\":1,\"name\":\"Home\",\"item\":\"https:\/\/jinsuncarbon.com\/\"},{\"@type\":\"ListItem\",\"position\":2,\"name\":\"Products\",\"item\":\"https:\/\/jinsuncarbon.com\/graphite-carbon\/\"},{\"@type\":\"ListItem\",\"position\":3,\"name\":\"Carbon Fiber\"}]},{\"@type\":\"WebSite\",\"@id\":\"https:\/\/jinsuncarbon.com\/#website\",\"url\":\"https:\/\/jinsuncarbon.com\/\",\"name\":\"Jinsun Carbon\",\"description\":\"We are the successful graphite electrode manufacturer in China\",\"publisher\":{\"@id\":\"https:\/\/jinsuncarbon.com\/#organization\"},\"potentialAction\":[{\"@type\":\"SearchAction\",\"target\":{\"@type\":\"EntryPoint\",\"urlTemplate\":\"https:\/\/jinsuncarbon.com\/?s={search_term_string}\"},\"query-input\":{\"@type\":\"PropertyValueSpecification\",\"valueRequired\":true,\"valueName\":\"search_term_string\"}}],\"inLanguage\":\"it-IT\"},{\"@type\":\"Organization\",\"@id\":\"https:\/\/jinsuncarbon.com\/#organization\",\"name\":\"Jinsun Carbon\",\"alternateName\":\"Jinsun Carbon\",\"url\":\"https:\/\/jinsuncarbon.com\/\",\"logo\":{\"@type\":\"ImageObject\",\"inLanguage\":\"it-IT\",\"@id\":\"https:\/\/jinsuncarbon.com\/#\/schema\/logo\/image\/\",\"url\":\"https:\/\/jinsuncarbon.com\/wp-content\/uploads\/2022\/12\/LOGO-1.png\",\"contentUrl\":\"https:\/\/jinsuncarbon.com\/wp-content\/uploads\/2022\/12\/LOGO-1.png\",\"width\":207,\"height\":80,\"caption\":\"Jinsun Carbon\"},\"image\":{\"@id\":\"https:\/\/jinsuncarbon.com\/#\/schema\/logo\/image\/\"},\"sameAs\":[\"https:\/\/www.facebook.com\/Graphite-Electrode-109336238661595\",\"https:\/\/x.com\/jinsuncarbon_\",\"https:\/\/www.linkedin.com\/in\/jinsungraphite\",\"https:\/\/www.youtube.com\/channel\/UCysDNyvyR5-3cCWEmpkVC0g\"]}]}<\/script>\n<!-- \/ Yoast SEO Premium plugin. -->","yoast_head_json":{"title":"Fibra di carbonio Produttore - Miglior prezzo| Jinsun Carbon","description":"Fibra di carbonio produttore in Cina, fibra di carbonio migliori prezzi in vendita.","robots":{"index":"index","follow":"follow","max-snippet":"max-snippet:-1","max-image-preview":"max-image-preview:large","max-video-preview":"max-video-preview:-1"},"canonical":"https:\/\/jinsuncarbon.com\/it\/prodotto\/fibra-di-carbonio\/","og_locale":"it_IT","og_type":"article","og_title":"Carbon Fiber","og_description":"Carbon fiber manufacturer in China, carbon fiber best prices for sale.","og_url":"https:\/\/jinsuncarbon.com\/it\/prodotto\/fibra-di-carbonio\/","og_site_name":"Jinsun Carbon","article_publisher":"https:\/\/www.facebook.com\/Graphite-Electrode-109336238661595","article_modified_time":"2024-12-09T14:53:40+00:00","og_image":[{"width":1024,"height":763,"url":"https:\/\/jinsuncarbon.com\/wp-content\/uploads\/2024\/12\/Carbon-Fiber.jpg","type":"image\/jpeg"}],"twitter_card":"summary_large_image","twitter_site":"@jinsuncarbon_","twitter_misc":{"Tempo di lettura stimato":"4 minuti"},"schema":{"@context":"https:\/\/schema.org","@graph":[{"@type":"WebPage","@id":"https:\/\/jinsuncarbon.com\/product\/carbon-fiber\/","url":"https:\/\/jinsuncarbon.com\/product\/carbon-fiber\/","name":"Fibra di carbonio Produttore - Miglior prezzo| Jinsun Carbon","isPartOf":{"@id":"https:\/\/jinsuncarbon.com\/#website"},"primaryImageOfPage":{"@id":"https:\/\/jinsuncarbon.com\/product\/carbon-fiber\/#primaryimage"},"image":{"@id":"https:\/\/jinsuncarbon.com\/product\/carbon-fiber\/#primaryimage"},"thumbnailUrl":"https:\/\/jinsuncarbon.com\/wp-content\/uploads\/2024\/12\/Carbon-Fiber.jpg","datePublished":"2024-12-05T15:02:51+00:00","dateModified":"2024-12-09T14:53:40+00:00","description":"Fibra di carbonio produttore in Cina, fibra di carbonio migliori prezzi in vendita.","breadcrumb":{"@id":"https:\/\/jinsuncarbon.com\/product\/carbon-fiber\/#breadcrumb"},"inLanguage":"it-IT","potentialAction":[{"@type":"ReadAction","target":["https:\/\/jinsuncarbon.com\/product\/carbon-fiber\/"]}]},{"@type":"ImageObject","inLanguage":"it-IT","@id":"https:\/\/jinsuncarbon.com\/product\/carbon-fiber\/#primaryimage","url":"https:\/\/jinsuncarbon.com\/wp-content\/uploads\/2024\/12\/Carbon-Fiber.jpg","contentUrl":"https:\/\/jinsuncarbon.com\/wp-content\/uploads\/2024\/12\/Carbon-Fiber.jpg","width":1024,"height":763,"caption":"Carbon Fiber"},{"@type":"BreadcrumbList","@id":"https:\/\/jinsuncarbon.com\/product\/carbon-fiber\/#breadcrumb","itemListElement":[{"@type":"ListItem","position":1,"name":"Home","item":"https:\/\/jinsuncarbon.com\/"},{"@type":"ListItem","position":2,"name":"Products","item":"https:\/\/jinsuncarbon.com\/graphite-carbon\/"},{"@type":"ListItem","position":3,"name":"Carbon Fiber"}]},{"@type":"WebSite","@id":"https:\/\/jinsuncarbon.com\/#website","url":"https:\/\/jinsuncarbon.com\/","name":"Jinsun Carbon","description":"Siamo il produttore di elettrodi di grafite di successo in Cina","publisher":{"@id":"https:\/\/jinsuncarbon.com\/#organization"},"potentialAction":[{"@type":"SearchAction","target":{"@type":"EntryPoint","urlTemplate":"https:\/\/jinsuncarbon.com\/?s={search_term_string}"},"query-input":{"@type":"PropertyValueSpecification","valueRequired":true,"valueName":"search_term_string"}}],"inLanguage":"it-IT"},{"@type":"Organization","@id":"https:\/\/jinsuncarbon.com\/#organization","name":"Jinsun Carbon","alternateName":"Jinsun Carbon","url":"https:\/\/jinsuncarbon.com\/","logo":{"@type":"ImageObject","inLanguage":"it-IT","@id":"https:\/\/jinsuncarbon.com\/#\/schema\/logo\/image\/","url":"https:\/\/jinsuncarbon.com\/wp-content\/uploads\/2022\/12\/LOGO-1.png","contentUrl":"https:\/\/jinsuncarbon.com\/wp-content\/uploads\/2022\/12\/LOGO-1.png","width":207,"height":80,"caption":"Jinsun Carbon"},"image":{"@id":"https:\/\/jinsuncarbon.com\/#\/schema\/logo\/image\/"},"sameAs":["https:\/\/www.facebook.com\/Graphite-Electrode-109336238661595","https:\/\/x.com\/jinsuncarbon_","https:\/\/www.linkedin.com\/in\/jinsungraphite","https:\/\/www.youtube.com\/channel\/UCysDNyvyR5-3cCWEmpkVC0g"]}]}},"_links":{"self":[{"href":"https:\/\/jinsuncarbon.com\/it\/wp-json\/wp\/v2\/product\/6931","targetHints":{"allow":["GET"]}}],"collection":[{"href":"https:\/\/jinsuncarbon.com\/it\/wp-json\/wp\/v2\/product"}],"about":[{"href":"https:\/\/jinsuncarbon.com\/it\/wp-json\/wp\/v2\/types\/product"}],"wp:featuredmedia":[{"embeddable":true,"href":"https:\/\/jinsuncarbon.com\/it\/wp-json\/wp\/v2\/media\/6934"}],"wp:attachment":[{"href":"https:\/\/jinsuncarbon.com\/it\/wp-json\/wp\/v2\/media?parent=6931"}],"wp:term":[{"taxonomy":"product_brand","embeddable":true,"href":"https:\/\/jinsuncarbon.com\/it\/wp-json\/wp\/v2\/product_brand?post=6931"},{"taxonomy":"product_cat","embeddable":true,"href":"https:\/\/jinsuncarbon.com\/it\/wp-json\/wp\/v2\/product_cat?post=6931"},{"taxonomy":"product_tag","embeddable":true,"href":"https:\/\/jinsuncarbon.com\/it\/wp-json\/wp\/v2\/product_tag?post=6931"}],"curies":[{"name":"wp","href":"https:\/\/api.w.org\/{rel}","templated":true}]}}