{"id":6924,"date":"2024-12-04T13:34:00","date_gmt":"2024-12-04T13:34:00","guid":{"rendered":"https:\/\/jinsuncarbon.com\/?post_type=product&#038;p=6924"},"modified":"2024-12-30T00:23:03","modified_gmt":"2024-12-30T00:23:03","slug":"piastra-bipolare-in-grafite","status":"publish","type":"product","link":"https:\/\/jinsuncarbon.com\/it\/prodotto\/piastra-bipolare-in-grafite\/","title":{"rendered":"Piastra bipolare in grafite"},"content":{"rendered":"<p class=\"ql-align-justify\">Le piastre bipolari in grafite sono prodotte utilizzando materie prime di grafite di alta qualit\u00e0, tra cui grafite naturale e grafite di alta qualit\u00e0. <a href=\"https:\/\/jinsuncarbon.com\/it\/grafite-espandibile\/\">grafite espansa<\/a>grazie a una lavorazione di precisione. Ci\u00f2 fa s\u00ec che i nostri prodotti abbiano una buona conducibilit\u00e0 elettrica e termica. Possono migliorare efficacemente l'efficienza della batteria. Inoltre, la forte resistenza alla corrosione garantisce un funzionamento stabile a lungo termine.<\/p>\n<h2 class=\"ql-align-justify\">Propriet\u00e0 delle piastre bipolari in grafite<\/h2>\n<p class=\"ql-align-justify\">Elevata conducibilit\u00e0 elettrica: La grafite ha una buona conducibilit\u00e0 elettrica, che pu\u00f2 garantire un funzionamento efficiente delle celle a combustibile.<\/p>\n<p class=\"ql-align-justify\">Resistenza alla corrosione: I materiali in grafite forte hanno un'eccellente resistenza alla corrosione nei confronti di una variet\u00e0 di sostanze chimiche. Possono lavorare stabilmente nell'ambiente corrosivo delle celle a combustibile per lungo tempo.<\/p>\n<p class=\"ql-align-justify\">Buona conduttivit\u00e0 termica: La conducibilit\u00e0 termica della piastra bipolare in grafite pu\u00f2 raggiungere 2,17\u00d710^6 W\/(cm-K) a temperatura ambiente. E mantiene una buona conducibilit\u00e0 termica anche ad alte temperature. Il suo punto di fusione \u00e8 di 3850\u00b0C e il suo punto di ebollizione di 4250\u00b0C, il che la rende in grado di lavorare stabilmente in ambienti ad alta temperatura senza deformazioni o danni.<\/p>\n<p class=\"ql-align-justify\">Velocit\u00e0 di sgonfiaggio e permeabilit\u00e0 ridotte: Le celle a combustibile con grafite bipolare possono convertire l'idrogeno e l'ossigeno in elettricit\u00e0, ma possono produrre acqua durante la reazione. La caratteristica della grafite pu\u00f2 evitare efficacemente la fuoriuscita di gas e acqua. Ci\u00f2 garantisce il normale funzionamento della cella a combustibile.<\/p>\n<h2 class=\"ql-align-justify\">Processo di produzione della piastra bipolare in grafite<\/h2>\n<p>Selezione della materia prima e pretrattamento: Utilizziamo polvere di grafite di elevata purezza per il trattamento di essiccazione. La dimensione delle particelle \u00e8 normalmente compresa tra 10 e 50 micron.<\/p>\n<p>Formatura e indurimento preliminare: Pressatura della miscela nello stampo, polimerizzazione iniziale dopo il rilascio.<\/p>\n<p>Impregnazione e carbonizzazione: La piastra bipolare inizialmente polimerizzata viene impregnata, di solito utilizzando resina sintetica o fenolica per riempire la superficie della grafite e i pori interni. L'impregnazione richiede generalmente 24 ore o pi\u00f9 per garantire la completa penetrazione della resina.<\/p>\n<p>Successivamente, la piastra bipolare impregnata viene carbonizzata ad alta temperatura. Questa operazione ha lo scopo di convertire la resina in un materiale carbonioso, migliorando ulteriormente la resistenza e la conduttivit\u00e0 della piastra bipolare.<\/p>\n<p>Affettatura e lucidatura: affettare le piastre bipolari in grafite nello spessore appropriato. Lucidare la superficie fino a renderla liscia.<\/p>\n<p>Trattamento termico: Riscaldare la piastra bipolare polimerizzata tra 500 e 1000 gradi Celsius. Questa fase pu\u00f2 migliorare ulteriormente la cristallinit\u00e0 e la conducibilit\u00e0 elettrica della grafite. Raffreddare poi lentamente le piastre a temperatura ambiente, per evitare che le piastre bipolari in grafite si incrinino a causa dello stress termico.<\/p>\n<p>Assemblaggio e sigillatura: Assemblare le piastre bipolari in base ai requisiti della pila per formare una struttura completa della batteria. Utilizzare un sigillante o una guarnizione per sigillare la pila di batterie per evitare perdite e corrosione.<\/p>\n<p class=\"ql-align-justify\">Nell'intero processo di produzione, controlliamo rigorosamente i parametri di processo e gli standard di qualit\u00e0 di ciascun anello per garantire che le prestazioni e la qualit\u00e0 del prodotto finale soddisfino i requisiti. Effettuiamo inoltre una regolare manutenzione e pulizia delle attrezzature di produzione e dell'ambiente per mantenerne il normale funzionamento e un buon ambiente di produzione.<\/p>\n<h2 class=\"ql-align-justify\">Applicazioni<\/h2>\n<p class=\"ql-align-justify\">La piastra bipolare in grafite \u00e8 utilizzata principalmente in <a href=\"https:\/\/en.wikipedia.org\/wiki\/Fuel_cell\" target=\"_blank\" rel=\"noopener\">celle a combustibile<\/a>. Le normali batterie che rilasciano mercurio, piombo, acido e alcali dopo l'uso sono dannose per l'ambiente. Tuttavia, le celle a combustibile con piastre bipolari in grafite possono utilizzare idrogeno e <a href=\"https:\/\/en.wikipedia.org\/wiki\/Oxygen#:~:text=Oxygen%20is%20a%20chemical%20element,well%20as%20with%20other%20compounds.\" target=\"_blank\" rel=\"noopener\">ossigeno<\/a> per generare elettricit\u00e0, produrre elettricit\u00e0 e produrre vapore acqueo. Pertanto, la batteria con piastra bipolare in grafite pu\u00f2 convertire l'energia pulita in modo pi\u00f9 efficiente e rispettoso dell'ambiente. Inoltre, pu\u00f2 essere utilizzata anche negli alimentatori ausiliari fissi e nei motori dei veicoli elettrici per fornire elettricit\u00e0.<\/p>","protected":false},"excerpt":{"rendered":"<p class=\"ql-align-justify\">Le piastre bipolari di grafite sono realizzate in grafite o in materiale composito di grafite. Sono il cuore delle celle a combustibile, in grado di separare ossidanti e riducenti per condurre la corrente.\u00a0<span data-type=\"2\" data-index=\"1\" data-gid=\"0\">Sono anche materiali molto efficienti e durevoli.<\/span> Ecco le specifiche:<\/p>\n<ul>\n<li>Density:1.85-2.5g\/cm3<\/li>\n<li>Resistenza alla compressione: 80-120MPa<\/li>\n<li>Resistenza della miscela: 45-60 MPa<\/li>\n<li>Resistenza specifica: 11-13\u03bc\u03a9m<\/li>\n<li>Contenuto di ceneri: 0,1%<\/li>\n<li>Granulometria: 325Mesh<\/li>\n<li>Vantaggio: Impermeabilit\u00e0<\/li>\n<\/ul>\n<p class=\"ql-align-justify\">","protected":false},"featured_media":6927,"template":"","meta":[],"product_brand":[],"product_cat":[38],"product_tag":[],"class_list":{"0":"post-6924","1":"product","2":"type-product","3":"status-publish","4":"has-post-thumbnail","6":"product_cat-graphite-products","8":"first","9":"instock","10":"shipping-taxable","11":"product-type-simple"},"yoast_head":"<!-- This site is optimized with the Yoast SEO Premium plugin v19.2.1 (Yoast SEO v25.3) - https:\/\/yoast.com\/wordpress\/plugins\/seo\/ -->\n<title>Graphite Bipolar Plate for Fuel Cell | Jinsun Carbon<\/title>\n<meta name=\"robots\" content=\"index, follow, max-snippet:-1, max-image-preview:large, max-video-preview:-1\" \/>\n<link rel=\"canonical\" href=\"https:\/\/jinsuncarbon.com\/it\/prodotto\/piastra-bipolare-in-grafite\/\" \/>\n<meta property=\"og:locale\" content=\"it_IT\" \/>\n<meta property=\"og:type\" content=\"article\" \/>\n<meta property=\"og:title\" content=\"Graphite Bipolar Plate\" \/>\n<meta property=\"og:description\" content=\"Graphite bipolar plates are made of graphite or graphite composite material. They are the core of fuel cells, capable of separating oxidants and reducing agents to conduct current.\u00a0They are also very efficient and durable materials. Here are specifications:    Density:1.85-2.5g\/cm3  Compressive strength: 80-120MPa  Blend\u00a0strength: 45-60 MPa  Specific\u00a0Resistance:11-13\u03bc\u03a9m  Ash\u00a0Content: 0.1%  Grain\u00a0Size: 325Mesh  Advantage: Impermeability\" \/>\n<meta property=\"og:url\" content=\"https:\/\/jinsuncarbon.com\/it\/prodotto\/piastra-bipolare-in-grafite\/\" \/>\n<meta property=\"og:site_name\" content=\"Jinsun Carbon\" \/>\n<meta property=\"article:publisher\" content=\"https:\/\/www.facebook.com\/Graphite-Electrode-109336238661595\" \/>\n<meta property=\"article:modified_time\" content=\"2024-12-30T00:23:03+00:00\" \/>\n<meta property=\"og:image\" content=\"https:\/\/jinsuncarbon.com\/wp-content\/uploads\/2024\/12\/Graphite-Bipolar-Plate.jpg\" \/>\n\t<meta property=\"og:image:width\" content=\"1024\" \/>\n\t<meta property=\"og:image:height\" content=\"763\" \/>\n\t<meta property=\"og:image:type\" content=\"image\/jpeg\" \/>\n<meta name=\"twitter:card\" content=\"summary_large_image\" \/>\n<meta name=\"twitter:site\" content=\"@jinsuncarbon_\" \/>\n<meta name=\"twitter:label1\" content=\"Tempo di lettura stimato\" \/>\n\t<meta name=\"twitter:data1\" content=\"3 minuti\" \/>\n<script type=\"application\/ld+json\" class=\"yoast-schema-graph\">{\"@context\":\"https:\/\/schema.org\",\"@graph\":[{\"@type\":\"WebPage\",\"@id\":\"https:\/\/jinsuncarbon.com\/product\/graphite-bipolar-plate\/\",\"url\":\"https:\/\/jinsuncarbon.com\/product\/graphite-bipolar-plate\/\",\"name\":\"Graphite Bipolar Plate for Fuel Cell | Jinsun Carbon\",\"isPartOf\":{\"@id\":\"https:\/\/jinsuncarbon.com\/#website\"},\"primaryImageOfPage\":{\"@id\":\"https:\/\/jinsuncarbon.com\/product\/graphite-bipolar-plate\/#primaryimage\"},\"image\":{\"@id\":\"https:\/\/jinsuncarbon.com\/product\/graphite-bipolar-plate\/#primaryimage\"},\"thumbnailUrl\":\"https:\/\/jinsuncarbon.com\/wp-content\/uploads\/2024\/12\/Graphite-Bipolar-Plate.jpg\",\"datePublished\":\"2024-12-04T13:34:00+00:00\",\"dateModified\":\"2024-12-30T00:23:03+00:00\",\"breadcrumb\":{\"@id\":\"https:\/\/jinsuncarbon.com\/product\/graphite-bipolar-plate\/#breadcrumb\"},\"inLanguage\":\"it-IT\",\"potentialAction\":[{\"@type\":\"ReadAction\",\"target\":[\"https:\/\/jinsuncarbon.com\/product\/graphite-bipolar-plate\/\"]}]},{\"@type\":\"ImageObject\",\"inLanguage\":\"it-IT\",\"@id\":\"https:\/\/jinsuncarbon.com\/product\/graphite-bipolar-plate\/#primaryimage\",\"url\":\"https:\/\/jinsuncarbon.com\/wp-content\/uploads\/2024\/12\/Graphite-Bipolar-Plate.jpg\",\"contentUrl\":\"https:\/\/jinsuncarbon.com\/wp-content\/uploads\/2024\/12\/Graphite-Bipolar-Plate.jpg\",\"width\":1024,\"height\":763,\"caption\":\"Graphite Bipolar Plate\"},{\"@type\":\"BreadcrumbList\",\"@id\":\"https:\/\/jinsuncarbon.com\/product\/graphite-bipolar-plate\/#breadcrumb\",\"itemListElement\":[{\"@type\":\"ListItem\",\"position\":1,\"name\":\"Home\",\"item\":\"https:\/\/jinsuncarbon.com\/\"},{\"@type\":\"ListItem\",\"position\":2,\"name\":\"Products\",\"item\":\"https:\/\/jinsuncarbon.com\/graphite-carbon\/\"},{\"@type\":\"ListItem\",\"position\":3,\"name\":\"Graphite Bipolar Plate\"}]},{\"@type\":\"WebSite\",\"@id\":\"https:\/\/jinsuncarbon.com\/#website\",\"url\":\"https:\/\/jinsuncarbon.com\/\",\"name\":\"Jinsun Carbon\",\"description\":\"We are the successful graphite electrode manufacturer in China\",\"publisher\":{\"@id\":\"https:\/\/jinsuncarbon.com\/#organization\"},\"potentialAction\":[{\"@type\":\"SearchAction\",\"target\":{\"@type\":\"EntryPoint\",\"urlTemplate\":\"https:\/\/jinsuncarbon.com\/?s={search_term_string}\"},\"query-input\":{\"@type\":\"PropertyValueSpecification\",\"valueRequired\":true,\"valueName\":\"search_term_string\"}}],\"inLanguage\":\"it-IT\"},{\"@type\":\"Organization\",\"@id\":\"https:\/\/jinsuncarbon.com\/#organization\",\"name\":\"Jinsun Carbon\",\"alternateName\":\"Jinsun Carbon\",\"url\":\"https:\/\/jinsuncarbon.com\/\",\"logo\":{\"@type\":\"ImageObject\",\"inLanguage\":\"it-IT\",\"@id\":\"https:\/\/jinsuncarbon.com\/#\/schema\/logo\/image\/\",\"url\":\"https:\/\/jinsuncarbon.com\/wp-content\/uploads\/2022\/12\/LOGO-1.png\",\"contentUrl\":\"https:\/\/jinsuncarbon.com\/wp-content\/uploads\/2022\/12\/LOGO-1.png\",\"width\":207,\"height\":80,\"caption\":\"Jinsun Carbon\"},\"image\":{\"@id\":\"https:\/\/jinsuncarbon.com\/#\/schema\/logo\/image\/\"},\"sameAs\":[\"https:\/\/www.facebook.com\/Graphite-Electrode-109336238661595\",\"https:\/\/x.com\/jinsuncarbon_\",\"https:\/\/www.linkedin.com\/in\/jinsungraphite\",\"https:\/\/www.youtube.com\/channel\/UCysDNyvyR5-3cCWEmpkVC0g\"]}]}<\/script>\n<!-- \/ Yoast SEO Premium plugin. -->","yoast_head_json":{"title":"Piastra bipolare in grafite per celle a combustibile | Jinsun Carbon","robots":{"index":"index","follow":"follow","max-snippet":"max-snippet:-1","max-image-preview":"max-image-preview:large","max-video-preview":"max-video-preview:-1"},"canonical":"https:\/\/jinsuncarbon.com\/it\/prodotto\/piastra-bipolare-in-grafite\/","og_locale":"it_IT","og_type":"article","og_title":"Graphite Bipolar Plate","og_description":"Graphite bipolar plates are made of graphite or graphite composite material. They are the core of fuel cells, capable of separating oxidants and reducing agents to conduct current.\u00a0They are also very efficient and durable materials. Here are specifications:    Density:1.85-2.5g\/cm3  Compressive strength: 80-120MPa  Blend\u00a0strength: 45-60 MPa  Specific\u00a0Resistance:11-13\u03bc\u03a9m  Ash\u00a0Content: 0.1%  Grain\u00a0Size: 325Mesh  Advantage: Impermeability","og_url":"https:\/\/jinsuncarbon.com\/it\/prodotto\/piastra-bipolare-in-grafite\/","og_site_name":"Jinsun Carbon","article_publisher":"https:\/\/www.facebook.com\/Graphite-Electrode-109336238661595","article_modified_time":"2024-12-30T00:23:03+00:00","og_image":[{"width":1024,"height":763,"url":"https:\/\/jinsuncarbon.com\/wp-content\/uploads\/2024\/12\/Graphite-Bipolar-Plate.jpg","type":"image\/jpeg"}],"twitter_card":"summary_large_image","twitter_site":"@jinsuncarbon_","twitter_misc":{"Tempo di lettura stimato":"3 minuti"},"schema":{"@context":"https:\/\/schema.org","@graph":[{"@type":"WebPage","@id":"https:\/\/jinsuncarbon.com\/product\/graphite-bipolar-plate\/","url":"https:\/\/jinsuncarbon.com\/product\/graphite-bipolar-plate\/","name":"Piastra bipolare in grafite per celle a combustibile | Jinsun Carbon","isPartOf":{"@id":"https:\/\/jinsuncarbon.com\/#website"},"primaryImageOfPage":{"@id":"https:\/\/jinsuncarbon.com\/product\/graphite-bipolar-plate\/#primaryimage"},"image":{"@id":"https:\/\/jinsuncarbon.com\/product\/graphite-bipolar-plate\/#primaryimage"},"thumbnailUrl":"https:\/\/jinsuncarbon.com\/wp-content\/uploads\/2024\/12\/Graphite-Bipolar-Plate.jpg","datePublished":"2024-12-04T13:34:00+00:00","dateModified":"2024-12-30T00:23:03+00:00","breadcrumb":{"@id":"https:\/\/jinsuncarbon.com\/product\/graphite-bipolar-plate\/#breadcrumb"},"inLanguage":"it-IT","potentialAction":[{"@type":"ReadAction","target":["https:\/\/jinsuncarbon.com\/product\/graphite-bipolar-plate\/"]}]},{"@type":"ImageObject","inLanguage":"it-IT","@id":"https:\/\/jinsuncarbon.com\/product\/graphite-bipolar-plate\/#primaryimage","url":"https:\/\/jinsuncarbon.com\/wp-content\/uploads\/2024\/12\/Graphite-Bipolar-Plate.jpg","contentUrl":"https:\/\/jinsuncarbon.com\/wp-content\/uploads\/2024\/12\/Graphite-Bipolar-Plate.jpg","width":1024,"height":763,"caption":"Graphite Bipolar Plate"},{"@type":"BreadcrumbList","@id":"https:\/\/jinsuncarbon.com\/product\/graphite-bipolar-plate\/#breadcrumb","itemListElement":[{"@type":"ListItem","position":1,"name":"Home","item":"https:\/\/jinsuncarbon.com\/"},{"@type":"ListItem","position":2,"name":"Products","item":"https:\/\/jinsuncarbon.com\/graphite-carbon\/"},{"@type":"ListItem","position":3,"name":"Graphite Bipolar Plate"}]},{"@type":"WebSite","@id":"https:\/\/jinsuncarbon.com\/#website","url":"https:\/\/jinsuncarbon.com\/","name":"Jinsun Carbon","description":"Siamo il produttore di elettrodi di grafite di successo in Cina","publisher":{"@id":"https:\/\/jinsuncarbon.com\/#organization"},"potentialAction":[{"@type":"SearchAction","target":{"@type":"EntryPoint","urlTemplate":"https:\/\/jinsuncarbon.com\/?s={search_term_string}"},"query-input":{"@type":"PropertyValueSpecification","valueRequired":true,"valueName":"search_term_string"}}],"inLanguage":"it-IT"},{"@type":"Organization","@id":"https:\/\/jinsuncarbon.com\/#organization","name":"Jinsun Carbon","alternateName":"Jinsun Carbon","url":"https:\/\/jinsuncarbon.com\/","logo":{"@type":"ImageObject","inLanguage":"it-IT","@id":"https:\/\/jinsuncarbon.com\/#\/schema\/logo\/image\/","url":"https:\/\/jinsuncarbon.com\/wp-content\/uploads\/2022\/12\/LOGO-1.png","contentUrl":"https:\/\/jinsuncarbon.com\/wp-content\/uploads\/2022\/12\/LOGO-1.png","width":207,"height":80,"caption":"Jinsun Carbon"},"image":{"@id":"https:\/\/jinsuncarbon.com\/#\/schema\/logo\/image\/"},"sameAs":["https:\/\/www.facebook.com\/Graphite-Electrode-109336238661595","https:\/\/x.com\/jinsuncarbon_","https:\/\/www.linkedin.com\/in\/jinsungraphite","https:\/\/www.youtube.com\/channel\/UCysDNyvyR5-3cCWEmpkVC0g"]}]}},"_links":{"self":[{"href":"https:\/\/jinsuncarbon.com\/it\/wp-json\/wp\/v2\/product\/6924","targetHints":{"allow":["GET"]}}],"collection":[{"href":"https:\/\/jinsuncarbon.com\/it\/wp-json\/wp\/v2\/product"}],"about":[{"href":"https:\/\/jinsuncarbon.com\/it\/wp-json\/wp\/v2\/types\/product"}],"wp:featuredmedia":[{"embeddable":true,"href":"https:\/\/jinsuncarbon.com\/it\/wp-json\/wp\/v2\/media\/6927"}],"wp:attachment":[{"href":"https:\/\/jinsuncarbon.com\/it\/wp-json\/wp\/v2\/media?parent=6924"}],"wp:term":[{"taxonomy":"product_brand","embeddable":true,"href":"https:\/\/jinsuncarbon.com\/it\/wp-json\/wp\/v2\/product_brand?post=6924"},{"taxonomy":"product_cat","embeddable":true,"href":"https:\/\/jinsuncarbon.com\/it\/wp-json\/wp\/v2\/product_cat?post=6924"},{"taxonomy":"product_tag","embeddable":true,"href":"https:\/\/jinsuncarbon.com\/it\/wp-json\/wp\/v2\/product_tag?post=6924"}],"curies":[{"name":"wp","href":"https:\/\/api.w.org\/{rel}","templated":true}]}}