{"id":6920,"date":"2024-12-03T14:47:39","date_gmt":"2024-12-03T14:47:39","guid":{"rendered":"https:\/\/jinsuncarbon.com\/?post_type=product&#038;p=6920"},"modified":"2025-01-02T10:00:10","modified_gmt":"2025-01-02T10:00:10","slug":"carbonio-composito","status":"publish","type":"product","link":"https:\/\/jinsuncarbon.com\/it\/prodotto\/carbonio-composito\/","title":{"rendered":"Composito carbonio-carbonio"},"content":{"rendered":"<p>Compositi carbonio-carbonio, comunemente chiamati anche carbonio-carbonio rinforzato. Questi materiali sono resistenti alle alte temperature (in assenza di ossigeno), hanno un'elevata resistenza meccanica alle alte temperature, sono leggeri e hanno un'elevata resistenza specifica. In particolare, questi materiali hanno buone propriet\u00e0 di assorbimento di alcune onde. Pertanto, i materiali compositi carbonio-carbonio sono ampiamente utilizzati nell'industria aerospaziale e militare.<\/p>\n<h2>Propriet\u00e0 dei compositi carbonio-carbonio<\/h2>\n<ul>\n<li>Alta resistenza<\/li>\n<\/ul>\n<p><span data-type=\"2\" data-index=\"1\" data-gid=\"0\">La struttura del composito di carbonio \u00e8 incredibilmente forte ed \u00e8 formata da fibre di carbonio.<\/span>\u00a0I CCC presentano una resistenza eccezionale non solo a temperatura ambiente, ma anche ad alte temperature, il che li rende adatti ad essere applicati in aree difficili.<\/p>\n<ul>\n<li>Stabilit\u00e0 termica<\/li>\n<\/ul>\n<p><span data-type=\"2\" data-index=\"3\" data-gid=\"1\">I compositi carbonio-carbonio sono in grado di resistere a temperature estremamente elevate senza diventare fragili.<\/span>\u00a0Per questo motivo sono comunemente utilizzati anche in applicazioni ad altissimo calore, tra cui la difesa e le applicazioni automobilistiche.<\/p>\n<ul>\n<li>Resistenza alla corrosione<\/li>\n<\/ul>\n<p>I compositi carbonio-carbonio hanno una buona resistenza alla corrosione. Non arrugginiscono e non si rompono con gli agenti chimici o l'umidit\u00e0, come invece fanno i metalli. Questo li rende ideali per l'uso in ambienti estremi, dove i materiali tradizionali non resisterebbero.<\/p>\n<h2>Produzione di compositi carbonio-carbonio<\/h2>\n<p><span data-type=\"2\" data-index=\"5\" data-gid=\"2\">In primo luogo, le fibre di carbonio vengono intrecciate in un tessuto o in un tappeto per creare compositi carbonio-carbonio.<\/span>\u00a0Pertanto, queste fibre vengono impregnate con una matrice di carbonio, di solito con l'aiuto di un processo chiamato infiltrazione di vapore chimico (CVI). Le fibre sono tenute insieme dalla matrice, creando cos\u00ec una struttura solida. Questo composito viene poi riscaldato ad alte temperature per sviluppare le sue propriet\u00e0 di aeropulsione.<\/p>\n<p>Si tratta di un processo produttivo che consente una grande personalizzazione; il prodotto finale pu\u00f2 essere ottimizzato per determinate applicazioni. Il risultato \u00e8 un materiale con una resistenza estremamente elevata e un peso ridotto, con una firma termica eccellente.<\/p>\n<h2>Tipi di compositi carbonio-carbonio<\/h2>\n<h3>Compositi di carbonio rinforzati con fibre<\/h3>\n<p>Il tipo pi\u00f9 comune che produciamo \u00e8 quello dei compositi rinforzati con fibre di carbonio. Hanno una struttura di fibre di carbonio all'interno di una <a href=\"https:\/\/jinsuncarbon.com\/it\/usi-del-carbonio\/\">carbone<\/a>-a base di matrice. Le fibre contribuiscono alla resistenza e alla rigidit\u00e0, mentre la matrice conferisce stabilit\u00e0 e durata. Il risultato di questa combinazione \u00e8 che i compositi fibrorinforzati sono adatti per applicazioni su tendini e ad alte prestazioni.<\/p>\n<h3>Compositi carbonio-carbonio con matrice ceramica<\/h3>\n<p>Alcuni compositi carbonio-carbonio sono rinforzati con una matrice ceramica. La ceramica aggiunge resistenza all'usura e agli shock termici. Ci\u00f2 rende questi compositi ancora pi\u00f9 stabili e resistenti al calore, perfetti per l'uso in ambienti estremi, come gli ugelli dei razzi o i dischi dei freni.<\/p>\n<h2>Applicazioni dei compositi carbonio-carbonio<\/h2>\n<ul>\n<li>Industria aerospaziale<\/li>\n<\/ul>\n<p>Sono ampiamente utilizzati nel settore aerospaziale come compositi carbonio-carbonio. Resistono a temperature estreme e offrono una notevole resistenza a fronte di un peso ridotto, rendendoli ideali per l'uso in componenti di motori a reazione, sistemi frenanti e scudi termici.<\/p>\n<p>Il materiale composito carbonio-carbonio utilizzato per le pastiglie dei freni \u00e8 leggero, ha un basso coefficiente di attrito e un'elevata capacit\u00e0 di frenata alle alte temperature.<\/p>\n<p>Come materiali strutturali per gli aerei, sono forti e resistenti alla corrosione e la fusoliera non si deforma n\u00e9 si corrode in caso di funzionamento a lungo termine.<\/p>\n<ul>\n<li>Fotovoltaico<\/li>\n<\/ul>\n<p>I materiali compositi carbonio-carbonio possono essere utilizzati per fondere i materiali di silicio in <a href=\"https:\/\/en.wikipedia.org\/wiki\/Vacuum_furnace\" target=\"_blank\" rel=\"noopener\">forni a vuoto<\/a> per la crescita di cristalli singoli di alta qualit\u00e0. Fornisce un campo termico di alta qualit\u00e0 per il processo di cristalli singoli di CZ, per garantire l'integrit\u00e0 strutturale del prodotto. <a href=\"https:\/\/www.britannica.com\/science\/single-crystal\" target=\"_blank\" rel=\"noopener\">cristallo singolo<\/a>.<\/p>\n<ul>\n<li>Applicazioni militari<\/li>\n<\/ul>\n<p>Sulla base del suo utilizzo in ambito militare, i compositi carbonio-carbonio sono impiegati in numerose applicazioni come componenti missilistici, proiettili perforanti e scudi termici. Anche le tecnologie di difesa richiedono sensori in grado di operare in condizioni estreme di temperatura e pressione.<\/p>\n<p>&nbsp;<\/p>","protected":false},"excerpt":{"rendered":"<p>I materiali compositi carbonio-carbonio sono un nuovo tipo di materiale dalle prestazioni eccellenti realizzato con fibra di carbonio e matrice a base di carbonio e sottoposto a trattamento termico ad alta temperatura. Questi materiali hanno caratteristiche di elevata resistenza, grande modulo, resistenza alle alte temperature e alla corrosione. Per questo motivo, sono ampiamente utilizzati nei settori aerospaziale, automobilistico, navale, chimico e in altri campi.<\/p>","protected":false},"featured_media":6922,"template":"","meta":[],"product_brand":[],"product_cat":[39],"product_tag":[],"class_list":{"0":"post-6920","1":"product","2":"type-product","3":"status-publish","4":"has-post-thumbnail","6":"product_cat-carbon-products","8":"first","9":"instock","10":"shipping-taxable","11":"product-type-simple"},"yoast_head":"<!-- This site is optimized with the Yoast SEO Premium plugin v19.2.1 (Yoast SEO v25.3) - https:\/\/yoast.com\/wordpress\/plugins\/seo\/ -->\n<title>Carbon Composite Manufacturer in China | Jinsun Carbon<\/title>\n<meta name=\"description\" content=\"Carbon-carbon composite (CCCs) consist of a carbon matrix with carbon fibers arranged to achieve the smallest necessary area for the structure.\" \/>\n<meta name=\"robots\" content=\"index, follow, max-snippet:-1, max-image-preview:large, max-video-preview:-1\" \/>\n<link rel=\"canonical\" href=\"https:\/\/jinsuncarbon.com\/it\/prodotto\/carbonio-composito\/\" \/>\n<meta property=\"og:locale\" content=\"it_IT\" \/>\n<meta property=\"og:type\" content=\"article\" \/>\n<meta property=\"og:title\" content=\"Carbon-Carbon Composite\" \/>\n<meta property=\"og:description\" content=\"Carbon-carbon composite (CCCs) consist of a carbon matrix with carbon fibers arranged to achieve the smallest necessary area for the structure.\" \/>\n<meta property=\"og:url\" content=\"https:\/\/jinsuncarbon.com\/it\/prodotto\/carbonio-composito\/\" \/>\n<meta property=\"og:site_name\" content=\"Jinsun Carbon\" \/>\n<meta property=\"article:publisher\" content=\"https:\/\/www.facebook.com\/Graphite-Electrode-109336238661595\" \/>\n<meta property=\"article:modified_time\" content=\"2025-01-02T10:00:10+00:00\" \/>\n<meta property=\"og:image\" content=\"https:\/\/jinsuncarbon.com\/wp-content\/uploads\/2024\/12\/Carbon-Carbon-Composite.jpg\" \/>\n\t<meta property=\"og:image:width\" content=\"1024\" \/>\n\t<meta property=\"og:image:height\" content=\"763\" \/>\n\t<meta property=\"og:image:type\" content=\"image\/jpeg\" \/>\n<meta name=\"twitter:card\" content=\"summary_large_image\" \/>\n<meta name=\"twitter:site\" content=\"@jinsuncarbon_\" \/>\n<meta name=\"twitter:label1\" content=\"Tempo di lettura stimato\" \/>\n\t<meta name=\"twitter:data1\" content=\"3 minuti\" \/>\n<script type=\"application\/ld+json\" class=\"yoast-schema-graph\">{\"@context\":\"https:\/\/schema.org\",\"@graph\":[{\"@type\":\"WebPage\",\"@id\":\"https:\/\/jinsuncarbon.com\/product\/carbon-carbon-composite\/\",\"url\":\"https:\/\/jinsuncarbon.com\/product\/carbon-carbon-composite\/\",\"name\":\"Carbon Composite Manufacturer in China | Jinsun Carbon\",\"isPartOf\":{\"@id\":\"https:\/\/jinsuncarbon.com\/#website\"},\"primaryImageOfPage\":{\"@id\":\"https:\/\/jinsuncarbon.com\/product\/carbon-carbon-composite\/#primaryimage\"},\"image\":{\"@id\":\"https:\/\/jinsuncarbon.com\/product\/carbon-carbon-composite\/#primaryimage\"},\"thumbnailUrl\":\"https:\/\/jinsuncarbon.com\/wp-content\/uploads\/2024\/12\/Carbon-Carbon-Composite.jpg\",\"datePublished\":\"2024-12-03T14:47:39+00:00\",\"dateModified\":\"2025-01-02T10:00:10+00:00\",\"description\":\"Carbon-carbon composite (CCCs) consist of a carbon matrix with carbon fibers arranged to achieve the smallest necessary area for the structure.\",\"breadcrumb\":{\"@id\":\"https:\/\/jinsuncarbon.com\/product\/carbon-carbon-composite\/#breadcrumb\"},\"inLanguage\":\"it-IT\",\"potentialAction\":[{\"@type\":\"ReadAction\",\"target\":[\"https:\/\/jinsuncarbon.com\/product\/carbon-carbon-composite\/\"]}]},{\"@type\":\"ImageObject\",\"inLanguage\":\"it-IT\",\"@id\":\"https:\/\/jinsuncarbon.com\/product\/carbon-carbon-composite\/#primaryimage\",\"url\":\"https:\/\/jinsuncarbon.com\/wp-content\/uploads\/2024\/12\/Carbon-Carbon-Composite.jpg\",\"contentUrl\":\"https:\/\/jinsuncarbon.com\/wp-content\/uploads\/2024\/12\/Carbon-Carbon-Composite.jpg\",\"width\":1024,\"height\":763,\"caption\":\"Carbon-Carbon Composite\"},{\"@type\":\"BreadcrumbList\",\"@id\":\"https:\/\/jinsuncarbon.com\/product\/carbon-carbon-composite\/#breadcrumb\",\"itemListElement\":[{\"@type\":\"ListItem\",\"position\":1,\"name\":\"Home\",\"item\":\"https:\/\/jinsuncarbon.com\/\"},{\"@type\":\"ListItem\",\"position\":2,\"name\":\"Products\",\"item\":\"https:\/\/jinsuncarbon.com\/graphite-carbon\/\"},{\"@type\":\"ListItem\",\"position\":3,\"name\":\"Carbon-Carbon Composite\"}]},{\"@type\":\"WebSite\",\"@id\":\"https:\/\/jinsuncarbon.com\/#website\",\"url\":\"https:\/\/jinsuncarbon.com\/\",\"name\":\"Jinsun Carbon\",\"description\":\"We are the successful graphite electrode manufacturer in China\",\"publisher\":{\"@id\":\"https:\/\/jinsuncarbon.com\/#organization\"},\"potentialAction\":[{\"@type\":\"SearchAction\",\"target\":{\"@type\":\"EntryPoint\",\"urlTemplate\":\"https:\/\/jinsuncarbon.com\/?s={search_term_string}\"},\"query-input\":{\"@type\":\"PropertyValueSpecification\",\"valueRequired\":true,\"valueName\":\"search_term_string\"}}],\"inLanguage\":\"it-IT\"},{\"@type\":\"Organization\",\"@id\":\"https:\/\/jinsuncarbon.com\/#organization\",\"name\":\"Jinsun Carbon\",\"alternateName\":\"Jinsun Carbon\",\"url\":\"https:\/\/jinsuncarbon.com\/\",\"logo\":{\"@type\":\"ImageObject\",\"inLanguage\":\"it-IT\",\"@id\":\"https:\/\/jinsuncarbon.com\/#\/schema\/logo\/image\/\",\"url\":\"https:\/\/jinsuncarbon.com\/wp-content\/uploads\/2022\/12\/LOGO-1.png\",\"contentUrl\":\"https:\/\/jinsuncarbon.com\/wp-content\/uploads\/2022\/12\/LOGO-1.png\",\"width\":207,\"height\":80,\"caption\":\"Jinsun Carbon\"},\"image\":{\"@id\":\"https:\/\/jinsuncarbon.com\/#\/schema\/logo\/image\/\"},\"sameAs\":[\"https:\/\/www.facebook.com\/Graphite-Electrode-109336238661595\",\"https:\/\/x.com\/jinsuncarbon_\",\"https:\/\/www.linkedin.com\/in\/jinsungraphite\",\"https:\/\/www.youtube.com\/channel\/UCysDNyvyR5-3cCWEmpkVC0g\"]}]}<\/script>\n<!-- \/ Yoast SEO Premium plugin. -->","yoast_head_json":{"title":"Compositi di carbonio Produttore in Cina | Jinsun Carbon","description":"I compositi carbonio-carbonio (CCC) sono costituiti da una matrice di carbonio con fibre di carbonio disposte in modo da ottenere la minima area necessaria per la struttura.","robots":{"index":"index","follow":"follow","max-snippet":"max-snippet:-1","max-image-preview":"max-image-preview:large","max-video-preview":"max-video-preview:-1"},"canonical":"https:\/\/jinsuncarbon.com\/it\/prodotto\/carbonio-composito\/","og_locale":"it_IT","og_type":"article","og_title":"Carbon-Carbon Composite","og_description":"Carbon-carbon composite (CCCs) consist of a carbon matrix with carbon fibers arranged to achieve the smallest necessary area for the structure.","og_url":"https:\/\/jinsuncarbon.com\/it\/prodotto\/carbonio-composito\/","og_site_name":"Jinsun Carbon","article_publisher":"https:\/\/www.facebook.com\/Graphite-Electrode-109336238661595","article_modified_time":"2025-01-02T10:00:10+00:00","og_image":[{"width":1024,"height":763,"url":"https:\/\/jinsuncarbon.com\/wp-content\/uploads\/2024\/12\/Carbon-Carbon-Composite.jpg","type":"image\/jpeg"}],"twitter_card":"summary_large_image","twitter_site":"@jinsuncarbon_","twitter_misc":{"Tempo di lettura stimato":"3 minuti"},"schema":{"@context":"https:\/\/schema.org","@graph":[{"@type":"WebPage","@id":"https:\/\/jinsuncarbon.com\/product\/carbon-carbon-composite\/","url":"https:\/\/jinsuncarbon.com\/product\/carbon-carbon-composite\/","name":"Compositi di carbonio Produttore in Cina | Jinsun Carbon","isPartOf":{"@id":"https:\/\/jinsuncarbon.com\/#website"},"primaryImageOfPage":{"@id":"https:\/\/jinsuncarbon.com\/product\/carbon-carbon-composite\/#primaryimage"},"image":{"@id":"https:\/\/jinsuncarbon.com\/product\/carbon-carbon-composite\/#primaryimage"},"thumbnailUrl":"https:\/\/jinsuncarbon.com\/wp-content\/uploads\/2024\/12\/Carbon-Carbon-Composite.jpg","datePublished":"2024-12-03T14:47:39+00:00","dateModified":"2025-01-02T10:00:10+00:00","description":"I compositi carbonio-carbonio (CCC) sono costituiti da una matrice di carbonio con fibre di carbonio disposte in modo da ottenere la minima area necessaria per la struttura.","breadcrumb":{"@id":"https:\/\/jinsuncarbon.com\/product\/carbon-carbon-composite\/#breadcrumb"},"inLanguage":"it-IT","potentialAction":[{"@type":"ReadAction","target":["https:\/\/jinsuncarbon.com\/product\/carbon-carbon-composite\/"]}]},{"@type":"ImageObject","inLanguage":"it-IT","@id":"https:\/\/jinsuncarbon.com\/product\/carbon-carbon-composite\/#primaryimage","url":"https:\/\/jinsuncarbon.com\/wp-content\/uploads\/2024\/12\/Carbon-Carbon-Composite.jpg","contentUrl":"https:\/\/jinsuncarbon.com\/wp-content\/uploads\/2024\/12\/Carbon-Carbon-Composite.jpg","width":1024,"height":763,"caption":"Carbon-Carbon Composite"},{"@type":"BreadcrumbList","@id":"https:\/\/jinsuncarbon.com\/product\/carbon-carbon-composite\/#breadcrumb","itemListElement":[{"@type":"ListItem","position":1,"name":"Home","item":"https:\/\/jinsuncarbon.com\/"},{"@type":"ListItem","position":2,"name":"Products","item":"https:\/\/jinsuncarbon.com\/graphite-carbon\/"},{"@type":"ListItem","position":3,"name":"Carbon-Carbon Composite"}]},{"@type":"WebSite","@id":"https:\/\/jinsuncarbon.com\/#website","url":"https:\/\/jinsuncarbon.com\/","name":"Jinsun Carbon","description":"Siamo il produttore di elettrodi di grafite di successo in Cina","publisher":{"@id":"https:\/\/jinsuncarbon.com\/#organization"},"potentialAction":[{"@type":"SearchAction","target":{"@type":"EntryPoint","urlTemplate":"https:\/\/jinsuncarbon.com\/?s={search_term_string}"},"query-input":{"@type":"PropertyValueSpecification","valueRequired":true,"valueName":"search_term_string"}}],"inLanguage":"it-IT"},{"@type":"Organization","@id":"https:\/\/jinsuncarbon.com\/#organization","name":"Jinsun Carbon","alternateName":"Jinsun Carbon","url":"https:\/\/jinsuncarbon.com\/","logo":{"@type":"ImageObject","inLanguage":"it-IT","@id":"https:\/\/jinsuncarbon.com\/#\/schema\/logo\/image\/","url":"https:\/\/jinsuncarbon.com\/wp-content\/uploads\/2022\/12\/LOGO-1.png","contentUrl":"https:\/\/jinsuncarbon.com\/wp-content\/uploads\/2022\/12\/LOGO-1.png","width":207,"height":80,"caption":"Jinsun Carbon"},"image":{"@id":"https:\/\/jinsuncarbon.com\/#\/schema\/logo\/image\/"},"sameAs":["https:\/\/www.facebook.com\/Graphite-Electrode-109336238661595","https:\/\/x.com\/jinsuncarbon_","https:\/\/www.linkedin.com\/in\/jinsungraphite","https:\/\/www.youtube.com\/channel\/UCysDNyvyR5-3cCWEmpkVC0g"]}]}},"_links":{"self":[{"href":"https:\/\/jinsuncarbon.com\/it\/wp-json\/wp\/v2\/product\/6920","targetHints":{"allow":["GET"]}}],"collection":[{"href":"https:\/\/jinsuncarbon.com\/it\/wp-json\/wp\/v2\/product"}],"about":[{"href":"https:\/\/jinsuncarbon.com\/it\/wp-json\/wp\/v2\/types\/product"}],"wp:featuredmedia":[{"embeddable":true,"href":"https:\/\/jinsuncarbon.com\/it\/wp-json\/wp\/v2\/media\/6922"}],"wp:attachment":[{"href":"https:\/\/jinsuncarbon.com\/it\/wp-json\/wp\/v2\/media?parent=6920"}],"wp:term":[{"taxonomy":"product_brand","embeddable":true,"href":"https:\/\/jinsuncarbon.com\/it\/wp-json\/wp\/v2\/product_brand?post=6920"},{"taxonomy":"product_cat","embeddable":true,"href":"https:\/\/jinsuncarbon.com\/it\/wp-json\/wp\/v2\/product_cat?post=6920"},{"taxonomy":"product_tag","embeddable":true,"href":"https:\/\/jinsuncarbon.com\/it\/wp-json\/wp\/v2\/product_tag?post=6920"}],"curies":[{"name":"wp","href":"https:\/\/api.w.org\/{rel}","templated":true}]}}