{"id":6887,"date":"2024-12-01T12:16:05","date_gmt":"2024-12-01T12:16:05","guid":{"rendered":"https:\/\/jinsuncarbon.com\/?post_type=product&#038;p=6887"},"modified":"2024-12-01T12:16:06","modified_gmt":"2024-12-01T12:16:06","slug":"controelettrodo-in-grafite","status":"publish","type":"product","link":"https:\/\/jinsuncarbon.com\/it\/prodotto\/controelettrodo-in-grafite\/","title":{"rendered":"Controelettrodo di grafite"},"content":{"rendered":"<p>Il nostro controelettrodo di grafite \u00e8 prodotto utilizzando materiali importati di elevata purezza. <a href=\"https:\/\/jinsuncarbon.com\/it\/che-cose-la-grafite-e-di-che-cosa-e-fatta-la-grafite\/\">grafite<\/a>facile da usare. Allo stesso tempo, l'elettrodo pu\u00f2 essere progettato in base alle esigenze dell'esperimento elettrochimico.<\/p>\n<h2>Caratteristiche principali del controelettrodo di grafite<\/h2>\n<h3>Alta conducibilit\u00e0 elettrica<\/h3>\n<p><span data-type=\"2\" data-index=\"5\" data-gid=\"2\">La grafite \u00e8 un eccellente conduttore elettrico, adatto come controelettrodo.<\/span>\u00a0Permette agli elettroni di muoversi pi\u00f9 facilmente attraverso l'elettrodo durante le reazioni elettrochimiche. Questo si traduce bene nelle applicazioni di accumulo di energia, dove \u00e8 necessario garantire prestazioni stabili.<\/p>\n<h3>Resistenza alla corrosione<\/h3>\n<p>La grafite \u00e8 molto resistente alla corrosione. Ci\u00f2 \u00e8 particolarmente importante in una cella elettrochimica, quando il controelettrodo pu\u00f2 incontrare sostanze chimiche aggressive o ambienti difficili. La sua resistenza alla corrosione assicura una lunga durata (nessuna erosione delle prestazioni nel tempo).<\/p>\n<h3>Durata e stabilit\u00e0<\/h3>\n<p>Un altro vantaggio \u00e8 la robustezza strutturale del materiale alle alte temperature e al carico meccanico. I controelettrodi di grafite, invece, sono estremamente stabili e possono funzionare per lunghi periodi di tempo senza subire usura o alterazioni. La loro durata li rende perfetti per le applicazioni a lungo termine.<\/p>\n<h3>Inerzia chimica<\/h3>\n<p>Nella maggior parte degli ambienti elettrochimici, la grafite \u00e8 chimicamente inerte e pu\u00f2 coesistere in modo sicuro con l'elettrolita e gli altri componenti del sistema. Questa caratteristica preserva la purezza delle reazioni elettrochimiche ed evita reazioni collaterali estranee che degraderebbero l'efficienza del dispositivo.<\/p>\n<h3>Costo-efficacia<\/h3>\n<p>La grafite \u00e8 anche un materiale molto pi\u00f9 economico del platino o dell'oro. Essendo meno costosa di altre opzioni, questa \u00e8 una soluzione pi\u00f9 conveniente per i casi in cui il budget \u00e8 un problema.<\/p>\n<h3>Facile da produrre e modellare<\/h3>\n<p>La grafite viene scelta come matita, lastre piatte, aste o <a href=\"https:\/\/jinsuncarbon.com\/it\/prodotto\/polvere-di-grafite-conduttiva\/\">polvere<\/a> e possiede malleabilit\u00e0. Questa adattabilit\u00e0 consente di adattarli a diversi sistemi elettrochimici. E poich\u00e9 sono semplici da fabbricare, i costi di produzione rimangono bassi.<\/p>\n<h2>Usi dei controelettrodi di grafite<\/h2>\n<p><strong>Batterie<\/strong><\/p>\n<p>I controelettrodi di grafite sono componenti cruciali delle batterie, in particolare di quelle agli ioni di litio e di sodio, dove partecipano alla reazione elettrochimica. Contribuiscono a mantenere l'equilibrio degli elettroni, consentendo un accumulo e un rilascio di energia ottimali. Questi ambienti esigenti richiedono un materiale che si comporti bene alle alte temperature, ed \u00e8 qui che entrano in gioco la conduttivit\u00e0 e la stabilit\u00e0 della grafite.<\/p>\n<p><strong>Celle a combustibile<\/strong><\/p>\n<p>Le celle a combustibile utilizzano reazioni elettrochimiche per produrre elettricit\u00e0 da combustibili come l'idrogeno. Infine, il controelettrodo di grafite funge da percorso attraverso il quale gli elettroni fluiscono per completare un circuito. La prima qualit\u00e0 \u00e8 particolarmente importante in questo caso perch\u00e9 le celle a combustibile funzionano tipicamente ad alta temperatura e ad alta pressione.<\/p>\n<p><strong>Sistemi di elettrolisi<\/strong><\/p>\n<p>I sistemi di elettrolisi generano sostanze chimiche o gas utilizzando un controelettrodo di grafite. In questi processi, il controelettrodo o elettrodo ausiliario deve chiudere il circuito e trasferire gli elettroni dall'elettrodo di lavoro al circuito esterno. Ci\u00f2 consente di mantenere le reazioni elettrochimiche in modo efficiente, accelerandole e migliorandole. La grafite \u00e8 anche chimicamente inerte e contribuisce a evitare reazioni collaterali durante l'elettrolisi. Ci\u00f2 riduce la quantit\u00e0 di energia utilizzata per la produzione di sostanze chimiche, gas e sottoprodotti.<\/p>\n<p>La durata e la stabilit\u00e0 della grafite a temperature pi\u00f9 elevate e in condizioni estreme prolungano la durata di vita dei prodotti. <a href=\"https:\/\/www.britannica.com\/science\/electrolysis#:~:text=electrolysis%2C%20process%20by%20which%20electric,electron%20(oxidation%20or%20reduction).\" target=\"_blank\" rel=\"noopener\">elettrolisi<\/a> e questo la rende un'opzione affidabile per le attivit\u00e0 elettrochimiche. Per migliorare l'efficienza dell'elettrolisi (ad esempio, riducendo al minimo il numero di coppie elettrone-buco che si generano nelle soluzioni di reazione), vengono integrati elettrodi ausiliari (ad esempio, controelettrodi di grafite) per mantenere il flusso di elettroni. Inoltre, il controelettrodo di grafite pu\u00f2 essere utilizzato anche nel <a href=\"https:\/\/en.wikipedia.org\/wiki\/Electroplating\" target=\"_blank\" rel=\"noopener\">galvanotecnica<\/a> processo.<\/p>\n<p><strong>Sensori elettrochimici<\/strong><\/p>\n<p>Gli ECS di grafite hanno una variet\u00e0 di applicazioni, tra cui la realizzazione di sensori (ad esempio, sensori di glucosio o ambientali). Al contrario, in queste applicazioni, il controelettrodo interagisce con l'elettrodo di lavoro per identificare specifiche specie registrate attraverso le variazioni di corrente. Si tratta di un materiale stabile ed economico, molto adatto alla produzione in serie del nostro sensore.<\/p>\n<p>&nbsp;<\/p>","protected":false},"excerpt":{"rendered":"<p><span class=\"\" data-type=\"2\" data-index=\"1\" data-gid=\"0\">Un controelettrodo di grafite \u00e8 costituito da materiale di grafite con un'eccellente conduttivit\u00e0 e viene utilizzato come elettrodo ausiliario negli esperimenti elettrochimici.<\/span>\u00a0Aiuta l'elettrodo di lavoro a mantenere la stabilit\u00e0 del circuito e garantisce che la soluzione elettrolitica non interferisca in modo significativo con la reazione chimica durante il processo di accensione. L'elettrodo di lavoro e il controelettrodo chiudono il circuito elettrico.\u00a0<span data-type=\"2\" data-index=\"3\" data-gid=\"1\">Il controelettrodo di grafite guida gli elettroni, garantendo il funzionamento del dispositivo.<\/span>\u00a0Resiste a correnti e tensioni elevate nei processi elettrochimici senza degradarsi o reagire con la chimica della cella.<\/p>","protected":false},"featured_media":6888,"template":"","meta":[],"product_brand":[],"product_cat":[38],"product_tag":[],"class_list":{"0":"post-6887","1":"product","2":"type-product","3":"status-publish","4":"has-post-thumbnail","6":"product_cat-graphite-products","8":"first","9":"instock","10":"shipping-taxable","11":"product-type-simple"},"yoast_head":"<!-- This site is optimized with the Yoast SEO Premium plugin v19.2.1 (Yoast SEO v25.3) - https:\/\/yoast.com\/wordpress\/plugins\/seo\/ -->\n<title>Graphite Counter Electrode Manufacturer | Jinsun Carbon<\/title>\n<meta name=\"robots\" content=\"index, follow, max-snippet:-1, max-image-preview:large, max-video-preview:-1\" \/>\n<link rel=\"canonical\" href=\"https:\/\/jinsuncarbon.com\/it\/prodotto\/controelettrodo-in-grafite\/\" \/>\n<meta property=\"og:locale\" content=\"it_IT\" \/>\n<meta property=\"og:type\" content=\"article\" \/>\n<meta property=\"og:title\" content=\"Graphite Counter Electrode\" \/>\n<meta property=\"og:description\" content=\"A graphite counter electrode is made of graphite material with excellent conductivity and is used as an auxiliary electrode in electrochemical experiments.\u00a0It helps the working electrode maintain the stability of the circuit and ensures that the electrolyte solution does not significantly interfere with the chemical reaction during the power-on process.The working electrode and counter electrode close the electric circuit.\u00a0The graphite counter electrode guides the electrons, ensuring that the gadget works.\u00a0It withstands high currents and voltages in electrochemical processes without degrading or reacting with cell chemistry.\" \/>\n<meta property=\"og:url\" content=\"https:\/\/jinsuncarbon.com\/it\/prodotto\/controelettrodo-in-grafite\/\" \/>\n<meta property=\"og:site_name\" content=\"Jinsun Carbon\" \/>\n<meta property=\"article:publisher\" content=\"https:\/\/www.facebook.com\/Graphite-Electrode-109336238661595\" \/>\n<meta property=\"article:modified_time\" content=\"2024-12-01T12:16:06+00:00\" \/>\n<meta property=\"og:image\" content=\"https:\/\/jinsuncarbon.com\/wp-content\/uploads\/2024\/12\/Graphite-Counter-Electrode.jpg\" \/>\n\t<meta property=\"og:image:width\" content=\"1024\" \/>\n\t<meta property=\"og:image:height\" content=\"763\" \/>\n\t<meta property=\"og:image:type\" content=\"image\/jpeg\" \/>\n<meta name=\"twitter:card\" content=\"summary_large_image\" \/>\n<meta name=\"twitter:site\" content=\"@jinsuncarbon_\" \/>\n<meta name=\"twitter:label1\" content=\"Tempo di lettura stimato\" \/>\n\t<meta name=\"twitter:data1\" content=\"3 minuti\" \/>\n<script type=\"application\/ld+json\" class=\"yoast-schema-graph\">{\"@context\":\"https:\/\/schema.org\",\"@graph\":[{\"@type\":\"WebPage\",\"@id\":\"https:\/\/jinsuncarbon.com\/product\/graphite-counter-electrode\/\",\"url\":\"https:\/\/jinsuncarbon.com\/product\/graphite-counter-electrode\/\",\"name\":\"Graphite Counter Electrode Manufacturer | Jinsun Carbon\",\"isPartOf\":{\"@id\":\"https:\/\/jinsuncarbon.com\/#website\"},\"primaryImageOfPage\":{\"@id\":\"https:\/\/jinsuncarbon.com\/product\/graphite-counter-electrode\/#primaryimage\"},\"image\":{\"@id\":\"https:\/\/jinsuncarbon.com\/product\/graphite-counter-electrode\/#primaryimage\"},\"thumbnailUrl\":\"https:\/\/jinsuncarbon.com\/wp-content\/uploads\/2024\/12\/Graphite-Counter-Electrode.jpg\",\"datePublished\":\"2024-12-01T12:16:05+00:00\",\"dateModified\":\"2024-12-01T12:16:06+00:00\",\"breadcrumb\":{\"@id\":\"https:\/\/jinsuncarbon.com\/product\/graphite-counter-electrode\/#breadcrumb\"},\"inLanguage\":\"it-IT\",\"potentialAction\":[{\"@type\":\"ReadAction\",\"target\":[\"https:\/\/jinsuncarbon.com\/product\/graphite-counter-electrode\/\"]}]},{\"@type\":\"ImageObject\",\"inLanguage\":\"it-IT\",\"@id\":\"https:\/\/jinsuncarbon.com\/product\/graphite-counter-electrode\/#primaryimage\",\"url\":\"https:\/\/jinsuncarbon.com\/wp-content\/uploads\/2024\/12\/Graphite-Counter-Electrode.jpg\",\"contentUrl\":\"https:\/\/jinsuncarbon.com\/wp-content\/uploads\/2024\/12\/Graphite-Counter-Electrode.jpg\",\"width\":1024,\"height\":763,\"caption\":\"Graphite Counter Electrode\"},{\"@type\":\"BreadcrumbList\",\"@id\":\"https:\/\/jinsuncarbon.com\/product\/graphite-counter-electrode\/#breadcrumb\",\"itemListElement\":[{\"@type\":\"ListItem\",\"position\":1,\"name\":\"Home\",\"item\":\"https:\/\/jinsuncarbon.com\/\"},{\"@type\":\"ListItem\",\"position\":2,\"name\":\"Products\",\"item\":\"https:\/\/jinsuncarbon.com\/graphite-carbon\/\"},{\"@type\":\"ListItem\",\"position\":3,\"name\":\"Graphite Counter Electrode\"}]},{\"@type\":\"WebSite\",\"@id\":\"https:\/\/jinsuncarbon.com\/#website\",\"url\":\"https:\/\/jinsuncarbon.com\/\",\"name\":\"Jinsun Carbon\",\"description\":\"We are the successful graphite electrode manufacturer in China\",\"publisher\":{\"@id\":\"https:\/\/jinsuncarbon.com\/#organization\"},\"potentialAction\":[{\"@type\":\"SearchAction\",\"target\":{\"@type\":\"EntryPoint\",\"urlTemplate\":\"https:\/\/jinsuncarbon.com\/?s={search_term_string}\"},\"query-input\":{\"@type\":\"PropertyValueSpecification\",\"valueRequired\":true,\"valueName\":\"search_term_string\"}}],\"inLanguage\":\"it-IT\"},{\"@type\":\"Organization\",\"@id\":\"https:\/\/jinsuncarbon.com\/#organization\",\"name\":\"Jinsun Carbon\",\"alternateName\":\"Jinsun Carbon\",\"url\":\"https:\/\/jinsuncarbon.com\/\",\"logo\":{\"@type\":\"ImageObject\",\"inLanguage\":\"it-IT\",\"@id\":\"https:\/\/jinsuncarbon.com\/#\/schema\/logo\/image\/\",\"url\":\"https:\/\/jinsuncarbon.com\/wp-content\/uploads\/2022\/12\/LOGO-1.png\",\"contentUrl\":\"https:\/\/jinsuncarbon.com\/wp-content\/uploads\/2022\/12\/LOGO-1.png\",\"width\":207,\"height\":80,\"caption\":\"Jinsun Carbon\"},\"image\":{\"@id\":\"https:\/\/jinsuncarbon.com\/#\/schema\/logo\/image\/\"},\"sameAs\":[\"https:\/\/www.facebook.com\/Graphite-Electrode-109336238661595\",\"https:\/\/x.com\/jinsuncarbon_\",\"https:\/\/www.linkedin.com\/in\/jinsungraphite\",\"https:\/\/www.youtube.com\/channel\/UCysDNyvyR5-3cCWEmpkVC0g\"]}]}<\/script>\n<!-- \/ Yoast SEO Premium plugin. -->","yoast_head_json":{"title":"Controelettrodo di grafite Fornitore | Jinsun Carbon","robots":{"index":"index","follow":"follow","max-snippet":"max-snippet:-1","max-image-preview":"max-image-preview:large","max-video-preview":"max-video-preview:-1"},"canonical":"https:\/\/jinsuncarbon.com\/it\/prodotto\/controelettrodo-in-grafite\/","og_locale":"it_IT","og_type":"article","og_title":"Graphite Counter Electrode","og_description":"A graphite counter electrode is made of graphite material with excellent conductivity and is used as an auxiliary electrode in electrochemical experiments.\u00a0It helps the working electrode maintain the stability of the circuit and ensures that the electrolyte solution does not significantly interfere with the chemical reaction during the power-on process.The working electrode and counter electrode close the electric circuit.\u00a0The graphite counter electrode guides the electrons, ensuring that the gadget works.\u00a0It withstands high currents and voltages in electrochemical processes without degrading or reacting with cell chemistry.","og_url":"https:\/\/jinsuncarbon.com\/it\/prodotto\/controelettrodo-in-grafite\/","og_site_name":"Jinsun Carbon","article_publisher":"https:\/\/www.facebook.com\/Graphite-Electrode-109336238661595","article_modified_time":"2024-12-01T12:16:06+00:00","og_image":[{"width":1024,"height":763,"url":"https:\/\/jinsuncarbon.com\/wp-content\/uploads\/2024\/12\/Graphite-Counter-Electrode.jpg","type":"image\/jpeg"}],"twitter_card":"summary_large_image","twitter_site":"@jinsuncarbon_","twitter_misc":{"Tempo di lettura stimato":"3 minuti"},"schema":{"@context":"https:\/\/schema.org","@graph":[{"@type":"WebPage","@id":"https:\/\/jinsuncarbon.com\/product\/graphite-counter-electrode\/","url":"https:\/\/jinsuncarbon.com\/product\/graphite-counter-electrode\/","name":"Controelettrodo di grafite Fornitore | Jinsun Carbon","isPartOf":{"@id":"https:\/\/jinsuncarbon.com\/#website"},"primaryImageOfPage":{"@id":"https:\/\/jinsuncarbon.com\/product\/graphite-counter-electrode\/#primaryimage"},"image":{"@id":"https:\/\/jinsuncarbon.com\/product\/graphite-counter-electrode\/#primaryimage"},"thumbnailUrl":"https:\/\/jinsuncarbon.com\/wp-content\/uploads\/2024\/12\/Graphite-Counter-Electrode.jpg","datePublished":"2024-12-01T12:16:05+00:00","dateModified":"2024-12-01T12:16:06+00:00","breadcrumb":{"@id":"https:\/\/jinsuncarbon.com\/product\/graphite-counter-electrode\/#breadcrumb"},"inLanguage":"it-IT","potentialAction":[{"@type":"ReadAction","target":["https:\/\/jinsuncarbon.com\/product\/graphite-counter-electrode\/"]}]},{"@type":"ImageObject","inLanguage":"it-IT","@id":"https:\/\/jinsuncarbon.com\/product\/graphite-counter-electrode\/#primaryimage","url":"https:\/\/jinsuncarbon.com\/wp-content\/uploads\/2024\/12\/Graphite-Counter-Electrode.jpg","contentUrl":"https:\/\/jinsuncarbon.com\/wp-content\/uploads\/2024\/12\/Graphite-Counter-Electrode.jpg","width":1024,"height":763,"caption":"Graphite Counter Electrode"},{"@type":"BreadcrumbList","@id":"https:\/\/jinsuncarbon.com\/product\/graphite-counter-electrode\/#breadcrumb","itemListElement":[{"@type":"ListItem","position":1,"name":"Home","item":"https:\/\/jinsuncarbon.com\/"},{"@type":"ListItem","position":2,"name":"Products","item":"https:\/\/jinsuncarbon.com\/graphite-carbon\/"},{"@type":"ListItem","position":3,"name":"Graphite Counter Electrode"}]},{"@type":"WebSite","@id":"https:\/\/jinsuncarbon.com\/#website","url":"https:\/\/jinsuncarbon.com\/","name":"Jinsun Carbon","description":"Siamo il produttore di elettrodi di grafite di successo in Cina","publisher":{"@id":"https:\/\/jinsuncarbon.com\/#organization"},"potentialAction":[{"@type":"SearchAction","target":{"@type":"EntryPoint","urlTemplate":"https:\/\/jinsuncarbon.com\/?s={search_term_string}"},"query-input":{"@type":"PropertyValueSpecification","valueRequired":true,"valueName":"search_term_string"}}],"inLanguage":"it-IT"},{"@type":"Organization","@id":"https:\/\/jinsuncarbon.com\/#organization","name":"Jinsun Carbon","alternateName":"Jinsun Carbon","url":"https:\/\/jinsuncarbon.com\/","logo":{"@type":"ImageObject","inLanguage":"it-IT","@id":"https:\/\/jinsuncarbon.com\/#\/schema\/logo\/image\/","url":"https:\/\/jinsuncarbon.com\/wp-content\/uploads\/2022\/12\/LOGO-1.png","contentUrl":"https:\/\/jinsuncarbon.com\/wp-content\/uploads\/2022\/12\/LOGO-1.png","width":207,"height":80,"caption":"Jinsun Carbon"},"image":{"@id":"https:\/\/jinsuncarbon.com\/#\/schema\/logo\/image\/"},"sameAs":["https:\/\/www.facebook.com\/Graphite-Electrode-109336238661595","https:\/\/x.com\/jinsuncarbon_","https:\/\/www.linkedin.com\/in\/jinsungraphite","https:\/\/www.youtube.com\/channel\/UCysDNyvyR5-3cCWEmpkVC0g"]}]}},"_links":{"self":[{"href":"https:\/\/jinsuncarbon.com\/it\/wp-json\/wp\/v2\/product\/6887","targetHints":{"allow":["GET"]}}],"collection":[{"href":"https:\/\/jinsuncarbon.com\/it\/wp-json\/wp\/v2\/product"}],"about":[{"href":"https:\/\/jinsuncarbon.com\/it\/wp-json\/wp\/v2\/types\/product"}],"wp:featuredmedia":[{"embeddable":true,"href":"https:\/\/jinsuncarbon.com\/it\/wp-json\/wp\/v2\/media\/6888"}],"wp:attachment":[{"href":"https:\/\/jinsuncarbon.com\/it\/wp-json\/wp\/v2\/media?parent=6887"}],"wp:term":[{"taxonomy":"product_brand","embeddable":true,"href":"https:\/\/jinsuncarbon.com\/it\/wp-json\/wp\/v2\/product_brand?post=6887"},{"taxonomy":"product_cat","embeddable":true,"href":"https:\/\/jinsuncarbon.com\/it\/wp-json\/wp\/v2\/product_cat?post=6887"},{"taxonomy":"product_tag","embeddable":true,"href":"https:\/\/jinsuncarbon.com\/it\/wp-json\/wp\/v2\/product_tag?post=6887"}],"curies":[{"name":"wp","href":"https:\/\/api.w.org\/{rel}","templated":true}]}}