{"id":6860,"date":"2024-11-30T08:51:26","date_gmt":"2024-11-30T08:51:26","guid":{"rendered":"https:\/\/jinsuncarbon.com\/?post_type=product&#038;p=6860"},"modified":"2024-12-05T01:58:32","modified_gmt":"2024-12-05T01:58:32","slug":"lingotto-di-grafite","status":"publish","type":"product","link":"https:\/\/jinsuncarbon.com\/it\/prodotto\/lingotto-di-grafite\/","title":{"rendered":"Lingotto di grafite"},"content":{"rendered":"<h2>Lingotto di grafite Produttore<\/h2>\n<p>I lingotti di grafite presentano diverse caratteristiche chiave che li rendono utili in vari settori:<\/p>\n<ul>\n<li>Alta densit\u00e0: I lingotti di grafite hanno una densit\u00e0 di massa compresa tra 1,78 e 1,9 g\/cm3. Ci\u00f2 garantisce un'eccellente forza meccanica e resistenza alla compressione.<\/li>\n<\/ul>\n<p>&nbsp;<\/p>\n<ul>\n<li>\u00a0Basso contenuto di ceneri: Il contenuto di ceneri dei lingotti di grafite \u00e8 tipicamente \u22640,15%. Ci\u00f2 garantisce un'elevata purezza e una ridotta contaminazione nei vari processi.<\/li>\n<\/ul>\n<p>&nbsp;<\/p>\n<ul>\n<li>Resistenza alla corrosione: Il lingotto di grafite ha un'eccellente resistenza agli urti e alla corrosione di acidi e alcali. Le prestazioni stabili del lingotto di grafite garantiscono l'affidabilit\u00e0 del prodotto.<\/li>\n<\/ul>\n<p>&nbsp;<\/p>\n<ul>\n<li>Elettrica: La grafite \u00e8 un elemento di carbonio con un alto grado di integrit\u00e0 reticolare. La sua forma reticolare \u00e8 simile a quella del nido d'ape e presenta un'eccellente resistenza elettrica. <a href=\"https:\/\/jinsuncarbon.com\/it\/resistivita-elettrica-della-grafite\/\">conduttivit\u00e0<\/a>. Sebbene possa essere meno efficace rispetto ai metalli, l'alta direttivit\u00e0 e la comprimibilit\u00e0 le consentono di avere un vantaggio in alcune applicazioni. Ad esempio, la grafite pu\u00f2 servire come film conduttivo, sostituendo i metalli per ottenere prestazioni pi\u00f9 elevate dei dispositivi e ridurre il costo dei materiali. Il processo di preparazione dei film conduttivi di grafite \u00e8 relativamente pi\u00f9 semplice ed economico, il che ne consente la produzione in serie. In molti casi, la sua durata \u00e8 superiore a quella dei film metallici.<\/li>\n<\/ul>\n<p>&nbsp;<\/p>\n<ul>\n<li>Materiale sostenibile: Gli stampi per lingotti di grafite sono molto resistenti e hanno una lunga durata, riducendo la necessit\u00e0 di sostituirli frequentemente e minimizzando gli scarti. Inoltre, la grafite viene riciclata e ci\u00f2 consente un processo di produzione pi\u00f9 sostenibile. Gli stampi scartati possono essere rilavorati e utilizzati per nuove applicazioni.<\/li>\n<\/ul>\n<p>&nbsp;<\/p>\n<p>Come sopra, il lingotto di grafite ha le caratteristiche di una piccola inerzia termica e di una rapida capacit\u00e0 di riscaldamento. Pu\u00f2 resistere alle alte temperature e agli shock termici. Poich\u00e9 i lingotti di grafite hanno un'ampia area di radiazione e un'elevata efficienza di riscaldamento, offrono prestazioni di base stabili.<\/p>\n<p>&nbsp;<\/p>\n<h2>Applicazioni del lingotto di grafite<\/h2>\n<p><strong>Metallurgia<\/strong>: La metallurgia utilizza i lingotti di grafite per la fusione di precisione di metalli come l'alluminio e persino di metalli di alto valore come oro, argento, platino e palladio. Grazie alla sua eccellente conducibilit\u00e0 termica e alle propriet\u00e0 di autolubrificazione, il lingotto di grafite pu\u00f2 migliorare la velocit\u00e0 di fusione. I lingotti di grafite possono migliorare la resa e la qualit\u00e0 del prodotto in molti modi. Garantiscono dimensioni precise, superficie liscia e struttura cristallizzata uniforme.<\/p>\n<p><strong>Produzione del vetro:<\/strong> Anche la produzione di vetro utilizza molto i lingotti di grafite. Ad esempio, la produzione di contenitori in vetro e altri prodotti in vetro. Pu\u00f2 raffreddare il vetro fuso senza incrinarsi in condizioni di calore estremo.<\/p>\n<p><strong>Creazione di gioielli:<\/strong> I metalli preziosi, come i gioielli in oro e argento, richiedono una maggiore cautela nella produzione. Le propriet\u00e0 della grafite rendono relativamente facile il processo di personalizzazione dei lingotti. Pu\u00f2 raffreddare i metalli preziosi fusi senza incrinarsi sotto il calore estremo.<\/p>\n<p><strong>Colata continua di metalli non ferrosi:<\/strong> Molti produttori hanno utilizzato con successo il materiale di grafite artificiale nella colata a pressione di metalli non ferrosi. La produzione di leghe di zinco e rame <a href=\"https:\/\/www.merriam-webster.com\/dictionary\/casting\" target=\"_blank\" rel=\"noopener\">fusioni<\/a> sono stati utilizzati in componenti automobilistici.<\/p>\n<p>&nbsp;<\/p>\n<h2>Specifiche tecniche dei lingotti di grafite<\/h2>\n<p>La grafite ad alta purezza \u00e8 un tipo di materiale di carbonio ad alta purezza e le sue specifiche tecniche variano a seconda dei diversi gradi. Di seguito sono riportati i principali prodotti di grafite e i relativi indicatori:<\/p>\n<p>&nbsp;<\/p>\n<p>1. LC50-99,9: ha un elevato contenuto di carbonio fisso, che raggiunge il 99,90%, e un contenuto di acqua molto basso, solo 0,20%. Questa elevata purezza lo rende adatto ad applicazioni di tenuta rigorose. Ad esempio come materiale di tenuta in grafite flessibile, che garantisce il mantenimento di buone prestazioni in condizioni estreme.<\/p>\n<p>2. LC300-99.9: il suo contenuto di carbonio fisso \u00e8 leggermente inferiore, ma \u00e8 comunque superiore a 99,9%. Il contenuto di umidit\u00e0 \u00e8 controllato al di sotto di 20,0%. Ci\u00f2 rende i lingotti adatti a occasioni con elevate prestazioni di lubrificazione. Pu\u00f2 quindi essere utilizzato come materiale di base per i lubrificanti.<\/p>\n<p>3. LC180-99,9 e LC(I)150-99,99: Anche questi gradi di grafite hanno un'elevata purezza e un contenuto di umidit\u00e0 controllato entro 20,0%. Sono adatti per usi industriali specifici. Ad esempio, come materiale che richiede una maggiore purezza e stabilit\u00e0.<\/p>","protected":false},"excerpt":{"rendered":"<p>I lingotti di grafite sono blocchi di grafite di elevata purezza formati in forme specifiche e molti settori industriali li utilizzano come stampi per la colata.<\/p>\n<p>I nostri lingotti di grafite sono prodotti mediante pressatura isostatica. Ci\u00f2 consente loro di avere caratteristiche di elevata resistenza, elevata purezza, elevata densit\u00e0, elevata stabilit\u00e0 chimica e buone propriet\u00e0 fisiche. Inoltre, possiamo anche produrre una variet\u00e0 di stampi per lingotti di grafite, compresi lingotti personalizzati per soddisfare le vostre diverse esigenze.<\/p>","protected":false},"featured_media":6871,"template":"","meta":[],"product_brand":[],"product_cat":[38],"product_tag":[],"class_list":{"0":"post-6860","1":"product","2":"type-product","3":"status-publish","4":"has-post-thumbnail","6":"product_cat-graphite-products","8":"first","9":"instock","10":"shipping-taxable","11":"product-type-simple"},"yoast_head":"<!-- This site is optimized with the Yoast SEO Premium plugin v19.2.1 (Yoast SEO v25.3) - https:\/\/yoast.com\/wordpress\/plugins\/seo\/ -->\n<title>Graphite Ingot Manufacturer in China<\/title>\n<meta name=\"robots\" content=\"index, follow, max-snippet:-1, max-image-preview:large, max-video-preview:-1\" \/>\n<link rel=\"canonical\" href=\"https:\/\/jinsuncarbon.com\/it\/prodotto\/lingotto-di-grafite\/\" \/>\n<meta property=\"og:locale\" content=\"it_IT\" \/>\n<meta property=\"og:type\" content=\"article\" \/>\n<meta property=\"og:title\" content=\"Graphite Ingot\" \/>\n<meta property=\"og:description\" content=\"Graphite ingots are blocks of high purity graphite formed into specific shapes, and many industries use them as molds to casting.  Our graphite ingot is produced by isostatic pressing. This allows them to have the characteristics of high strength, high purity, high density, high chemical stability and good physical properties. Besides, we can also manufacture a variety of graphite ingot molds, including customized ingots to meet your different needs.\" \/>\n<meta property=\"og:url\" content=\"https:\/\/jinsuncarbon.com\/it\/prodotto\/lingotto-di-grafite\/\" \/>\n<meta property=\"og:site_name\" content=\"Jinsun Carbon\" \/>\n<meta property=\"article:publisher\" content=\"https:\/\/www.facebook.com\/Graphite-Electrode-109336238661595\" \/>\n<meta property=\"article:modified_time\" content=\"2024-12-05T01:58:32+00:00\" \/>\n<meta property=\"og:image\" content=\"https:\/\/jinsuncarbon.com\/wp-content\/uploads\/2024\/11\/Graphite-Ingot.jpg\" \/>\n\t<meta property=\"og:image:width\" content=\"1024\" \/>\n\t<meta property=\"og:image:height\" content=\"763\" \/>\n\t<meta property=\"og:image:type\" content=\"image\/jpeg\" \/>\n<meta name=\"twitter:card\" content=\"summary_large_image\" \/>\n<meta name=\"twitter:site\" content=\"@jinsuncarbon_\" \/>\n<meta name=\"twitter:label1\" content=\"Tempo di lettura stimato\" \/>\n\t<meta name=\"twitter:data1\" content=\"3 minuti\" \/>\n<script type=\"application\/ld+json\" class=\"yoast-schema-graph\">{\"@context\":\"https:\/\/schema.org\",\"@graph\":[{\"@type\":\"WebPage\",\"@id\":\"https:\/\/jinsuncarbon.com\/product\/graphite-ingot\/\",\"url\":\"https:\/\/jinsuncarbon.com\/product\/graphite-ingot\/\",\"name\":\"Graphite Ingot Manufacturer in China\",\"isPartOf\":{\"@id\":\"https:\/\/jinsuncarbon.com\/#website\"},\"primaryImageOfPage\":{\"@id\":\"https:\/\/jinsuncarbon.com\/product\/graphite-ingot\/#primaryimage\"},\"image\":{\"@id\":\"https:\/\/jinsuncarbon.com\/product\/graphite-ingot\/#primaryimage\"},\"thumbnailUrl\":\"https:\/\/jinsuncarbon.com\/wp-content\/uploads\/2024\/11\/Graphite-Ingot.jpg\",\"datePublished\":\"2024-11-30T08:51:26+00:00\",\"dateModified\":\"2024-12-05T01:58:32+00:00\",\"breadcrumb\":{\"@id\":\"https:\/\/jinsuncarbon.com\/product\/graphite-ingot\/#breadcrumb\"},\"inLanguage\":\"it-IT\",\"potentialAction\":[{\"@type\":\"ReadAction\",\"target\":[\"https:\/\/jinsuncarbon.com\/product\/graphite-ingot\/\"]}]},{\"@type\":\"ImageObject\",\"inLanguage\":\"it-IT\",\"@id\":\"https:\/\/jinsuncarbon.com\/product\/graphite-ingot\/#primaryimage\",\"url\":\"https:\/\/jinsuncarbon.com\/wp-content\/uploads\/2024\/11\/Graphite-Ingot.jpg\",\"contentUrl\":\"https:\/\/jinsuncarbon.com\/wp-content\/uploads\/2024\/11\/Graphite-Ingot.jpg\",\"width\":1024,\"height\":763,\"caption\":\"Graphite Ingot\"},{\"@type\":\"BreadcrumbList\",\"@id\":\"https:\/\/jinsuncarbon.com\/product\/graphite-ingot\/#breadcrumb\",\"itemListElement\":[{\"@type\":\"ListItem\",\"position\":1,\"name\":\"Home\",\"item\":\"https:\/\/jinsuncarbon.com\/\"},{\"@type\":\"ListItem\",\"position\":2,\"name\":\"Products\",\"item\":\"https:\/\/jinsuncarbon.com\/graphite-carbon\/\"},{\"@type\":\"ListItem\",\"position\":3,\"name\":\"Graphite Ingot\"}]},{\"@type\":\"WebSite\",\"@id\":\"https:\/\/jinsuncarbon.com\/#website\",\"url\":\"https:\/\/jinsuncarbon.com\/\",\"name\":\"Jinsun Carbon\",\"description\":\"We are the successful graphite electrode manufacturer in China\",\"publisher\":{\"@id\":\"https:\/\/jinsuncarbon.com\/#organization\"},\"potentialAction\":[{\"@type\":\"SearchAction\",\"target\":{\"@type\":\"EntryPoint\",\"urlTemplate\":\"https:\/\/jinsuncarbon.com\/?s={search_term_string}\"},\"query-input\":{\"@type\":\"PropertyValueSpecification\",\"valueRequired\":true,\"valueName\":\"search_term_string\"}}],\"inLanguage\":\"it-IT\"},{\"@type\":\"Organization\",\"@id\":\"https:\/\/jinsuncarbon.com\/#organization\",\"name\":\"Jinsun Carbon\",\"alternateName\":\"Jinsun Carbon\",\"url\":\"https:\/\/jinsuncarbon.com\/\",\"logo\":{\"@type\":\"ImageObject\",\"inLanguage\":\"it-IT\",\"@id\":\"https:\/\/jinsuncarbon.com\/#\/schema\/logo\/image\/\",\"url\":\"https:\/\/jinsuncarbon.com\/wp-content\/uploads\/2022\/12\/LOGO-1.png\",\"contentUrl\":\"https:\/\/jinsuncarbon.com\/wp-content\/uploads\/2022\/12\/LOGO-1.png\",\"width\":207,\"height\":80,\"caption\":\"Jinsun Carbon\"},\"image\":{\"@id\":\"https:\/\/jinsuncarbon.com\/#\/schema\/logo\/image\/\"},\"sameAs\":[\"https:\/\/www.facebook.com\/Graphite-Electrode-109336238661595\",\"https:\/\/x.com\/jinsuncarbon_\",\"https:\/\/www.linkedin.com\/in\/jinsungraphite\",\"https:\/\/www.youtube.com\/channel\/UCysDNyvyR5-3cCWEmpkVC0g\"]}]}<\/script>\n<!-- \/ Yoast SEO Premium plugin. -->","yoast_head_json":{"title":"Lingotto di grafite Produttore in Cina","robots":{"index":"index","follow":"follow","max-snippet":"max-snippet:-1","max-image-preview":"max-image-preview:large","max-video-preview":"max-video-preview:-1"},"canonical":"https:\/\/jinsuncarbon.com\/it\/prodotto\/lingotto-di-grafite\/","og_locale":"it_IT","og_type":"article","og_title":"Graphite Ingot","og_description":"Graphite ingots are blocks of high purity graphite formed into specific shapes, and many industries use them as molds to casting.  Our graphite ingot is produced by isostatic pressing. This allows them to have the characteristics of high strength, high purity, high density, high chemical stability and good physical properties. Besides, we can also manufacture a variety of graphite ingot molds, including customized ingots to meet your different needs.","og_url":"https:\/\/jinsuncarbon.com\/it\/prodotto\/lingotto-di-grafite\/","og_site_name":"Jinsun Carbon","article_publisher":"https:\/\/www.facebook.com\/Graphite-Electrode-109336238661595","article_modified_time":"2024-12-05T01:58:32+00:00","og_image":[{"width":1024,"height":763,"url":"https:\/\/jinsuncarbon.com\/wp-content\/uploads\/2024\/11\/Graphite-Ingot.jpg","type":"image\/jpeg"}],"twitter_card":"summary_large_image","twitter_site":"@jinsuncarbon_","twitter_misc":{"Tempo di lettura stimato":"3 minuti"},"schema":{"@context":"https:\/\/schema.org","@graph":[{"@type":"WebPage","@id":"https:\/\/jinsuncarbon.com\/product\/graphite-ingot\/","url":"https:\/\/jinsuncarbon.com\/product\/graphite-ingot\/","name":"Lingotto di grafite Produttore in Cina","isPartOf":{"@id":"https:\/\/jinsuncarbon.com\/#website"},"primaryImageOfPage":{"@id":"https:\/\/jinsuncarbon.com\/product\/graphite-ingot\/#primaryimage"},"image":{"@id":"https:\/\/jinsuncarbon.com\/product\/graphite-ingot\/#primaryimage"},"thumbnailUrl":"https:\/\/jinsuncarbon.com\/wp-content\/uploads\/2024\/11\/Graphite-Ingot.jpg","datePublished":"2024-11-30T08:51:26+00:00","dateModified":"2024-12-05T01:58:32+00:00","breadcrumb":{"@id":"https:\/\/jinsuncarbon.com\/product\/graphite-ingot\/#breadcrumb"},"inLanguage":"it-IT","potentialAction":[{"@type":"ReadAction","target":["https:\/\/jinsuncarbon.com\/product\/graphite-ingot\/"]}]},{"@type":"ImageObject","inLanguage":"it-IT","@id":"https:\/\/jinsuncarbon.com\/product\/graphite-ingot\/#primaryimage","url":"https:\/\/jinsuncarbon.com\/wp-content\/uploads\/2024\/11\/Graphite-Ingot.jpg","contentUrl":"https:\/\/jinsuncarbon.com\/wp-content\/uploads\/2024\/11\/Graphite-Ingot.jpg","width":1024,"height":763,"caption":"Graphite Ingot"},{"@type":"BreadcrumbList","@id":"https:\/\/jinsuncarbon.com\/product\/graphite-ingot\/#breadcrumb","itemListElement":[{"@type":"ListItem","position":1,"name":"Home","item":"https:\/\/jinsuncarbon.com\/"},{"@type":"ListItem","position":2,"name":"Products","item":"https:\/\/jinsuncarbon.com\/graphite-carbon\/"},{"@type":"ListItem","position":3,"name":"Graphite Ingot"}]},{"@type":"WebSite","@id":"https:\/\/jinsuncarbon.com\/#website","url":"https:\/\/jinsuncarbon.com\/","name":"Jinsun Carbon","description":"Siamo il produttore di elettrodi di grafite di successo in Cina","publisher":{"@id":"https:\/\/jinsuncarbon.com\/#organization"},"potentialAction":[{"@type":"SearchAction","target":{"@type":"EntryPoint","urlTemplate":"https:\/\/jinsuncarbon.com\/?s={search_term_string}"},"query-input":{"@type":"PropertyValueSpecification","valueRequired":true,"valueName":"search_term_string"}}],"inLanguage":"it-IT"},{"@type":"Organization","@id":"https:\/\/jinsuncarbon.com\/#organization","name":"Jinsun Carbon","alternateName":"Jinsun Carbon","url":"https:\/\/jinsuncarbon.com\/","logo":{"@type":"ImageObject","inLanguage":"it-IT","@id":"https:\/\/jinsuncarbon.com\/#\/schema\/logo\/image\/","url":"https:\/\/jinsuncarbon.com\/wp-content\/uploads\/2022\/12\/LOGO-1.png","contentUrl":"https:\/\/jinsuncarbon.com\/wp-content\/uploads\/2022\/12\/LOGO-1.png","width":207,"height":80,"caption":"Jinsun Carbon"},"image":{"@id":"https:\/\/jinsuncarbon.com\/#\/schema\/logo\/image\/"},"sameAs":["https:\/\/www.facebook.com\/Graphite-Electrode-109336238661595","https:\/\/x.com\/jinsuncarbon_","https:\/\/www.linkedin.com\/in\/jinsungraphite","https:\/\/www.youtube.com\/channel\/UCysDNyvyR5-3cCWEmpkVC0g"]}]}},"_links":{"self":[{"href":"https:\/\/jinsuncarbon.com\/it\/wp-json\/wp\/v2\/product\/6860","targetHints":{"allow":["GET"]}}],"collection":[{"href":"https:\/\/jinsuncarbon.com\/it\/wp-json\/wp\/v2\/product"}],"about":[{"href":"https:\/\/jinsuncarbon.com\/it\/wp-json\/wp\/v2\/types\/product"}],"wp:featuredmedia":[{"embeddable":true,"href":"https:\/\/jinsuncarbon.com\/it\/wp-json\/wp\/v2\/media\/6871"}],"wp:attachment":[{"href":"https:\/\/jinsuncarbon.com\/it\/wp-json\/wp\/v2\/media?parent=6860"}],"wp:term":[{"taxonomy":"product_brand","embeddable":true,"href":"https:\/\/jinsuncarbon.com\/it\/wp-json\/wp\/v2\/product_brand?post=6860"},{"taxonomy":"product_cat","embeddable":true,"href":"https:\/\/jinsuncarbon.com\/it\/wp-json\/wp\/v2\/product_cat?post=6860"},{"taxonomy":"product_tag","embeddable":true,"href":"https:\/\/jinsuncarbon.com\/it\/wp-json\/wp\/v2\/product_tag?post=6860"}],"curies":[{"name":"wp","href":"https:\/\/api.w.org\/{rel}","templated":true}]}}