{"id":6838,"date":"2024-11-29T01:31:38","date_gmt":"2024-11-29T01:31:38","guid":{"rendered":"https:\/\/jinsuncarbon.com\/?post_type=product&#038;p=6838"},"modified":"2024-12-01T12:53:29","modified_gmt":"2024-12-01T12:53:29","slug":"striscia-di-grafite","status":"publish","type":"product","link":"https:\/\/jinsuncarbon.com\/it\/prodotto\/striscia-di-grafite\/","title":{"rendered":"Striscia di grafite"},"content":{"rendered":"<h2>Propriet\u00e0 della striscia di grafite<\/h2>\n<p>La striscia di grafite ha una conducibilit\u00e0 termica, il che significa che la conduzione della striscia di grafite \u00e8 un'eccellente condizione di dissipazione del calore in un ambiente. \u00c8 anche un affidabile conduttore di elettricit\u00e0, in quanto utilizzato in impieghi quali batterie elettriche, motori elettrici, sistemi elettrici. Un'altra propriet\u00e0 fisica di rilievo, \u00e8 la qualifica di lubrificante, in modo che possa ridurre l'attrito tra le superfici ed essere in grado di sopportare grandi carichi riducendo contemporaneamente l'usura dei componenti. Inoltre, \u00e8 resistente alla corrosione, quindi pu\u00f2 lavorare in ambienti difficili senza preoccuparsi di danni. \u00c8 anche flessibile e facile, il pi\u00f9 importante \u00e8 presentare un materiale a strisce di grafite, facile da modellare e tagliare.<\/p>\n<h2>Usi della striscia di grafite<\/h2>\n<h3>Applicazioni di sigillatura<\/h3>\n<p>Per le guarnizioni, la striscia di grafite influisce efficacemente sulle prestazioni. Viene utilizzato per le guarnizioni di pompe, valvole, compressori e altri elementi che creano tenuta in condizioni estreme. La sua capacit\u00e0 di funzionare ad alte temperature, alte pressioni ed esposizioni chimiche lo rende una scelta per le applicazioni di tenuta in ambienti difficili. Le strisce di grafite possono essere utilizzate anche nella produzione di guarnizioni, offrendo soluzioni di tenuta in diversi settori: automobilistico, aerospaziale e petrolchimico.<\/p>\n<h3>Gestione del calore<\/h3>\n<p>Il nastro adesivo \u00e8 un ottimo conduttore di calore. Ha anche una buona conduttanza termica e una capacit\u00e0 di disperdere il calore che consente di evitare il surriscaldamento di diversi sistemi. Viene utilizzato in <a href=\"https:\/\/jinsuncarbon.com\/it\/cose-lo-scambiatore-di-calore-in-grafite\/\">scambiatori di calore<\/a>, nei radiatori e in altri sistemi di raffreddamento per garantire un efficace controllo della temperatura. Per usare un termine pi\u00f9 tecnico, la striscia di grafite trova applicazione nei dispositivi elettronici come dissipatore di calore o materiale di interfaccia termica. In questo modo, i componenti sensibili rimangono in funzione a temperature stabili. Questa propriet\u00e0 di condurre e disperdere il calore lo rende un materiale fondamentale per la produzione di elettronica, dagli smartphone ai laptop, fino all'illuminazione a LED.<\/p>\n<h3>Applicazioni elettriche<\/h3>\n<p>Grazie alla sua buona conducibilit\u00e0 elettrica, la striscia di grafite viene utilizzata in un'ampia gamma di sistemi e componenti diversi. La si usa spesso nelle batterie, nei motori elettrici, nelle celle a combustibile e in altri dispositivi elettrici. Le batterie hanno la striscia di grafite come elettrodo utilizzato per i cicli di carica e scarica. Grazie alla sua conduttivit\u00e0, viene utilizzata per i contatti elettrici, le spazzole e i sistemi di messa a terra, luoghi in cui \u00e8 necessario mantenere un flusso affidabile di corrente elettrica.<\/p>\n<h3>Rilascio dello stampo<\/h3>\n<p>Inoltre, la striscia di grafite \u00e8 un buon agente distaccante per evitare che qualsiasi cosa venga utilizzata si attacchi agli stampi. Se si intende utilizzarla per altri prodotti come il metallo <a href=\"https:\/\/en.wikipedia.org\/wiki\/Casting\" target=\"_blank\" rel=\"noopener\">getto<\/a>Per lo stampaggio della plastica, della gomma e per altri processi, ricordate che \u00e8 necessario per rilasciare i materiali senza problemi. Indipendentemente dalla forma, i prodotti stampati mantengono la loro forma e le caratteristiche superficiali senza difetti grazie alla loro natura antiaderente. Il nastro di grafite \u00e8 particolarmente adatto per lo stampaggio ad alta temperatura; si comporta abbastanza bene, anche alle alte temperature. Ci\u00f2 riduce i ritardi di produzione, contribuendo a massimizzare l'efficienza complessiva della produzione.<\/p>\n<h3>Lubrificazione<\/h3>\n<p>La striscia di grafite \u00e8 un eccellente lubrificante e funziona bene per ridurre l'attrito radente tra le parti in movimento. Pu\u00f2 essere utilizzato in applicazioni in cui i normali lubrificanti sono utili, ad esempio in condizioni di alto vuoto o di alta temperatura. Lubrifica efficacemente senza bisogno di oli o grassi supplementari, anche in condizioni di freddo, calore e carico estremi. La striscia di grafite trova innumerevoli impieghi in macchine, linee di trasporto, parti di veicoli a motore e macchinari lanciati nello spazio. Molto pi\u00f9 resistente dei normali lubrificanti, che evaporano e si rompono rapidamente, pu\u00f2 essere utilizzata in settori in cui si desidera un prodotto e una protezione migliori e pi\u00f9 duraturi.<\/p>\n<h3>Applicazioni industriali<\/h3>\n<p>Materiale industriale estremamente versatile, il nastro di grafite \u00e8 resistente al calore, alla corrosione e agli agenti chimici. Si trova in impianti chimici, raffinerie, centrali elettriche e impianti di lavorazione dei metalli. Grazie alla sua stabilit\u00e0 termica, \u00e8 ideale per l'uso come isolante. <a href=\"https:\/\/jinsuncarbon.com\/it\/prodotto\/rivestimento-del-forno-in-grafite\/\">rivestimento<\/a> materiale ad alta temperatura <a href=\"https:\/\/en.wikipedia.org\/wiki\/Furnace_(central_heating)\" target=\"_blank\" rel=\"noopener\">forni<\/a> e forni. Nell'industria chimica, dove il nastro di grafite \u00e8 sottoposto a processi chimici aggressivi, \u00e8 presente nei componenti degli scambiatori di calore, nelle pompe e nelle valvole per prodotti chimici aggressivi. La resistenza alla corrosione in base al materiale significa che hanno una lunga durata di servizio e, a loro volta, riparazioni o sostituzioni minime.<\/p>\n<h2>Vantaggi delle strisce di grafite<\/h2>\n<p>Il vantaggio del nastro di grafite \u00e8 che \u00e8 resistente alle alte temperature, quindi pu\u00f2 essere utilizzato in ambienti con presenza di calore.<br \/>\nInoltre, \u00e8 un buon conduttore di elettricit\u00e0, quindi pu\u00f2 essere utilizzata per applicazioni elettroniche. Le strisce di grafite hanno eccellenti propriet\u00e0 lubrificanti che riducono al minimo l'attrito e contribuiscono alla longevit\u00e0 dei componenti. Inoltre, sono resistenti alla corrosione, per cui possono essere utilizzate in condizioni ambientali difficili, in cui sostanze chimiche o umidit\u00e0 sono a contatto con l'ambiente. \u00c8 flessibile e pu\u00f2 essere tagliata a misura; pertanto, pu\u00f2 essere utilizzata in una variet\u00e0 di applicazioni. Inoltre, la striscia di grafite \u00e8 altamente resistente e non si degrada in situazioni di elevate prestazioni. \u00c8 un prodotto durevole, conveniente e a bassa o nulla manutenzione.<\/p>","protected":false},"excerpt":{"rendered":"<p>Una striscia di grafite \u00e8 una sottile striscia orizzontale di grafite. Si trova principalmente nei settori in cui c'\u00e8 il rischio di calore, attrito o problemi di tenuta. \u00c8 flessibile e resistente. \u00c8 disponibile in varie forme e dimensioni per le diverse esigenze.<\/p>\n<p>Il nastro di grafite \u00e8 una delle forme pi\u00f9 rinomate di grafite. Ha un'elevata resistenza al calore. Ha anche una buona conducibilit\u00e0 elettrica e una lubrificazione molto elevata. Grazie a queste caratteristiche \u00e8 la pi\u00f9 utilizzata in molte applicazioni.<\/p>","protected":false},"featured_media":6846,"template":"","meta":[],"product_brand":[],"product_cat":[38],"product_tag":[],"class_list":{"0":"post-6838","1":"product","2":"type-product","3":"status-publish","4":"has-post-thumbnail","6":"product_cat-graphite-products","8":"first","9":"instock","10":"shipping-taxable","11":"product-type-simple"},"yoast_head":"<!-- This site is optimized with the Yoast SEO Premium plugin v19.2.1 (Yoast SEO v25.3) - https:\/\/yoast.com\/wordpress\/plugins\/seo\/ -->\n<title>Graphite Strip Manufacturer | Jinsun Carbon<\/title>\n<meta name=\"description\" content=\"Graphite strip is one of the most reputed forms of graphite. It has a high resistance to heat. It also has good electrical conductivity and very high lubrication\" \/>\n<meta name=\"robots\" content=\"index, follow, max-snippet:-1, max-image-preview:large, max-video-preview:-1\" \/>\n<link rel=\"canonical\" href=\"https:\/\/jinsuncarbon.com\/it\/prodotto\/striscia-di-grafite\/\" \/>\n<meta property=\"og:locale\" content=\"it_IT\" \/>\n<meta property=\"og:type\" content=\"article\" \/>\n<meta property=\"og:title\" content=\"Graphite Strip\" \/>\n<meta property=\"og:description\" content=\"Graphite strip is one of the most reputed forms of graphite. It has a high resistance to heat. It also has good electrical conductivity and very high lubrication\" \/>\n<meta property=\"og:url\" content=\"https:\/\/jinsuncarbon.com\/it\/prodotto\/striscia-di-grafite\/\" \/>\n<meta property=\"og:site_name\" content=\"Jinsun Carbon\" \/>\n<meta property=\"article:publisher\" content=\"https:\/\/www.facebook.com\/Graphite-Electrode-109336238661595\" \/>\n<meta property=\"article:modified_time\" content=\"2024-12-01T12:53:29+00:00\" \/>\n<meta property=\"og:image\" content=\"https:\/\/jinsuncarbon.com\/wp-content\/uploads\/2024\/11\/Graphite-stirp.jpg\" \/>\n\t<meta property=\"og:image:width\" content=\"1024\" \/>\n\t<meta property=\"og:image:height\" content=\"763\" \/>\n\t<meta property=\"og:image:type\" content=\"image\/jpeg\" \/>\n<meta name=\"twitter:card\" content=\"summary_large_image\" \/>\n<meta name=\"twitter:site\" content=\"@jinsuncarbon_\" \/>\n<meta name=\"twitter:label1\" content=\"Tempo di lettura stimato\" \/>\n\t<meta name=\"twitter:data1\" content=\"4 minuti\" \/>\n<script type=\"application\/ld+json\" class=\"yoast-schema-graph\">{\"@context\":\"https:\/\/schema.org\",\"@graph\":[{\"@type\":\"WebPage\",\"@id\":\"https:\/\/jinsuncarbon.com\/product\/graphite-strip\/\",\"url\":\"https:\/\/jinsuncarbon.com\/product\/graphite-strip\/\",\"name\":\"Graphite Strip Manufacturer | Jinsun Carbon\",\"isPartOf\":{\"@id\":\"https:\/\/jinsuncarbon.com\/#website\"},\"primaryImageOfPage\":{\"@id\":\"https:\/\/jinsuncarbon.com\/product\/graphite-strip\/#primaryimage\"},\"image\":{\"@id\":\"https:\/\/jinsuncarbon.com\/product\/graphite-strip\/#primaryimage\"},\"thumbnailUrl\":\"https:\/\/jinsuncarbon.com\/wp-content\/uploads\/2024\/11\/Graphite-stirp.jpg\",\"datePublished\":\"2024-11-29T01:31:38+00:00\",\"dateModified\":\"2024-12-01T12:53:29+00:00\",\"description\":\"Graphite strip is one of the most reputed forms of graphite. It has a high resistance to heat. It also has good electrical conductivity and very high lubrication\",\"breadcrumb\":{\"@id\":\"https:\/\/jinsuncarbon.com\/product\/graphite-strip\/#breadcrumb\"},\"inLanguage\":\"it-IT\",\"potentialAction\":[{\"@type\":\"ReadAction\",\"target\":[\"https:\/\/jinsuncarbon.com\/product\/graphite-strip\/\"]}]},{\"@type\":\"ImageObject\",\"inLanguage\":\"it-IT\",\"@id\":\"https:\/\/jinsuncarbon.com\/product\/graphite-strip\/#primaryimage\",\"url\":\"https:\/\/jinsuncarbon.com\/wp-content\/uploads\/2024\/11\/Graphite-stirp.jpg\",\"contentUrl\":\"https:\/\/jinsuncarbon.com\/wp-content\/uploads\/2024\/11\/Graphite-stirp.jpg\",\"width\":1024,\"height\":763,\"caption\":\"Graphite strip\"},{\"@type\":\"BreadcrumbList\",\"@id\":\"https:\/\/jinsuncarbon.com\/product\/graphite-strip\/#breadcrumb\",\"itemListElement\":[{\"@type\":\"ListItem\",\"position\":1,\"name\":\"Home\",\"item\":\"https:\/\/jinsuncarbon.com\/\"},{\"@type\":\"ListItem\",\"position\":2,\"name\":\"Products\",\"item\":\"https:\/\/jinsuncarbon.com\/graphite-carbon\/\"},{\"@type\":\"ListItem\",\"position\":3,\"name\":\"Graphite Strip\"}]},{\"@type\":\"WebSite\",\"@id\":\"https:\/\/jinsuncarbon.com\/#website\",\"url\":\"https:\/\/jinsuncarbon.com\/\",\"name\":\"Jinsun Carbon\",\"description\":\"We are the successful graphite electrode manufacturer in China\",\"publisher\":{\"@id\":\"https:\/\/jinsuncarbon.com\/#organization\"},\"potentialAction\":[{\"@type\":\"SearchAction\",\"target\":{\"@type\":\"EntryPoint\",\"urlTemplate\":\"https:\/\/jinsuncarbon.com\/?s={search_term_string}\"},\"query-input\":{\"@type\":\"PropertyValueSpecification\",\"valueRequired\":true,\"valueName\":\"search_term_string\"}}],\"inLanguage\":\"it-IT\"},{\"@type\":\"Organization\",\"@id\":\"https:\/\/jinsuncarbon.com\/#organization\",\"name\":\"Jinsun Carbon\",\"alternateName\":\"Jinsun Carbon\",\"url\":\"https:\/\/jinsuncarbon.com\/\",\"logo\":{\"@type\":\"ImageObject\",\"inLanguage\":\"it-IT\",\"@id\":\"https:\/\/jinsuncarbon.com\/#\/schema\/logo\/image\/\",\"url\":\"https:\/\/jinsuncarbon.com\/wp-content\/uploads\/2022\/12\/LOGO-1.png\",\"contentUrl\":\"https:\/\/jinsuncarbon.com\/wp-content\/uploads\/2022\/12\/LOGO-1.png\",\"width\":207,\"height\":80,\"caption\":\"Jinsun Carbon\"},\"image\":{\"@id\":\"https:\/\/jinsuncarbon.com\/#\/schema\/logo\/image\/\"},\"sameAs\":[\"https:\/\/www.facebook.com\/Graphite-Electrode-109336238661595\",\"https:\/\/x.com\/jinsuncarbon_\",\"https:\/\/www.linkedin.com\/in\/jinsungraphite\",\"https:\/\/www.youtube.com\/channel\/UCysDNyvyR5-3cCWEmpkVC0g\"]}]}<\/script>\n<!-- \/ Yoast SEO Premium plugin. -->","yoast_head_json":{"title":"Striscia di grafite Fornitore | Jinsun Carbon","description":"Il nastro di grafite \u00e8 una delle forme pi\u00f9 rinomate di grafite. Ha un'elevata resistenza al calore. Ha anche una buona conducibilit\u00e0 elettrica e una lubrificazione molto elevata.","robots":{"index":"index","follow":"follow","max-snippet":"max-snippet:-1","max-image-preview":"max-image-preview:large","max-video-preview":"max-video-preview:-1"},"canonical":"https:\/\/jinsuncarbon.com\/it\/prodotto\/striscia-di-grafite\/","og_locale":"it_IT","og_type":"article","og_title":"Graphite Strip","og_description":"Graphite strip is one of the most reputed forms of graphite. It has a high resistance to heat. It also has good electrical conductivity and very high lubrication","og_url":"https:\/\/jinsuncarbon.com\/it\/prodotto\/striscia-di-grafite\/","og_site_name":"Jinsun Carbon","article_publisher":"https:\/\/www.facebook.com\/Graphite-Electrode-109336238661595","article_modified_time":"2024-12-01T12:53:29+00:00","og_image":[{"width":1024,"height":763,"url":"https:\/\/jinsuncarbon.com\/wp-content\/uploads\/2024\/11\/Graphite-stirp.jpg","type":"image\/jpeg"}],"twitter_card":"summary_large_image","twitter_site":"@jinsuncarbon_","twitter_misc":{"Tempo di lettura stimato":"4 minuti"},"schema":{"@context":"https:\/\/schema.org","@graph":[{"@type":"WebPage","@id":"https:\/\/jinsuncarbon.com\/product\/graphite-strip\/","url":"https:\/\/jinsuncarbon.com\/product\/graphite-strip\/","name":"Striscia di grafite Fornitore | Jinsun Carbon","isPartOf":{"@id":"https:\/\/jinsuncarbon.com\/#website"},"primaryImageOfPage":{"@id":"https:\/\/jinsuncarbon.com\/product\/graphite-strip\/#primaryimage"},"image":{"@id":"https:\/\/jinsuncarbon.com\/product\/graphite-strip\/#primaryimage"},"thumbnailUrl":"https:\/\/jinsuncarbon.com\/wp-content\/uploads\/2024\/11\/Graphite-stirp.jpg","datePublished":"2024-11-29T01:31:38+00:00","dateModified":"2024-12-01T12:53:29+00:00","description":"Il nastro di grafite \u00e8 una delle forme pi\u00f9 rinomate di grafite. Ha un'elevata resistenza al calore. Ha anche una buona conducibilit\u00e0 elettrica e una lubrificazione molto elevata.","breadcrumb":{"@id":"https:\/\/jinsuncarbon.com\/product\/graphite-strip\/#breadcrumb"},"inLanguage":"it-IT","potentialAction":[{"@type":"ReadAction","target":["https:\/\/jinsuncarbon.com\/product\/graphite-strip\/"]}]},{"@type":"ImageObject","inLanguage":"it-IT","@id":"https:\/\/jinsuncarbon.com\/product\/graphite-strip\/#primaryimage","url":"https:\/\/jinsuncarbon.com\/wp-content\/uploads\/2024\/11\/Graphite-stirp.jpg","contentUrl":"https:\/\/jinsuncarbon.com\/wp-content\/uploads\/2024\/11\/Graphite-stirp.jpg","width":1024,"height":763,"caption":"Graphite strip"},{"@type":"BreadcrumbList","@id":"https:\/\/jinsuncarbon.com\/product\/graphite-strip\/#breadcrumb","itemListElement":[{"@type":"ListItem","position":1,"name":"Home","item":"https:\/\/jinsuncarbon.com\/"},{"@type":"ListItem","position":2,"name":"Products","item":"https:\/\/jinsuncarbon.com\/graphite-carbon\/"},{"@type":"ListItem","position":3,"name":"Graphite Strip"}]},{"@type":"WebSite","@id":"https:\/\/jinsuncarbon.com\/#website","url":"https:\/\/jinsuncarbon.com\/","name":"Jinsun Carbon","description":"Siamo il produttore di elettrodi di grafite di successo in Cina","publisher":{"@id":"https:\/\/jinsuncarbon.com\/#organization"},"potentialAction":[{"@type":"SearchAction","target":{"@type":"EntryPoint","urlTemplate":"https:\/\/jinsuncarbon.com\/?s={search_term_string}"},"query-input":{"@type":"PropertyValueSpecification","valueRequired":true,"valueName":"search_term_string"}}],"inLanguage":"it-IT"},{"@type":"Organization","@id":"https:\/\/jinsuncarbon.com\/#organization","name":"Jinsun Carbon","alternateName":"Jinsun Carbon","url":"https:\/\/jinsuncarbon.com\/","logo":{"@type":"ImageObject","inLanguage":"it-IT","@id":"https:\/\/jinsuncarbon.com\/#\/schema\/logo\/image\/","url":"https:\/\/jinsuncarbon.com\/wp-content\/uploads\/2022\/12\/LOGO-1.png","contentUrl":"https:\/\/jinsuncarbon.com\/wp-content\/uploads\/2022\/12\/LOGO-1.png","width":207,"height":80,"caption":"Jinsun Carbon"},"image":{"@id":"https:\/\/jinsuncarbon.com\/#\/schema\/logo\/image\/"},"sameAs":["https:\/\/www.facebook.com\/Graphite-Electrode-109336238661595","https:\/\/x.com\/jinsuncarbon_","https:\/\/www.linkedin.com\/in\/jinsungraphite","https:\/\/www.youtube.com\/channel\/UCysDNyvyR5-3cCWEmpkVC0g"]}]}},"_links":{"self":[{"href":"https:\/\/jinsuncarbon.com\/it\/wp-json\/wp\/v2\/product\/6838","targetHints":{"allow":["GET"]}}],"collection":[{"href":"https:\/\/jinsuncarbon.com\/it\/wp-json\/wp\/v2\/product"}],"about":[{"href":"https:\/\/jinsuncarbon.com\/it\/wp-json\/wp\/v2\/types\/product"}],"wp:featuredmedia":[{"embeddable":true,"href":"https:\/\/jinsuncarbon.com\/it\/wp-json\/wp\/v2\/media\/6846"}],"wp:attachment":[{"href":"https:\/\/jinsuncarbon.com\/it\/wp-json\/wp\/v2\/media?parent=6838"}],"wp:term":[{"taxonomy":"product_brand","embeddable":true,"href":"https:\/\/jinsuncarbon.com\/it\/wp-json\/wp\/v2\/product_brand?post=6838"},{"taxonomy":"product_cat","embeddable":true,"href":"https:\/\/jinsuncarbon.com\/it\/wp-json\/wp\/v2\/product_cat?post=6838"},{"taxonomy":"product_tag","embeddable":true,"href":"https:\/\/jinsuncarbon.com\/it\/wp-json\/wp\/v2\/product_tag?post=6838"}],"curies":[{"name":"wp","href":"https:\/\/api.w.org\/{rel}","templated":true}]}}