{"id":6834,"date":"2024-11-26T11:37:08","date_gmt":"2024-11-26T11:37:08","guid":{"rendered":"https:\/\/jinsuncarbon.com\/?post_type=product&#038;p=6834"},"modified":"2025-10-02T07:22:10","modified_gmt":"2025-10-02T07:22:10","slug":"rottami-di-elettrodi-di-grafite","status":"publish","type":"product","link":"https:\/\/jinsuncarbon.com\/it\/prodotto\/rottami-di-elettrodi-di-grafite\/","title":{"rendered":"Rottami di elettrodi di grafite"},"content":{"rendered":"<p>Gli scarti di elettrodi di grafite hanno un notevole potenziale di riutilizzo. Il contenuto di carbonio si mantiene ancora in una proporzione considerevole. Pu\u00f2 offrire la possibilit\u00e0 di estrarre valore secondario per molti collegamenti industriali. Le forme dei rottami di elettrodi di grafite sono diverse, a blocchi, granulari e cos\u00ec via, con un'ampia gamma di dimensioni. Sia che si tratti di una grande ristrutturazione industriale o di una piccola innovazione di processo, \u00e8 possibile utilizzare i nostri servizi professionali di lavorazione e distribuzione. Esplorazione approfondita del suo valore nascosto, in modo da poterlo adattare accuratamente al vostro specifico scenario applicativo. Diventa il vostro assistente giusto per la riduzione dei costi, l'efficienza e il riciclo delle risorse.<\/p>\n<p>&nbsp;<\/p>\n<h2>Vantaggi dei rottami di elettrodi di grafite<\/h2>\n<ul>\n<li>Forte riciclabilit\u00e0. Grazie alla tecnologia e al processo di riciclaggio avanzati, \u00e8 in grado di reintegrare efficacemente i rottami. Il tasso di recupero pu\u00f2 raggiungere 96% o pi\u00f9. Riduce notevolmente lo scarto di risorse e fa risparmiare alle imprese molti costi di approvvigionamento di materie prime. Il processo di riciclaggio \u00e8 relativamente semplice e veloce. Pu\u00f2 raggiungere un riciclaggio di rottami su larga scala in breve tempo, migliorando efficacemente l'efficienza di riciclaggio delle risorse delle imprese.<\/li>\n<\/ul>\n<p>&nbsp;<\/p>\n<ul>\n<li>Valore potenziale di utilizzo del calore. In un ambiente ad alta temperatura, i rottami di elettrodi di grafite possono assorbire e immagazzinare il calore in modo stabile. La sua capacit\u00e0 termica \u00e8 elevata e pu\u00f2 essere utilizzata come mezzo di scambio termico di alta qualit\u00e0 nei sistemi industriali a ciclo di calore. Inoltre, riduce il consumo di energia e migliora l'efficienza energetica.<\/li>\n<\/ul>\n<p>&nbsp;<\/p>\n<ul>\n<li>Ha una certa base di conducibilit\u00e0 elettrica. Pu\u00f2 essere utilizzato come materiale conduttivo ausiliario. Nella produzione o nella riparazione di circuiti di componenti elettronici che hanno bassi requisiti di conduttivit\u00e0 ma richiedono determinate propriet\u00e0 conduttive.<\/li>\n<\/ul>\n<p>&nbsp;<\/p>\n<ul>\n<li>La stabilit\u00e0 chimica \u00e8 relativamente elevata. Pu\u00f2 resistere all'erosione di sostanze corrosive come acidi e alcali forti. Questo allunga la vita utile dei contenitori e riduce i costi di manutenzione delle apparecchiature e i tempi di fermo causati dalla corrosione chimica.<\/li>\n<\/ul>\n<p>&nbsp;<\/p>\n<ul>\n<li>Densit\u00e0 moderata per una facile movimentazione. Non \u00e8 n\u00e9 troppo pesante per aumentare le difficolt\u00e0 di trasporto e movimentazione, n\u00e9 troppo leggero per essere maneggiato. I rottami possono ridurre le perdite e il consumo energetico delle apparecchiature. Inoltre, migliora l'efficienza del trattamento e facilita alle imprese il ritrattamento e l'utilizzo su larga scala dei rottami di elettrodi di grafite.<\/li>\n<\/ul>\n<p>&nbsp;<\/p>\n<ul>\n<li>Il contenuto di impurit\u00e0 \u00e8 nell'intervallo separabile. Attraverso i metodi convenzionali di separazione fisica, come la vagliatura, la flottazione e i mezzi di purificazione chimica, il contenuto di impurit\u00e0 pu\u00f2 essere ridotto a un livello estremamente basso. In questo modo, i rottami di elettrodi di grafite purificati possono soddisfare i requisiti pi\u00f9 elevati delle applicazioni industriali.<\/li>\n<\/ul>\n<p>&nbsp;<\/p>\n<h2>Usi degli scarti di elettrodi di grafite<\/h2>\n<ul>\n<li><strong>Produzione di elettrodi di grafite riciclata:<\/strong> Dopo un trattamento specifico, gli scarti degli elettrodi di grafite possono essere riutilizzati come materia prima per la produzione di elettrodi di grafite. Ci\u00f2 consente di risparmiare efficacemente le risorse.<\/li>\n<\/ul>\n<p>&nbsp;<\/p>\n<ul>\n<li><strong>Produzione di elettrodi di carbonio:<\/strong> Gli elettrodi di grafite vengono utilizzati come materia prima per la produzione di <a href=\"https:\/\/jinsuncarbon.com\/it\/prodotto\/elettrodo-di-carbonio\/\">elettrodi di carbonio<\/a> soprattutto perch\u00e9 pu\u00f2 migliorare significativamente la conduttivit\u00e0 degli elettrodi di carbonio. Inoltre, pu\u00f2 anche migliorare la resistenza meccanica degli elettrodi di carbonio e rendere la loro struttura pi\u00f9 stabile.<\/li>\n<\/ul>\n<p>&nbsp;<\/p>\n<ul>\n<li><strong>Produzione di blocchi di carbonio catodico:<\/strong> Dopo l'aggiunta di chip di grafite alla produzione di blocchi di carbonio catodico, la resistenza del catodo \u00e8 aumentata. <a href=\"https:\/\/jinsuncarbon.com\/it\/prodotto\/blocco-catodico\/\">blocchi di carbonio catodico<\/a> si riduce, favorendo l'elettrolisi. Allo stesso tempo, la grafite \u00e8 morbida e facilita la lavorazione e lo stampaggio dei blocchi di carbonio catodico.<\/li>\n<\/ul>\n<p>&nbsp;<\/p>\n<ul>\n<li><strong>Carburatore in acciaio:<\/strong> Nel processo di produzione dell'acciaio, l'aggiunta di rottami di elettrodi di grafite trattati pu\u00f2 regolare con precisione il contenuto di carbonio dell'acciaio fuso. Inoltre, migliora la qualit\u00e0 dell'acciaio.<\/li>\n<\/ul>\n<p>&nbsp;<\/p>\n<ul>\n<li><strong>Additivi refrattari:<\/strong> Aggiunto ai materiali refrattari, pu\u00f2 migliorarne la resistenza alle alte temperature e la stabilit\u00e0 strutturale. Pertanto, pu\u00f2 prolungare la vita utile dei materiali refrattari.<\/li>\n<\/ul>","protected":false},"excerpt":{"rendered":"<p>Gli scarti di elettrodi di grafite sono il materiale residuo generato durante la produzione o l'utilizzo di elettrodi di grafite. Dopo il battesimo e la precipitazione di molti processi complessi, la sua struttura interna contiene misteri unici. Pur essendo un rifiuto, conserva ancora le caratteristiche fondamentali dei materiali di grafite. Gli scarti di elettrodi di grafite presentano determinate caratteristiche di struttura cristallina, con forma irregolare a blocchi o granulare. Nella maggior parte dei casi, servono come riserva di risorse rinnovabili.<\/p>","protected":false},"featured_media":6835,"template":"","meta":[],"product_brand":[],"product_cat":[38],"product_tag":[],"class_list":{"0":"post-6834","1":"product","2":"type-product","3":"status-publish","4":"has-post-thumbnail","6":"product_cat-graphite-products","8":"first","9":"instock","10":"shipping-taxable","11":"product-type-simple"},"yoast_head":"<!-- This site is optimized with the Yoast SEO Premium plugin v19.2.1 (Yoast SEO v25.3) - https:\/\/yoast.com\/wordpress\/plugins\/seo\/ -->\n<title>Graphite Electrode Scrap Manufacturer | Jinsun Carbon<\/title>\n<meta name=\"description\" content=\"Graphite electrode scrap has considerable potential for reuse. The carbon content is still maintained in a considerable proportion.\" \/>\n<meta name=\"robots\" content=\"index, follow, max-snippet:-1, max-image-preview:large, max-video-preview:-1\" \/>\n<link rel=\"canonical\" href=\"https:\/\/jinsuncarbon.com\/it\/prodotto\/rottami-di-elettrodi-di-grafite\/\" \/>\n<meta property=\"og:locale\" content=\"it_IT\" \/>\n<meta property=\"og:type\" content=\"article\" \/>\n<meta property=\"og:title\" content=\"Graphite Electrode Scrap\" \/>\n<meta property=\"og:description\" content=\"Graphite electrode scrap has considerable potential for reuse. The carbon content is still maintained in a considerable proportion.\" \/>\n<meta property=\"og:url\" content=\"https:\/\/jinsuncarbon.com\/it\/prodotto\/rottami-di-elettrodi-di-grafite\/\" \/>\n<meta property=\"og:site_name\" content=\"Jinsun Carbon\" \/>\n<meta property=\"article:publisher\" content=\"https:\/\/www.facebook.com\/Graphite-Electrode-109336238661595\" \/>\n<meta property=\"article:modified_time\" content=\"2025-10-02T07:22:10+00:00\" \/>\n<meta property=\"og:image\" content=\"https:\/\/jinsuncarbon.com\/wp-content\/uploads\/2024\/11\/Graphite-electrode-scrap.jpg\" \/>\n\t<meta property=\"og:image:width\" content=\"1024\" \/>\n\t<meta property=\"og:image:height\" content=\"763\" \/>\n\t<meta property=\"og:image:type\" content=\"image\/jpeg\" \/>\n<meta name=\"twitter:card\" content=\"summary_large_image\" \/>\n<meta name=\"twitter:site\" content=\"@jinsuncarbon_\" \/>\n<meta name=\"twitter:label1\" content=\"Tempo di lettura stimato\" \/>\n\t<meta name=\"twitter:data1\" content=\"3 minuti\" \/>\n<script type=\"application\/ld+json\" class=\"yoast-schema-graph\">{\"@context\":\"https:\/\/schema.org\",\"@graph\":[{\"@type\":\"WebPage\",\"@id\":\"https:\/\/jinsuncarbon.com\/product\/graphite-electrode-scrap\/\",\"url\":\"https:\/\/jinsuncarbon.com\/product\/graphite-electrode-scrap\/\",\"name\":\"Graphite Electrode Scrap Manufacturer | Jinsun Carbon\",\"isPartOf\":{\"@id\":\"https:\/\/jinsuncarbon.com\/#website\"},\"primaryImageOfPage\":{\"@id\":\"https:\/\/jinsuncarbon.com\/product\/graphite-electrode-scrap\/#primaryimage\"},\"image\":{\"@id\":\"https:\/\/jinsuncarbon.com\/product\/graphite-electrode-scrap\/#primaryimage\"},\"thumbnailUrl\":\"https:\/\/jinsuncarbon.com\/wp-content\/uploads\/2024\/11\/Graphite-electrode-scrap.jpg\",\"datePublished\":\"2024-11-26T11:37:08+00:00\",\"dateModified\":\"2025-10-02T07:22:10+00:00\",\"description\":\"Graphite electrode scrap has considerable potential for reuse. The carbon content is still maintained in a considerable proportion.\",\"breadcrumb\":{\"@id\":\"https:\/\/jinsuncarbon.com\/product\/graphite-electrode-scrap\/#breadcrumb\"},\"inLanguage\":\"it-IT\",\"potentialAction\":[{\"@type\":\"ReadAction\",\"target\":[\"https:\/\/jinsuncarbon.com\/product\/graphite-electrode-scrap\/\"]}]},{\"@type\":\"ImageObject\",\"inLanguage\":\"it-IT\",\"@id\":\"https:\/\/jinsuncarbon.com\/product\/graphite-electrode-scrap\/#primaryimage\",\"url\":\"https:\/\/jinsuncarbon.com\/wp-content\/uploads\/2024\/11\/Graphite-electrode-scrap.jpg\",\"contentUrl\":\"https:\/\/jinsuncarbon.com\/wp-content\/uploads\/2024\/11\/Graphite-electrode-scrap.jpg\",\"width\":1024,\"height\":763,\"caption\":\"Graphite electrode scrap\"},{\"@type\":\"BreadcrumbList\",\"@id\":\"https:\/\/jinsuncarbon.com\/product\/graphite-electrode-scrap\/#breadcrumb\",\"itemListElement\":[{\"@type\":\"ListItem\",\"position\":1,\"name\":\"Home\",\"item\":\"https:\/\/jinsuncarbon.com\/\"},{\"@type\":\"ListItem\",\"position\":2,\"name\":\"Products\",\"item\":\"https:\/\/jinsuncarbon.com\/graphite-carbon\/\"},{\"@type\":\"ListItem\",\"position\":3,\"name\":\"Graphite Electrode Scrap\"}]},{\"@type\":\"WebSite\",\"@id\":\"https:\/\/jinsuncarbon.com\/#website\",\"url\":\"https:\/\/jinsuncarbon.com\/\",\"name\":\"Jinsun Carbon\",\"description\":\"We are the successful graphite electrode manufacturer in China\",\"publisher\":{\"@id\":\"https:\/\/jinsuncarbon.com\/#organization\"},\"potentialAction\":[{\"@type\":\"SearchAction\",\"target\":{\"@type\":\"EntryPoint\",\"urlTemplate\":\"https:\/\/jinsuncarbon.com\/?s={search_term_string}\"},\"query-input\":{\"@type\":\"PropertyValueSpecification\",\"valueRequired\":true,\"valueName\":\"search_term_string\"}}],\"inLanguage\":\"it-IT\"},{\"@type\":\"Organization\",\"@id\":\"https:\/\/jinsuncarbon.com\/#organization\",\"name\":\"Jinsun Carbon\",\"alternateName\":\"Jinsun Carbon\",\"url\":\"https:\/\/jinsuncarbon.com\/\",\"logo\":{\"@type\":\"ImageObject\",\"inLanguage\":\"it-IT\",\"@id\":\"https:\/\/jinsuncarbon.com\/#\/schema\/logo\/image\/\",\"url\":\"https:\/\/jinsuncarbon.com\/wp-content\/uploads\/2022\/12\/LOGO-1.png\",\"contentUrl\":\"https:\/\/jinsuncarbon.com\/wp-content\/uploads\/2022\/12\/LOGO-1.png\",\"width\":207,\"height\":80,\"caption\":\"Jinsun Carbon\"},\"image\":{\"@id\":\"https:\/\/jinsuncarbon.com\/#\/schema\/logo\/image\/\"},\"sameAs\":[\"https:\/\/www.facebook.com\/Graphite-Electrode-109336238661595\",\"https:\/\/x.com\/jinsuncarbon_\",\"https:\/\/www.linkedin.com\/in\/jinsungraphite\",\"https:\/\/www.youtube.com\/channel\/UCysDNyvyR5-3cCWEmpkVC0g\"]}]}<\/script>\n<!-- \/ Yoast SEO Premium plugin. -->","yoast_head_json":{"title":"Rottami di elettrodi di grafite Fornitore | Jinsun Carbon","description":"Gli scarti di elettrodi di grafite hanno un notevole potenziale di riutilizzo. Il contenuto di carbonio si mantiene ancora in una proporzione considerevole.","robots":{"index":"index","follow":"follow","max-snippet":"max-snippet:-1","max-image-preview":"max-image-preview:large","max-video-preview":"max-video-preview:-1"},"canonical":"https:\/\/jinsuncarbon.com\/it\/prodotto\/rottami-di-elettrodi-di-grafite\/","og_locale":"it_IT","og_type":"article","og_title":"Graphite Electrode Scrap","og_description":"Graphite electrode scrap has considerable potential for reuse. The carbon content is still maintained in a considerable proportion.","og_url":"https:\/\/jinsuncarbon.com\/it\/prodotto\/rottami-di-elettrodi-di-grafite\/","og_site_name":"Jinsun Carbon","article_publisher":"https:\/\/www.facebook.com\/Graphite-Electrode-109336238661595","article_modified_time":"2025-10-02T07:22:10+00:00","og_image":[{"width":1024,"height":763,"url":"https:\/\/jinsuncarbon.com\/wp-content\/uploads\/2024\/11\/Graphite-electrode-scrap.jpg","type":"image\/jpeg"}],"twitter_card":"summary_large_image","twitter_site":"@jinsuncarbon_","twitter_misc":{"Tempo di lettura stimato":"3 minuti"},"schema":{"@context":"https:\/\/schema.org","@graph":[{"@type":"WebPage","@id":"https:\/\/jinsuncarbon.com\/product\/graphite-electrode-scrap\/","url":"https:\/\/jinsuncarbon.com\/product\/graphite-electrode-scrap\/","name":"Rottami di elettrodi di grafite Fornitore | Jinsun Carbon","isPartOf":{"@id":"https:\/\/jinsuncarbon.com\/#website"},"primaryImageOfPage":{"@id":"https:\/\/jinsuncarbon.com\/product\/graphite-electrode-scrap\/#primaryimage"},"image":{"@id":"https:\/\/jinsuncarbon.com\/product\/graphite-electrode-scrap\/#primaryimage"},"thumbnailUrl":"https:\/\/jinsuncarbon.com\/wp-content\/uploads\/2024\/11\/Graphite-electrode-scrap.jpg","datePublished":"2024-11-26T11:37:08+00:00","dateModified":"2025-10-02T07:22:10+00:00","description":"Gli scarti di elettrodi di grafite hanno un notevole potenziale di riutilizzo. Il contenuto di carbonio si mantiene ancora in una proporzione considerevole.","breadcrumb":{"@id":"https:\/\/jinsuncarbon.com\/product\/graphite-electrode-scrap\/#breadcrumb"},"inLanguage":"it-IT","potentialAction":[{"@type":"ReadAction","target":["https:\/\/jinsuncarbon.com\/product\/graphite-electrode-scrap\/"]}]},{"@type":"ImageObject","inLanguage":"it-IT","@id":"https:\/\/jinsuncarbon.com\/product\/graphite-electrode-scrap\/#primaryimage","url":"https:\/\/jinsuncarbon.com\/wp-content\/uploads\/2024\/11\/Graphite-electrode-scrap.jpg","contentUrl":"https:\/\/jinsuncarbon.com\/wp-content\/uploads\/2024\/11\/Graphite-electrode-scrap.jpg","width":1024,"height":763,"caption":"Graphite electrode scrap"},{"@type":"BreadcrumbList","@id":"https:\/\/jinsuncarbon.com\/product\/graphite-electrode-scrap\/#breadcrumb","itemListElement":[{"@type":"ListItem","position":1,"name":"Home","item":"https:\/\/jinsuncarbon.com\/"},{"@type":"ListItem","position":2,"name":"Products","item":"https:\/\/jinsuncarbon.com\/graphite-carbon\/"},{"@type":"ListItem","position":3,"name":"Graphite Electrode Scrap"}]},{"@type":"WebSite","@id":"https:\/\/jinsuncarbon.com\/#website","url":"https:\/\/jinsuncarbon.com\/","name":"Jinsun Carbon","description":"Siamo il produttore di elettrodi di grafite di successo in Cina","publisher":{"@id":"https:\/\/jinsuncarbon.com\/#organization"},"potentialAction":[{"@type":"SearchAction","target":{"@type":"EntryPoint","urlTemplate":"https:\/\/jinsuncarbon.com\/?s={search_term_string}"},"query-input":{"@type":"PropertyValueSpecification","valueRequired":true,"valueName":"search_term_string"}}],"inLanguage":"it-IT"},{"@type":"Organization","@id":"https:\/\/jinsuncarbon.com\/#organization","name":"Jinsun Carbon","alternateName":"Jinsun Carbon","url":"https:\/\/jinsuncarbon.com\/","logo":{"@type":"ImageObject","inLanguage":"it-IT","@id":"https:\/\/jinsuncarbon.com\/#\/schema\/logo\/image\/","url":"https:\/\/jinsuncarbon.com\/wp-content\/uploads\/2022\/12\/LOGO-1.png","contentUrl":"https:\/\/jinsuncarbon.com\/wp-content\/uploads\/2022\/12\/LOGO-1.png","width":207,"height":80,"caption":"Jinsun Carbon"},"image":{"@id":"https:\/\/jinsuncarbon.com\/#\/schema\/logo\/image\/"},"sameAs":["https:\/\/www.facebook.com\/Graphite-Electrode-109336238661595","https:\/\/x.com\/jinsuncarbon_","https:\/\/www.linkedin.com\/in\/jinsungraphite","https:\/\/www.youtube.com\/channel\/UCysDNyvyR5-3cCWEmpkVC0g"]}]}},"_links":{"self":[{"href":"https:\/\/jinsuncarbon.com\/it\/wp-json\/wp\/v2\/product\/6834","targetHints":{"allow":["GET"]}}],"collection":[{"href":"https:\/\/jinsuncarbon.com\/it\/wp-json\/wp\/v2\/product"}],"about":[{"href":"https:\/\/jinsuncarbon.com\/it\/wp-json\/wp\/v2\/types\/product"}],"wp:featuredmedia":[{"embeddable":true,"href":"https:\/\/jinsuncarbon.com\/it\/wp-json\/wp\/v2\/media\/6835"}],"wp:attachment":[{"href":"https:\/\/jinsuncarbon.com\/it\/wp-json\/wp\/v2\/media?parent=6834"}],"wp:term":[{"taxonomy":"product_brand","embeddable":true,"href":"https:\/\/jinsuncarbon.com\/it\/wp-json\/wp\/v2\/product_brand?post=6834"},{"taxonomy":"product_cat","embeddable":true,"href":"https:\/\/jinsuncarbon.com\/it\/wp-json\/wp\/v2\/product_cat?post=6834"},{"taxonomy":"product_tag","embeddable":true,"href":"https:\/\/jinsuncarbon.com\/it\/wp-json\/wp\/v2\/product_tag?post=6834"}],"curies":[{"name":"wp","href":"https:\/\/api.w.org\/{rel}","templated":true}]}}