{"id":6799,"date":"2024-11-25T09:34:57","date_gmt":"2024-11-25T09:34:57","guid":{"rendered":"https:\/\/jinsuncarbon.com\/?post_type=product&#038;p=6799"},"modified":"2024-12-01T12:56:31","modified_gmt":"2024-12-01T12:56:31","slug":"elettrodo-di-grafite-pirolitica","status":"publish","type":"product","link":"https:\/\/jinsuncarbon.com\/it\/prodotto\/elettrodo-di-grafite-pirolitica\/","title":{"rendered":"Elettrodo di grafite pirolitica"},"content":{"rendered":"<p>Le forme degli elettrodi di grafite pirolitica sono diverse, di dimensioni flessibili e di eccellente purezza. Che sia piccolo o grande, pu\u00f2 essere basato sulle vostre esigenze specifiche. Grazie al processo di personalizzazione professionale, pu\u00f2 adattarsi perfettamente alle esigenze del progetto. Il contenuto di carbonio dell'elettrodo di grafite \u00e8 generalmente pari a 98% o superiore. Si tratta di un modello ben meritato di materiali per elettrodi di elevata purezza.<\/p>\n<p>&nbsp;<\/p>\n<h2>Vantaggi degli elettrodi di grafite pirolitica<\/h2>\n<ul>\n<li><strong>Stabilit\u00e0 alle alte temperature:<\/strong>\u00a0Gli elettrodi di grafite pirolitica possono resistere a temperature estremamente elevate. E mantiene ancora la stabilit\u00e0 strutturale in ambienti ad alta temperatura, oltre i 3000\u00b0C, senza ammorbidirsi e fondersi. Questo le permette di lavorare in modo stabile nella fusione ad alta temperatura, nella sintesi ad alta temperatura e in altri processi. Come ad esempio nel processo di fusione di metalli speciali. Pu\u00f2 resistere a lungo alle alte temperature e continuare a svolgere il ruolo di elettrodo.<\/li>\n<\/ul>\n<p>&nbsp;<\/p>\n<ul>\n<li><strong>Eccellente conduttivit\u00e0 elettrica:<\/strong> Con una buona conducibilit\u00e0 elettrica, pu\u00f2 condurre efficacemente la corrente. Nelle applicazioni elettrochimiche, pu\u00f2 ridurre efficacemente la perdita di resistenza e migliorare l'efficienza energetica. Nelle industrie elettrolitiche su larga scala, come la produzione di alluminio elettrolitico, la sua eccellente conducibilit\u00e0 elettrica contribuisce a ridurre i costi di produzione e ad aumentare la velocit\u00e0 di produzione.<\/li>\n<\/ul>\n<p>&nbsp;<\/p>\n<ul>\n<li><strong>Tolleranza chimica:<\/strong> Ha una forte inerzia chimica nei confronti di acidi, alcali, solventi organici e altre sostanze chimiche. Ha un alto grado di tolleranza, non \u00e8 facile alla reazione chimica e alla corrosione. Nell'ambiente chimico complesso del settore chimico, come la presenza di vari elettroliti e gas corrosivi, pu\u00f2 funzionare stabilmente per lungo tempo. Ci\u00f2 riduce la frequenza di sostituzione degli elettrodi e i costi di manutenzione.<\/li>\n<\/ul>\n<p>&nbsp;<\/p>\n<ul>\n<li><strong>Basso coefficiente di espansione:<\/strong> Il coefficiente di espansione termica dell'elettrodo di grafite pirolitica \u00e8 molto basso. Le sue dimensioni cambiano leggermente al variare della temperatura. Questa caratteristica \u00e8 particolarmente importante nella lavorazione ad alta precisione e nei processi sperimentali. Come la produzione di semiconduttori. Ci\u00f2 garantisce l'accuratezza dimensionale degli elettrodi a diverse temperature di processo e assicura la stabilit\u00e0 della qualit\u00e0 del prodotto.<\/li>\n<\/ul>\n<p>&nbsp;<\/p>\n<h2>Applicazioni dell'elettrodo di grafite pirolitica<\/h2>\n<p>La superficie dell'elettrodo di grafite pirolitica pu\u00f2 essere modificata per rilevare selettivamente gli ioni. Ad esempio, per la rilevazione di ioni di metalli pesanti, gli elettrodi modificati chimicamente producono reazioni specifiche con gli ioni di metalli pesanti. E le concentrazioni di ioni vengono determinate in base alle variazioni di <a href=\"https:\/\/en.wikipedia.org\/wiki\/Electrochemistry\" target=\"_blank\" rel=\"noopener\">elettrochimico<\/a> segnali. Pu\u00f2 anche rilevare la materia organica. Come il rilevamento del glucosio e di altri piccoli componenti biologici, fissati sulla superficie dell'elettrodo della glucosio ossidasi e di altri enzimi biologici. Utilizza la reazione specifica dell'enzima e del glucosio generata dalle variazioni del segnale elettrico per il rilevamento quantitativo.<\/p>\n<p>&nbsp;<\/p>\n<p><strong>Nel campo della ricerca elettrochimica,<\/strong> l'elettrodo di grafite pirolitica ha una buona conduttivit\u00e0 e stabilit\u00e0. E possiamo utilizzarlo per studiare il processo di trasferimento di carica sull'elettrodo di grafite pirotica. <a href=\"https:\/\/jinsuncarbon.com\/it\/prodotto\/elettrodo-a-barra-di-grafite\/\">elettrodo<\/a> superficie, il processo di adsorbimento e desorbimento di sostanze e altri problemi cinetici. Questo aiuta a comprendere a fondo il meccanismo della reazione elettrochimica. Inoltre, fornisce un supporto teorico per la progettazione di dispositivi elettrochimici ad alte prestazioni. Allo stesso tempo, possiamo anche utilizzarlo come vettore di catalizzatori, caricando diversi catalizzatori per studiare l'impatto delle reazioni elettrocatalitiche. Come la reazione di riduzione dell'ossigeno, la reazione di evoluzione dell'idrogeno, ecc. Possiamo quindi esplorare materiali elettrocatalitici e sistemi di reazione efficienti. E questo favorisce anche il progresso delle celle a combustibile, dell'acqua elettrolitica e di altre tecnologie.<\/p>\n<p>&nbsp;<\/p>\n<p><strong>In <a href=\"https:\/\/en.wikipedia.org\/wiki\/Sensor#:~:text=In%20the%20broadest%20definition%2C%20a,electronics%2C%20frequently%20a%20computer%20processor.\" target=\"_blank\" rel=\"noopener\">sensore<\/a> applicazioni,<\/strong> Gli elettrodi di grafite pirolitica possono rispondere a gas specifici. Ad esempio, materiali sensibili come gli ossidi metallici sono modificati sulla superficie dell'elettrodo per rilevare gas come l'ossigeno, l'idrogeno e l'idrogeno. <a href=\"https:\/\/jinsuncarbon.com\/it\/usi-del-carbonio\/\">carbone<\/a> monossido. Si possono anche realizzare biosensori per rilevare sostanze o attivit\u00e0 biologiche negli organismi viventi. Ad esempio, pu\u00f2 essere combinato con enzimi, anticorpi, acidi nucleici e altri elementi biometrici. In questo modo \u00e8 possibile rilevare in modo rapido e sensibile la glicemia, i lipidi nel sangue, gli agenti patogeni e cos\u00ec via.<\/p>","protected":false},"excerpt":{"rendered":"<p>L'elettrodo di grafite pirolitica \u00e8 costruito con cura mediante il processo all'avanguardia CVD (chemical vapor deposition). In un ambiente controllato ad alta temperatura, i gas contenenti carbonio vengono decomposti termicamente. Gli atomi di carbonio vengono depositati con precisione. Gli strati di grafite con strutture uniche sono modellati dalla loro struttura cristallina altamente ordinata. In particolare la struttura del piano dei bordi, che la distingue da altri materiali e consente di ottenere prestazioni eccezionali.<\/p>","protected":false},"featured_media":6800,"template":"","meta":[],"product_brand":[],"product_cat":[38],"product_tag":[],"class_list":{"0":"post-6799","1":"product","2":"type-product","3":"status-publish","4":"has-post-thumbnail","6":"product_cat-graphite-products","8":"first","9":"instock","10":"shipping-taxable","11":"product-type-simple"},"yoast_head":"<!-- This site is optimized with the Yoast SEO Premium plugin v19.2.1 (Yoast SEO v25.3) - https:\/\/yoast.com\/wordpress\/plugins\/seo\/ -->\n<title>Pyrolytic Graphite Electrode Manufacturer in China<\/title>\n<meta name=\"description\" content=\"Pyrolytic graphite electrode is constructed by the cutting-edge CVD (chemical vapor deposition) process, it can be based on your specific needs.\" \/>\n<meta name=\"robots\" content=\"index, follow, max-snippet:-1, max-image-preview:large, max-video-preview:-1\" \/>\n<link rel=\"canonical\" href=\"https:\/\/jinsuncarbon.com\/it\/prodotto\/elettrodo-di-grafite-pirolitica\/\" \/>\n<meta property=\"og:locale\" content=\"it_IT\" \/>\n<meta property=\"og:type\" content=\"article\" \/>\n<meta property=\"og:title\" content=\"Pyrolytic Graphite Electrode\" \/>\n<meta property=\"og:description\" content=\"Pyrolytic graphite electrode is constructed by the cutting-edge CVD (chemical vapor deposition) process, it can be based on your specific needs.\" \/>\n<meta property=\"og:url\" content=\"https:\/\/jinsuncarbon.com\/it\/prodotto\/elettrodo-di-grafite-pirolitica\/\" \/>\n<meta property=\"og:site_name\" content=\"Jinsun Carbon\" \/>\n<meta property=\"article:publisher\" content=\"https:\/\/www.facebook.com\/Graphite-Electrode-109336238661595\" \/>\n<meta property=\"article:modified_time\" content=\"2024-12-01T12:56:31+00:00\" \/>\n<meta property=\"og:image\" content=\"https:\/\/jinsuncarbon.com\/wp-content\/uploads\/2024\/11\/pyrolytic-graphite-electrode.jpg\" \/>\n\t<meta property=\"og:image:width\" content=\"1024\" \/>\n\t<meta property=\"og:image:height\" content=\"763\" \/>\n\t<meta property=\"og:image:type\" content=\"image\/jpeg\" \/>\n<meta name=\"twitter:card\" content=\"summary_large_image\" \/>\n<meta name=\"twitter:site\" content=\"@jinsuncarbon_\" \/>\n<meta name=\"twitter:label1\" content=\"Tempo di lettura stimato\" \/>\n\t<meta name=\"twitter:data1\" content=\"3 minuti\" \/>\n<script type=\"application\/ld+json\" class=\"yoast-schema-graph\">{\"@context\":\"https:\/\/schema.org\",\"@graph\":[{\"@type\":\"WebPage\",\"@id\":\"https:\/\/jinsuncarbon.com\/product\/pyrolytic-graphite-electrode\/\",\"url\":\"https:\/\/jinsuncarbon.com\/product\/pyrolytic-graphite-electrode\/\",\"name\":\"Pyrolytic Graphite Electrode Manufacturer in China\",\"isPartOf\":{\"@id\":\"https:\/\/jinsuncarbon.com\/#website\"},\"primaryImageOfPage\":{\"@id\":\"https:\/\/jinsuncarbon.com\/product\/pyrolytic-graphite-electrode\/#primaryimage\"},\"image\":{\"@id\":\"https:\/\/jinsuncarbon.com\/product\/pyrolytic-graphite-electrode\/#primaryimage\"},\"thumbnailUrl\":\"https:\/\/jinsuncarbon.com\/wp-content\/uploads\/2024\/11\/pyrolytic-graphite-electrode.jpg\",\"datePublished\":\"2024-11-25T09:34:57+00:00\",\"dateModified\":\"2024-12-01T12:56:31+00:00\",\"description\":\"Pyrolytic graphite electrode is constructed by the cutting-edge CVD (chemical vapor deposition) process, it can be based on your specific needs.\",\"breadcrumb\":{\"@id\":\"https:\/\/jinsuncarbon.com\/product\/pyrolytic-graphite-electrode\/#breadcrumb\"},\"inLanguage\":\"it-IT\",\"potentialAction\":[{\"@type\":\"ReadAction\",\"target\":[\"https:\/\/jinsuncarbon.com\/product\/pyrolytic-graphite-electrode\/\"]}]},{\"@type\":\"ImageObject\",\"inLanguage\":\"it-IT\",\"@id\":\"https:\/\/jinsuncarbon.com\/product\/pyrolytic-graphite-electrode\/#primaryimage\",\"url\":\"https:\/\/jinsuncarbon.com\/wp-content\/uploads\/2024\/11\/pyrolytic-graphite-electrode.jpg\",\"contentUrl\":\"https:\/\/jinsuncarbon.com\/wp-content\/uploads\/2024\/11\/pyrolytic-graphite-electrode.jpg\",\"width\":1024,\"height\":763,\"caption\":\"pyrolytic graphite electrode\"},{\"@type\":\"BreadcrumbList\",\"@id\":\"https:\/\/jinsuncarbon.com\/product\/pyrolytic-graphite-electrode\/#breadcrumb\",\"itemListElement\":[{\"@type\":\"ListItem\",\"position\":1,\"name\":\"Home\",\"item\":\"https:\/\/jinsuncarbon.com\/\"},{\"@type\":\"ListItem\",\"position\":2,\"name\":\"Products\",\"item\":\"https:\/\/jinsuncarbon.com\/graphite-carbon\/\"},{\"@type\":\"ListItem\",\"position\":3,\"name\":\"Pyrolytic Graphite Electrode\"}]},{\"@type\":\"WebSite\",\"@id\":\"https:\/\/jinsuncarbon.com\/#website\",\"url\":\"https:\/\/jinsuncarbon.com\/\",\"name\":\"Jinsun Carbon\",\"description\":\"We are the successful graphite electrode manufacturer in China\",\"publisher\":{\"@id\":\"https:\/\/jinsuncarbon.com\/#organization\"},\"potentialAction\":[{\"@type\":\"SearchAction\",\"target\":{\"@type\":\"EntryPoint\",\"urlTemplate\":\"https:\/\/jinsuncarbon.com\/?s={search_term_string}\"},\"query-input\":{\"@type\":\"PropertyValueSpecification\",\"valueRequired\":true,\"valueName\":\"search_term_string\"}}],\"inLanguage\":\"it-IT\"},{\"@type\":\"Organization\",\"@id\":\"https:\/\/jinsuncarbon.com\/#organization\",\"name\":\"Jinsun Carbon\",\"alternateName\":\"Jinsun Carbon\",\"url\":\"https:\/\/jinsuncarbon.com\/\",\"logo\":{\"@type\":\"ImageObject\",\"inLanguage\":\"it-IT\",\"@id\":\"https:\/\/jinsuncarbon.com\/#\/schema\/logo\/image\/\",\"url\":\"https:\/\/jinsuncarbon.com\/wp-content\/uploads\/2022\/12\/LOGO-1.png\",\"contentUrl\":\"https:\/\/jinsuncarbon.com\/wp-content\/uploads\/2022\/12\/LOGO-1.png\",\"width\":207,\"height\":80,\"caption\":\"Jinsun Carbon\"},\"image\":{\"@id\":\"https:\/\/jinsuncarbon.com\/#\/schema\/logo\/image\/\"},\"sameAs\":[\"https:\/\/www.facebook.com\/Graphite-Electrode-109336238661595\",\"https:\/\/x.com\/jinsuncarbon_\",\"https:\/\/www.linkedin.com\/in\/jinsungraphite\",\"https:\/\/www.youtube.com\/channel\/UCysDNyvyR5-3cCWEmpkVC0g\"]}]}<\/script>\n<!-- \/ Yoast SEO Premium plugin. -->","yoast_head_json":{"title":"Elettrodo di grafite pirolitica Produttore di elettrodi in Cina","description":"L'elettrodo di grafite pirolitica \u00e8 costruito con il processo all'avanguardia CVD (chemical vapor deposition) e pu\u00f2 essere realizzato in base alle vostre esigenze specifiche.","robots":{"index":"index","follow":"follow","max-snippet":"max-snippet:-1","max-image-preview":"max-image-preview:large","max-video-preview":"max-video-preview:-1"},"canonical":"https:\/\/jinsuncarbon.com\/it\/prodotto\/elettrodo-di-grafite-pirolitica\/","og_locale":"it_IT","og_type":"article","og_title":"Pyrolytic Graphite Electrode","og_description":"Pyrolytic graphite electrode is constructed by the cutting-edge CVD (chemical vapor deposition) process, it can be based on your specific needs.","og_url":"https:\/\/jinsuncarbon.com\/it\/prodotto\/elettrodo-di-grafite-pirolitica\/","og_site_name":"Jinsun Carbon","article_publisher":"https:\/\/www.facebook.com\/Graphite-Electrode-109336238661595","article_modified_time":"2024-12-01T12:56:31+00:00","og_image":[{"width":1024,"height":763,"url":"https:\/\/jinsuncarbon.com\/wp-content\/uploads\/2024\/11\/pyrolytic-graphite-electrode.jpg","type":"image\/jpeg"}],"twitter_card":"summary_large_image","twitter_site":"@jinsuncarbon_","twitter_misc":{"Tempo di lettura stimato":"3 minuti"},"schema":{"@context":"https:\/\/schema.org","@graph":[{"@type":"WebPage","@id":"https:\/\/jinsuncarbon.com\/product\/pyrolytic-graphite-electrode\/","url":"https:\/\/jinsuncarbon.com\/product\/pyrolytic-graphite-electrode\/","name":"Elettrodo di grafite pirolitica Produttore di elettrodi in Cina","isPartOf":{"@id":"https:\/\/jinsuncarbon.com\/#website"},"primaryImageOfPage":{"@id":"https:\/\/jinsuncarbon.com\/product\/pyrolytic-graphite-electrode\/#primaryimage"},"image":{"@id":"https:\/\/jinsuncarbon.com\/product\/pyrolytic-graphite-electrode\/#primaryimage"},"thumbnailUrl":"https:\/\/jinsuncarbon.com\/wp-content\/uploads\/2024\/11\/pyrolytic-graphite-electrode.jpg","datePublished":"2024-11-25T09:34:57+00:00","dateModified":"2024-12-01T12:56:31+00:00","description":"L'elettrodo di grafite pirolitica \u00e8 costruito con il processo all'avanguardia CVD (chemical vapor deposition) e pu\u00f2 essere realizzato in base alle vostre esigenze specifiche.","breadcrumb":{"@id":"https:\/\/jinsuncarbon.com\/product\/pyrolytic-graphite-electrode\/#breadcrumb"},"inLanguage":"it-IT","potentialAction":[{"@type":"ReadAction","target":["https:\/\/jinsuncarbon.com\/product\/pyrolytic-graphite-electrode\/"]}]},{"@type":"ImageObject","inLanguage":"it-IT","@id":"https:\/\/jinsuncarbon.com\/product\/pyrolytic-graphite-electrode\/#primaryimage","url":"https:\/\/jinsuncarbon.com\/wp-content\/uploads\/2024\/11\/pyrolytic-graphite-electrode.jpg","contentUrl":"https:\/\/jinsuncarbon.com\/wp-content\/uploads\/2024\/11\/pyrolytic-graphite-electrode.jpg","width":1024,"height":763,"caption":"pyrolytic graphite electrode"},{"@type":"BreadcrumbList","@id":"https:\/\/jinsuncarbon.com\/product\/pyrolytic-graphite-electrode\/#breadcrumb","itemListElement":[{"@type":"ListItem","position":1,"name":"Home","item":"https:\/\/jinsuncarbon.com\/"},{"@type":"ListItem","position":2,"name":"Products","item":"https:\/\/jinsuncarbon.com\/graphite-carbon\/"},{"@type":"ListItem","position":3,"name":"Pyrolytic Graphite Electrode"}]},{"@type":"WebSite","@id":"https:\/\/jinsuncarbon.com\/#website","url":"https:\/\/jinsuncarbon.com\/","name":"Jinsun Carbon","description":"Siamo il produttore di elettrodi di grafite di successo in Cina","publisher":{"@id":"https:\/\/jinsuncarbon.com\/#organization"},"potentialAction":[{"@type":"SearchAction","target":{"@type":"EntryPoint","urlTemplate":"https:\/\/jinsuncarbon.com\/?s={search_term_string}"},"query-input":{"@type":"PropertyValueSpecification","valueRequired":true,"valueName":"search_term_string"}}],"inLanguage":"it-IT"},{"@type":"Organization","@id":"https:\/\/jinsuncarbon.com\/#organization","name":"Jinsun Carbon","alternateName":"Jinsun Carbon","url":"https:\/\/jinsuncarbon.com\/","logo":{"@type":"ImageObject","inLanguage":"it-IT","@id":"https:\/\/jinsuncarbon.com\/#\/schema\/logo\/image\/","url":"https:\/\/jinsuncarbon.com\/wp-content\/uploads\/2022\/12\/LOGO-1.png","contentUrl":"https:\/\/jinsuncarbon.com\/wp-content\/uploads\/2022\/12\/LOGO-1.png","width":207,"height":80,"caption":"Jinsun Carbon"},"image":{"@id":"https:\/\/jinsuncarbon.com\/#\/schema\/logo\/image\/"},"sameAs":["https:\/\/www.facebook.com\/Graphite-Electrode-109336238661595","https:\/\/x.com\/jinsuncarbon_","https:\/\/www.linkedin.com\/in\/jinsungraphite","https:\/\/www.youtube.com\/channel\/UCysDNyvyR5-3cCWEmpkVC0g"]}]}},"_links":{"self":[{"href":"https:\/\/jinsuncarbon.com\/it\/wp-json\/wp\/v2\/product\/6799","targetHints":{"allow":["GET"]}}],"collection":[{"href":"https:\/\/jinsuncarbon.com\/it\/wp-json\/wp\/v2\/product"}],"about":[{"href":"https:\/\/jinsuncarbon.com\/it\/wp-json\/wp\/v2\/types\/product"}],"wp:featuredmedia":[{"embeddable":true,"href":"https:\/\/jinsuncarbon.com\/it\/wp-json\/wp\/v2\/media\/6800"}],"wp:attachment":[{"href":"https:\/\/jinsuncarbon.com\/it\/wp-json\/wp\/v2\/media?parent=6799"}],"wp:term":[{"taxonomy":"product_brand","embeddable":true,"href":"https:\/\/jinsuncarbon.com\/it\/wp-json\/wp\/v2\/product_brand?post=6799"},{"taxonomy":"product_cat","embeddable":true,"href":"https:\/\/jinsuncarbon.com\/it\/wp-json\/wp\/v2\/product_cat?post=6799"},{"taxonomy":"product_tag","embeddable":true,"href":"https:\/\/jinsuncarbon.com\/it\/wp-json\/wp\/v2\/product_tag?post=6799"}],"curies":[{"name":"wp","href":"https:\/\/api.w.org\/{rel}","templated":true}]}}