{"id":6797,"date":"2024-11-25T11:28:34","date_gmt":"2024-11-25T11:28:34","guid":{"rendered":"https:\/\/jinsuncarbon.com\/?post_type=product&#038;p=6797"},"modified":"2024-12-01T12:55:15","modified_gmt":"2024-12-01T12:55:15","slug":"foglio-di-grafite-flessibile","status":"publish","type":"product","link":"https:\/\/jinsuncarbon.com\/it\/prodotto\/foglio-di-grafite-flessibile\/","title":{"rendered":"Foglio di grafite flessibile"},"content":{"rendered":"<p>La preparazione dei fogli di grafite flessibile inizia solitamente con l'acidificazione della grafite naturale per rimuovere le impurit\u00e0. Queste permettono la formazione di composti interstrato di grafite. Quindi, dopo il lavaggio, l'asciugatura e altre fasi, si utilizza la tecnologia di rigonfiamento ad alta temperatura. Sotto l'azione dell'alta temperatura istantanea (generalmente fino a 1000\u2103 o pi\u00f9), i composti intercalari della grafite si decompongono rapidamente producendo gas. Pertanto, la grafite lungo la direzione di espansione dell'intercalare forma una grafite espansa simile a un verme. Infine, la grafite espansa viene trasformata in fogli di grafite flessibile di un certo spessore e resistenza mediante laminazione, arrotolamento e altri metodi di lavorazione meccanica.<\/p>\n<p>&nbsp;<\/p>\n<p>In base alle vostre esigenze individuali, siamo in grado di adattarli accuratamente a qualsiasi dimensione e forma, grazie al taglio professionale, allo stampaggio e ad altre lavorazioni di precisione. Sia che si tratti delle esigenze di tenuta di piccoli spazi, sia che si tratti dei requisiti di dissipazione del calore di aree di riscaldamento irregolari, i fogli di grafite flessibile possono essere facilmente gestiti. Questo fornisce soluzioni efficienti, affidabili e personalizzate per i vostri progetti di produzione industriale o di ricerca e sviluppo scientifico e tecnologico. La scelta ideale per la ricerca di una qualit\u00e0 superiore e di applicazioni uniche.<\/p>\n<p>&nbsp;<\/p>\n<h2>Vantaggi dei fogli di grafite flessibile<\/h2>\n<ul>\n<li>Eccellente conduttivit\u00e0 termica. La conducibilit\u00e0 termica del foglio di grafite flessibile \u00e8 elevata. \u00c8 in grado di condurre rapidamente il calore. Pu\u00f2 ridurre efficacemente la temperatura di componenti chiave come i chip nel campo della dissipazione del calore delle apparecchiature elettroniche. Ci\u00f2 garantisce il funzionamento stabile dell'apparecchiatura ed evita il degrado delle prestazioni o i guasti causati dal surriscaldamento.<\/li>\n<\/ul>\n<p>&nbsp;<\/p>\n<ul>\n<li>Eccezionale resistenza alle alte temperature. Pu\u00f2 continuare a lavorare in un ambiente ad alta temperatura. Pu\u00f2 resistere a migliaia di gradi di alta temperatura in atmosfera inerte, adatto all'isolamento di forni ad alta temperatura, al rivestimento di refrattari, ecc. Inoltre, \u00e8 in grado di mantenere l'integrit\u00e0 strutturale e le prestazioni stabili in condizioni estreme di alta temperatura.<\/li>\n<\/ul>\n<p>&nbsp;<\/p>\n<ul>\n<li>Buona stabilit\u00e0 chimica. Acidi forti, alcali forti e la maggior parte dei solventi organici hanno una forte tolleranza. Nel settore chimico, farmaceutico e in altri ambienti industriali corrosivi, pu\u00f2 essere utilizzato come rivestimento resistente alla corrosione, guarnizione e altri materiali. Impediscono efficacemente l'erosione dei mezzi chimici sulle apparecchiature.<\/li>\n<\/ul>\n<p>&nbsp;<\/p>\n<ul>\n<li>Eccellente flessibilit\u00e0 e lavorabilit\u00e0. \u00c8 possibile tagliarlo, piegarlo e piegarlo in una variet\u00e0 di forme complesse. Ci\u00f2 \u00e8 comodo per l'installazione e l'uso su componenti di apparecchiature di forme diverse. Ad esempio, la sigillatura di tubi di forma speciale e la forma irregolare del modulo di raffreddamento.<\/li>\n<\/ul>\n<p>&nbsp;<\/p>\n<ul>\n<li>Bassa densit\u00e0. Il peso ridotto pu\u00f2 soddisfare le esigenze di prestazione del materiale. (Negli scenari applicativi con severe limitazioni di peso. Come ad esempio le apparecchiature aerospaziali, le apparecchiature elettroniche portatili, ecc.) Inoltre, pu\u00f2 ridurre il peso complessivo e il consumo energetico.<\/li>\n<\/ul>\n<p>&nbsp;<\/p>\n<h2>Applicazioni principali<\/h2>\n<p><strong>Elettronica e comunicazioni<\/strong>. Negli smartphone, nei computer e in altre apparecchiature elettroniche, i fogli di grafite flessibile sono ampiamente utilizzati come materiali per la dissipazione del calore. Attaccati a <a href=\"https:\/\/en.wikipedia.org\/wiki\/CHiPs\" target=\"_blank\" rel=\"noopener\">patatine fritte<\/a>, batterie e altre parti riscaldanti, il calore viene dissipato rapidamente. Ci\u00f2 garantisce la stabilit\u00e0 della temperatura dell'apparecchiatura in condizioni di funzionamento ad alte prestazioni. In apparecchiature come l'amplificatore di potenza della stazione base di comunicazione, la sua buona conducibilit\u00e0 termica e la resistenza alle alte temperature sono utilizzate anche per garantire il normale funzionamento e la durata dell'apparecchiatura.<\/p>\n<p>&nbsp;<\/p>\n<p><strong>Industria energetica<\/strong>. Nelle batterie agli ioni di litio, possiamo utilizzarlo come additivo per <a href=\"https:\/\/jinsuncarbon.com\/it\/prodotto\/elettrodo-a-barra-di-grafite\/\">elettrodo<\/a> materiali o un materiale di rivestimento per la raccolta dei fluidi. Questo migliora\u00a0<a href=\"https:\/\/en.wikipedia.org\/wiki\/Electric_battery\" target=\"_blank\" rel=\"noopener\">batteria<\/a> prestazioni di carica e scarica e durata del ciclo. Nelle celle a combustibile, possiamo utilizzarlo come materiale sigillante e conduttivo per le piastre bipolari, per migliorare le prestazioni complessive e la stabilit\u00e0 delle celle a combustibile.<\/p>\n<p>&nbsp;<\/p>\n<p><strong>Produzione di macchinari e industria automobilistica<\/strong>. Nella guarnizione della testa del cilindro, nello scarico <a href=\"https:\/\/jinsuncarbon.com\/it\/prodotto\/tubo-di-grafite-in-vendita\/\">tubo<\/a> guarnizioni e altre parti del motore dell'automobile. Il foglio di grafite flessibile sfrutta la sua resistenza alle alte temperature e le buone prestazioni di tenuta per evitare perdite di gas e liquidi. Inoltre, garantisce il funzionamento efficiente del motore. Anche il collegamento di tenuta di varie apparecchiature ad alta temperatura e ad alta pressione nella produzione meccanica, come compressori, valvole di pompe, ecc. Riduce i costi di manutenzione delle apparecchiature e migliora l'affidabilit\u00e0 del funzionamento.<\/p>","protected":false},"excerpt":{"rendered":"<p>Il foglio di grafite flessibile \u00e8 un materiale molto caratteristico. \u00c8 costituito principalmente da grafite naturale di alta qualit\u00e0 come materiale di partenza e creato con cura grazie a una tecnologia speciale. Per le lastre di grafite flessibile di alta qualit\u00e0, il contenuto di carbonio \u00e8 mantenuto a 95% o superiore. Questo garantisce prestazioni eccellenti. Le lastre di grafite flessibile sono per lo pi\u00f9 presentate sotto forma di fogli, che possono adattarsi perfettamente alla superficie di varie forme complesse di pezzi.<\/p>","protected":false},"featured_media":6810,"template":"","meta":[],"product_brand":[],"product_cat":[38],"product_tag":[],"class_list":{"0":"post-6797","1":"product","2":"type-product","3":"status-publish","4":"has-post-thumbnail","6":"product_cat-graphite-products","8":"first","9":"instock","10":"shipping-taxable","11":"product-type-simple"},"yoast_head":"<!-- This site is optimized with the Yoast SEO Premium plugin v19.2.1 (Yoast SEO v25.3) - https:\/\/yoast.com\/wordpress\/plugins\/seo\/ -->\n<title>Flexible Graphite Sheet Manufacturer | Jinsun Carbon<\/title>\n<meta name=\"description\" content=\"Flexible graphite sheet is a very characteristic sheet material. It is mainly made of high quality natural graphite as the source material and carefully created by special technology.\" \/>\n<meta name=\"robots\" content=\"index, follow, max-snippet:-1, max-image-preview:large, max-video-preview:-1\" \/>\n<link rel=\"canonical\" href=\"https:\/\/jinsuncarbon.com\/it\/prodotto\/foglio-di-grafite-flessibile\/\" \/>\n<meta property=\"og:locale\" content=\"it_IT\" \/>\n<meta property=\"og:type\" content=\"article\" \/>\n<meta property=\"og:title\" content=\"Flexible Graphite Sheet\" \/>\n<meta property=\"og:description\" content=\"Flexible graphite sheet is a very characteristic sheet material. It is mainly made of high quality natural graphite as the source material and carefully created by special technology.\" \/>\n<meta property=\"og:url\" content=\"https:\/\/jinsuncarbon.com\/it\/prodotto\/foglio-di-grafite-flessibile\/\" \/>\n<meta property=\"og:site_name\" content=\"Jinsun Carbon\" \/>\n<meta property=\"article:publisher\" content=\"https:\/\/www.facebook.com\/Graphite-Electrode-109336238661595\" \/>\n<meta property=\"article:modified_time\" content=\"2024-12-01T12:55:15+00:00\" \/>\n<meta property=\"og:image\" content=\"https:\/\/jinsuncarbon.com\/wp-content\/uploads\/2024\/11\/WechatIMG1547.jpg\" \/>\n\t<meta property=\"og:image:width\" content=\"1024\" \/>\n\t<meta property=\"og:image:height\" content=\"763\" \/>\n\t<meta property=\"og:image:type\" content=\"image\/jpeg\" \/>\n<meta name=\"twitter:card\" content=\"summary_large_image\" \/>\n<meta name=\"twitter:site\" content=\"@jinsuncarbon_\" \/>\n<meta name=\"twitter:label1\" content=\"Tempo di lettura stimato\" \/>\n\t<meta name=\"twitter:data1\" content=\"4 minuti\" \/>\n<script type=\"application\/ld+json\" class=\"yoast-schema-graph\">{\"@context\":\"https:\/\/schema.org\",\"@graph\":[{\"@type\":\"WebPage\",\"@id\":\"https:\/\/jinsuncarbon.com\/product\/flexible-graphite-sheet\/\",\"url\":\"https:\/\/jinsuncarbon.com\/product\/flexible-graphite-sheet\/\",\"name\":\"Flexible Graphite Sheet Manufacturer | Jinsun Carbon\",\"isPartOf\":{\"@id\":\"https:\/\/jinsuncarbon.com\/#website\"},\"primaryImageOfPage\":{\"@id\":\"https:\/\/jinsuncarbon.com\/product\/flexible-graphite-sheet\/#primaryimage\"},\"image\":{\"@id\":\"https:\/\/jinsuncarbon.com\/product\/flexible-graphite-sheet\/#primaryimage\"},\"thumbnailUrl\":\"https:\/\/jinsuncarbon.com\/wp-content\/uploads\/2024\/11\/WechatIMG1547.jpg\",\"datePublished\":\"2024-11-25T11:28:34+00:00\",\"dateModified\":\"2024-12-01T12:55:15+00:00\",\"description\":\"Flexible graphite sheet is a very characteristic sheet material. It is mainly made of high quality natural graphite as the source material and carefully created by special technology.\",\"breadcrumb\":{\"@id\":\"https:\/\/jinsuncarbon.com\/product\/flexible-graphite-sheet\/#breadcrumb\"},\"inLanguage\":\"it-IT\",\"potentialAction\":[{\"@type\":\"ReadAction\",\"target\":[\"https:\/\/jinsuncarbon.com\/product\/flexible-graphite-sheet\/\"]}]},{\"@type\":\"ImageObject\",\"inLanguage\":\"it-IT\",\"@id\":\"https:\/\/jinsuncarbon.com\/product\/flexible-graphite-sheet\/#primaryimage\",\"url\":\"https:\/\/jinsuncarbon.com\/wp-content\/uploads\/2024\/11\/WechatIMG1547.jpg\",\"contentUrl\":\"https:\/\/jinsuncarbon.com\/wp-content\/uploads\/2024\/11\/WechatIMG1547.jpg\",\"width\":1024,\"height\":763,\"caption\":\"Flexible graphite sheet\"},{\"@type\":\"BreadcrumbList\",\"@id\":\"https:\/\/jinsuncarbon.com\/product\/flexible-graphite-sheet\/#breadcrumb\",\"itemListElement\":[{\"@type\":\"ListItem\",\"position\":1,\"name\":\"Home\",\"item\":\"https:\/\/jinsuncarbon.com\/\"},{\"@type\":\"ListItem\",\"position\":2,\"name\":\"Products\",\"item\":\"https:\/\/jinsuncarbon.com\/graphite-carbon\/\"},{\"@type\":\"ListItem\",\"position\":3,\"name\":\"Flexible Graphite Sheet\"}]},{\"@type\":\"WebSite\",\"@id\":\"https:\/\/jinsuncarbon.com\/#website\",\"url\":\"https:\/\/jinsuncarbon.com\/\",\"name\":\"Jinsun Carbon\",\"description\":\"We are the successful graphite electrode manufacturer in China\",\"publisher\":{\"@id\":\"https:\/\/jinsuncarbon.com\/#organization\"},\"potentialAction\":[{\"@type\":\"SearchAction\",\"target\":{\"@type\":\"EntryPoint\",\"urlTemplate\":\"https:\/\/jinsuncarbon.com\/?s={search_term_string}\"},\"query-input\":{\"@type\":\"PropertyValueSpecification\",\"valueRequired\":true,\"valueName\":\"search_term_string\"}}],\"inLanguage\":\"it-IT\"},{\"@type\":\"Organization\",\"@id\":\"https:\/\/jinsuncarbon.com\/#organization\",\"name\":\"Jinsun Carbon\",\"alternateName\":\"Jinsun Carbon\",\"url\":\"https:\/\/jinsuncarbon.com\/\",\"logo\":{\"@type\":\"ImageObject\",\"inLanguage\":\"it-IT\",\"@id\":\"https:\/\/jinsuncarbon.com\/#\/schema\/logo\/image\/\",\"url\":\"https:\/\/jinsuncarbon.com\/wp-content\/uploads\/2022\/12\/LOGO-1.png\",\"contentUrl\":\"https:\/\/jinsuncarbon.com\/wp-content\/uploads\/2022\/12\/LOGO-1.png\",\"width\":207,\"height\":80,\"caption\":\"Jinsun Carbon\"},\"image\":{\"@id\":\"https:\/\/jinsuncarbon.com\/#\/schema\/logo\/image\/\"},\"sameAs\":[\"https:\/\/www.facebook.com\/Graphite-Electrode-109336238661595\",\"https:\/\/x.com\/jinsuncarbon_\",\"https:\/\/www.linkedin.com\/in\/jinsungraphite\",\"https:\/\/www.youtube.com\/channel\/UCysDNyvyR5-3cCWEmpkVC0g\"]}]}<\/script>\n<!-- \/ Yoast SEO Premium plugin. -->","yoast_head_json":{"title":"Foglio di grafite flessibile Fornitore | Jinsun Carbon","description":"Il foglio di grafite flessibile \u00e8 un materiale molto caratteristico. \u00c8 realizzato principalmente con grafite naturale di alta qualit\u00e0 come materiale di partenza e creato con cura grazie a una tecnologia speciale.","robots":{"index":"index","follow":"follow","max-snippet":"max-snippet:-1","max-image-preview":"max-image-preview:large","max-video-preview":"max-video-preview:-1"},"canonical":"https:\/\/jinsuncarbon.com\/it\/prodotto\/foglio-di-grafite-flessibile\/","og_locale":"it_IT","og_type":"article","og_title":"Flexible Graphite Sheet","og_description":"Flexible graphite sheet is a very characteristic sheet material. It is mainly made of high quality natural graphite as the source material and carefully created by special technology.","og_url":"https:\/\/jinsuncarbon.com\/it\/prodotto\/foglio-di-grafite-flessibile\/","og_site_name":"Jinsun Carbon","article_publisher":"https:\/\/www.facebook.com\/Graphite-Electrode-109336238661595","article_modified_time":"2024-12-01T12:55:15+00:00","og_image":[{"width":1024,"height":763,"url":"https:\/\/jinsuncarbon.com\/wp-content\/uploads\/2024\/11\/WechatIMG1547.jpg","type":"image\/jpeg"}],"twitter_card":"summary_large_image","twitter_site":"@jinsuncarbon_","twitter_misc":{"Tempo di lettura stimato":"4 minuti"},"schema":{"@context":"https:\/\/schema.org","@graph":[{"@type":"WebPage","@id":"https:\/\/jinsuncarbon.com\/product\/flexible-graphite-sheet\/","url":"https:\/\/jinsuncarbon.com\/product\/flexible-graphite-sheet\/","name":"Foglio di grafite flessibile Fornitore | Jinsun Carbon","isPartOf":{"@id":"https:\/\/jinsuncarbon.com\/#website"},"primaryImageOfPage":{"@id":"https:\/\/jinsuncarbon.com\/product\/flexible-graphite-sheet\/#primaryimage"},"image":{"@id":"https:\/\/jinsuncarbon.com\/product\/flexible-graphite-sheet\/#primaryimage"},"thumbnailUrl":"https:\/\/jinsuncarbon.com\/wp-content\/uploads\/2024\/11\/WechatIMG1547.jpg","datePublished":"2024-11-25T11:28:34+00:00","dateModified":"2024-12-01T12:55:15+00:00","description":"Il foglio di grafite flessibile \u00e8 un materiale molto caratteristico. \u00c8 realizzato principalmente con grafite naturale di alta qualit\u00e0 come materiale di partenza e creato con cura grazie a una tecnologia speciale.","breadcrumb":{"@id":"https:\/\/jinsuncarbon.com\/product\/flexible-graphite-sheet\/#breadcrumb"},"inLanguage":"it-IT","potentialAction":[{"@type":"ReadAction","target":["https:\/\/jinsuncarbon.com\/product\/flexible-graphite-sheet\/"]}]},{"@type":"ImageObject","inLanguage":"it-IT","@id":"https:\/\/jinsuncarbon.com\/product\/flexible-graphite-sheet\/#primaryimage","url":"https:\/\/jinsuncarbon.com\/wp-content\/uploads\/2024\/11\/WechatIMG1547.jpg","contentUrl":"https:\/\/jinsuncarbon.com\/wp-content\/uploads\/2024\/11\/WechatIMG1547.jpg","width":1024,"height":763,"caption":"Flexible graphite sheet"},{"@type":"BreadcrumbList","@id":"https:\/\/jinsuncarbon.com\/product\/flexible-graphite-sheet\/#breadcrumb","itemListElement":[{"@type":"ListItem","position":1,"name":"Home","item":"https:\/\/jinsuncarbon.com\/"},{"@type":"ListItem","position":2,"name":"Products","item":"https:\/\/jinsuncarbon.com\/graphite-carbon\/"},{"@type":"ListItem","position":3,"name":"Flexible Graphite Sheet"}]},{"@type":"WebSite","@id":"https:\/\/jinsuncarbon.com\/#website","url":"https:\/\/jinsuncarbon.com\/","name":"Jinsun Carbon","description":"Siamo il produttore di elettrodi di grafite di successo in Cina","publisher":{"@id":"https:\/\/jinsuncarbon.com\/#organization"},"potentialAction":[{"@type":"SearchAction","target":{"@type":"EntryPoint","urlTemplate":"https:\/\/jinsuncarbon.com\/?s={search_term_string}"},"query-input":{"@type":"PropertyValueSpecification","valueRequired":true,"valueName":"search_term_string"}}],"inLanguage":"it-IT"},{"@type":"Organization","@id":"https:\/\/jinsuncarbon.com\/#organization","name":"Jinsun Carbon","alternateName":"Jinsun Carbon","url":"https:\/\/jinsuncarbon.com\/","logo":{"@type":"ImageObject","inLanguage":"it-IT","@id":"https:\/\/jinsuncarbon.com\/#\/schema\/logo\/image\/","url":"https:\/\/jinsuncarbon.com\/wp-content\/uploads\/2022\/12\/LOGO-1.png","contentUrl":"https:\/\/jinsuncarbon.com\/wp-content\/uploads\/2022\/12\/LOGO-1.png","width":207,"height":80,"caption":"Jinsun Carbon"},"image":{"@id":"https:\/\/jinsuncarbon.com\/#\/schema\/logo\/image\/"},"sameAs":["https:\/\/www.facebook.com\/Graphite-Electrode-109336238661595","https:\/\/x.com\/jinsuncarbon_","https:\/\/www.linkedin.com\/in\/jinsungraphite","https:\/\/www.youtube.com\/channel\/UCysDNyvyR5-3cCWEmpkVC0g"]}]}},"_links":{"self":[{"href":"https:\/\/jinsuncarbon.com\/it\/wp-json\/wp\/v2\/product\/6797","targetHints":{"allow":["GET"]}}],"collection":[{"href":"https:\/\/jinsuncarbon.com\/it\/wp-json\/wp\/v2\/product"}],"about":[{"href":"https:\/\/jinsuncarbon.com\/it\/wp-json\/wp\/v2\/types\/product"}],"wp:featuredmedia":[{"embeddable":true,"href":"https:\/\/jinsuncarbon.com\/it\/wp-json\/wp\/v2\/media\/6810"}],"wp:attachment":[{"href":"https:\/\/jinsuncarbon.com\/it\/wp-json\/wp\/v2\/media?parent=6797"}],"wp:term":[{"taxonomy":"product_brand","embeddable":true,"href":"https:\/\/jinsuncarbon.com\/it\/wp-json\/wp\/v2\/product_brand?post=6797"},{"taxonomy":"product_cat","embeddable":true,"href":"https:\/\/jinsuncarbon.com\/it\/wp-json\/wp\/v2\/product_cat?post=6797"},{"taxonomy":"product_tag","embeddable":true,"href":"https:\/\/jinsuncarbon.com\/it\/wp-json\/wp\/v2\/product_tag?post=6797"}],"curies":[{"name":"wp","href":"https:\/\/api.w.org\/{rel}","templated":true}]}}