{"id":6667,"date":"2024-11-17T14:35:15","date_gmt":"2024-11-17T14:35:15","guid":{"rendered":"https:\/\/jinsuncarbon.com\/?post_type=product&#038;p=6667"},"modified":"2024-11-17T14:35:16","modified_gmt":"2024-11-17T14:35:16","slug":"elettrodo-di-grafite-di-piccolo-diametro","status":"publish","type":"product","link":"https:\/\/jinsuncarbon.com\/it\/prodotto\/elettrodo-di-grafite-di-piccolo-diametro\/","title":{"rendered":"Elettrodo di grafite di piccolo diametro"},"content":{"rendered":"<p>L'elettrodo di grafite di piccolo diametro ha un'elevata purezza, un'alta conduttivit\u00e0 e un'elevata stabilit\u00e0 termica, ed \u00e8 anche un materiale chiave per la fusione industriale. Possiamo offrire requisiti personalizzati, tra cui lunghezza, punzonatura, scanalatura e altri processi di produzione speciali.<\/p>\n<h2>Vantaggi del nostro elettrodo di grafite di piccolo diametro<\/h2>\n<ul>\n<li><strong>Alta purezza:<\/strong><\/li>\n<\/ul>\n<p>Il nostro elettrodo di grafite di piccolo diametro ha tipicamente un'elevata purezza e ha la funzione di ridurre le impurit\u00e0 nel processo di fusione del metallo.<\/p>\n<ul>\n<li><strong>Alta densit\u00e0<\/strong><\/li>\n<\/ul>\n<p>L'alta densit\u00e0 dell'elettrodo di grafite di piccolo diametro aumenta la resistenza e la durata dell'elettrodo, consentendogli di mantenere le prestazioni per un lungo periodo di utilizzo.<\/p>\n<ul>\n<li><strong>Alta stabilit\u00e0 termica:<\/strong><\/li>\n<\/ul>\n<p><a href=\"https:\/\/jinsuncarbon.com\/it\/prodotto\/elettrodo-di-grafite-shp\/\">Elettrodi di grafite<\/a> \u00e8 strutturalmente stabile e non si scioglie n\u00e9 si ossida facilmente ad alte temperature.<\/p>\n<ul>\n<li><strong>Facilit\u00e0 di elaborazione:<\/strong><\/li>\n<\/ul>\n<p>Pu\u00f2 essere lavorata in una variet\u00e0 di forme e dimensioni per adattarsi a diversi progetti di EAF. Questa flessibilit\u00e0 consente agli elettrodi di grafite di soddisfare un'ampia gamma di esigenze metallurgiche.<\/p>\n<p>&nbsp;<\/p>\n<h2>Applicazioni<\/h2>\n<ul>\n<li><strong>Fusione di carburo di calcio e quarzo:<\/strong>- Nella fusione del carburo di calcio, l'elettrodo di grafite di piccolo diametro funge da conduttore per introdurre energia elettrica nel forno. In questo modo, le materie prime subiscono una reazione chimica per formare carburo di calcio, rendendo il processo di fusione pi\u00f9 fluido. Nella fusione del quarzo, svolge il ruolo di conduzione e riscaldamento, aiutando il minerale di quarzo a essere purificato e convertito ad alte temperature.<\/li>\n<\/ul>\n<p>&nbsp;<\/p>\n<ul>\n<li><strong>Creazione di stampi:<\/strong> \u00a0\u00a0\u00a0-L'elettrodo di grafite di piccolo diametro \u00e8 utilizzato per la lavorazione di tutti i tipi di stampi, come gli stampi a iniezione, gli stampi per pressofusione, ecc. Consente un'elettroerosione precisa di forme complesse e piccole parti di stampi. <a href=\"https:\/\/jinsuncarbon.com\/it\/prodotto\/stampo-in-grafite\/\">stampi<\/a>e migliora la precisione e la qualit\u00e0 superficiale degli stampi.<\/li>\n<\/ul>\n<p>&nbsp;<\/p>\n<ul>\n<li><strong>Semiconduttori :<\/strong> Nella produzione di silicio monocristallino, l'elettrodo di grafite di piccolo diametro pu\u00f2 essere usato anche per realizzare <a href=\"https:\/\/jinsuncarbon.com\/it\/prodotto\/elemento-riscaldante-in-grafite\/\">elemento riscaldante<\/a> per i forni di crescita dei cristalli. La sua resistenza alle alte temperature e la stabilit\u00e0 chimica gli consentono di lavorare in un ambiente ad alta temperatura e sotto vuoto. In questo modo si creano le condizioni necessarie per la crescita del silicio monocristallino.<\/li>\n<\/ul>\n<p>&nbsp;<\/p>\n<ul>\n<li><strong>Chimica:<\/strong>- In alcuni processi chimici, come l'elettrolisi, le reazioni di sintesi, ecc. \u00c8 possibile utilizzarlo come materiale elettrodico per partecipare a reazioni elettrochimiche o fornire percorsi conduttivi.<\/li>\n<\/ul>\n<p>&nbsp;<\/p>\n<ul>\n<li><strong>EDM:<\/strong> \u00a0\u00a0\u00a0- L'elettroerosione \u00e8 un processo importante nella costruzione di stampi. \u00c8 possibile utilizzare un elettrodo di grafite di piccolo diametro come elettrodo per utensili in <a href=\"https:\/\/en.wikipedia.org\/wiki\/Electrical_discharge_machining\" target=\"_blank\" rel=\"noopener\">EDM<\/a> per rimuovere il materiale dello stampo mediante corrosione da scarica, ottenendo forme complesse e stampi di alta precisione. I suoi vantaggi includono buone prestazioni di scarica, basse perdite ed elevata precisione di lavorazione.<\/li>\n<\/ul>\n<p>&nbsp;<\/p>\n<h2>Perch\u00e9 scegliere l'elettrodo di grafite Jinsun per la vostra fusione?<\/h2>\n<p><strong>Elevata conducibilit\u00e0 elettrica e termica:<\/strong><\/p>\n<p>-Il nostro elettrodo ha un'eccellente conducibilit\u00e0 elettrica e termica e pu\u00f2 condurre efficacemente corrente elettrica e calore. Ci\u00f2 lo rende eccellente nel processo di fusione ad alta temperatura, in grado di trasferire rapidamente il calore e di migliorare l'efficienza della fusione.<\/p>\n<p><strong>Resistenza alle alte temperature:<\/strong><\/p>\n<p>L'elettrodo \u00e8 stabile a temperature estremamente elevate senza fondersi o danneggiarsi. Pertanto, presenta evidenti vantaggi in ambienti ad alta temperatura come i forni elettrici ad arco, <a href=\"https:\/\/en.wikipedia.org\/wiki\/Vacuum_furnace\" target=\"_blank\" rel=\"noopener\">forni a vuoto<\/a> e forni a media frequenza.<\/p>\n<p><strong>Basso coefficiente di espansione termica:<\/strong><\/p>\n<p>Il coefficiente di espansione termica dell'elettrodo di grafite \u00e8 ridotto e non si deforma facilmente a causa del calore generato durante la lavorazione. Pu\u00f2 quindi garantire la stabilit\u00e0 e l'accuratezza del processo di fusione.<\/p>\n<p><strong>Elevata resistenza meccanica<\/strong><\/p>\n<p>I nostri elettrodi sono in grado di resistere a forze di trazione e di impatto elevate e hanno una resistenza alla flessione di 10-45MPa. Questo perch\u00e9 gli elettrodi sono impregnati pi\u00f9 volte per migliorare le prestazioni.<\/p>\n<p>&nbsp;<\/p>","protected":false},"excerpt":{"rendered":"<p>L'elettrodo di grafite di piccolo diametro si riferisce solitamente a prodotti di grafite di elevata purezza con diametri ridotti. \u00c8 realizzato con materie prime carboniose, come il coke di petrolio e il coke ad ago, mediante frantumazione, stampaggio, torrefazione e grafitizzazione.  In genere, il suo diametro pu\u00f2 variare da 60 a 150 millimetri.<\/p>\n<p>&nbsp;<\/p>","protected":false},"featured_media":6668,"template":"","meta":[],"product_brand":[],"product_cat":[37],"product_tag":[],"class_list":{"0":"post-6667","1":"product","2":"type-product","3":"status-publish","4":"has-post-thumbnail","6":"product_cat-graphite-electrode","8":"first","9":"instock","10":"shipping-taxable","11":"product-type-simple"},"yoast_head":"<!-- This site is optimized with the Yoast SEO Premium plugin v19.2.1 (Yoast SEO v25.3) - https:\/\/yoast.com\/wordpress\/plugins\/seo\/ -->\n<title>Small Diameter Graphite Electrode Manufacturer | Jinsun Carbon<\/title>\n<meta name=\"description\" content=\"Small diameter graphite electrode has high purity, high conductivity and high thermal stability, and it is also a key material for industrial melting.\" \/>\n<meta name=\"robots\" content=\"index, follow, max-snippet:-1, max-image-preview:large, max-video-preview:-1\" \/>\n<link rel=\"canonical\" href=\"https:\/\/jinsuncarbon.com\/it\/prodotto\/elettrodo-di-grafite-di-piccolo-diametro\/\" \/>\n<meta property=\"og:locale\" content=\"it_IT\" \/>\n<meta property=\"og:type\" content=\"article\" \/>\n<meta property=\"og:title\" content=\"Small Diameter Graphite Electrode\" \/>\n<meta property=\"og:description\" content=\"Small diameter graphite electrode has high purity, high conductivity and high thermal stability, and it is also a key material for industrial melting.\" \/>\n<meta property=\"og:url\" content=\"https:\/\/jinsuncarbon.com\/it\/prodotto\/elettrodo-di-grafite-di-piccolo-diametro\/\" \/>\n<meta property=\"og:site_name\" content=\"Jinsun Carbon\" \/>\n<meta property=\"article:publisher\" content=\"https:\/\/www.facebook.com\/Graphite-Electrode-109336238661595\" \/>\n<meta property=\"article:modified_time\" content=\"2024-11-17T14:35:16+00:00\" \/>\n<meta property=\"og:image\" content=\"https:\/\/jinsuncarbon.com\/wp-content\/uploads\/2024\/11\/Small-diameter-graphite-electrode.jpg\" \/>\n\t<meta property=\"og:image:width\" content=\"1024\" \/>\n\t<meta property=\"og:image:height\" content=\"763\" \/>\n\t<meta property=\"og:image:type\" content=\"image\/jpeg\" \/>\n<meta name=\"twitter:card\" content=\"summary_large_image\" \/>\n<meta name=\"twitter:site\" content=\"@jinsuncarbon_\" \/>\n<meta name=\"twitter:label1\" content=\"Tempo di lettura stimato\" \/>\n\t<meta name=\"twitter:data1\" content=\"3 minuti\" \/>\n<script type=\"application\/ld+json\" class=\"yoast-schema-graph\">{\"@context\":\"https:\/\/schema.org\",\"@graph\":[{\"@type\":\"WebPage\",\"@id\":\"https:\/\/jinsuncarbon.com\/product\/small-diameter-graphite-electrode\/\",\"url\":\"https:\/\/jinsuncarbon.com\/product\/small-diameter-graphite-electrode\/\",\"name\":\"Small Diameter Graphite Electrode Manufacturer | Jinsun Carbon\",\"isPartOf\":{\"@id\":\"https:\/\/jinsuncarbon.com\/#website\"},\"primaryImageOfPage\":{\"@id\":\"https:\/\/jinsuncarbon.com\/product\/small-diameter-graphite-electrode\/#primaryimage\"},\"image\":{\"@id\":\"https:\/\/jinsuncarbon.com\/product\/small-diameter-graphite-electrode\/#primaryimage\"},\"thumbnailUrl\":\"https:\/\/jinsuncarbon.com\/wp-content\/uploads\/2024\/11\/Small-diameter-graphite-electrode.jpg\",\"datePublished\":\"2024-11-17T14:35:15+00:00\",\"dateModified\":\"2024-11-17T14:35:16+00:00\",\"description\":\"Small diameter graphite electrode has high purity, high conductivity and high thermal stability, and it is also a key material for industrial melting.\",\"breadcrumb\":{\"@id\":\"https:\/\/jinsuncarbon.com\/product\/small-diameter-graphite-electrode\/#breadcrumb\"},\"inLanguage\":\"it-IT\",\"potentialAction\":[{\"@type\":\"ReadAction\",\"target\":[\"https:\/\/jinsuncarbon.com\/product\/small-diameter-graphite-electrode\/\"]}]},{\"@type\":\"ImageObject\",\"inLanguage\":\"it-IT\",\"@id\":\"https:\/\/jinsuncarbon.com\/product\/small-diameter-graphite-electrode\/#primaryimage\",\"url\":\"https:\/\/jinsuncarbon.com\/wp-content\/uploads\/2024\/11\/Small-diameter-graphite-electrode.jpg\",\"contentUrl\":\"https:\/\/jinsuncarbon.com\/wp-content\/uploads\/2024\/11\/Small-diameter-graphite-electrode.jpg\",\"width\":1024,\"height\":763,\"caption\":\"Small diameter graphite electrode | Jinsuncarbon\"},{\"@type\":\"BreadcrumbList\",\"@id\":\"https:\/\/jinsuncarbon.com\/product\/small-diameter-graphite-electrode\/#breadcrumb\",\"itemListElement\":[{\"@type\":\"ListItem\",\"position\":1,\"name\":\"Home\",\"item\":\"https:\/\/jinsuncarbon.com\/\"},{\"@type\":\"ListItem\",\"position\":2,\"name\":\"Products\",\"item\":\"https:\/\/jinsuncarbon.com\/graphite-carbon\/\"},{\"@type\":\"ListItem\",\"position\":3,\"name\":\"Small Diameter Graphite Electrode\"}]},{\"@type\":\"WebSite\",\"@id\":\"https:\/\/jinsuncarbon.com\/#website\",\"url\":\"https:\/\/jinsuncarbon.com\/\",\"name\":\"Jinsun Carbon\",\"description\":\"We are the successful graphite electrode manufacturer in China\",\"publisher\":{\"@id\":\"https:\/\/jinsuncarbon.com\/#organization\"},\"potentialAction\":[{\"@type\":\"SearchAction\",\"target\":{\"@type\":\"EntryPoint\",\"urlTemplate\":\"https:\/\/jinsuncarbon.com\/?s={search_term_string}\"},\"query-input\":{\"@type\":\"PropertyValueSpecification\",\"valueRequired\":true,\"valueName\":\"search_term_string\"}}],\"inLanguage\":\"it-IT\"},{\"@type\":\"Organization\",\"@id\":\"https:\/\/jinsuncarbon.com\/#organization\",\"name\":\"Jinsun Carbon\",\"alternateName\":\"Jinsun Carbon\",\"url\":\"https:\/\/jinsuncarbon.com\/\",\"logo\":{\"@type\":\"ImageObject\",\"inLanguage\":\"it-IT\",\"@id\":\"https:\/\/jinsuncarbon.com\/#\/schema\/logo\/image\/\",\"url\":\"https:\/\/jinsuncarbon.com\/wp-content\/uploads\/2022\/12\/LOGO-1.png\",\"contentUrl\":\"https:\/\/jinsuncarbon.com\/wp-content\/uploads\/2022\/12\/LOGO-1.png\",\"width\":207,\"height\":80,\"caption\":\"Jinsun Carbon\"},\"image\":{\"@id\":\"https:\/\/jinsuncarbon.com\/#\/schema\/logo\/image\/\"},\"sameAs\":[\"https:\/\/www.facebook.com\/Graphite-Electrode-109336238661595\",\"https:\/\/x.com\/jinsuncarbon_\",\"https:\/\/www.linkedin.com\/in\/jinsungraphite\",\"https:\/\/www.youtube.com\/channel\/UCysDNyvyR5-3cCWEmpkVC0g\"]}]}<\/script>\n<!-- \/ Yoast SEO Premium plugin. -->","yoast_head_json":{"title":"Elettrodo di grafite di piccolo diametro Fornitore | Jinsun Carbon","description":"L'elettrodo di grafite di piccolo diametro ha un'elevata purezza, un'alta conduttivit\u00e0 e un'elevata stabilit\u00e0 termica, ed \u00e8 anche un materiale chiave per la fusione industriale.","robots":{"index":"index","follow":"follow","max-snippet":"max-snippet:-1","max-image-preview":"max-image-preview:large","max-video-preview":"max-video-preview:-1"},"canonical":"https:\/\/jinsuncarbon.com\/it\/prodotto\/elettrodo-di-grafite-di-piccolo-diametro\/","og_locale":"it_IT","og_type":"article","og_title":"Small Diameter Graphite Electrode","og_description":"Small diameter graphite electrode has high purity, high conductivity and high thermal stability, and it is also a key material for industrial melting.","og_url":"https:\/\/jinsuncarbon.com\/it\/prodotto\/elettrodo-di-grafite-di-piccolo-diametro\/","og_site_name":"Jinsun Carbon","article_publisher":"https:\/\/www.facebook.com\/Graphite-Electrode-109336238661595","article_modified_time":"2024-11-17T14:35:16+00:00","og_image":[{"width":1024,"height":763,"url":"https:\/\/jinsuncarbon.com\/wp-content\/uploads\/2024\/11\/Small-diameter-graphite-electrode.jpg","type":"image\/jpeg"}],"twitter_card":"summary_large_image","twitter_site":"@jinsuncarbon_","twitter_misc":{"Tempo di lettura stimato":"3 minuti"},"schema":{"@context":"https:\/\/schema.org","@graph":[{"@type":"WebPage","@id":"https:\/\/jinsuncarbon.com\/product\/small-diameter-graphite-electrode\/","url":"https:\/\/jinsuncarbon.com\/product\/small-diameter-graphite-electrode\/","name":"Elettrodo di grafite di piccolo diametro Fornitore | Jinsun Carbon","isPartOf":{"@id":"https:\/\/jinsuncarbon.com\/#website"},"primaryImageOfPage":{"@id":"https:\/\/jinsuncarbon.com\/product\/small-diameter-graphite-electrode\/#primaryimage"},"image":{"@id":"https:\/\/jinsuncarbon.com\/product\/small-diameter-graphite-electrode\/#primaryimage"},"thumbnailUrl":"https:\/\/jinsuncarbon.com\/wp-content\/uploads\/2024\/11\/Small-diameter-graphite-electrode.jpg","datePublished":"2024-11-17T14:35:15+00:00","dateModified":"2024-11-17T14:35:16+00:00","description":"L'elettrodo di grafite di piccolo diametro ha un'elevata purezza, un'alta conduttivit\u00e0 e un'elevata stabilit\u00e0 termica, ed \u00e8 anche un materiale chiave per la fusione industriale.","breadcrumb":{"@id":"https:\/\/jinsuncarbon.com\/product\/small-diameter-graphite-electrode\/#breadcrumb"},"inLanguage":"it-IT","potentialAction":[{"@type":"ReadAction","target":["https:\/\/jinsuncarbon.com\/product\/small-diameter-graphite-electrode\/"]}]},{"@type":"ImageObject","inLanguage":"it-IT","@id":"https:\/\/jinsuncarbon.com\/product\/small-diameter-graphite-electrode\/#primaryimage","url":"https:\/\/jinsuncarbon.com\/wp-content\/uploads\/2024\/11\/Small-diameter-graphite-electrode.jpg","contentUrl":"https:\/\/jinsuncarbon.com\/wp-content\/uploads\/2024\/11\/Small-diameter-graphite-electrode.jpg","width":1024,"height":763,"caption":"Small diameter graphite electrode | Jinsuncarbon"},{"@type":"BreadcrumbList","@id":"https:\/\/jinsuncarbon.com\/product\/small-diameter-graphite-electrode\/#breadcrumb","itemListElement":[{"@type":"ListItem","position":1,"name":"Home","item":"https:\/\/jinsuncarbon.com\/"},{"@type":"ListItem","position":2,"name":"Products","item":"https:\/\/jinsuncarbon.com\/graphite-carbon\/"},{"@type":"ListItem","position":3,"name":"Small Diameter Graphite Electrode"}]},{"@type":"WebSite","@id":"https:\/\/jinsuncarbon.com\/#website","url":"https:\/\/jinsuncarbon.com\/","name":"Jinsun Carbon","description":"Siamo il produttore di elettrodi di grafite di successo in Cina","publisher":{"@id":"https:\/\/jinsuncarbon.com\/#organization"},"potentialAction":[{"@type":"SearchAction","target":{"@type":"EntryPoint","urlTemplate":"https:\/\/jinsuncarbon.com\/?s={search_term_string}"},"query-input":{"@type":"PropertyValueSpecification","valueRequired":true,"valueName":"search_term_string"}}],"inLanguage":"it-IT"},{"@type":"Organization","@id":"https:\/\/jinsuncarbon.com\/#organization","name":"Jinsun Carbon","alternateName":"Jinsun Carbon","url":"https:\/\/jinsuncarbon.com\/","logo":{"@type":"ImageObject","inLanguage":"it-IT","@id":"https:\/\/jinsuncarbon.com\/#\/schema\/logo\/image\/","url":"https:\/\/jinsuncarbon.com\/wp-content\/uploads\/2022\/12\/LOGO-1.png","contentUrl":"https:\/\/jinsuncarbon.com\/wp-content\/uploads\/2022\/12\/LOGO-1.png","width":207,"height":80,"caption":"Jinsun Carbon"},"image":{"@id":"https:\/\/jinsuncarbon.com\/#\/schema\/logo\/image\/"},"sameAs":["https:\/\/www.facebook.com\/Graphite-Electrode-109336238661595","https:\/\/x.com\/jinsuncarbon_","https:\/\/www.linkedin.com\/in\/jinsungraphite","https:\/\/www.youtube.com\/channel\/UCysDNyvyR5-3cCWEmpkVC0g"]}]}},"_links":{"self":[{"href":"https:\/\/jinsuncarbon.com\/it\/wp-json\/wp\/v2\/product\/6667","targetHints":{"allow":["GET"]}}],"collection":[{"href":"https:\/\/jinsuncarbon.com\/it\/wp-json\/wp\/v2\/product"}],"about":[{"href":"https:\/\/jinsuncarbon.com\/it\/wp-json\/wp\/v2\/types\/product"}],"wp:featuredmedia":[{"embeddable":true,"href":"https:\/\/jinsuncarbon.com\/it\/wp-json\/wp\/v2\/media\/6668"}],"wp:attachment":[{"href":"https:\/\/jinsuncarbon.com\/it\/wp-json\/wp\/v2\/media?parent=6667"}],"wp:term":[{"taxonomy":"product_brand","embeddable":true,"href":"https:\/\/jinsuncarbon.com\/it\/wp-json\/wp\/v2\/product_brand?post=6667"},{"taxonomy":"product_cat","embeddable":true,"href":"https:\/\/jinsuncarbon.com\/it\/wp-json\/wp\/v2\/product_cat?post=6667"},{"taxonomy":"product_tag","embeddable":true,"href":"https:\/\/jinsuncarbon.com\/it\/wp-json\/wp\/v2\/product_tag?post=6667"}],"curies":[{"name":"wp","href":"https:\/\/api.w.org\/{rel}","templated":true}]}}