{"id":6640,"date":"2024-11-16T07:17:02","date_gmt":"2024-11-16T07:17:02","guid":{"rendered":"https:\/\/jinsuncarbon.com\/?post_type=product&#038;p=6640"},"modified":"2024-11-16T07:17:03","modified_gmt":"2024-11-16T07:17:03","slug":"blocco-di-grafite-dello-scambiatore-di-calore","status":"publish","type":"product","link":"https:\/\/jinsuncarbon.com\/it\/prodotto\/blocco-di-grafite-dello-scambiatore-di-calore\/","title":{"rendered":"Scambiatore di calore Blocco di grafite"},"content":{"rendered":"<h2>Che cos'\u00e8 il blocco di grafite dello scambiatore di calore?<\/h2>\n<p>Il blocco di grafite dello scambiatore di calore \u00e8 un componente chiave appositamente utilizzato nello scambiatore di calore, che esiste sotto forma di blocco solido. \u00c8 realizzato principalmente in grafite naturale o sintetica. \u00c8 facile da installare nello scambiatore di calore. Dispone di numerosi canali interni che consentono il passaggio di diversi fluidi, in modo da ottenere lo scambio di calore.<\/p>\n<p>&nbsp;<\/p>\n<h2>Come viene prodotto il blocco di grafite dallo scambiatore di calore?<\/h2>\n<p>I blocchi di grafite dello scambiatore di calore assumono solitamente la forma di cubotti o cubetti attraverso il processo di estrusione. Poi il produttore li lavora meccanicamente in base alle dimensioni specifiche dello scambiatore di calore.<\/p>\n<p>&nbsp;<\/p>\n<h2>Diversi tipi<\/h2>\n<p>Forniamo una variet\u00e0 di blocchi di grafite per scambiatori di calore:<\/p>\n<p>Blocco di grafite pressata isostatica: Adatto a scenari in cui \u00e8 richiesta una densit\u00e0, una resistenza e prestazioni costanti, come nel caso dei semiconduttori.<\/p>\n<p>&nbsp;<\/p>\n<p>Blocco di grafite modellato: Viene utilizzato nei settori industriali in cui \u00e8 richiesta la forma e l'isotropia delle prestazioni non \u00e8 elevata, ad esempio per la realizzazione di piccoli stampi in grafite.<\/p>\n<p>&nbsp;<\/p>\n<p>Estrudere il blocco di grafite: \u00c8 adatto per le scene in cui \u00e8 richiesta la lunghezza e la forza principale \u00e8 assiale, come la produzione di elettrodi di grafite.<\/p>\n<p>&nbsp;<\/p>\n<p>Per ulteriori informazioni su questi tipi di scambiatori di calore, il produttore di scambiatori di calore in grafite vi fornir\u00e0 indicazioni e consigli.<\/p>\n<p>&nbsp;<\/p>\n<h2>Caratteristiche fisiche e chimiche dei blocchi di grafite dello scambiatore di calore<\/h2>\n<p>In termini di caratteristiche fisiche, il blocco di grafite dello scambiatore di calore ha una buona conducibilit\u00e0 termica e pu\u00f2 trasferire efficacemente il calore. Ha la giusta resistenza alla compressione e alla flessione per sopportare la pressione e l'impatto del fluido all'interno dello scambiatore di calore. Dal punto di vista chimico, in un ambiente di lavoro di scambio di calore, \u00e8 chimicamente stabile e resistente alla corrosione che pu\u00f2 essere causata dalle sostanze che scorrono nel fluido.<\/p>\n<p>&nbsp;<\/p>\n<h2>Applicazione<\/h2>\n<p>Nell'industria dell'alluminio, i blocchi di grafite dello scambiatore di calore possono essere utilizzati nel raffreddamento del liquido di alluminio e in altri collegamenti di scambio termico. Assicurano il controllo accurato della temperatura del processo produttivo.<\/p>\n<p>Per l'industria siderurgica, sia che si tratti di fusione, <a href=\"https:\/\/en.wikipedia.org\/wiki\/Refining\" target=\"_blank\" rel=\"noopener\">raffinazione<\/a> o di scambio termico nel processo di trattamento termico, non pu\u00f2 essere separato da esso.<\/p>\n<p>Nel settore della generazione di energia, <a href=\"https:\/\/jinsuncarbon.com\/it\/prodotto\/blocco-di-grafite\/\">blocchi di grafite<\/a> possono migliorare efficacemente l'efficienza di conversione dell'energia. Garantire il funzionamento stabile del sistema di generazione di energia.<\/p>\n<p>&nbsp;<\/p>\n<h2>Principio del blocco di grafite dello scambiatore di calore<\/h2>\n<p>Il principio di funzionamento \u00e8 quello di fornire un buon mezzo di conduzione del calore per lo scambio termico, sfruttando le caratteristiche di elevata conducibilit\u00e0 termica. Nello scambiatore di calore, la sua struttura progettuale pu\u00f2 garantire che il fluido e i blocchi di grafite abbiano un'ampia area di contatto.<\/p>\n<p>Per il funzionamento dello scambiatore di calore a blocco di grafite.<\/p>\n<p>Il suo design strutturale unico svolge un ruolo fondamentale nello scambio di calore.<\/p>\n<p>&nbsp;<\/p>\n<h2>La grafite blocca il reticolo dello scambiatore di calore<\/h2>\n<p>Le specifiche del blocco di grafite dello scambiatore di calore riguardano le dimensioni, tra cui lunghezza, larghezza, altezza, ecc. Possiamo inoltre personalizzare queste specifiche in base al progetto di uno specifico scambiatore di calore.<\/p>\n<p>Durante il processo di produzione, controlleremo rigorosamente la tolleranza dimensionale e anche la finitura superficiale \u00e8 un indicatore importante.<\/p>\n<p>&nbsp;<\/p>\n<h2>Progettazione del blocco di grafite dello scambiatore di calore<\/h2>\n<p>Dovrebbe considerare molti fattori in modo esaustivo. Innanzitutto, il tipo di scambiatore di calore, ad esempio a blocchi di grafite o a fascio tubiero. Nella progettazione, \u00e8 necessario pianificare attentamente i canali e i percorsi interni, per guidare il flusso del fluido. Rendere ragionevole il percorso del flusso del fluido nello scambiatore di calore, in modo da ottenere il miglior effetto di trasferimento del calore. I produttori di scambiatori di calore in grafite presteranno quindi la massima attenzione a questi punti durante il processo di progettazione e produzione per creare prodotti di alta qualit\u00e0 per le applicazioni industriali. In generale, \u00e8 necessario migliorare l'efficienza del trasferimento di calore e garantire la stabilit\u00e0.<\/p>","protected":false},"excerpt":{"rendered":"<p>I blocchi di grafite per lo scambio termico sono utilizzati principalmente nelle apparecchiature di scambio termico dell'industria chimica. Comprendono scambiatori di calore in grafite e condensatori in grafite. Ha le seguenti caratteristiche:<\/p>\n<ul>\n<li>Resistenza alle alte temperature<\/li>\n<li>Resistenza alla corrosione da acidi e alcali<\/li>\n<li>Elevata conducibilit\u00e0 termica<\/li>\n<li>Alta resistenza<\/li>\n<li>Lunga durata di vita<\/li>\n<\/ul>","protected":false},"featured_media":6641,"template":"","meta":[],"product_brand":[],"product_cat":[38],"product_tag":[],"class_list":{"0":"post-6640","1":"product","2":"type-product","3":"status-publish","4":"has-post-thumbnail","6":"product_cat-graphite-products","8":"first","9":"instock","10":"shipping-taxable","11":"product-type-simple"},"yoast_head":"<!-- This site is optimized with the Yoast SEO Premium plugin v19.2.1 (Yoast SEO v25.3) - https:\/\/yoast.com\/wordpress\/plugins\/seo\/ -->\n<title>Heat Exchanger Graphite Block Manufacturer | Jinsun Carbon<\/title>\n<meta name=\"description\" content=\"The graphite block of heat exchanger is a key component specially used in heat exchanger, which exists in the form of solid block.\" \/>\n<meta name=\"robots\" content=\"index, follow, max-snippet:-1, max-image-preview:large, max-video-preview:-1\" \/>\n<link rel=\"canonical\" href=\"https:\/\/jinsuncarbon.com\/it\/prodotto\/blocco-di-grafite-dello-scambiatore-di-calore\/\" \/>\n<meta property=\"og:locale\" content=\"it_IT\" \/>\n<meta property=\"og:type\" content=\"article\" \/>\n<meta property=\"og:title\" content=\"Heat Exchanger Graphite Block\" \/>\n<meta property=\"og:description\" content=\"The graphite block of heat exchanger is a key component specially used in heat exchanger, which exists in the form of solid block.\" \/>\n<meta property=\"og:url\" content=\"https:\/\/jinsuncarbon.com\/it\/prodotto\/blocco-di-grafite-dello-scambiatore-di-calore\/\" \/>\n<meta property=\"og:site_name\" content=\"Jinsun Carbon\" \/>\n<meta property=\"article:publisher\" content=\"https:\/\/www.facebook.com\/Graphite-Electrode-109336238661595\" \/>\n<meta property=\"article:modified_time\" content=\"2024-11-16T07:17:03+00:00\" \/>\n<meta property=\"og:image\" content=\"https:\/\/jinsuncarbon.com\/wp-content\/uploads\/2024\/11\/Heat-exchanger-graphite-block.jpg\" \/>\n\t<meta property=\"og:image:width\" content=\"1024\" \/>\n\t<meta property=\"og:image:height\" content=\"763\" \/>\n\t<meta property=\"og:image:type\" content=\"image\/jpeg\" \/>\n<meta name=\"twitter:card\" content=\"summary_large_image\" \/>\n<meta name=\"twitter:site\" content=\"@jinsuncarbon_\" \/>\n<meta name=\"twitter:label1\" content=\"Tempo di lettura stimato\" \/>\n\t<meta name=\"twitter:data1\" content=\"3 minuti\" \/>\n<script type=\"application\/ld+json\" class=\"yoast-schema-graph\">{\"@context\":\"https:\/\/schema.org\",\"@graph\":[{\"@type\":\"WebPage\",\"@id\":\"https:\/\/jinsuncarbon.com\/product\/heat-exchanger-graphite-block\/\",\"url\":\"https:\/\/jinsuncarbon.com\/product\/heat-exchanger-graphite-block\/\",\"name\":\"Heat Exchanger Graphite Block Manufacturer | Jinsun Carbon\",\"isPartOf\":{\"@id\":\"https:\/\/jinsuncarbon.com\/#website\"},\"primaryImageOfPage\":{\"@id\":\"https:\/\/jinsuncarbon.com\/product\/heat-exchanger-graphite-block\/#primaryimage\"},\"image\":{\"@id\":\"https:\/\/jinsuncarbon.com\/product\/heat-exchanger-graphite-block\/#primaryimage\"},\"thumbnailUrl\":\"https:\/\/jinsuncarbon.com\/wp-content\/uploads\/2024\/11\/Heat-exchanger-graphite-block.jpg\",\"datePublished\":\"2024-11-16T07:17:02+00:00\",\"dateModified\":\"2024-11-16T07:17:03+00:00\",\"description\":\"The graphite block of heat exchanger is a key component specially used in heat exchanger, which exists in the form of solid block.\",\"breadcrumb\":{\"@id\":\"https:\/\/jinsuncarbon.com\/product\/heat-exchanger-graphite-block\/#breadcrumb\"},\"inLanguage\":\"it-IT\",\"potentialAction\":[{\"@type\":\"ReadAction\",\"target\":[\"https:\/\/jinsuncarbon.com\/product\/heat-exchanger-graphite-block\/\"]}]},{\"@type\":\"ImageObject\",\"inLanguage\":\"it-IT\",\"@id\":\"https:\/\/jinsuncarbon.com\/product\/heat-exchanger-graphite-block\/#primaryimage\",\"url\":\"https:\/\/jinsuncarbon.com\/wp-content\/uploads\/2024\/11\/Heat-exchanger-graphite-block.jpg\",\"contentUrl\":\"https:\/\/jinsuncarbon.com\/wp-content\/uploads\/2024\/11\/Heat-exchanger-graphite-block.jpg\",\"width\":1024,\"height\":763,\"caption\":\"Heat exchanger graphite block\"},{\"@type\":\"BreadcrumbList\",\"@id\":\"https:\/\/jinsuncarbon.com\/product\/heat-exchanger-graphite-block\/#breadcrumb\",\"itemListElement\":[{\"@type\":\"ListItem\",\"position\":1,\"name\":\"Home\",\"item\":\"https:\/\/jinsuncarbon.com\/\"},{\"@type\":\"ListItem\",\"position\":2,\"name\":\"Products\",\"item\":\"https:\/\/jinsuncarbon.com\/graphite-carbon\/\"},{\"@type\":\"ListItem\",\"position\":3,\"name\":\"Heat Exchanger Graphite Block\"}]},{\"@type\":\"WebSite\",\"@id\":\"https:\/\/jinsuncarbon.com\/#website\",\"url\":\"https:\/\/jinsuncarbon.com\/\",\"name\":\"Jinsun Carbon\",\"description\":\"We are the successful graphite electrode manufacturer in China\",\"publisher\":{\"@id\":\"https:\/\/jinsuncarbon.com\/#organization\"},\"potentialAction\":[{\"@type\":\"SearchAction\",\"target\":{\"@type\":\"EntryPoint\",\"urlTemplate\":\"https:\/\/jinsuncarbon.com\/?s={search_term_string}\"},\"query-input\":{\"@type\":\"PropertyValueSpecification\",\"valueRequired\":true,\"valueName\":\"search_term_string\"}}],\"inLanguage\":\"it-IT\"},{\"@type\":\"Organization\",\"@id\":\"https:\/\/jinsuncarbon.com\/#organization\",\"name\":\"Jinsun Carbon\",\"alternateName\":\"Jinsun Carbon\",\"url\":\"https:\/\/jinsuncarbon.com\/\",\"logo\":{\"@type\":\"ImageObject\",\"inLanguage\":\"it-IT\",\"@id\":\"https:\/\/jinsuncarbon.com\/#\/schema\/logo\/image\/\",\"url\":\"https:\/\/jinsuncarbon.com\/wp-content\/uploads\/2022\/12\/LOGO-1.png\",\"contentUrl\":\"https:\/\/jinsuncarbon.com\/wp-content\/uploads\/2022\/12\/LOGO-1.png\",\"width\":207,\"height\":80,\"caption\":\"Jinsun Carbon\"},\"image\":{\"@id\":\"https:\/\/jinsuncarbon.com\/#\/schema\/logo\/image\/\"},\"sameAs\":[\"https:\/\/www.facebook.com\/Graphite-Electrode-109336238661595\",\"https:\/\/x.com\/jinsuncarbon_\",\"https:\/\/www.linkedin.com\/in\/jinsungraphite\",\"https:\/\/www.youtube.com\/channel\/UCysDNyvyR5-3cCWEmpkVC0g\"]}]}<\/script>\n<!-- \/ Yoast SEO Premium plugin. -->","yoast_head_json":{"title":"Scambiatore di calore Blocco di grafite Fornitore | Jinsun Carbon","description":"Il blocco di grafite dello scambiatore di calore \u00e8 un componente chiave appositamente utilizzato nello scambiatore di calore, che esiste sotto forma di blocco solido.","robots":{"index":"index","follow":"follow","max-snippet":"max-snippet:-1","max-image-preview":"max-image-preview:large","max-video-preview":"max-video-preview:-1"},"canonical":"https:\/\/jinsuncarbon.com\/it\/prodotto\/blocco-di-grafite-dello-scambiatore-di-calore\/","og_locale":"it_IT","og_type":"article","og_title":"Heat Exchanger Graphite Block","og_description":"The graphite block of heat exchanger is a key component specially used in heat exchanger, which exists in the form of solid block.","og_url":"https:\/\/jinsuncarbon.com\/it\/prodotto\/blocco-di-grafite-dello-scambiatore-di-calore\/","og_site_name":"Jinsun Carbon","article_publisher":"https:\/\/www.facebook.com\/Graphite-Electrode-109336238661595","article_modified_time":"2024-11-16T07:17:03+00:00","og_image":[{"width":1024,"height":763,"url":"https:\/\/jinsuncarbon.com\/wp-content\/uploads\/2024\/11\/Heat-exchanger-graphite-block.jpg","type":"image\/jpeg"}],"twitter_card":"summary_large_image","twitter_site":"@jinsuncarbon_","twitter_misc":{"Tempo di lettura stimato":"3 minuti"},"schema":{"@context":"https:\/\/schema.org","@graph":[{"@type":"WebPage","@id":"https:\/\/jinsuncarbon.com\/product\/heat-exchanger-graphite-block\/","url":"https:\/\/jinsuncarbon.com\/product\/heat-exchanger-graphite-block\/","name":"Scambiatore di calore Blocco di grafite Fornitore | Jinsun Carbon","isPartOf":{"@id":"https:\/\/jinsuncarbon.com\/#website"},"primaryImageOfPage":{"@id":"https:\/\/jinsuncarbon.com\/product\/heat-exchanger-graphite-block\/#primaryimage"},"image":{"@id":"https:\/\/jinsuncarbon.com\/product\/heat-exchanger-graphite-block\/#primaryimage"},"thumbnailUrl":"https:\/\/jinsuncarbon.com\/wp-content\/uploads\/2024\/11\/Heat-exchanger-graphite-block.jpg","datePublished":"2024-11-16T07:17:02+00:00","dateModified":"2024-11-16T07:17:03+00:00","description":"Il blocco di grafite dello scambiatore di calore \u00e8 un componente chiave appositamente utilizzato nello scambiatore di calore, che esiste sotto forma di blocco solido.","breadcrumb":{"@id":"https:\/\/jinsuncarbon.com\/product\/heat-exchanger-graphite-block\/#breadcrumb"},"inLanguage":"it-IT","potentialAction":[{"@type":"ReadAction","target":["https:\/\/jinsuncarbon.com\/product\/heat-exchanger-graphite-block\/"]}]},{"@type":"ImageObject","inLanguage":"it-IT","@id":"https:\/\/jinsuncarbon.com\/product\/heat-exchanger-graphite-block\/#primaryimage","url":"https:\/\/jinsuncarbon.com\/wp-content\/uploads\/2024\/11\/Heat-exchanger-graphite-block.jpg","contentUrl":"https:\/\/jinsuncarbon.com\/wp-content\/uploads\/2024\/11\/Heat-exchanger-graphite-block.jpg","width":1024,"height":763,"caption":"Heat exchanger graphite block"},{"@type":"BreadcrumbList","@id":"https:\/\/jinsuncarbon.com\/product\/heat-exchanger-graphite-block\/#breadcrumb","itemListElement":[{"@type":"ListItem","position":1,"name":"Home","item":"https:\/\/jinsuncarbon.com\/"},{"@type":"ListItem","position":2,"name":"Products","item":"https:\/\/jinsuncarbon.com\/graphite-carbon\/"},{"@type":"ListItem","position":3,"name":"Heat Exchanger Graphite Block"}]},{"@type":"WebSite","@id":"https:\/\/jinsuncarbon.com\/#website","url":"https:\/\/jinsuncarbon.com\/","name":"Jinsun Carbon","description":"Siamo il produttore di elettrodi di grafite di successo in Cina","publisher":{"@id":"https:\/\/jinsuncarbon.com\/#organization"},"potentialAction":[{"@type":"SearchAction","target":{"@type":"EntryPoint","urlTemplate":"https:\/\/jinsuncarbon.com\/?s={search_term_string}"},"query-input":{"@type":"PropertyValueSpecification","valueRequired":true,"valueName":"search_term_string"}}],"inLanguage":"it-IT"},{"@type":"Organization","@id":"https:\/\/jinsuncarbon.com\/#organization","name":"Jinsun Carbon","alternateName":"Jinsun Carbon","url":"https:\/\/jinsuncarbon.com\/","logo":{"@type":"ImageObject","inLanguage":"it-IT","@id":"https:\/\/jinsuncarbon.com\/#\/schema\/logo\/image\/","url":"https:\/\/jinsuncarbon.com\/wp-content\/uploads\/2022\/12\/LOGO-1.png","contentUrl":"https:\/\/jinsuncarbon.com\/wp-content\/uploads\/2022\/12\/LOGO-1.png","width":207,"height":80,"caption":"Jinsun Carbon"},"image":{"@id":"https:\/\/jinsuncarbon.com\/#\/schema\/logo\/image\/"},"sameAs":["https:\/\/www.facebook.com\/Graphite-Electrode-109336238661595","https:\/\/x.com\/jinsuncarbon_","https:\/\/www.linkedin.com\/in\/jinsungraphite","https:\/\/www.youtube.com\/channel\/UCysDNyvyR5-3cCWEmpkVC0g"]}]}},"_links":{"self":[{"href":"https:\/\/jinsuncarbon.com\/it\/wp-json\/wp\/v2\/product\/6640","targetHints":{"allow":["GET"]}}],"collection":[{"href":"https:\/\/jinsuncarbon.com\/it\/wp-json\/wp\/v2\/product"}],"about":[{"href":"https:\/\/jinsuncarbon.com\/it\/wp-json\/wp\/v2\/types\/product"}],"wp:featuredmedia":[{"embeddable":true,"href":"https:\/\/jinsuncarbon.com\/it\/wp-json\/wp\/v2\/media\/6641"}],"wp:attachment":[{"href":"https:\/\/jinsuncarbon.com\/it\/wp-json\/wp\/v2\/media?parent=6640"}],"wp:term":[{"taxonomy":"product_brand","embeddable":true,"href":"https:\/\/jinsuncarbon.com\/it\/wp-json\/wp\/v2\/product_brand?post=6640"},{"taxonomy":"product_cat","embeddable":true,"href":"https:\/\/jinsuncarbon.com\/it\/wp-json\/wp\/v2\/product_cat?post=6640"},{"taxonomy":"product_tag","embeddable":true,"href":"https:\/\/jinsuncarbon.com\/it\/wp-json\/wp\/v2\/product_tag?post=6640"}],"curies":[{"name":"wp","href":"https:\/\/api.w.org\/{rel}","templated":true}]}}