{"id":6637,"date":"2024-11-16T06:09:04","date_gmt":"2024-11-16T06:09:04","guid":{"rendered":"https:\/\/jinsuncarbon.com\/?post_type=product&#038;p=6637"},"modified":"2024-11-24T05:28:58","modified_gmt":"2024-11-24T05:28:58","slug":"polvere-di-grafite-conduttiva","status":"publish","type":"product","link":"https:\/\/jinsuncarbon.com\/it\/prodotto\/polvere-di-grafite-conduttiva\/","title":{"rendered":"Polvere di grafite conduttiva"},"content":{"rendered":"<p>La polvere di grafite conduttiva \u00e8 una sostanza polverosa ricavata dal minerale di grafite mediante lavorazione e altri processi. \u00c8 piccola e granulare ed \u00e8 un materiale indispensabile in molte applicazioni industriali. Le prestazioni e la qualit\u00e0 di queste polveri di grafite variano a seconda dei requisiti applicativi. I loro componenti principali sono il carbonio, che si basa su una struttura unica per ottenere una funzione conduttiva.<\/p>\n<p>&nbsp;<\/p>\n<h2>Come si produce la polvere di grafite conduttiva?<\/h2>\n<p>La produzione di polvere di grafite conduttiva prevede un processo rigoroso. Il primo \u00e8 la preparazione delle materie prime; le principali materie prime includono:<\/p>\n<p>Minerale di grafite naturale: dopo l'estrazione e la vagliatura preliminare.<\/p>\n<p>Additivi: ad esempio, vengono utilizzate sostanze chimiche specifiche per regolare le propriet\u00e0 della polvere di grafite.<\/p>\n<p>Il processo di produzione prevede la polverizzazione del minerale di grafite naturale e la successiva lavorazione in profondit\u00e0 con metodi chimici o fisici.<\/p>\n<p>Nei metodi chimici, alcune reazioni chimiche vengono utilizzate per modificare la struttura cristallina della grafite e migliorarne la conduttivit\u00e0. I metodi fisici includono il trattamento ad alta temperatura, che rende la struttura interna della grafite pi\u00f9 favorevole alla conduzione degli elettroni. Dopo una serie di trattamenti, dopo la vagliatura, la macinazione e altre fasi, la polvere di grafite conduttiva soddisfa i requisiti.<\/p>\n<p>&nbsp;<\/p>\n<h2>Perch\u00e9 la grafite \u00e8 conduttiva?<\/h2>\n<p>La grafite conduce l'elettricit\u00e0 grazie alla sua particolare struttura cristallina. <a href=\"https:\/\/www.asbury.com\/resources\/education\/graphite-101\/structural-description\/#:~:text=Graphite%20is%20composed%20of%20layers,one%20another%20on%20their%20edges.\" target=\"_blank\" rel=\"noopener\">struttura<\/a>. La grafite \u00e8 una struttura a strati. Ogni atomo di carbonio ha quattro elettroni nel suo guscio pi\u00f9 esterno e, nel formare un legame covalente, vengono utilizzati solo tre elettroni, quindi ogni atomo di carbonio ha un elettrone che pu\u00f2 muoversi liberamente. Questi elettroni liberi possono muoversi liberamente all'interno degli strati, proprio come gli elettroni liberi nei metalli, permettendo alla grafite di condurre l'elettricit\u00e0.<\/p>\n<p>&nbsp;<\/p>\n<h2>Diversi tipi di grafite conduttiva<\/h2>\n<p>Polvere - polvere di grafite espansa: dopo uno speciale processo di espansione, ha un'ampia superficie specifica e una buona flessibilit\u00e0, e pu\u00f2 svolgere un ruolo conduttivo in una variet\u00e0 di ambienti complessi.<\/p>\n<p>Polvere di grafite sintetica: la purezza e le prestazioni della polvere di grafite possono essere accuratamente controllate in base alle esigenze.  \u00c8 possibile utilizzarla nei settori high-tech con elevati requisiti di conducibilit\u00e0 elettrica.<\/p>\n<p><a href=\"https:\/\/jinsuncarbon.com\/it\/prodotto\/grafite-naturale-in-scaglie\/\">Polvere di grafite naturale in fiocchi<\/a>: Proviene da un minerale di grafite naturale e conserva la struttura naturale a scaglie della grafite. Questa struttura favorisce la conduzione degli elettroni e ha un'ampia gamma di applicazioni in alcuni settori industriali tradizionali.<\/p>\n<p>&nbsp;<\/p>\n<h2>Propriet\u00e0 fisiche e chimiche della polvere di grafite conduttiva<\/h2>\n<p>In termini di propriet\u00e0 fisiche, presenta una certa densit\u00e0 e distribuzione della granulometria, che ne influenzano l'effetto in diverse applicazioni. Dal punto di vista delle propriet\u00e0 chimiche, le sue propriet\u00e0 chimiche sono relativamente stabili a temperatura ambiente e possono resistere all'erosione di alcune sostanze chimiche comuni. Allo stesso tempo, possiede anche una buona lubrificazione, che lo rende efficace in alcuni scenari applicativi in cui \u00e8 necessario ridurre l'attrito.<\/p>\n<p>&nbsp;<\/p>\n<h2>Applicazione<\/h2>\n<p>Nel campo dei rivestimenti, la polvere di grafite conduttiva pu\u00f2 essere utilizzata per preparare una vernice di grafite conduttiva.<\/p>\n<p>Per i refrattari, \u00e8 possibile migliorare la resistenza alle alte temperature e la conducibilit\u00e0 elettrica del materiale.<\/p>\n<p>Nell'industria della colata, pu\u00f2 migliorare la qualit\u00e0 e le prestazioni della colata.<\/p>\n<p>Come lubrificante, riduce efficacemente il coefficiente di attrito.<\/p>\n<p>Nel campo delle batterie, \u00e8 una parte importante del materiale degli elettrodi. Pu\u00f2 migliorare le prestazioni di carica e scarica della batteria.<\/p>\n<p>Nei componenti elettrici, il circuito pu\u00f2 essere garantito da una buona conducibilit\u00e0 elettrica, per assicurare il normale funzionamento degli apparecchi elettrici.<\/p>\n<p>Inoltre, la grafite conduttiva spray sfrutta anche le caratteristiche della grafite conduttiva in polvere e svolge un ruolo importante nelle applicazioni correlate.<\/p>","protected":false},"excerpt":{"rendered":"<p>La polvere di grafite conduttiva, con elevata conduttivit\u00e0, resistenza alle alte temperature e alla corrosione, \u00e8 ampiamente utilizzata nell'industria e nella vita.<\/p>\n<ul>\n<li>Produzione di condensatori per batterie e altri materiali per elettrodi<\/li>\n<li>Settore aerospaziale Schermatura antistatica ed elettromagnetica<\/li>\n<li>Materiali compositi, migliorano le propriet\u00e0 meccaniche e la conduttivit\u00e0<\/li>\n<li>Materiali per la gestione termica, aiutano la dissipazione del calore<\/li>\n<li>Lubrificanti, riducono l'usura<\/li>\n<li>Catalizzatori, utilizzati nell'industria chimica<\/li>\n<\/ul>","protected":false},"featured_media":6638,"template":"","meta":[],"product_brand":[],"product_cat":[40],"product_tag":[],"class_list":{"0":"post-6637","1":"product","2":"type-product","3":"status-publish","4":"has-post-thumbnail","6":"product_cat-petroleum-coke","8":"first","9":"instock","10":"shipping-taxable","11":"product-type-simple"},"yoast_head":"<!-- This site is optimized with the Yoast SEO Premium plugin v19.2.1 (Yoast SEO v25.3) - https:\/\/yoast.com\/wordpress\/plugins\/seo\/ -->\n<title>Conductive Graphite Powder Manufacturer | Jinsun Carbon<\/title>\n<meta name=\"description\" content=\"Conductive graphite powder, with high conductivity, high temperature resistance and corrosion resistance, is widely used in industry and life.\" \/>\n<meta name=\"robots\" content=\"index, follow, max-snippet:-1, max-image-preview:large, max-video-preview:-1\" \/>\n<link rel=\"canonical\" href=\"https:\/\/jinsuncarbon.com\/it\/prodotto\/polvere-di-grafite-conduttiva\/\" \/>\n<meta property=\"og:locale\" content=\"it_IT\" \/>\n<meta property=\"og:type\" content=\"article\" \/>\n<meta property=\"og:title\" content=\"Conductive Graphite Powder\" \/>\n<meta property=\"og:description\" content=\"Conductive graphite powder, with high conductivity, high temperature resistance and corrosion resistance, is widely used in industry and life.\" \/>\n<meta property=\"og:url\" content=\"https:\/\/jinsuncarbon.com\/it\/prodotto\/polvere-di-grafite-conduttiva\/\" \/>\n<meta property=\"og:site_name\" content=\"Jinsun Carbon\" \/>\n<meta property=\"article:publisher\" content=\"https:\/\/www.facebook.com\/Graphite-Electrode-109336238661595\" \/>\n<meta property=\"article:modified_time\" content=\"2024-11-24T05:28:58+00:00\" \/>\n<meta property=\"og:image\" content=\"https:\/\/jinsuncarbon.com\/wp-content\/uploads\/2024\/11\/Conductive-graphite-powder.jpg\" \/>\n\t<meta property=\"og:image:width\" content=\"1024\" \/>\n\t<meta property=\"og:image:height\" content=\"763\" \/>\n\t<meta property=\"og:image:type\" content=\"image\/jpeg\" \/>\n<meta name=\"twitter:card\" content=\"summary_large_image\" \/>\n<meta name=\"twitter:site\" content=\"@jinsuncarbon_\" \/>\n<meta name=\"twitter:label1\" content=\"Tempo di lettura stimato\" \/>\n\t<meta name=\"twitter:data1\" content=\"3 minuti\" \/>\n<script type=\"application\/ld+json\" class=\"yoast-schema-graph\">{\"@context\":\"https:\/\/schema.org\",\"@graph\":[{\"@type\":\"WebPage\",\"@id\":\"https:\/\/jinsuncarbon.com\/product\/conductive-graphite-powder\/\",\"url\":\"https:\/\/jinsuncarbon.com\/product\/conductive-graphite-powder\/\",\"name\":\"Conductive Graphite Powder Manufacturer | Jinsun Carbon\",\"isPartOf\":{\"@id\":\"https:\/\/jinsuncarbon.com\/#website\"},\"primaryImageOfPage\":{\"@id\":\"https:\/\/jinsuncarbon.com\/product\/conductive-graphite-powder\/#primaryimage\"},\"image\":{\"@id\":\"https:\/\/jinsuncarbon.com\/product\/conductive-graphite-powder\/#primaryimage\"},\"thumbnailUrl\":\"https:\/\/jinsuncarbon.com\/wp-content\/uploads\/2024\/11\/Conductive-graphite-powder.jpg\",\"datePublished\":\"2024-11-16T06:09:04+00:00\",\"dateModified\":\"2024-11-24T05:28:58+00:00\",\"description\":\"Conductive graphite powder, with high conductivity, high temperature resistance and corrosion resistance, is widely used in industry and life.\",\"breadcrumb\":{\"@id\":\"https:\/\/jinsuncarbon.com\/product\/conductive-graphite-powder\/#breadcrumb\"},\"inLanguage\":\"it-IT\",\"potentialAction\":[{\"@type\":\"ReadAction\",\"target\":[\"https:\/\/jinsuncarbon.com\/product\/conductive-graphite-powder\/\"]}]},{\"@type\":\"ImageObject\",\"inLanguage\":\"it-IT\",\"@id\":\"https:\/\/jinsuncarbon.com\/product\/conductive-graphite-powder\/#primaryimage\",\"url\":\"https:\/\/jinsuncarbon.com\/wp-content\/uploads\/2024\/11\/Conductive-graphite-powder.jpg\",\"contentUrl\":\"https:\/\/jinsuncarbon.com\/wp-content\/uploads\/2024\/11\/Conductive-graphite-powder.jpg\",\"width\":1024,\"height\":763,\"caption\":\"Conductive graphite powder\"},{\"@type\":\"BreadcrumbList\",\"@id\":\"https:\/\/jinsuncarbon.com\/product\/conductive-graphite-powder\/#breadcrumb\",\"itemListElement\":[{\"@type\":\"ListItem\",\"position\":1,\"name\":\"Home\",\"item\":\"https:\/\/jinsuncarbon.com\/\"},{\"@type\":\"ListItem\",\"position\":2,\"name\":\"Products\",\"item\":\"https:\/\/jinsuncarbon.com\/graphite-carbon\/\"},{\"@type\":\"ListItem\",\"position\":3,\"name\":\"Conductive Graphite Powder\"}]},{\"@type\":\"WebSite\",\"@id\":\"https:\/\/jinsuncarbon.com\/#website\",\"url\":\"https:\/\/jinsuncarbon.com\/\",\"name\":\"Jinsun Carbon\",\"description\":\"We are the successful graphite electrode manufacturer in China\",\"publisher\":{\"@id\":\"https:\/\/jinsuncarbon.com\/#organization\"},\"potentialAction\":[{\"@type\":\"SearchAction\",\"target\":{\"@type\":\"EntryPoint\",\"urlTemplate\":\"https:\/\/jinsuncarbon.com\/?s={search_term_string}\"},\"query-input\":{\"@type\":\"PropertyValueSpecification\",\"valueRequired\":true,\"valueName\":\"search_term_string\"}}],\"inLanguage\":\"it-IT\"},{\"@type\":\"Organization\",\"@id\":\"https:\/\/jinsuncarbon.com\/#organization\",\"name\":\"Jinsun Carbon\",\"alternateName\":\"Jinsun Carbon\",\"url\":\"https:\/\/jinsuncarbon.com\/\",\"logo\":{\"@type\":\"ImageObject\",\"inLanguage\":\"it-IT\",\"@id\":\"https:\/\/jinsuncarbon.com\/#\/schema\/logo\/image\/\",\"url\":\"https:\/\/jinsuncarbon.com\/wp-content\/uploads\/2022\/12\/LOGO-1.png\",\"contentUrl\":\"https:\/\/jinsuncarbon.com\/wp-content\/uploads\/2022\/12\/LOGO-1.png\",\"width\":207,\"height\":80,\"caption\":\"Jinsun Carbon\"},\"image\":{\"@id\":\"https:\/\/jinsuncarbon.com\/#\/schema\/logo\/image\/\"},\"sameAs\":[\"https:\/\/www.facebook.com\/Graphite-Electrode-109336238661595\",\"https:\/\/x.com\/jinsuncarbon_\",\"https:\/\/www.linkedin.com\/in\/jinsungraphite\",\"https:\/\/www.youtube.com\/channel\/UCysDNyvyR5-3cCWEmpkVC0g\"]}]}<\/script>\n<!-- \/ Yoast SEO Premium plugin. -->","yoast_head_json":{"title":"Polvere di grafite conduttiva Fabbricante | Jinsun Carbon","description":"La polvere di grafite conduttiva, con elevata conduttivit\u00e0, resistenza alle alte temperature e alla corrosione, \u00e8 ampiamente utilizzata nell'industria e nella vita.","robots":{"index":"index","follow":"follow","max-snippet":"max-snippet:-1","max-image-preview":"max-image-preview:large","max-video-preview":"max-video-preview:-1"},"canonical":"https:\/\/jinsuncarbon.com\/it\/prodotto\/polvere-di-grafite-conduttiva\/","og_locale":"it_IT","og_type":"article","og_title":"Conductive Graphite Powder","og_description":"Conductive graphite powder, with high conductivity, high temperature resistance and corrosion resistance, is widely used in industry and life.","og_url":"https:\/\/jinsuncarbon.com\/it\/prodotto\/polvere-di-grafite-conduttiva\/","og_site_name":"Jinsun Carbon","article_publisher":"https:\/\/www.facebook.com\/Graphite-Electrode-109336238661595","article_modified_time":"2024-11-24T05:28:58+00:00","og_image":[{"width":1024,"height":763,"url":"https:\/\/jinsuncarbon.com\/wp-content\/uploads\/2024\/11\/Conductive-graphite-powder.jpg","type":"image\/jpeg"}],"twitter_card":"summary_large_image","twitter_site":"@jinsuncarbon_","twitter_misc":{"Tempo di lettura stimato":"3 minuti"},"schema":{"@context":"https:\/\/schema.org","@graph":[{"@type":"WebPage","@id":"https:\/\/jinsuncarbon.com\/product\/conductive-graphite-powder\/","url":"https:\/\/jinsuncarbon.com\/product\/conductive-graphite-powder\/","name":"Polvere di grafite conduttiva Fabbricante | Jinsun Carbon","isPartOf":{"@id":"https:\/\/jinsuncarbon.com\/#website"},"primaryImageOfPage":{"@id":"https:\/\/jinsuncarbon.com\/product\/conductive-graphite-powder\/#primaryimage"},"image":{"@id":"https:\/\/jinsuncarbon.com\/product\/conductive-graphite-powder\/#primaryimage"},"thumbnailUrl":"https:\/\/jinsuncarbon.com\/wp-content\/uploads\/2024\/11\/Conductive-graphite-powder.jpg","datePublished":"2024-11-16T06:09:04+00:00","dateModified":"2024-11-24T05:28:58+00:00","description":"La polvere di grafite conduttiva, con elevata conduttivit\u00e0, resistenza alle alte temperature e alla corrosione, \u00e8 ampiamente utilizzata nell'industria e nella vita.","breadcrumb":{"@id":"https:\/\/jinsuncarbon.com\/product\/conductive-graphite-powder\/#breadcrumb"},"inLanguage":"it-IT","potentialAction":[{"@type":"ReadAction","target":["https:\/\/jinsuncarbon.com\/product\/conductive-graphite-powder\/"]}]},{"@type":"ImageObject","inLanguage":"it-IT","@id":"https:\/\/jinsuncarbon.com\/product\/conductive-graphite-powder\/#primaryimage","url":"https:\/\/jinsuncarbon.com\/wp-content\/uploads\/2024\/11\/Conductive-graphite-powder.jpg","contentUrl":"https:\/\/jinsuncarbon.com\/wp-content\/uploads\/2024\/11\/Conductive-graphite-powder.jpg","width":1024,"height":763,"caption":"Conductive graphite powder"},{"@type":"BreadcrumbList","@id":"https:\/\/jinsuncarbon.com\/product\/conductive-graphite-powder\/#breadcrumb","itemListElement":[{"@type":"ListItem","position":1,"name":"Home","item":"https:\/\/jinsuncarbon.com\/"},{"@type":"ListItem","position":2,"name":"Products","item":"https:\/\/jinsuncarbon.com\/graphite-carbon\/"},{"@type":"ListItem","position":3,"name":"Conductive Graphite Powder"}]},{"@type":"WebSite","@id":"https:\/\/jinsuncarbon.com\/#website","url":"https:\/\/jinsuncarbon.com\/","name":"Jinsun Carbon","description":"Siamo il produttore di elettrodi di grafite di successo in Cina","publisher":{"@id":"https:\/\/jinsuncarbon.com\/#organization"},"potentialAction":[{"@type":"SearchAction","target":{"@type":"EntryPoint","urlTemplate":"https:\/\/jinsuncarbon.com\/?s={search_term_string}"},"query-input":{"@type":"PropertyValueSpecification","valueRequired":true,"valueName":"search_term_string"}}],"inLanguage":"it-IT"},{"@type":"Organization","@id":"https:\/\/jinsuncarbon.com\/#organization","name":"Jinsun Carbon","alternateName":"Jinsun Carbon","url":"https:\/\/jinsuncarbon.com\/","logo":{"@type":"ImageObject","inLanguage":"it-IT","@id":"https:\/\/jinsuncarbon.com\/#\/schema\/logo\/image\/","url":"https:\/\/jinsuncarbon.com\/wp-content\/uploads\/2022\/12\/LOGO-1.png","contentUrl":"https:\/\/jinsuncarbon.com\/wp-content\/uploads\/2022\/12\/LOGO-1.png","width":207,"height":80,"caption":"Jinsun Carbon"},"image":{"@id":"https:\/\/jinsuncarbon.com\/#\/schema\/logo\/image\/"},"sameAs":["https:\/\/www.facebook.com\/Graphite-Electrode-109336238661595","https:\/\/x.com\/jinsuncarbon_","https:\/\/www.linkedin.com\/in\/jinsungraphite","https:\/\/www.youtube.com\/channel\/UCysDNyvyR5-3cCWEmpkVC0g"]}]}},"_links":{"self":[{"href":"https:\/\/jinsuncarbon.com\/it\/wp-json\/wp\/v2\/product\/6637","targetHints":{"allow":["GET"]}}],"collection":[{"href":"https:\/\/jinsuncarbon.com\/it\/wp-json\/wp\/v2\/product"}],"about":[{"href":"https:\/\/jinsuncarbon.com\/it\/wp-json\/wp\/v2\/types\/product"}],"wp:featuredmedia":[{"embeddable":true,"href":"https:\/\/jinsuncarbon.com\/it\/wp-json\/wp\/v2\/media\/6638"}],"wp:attachment":[{"href":"https:\/\/jinsuncarbon.com\/it\/wp-json\/wp\/v2\/media?parent=6637"}],"wp:term":[{"taxonomy":"product_brand","embeddable":true,"href":"https:\/\/jinsuncarbon.com\/it\/wp-json\/wp\/v2\/product_brand?post=6637"},{"taxonomy":"product_cat","embeddable":true,"href":"https:\/\/jinsuncarbon.com\/it\/wp-json\/wp\/v2\/product_cat?post=6637"},{"taxonomy":"product_tag","embeddable":true,"href":"https:\/\/jinsuncarbon.com\/it\/wp-json\/wp\/v2\/product_tag?post=6637"}],"curies":[{"name":"wp","href":"https:\/\/api.w.org\/{rel}","templated":true}]}}