{"id":6614,"date":"2024-11-15T01:19:18","date_gmt":"2024-11-15T01:19:18","guid":{"rendered":"https:\/\/jinsuncarbon.com\/?post_type=product&#038;p=6614"},"modified":"2025-05-10T14:45:10","modified_gmt":"2025-05-10T14:45:10","slug":"elettrodo-di-grafite-shp","status":"publish","type":"product","link":"https:\/\/jinsuncarbon.com\/it\/prodotto\/elettrodo-di-grafite-shp\/","title":{"rendered":"Elettrodo di grafite SHP"},"content":{"rendered":"<h2>Vantaggi dell'elettrodo di grafite shp<\/h2>\n<p>In generale, gli elettrodi di grafite SHP presentano una struttura cilindrica a bastoncino, i cui vantaggi in termini di prestazioni sono estremamente evidenti.<\/p>\n<p><strong><b>E<\/b><\/strong><strong><b>Eccellente conducibilit\u00e0 elettrica <\/b><\/strong><\/p>\n<p>\u00c8 in grado di condurre efficacemente l'energia elettrica in un ambiente di lavoro ad alta tensione e ad alta corrente, riducendo le perdite del circuito.<\/p>\n<p>&nbsp;<\/p>\n<p><strong><b>Buono<\/b><\/strong><strong><b>\u00a0resistenza alle alte temperature <\/b><\/strong><\/p>\n<p>Pu\u00f2 mantenere la stabilit\u00e0 strutturale in un ambiente ad alta temperatura fino a oltre 3000\u2103 senza fondersi o deformarsi.<\/p>\n<p>&nbsp;<\/p>\n<p><strong><b>Grande<\/b><\/strong><strong><b>\u00a0prestazioni antiossidanti<\/b><\/strong><\/p>\n<p>Grazie a uno speciale trattamento di impregnazione e rivestimento, rallenta efficacemente il tasso di reazione con l'ossigeno alle alte temperature e prolunga la durata di vita.<\/p>\n<p>&nbsp;<\/p>\n<p><strong><b>H<\/b><\/strong><strong><b>elevata resistenza meccanica <\/b><\/strong><\/p>\n<p>Pu\u00f2 resistere alle sollecitazioni meccaniche durante l'installazione e lo smontaggio degli elettrodi e i processi di produzione dell'acciaio e non \u00e8 soggetto a rotture.<\/p>\n<p>&nbsp;<\/p>\n<p><strong><b>R<\/b><\/strong><strong><b>coefficiente di espansione termica relativamente basso<\/b><\/strong><\/p>\n<p>Anche in caso di forti sbalzi di temperatura, \u00e8 in grado di mantenere la stabilit\u00e0 dimensionale e di garantire una buona compatibilit\u00e0 tra i materiali. <a href=\"https:\/\/jinsuncarbon.com\/it\/prodotto\/elettrodo-di-grafite\/\">elettrodo<\/a> e l'attrezzatura.<\/p>\n<p>&nbsp;<\/p>\n<p>In base ai vostri requisiti specifici, saranno lavorati per adattarsi alle vostre dimensioni e soddisfare le vostre esigenze specifiche. Ad esempio, diametri piccoli di 300-400 mm, diametri medi di 450-600 mm e diametri grandi di 650 mm e oltre, ecc.<\/p>\n<p><strong><b>\u00a0<\/b><\/strong><\/p>\n<h2>Usi dell'elettrodo di grafite shp<\/h2>\n<h3>Fusione dell'acciaio:<\/h3>\n<p><strong><b>In<\/b><\/strong><strong><b>\u00a0il processo di produzione dell'acciaio con forno elettrico ad arco<\/b><\/strong><\/p>\n<p>Come conduttore, elettrodo di grafite shp<strong><b>\u00a0<\/b><\/strong>converte l'energia elettrica in energia termica, generando archi elettrici ad alta temperatura. Pu\u00f2 quindi fondere rapidamente rottami d'acciaio, ferroleghe e altri materiali da forno. \u00c8 un'apparecchiatura fondamentale per le moderne imprese siderurgiche per la produzione di acciaio di alta qualit\u00e0. Il suo utilizzo consente di aumentare significativamente la velocit\u00e0 di fusione del forno elettrico e di abbreviare il ciclo di fusione. Inoltre, pu\u00f2 ridurre il consumo di energia per tonnellata di acciaio e migliorare l'efficienza produttiva e i vantaggi economici.<\/p>\n<p><strong><b>\u00a0<\/b><\/strong><\/p>\n<p><strong><b>I<\/b><\/strong><strong><b>nel forno di raffinazione<\/b><\/strong><\/p>\n<p>Si pu\u00f2 usare per regolare la composizione e la temperatura dell'acciaio fuso per garantirne la qualit\u00e0.<\/p>\n<p>&nbsp;<\/p>\n<p><strong><b>N<\/b><\/strong><strong><b>fusione di metalli ferrosi<\/b><\/strong><strong><b>:<\/b><\/strong><\/p>\n<p>Svolge inoltre un ruolo significativo nella <a href=\"https:\/\/en.wikipedia.org\/wiki\/Continuous_casting#:~:text=Continuous%20casting%2C%20also%20called%20strand,stationary%20molds%20to%20form%20ingots.\" target=\"_blank\" rel=\"noopener\">colata continua<\/a> e processi di raffinazione di metalli non ferrosi come rame e alluminio. Pu\u00f2 essere utilizzato per fornire fonti di calore ad alta temperatura per ottenere una fusione rapida e un riscaldamento uniforme dei metalli. Garantisce l'uniformit\u00e0 della composizione e delle propriet\u00e0 fisiche dei prodotti metallici.<\/p>\n<p>&nbsp;<\/p>\n<p><strong><b>I<\/b><\/strong><strong><b>nella fusione di alcune leghe speciali di metalli non ferrosi<\/b><\/strong><\/p>\n<p>Grazie all'elevata conducibilit\u00e0 elettrica e alla resistenza alle alte temperature, controlla con precisione i parametri di temperatura e corrente durante il processo di fusione. Migliora cos\u00ec la qualit\u00e0 e le prestazioni dei prodotti in lega.<\/p>\n<p>&nbsp;<\/p>\n<p><strong><b>I<\/b><\/strong><strong><b>forni industriali a resistenza<\/b><\/strong><strong><b>:<\/b><\/strong><\/p>\n<p>\u00c8 possibile utilizzarla in alcuni forni industriali a resistenza che richiedono una lavorazione ad alta temperatura, come i forni per la sinterizzazione della metallurgia delle polveri e i forni per le fibre di vetro. Come elementi riscaldanti, gli elettrodi di grafite shp possono generare un ambiente stabile ad alta temperatura. In questo modo soddisfano i requisiti del processo produttivo di diversi prodotti industriali e garantiscono la qualit\u00e0 del prodotto e l'efficienza della produzione.<\/p>","protected":false},"excerpt":{"rendered":"<p>Gli elettrodi di grafite SHP sono materiali conduttori di grafite ad alta purezza e ad alta densit\u00e0 ottenuti da materie prime come il coke di petrolio e il coke di asfalto attraverso un trattamento di grafitizzazione ad alta temperatura. Per essere realizzati, devono passare attraverso una serie di processi complessi come il pretrattamento delle materie prime, il dosaggio, l'impastamento, lo stampaggio, la cottura, l'impregnazione, la grafitizzazione e la lavorazione meccanica. Grazie alla sua eccezionale conducibilit\u00e0 elettrica, alla resistenza alle alte temperature, alla resistenza all'ossidazione e ad altre propriet\u00e0, \u00e8 un materiale di consumo fondamentale per la produzione di acciaio in forni elettrici, per la fusione di metalli non ferrosi e in altri settori. Grazie all'alta densit\u00e0 di corrente e all'elevata potenza assorbita, pu\u00f2 funzionare in modo stabile in condizioni di lavoro difficili. Pu\u00f2 anche sopportare enormi carichi di corrente e alte temperature d'arco ed \u00e8 un materiale importante e indispensabile nella metallurgia moderna.<\/p>","protected":false},"featured_media":6616,"template":"","meta":[],"product_brand":[],"product_cat":[37],"product_tag":[],"class_list":{"0":"post-6614","1":"product","2":"type-product","3":"status-publish","4":"has-post-thumbnail","6":"product_cat-graphite-electrode","8":"first","9":"instock","10":"shipping-taxable","11":"product-type-simple"},"yoast_head":"<!-- This site is optimized with the Yoast SEO Premium plugin v19.2.1 (Yoast SEO v25.3) - https:\/\/yoast.com\/wordpress\/plugins\/seo\/ -->\n<title>China SHP Graphite Electrode Factory | Jinsun Carbon<\/title>\n<meta name=\"description\" content=\"SHP graphite electrode, or \u201cSuper High Power Graphite Electrode,\u201d\u00a0is comprised of a particular form of graphite material that is specifically intended to tolerate extremely high currents and temperatures.\" \/>\n<meta name=\"robots\" content=\"index, follow, max-snippet:-1, max-image-preview:large, max-video-preview:-1\" \/>\n<link rel=\"canonical\" href=\"https:\/\/jinsuncarbon.com\/it\/prodotto\/elettrodo-di-grafite-shp\/\" \/>\n<meta property=\"og:locale\" content=\"it_IT\" \/>\n<meta property=\"og:type\" content=\"article\" \/>\n<meta property=\"og:title\" content=\"SHP Graphite Electrode\" \/>\n<meta property=\"og:description\" content=\"SHP graphite electrode, or \u201cSuper High Power Graphite Electrode,\u201d\u00a0is comprised of a particular form of graphite material that is specifically intended to tolerate extremely high currents and temperatures.\" \/>\n<meta property=\"og:url\" content=\"https:\/\/jinsuncarbon.com\/it\/prodotto\/elettrodo-di-grafite-shp\/\" \/>\n<meta property=\"og:site_name\" content=\"Jinsun Carbon\" \/>\n<meta property=\"article:publisher\" content=\"https:\/\/www.facebook.com\/Graphite-Electrode-109336238661595\" \/>\n<meta property=\"article:modified_time\" content=\"2025-05-10T14:45:10+00:00\" \/>\n<meta property=\"og:image\" content=\"https:\/\/jinsuncarbon.com\/wp-content\/uploads\/2024\/11\/SHP-Graphite-Electrode.jpg\" \/>\n\t<meta property=\"og:image:width\" content=\"1024\" \/>\n\t<meta property=\"og:image:height\" content=\"763\" \/>\n\t<meta property=\"og:image:type\" content=\"image\/jpeg\" \/>\n<meta name=\"twitter:card\" content=\"summary_large_image\" \/>\n<meta name=\"twitter:site\" content=\"@jinsuncarbon_\" \/>\n<meta name=\"twitter:label1\" content=\"Tempo di lettura stimato\" \/>\n\t<meta name=\"twitter:data1\" content=\"3 minuti\" \/>\n<script type=\"application\/ld+json\" class=\"yoast-schema-graph\">{\"@context\":\"https:\/\/schema.org\",\"@graph\":[{\"@type\":\"WebPage\",\"@id\":\"https:\/\/jinsuncarbon.com\/product\/shp-graphite-electrode\/\",\"url\":\"https:\/\/jinsuncarbon.com\/product\/shp-graphite-electrode\/\",\"name\":\"China SHP Graphite Electrode Factory | Jinsun Carbon\",\"isPartOf\":{\"@id\":\"https:\/\/jinsuncarbon.com\/#website\"},\"primaryImageOfPage\":{\"@id\":\"https:\/\/jinsuncarbon.com\/product\/shp-graphite-electrode\/#primaryimage\"},\"image\":{\"@id\":\"https:\/\/jinsuncarbon.com\/product\/shp-graphite-electrode\/#primaryimage\"},\"thumbnailUrl\":\"https:\/\/jinsuncarbon.com\/wp-content\/uploads\/2024\/11\/SHP-Graphite-Electrode.jpg\",\"datePublished\":\"2024-11-15T01:19:18+00:00\",\"dateModified\":\"2025-05-10T14:45:10+00:00\",\"description\":\"SHP graphite electrode, or \u201cSuper High Power Graphite Electrode,\u201d\u00a0is comprised of a particular form of graphite material that is specifically intended to tolerate extremely high currents and temperatures.\",\"breadcrumb\":{\"@id\":\"https:\/\/jinsuncarbon.com\/product\/shp-graphite-electrode\/#breadcrumb\"},\"inLanguage\":\"it-IT\",\"potentialAction\":[{\"@type\":\"ReadAction\",\"target\":[\"https:\/\/jinsuncarbon.com\/product\/shp-graphite-electrode\/\"]}]},{\"@type\":\"ImageObject\",\"inLanguage\":\"it-IT\",\"@id\":\"https:\/\/jinsuncarbon.com\/product\/shp-graphite-electrode\/#primaryimage\",\"url\":\"https:\/\/jinsuncarbon.com\/wp-content\/uploads\/2024\/11\/SHP-Graphite-Electrode.jpg\",\"contentUrl\":\"https:\/\/jinsuncarbon.com\/wp-content\/uploads\/2024\/11\/SHP-Graphite-Electrode.jpg\",\"width\":1024,\"height\":763,\"caption\":\"SHP Graphite Electrode for EAF Steelmaking\"},{\"@type\":\"BreadcrumbList\",\"@id\":\"https:\/\/jinsuncarbon.com\/product\/shp-graphite-electrode\/#breadcrumb\",\"itemListElement\":[{\"@type\":\"ListItem\",\"position\":1,\"name\":\"Home\",\"item\":\"https:\/\/jinsuncarbon.com\/\"},{\"@type\":\"ListItem\",\"position\":2,\"name\":\"Products\",\"item\":\"https:\/\/jinsuncarbon.com\/graphite-carbon\/\"},{\"@type\":\"ListItem\",\"position\":3,\"name\":\"SHP Graphite Electrode\"}]},{\"@type\":\"WebSite\",\"@id\":\"https:\/\/jinsuncarbon.com\/#website\",\"url\":\"https:\/\/jinsuncarbon.com\/\",\"name\":\"Jinsun Carbon\",\"description\":\"We are the successful graphite electrode manufacturer in China\",\"publisher\":{\"@id\":\"https:\/\/jinsuncarbon.com\/#organization\"},\"potentialAction\":[{\"@type\":\"SearchAction\",\"target\":{\"@type\":\"EntryPoint\",\"urlTemplate\":\"https:\/\/jinsuncarbon.com\/?s={search_term_string}\"},\"query-input\":{\"@type\":\"PropertyValueSpecification\",\"valueRequired\":true,\"valueName\":\"search_term_string\"}}],\"inLanguage\":\"it-IT\"},{\"@type\":\"Organization\",\"@id\":\"https:\/\/jinsuncarbon.com\/#organization\",\"name\":\"Jinsun Carbon\",\"alternateName\":\"Jinsun Carbon\",\"url\":\"https:\/\/jinsuncarbon.com\/\",\"logo\":{\"@type\":\"ImageObject\",\"inLanguage\":\"it-IT\",\"@id\":\"https:\/\/jinsuncarbon.com\/#\/schema\/logo\/image\/\",\"url\":\"https:\/\/jinsuncarbon.com\/wp-content\/uploads\/2022\/12\/LOGO-1.png\",\"contentUrl\":\"https:\/\/jinsuncarbon.com\/wp-content\/uploads\/2022\/12\/LOGO-1.png\",\"width\":207,\"height\":80,\"caption\":\"Jinsun Carbon\"},\"image\":{\"@id\":\"https:\/\/jinsuncarbon.com\/#\/schema\/logo\/image\/\"},\"sameAs\":[\"https:\/\/www.facebook.com\/Graphite-Electrode-109336238661595\",\"https:\/\/x.com\/jinsuncarbon_\",\"https:\/\/www.linkedin.com\/in\/jinsungraphite\",\"https:\/\/www.youtube.com\/channel\/UCysDNyvyR5-3cCWEmpkVC0g\"]}]}<\/script>\n<!-- \/ Yoast SEO Premium plugin. -->","yoast_head_json":{"title":"Cina SHP Elettrodo di grafite Fabbrica | Jinsun carbonio","description":"L'elettrodo di grafite SHP, o \"elettrodo di grafite ad altissima potenza\", \u00e8 costituito da una particolare forma di grafite, specificamente concepita per tollerare correnti e temperature estremamente elevate.","robots":{"index":"index","follow":"follow","max-snippet":"max-snippet:-1","max-image-preview":"max-image-preview:large","max-video-preview":"max-video-preview:-1"},"canonical":"https:\/\/jinsuncarbon.com\/it\/prodotto\/elettrodo-di-grafite-shp\/","og_locale":"it_IT","og_type":"article","og_title":"SHP Graphite Electrode","og_description":"SHP graphite electrode, or \u201cSuper High Power Graphite Electrode,\u201d\u00a0is comprised of a particular form of graphite material that is specifically intended to tolerate extremely high currents and temperatures.","og_url":"https:\/\/jinsuncarbon.com\/it\/prodotto\/elettrodo-di-grafite-shp\/","og_site_name":"Jinsun Carbon","article_publisher":"https:\/\/www.facebook.com\/Graphite-Electrode-109336238661595","article_modified_time":"2025-05-10T14:45:10+00:00","og_image":[{"width":1024,"height":763,"url":"https:\/\/jinsuncarbon.com\/wp-content\/uploads\/2024\/11\/SHP-Graphite-Electrode.jpg","type":"image\/jpeg"}],"twitter_card":"summary_large_image","twitter_site":"@jinsuncarbon_","twitter_misc":{"Tempo di lettura stimato":"3 minuti"},"schema":{"@context":"https:\/\/schema.org","@graph":[{"@type":"WebPage","@id":"https:\/\/jinsuncarbon.com\/product\/shp-graphite-electrode\/","url":"https:\/\/jinsuncarbon.com\/product\/shp-graphite-electrode\/","name":"Cina SHP Elettrodo di grafite Fabbrica | Jinsun carbonio","isPartOf":{"@id":"https:\/\/jinsuncarbon.com\/#website"},"primaryImageOfPage":{"@id":"https:\/\/jinsuncarbon.com\/product\/shp-graphite-electrode\/#primaryimage"},"image":{"@id":"https:\/\/jinsuncarbon.com\/product\/shp-graphite-electrode\/#primaryimage"},"thumbnailUrl":"https:\/\/jinsuncarbon.com\/wp-content\/uploads\/2024\/11\/SHP-Graphite-Electrode.jpg","datePublished":"2024-11-15T01:19:18+00:00","dateModified":"2025-05-10T14:45:10+00:00","description":"L'elettrodo di grafite SHP, o \"elettrodo di grafite ad altissima potenza\", \u00e8 costituito da una particolare forma di grafite, specificamente concepita per tollerare correnti e temperature estremamente elevate.","breadcrumb":{"@id":"https:\/\/jinsuncarbon.com\/product\/shp-graphite-electrode\/#breadcrumb"},"inLanguage":"it-IT","potentialAction":[{"@type":"ReadAction","target":["https:\/\/jinsuncarbon.com\/product\/shp-graphite-electrode\/"]}]},{"@type":"ImageObject","inLanguage":"it-IT","@id":"https:\/\/jinsuncarbon.com\/product\/shp-graphite-electrode\/#primaryimage","url":"https:\/\/jinsuncarbon.com\/wp-content\/uploads\/2024\/11\/SHP-Graphite-Electrode.jpg","contentUrl":"https:\/\/jinsuncarbon.com\/wp-content\/uploads\/2024\/11\/SHP-Graphite-Electrode.jpg","width":1024,"height":763,"caption":"SHP Graphite Electrode for EAF Steelmaking"},{"@type":"BreadcrumbList","@id":"https:\/\/jinsuncarbon.com\/product\/shp-graphite-electrode\/#breadcrumb","itemListElement":[{"@type":"ListItem","position":1,"name":"Home","item":"https:\/\/jinsuncarbon.com\/"},{"@type":"ListItem","position":2,"name":"Products","item":"https:\/\/jinsuncarbon.com\/graphite-carbon\/"},{"@type":"ListItem","position":3,"name":"SHP Graphite Electrode"}]},{"@type":"WebSite","@id":"https:\/\/jinsuncarbon.com\/#website","url":"https:\/\/jinsuncarbon.com\/","name":"Jinsun Carbon","description":"Siamo il produttore di elettrodi di grafite di successo in Cina","publisher":{"@id":"https:\/\/jinsuncarbon.com\/#organization"},"potentialAction":[{"@type":"SearchAction","target":{"@type":"EntryPoint","urlTemplate":"https:\/\/jinsuncarbon.com\/?s={search_term_string}"},"query-input":{"@type":"PropertyValueSpecification","valueRequired":true,"valueName":"search_term_string"}}],"inLanguage":"it-IT"},{"@type":"Organization","@id":"https:\/\/jinsuncarbon.com\/#organization","name":"Jinsun Carbon","alternateName":"Jinsun Carbon","url":"https:\/\/jinsuncarbon.com\/","logo":{"@type":"ImageObject","inLanguage":"it-IT","@id":"https:\/\/jinsuncarbon.com\/#\/schema\/logo\/image\/","url":"https:\/\/jinsuncarbon.com\/wp-content\/uploads\/2022\/12\/LOGO-1.png","contentUrl":"https:\/\/jinsuncarbon.com\/wp-content\/uploads\/2022\/12\/LOGO-1.png","width":207,"height":80,"caption":"Jinsun Carbon"},"image":{"@id":"https:\/\/jinsuncarbon.com\/#\/schema\/logo\/image\/"},"sameAs":["https:\/\/www.facebook.com\/Graphite-Electrode-109336238661595","https:\/\/x.com\/jinsuncarbon_","https:\/\/www.linkedin.com\/in\/jinsungraphite","https:\/\/www.youtube.com\/channel\/UCysDNyvyR5-3cCWEmpkVC0g"]}]}},"_links":{"self":[{"href":"https:\/\/jinsuncarbon.com\/it\/wp-json\/wp\/v2\/product\/6614","targetHints":{"allow":["GET"]}}],"collection":[{"href":"https:\/\/jinsuncarbon.com\/it\/wp-json\/wp\/v2\/product"}],"about":[{"href":"https:\/\/jinsuncarbon.com\/it\/wp-json\/wp\/v2\/types\/product"}],"wp:featuredmedia":[{"embeddable":true,"href":"https:\/\/jinsuncarbon.com\/it\/wp-json\/wp\/v2\/media\/6616"}],"wp:attachment":[{"href":"https:\/\/jinsuncarbon.com\/it\/wp-json\/wp\/v2\/media?parent=6614"}],"wp:term":[{"taxonomy":"product_brand","embeddable":true,"href":"https:\/\/jinsuncarbon.com\/it\/wp-json\/wp\/v2\/product_brand?post=6614"},{"taxonomy":"product_cat","embeddable":true,"href":"https:\/\/jinsuncarbon.com\/it\/wp-json\/wp\/v2\/product_cat?post=6614"},{"taxonomy":"product_tag","embeddable":true,"href":"https:\/\/jinsuncarbon.com\/it\/wp-json\/wp\/v2\/product_tag?post=6614"}],"curies":[{"name":"wp","href":"https:\/\/api.w.org\/{rel}","templated":true}]}}