{"id":6606,"date":"2024-11-13T15:59:00","date_gmt":"2024-11-13T15:59:00","guid":{"rendered":"https:\/\/jinsuncarbon.com\/?post_type=product&#038;p=6606"},"modified":"2024-12-01T13:29:59","modified_gmt":"2024-12-01T13:29:59","slug":"foglio-di-grafite","status":"publish","type":"product","link":"https:\/\/jinsuncarbon.com\/it\/prodotto\/foglio-di-grafite\/","title":{"rendered":"Foglio di grafite"},"content":{"rendered":"<h2>Che cos'\u00e8 il foglio di grafite?<\/h2>\n<p>Il foglio di grafite \u00e8 un materiale composito, il cui componente principale \u00e8 la grafite, utilizzato principalmente per la gestione termica. Ha un'eccellente conducibilit\u00e0 termica ed elettrica. Inoltre, ha un'eccezionale flessibilit\u00e0 e leggerezza. La maggior parte dei fogli di grafite si divide in grafite naturale e grafite sintetica.<\/p>\n<p>&nbsp;<\/p>\n<h2>Tipo di fogli di grafite<\/h2>\n<p>&nbsp;<\/p>\n<p>Esistono tanti tipi diversi di fogli di grafite e diverse categorie per i vari settori:<\/p>\n<p>&nbsp;<\/p>\n<p><strong>\u00a0Foglio di grafite sintetica:<\/strong> realizzati a temperatura elevata <a href=\"https:\/\/jinsuncarbon.com\/it\/che-cose-la-grafitizzazione\/\">grafitizzazione<\/a> e il processo di produzione della grafite sintetica, possiede una qualit\u00e0 altamente pura e costante. Ci\u00f2 rende il foglio di grafite sintetica particolarmente adatto al settore elettronico, poich\u00e9 la conducibilit\u00e0 termica affidabile e il basso contenuto di impurit\u00e0 sono i fattori pi\u00f9 significativi in questo campo.<\/p>\n<p>&nbsp;<\/p>\n<p><strong>\u00a0Foglio di grafite rinforzata:<\/strong> Questi fogli aggiungono pi\u00f9 materiali, come l'acciaio inossidabile o la rete metallica, rispetto agli altri per aumentare la resistenza meccanica e le prestazioni di compressione. Le lastre di grafite rinforzata sono utilizzate in generale in ambienti ad alta sollecitazione meccanica, che necessitano di maggiore flessibilit\u00e0 e resistenza nelle applicazioni di tenuta.<\/p>\n<p>&nbsp;<\/p>\n<p><strong>\u00a0Foglio di grafite flessibile:<\/strong> Come suggerisce il nome, il foglio di grafite flessibile \u00e8 estremamente flessibile per adattarsi a varie forme e superfici, per cui \u00e8 molto efficace nelle guarnizioni e nei sigilli. \u00c8 ampiamente utilizzato su superfici irregolari o spazi vuoti, perch\u00e9 pu\u00f2 garantire efficacemente la tenuta e la gestione termica.<\/p>\n<p>&nbsp;<\/p>\n<p><strong>\u00a0Foglio di grafite pirolitica:<\/strong> Realizzato mediante deposizione chimica da vapore (CVD), il foglio di grafite pirolitica possiede strutture altamente ordinate e un'estrema conduttivit\u00e0 termica. Grazie all'elevata conduttivit\u00e0 termica e alla purezza, viene comunemente utilizzata in applicazioni di alto livello, per mostrare le sue eccellenti prestazioni.<\/p>\n<p>&nbsp;<\/p>\n<p><strong>Fogli di grafite pura:<\/strong> Si tratta di grafite pura, priva di riempitivi o leganti. Grazie alle sue propriet\u00e0 uniche, i fogli di grafite pura sono utilizzati in applicazioni ad alta purezza, come laboratori e dispositivi elettronici sensibili che necessitano di materiali privi di contaminanti.<\/p>\n<p>&nbsp;<\/p>\n<p><strong>Foglio di grafite:<\/strong> dalla lavorazione della grafite espansa, a fogli pi\u00f9 sottili e flessibili, in generale, utilizzati come guarnizioni ad alta temperatura o barriera termica che campi con elevati requisiti di temperatura elevata.<\/p>\n<p>&nbsp;<\/p>\n<h2>Processo di produzione<\/h2>\n<p>&nbsp;<\/p>\n<p>Esistono due metodi principali per la produzione di grafite, i processi meccanici e chimici. Dipende dai tipi richiesti e dalle esigenze applicative:<\/p>\n<p>&nbsp;<\/p>\n<p>Lavorazione meccanica: con una macchina specifica si comprime la grafite espansa per formare fogli di spessore e densit\u00e0 specifici. La lavorazione meccanica \u00e8 comunemente utilizzata per produrre fogli di grafite flessibile, per mantenere la naturale struttura stratificata della grafite e conservare la flessibilit\u00e0.<\/p>\n<p>&nbsp;<\/p>\n<p>Trattamento chimico: in questo modo, soprattutto con la deposizione di vapore chimico (CVD), si produce il foglio di grafite pirolitica. In questo processo, gli atomi di carbonio si depositano strato per strato, formando una struttura altamente ordinata. In questo modo \u00e8 in grado di fornire un'eccellente conduttivit\u00e0 termica e purezza.<\/p>\n<p>&nbsp;<\/p>\n<h2>Propriet\u00e0<\/h2>\n<p>Propriet\u00e0 fisiche:<\/p>\n<p>Morfologia e struttura: I fogli di grafite possiedono strutture stratificate, il che significa forti legami atomici all'interno degli strati e interazioni pi\u00f9 deboli tra gli strati. Questa struttura rende la grafite flessibile, perch\u00e9 ogni strato pu\u00f2 scorrere, rendendo il materiale modellabile e conforme alle superfici.<\/p>\n<p>Conducibilit\u00e0 termica: Le lastre di grafite hanno un'elevata conducibilit\u00e0 termica, in genere compresa tra 300 e 1500 W\/mk, che consente un efficiente trasferimento di calore. Questa propriet\u00e0 gioca un ruolo importante nelle applicazioni elettroniche in cui il calore deve essere dissipato rapidamente.<\/p>\n<p>Conducibilit\u00e0 elettrica: Grazie agli elettroni liberi presenti nella struttura della grafite, i fogli di grafite possiedono un'incredibile conduttivit\u00e0 elettrica. In alcune applicazioni speciali, come <a href=\"https:\/\/en.wikipedia.org\/wiki\/Thermal_conductivity_and_resistivity\" target=\"_blank\" rel=\"noopener\">conduttivit\u00e0 termica<\/a> e conduttivit\u00e0 elettrica, questa propriet\u00e0 \u00e8 molto allineata.<\/p>\n<p>Lavorabilit\u00e0: i fogli di grafite possono essere tagliati, sagomati e laminati facilmente e lo spessore pu\u00f2 variare da 0,05 a 1 m. Questa lavorabilit\u00e0 \u00e8 necessaria nell'industria elettronica e automobilistica, dove \u00e8 richiesto un assemblaggio preciso.<\/p>\n<p>&nbsp;<\/p>\n<p>Propriet\u00e0 chimica:<\/p>\n<p>Stabilit\u00e0 termica: I fogli di grafite sono in grado di mantenere l'integrit\u00e0 della struttura a temperature elevate. In un ambiente privo di ossigeno, la stabilit\u00e0 termica dei fogli di grafite pu\u00f2 raggiungere i 400 gradi Celsius, rendendoli molto adatti alle applicazioni ad alta temperatura.<\/p>\n<p>Stabilit\u00e0 chimica: i fogli di grafite sono resistenti alla maggior parte delle sostanze chimiche, come acidi e basi. Pu\u00f2 garantire la durata delle lastre di grafite in ambienti corrosivi, prolungandone inoltre la vita.<\/p>\n<p>Altre propriet\u00e0 chimiche: i fogli di grafite hanno una bassa permeabilit\u00e0 ai gas e ai liquidi, che li rende efficaci nelle applicazioni industriali come guarnizioni.<\/p>\n<p>&nbsp;<\/p>\n<h2>Applicazioni<\/h2>\n<p>Grazie alle sue propriet\u00e0 uniche, i fogli di grafite hanno un'ampia gamma di applicazioni. Le applicazioni pi\u00f9 comuni sono sei:<\/p>\n<p>Prodotti elettronici: i fogli di grafite sono ampiamente utilizzati nella gestione termica di smartphone, tablet e laptop. Conducendo e dissipando efficacemente il calore, possono aiutare e prevenire il surriscaldamento dei dispositivi, migliorandone le prestazioni e prolungandone la durata.<\/p>\n<p>Automotive: nei veicoli contemporanei, i veicoli elettrici, i fogli di grafite sono utilizzati per la gestione termica dei pacchi batteria e dei moduli elettronici. Possono migliorare le prestazioni e la sicurezza delle batterie grazie a un'efficace gestione termica. Questo aspetto \u00e8 molto importante per lo sviluppo di veicoli elettrici e ibridi.<\/p>\n<p>Aerospaziale: Le lastre di grafite forniscono protezione termica a veicoli spaziali, satelliti e aerei nel settore aerospaziale. Grazie alla sua elevata stabilit\u00e0 termica e alle sue caratteristiche di leggerezza, \u00e8 particolarmente indicata per i componenti aerospaziali critici che hanno requisiti rigorosi di resistenza alle alte temperature.<\/p>\n<p>Macchinari industriali: Le lastre di grafite sono sempre utilizzate in ambienti ad alta temperatura e ad alta pressione come guarnizioni e tenute. In questo particolare settore, dove la durata e l'affidabilit\u00e0 giocano un ruolo importante. Sono comunemente utilizzate, ad esempio, nei processi chimici, nella produzione di energia e in altri macchinari industriali.<\/p>\n<p>Illuminazione a LED: nei sistemi a LED, vengono utilizzati per la dissipazione del calore, al fine di aiutare la macchina a mantenere condizioni operative ottimali e una maggiore durata.<\/p>\n<p>Apparecchiature mediche: nelle apparecchiature mediche, che richiedono una gestione termica precisa, i fogli di grafite sono insostituibili. Ad esempio, le apparecchiature di imaging e altri dispositivi diagnostici a temperatura sensibile. Possono mantenere la temperatura stabile per garantire l'affidabilit\u00e0 e le prestazioni del dispositivo.<\/p>","protected":false},"excerpt":{"rendered":"<p>I fogli di grafite possono essere lavorati in diversi spessori e forme, con un'elevata conducibilit\u00e0 termica ed elettrica e stabilit\u00e0 chimica. \u00c8 il materiale principale per l'elettronica, le automobili, il settore aerospaziale e le apparecchiature mediche. Le propriet\u00e0 uniche dei fogli di grafite in termini di conducibilit\u00e0 termica ed elettrica li rendono indispensabili in molte applicazioni che hanno requisiti diretti di dissipazione del calore, durata e adattabilit\u00e0.<\/p>","protected":false},"featured_media":6607,"template":"","meta":[],"product_brand":[],"product_cat":[38],"product_tag":[],"class_list":{"0":"post-6606","1":"product","2":"type-product","3":"status-publish","4":"has-post-thumbnail","6":"product_cat-graphite-products","8":"first","9":"instock","10":"shipping-taxable","11":"product-type-simple"},"yoast_head":"<!-- This site is optimized with the Yoast SEO Premium plugin v19.2.1 (Yoast SEO v25.3) - https:\/\/yoast.com\/wordpress\/plugins\/seo\/ -->\n<title>Graphite Sheet Manufacturer in China<\/title>\n<meta name=\"description\" content=\"Graphite sheet, as a contemporary material, possess excellent thermal and electric conductivity . Meanwhile it have outstanding flexibility and lightweight.\" \/>\n<meta name=\"robots\" content=\"index, follow, max-snippet:-1, max-image-preview:large, max-video-preview:-1\" \/>\n<link rel=\"canonical\" href=\"https:\/\/jinsuncarbon.com\/it\/prodotto\/foglio-di-grafite\/\" \/>\n<meta property=\"og:locale\" content=\"it_IT\" \/>\n<meta property=\"og:type\" content=\"article\" \/>\n<meta property=\"og:title\" content=\"Graphite Sheet\" \/>\n<meta property=\"og:description\" content=\"Graphite sheet, as a contemporary material, possess excellent thermal and electric conductivity . Meanwhile it have outstanding flexibility and lightweight.\" \/>\n<meta property=\"og:url\" content=\"https:\/\/jinsuncarbon.com\/it\/prodotto\/foglio-di-grafite\/\" \/>\n<meta property=\"og:site_name\" content=\"Jinsun Carbon\" \/>\n<meta property=\"article:publisher\" content=\"https:\/\/www.facebook.com\/Graphite-Electrode-109336238661595\" \/>\n<meta property=\"article:modified_time\" content=\"2024-12-01T13:29:59+00:00\" \/>\n<meta property=\"og:image\" content=\"https:\/\/jinsuncarbon.com\/wp-content\/uploads\/2024\/11\/Graphite-sheet.jpg\" \/>\n\t<meta property=\"og:image:width\" content=\"1024\" \/>\n\t<meta property=\"og:image:height\" content=\"763\" \/>\n\t<meta property=\"og:image:type\" content=\"image\/jpeg\" \/>\n<meta name=\"twitter:card\" content=\"summary_large_image\" \/>\n<meta name=\"twitter:site\" content=\"@jinsuncarbon_\" \/>\n<meta name=\"twitter:label1\" content=\"Tempo di lettura stimato\" \/>\n\t<meta name=\"twitter:data1\" content=\"5 minuti\" \/>\n<script type=\"application\/ld+json\" class=\"yoast-schema-graph\">{\"@context\":\"https:\/\/schema.org\",\"@graph\":[{\"@type\":\"WebPage\",\"@id\":\"https:\/\/jinsuncarbon.com\/product\/graphite-sheet\/\",\"url\":\"https:\/\/jinsuncarbon.com\/product\/graphite-sheet\/\",\"name\":\"Graphite Sheet Manufacturer in China\",\"isPartOf\":{\"@id\":\"https:\/\/jinsuncarbon.com\/#website\"},\"primaryImageOfPage\":{\"@id\":\"https:\/\/jinsuncarbon.com\/product\/graphite-sheet\/#primaryimage\"},\"image\":{\"@id\":\"https:\/\/jinsuncarbon.com\/product\/graphite-sheet\/#primaryimage\"},\"thumbnailUrl\":\"https:\/\/jinsuncarbon.com\/wp-content\/uploads\/2024\/11\/Graphite-sheet.jpg\",\"datePublished\":\"2024-11-13T15:59:00+00:00\",\"dateModified\":\"2024-12-01T13:29:59+00:00\",\"description\":\"Graphite sheet, as a contemporary material, possess excellent thermal and electric conductivity . Meanwhile it have outstanding flexibility and lightweight.\",\"breadcrumb\":{\"@id\":\"https:\/\/jinsuncarbon.com\/product\/graphite-sheet\/#breadcrumb\"},\"inLanguage\":\"it-IT\",\"potentialAction\":[{\"@type\":\"ReadAction\",\"target\":[\"https:\/\/jinsuncarbon.com\/product\/graphite-sheet\/\"]}]},{\"@type\":\"ImageObject\",\"inLanguage\":\"it-IT\",\"@id\":\"https:\/\/jinsuncarbon.com\/product\/graphite-sheet\/#primaryimage\",\"url\":\"https:\/\/jinsuncarbon.com\/wp-content\/uploads\/2024\/11\/Graphite-sheet.jpg\",\"contentUrl\":\"https:\/\/jinsuncarbon.com\/wp-content\/uploads\/2024\/11\/Graphite-sheet.jpg\",\"width\":1024,\"height\":763,\"caption\":\"Graphite sheet\"},{\"@type\":\"BreadcrumbList\",\"@id\":\"https:\/\/jinsuncarbon.com\/product\/graphite-sheet\/#breadcrumb\",\"itemListElement\":[{\"@type\":\"ListItem\",\"position\":1,\"name\":\"Home\",\"item\":\"https:\/\/jinsuncarbon.com\/\"},{\"@type\":\"ListItem\",\"position\":2,\"name\":\"Products\",\"item\":\"https:\/\/jinsuncarbon.com\/graphite-carbon\/\"},{\"@type\":\"ListItem\",\"position\":3,\"name\":\"Graphite Sheet\"}]},{\"@type\":\"WebSite\",\"@id\":\"https:\/\/jinsuncarbon.com\/#website\",\"url\":\"https:\/\/jinsuncarbon.com\/\",\"name\":\"Jinsun Carbon\",\"description\":\"We are the successful graphite electrode manufacturer in China\",\"publisher\":{\"@id\":\"https:\/\/jinsuncarbon.com\/#organization\"},\"potentialAction\":[{\"@type\":\"SearchAction\",\"target\":{\"@type\":\"EntryPoint\",\"urlTemplate\":\"https:\/\/jinsuncarbon.com\/?s={search_term_string}\"},\"query-input\":{\"@type\":\"PropertyValueSpecification\",\"valueRequired\":true,\"valueName\":\"search_term_string\"}}],\"inLanguage\":\"it-IT\"},{\"@type\":\"Organization\",\"@id\":\"https:\/\/jinsuncarbon.com\/#organization\",\"name\":\"Jinsun Carbon\",\"alternateName\":\"Jinsun Carbon\",\"url\":\"https:\/\/jinsuncarbon.com\/\",\"logo\":{\"@type\":\"ImageObject\",\"inLanguage\":\"it-IT\",\"@id\":\"https:\/\/jinsuncarbon.com\/#\/schema\/logo\/image\/\",\"url\":\"https:\/\/jinsuncarbon.com\/wp-content\/uploads\/2022\/12\/LOGO-1.png\",\"contentUrl\":\"https:\/\/jinsuncarbon.com\/wp-content\/uploads\/2022\/12\/LOGO-1.png\",\"width\":207,\"height\":80,\"caption\":\"Jinsun Carbon\"},\"image\":{\"@id\":\"https:\/\/jinsuncarbon.com\/#\/schema\/logo\/image\/\"},\"sameAs\":[\"https:\/\/www.facebook.com\/Graphite-Electrode-109336238661595\",\"https:\/\/x.com\/jinsuncarbon_\",\"https:\/\/www.linkedin.com\/in\/jinsungraphite\",\"https:\/\/www.youtube.com\/channel\/UCysDNyvyR5-3cCWEmpkVC0g\"]}]}<\/script>\n<!-- \/ Yoast SEO Premium plugin. -->","yoast_head_json":{"title":"Foglio di grafite Fornitore in Cina","description":"Il foglio di grafite, in quanto materiale contemporaneo, possiede un'eccellente conducibilit\u00e0 termica ed elettrica. Inoltre, ha un'eccezionale flessibilit\u00e0 e leggerezza.","robots":{"index":"index","follow":"follow","max-snippet":"max-snippet:-1","max-image-preview":"max-image-preview:large","max-video-preview":"max-video-preview:-1"},"canonical":"https:\/\/jinsuncarbon.com\/it\/prodotto\/foglio-di-grafite\/","og_locale":"it_IT","og_type":"article","og_title":"Graphite Sheet","og_description":"Graphite sheet, as a contemporary material, possess excellent thermal and electric conductivity . Meanwhile it have outstanding flexibility and lightweight.","og_url":"https:\/\/jinsuncarbon.com\/it\/prodotto\/foglio-di-grafite\/","og_site_name":"Jinsun Carbon","article_publisher":"https:\/\/www.facebook.com\/Graphite-Electrode-109336238661595","article_modified_time":"2024-12-01T13:29:59+00:00","og_image":[{"width":1024,"height":763,"url":"https:\/\/jinsuncarbon.com\/wp-content\/uploads\/2024\/11\/Graphite-sheet.jpg","type":"image\/jpeg"}],"twitter_card":"summary_large_image","twitter_site":"@jinsuncarbon_","twitter_misc":{"Tempo di lettura stimato":"5 minuti"},"schema":{"@context":"https:\/\/schema.org","@graph":[{"@type":"WebPage","@id":"https:\/\/jinsuncarbon.com\/product\/graphite-sheet\/","url":"https:\/\/jinsuncarbon.com\/product\/graphite-sheet\/","name":"Foglio di grafite Fornitore in Cina","isPartOf":{"@id":"https:\/\/jinsuncarbon.com\/#website"},"primaryImageOfPage":{"@id":"https:\/\/jinsuncarbon.com\/product\/graphite-sheet\/#primaryimage"},"image":{"@id":"https:\/\/jinsuncarbon.com\/product\/graphite-sheet\/#primaryimage"},"thumbnailUrl":"https:\/\/jinsuncarbon.com\/wp-content\/uploads\/2024\/11\/Graphite-sheet.jpg","datePublished":"2024-11-13T15:59:00+00:00","dateModified":"2024-12-01T13:29:59+00:00","description":"Il foglio di grafite, in quanto materiale contemporaneo, possiede un'eccellente conducibilit\u00e0 termica ed elettrica. Inoltre, ha un'eccezionale flessibilit\u00e0 e leggerezza.","breadcrumb":{"@id":"https:\/\/jinsuncarbon.com\/product\/graphite-sheet\/#breadcrumb"},"inLanguage":"it-IT","potentialAction":[{"@type":"ReadAction","target":["https:\/\/jinsuncarbon.com\/product\/graphite-sheet\/"]}]},{"@type":"ImageObject","inLanguage":"it-IT","@id":"https:\/\/jinsuncarbon.com\/product\/graphite-sheet\/#primaryimage","url":"https:\/\/jinsuncarbon.com\/wp-content\/uploads\/2024\/11\/Graphite-sheet.jpg","contentUrl":"https:\/\/jinsuncarbon.com\/wp-content\/uploads\/2024\/11\/Graphite-sheet.jpg","width":1024,"height":763,"caption":"Graphite sheet"},{"@type":"BreadcrumbList","@id":"https:\/\/jinsuncarbon.com\/product\/graphite-sheet\/#breadcrumb","itemListElement":[{"@type":"ListItem","position":1,"name":"Home","item":"https:\/\/jinsuncarbon.com\/"},{"@type":"ListItem","position":2,"name":"Products","item":"https:\/\/jinsuncarbon.com\/graphite-carbon\/"},{"@type":"ListItem","position":3,"name":"Graphite Sheet"}]},{"@type":"WebSite","@id":"https:\/\/jinsuncarbon.com\/#website","url":"https:\/\/jinsuncarbon.com\/","name":"Jinsun Carbon","description":"Siamo il produttore di elettrodi di grafite di successo in Cina","publisher":{"@id":"https:\/\/jinsuncarbon.com\/#organization"},"potentialAction":[{"@type":"SearchAction","target":{"@type":"EntryPoint","urlTemplate":"https:\/\/jinsuncarbon.com\/?s={search_term_string}"},"query-input":{"@type":"PropertyValueSpecification","valueRequired":true,"valueName":"search_term_string"}}],"inLanguage":"it-IT"},{"@type":"Organization","@id":"https:\/\/jinsuncarbon.com\/#organization","name":"Jinsun Carbon","alternateName":"Jinsun Carbon","url":"https:\/\/jinsuncarbon.com\/","logo":{"@type":"ImageObject","inLanguage":"it-IT","@id":"https:\/\/jinsuncarbon.com\/#\/schema\/logo\/image\/","url":"https:\/\/jinsuncarbon.com\/wp-content\/uploads\/2022\/12\/LOGO-1.png","contentUrl":"https:\/\/jinsuncarbon.com\/wp-content\/uploads\/2022\/12\/LOGO-1.png","width":207,"height":80,"caption":"Jinsun Carbon"},"image":{"@id":"https:\/\/jinsuncarbon.com\/#\/schema\/logo\/image\/"},"sameAs":["https:\/\/www.facebook.com\/Graphite-Electrode-109336238661595","https:\/\/x.com\/jinsuncarbon_","https:\/\/www.linkedin.com\/in\/jinsungraphite","https:\/\/www.youtube.com\/channel\/UCysDNyvyR5-3cCWEmpkVC0g"]}]}},"_links":{"self":[{"href":"https:\/\/jinsuncarbon.com\/it\/wp-json\/wp\/v2\/product\/6606","targetHints":{"allow":["GET"]}}],"collection":[{"href":"https:\/\/jinsuncarbon.com\/it\/wp-json\/wp\/v2\/product"}],"about":[{"href":"https:\/\/jinsuncarbon.com\/it\/wp-json\/wp\/v2\/types\/product"}],"wp:featuredmedia":[{"embeddable":true,"href":"https:\/\/jinsuncarbon.com\/it\/wp-json\/wp\/v2\/media\/6607"}],"wp:attachment":[{"href":"https:\/\/jinsuncarbon.com\/it\/wp-json\/wp\/v2\/media?parent=6606"}],"wp:term":[{"taxonomy":"product_brand","embeddable":true,"href":"https:\/\/jinsuncarbon.com\/it\/wp-json\/wp\/v2\/product_brand?post=6606"},{"taxonomy":"product_cat","embeddable":true,"href":"https:\/\/jinsuncarbon.com\/it\/wp-json\/wp\/v2\/product_cat?post=6606"},{"taxonomy":"product_tag","embeddable":true,"href":"https:\/\/jinsuncarbon.com\/it\/wp-json\/wp\/v2\/product_tag?post=6606"}],"curies":[{"name":"wp","href":"https:\/\/api.w.org\/{rel}","templated":true}]}}