{"id":6600,"date":"2024-11-13T15:15:13","date_gmt":"2024-11-13T15:15:13","guid":{"rendered":"https:\/\/jinsuncarbon.com\/?post_type=product&#038;p=6600"},"modified":"2024-11-13T15:23:29","modified_gmt":"2024-11-13T15:23:29","slug":"boccole-in-grafite","status":"publish","type":"product","link":"https:\/\/jinsuncarbon.com\/it\/prodotto\/boccole-in-grafite\/","title":{"rendered":"Boccole in grafite"},"content":{"rendered":"<p>Le boccole in grafite sono componenti essenziali dei macchinari. Composizione di queste boccole Grafite e metallo e alcuni altri materiali. Vengono impiegate per ridurre al minimo l'attrito tra i componenti in movimento. Queste boccole sono molto efficaci in numerose applicazioni, poich\u00e9 la grafite viene utilizzata per le sue naturali propriet\u00e0 autolubrificanti. Inoltre, sono disponibili in una variet\u00e0 di forme e dimensioni in base alle esigenze. Le propriet\u00e0 del loro materiale li rendono eccezionali in ambienti difficili.<\/p>\n<h2>Caratteristiche principali<\/h2>\n<h4>Autolubrificante<\/h4>\n<p>Boccole in grafite \u00c8 un polimero autolubrificato e rilascia il lubrificante durante il movimento di scorrimento. Questo riduce al minimo le sollecitazioni sui componenti, consentendo una guida pi\u00f9 fluida nel lungo periodo.<\/p>\n<h4>Tolleranza alle alte temperature<\/h4>\n<p>La grafite \u00e8 resistente alle alte temperature. Pertanto, questi cuscinetti sono destinati a situazioni in cui \u00e8 presente una sostanza termica. Non si verificano decomposizioni o perdite di stagionatura anche a temperature pi\u00f9 elevate, rendendoli quindi adatti a impieghi di alto livello.<\/p>\n<h4>Basso attrito<\/h4>\n<p>La grafite \u00e8 naturalmente liscia. Riduce quindi l'attrito tra le parti in movimento, garantendo prestazioni pi\u00f9 elevate e una maggiore durata. Inoltre, questo design consente un funzionamento regolare senza alcuna resistenza.<\/p>\n<h4>Resistente alla corrosione<\/h4>\n<p>La grafite presenta un'elevata resistenza alla corrosione. Per questo motivo, le boccole in grafite hanno una lunga durata e un'elevata affidabilit\u00e0. Questi cuscinetti possono essere utilizzati in condizioni umide, acide o saline e rimangono inalterati in caso di guasti lievi.<\/p>\n<h4>Funzionamento silenzioso<\/h4>\n<p>Riducendo l'attrito, la grafite riduce anche il rumore. Aiuta i macchinari a funzionare in modo silenzioso, in modo che non producano rumore. Il controllo del rumore \u00e8 estremamente importante in alcuni settori.<\/p>\n<h2>Perch\u00e9 scegliere le boccole in grafite?<\/h2>\n<h4>Manutenzione ridotta<\/h4>\n<p>Poich\u00e9 la grafite \u00e8 autolubrificante, la manutenzione di queste boccole sar\u00e0 meno frequente. In questo modo si riducono i tempi di inattivit\u00e0 e i costi di lavoro.<\/p>\n<h4>Economicamente vantaggioso<\/h4>\n<p>Le boccole in grafite sono in genere sinonimo di caratteristiche avanzate e maggiori vantaggi, ma spesso sono meno costose di altri materiali. Inoltre, riducono al minimo le spese di manutenzione, non necessitano di lubrificanti ausiliari e hanno una lunga durata.<\/p>\n<h4>Prestazioni affidabili<\/h4>\n<p>Le boccole in grafite si comportano allo stesso modo per tutta la durata del cuscinetto. Affidatevi a loro in condizioni difficili perch\u00e9 resistono alle alte temperature, alla corrosione e riducono al minimo l'attrito.<\/p>\n<h2>Applicazioni<\/h2>\n<h4>Industria automobilistica<\/h4>\n<p>Le boccole in grafite sono diventate molto popolari nell'industria automobilistica. Vengono utilizzate per parti del motore, sistemi di sospensione e sterzo. Per questo motivo, sono un componente fondamentale per le applicazioni automobilistiche, in quanto resistenti alle alte temperature e altamente durevoli.<\/p>\n<h4>Impianti chimici<\/h4>\n<p>Le boccole in grafite si trovano nelle pompe, nelle valvole e nelle apparecchiature utilizzate negli impianti chimici. La resistenza alla corrosione \u00e8 importante nelle aree in cui sono presenti sostanze chimiche. Per questo motivo, \u00e8 abbastanza resistente da sopportare le condizioni pi\u00f9 difficili.<\/p>\n<h4>Aerospaziale<\/h4>\n<p>Sono stati utilizzati anche nell'industria aerospaziale per componenti ad alta sollecitazione, come motori, carrelli di atterraggio e altre parti. Inoltre, le applicazioni dell'aviazione sono ideali per la leggerezza e la resistenza al calore di questi componenti.<\/p>\n<h4>Pompe e valvole<\/h4>\n<p>Le boccole in grafite sono spesso utilizzate nelle pompe e nelle valvole per ridurre l'attrito. Ci\u00f2 le rende ideali non solo per questi sistemi, in quanto non necessitano di lubrificazione aggiuntiva, ma anche quando le prestazioni devono essere affidabili e costanti.<\/p>\n<h2>Tipi di boccole in grafite<\/h2>\n<h4>Boccole in bronzo e grafite<\/h4>\n<p>In questo tipo di boccole, il bronzo e la grafite si combinano bene. Il prodotto finale \u00e8 un materiale che resiste a carichi elevati e condizioni difficili. Sono comunemente utilizzate nelle attrezzature pesanti.<\/p>\n<h4>Boccole in carbonio e grafite<\/h4>\n<p>Produzione di boccole in carbonio <a href=\"https:\/\/jinsuncarbon.com\/it\/cose-la-grafite-stampata\/\">grafite<\/a> che hanno una buona resistenza all'usura e un basso attrito. Sono spesso impiegati in applicazioni industriali che richiedono tenacit\u00e0 e prestazioni elevate.<\/p>\n<h4>Boccole in grafite e rame<\/h4>\n<p>Le propriet\u00e0 di conduzione elettrica del rame e le propriet\u00e0 meccaniche di lubrificazione della grafite sono sfruttate. Pertanto, queste boccole sono le pi\u00f9 adatte per le applicazioni che richiedono la dissipazione del calore e l'autolubrificazione.<\/p>\n<h4>Boccole in grafite impregnata<\/h4>\n<p>Al fine di migliorare le loro prestazioni, l'olio o altri <a href=\"https:\/\/www.sciencedirect.com\/topics\/earth-and-planetary-sciences\/lubricant#:~:text=A%20lubricant%20is%20a%20substance,operation%20of%20engines%20and%20machinery.\" target=\"_blank\" rel=\"noopener\">lubrificanti<\/a> sono impregnati di queste boccole. Le boccole sono molto resistenti e sono comuni nelle apparecchiature ad alte prestazioni.<\/p>\n<h2>Vantaggi<\/h2>\n<h4>Lunga durata di vita<\/h4>\n<p>Poich\u00e9 la grafite \u00e8 un materiale naturalmente autolubrificante, una volta che la boccola \u00e8 stata installata in modo appropriato, di solito dura anche pi\u00f9 a lungo. Sono resistenti all'usura e alla corrosione. Resistono alle alte temperature. Per questo motivo, hanno una durata maggiore rispetto alla maggior parte degli altri tipi di cuscinetti.<\/p>\n<h4>Sicurezza<\/h4>\n<p>Le boccole in grafite consentono di ridurre i guasti all'interno delle apparecchiature. Grazie alla loro elevata tolleranza alla temperatura e al basso attrito, contribuiscono a mantenere un funzionamento regolare dei macchinari, evitando guasti improvvisi. Pertanto, questo rende pi\u00f9 sicure tutte le operazioni.<\/p>\n<h4>Versatilit\u00e0<\/h4>\n<p>Le boccole in grafite possiedono tutte queste propriet\u00e0 e possono essere utilizzate in molti tipi di industria. Sono in grado di gestire tutte le esigenze del settore industriale, sia esso automobilistico, aerospaziale o chimico. Possono essere realizzate su misura per molte applicazioni grazie al loro design personalizzato.<\/p>\n<p>&nbsp;<\/p>","protected":false},"excerpt":{"rendered":"<p>La boccola in grafite \u00e8 una sorta di manicotto per cuscinetti realizzato in grafite come materiale principale. Possiede molte eccellenti propriet\u00e0 dei materiali di grafite, come l'autolubrificazione, la resistenza alle alte temperature, la resistenza alla corrosione, la leggerezza e l'elevata conducibilit\u00e0 termica. Queste caratteristiche rendono le boccole in grafite ampiamente utilizzate in molti settori industriali.<\/p>","protected":false},"featured_media":6603,"template":"","meta":[],"product_brand":[],"product_cat":[38],"product_tag":[],"class_list":{"0":"post-6600","1":"product","2":"type-product","3":"status-publish","4":"has-post-thumbnail","6":"product_cat-graphite-products","8":"first","9":"instock","10":"shipping-taxable","11":"product-type-simple"},"yoast_head":"<!-- This site is optimized with the Yoast SEO Premium plugin v19.2.1 (Yoast SEO v25.3) - https:\/\/yoast.com\/wordpress\/plugins\/seo\/ -->\n<title>Graphite Bushings Manufacturer | Jinsun Carbon<\/title>\n<meta name=\"description\" content=\"Graphite bushings is a kind of bearing sleeve made of graphite as the main material. It has many excellent properties of graphite materials.\" \/>\n<meta name=\"robots\" content=\"index, follow, max-snippet:-1, max-image-preview:large, max-video-preview:-1\" \/>\n<link rel=\"canonical\" href=\"https:\/\/jinsuncarbon.com\/it\/prodotto\/boccole-in-grafite\/\" \/>\n<meta property=\"og:locale\" content=\"it_IT\" \/>\n<meta property=\"og:type\" content=\"article\" \/>\n<meta property=\"og:title\" content=\"Graphite Bushings\" \/>\n<meta property=\"og:description\" content=\"Graphite bushings is a kind of bearing sleeve made of graphite as the main material. It has many excellent properties of graphite materials.\" \/>\n<meta property=\"og:url\" content=\"https:\/\/jinsuncarbon.com\/it\/prodotto\/boccole-in-grafite\/\" \/>\n<meta property=\"og:site_name\" content=\"Jinsun Carbon\" \/>\n<meta property=\"article:publisher\" content=\"https:\/\/www.facebook.com\/Graphite-Electrode-109336238661595\" \/>\n<meta property=\"article:modified_time\" content=\"2024-11-13T15:23:29+00:00\" \/>\n<meta property=\"og:image\" content=\"https:\/\/jinsuncarbon.com\/wp-content\/uploads\/2024\/11\/Graphite-Bushings-.jpg\" \/>\n\t<meta property=\"og:image:width\" content=\"1024\" \/>\n\t<meta property=\"og:image:height\" content=\"763\" \/>\n\t<meta property=\"og:image:type\" content=\"image\/jpeg\" \/>\n<meta name=\"twitter:card\" content=\"summary_large_image\" \/>\n<meta name=\"twitter:site\" content=\"@jinsuncarbon_\" \/>\n<meta name=\"twitter:label1\" content=\"Tempo di lettura stimato\" \/>\n\t<meta name=\"twitter:data1\" content=\"4 minuti\" \/>\n<script type=\"application\/ld+json\" class=\"yoast-schema-graph\">{\"@context\":\"https:\/\/schema.org\",\"@graph\":[{\"@type\":\"WebPage\",\"@id\":\"https:\/\/jinsuncarbon.com\/product\/graphite-bushings\/\",\"url\":\"https:\/\/jinsuncarbon.com\/product\/graphite-bushings\/\",\"name\":\"Graphite Bushings Manufacturer | Jinsun Carbon\",\"isPartOf\":{\"@id\":\"https:\/\/jinsuncarbon.com\/#website\"},\"primaryImageOfPage\":{\"@id\":\"https:\/\/jinsuncarbon.com\/product\/graphite-bushings\/#primaryimage\"},\"image\":{\"@id\":\"https:\/\/jinsuncarbon.com\/product\/graphite-bushings\/#primaryimage\"},\"thumbnailUrl\":\"https:\/\/jinsuncarbon.com\/wp-content\/uploads\/2024\/11\/Graphite-Bushings-.jpg\",\"datePublished\":\"2024-11-13T15:15:13+00:00\",\"dateModified\":\"2024-11-13T15:23:29+00:00\",\"description\":\"Graphite bushings is a kind of bearing sleeve made of graphite as the main material. It has many excellent properties of graphite materials.\",\"breadcrumb\":{\"@id\":\"https:\/\/jinsuncarbon.com\/product\/graphite-bushings\/#breadcrumb\"},\"inLanguage\":\"it-IT\",\"potentialAction\":[{\"@type\":\"ReadAction\",\"target\":[\"https:\/\/jinsuncarbon.com\/product\/graphite-bushings\/\"]}]},{\"@type\":\"ImageObject\",\"inLanguage\":\"it-IT\",\"@id\":\"https:\/\/jinsuncarbon.com\/product\/graphite-bushings\/#primaryimage\",\"url\":\"https:\/\/jinsuncarbon.com\/wp-content\/uploads\/2024\/11\/Graphite-Bushings-.jpg\",\"contentUrl\":\"https:\/\/jinsuncarbon.com\/wp-content\/uploads\/2024\/11\/Graphite-Bushings-.jpg\",\"width\":1024,\"height\":763,\"caption\":\"Graphite Bushings\"},{\"@type\":\"BreadcrumbList\",\"@id\":\"https:\/\/jinsuncarbon.com\/product\/graphite-bushings\/#breadcrumb\",\"itemListElement\":[{\"@type\":\"ListItem\",\"position\":1,\"name\":\"Home\",\"item\":\"https:\/\/jinsuncarbon.com\/\"},{\"@type\":\"ListItem\",\"position\":2,\"name\":\"Products\",\"item\":\"https:\/\/jinsuncarbon.com\/graphite-carbon\/\"},{\"@type\":\"ListItem\",\"position\":3,\"name\":\"Graphite Bushings\"}]},{\"@type\":\"WebSite\",\"@id\":\"https:\/\/jinsuncarbon.com\/#website\",\"url\":\"https:\/\/jinsuncarbon.com\/\",\"name\":\"Jinsun Carbon\",\"description\":\"We are the successful graphite electrode manufacturer in China\",\"publisher\":{\"@id\":\"https:\/\/jinsuncarbon.com\/#organization\"},\"potentialAction\":[{\"@type\":\"SearchAction\",\"target\":{\"@type\":\"EntryPoint\",\"urlTemplate\":\"https:\/\/jinsuncarbon.com\/?s={search_term_string}\"},\"query-input\":{\"@type\":\"PropertyValueSpecification\",\"valueRequired\":true,\"valueName\":\"search_term_string\"}}],\"inLanguage\":\"it-IT\"},{\"@type\":\"Organization\",\"@id\":\"https:\/\/jinsuncarbon.com\/#organization\",\"name\":\"Jinsun Carbon\",\"alternateName\":\"Jinsun Carbon\",\"url\":\"https:\/\/jinsuncarbon.com\/\",\"logo\":{\"@type\":\"ImageObject\",\"inLanguage\":\"it-IT\",\"@id\":\"https:\/\/jinsuncarbon.com\/#\/schema\/logo\/image\/\",\"url\":\"https:\/\/jinsuncarbon.com\/wp-content\/uploads\/2022\/12\/LOGO-1.png\",\"contentUrl\":\"https:\/\/jinsuncarbon.com\/wp-content\/uploads\/2022\/12\/LOGO-1.png\",\"width\":207,\"height\":80,\"caption\":\"Jinsun Carbon\"},\"image\":{\"@id\":\"https:\/\/jinsuncarbon.com\/#\/schema\/logo\/image\/\"},\"sameAs\":[\"https:\/\/www.facebook.com\/Graphite-Electrode-109336238661595\",\"https:\/\/x.com\/jinsuncarbon_\",\"https:\/\/www.linkedin.com\/in\/jinsungraphite\",\"https:\/\/www.youtube.com\/channel\/UCysDNyvyR5-3cCWEmpkVC0g\"]}]}<\/script>\n<!-- \/ Yoast SEO Premium plugin. -->","yoast_head_json":{"title":"Boccole di grafite Fornitore | Jinsun Carbon","description":"Le boccole in grafite sono una sorta di manicotto per cuscinetti realizzato in grafite come materiale principale. Presenta molte propriet\u00e0 eccellenti dei materiali in grafite.","robots":{"index":"index","follow":"follow","max-snippet":"max-snippet:-1","max-image-preview":"max-image-preview:large","max-video-preview":"max-video-preview:-1"},"canonical":"https:\/\/jinsuncarbon.com\/it\/prodotto\/boccole-in-grafite\/","og_locale":"it_IT","og_type":"article","og_title":"Graphite Bushings","og_description":"Graphite bushings is a kind of bearing sleeve made of graphite as the main material. It has many excellent properties of graphite materials.","og_url":"https:\/\/jinsuncarbon.com\/it\/prodotto\/boccole-in-grafite\/","og_site_name":"Jinsun Carbon","article_publisher":"https:\/\/www.facebook.com\/Graphite-Electrode-109336238661595","article_modified_time":"2024-11-13T15:23:29+00:00","og_image":[{"width":1024,"height":763,"url":"https:\/\/jinsuncarbon.com\/wp-content\/uploads\/2024\/11\/Graphite-Bushings-.jpg","type":"image\/jpeg"}],"twitter_card":"summary_large_image","twitter_site":"@jinsuncarbon_","twitter_misc":{"Tempo di lettura stimato":"4 minuti"},"schema":{"@context":"https:\/\/schema.org","@graph":[{"@type":"WebPage","@id":"https:\/\/jinsuncarbon.com\/product\/graphite-bushings\/","url":"https:\/\/jinsuncarbon.com\/product\/graphite-bushings\/","name":"Boccole di grafite Fornitore | Jinsun Carbon","isPartOf":{"@id":"https:\/\/jinsuncarbon.com\/#website"},"primaryImageOfPage":{"@id":"https:\/\/jinsuncarbon.com\/product\/graphite-bushings\/#primaryimage"},"image":{"@id":"https:\/\/jinsuncarbon.com\/product\/graphite-bushings\/#primaryimage"},"thumbnailUrl":"https:\/\/jinsuncarbon.com\/wp-content\/uploads\/2024\/11\/Graphite-Bushings-.jpg","datePublished":"2024-11-13T15:15:13+00:00","dateModified":"2024-11-13T15:23:29+00:00","description":"Le boccole in grafite sono una sorta di manicotto per cuscinetti realizzato in grafite come materiale principale. Presenta molte propriet\u00e0 eccellenti dei materiali in grafite.","breadcrumb":{"@id":"https:\/\/jinsuncarbon.com\/product\/graphite-bushings\/#breadcrumb"},"inLanguage":"it-IT","potentialAction":[{"@type":"ReadAction","target":["https:\/\/jinsuncarbon.com\/product\/graphite-bushings\/"]}]},{"@type":"ImageObject","inLanguage":"it-IT","@id":"https:\/\/jinsuncarbon.com\/product\/graphite-bushings\/#primaryimage","url":"https:\/\/jinsuncarbon.com\/wp-content\/uploads\/2024\/11\/Graphite-Bushings-.jpg","contentUrl":"https:\/\/jinsuncarbon.com\/wp-content\/uploads\/2024\/11\/Graphite-Bushings-.jpg","width":1024,"height":763,"caption":"Graphite Bushings"},{"@type":"BreadcrumbList","@id":"https:\/\/jinsuncarbon.com\/product\/graphite-bushings\/#breadcrumb","itemListElement":[{"@type":"ListItem","position":1,"name":"Home","item":"https:\/\/jinsuncarbon.com\/"},{"@type":"ListItem","position":2,"name":"Products","item":"https:\/\/jinsuncarbon.com\/graphite-carbon\/"},{"@type":"ListItem","position":3,"name":"Graphite Bushings"}]},{"@type":"WebSite","@id":"https:\/\/jinsuncarbon.com\/#website","url":"https:\/\/jinsuncarbon.com\/","name":"Jinsun Carbon","description":"Siamo il produttore di elettrodi di grafite di successo in Cina","publisher":{"@id":"https:\/\/jinsuncarbon.com\/#organization"},"potentialAction":[{"@type":"SearchAction","target":{"@type":"EntryPoint","urlTemplate":"https:\/\/jinsuncarbon.com\/?s={search_term_string}"},"query-input":{"@type":"PropertyValueSpecification","valueRequired":true,"valueName":"search_term_string"}}],"inLanguage":"it-IT"},{"@type":"Organization","@id":"https:\/\/jinsuncarbon.com\/#organization","name":"Jinsun Carbon","alternateName":"Jinsun Carbon","url":"https:\/\/jinsuncarbon.com\/","logo":{"@type":"ImageObject","inLanguage":"it-IT","@id":"https:\/\/jinsuncarbon.com\/#\/schema\/logo\/image\/","url":"https:\/\/jinsuncarbon.com\/wp-content\/uploads\/2022\/12\/LOGO-1.png","contentUrl":"https:\/\/jinsuncarbon.com\/wp-content\/uploads\/2022\/12\/LOGO-1.png","width":207,"height":80,"caption":"Jinsun Carbon"},"image":{"@id":"https:\/\/jinsuncarbon.com\/#\/schema\/logo\/image\/"},"sameAs":["https:\/\/www.facebook.com\/Graphite-Electrode-109336238661595","https:\/\/x.com\/jinsuncarbon_","https:\/\/www.linkedin.com\/in\/jinsungraphite","https:\/\/www.youtube.com\/channel\/UCysDNyvyR5-3cCWEmpkVC0g"]}]}},"_links":{"self":[{"href":"https:\/\/jinsuncarbon.com\/it\/wp-json\/wp\/v2\/product\/6600","targetHints":{"allow":["GET"]}}],"collection":[{"href":"https:\/\/jinsuncarbon.com\/it\/wp-json\/wp\/v2\/product"}],"about":[{"href":"https:\/\/jinsuncarbon.com\/it\/wp-json\/wp\/v2\/types\/product"}],"wp:featuredmedia":[{"embeddable":true,"href":"https:\/\/jinsuncarbon.com\/it\/wp-json\/wp\/v2\/media\/6603"}],"wp:attachment":[{"href":"https:\/\/jinsuncarbon.com\/it\/wp-json\/wp\/v2\/media?parent=6600"}],"wp:term":[{"taxonomy":"product_brand","embeddable":true,"href":"https:\/\/jinsuncarbon.com\/it\/wp-json\/wp\/v2\/product_brand?post=6600"},{"taxonomy":"product_cat","embeddable":true,"href":"https:\/\/jinsuncarbon.com\/it\/wp-json\/wp\/v2\/product_cat?post=6600"},{"taxonomy":"product_tag","embeddable":true,"href":"https:\/\/jinsuncarbon.com\/it\/wp-json\/wp\/v2\/product_tag?post=6600"}],"curies":[{"name":"wp","href":"https:\/\/api.w.org\/{rel}","templated":true}]}}