{"id":6578,"date":"2024-11-10T11:38:01","date_gmt":"2024-11-10T11:38:01","guid":{"rendered":"https:\/\/jinsuncarbon.com\/?post_type=product&#038;p=6578"},"modified":"2025-01-15T07:20:24","modified_gmt":"2025-01-15T07:20:24","slug":"anello-in-grafite","status":"publish","type":"product","link":"https:\/\/jinsuncarbon.com\/it\/prodotto\/anello-in-grafite\/","title":{"rendered":"Anello di grafite"},"content":{"rendered":"<h2>Cosa sono gli anelli di grafite?<\/h2>\n<p>Gli anelli di grafite sono componenti di trasmissione fondamentali per molte applicazioni industriali. Sono costruiti con materiali di grafite di carbonio stabili e ad alta resistenza. In genere, questi anelli sono utilizzati per formare guarnizioni strette in vari tipi di macchinari. Ci\u00f2 consente loro di sopravvivere a temperature e pressioni estreme, rendendoli adatti a luoghi con ambienti difficili.<\/p>\n<h2>Tipi<\/h2>\n<h3>Anelli in grafite pura<\/h3>\n<p>La grafite 100% ci offre anelli di grafite pura. Hanno una grande resistenza agli agenti chimici e al calore. Utilizzateli quando avete bisogno dei massimi livelli di purezza.<\/p>\n<h3>Anelli di grafite espansa<\/h3>\n<p>Anelli di grafite espansa leggeri e flessibili. Si originano dall'espansione di <a href=\"https:\/\/jinsuncarbon.com\/it\/prodotto\/graphite-flakes\/\">fiocchi di grafite<\/a>. Questa forma \u00e8 ideale per le sigillature soggette a cicli termici.<\/p>\n<h3>Anelli flessibili in grafite<\/h3>\n<p>Si conformano facilmente alla superficie imprimendo tutta la loro coppia. Questo tipo di guarnizione \u00e8 a tenuta e risponde alle variazioni di temperatura. Ci\u00f2 le rende adatte a sistemi complessi.<\/p>\n<h3>Anelli in grafite pressofusa<\/h3>\n<p>La compressione ad alta pressione della grafite forma gli anelli pressofusi. Durante questo processo vengono modellati e dimensionati perfettamente. Sono utili per applicazioni di tenuta precise.<\/p>\n<p>&nbsp;<\/p>\n<figure id=\"attachment_6728\" aria-describedby=\"caption-attachment-6728\" style=\"width: 2404px\" class=\"wp-caption alignnone\"><img fetchpriority=\"high\" decoding=\"async\" class=\"wp-image-6728 size-full\" src=\"https:\/\/jinsuncarbon.com\/wp-content\/uploads\/2024\/11\/High-Purity-Graphite-Seal-Ring-Flexible-graphite-packing-ringGraphite-gasket-ringReinforced-Graphite-Seal-Ring.jpg\" alt=\"Anello di tenuta in grafite di elevata purezza |Anello di imballaggio in grafite flessibile|Anello di guarnizione in grafite|Anello di tenuta in grafite rinforzato\" width=\"2404\" height=\"873\" srcset=\"https:\/\/jinsuncarbon.com\/wp-content\/uploads\/2024\/11\/High-Purity-Graphite-Seal-Ring-Flexible-graphite-packing-ringGraphite-gasket-ringReinforced-Graphite-Seal-Ring.jpg 2404w, https:\/\/jinsuncarbon.com\/wp-content\/uploads\/2024\/11\/High-Purity-Graphite-Seal-Ring-Flexible-graphite-packing-ringGraphite-gasket-ringReinforced-Graphite-Seal-Ring-300x109.jpg 300w, https:\/\/jinsuncarbon.com\/wp-content\/uploads\/2024\/11\/High-Purity-Graphite-Seal-Ring-Flexible-graphite-packing-ringGraphite-gasket-ringReinforced-Graphite-Seal-Ring-1024x372.jpg 1024w, https:\/\/jinsuncarbon.com\/wp-content\/uploads\/2024\/11\/High-Purity-Graphite-Seal-Ring-Flexible-graphite-packing-ringGraphite-gasket-ringReinforced-Graphite-Seal-Ring-768x279.jpg 768w, https:\/\/jinsuncarbon.com\/wp-content\/uploads\/2024\/11\/High-Purity-Graphite-Seal-Ring-Flexible-graphite-packing-ringGraphite-gasket-ringReinforced-Graphite-Seal-Ring-1536x558.jpg 1536w, https:\/\/jinsuncarbon.com\/wp-content\/uploads\/2024\/11\/High-Purity-Graphite-Seal-Ring-Flexible-graphite-packing-ringGraphite-gasket-ringReinforced-Graphite-Seal-Ring-2048x744.jpg 2048w, https:\/\/jinsuncarbon.com\/wp-content\/uploads\/2024\/11\/High-Purity-Graphite-Seal-Ring-Flexible-graphite-packing-ringGraphite-gasket-ringReinforced-Graphite-Seal-Ring-18x7.jpg 18w, https:\/\/jinsuncarbon.com\/wp-content\/uploads\/2024\/11\/High-Purity-Graphite-Seal-Ring-Flexible-graphite-packing-ringGraphite-gasket-ringReinforced-Graphite-Seal-Ring-600x218.jpg 600w\" sizes=\"(max-width: 2404px) 100vw, 2404px\" \/><figcaption id=\"caption-attachment-6728\" class=\"wp-caption-text\">Anello di tenuta in grafite di elevata purezza | Anello di imballaggio in grafite flessibile | Anello di tenuta in grafite rinforzato<\/figcaption><\/figure>\n<p>&nbsp;<\/p>\n<h2>Caratteristiche<\/h2>\n<h3>Alta resistenza al calore<\/h3>\n<p>Anelli in grafite per alte temperature fino a 2300 gradi centigradi. Non bruciano anche ad alta temperatura. Non si sciolgono e non perdono forza.<\/p>\n<h3>Buona resistenza agli agenti chimici<\/h3>\n<p>Molti prodotti chimici non sono influenzati dagli anelli di grafite. Non si degradano in presenza di acidi e alcali. Questa propriet\u00e0 garantisce buone prestazioni nella chimica difficile.<\/p>\n<h3>Autolubrificazione<\/h3>\n<p>Gli anelli di grafite sono autolubrificanti. Senza richiedere una lubrificazione supplementare, possono ridurre l'usura. Ci\u00f2 consente di risparmiare tempo e fatica.<\/p>\n<h3>Basso attrito<\/h3>\n<p>Il quarto \u00e8 il basso attrito, che sembra abbastanza ovvio. Questi anelli riducono le perdite di energia percepite nei componenti in movimento. Questo aiuta a sfruttare l'efficienza.<\/p>\n<h3>Flessibilit\u00e0<\/h3>\n<p>Gli anelli di grafite sono flessibili. Si possono infilare in piccoli punti e si adattano a varie superfici. In questo modo si ottiene una buona tenuta.<\/p>\n<h2>Usi degli anelli di grafite<\/h2>\n<h3>Tenuta nelle valvole<\/h3>\n<p>Anelli di grafite come guarnizioni delle valvole. Consentono solo un blocco stretto per evitare perdite. Vengono spesso utilizzati in applicazioni con valvole ad alta temperatura.<\/p>\n<h3>Pompe<\/h3>\n<p>Sono molto utilizzati anche nelle pompe. Si adattano bene alle parti in movimento, per via della<a href=\"https:\/\/jinsuncarbon.com\/it\/prodotto\/materiale-in-grafite\/\"> materiale in grafite<\/a>. In questo modo si riduce al minimo l'attrito e si mantiene il funzionamento regolare della pompa.<\/p>\n<h3>Apparecchiature rotanti<\/h3>\n<p>Gli anelli di grafite sono comunemente utilizzati per le apparecchiature rotanti. Anche in presenza di parti in movimento, hanno una tenuta ermetica. Questo li rende adatti a compressori e turbine.<\/p>\n<h3>Scambiatori di calore<\/h3>\n<p>Gli scambiatori di calore in cui le guarnizioni devono essere affidabili, soprattutto in caso di temperature e pressioni elevate. Queste condizioni vengono mantenute con l'aiuto dell'anello di grafite. Hanno una buona resistenza al calore e flessibilit\u00e0 di adattamento.<\/p>\n<p>&nbsp;<\/p>\n<h2>Vantaggi<\/h2>\n<h3>Tolleranza alla temperatura<\/h3>\n<p>Gli anelli di grafite possono sopportare temperature estremamente basse e molto elevate. Questo li rende ideali per un gran numero di applicazioni industriali. Possono essere utilizzati in qualsiasi condizione climatica.<\/p>\n<h3>Compatibilit\u00e0 chimica<\/h3>\n<p>Ci\u00f2 significa che gli anelli di grafite sono compatibili con un'ampia gamma di materiali. Per questo motivo, non dovrebbero presentare interazioni deleterie con la maggior parte dei fluidi industriali. Possono essere utilizzati senza problemi in quasi tutti gli ambienti.<\/p>\n<h3>Durata<\/h3>\n<p>Gli anelli in grafite sono resistenti. Sono in grado di eccellere in situazioni di alta pressione e in ambienti avversi. Ci\u00f2 significa che non \u00e8 necessario sostituirli pi\u00f9 di tanto, il che \u00e8 economicamente vantaggioso nel lungo periodo.<\/p>\n<h3>Adattabilit\u00e0<\/h3>\n<p>Questi anelli sono molto versatili. Sono adatti a diversi tipi di dispositivi. Questi anelli di grafite possono essere adattati a lavori specifici, che si tratti di pompe, valvole o ingranaggi di rotazione.<\/p>\n<h3>Bassa manutenzione<\/h3>\n<p>Per quanto riguarda la manutenzione, gli anelli in grafite ne richiedono poca o nessuna. Hanno la capacit\u00e0 di <a href=\"https:\/\/www.merriam-webster.com\/dictionary\/self-lubricating\" target=\"_blank\" rel=\"noopener\">autolubrificante<\/a>e come tali richiedono una manutenzione minima. Questo vi aiuter\u00e0 a risparmiare tempo ed energia.<\/p>","protected":false},"excerpt":{"rendered":"<p>L'anello di grafite \u00e8 un materiale a forma di anello resistente alle alte temperature che pu\u00f2 essere lavorato in diverse dimensioni. I suoi vantaggi sono l'autolubrificazione, la resistenza alla corrosione e la facilit\u00e0 di lavorazione. Gli anelli di grafite al carbonio Jinsun sono di vari tipi, sia che si tratti di anelli di tenuta in grafite, di anelli di imballaggio in grafite o di anelli di guarnizione in grafite. Questi anelli possono soddisfare le diverse esigenze industriali.<\/p>","protected":false},"featured_media":6585,"template":"","meta":[],"product_brand":[],"product_cat":[38],"product_tag":[],"class_list":{"0":"post-6578","1":"product","2":"type-product","3":"status-publish","4":"has-post-thumbnail","6":"product_cat-graphite-products","8":"first","9":"instock","10":"shipping-taxable","11":"product-type-simple"},"yoast_head":"<!-- This site is optimized with the Yoast SEO Premium plugin v19.2.1 (Yoast SEO v25.3) - https:\/\/yoast.com\/wordpress\/plugins\/seo\/ -->\n<title>Graphite Ring Manufacturer | Jinsun Carbon<\/title>\n<meta name=\"description\" content=\"Graphite ring is a high temperature resistant ring-shaped graphite material that can be processed into different sizes.\" \/>\n<meta name=\"robots\" content=\"index, follow, max-snippet:-1, max-image-preview:large, max-video-preview:-1\" \/>\n<link rel=\"canonical\" href=\"https:\/\/jinsuncarbon.com\/it\/prodotto\/anello-in-grafite\/\" \/>\n<meta property=\"og:locale\" content=\"it_IT\" \/>\n<meta property=\"og:type\" content=\"article\" \/>\n<meta property=\"og:title\" content=\"Graphite Ring\" \/>\n<meta property=\"og:description\" content=\"Graphite ring is a high temperature resistant ring-shaped graphite material that can be processed into different sizes.\" \/>\n<meta property=\"og:url\" content=\"https:\/\/jinsuncarbon.com\/it\/prodotto\/anello-in-grafite\/\" \/>\n<meta property=\"og:site_name\" content=\"Jinsun Carbon\" \/>\n<meta property=\"article:publisher\" content=\"https:\/\/www.facebook.com\/Graphite-Electrode-109336238661595\" \/>\n<meta property=\"article:modified_time\" content=\"2025-01-15T07:20:24+00:00\" \/>\n<meta property=\"og:image\" content=\"https:\/\/jinsuncarbon.com\/wp-content\/uploads\/2024\/11\/Graphite-Ring.jpg\" \/>\n\t<meta property=\"og:image:width\" content=\"1024\" \/>\n\t<meta property=\"og:image:height\" content=\"763\" \/>\n\t<meta property=\"og:image:type\" content=\"image\/jpeg\" \/>\n<meta name=\"twitter:card\" content=\"summary_large_image\" \/>\n<meta name=\"twitter:site\" content=\"@jinsuncarbon_\" \/>\n<meta name=\"twitter:label1\" content=\"Tempo di lettura stimato\" \/>\n\t<meta name=\"twitter:data1\" content=\"4 minuti\" \/>\n<script type=\"application\/ld+json\" class=\"yoast-schema-graph\">{\"@context\":\"https:\/\/schema.org\",\"@graph\":[{\"@type\":\"WebPage\",\"@id\":\"https:\/\/jinsuncarbon.com\/product\/graphite-ring\/\",\"url\":\"https:\/\/jinsuncarbon.com\/product\/graphite-ring\/\",\"name\":\"Graphite Ring Manufacturer | Jinsun Carbon\",\"isPartOf\":{\"@id\":\"https:\/\/jinsuncarbon.com\/#website\"},\"primaryImageOfPage\":{\"@id\":\"https:\/\/jinsuncarbon.com\/product\/graphite-ring\/#primaryimage\"},\"image\":{\"@id\":\"https:\/\/jinsuncarbon.com\/product\/graphite-ring\/#primaryimage\"},\"thumbnailUrl\":\"https:\/\/jinsuncarbon.com\/wp-content\/uploads\/2024\/11\/Graphite-Ring.jpg\",\"datePublished\":\"2024-11-10T11:38:01+00:00\",\"dateModified\":\"2025-01-15T07:20:24+00:00\",\"description\":\"Graphite ring is a high temperature resistant ring-shaped graphite material that can be processed into different sizes.\",\"breadcrumb\":{\"@id\":\"https:\/\/jinsuncarbon.com\/product\/graphite-ring\/#breadcrumb\"},\"inLanguage\":\"it-IT\",\"potentialAction\":[{\"@type\":\"ReadAction\",\"target\":[\"https:\/\/jinsuncarbon.com\/product\/graphite-ring\/\"]}]},{\"@type\":\"ImageObject\",\"inLanguage\":\"it-IT\",\"@id\":\"https:\/\/jinsuncarbon.com\/product\/graphite-ring\/#primaryimage\",\"url\":\"https:\/\/jinsuncarbon.com\/wp-content\/uploads\/2024\/11\/Graphite-Ring.jpg\",\"contentUrl\":\"https:\/\/jinsuncarbon.com\/wp-content\/uploads\/2024\/11\/Graphite-Ring.jpg\",\"width\":1024,\"height\":763,\"caption\":\"graphite ring manufacturer\"},{\"@type\":\"BreadcrumbList\",\"@id\":\"https:\/\/jinsuncarbon.com\/product\/graphite-ring\/#breadcrumb\",\"itemListElement\":[{\"@type\":\"ListItem\",\"position\":1,\"name\":\"Home\",\"item\":\"https:\/\/jinsuncarbon.com\/\"},{\"@type\":\"ListItem\",\"position\":2,\"name\":\"Products\",\"item\":\"https:\/\/jinsuncarbon.com\/graphite-carbon\/\"},{\"@type\":\"ListItem\",\"position\":3,\"name\":\"Graphite Ring\"}]},{\"@type\":\"WebSite\",\"@id\":\"https:\/\/jinsuncarbon.com\/#website\",\"url\":\"https:\/\/jinsuncarbon.com\/\",\"name\":\"Jinsun Carbon\",\"description\":\"We are the successful graphite electrode manufacturer in China\",\"publisher\":{\"@id\":\"https:\/\/jinsuncarbon.com\/#organization\"},\"potentialAction\":[{\"@type\":\"SearchAction\",\"target\":{\"@type\":\"EntryPoint\",\"urlTemplate\":\"https:\/\/jinsuncarbon.com\/?s={search_term_string}\"},\"query-input\":{\"@type\":\"PropertyValueSpecification\",\"valueRequired\":true,\"valueName\":\"search_term_string\"}}],\"inLanguage\":\"it-IT\"},{\"@type\":\"Organization\",\"@id\":\"https:\/\/jinsuncarbon.com\/#organization\",\"name\":\"Jinsun Carbon\",\"alternateName\":\"Jinsun Carbon\",\"url\":\"https:\/\/jinsuncarbon.com\/\",\"logo\":{\"@type\":\"ImageObject\",\"inLanguage\":\"it-IT\",\"@id\":\"https:\/\/jinsuncarbon.com\/#\/schema\/logo\/image\/\",\"url\":\"https:\/\/jinsuncarbon.com\/wp-content\/uploads\/2022\/12\/LOGO-1.png\",\"contentUrl\":\"https:\/\/jinsuncarbon.com\/wp-content\/uploads\/2022\/12\/LOGO-1.png\",\"width\":207,\"height\":80,\"caption\":\"Jinsun Carbon\"},\"image\":{\"@id\":\"https:\/\/jinsuncarbon.com\/#\/schema\/logo\/image\/\"},\"sameAs\":[\"https:\/\/www.facebook.com\/Graphite-Electrode-109336238661595\",\"https:\/\/x.com\/jinsuncarbon_\",\"https:\/\/www.linkedin.com\/in\/jinsungraphite\",\"https:\/\/www.youtube.com\/channel\/UCysDNyvyR5-3cCWEmpkVC0g\"]}]}<\/script>\n<!-- \/ Yoast SEO Premium plugin. -->","yoast_head_json":{"title":"Anello di grafite Fornitore | Jinsun Carbon","description":"L'anello di grafite \u00e8 un materiale a forma di anello resistente alle alte temperature che pu\u00f2 essere lavorato in diverse dimensioni.","robots":{"index":"index","follow":"follow","max-snippet":"max-snippet:-1","max-image-preview":"max-image-preview:large","max-video-preview":"max-video-preview:-1"},"canonical":"https:\/\/jinsuncarbon.com\/it\/prodotto\/anello-in-grafite\/","og_locale":"it_IT","og_type":"article","og_title":"Graphite Ring","og_description":"Graphite ring is a high temperature resistant ring-shaped graphite material that can be processed into different sizes.","og_url":"https:\/\/jinsuncarbon.com\/it\/prodotto\/anello-in-grafite\/","og_site_name":"Jinsun Carbon","article_publisher":"https:\/\/www.facebook.com\/Graphite-Electrode-109336238661595","article_modified_time":"2025-01-15T07:20:24+00:00","og_image":[{"width":1024,"height":763,"url":"https:\/\/jinsuncarbon.com\/wp-content\/uploads\/2024\/11\/Graphite-Ring.jpg","type":"image\/jpeg"}],"twitter_card":"summary_large_image","twitter_site":"@jinsuncarbon_","twitter_misc":{"Tempo di lettura stimato":"4 minuti"},"schema":{"@context":"https:\/\/schema.org","@graph":[{"@type":"WebPage","@id":"https:\/\/jinsuncarbon.com\/product\/graphite-ring\/","url":"https:\/\/jinsuncarbon.com\/product\/graphite-ring\/","name":"Anello di grafite Fornitore | Jinsun Carbon","isPartOf":{"@id":"https:\/\/jinsuncarbon.com\/#website"},"primaryImageOfPage":{"@id":"https:\/\/jinsuncarbon.com\/product\/graphite-ring\/#primaryimage"},"image":{"@id":"https:\/\/jinsuncarbon.com\/product\/graphite-ring\/#primaryimage"},"thumbnailUrl":"https:\/\/jinsuncarbon.com\/wp-content\/uploads\/2024\/11\/Graphite-Ring.jpg","datePublished":"2024-11-10T11:38:01+00:00","dateModified":"2025-01-15T07:20:24+00:00","description":"L'anello di grafite \u00e8 un materiale a forma di anello resistente alle alte temperature che pu\u00f2 essere lavorato in diverse dimensioni.","breadcrumb":{"@id":"https:\/\/jinsuncarbon.com\/product\/graphite-ring\/#breadcrumb"},"inLanguage":"it-IT","potentialAction":[{"@type":"ReadAction","target":["https:\/\/jinsuncarbon.com\/product\/graphite-ring\/"]}]},{"@type":"ImageObject","inLanguage":"it-IT","@id":"https:\/\/jinsuncarbon.com\/product\/graphite-ring\/#primaryimage","url":"https:\/\/jinsuncarbon.com\/wp-content\/uploads\/2024\/11\/Graphite-Ring.jpg","contentUrl":"https:\/\/jinsuncarbon.com\/wp-content\/uploads\/2024\/11\/Graphite-Ring.jpg","width":1024,"height":763,"caption":"graphite ring manufacturer"},{"@type":"BreadcrumbList","@id":"https:\/\/jinsuncarbon.com\/product\/graphite-ring\/#breadcrumb","itemListElement":[{"@type":"ListItem","position":1,"name":"Home","item":"https:\/\/jinsuncarbon.com\/"},{"@type":"ListItem","position":2,"name":"Products","item":"https:\/\/jinsuncarbon.com\/graphite-carbon\/"},{"@type":"ListItem","position":3,"name":"Graphite Ring"}]},{"@type":"WebSite","@id":"https:\/\/jinsuncarbon.com\/#website","url":"https:\/\/jinsuncarbon.com\/","name":"Jinsun Carbon","description":"Siamo il produttore di elettrodi di grafite di successo in Cina","publisher":{"@id":"https:\/\/jinsuncarbon.com\/#organization"},"potentialAction":[{"@type":"SearchAction","target":{"@type":"EntryPoint","urlTemplate":"https:\/\/jinsuncarbon.com\/?s={search_term_string}"},"query-input":{"@type":"PropertyValueSpecification","valueRequired":true,"valueName":"search_term_string"}}],"inLanguage":"it-IT"},{"@type":"Organization","@id":"https:\/\/jinsuncarbon.com\/#organization","name":"Jinsun Carbon","alternateName":"Jinsun Carbon","url":"https:\/\/jinsuncarbon.com\/","logo":{"@type":"ImageObject","inLanguage":"it-IT","@id":"https:\/\/jinsuncarbon.com\/#\/schema\/logo\/image\/","url":"https:\/\/jinsuncarbon.com\/wp-content\/uploads\/2022\/12\/LOGO-1.png","contentUrl":"https:\/\/jinsuncarbon.com\/wp-content\/uploads\/2022\/12\/LOGO-1.png","width":207,"height":80,"caption":"Jinsun Carbon"},"image":{"@id":"https:\/\/jinsuncarbon.com\/#\/schema\/logo\/image\/"},"sameAs":["https:\/\/www.facebook.com\/Graphite-Electrode-109336238661595","https:\/\/x.com\/jinsuncarbon_","https:\/\/www.linkedin.com\/in\/jinsungraphite","https:\/\/www.youtube.com\/channel\/UCysDNyvyR5-3cCWEmpkVC0g"]}]}},"_links":{"self":[{"href":"https:\/\/jinsuncarbon.com\/it\/wp-json\/wp\/v2\/product\/6578","targetHints":{"allow":["GET"]}}],"collection":[{"href":"https:\/\/jinsuncarbon.com\/it\/wp-json\/wp\/v2\/product"}],"about":[{"href":"https:\/\/jinsuncarbon.com\/it\/wp-json\/wp\/v2\/types\/product"}],"wp:featuredmedia":[{"embeddable":true,"href":"https:\/\/jinsuncarbon.com\/it\/wp-json\/wp\/v2\/media\/6585"}],"wp:attachment":[{"href":"https:\/\/jinsuncarbon.com\/it\/wp-json\/wp\/v2\/media?parent=6578"}],"wp:term":[{"taxonomy":"product_brand","embeddable":true,"href":"https:\/\/jinsuncarbon.com\/it\/wp-json\/wp\/v2\/product_brand?post=6578"},{"taxonomy":"product_cat","embeddable":true,"href":"https:\/\/jinsuncarbon.com\/it\/wp-json\/wp\/v2\/product_cat?post=6578"},{"taxonomy":"product_tag","embeddable":true,"href":"https:\/\/jinsuncarbon.com\/it\/wp-json\/wp\/v2\/product_tag?post=6578"}],"curies":[{"name":"wp","href":"https:\/\/api.w.org\/{rel}","templated":true}]}}