{"id":6554,"date":"2024-11-07T13:17:13","date_gmt":"2024-11-07T13:17:13","guid":{"rendered":"https:\/\/jinsuncarbon.com\/?post_type=product&#038;p=6554"},"modified":"2025-01-02T10:01:28","modified_gmt":"2025-01-02T10:01:28","slug":"materiale-in-grafite","status":"publish","type":"product","link":"https:\/\/jinsuncarbon.com\/it\/prodotto\/materiale-in-grafite\/","title":{"rendered":"Materiale grafite"},"content":{"rendered":"<h2>Che cos'\u00e8 il materiale grafite<strong>?<\/strong><\/h2>\n<p>La grafite \u00e8 un tipo di carbonio utilizzato per diverse applicazioni. \u00c8 una risorsa naturale di composizione ineguagliabile che pu\u00f2 essere utilizzata per molteplici scopi. La struttura della grafite \u00e8 caratteristica e ne determina le propriet\u00e0. Rispetto ad altri materiali, \u00e8 molto morbida e ha una durezza specifica. In termini semplici, si tratta di atomi di carbonio sotto forma di strati. La grafite \u00e8 costituita da strati impilati in cui gli atomi sono disposti in esagoni. Questo perch\u00e9 questi strati possono scivolare l'uno sull'altro, il che contribuisce a conferire alla grafite le sue caratteristiche di lubrificante. La densit\u00e0 della grafite varia a seconda dei gradi e dei tipi di grafite. Esistono diversi gradi di grafite per applicazioni specifiche e possiedono anche caratteristiche specifiche.<\/p>\n<h2>Caratteristiche<\/h2>\n<p><strong>Alta conducibilit\u00e0 elettrica<\/strong><\/p>\n<p>\u00c8 un eccellente conduttore di elettricit\u00e0 e calore. In molte applicazioni (ad esempio, dove sono necessarie correnti elettriche) il suo uso \u00e8 molto diffuso. La sua formulazione la rende un buon conduttore di elettricit\u00e0. La struttura della grafite permette agli elettroni di muoversi liberamente ed \u00e8 per questo che conduce cos\u00ec bene l'elettricit\u00e0.<\/p>\n<p><strong>Eccellente resistenza al calore<\/strong><\/p>\n<p>La grafite pu\u00f2 resistere a temperature estremamente elevate. Questo \u00e8 ci\u00f2 che la rende cos\u00ec utile per un mercato molto vasto, soprattutto nei settori in cui le qualit\u00e0 di resistenza al calore sono significative. Inoltre, vi stupir\u00e0 l'uso che se ne fa in ambienti in cui il calore provocherebbe la fusione di altri materiali. Per essere trasformato in elettrodi, viene combinato con un legante e carbone frantumato per evitare la rottura ad alte temperature.<\/p>\n<p><strong>Propriet\u00e0 di lubrificazione<\/strong><\/p>\n<p>La grafite \u00e8 anche un lubrificante naturale. Gli strati di atomi della grafite sono in grado di scivolare l'uno sull'altro perch\u00e9 la sovrapposizione tra le connessioni degli elettroni di valenza \u00e8 minima. Questa propriet\u00e0 \u00e8 molto efficace soprattutto nei settori in cui \u00e8 necessario ridurre l'attrito. Il biodiesel viene spesso utilizzato nelle macchine per lubrificare le parti e garantire un movimento fluido.<\/p>\n<p><strong>Stabilit\u00e0 chimica<\/strong><\/p>\n<p>La grafite \u00e8 un materiale chimicamente molto stabile. Non \u00e8 reattiva con tutte le sostanze, tranne alcune, e viene ampiamente utilizzata per gli ambienti corrosivi. Le sue caratteristiche principali sono la resistenza alla corrosione e agli attacchi chimici. Per questo motivo si trova spesso negli impianti chimici.<\/p>\n<h2>Tipi di materiale di grafite<\/h2>\n<p><strong>Grafite stampata<\/strong><\/p>\n<p><strong><b>Grafite stampata<\/b><\/strong>, che si ottiene comprimendo la grafite in polvere in uno stampo. Hanno una densit\u00e0 uniforme e sono utilizzati in molteplici applicazioni. Sono adattabili e possono essere stampati in base alle proprie esigenze. <a href=\"https:\/\/jinsuncarbon.com\/it\/cose-la-grafite-stampata\/\">Grafite stampata<\/a> viene classificato in base alla sua resistenza, alla durezza e ad altre specifiche.<\/p>\n<p><strong>Grafite estrusa<\/strong><\/p>\n<p><strong><b>Grafite estrusa<\/b><\/strong>\u00a0si ottiene forzando la grafite attraverso una matrice. Questa funzionalit\u00e0 ha una struttura particolare in cui \u00e8 specializzata in alcuni compiti. Questa classe \u00e8 leggermente meno densa della grafite stampata. \u00c8 spesso utilizzata in prodotti come aste e tubi, dove la forma del materiale grezzo \u00e8 importante.<\/p>\n<p><strong>Grafite per vibrazioni<\/strong><\/p>\n<p><strong><b>Grafite per vibrazioni<\/b><\/strong>La vibrazione viene utilizzata per formare le particelle di grafite. Ci\u00f2 comporta una densit\u00e0 e una composizione diverse rispetto agli altri tipi. La grafite vibrata viene utilizzata ogni volta che sono richieste specifiche particolari. Viene spesso scelta per la sua economicit\u00e0.<\/p>\n<p><strong>Grafite isostatica<\/strong><\/p>\n<p>Lo scopo principale di <a href=\"https:\/\/jinsuncarbon.com\/it\/cose-la-grafite-isostatica\/\">grafite isostatica<\/a>\u00a0con propriet\u00e0 isotrope e uniformi in tutte le direzioni. La struttura \u00e8 molto fine e gentile. Possono avere anche una densit\u00e0 molto elevata e sono utilizzati soprattutto per tolleranze estremamente strette. \u00c8 la scelta preferita da industrie come quella aerospaziale, grazie alla sua composizione coerente.<\/p>\n<h2>Usi del materiale grafite<\/h2>\n<p><strong>Batterie<\/strong><\/p>\n<p>Uno dei casi di utilizzo pi\u00f9 comuni della grafite \u00e8 quello delle batterie. Si trova negli anodi delle batterie agli ioni di litio. Si tratta di un materiale stabile, solido e con un'elevata conducibilit\u00e0 elettrica, caratteristiche che lo rendono perfetto per l'accumulo di energia. La grafite garantisce una carica efficace e l'erogazione di energia <a href=\"https:\/\/onlybatteries.com\/?srsltid=AfmBOoqFqQFmaOhM76q3R1Q5tEf27hDQ7B8srlcI02SNvvP9YuZAGU7h\" target=\"_blank\" rel=\"noopener\">batterie<\/a>.<\/p>\n<p><strong>Lubrificazione industriale<\/strong><\/p>\n<p>\u00c8 anche un materiale ideale per l'industria, grazie alle sue propriet\u00e0 lubrificanti naturali. Viene utilizzato in situazioni in cui gli oli o i grassi possono fallire. Inoltre, aiuta a prevenire l'attrito delle parti in movimento, consentendo alle macchine di funzionare senza problemi. Viene utilizzato anche in aree con temperature estreme, perch\u00e9 gli altri lubrificanti si decompongono.<\/p>\n<p><strong>Materiali refrattari<\/strong><\/p>\n<p><strong><b>Materiali refrattari<\/b><\/strong>\u00a0devono contenere grafite. Si tratta di materiali che rivestono forni e fornaci. La resistenza al calore consente alla grafite di sopportare le temperature estremamente elevate che caratterizzano questo tipo di applicazioni. La loro struttura impedisce che si rompano con l'esposizione al calore intenso.<\/p>\n<p><strong>Acciaieria<\/strong><\/p>\n<p>La grafite \u00e8 una materia prima dell'industria siderurgica. Serve come additivo al carbonio per la produzione di acciaio di alta qualit\u00e0. Si trova spesso negli avvolgitori dei forni elettrici ad arco. Un altro uso importante della grafite, disponibile nelle scorte di grafite, \u00e8 la sua capacit\u00e0 di controllare il contenuto di carbonio dell'acciaio che, se fatto correttamente, lo rende pi\u00f9 potente e stabile.<\/p>\n<p><strong>Aerospaziale e automobilistico<\/strong><\/p>\n<p>La grafite \u00e8 utilizzata nell'industria aerospaziale e automobilistica. \u00c8 fondamentale in questi settori perch\u00e9 \u00e8 una composizione leggera e tollerante al calore. Si trova nelle parti residue dei motori, nei sistemi frenanti e persino all'interno degli scudi termici. I vari gradi di prodotti di grafite impiegati in queste industrie sono assortiti in base alle qualit\u00e0.<\/p>\n<h2>Vantaggi<\/h2>\n<p><strong>Economicamente vantaggioso<\/strong><\/p>\n<p>La grafite \u00e8 un materiale relativamente economico. \u00c8 disponibile a basso costo come materia prima e quindi pu\u00f2 essere lavorata facilmente nell'unit\u00e0 di produzione.<\/p>\n<p><strong>Prestazioni elevate<\/strong><\/p>\n<p>La grafite \u00e8 altamente performante per ogni caso d'uso. L'elevata conducibilit\u00e0 elettrica, la resistenza al calore e le propriet\u00e0 di lubrificazione rendono questo materiale efficace. Lo vedremo spesso utilizzato nei casi in cui le prestazioni sono un problema. Grazie a una formula speciale, \u00e8 in grado di funzionare anche nelle condizioni pi\u00f9 difficili.<\/p>\n<p><strong>Rispettoso dell'ambiente<\/strong><\/p>\n<p>La grafite \u00e8 ecologica. Essendo a base di carbonio, \u00e8 naturalmente ubiquitaria e sicura. La lavorazione della sua materia prima non crea alcun sottoprodotto tossico. Tuttavia, la scelta della grafite pu\u00f2 limitare l'impatto ambientale di alcuni processi.<\/p>\n<p>&nbsp;<\/p>\n<p>&nbsp;<\/p>","protected":false},"excerpt":{"rendered":"<p>I materiali di grafite sono disponibili in molti tipi diversi e offrono una variet\u00e0 di propriet\u00e0, tra cui la conducibilit\u00e0 elettrica, la resistenza alla corrosione ad alta temperatura e altro ancora. Viene utilizzata per produrre crogioli, elettrodi, scambiatori di calore, spazzole, ecc. \u00c8 un materiale industriale a base di carbonio, indispensabile per la produzione industriale.<\/p>","protected":false},"featured_media":6555,"template":"","meta":[],"product_brand":[],"product_cat":[67],"product_tag":[],"class_list":{"0":"post-6554","1":"product","2":"type-product","3":"status-publish","4":"has-post-thumbnail","6":"product_cat-graphite-material","8":"first","9":"instock","10":"shipping-taxable","11":"product-type-simple"},"yoast_head":"<!-- This site is optimized with the Yoast SEO Premium plugin v19.2.1 (Yoast SEO v25.3) - https:\/\/yoast.com\/wordpress\/plugins\/seo\/ -->\n<title>Graphite Material Manufacturer | Jinsun Carbon<\/title>\n<meta name=\"description\" content=\"Graphite is a type of carbon\u00a0used for different applications. It is a natural resource of unparalleled composition\u00a0that can be used for multipurpose.\" \/>\n<meta name=\"robots\" content=\"index, follow, max-snippet:-1, max-image-preview:large, max-video-preview:-1\" \/>\n<link rel=\"canonical\" href=\"https:\/\/jinsuncarbon.com\/it\/prodotto\/materiale-in-grafite\/\" \/>\n<meta property=\"og:locale\" content=\"it_IT\" \/>\n<meta property=\"og:type\" content=\"article\" \/>\n<meta property=\"og:title\" content=\"Graphite Material\" \/>\n<meta property=\"og:description\" content=\"Graphite is a type of carbon\u00a0used for different applications. It is a natural resource of unparalleled composition\u00a0that can be used for multipurpose.\" \/>\n<meta property=\"og:url\" content=\"https:\/\/jinsuncarbon.com\/it\/prodotto\/materiale-in-grafite\/\" \/>\n<meta property=\"og:site_name\" content=\"Jinsun Carbon\" \/>\n<meta property=\"article:publisher\" content=\"https:\/\/www.facebook.com\/Graphite-Electrode-109336238661595\" \/>\n<meta property=\"article:modified_time\" content=\"2025-01-02T10:01:28+00:00\" \/>\n<meta property=\"og:image\" content=\"https:\/\/jinsuncarbon.com\/wp-content\/uploads\/2024\/11\/Graphite-material.jpg\" \/>\n\t<meta property=\"og:image:width\" content=\"1024\" \/>\n\t<meta property=\"og:image:height\" content=\"720\" \/>\n\t<meta property=\"og:image:type\" content=\"image\/jpeg\" \/>\n<meta name=\"twitter:card\" content=\"summary_large_image\" \/>\n<meta name=\"twitter:site\" content=\"@jinsuncarbon_\" \/>\n<meta name=\"twitter:label1\" content=\"Tempo di lettura stimato\" \/>\n\t<meta name=\"twitter:data1\" content=\"5 minuti\" \/>\n<script type=\"application\/ld+json\" class=\"yoast-schema-graph\">{\"@context\":\"https:\/\/schema.org\",\"@graph\":[{\"@type\":\"WebPage\",\"@id\":\"https:\/\/jinsuncarbon.com\/product\/graphite-material\/\",\"url\":\"https:\/\/jinsuncarbon.com\/product\/graphite-material\/\",\"name\":\"Graphite Material Manufacturer | Jinsun Carbon\",\"isPartOf\":{\"@id\":\"https:\/\/jinsuncarbon.com\/#website\"},\"primaryImageOfPage\":{\"@id\":\"https:\/\/jinsuncarbon.com\/product\/graphite-material\/#primaryimage\"},\"image\":{\"@id\":\"https:\/\/jinsuncarbon.com\/product\/graphite-material\/#primaryimage\"},\"thumbnailUrl\":\"https:\/\/jinsuncarbon.com\/wp-content\/uploads\/2024\/11\/Graphite-material.jpg\",\"datePublished\":\"2024-11-07T13:17:13+00:00\",\"dateModified\":\"2025-01-02T10:01:28+00:00\",\"description\":\"Graphite is a type of carbon\u00a0used for different applications. It is a natural resource of unparalleled composition\u00a0that can be used for multipurpose.\",\"breadcrumb\":{\"@id\":\"https:\/\/jinsuncarbon.com\/product\/graphite-material\/#breadcrumb\"},\"inLanguage\":\"it-IT\",\"potentialAction\":[{\"@type\":\"ReadAction\",\"target\":[\"https:\/\/jinsuncarbon.com\/product\/graphite-material\/\"]}]},{\"@type\":\"ImageObject\",\"inLanguage\":\"it-IT\",\"@id\":\"https:\/\/jinsuncarbon.com\/product\/graphite-material\/#primaryimage\",\"url\":\"https:\/\/jinsuncarbon.com\/wp-content\/uploads\/2024\/11\/Graphite-material.jpg\",\"contentUrl\":\"https:\/\/jinsuncarbon.com\/wp-content\/uploads\/2024\/11\/Graphite-material.jpg\",\"width\":1024,\"height\":720,\"caption\":\"Graphite material\"},{\"@type\":\"BreadcrumbList\",\"@id\":\"https:\/\/jinsuncarbon.com\/product\/graphite-material\/#breadcrumb\",\"itemListElement\":[{\"@type\":\"ListItem\",\"position\":1,\"name\":\"Home\",\"item\":\"https:\/\/jinsuncarbon.com\/\"},{\"@type\":\"ListItem\",\"position\":2,\"name\":\"Products\",\"item\":\"https:\/\/jinsuncarbon.com\/graphite-carbon\/\"},{\"@type\":\"ListItem\",\"position\":3,\"name\":\"Graphite Material\"}]},{\"@type\":\"WebSite\",\"@id\":\"https:\/\/jinsuncarbon.com\/#website\",\"url\":\"https:\/\/jinsuncarbon.com\/\",\"name\":\"Jinsun Carbon\",\"description\":\"We are the successful graphite electrode manufacturer in China\",\"publisher\":{\"@id\":\"https:\/\/jinsuncarbon.com\/#organization\"},\"potentialAction\":[{\"@type\":\"SearchAction\",\"target\":{\"@type\":\"EntryPoint\",\"urlTemplate\":\"https:\/\/jinsuncarbon.com\/?s={search_term_string}\"},\"query-input\":{\"@type\":\"PropertyValueSpecification\",\"valueRequired\":true,\"valueName\":\"search_term_string\"}}],\"inLanguage\":\"it-IT\"},{\"@type\":\"Organization\",\"@id\":\"https:\/\/jinsuncarbon.com\/#organization\",\"name\":\"Jinsun Carbon\",\"alternateName\":\"Jinsun Carbon\",\"url\":\"https:\/\/jinsuncarbon.com\/\",\"logo\":{\"@type\":\"ImageObject\",\"inLanguage\":\"it-IT\",\"@id\":\"https:\/\/jinsuncarbon.com\/#\/schema\/logo\/image\/\",\"url\":\"https:\/\/jinsuncarbon.com\/wp-content\/uploads\/2022\/12\/LOGO-1.png\",\"contentUrl\":\"https:\/\/jinsuncarbon.com\/wp-content\/uploads\/2022\/12\/LOGO-1.png\",\"width\":207,\"height\":80,\"caption\":\"Jinsun Carbon\"},\"image\":{\"@id\":\"https:\/\/jinsuncarbon.com\/#\/schema\/logo\/image\/\"},\"sameAs\":[\"https:\/\/www.facebook.com\/Graphite-Electrode-109336238661595\",\"https:\/\/x.com\/jinsuncarbon_\",\"https:\/\/www.linkedin.com\/in\/jinsungraphite\",\"https:\/\/www.youtube.com\/channel\/UCysDNyvyR5-3cCWEmpkVC0g\"]}]}<\/script>\n<!-- \/ Yoast SEO Premium plugin. -->","yoast_head_json":{"title":"Materiale di grafite Fornitore | Jinsun Carbon","description":"La grafite \u00e8 un tipo di carbonio utilizzato per diverse applicazioni. \u00c8 una risorsa naturale di composizione ineguagliabile che pu\u00f2 essere utilizzata per molteplici scopi.","robots":{"index":"index","follow":"follow","max-snippet":"max-snippet:-1","max-image-preview":"max-image-preview:large","max-video-preview":"max-video-preview:-1"},"canonical":"https:\/\/jinsuncarbon.com\/it\/prodotto\/materiale-in-grafite\/","og_locale":"it_IT","og_type":"article","og_title":"Graphite Material","og_description":"Graphite is a type of carbon\u00a0used for different applications. It is a natural resource of unparalleled composition\u00a0that can be used for multipurpose.","og_url":"https:\/\/jinsuncarbon.com\/it\/prodotto\/materiale-in-grafite\/","og_site_name":"Jinsun Carbon","article_publisher":"https:\/\/www.facebook.com\/Graphite-Electrode-109336238661595","article_modified_time":"2025-01-02T10:01:28+00:00","og_image":[{"width":1024,"height":720,"url":"https:\/\/jinsuncarbon.com\/wp-content\/uploads\/2024\/11\/Graphite-material.jpg","type":"image\/jpeg"}],"twitter_card":"summary_large_image","twitter_site":"@jinsuncarbon_","twitter_misc":{"Tempo di lettura stimato":"5 minuti"},"schema":{"@context":"https:\/\/schema.org","@graph":[{"@type":"WebPage","@id":"https:\/\/jinsuncarbon.com\/product\/graphite-material\/","url":"https:\/\/jinsuncarbon.com\/product\/graphite-material\/","name":"Materiale di grafite Fornitore | Jinsun Carbon","isPartOf":{"@id":"https:\/\/jinsuncarbon.com\/#website"},"primaryImageOfPage":{"@id":"https:\/\/jinsuncarbon.com\/product\/graphite-material\/#primaryimage"},"image":{"@id":"https:\/\/jinsuncarbon.com\/product\/graphite-material\/#primaryimage"},"thumbnailUrl":"https:\/\/jinsuncarbon.com\/wp-content\/uploads\/2024\/11\/Graphite-material.jpg","datePublished":"2024-11-07T13:17:13+00:00","dateModified":"2025-01-02T10:01:28+00:00","description":"La grafite \u00e8 un tipo di carbonio utilizzato per diverse applicazioni. \u00c8 una risorsa naturale di composizione ineguagliabile che pu\u00f2 essere utilizzata per molteplici scopi.","breadcrumb":{"@id":"https:\/\/jinsuncarbon.com\/product\/graphite-material\/#breadcrumb"},"inLanguage":"it-IT","potentialAction":[{"@type":"ReadAction","target":["https:\/\/jinsuncarbon.com\/product\/graphite-material\/"]}]},{"@type":"ImageObject","inLanguage":"it-IT","@id":"https:\/\/jinsuncarbon.com\/product\/graphite-material\/#primaryimage","url":"https:\/\/jinsuncarbon.com\/wp-content\/uploads\/2024\/11\/Graphite-material.jpg","contentUrl":"https:\/\/jinsuncarbon.com\/wp-content\/uploads\/2024\/11\/Graphite-material.jpg","width":1024,"height":720,"caption":"Graphite material"},{"@type":"BreadcrumbList","@id":"https:\/\/jinsuncarbon.com\/product\/graphite-material\/#breadcrumb","itemListElement":[{"@type":"ListItem","position":1,"name":"Home","item":"https:\/\/jinsuncarbon.com\/"},{"@type":"ListItem","position":2,"name":"Products","item":"https:\/\/jinsuncarbon.com\/graphite-carbon\/"},{"@type":"ListItem","position":3,"name":"Graphite Material"}]},{"@type":"WebSite","@id":"https:\/\/jinsuncarbon.com\/#website","url":"https:\/\/jinsuncarbon.com\/","name":"Jinsun Carbon","description":"Siamo il produttore di elettrodi di grafite di successo in Cina","publisher":{"@id":"https:\/\/jinsuncarbon.com\/#organization"},"potentialAction":[{"@type":"SearchAction","target":{"@type":"EntryPoint","urlTemplate":"https:\/\/jinsuncarbon.com\/?s={search_term_string}"},"query-input":{"@type":"PropertyValueSpecification","valueRequired":true,"valueName":"search_term_string"}}],"inLanguage":"it-IT"},{"@type":"Organization","@id":"https:\/\/jinsuncarbon.com\/#organization","name":"Jinsun Carbon","alternateName":"Jinsun Carbon","url":"https:\/\/jinsuncarbon.com\/","logo":{"@type":"ImageObject","inLanguage":"it-IT","@id":"https:\/\/jinsuncarbon.com\/#\/schema\/logo\/image\/","url":"https:\/\/jinsuncarbon.com\/wp-content\/uploads\/2022\/12\/LOGO-1.png","contentUrl":"https:\/\/jinsuncarbon.com\/wp-content\/uploads\/2022\/12\/LOGO-1.png","width":207,"height":80,"caption":"Jinsun Carbon"},"image":{"@id":"https:\/\/jinsuncarbon.com\/#\/schema\/logo\/image\/"},"sameAs":["https:\/\/www.facebook.com\/Graphite-Electrode-109336238661595","https:\/\/x.com\/jinsuncarbon_","https:\/\/www.linkedin.com\/in\/jinsungraphite","https:\/\/www.youtube.com\/channel\/UCysDNyvyR5-3cCWEmpkVC0g"]}]}},"_links":{"self":[{"href":"https:\/\/jinsuncarbon.com\/it\/wp-json\/wp\/v2\/product\/6554","targetHints":{"allow":["GET"]}}],"collection":[{"href":"https:\/\/jinsuncarbon.com\/it\/wp-json\/wp\/v2\/product"}],"about":[{"href":"https:\/\/jinsuncarbon.com\/it\/wp-json\/wp\/v2\/types\/product"}],"wp:featuredmedia":[{"embeddable":true,"href":"https:\/\/jinsuncarbon.com\/it\/wp-json\/wp\/v2\/media\/6555"}],"wp:attachment":[{"href":"https:\/\/jinsuncarbon.com\/it\/wp-json\/wp\/v2\/media?parent=6554"}],"wp:term":[{"taxonomy":"product_brand","embeddable":true,"href":"https:\/\/jinsuncarbon.com\/it\/wp-json\/wp\/v2\/product_brand?post=6554"},{"taxonomy":"product_cat","embeddable":true,"href":"https:\/\/jinsuncarbon.com\/it\/wp-json\/wp\/v2\/product_cat?post=6554"},{"taxonomy":"product_tag","embeddable":true,"href":"https:\/\/jinsuncarbon.com\/it\/wp-json\/wp\/v2\/product_tag?post=6554"}],"curies":[{"name":"wp","href":"https:\/\/api.w.org\/{rel}","templated":true}]}}