{"id":6444,"date":"2024-11-02T00:02:55","date_gmt":"2024-11-02T00:02:55","guid":{"rendered":"https:\/\/jinsuncarbon.com\/?post_type=product&#038;p=6444"},"modified":"2025-01-18T23:16:22","modified_gmt":"2025-01-18T23:16:22","slug":"elemento-riscaldante-in-grafite","status":"publish","type":"product","link":"https:\/\/jinsuncarbon.com\/it\/prodotto\/elemento-riscaldante-in-grafite\/","title":{"rendered":"Elementi di riscaldamento in grafite"},"content":{"rendered":"<h2>Produttore di elementi riscaldanti in grafite<\/h2>\n<p>L'elemento riscaldante in grafite \u00e8 un componente del dispositivo realizzato con materiale di grafite di elevata purezza per il riscaldamento. Grazie all'eccellente resistenza alle alte temperature, alla conducibilit\u00e0 elettrica e alla stabilit\u00e0 chimica, trova importanti applicazioni nei forni a vuoto, nella fusione dei metalli e nei semiconduttori. \u00c8 stato progettato tenendo conto dei requisiti di prestazione. \u00c8 un elemento riscaldante affidabile e durevole, in grado di soddisfare le esigenze di riscaldamento in diverse condizioni di lavoro.<\/p>\n<h2 class=\"ql-align-justify\">Propriet\u00e0 degli elementi riscaldanti in grafite<\/h2>\n<p class=\"ql-align-justify\"><span data-type=\"2\" data-index=\"5\" data-gid=\"1\">I riscaldatori in grafite hanno solitamente una variet\u00e0 di forme, come ad esempio <a href=\"https:\/\/jinsuncarbon.com\/it\/prodotto\/asta-di-grafite\/\">asta<\/a>, piastra e tubo.<\/span>\u00a0Offre una serie di vantaggi significativi.<\/p>\n<p class=\"ql-align-justify\"><strong>Eccellente resistenza alle alte temperature<\/strong><\/p>\n<p class=\"ql-align-justify\">L'elemento riscaldante in grafite funziona in modo stabile a temperature fino a 1000\u00b0C e oltre.<\/p>\n<p class=\"ql-align-justify\"><strong>Buona resistenza<\/strong><\/p>\n<p>\u00c8 in grado di convertire efficacemente la corrente in energia termica e il tasso di conversione termica \u00e8 davvero notevole. Inoltre, \u00e8 in grado di soddisfare le esigenze di riscaldamento in diversi scenari.<\/p>\n<p class=\"ql-align-justify\"><strong>Propriet\u00e0 chimiche estremamente stabili<\/strong><\/p>\n<p class=\"ql-align-justify\">Non reagisce nella maggior parte degli ambienti chimici, la resistenza alla corrosione \u00e8 forte.<\/p>\n<p class=\"ql-align-justify\"><strong>Elevata resistenza meccanica<\/strong><\/p>\n<p class=\"ql-align-justify\">Non \u00e8 facile che venga danneggiato da forze esterne convenzionali.<\/p>\n<p class=\"ql-align-justify\"><strong>Alta efficienza di conduzione del calore<\/strong><\/p>\n<p class=\"ql-align-justify\">La velocit\u00e0 di riscaldamento \u00e8 elevata e la temperatura di riscaldamento target pu\u00f2 essere raggiunta rapidamente.<\/p>\n<p class=\"ql-align-justify\">Inoltre, ha anche una buona plasticit\u00e0 ed \u00e8 facile da lavorare in varie forme. In condizioni di lavorazione adeguate, possiamo modellarlo mediante stampaggio meccanico, stampaggio o lavorazione CNC per soddisfare le vostre esigenze.<\/p>\n<h2 class=\"ql-align-justify\">Tipi di elementi riscaldanti in grafite<\/h2>\n<p class=\"ql-align-justify\"><strong>Elemento riscaldante in grafite ad asta:<\/strong><\/p>\n<p class=\"ql-align-justify\">Questa struttura \u00e8 un'asta semplice e allungata. Grazie alle sue caratteristiche di forma, pu\u00f2 essere ampiamente utilizzata in alcuni scenari che richiedono un riscaldamento profondo in uno spazio specifico. Ad esempio, in piccoli forni sperimentali, reattori tubolari e altre apparecchiature che possono riscaldare con precisione aree locali.<\/p>\n<p class=\"ql-align-justify\"><strong>Elemento riscaldante in grafite simile a una piastra:<\/strong><\/p>\n<p class=\"ql-align-justify\">L'aspetto \u00e8 quello di una piastra piatta, con un'ampia area di riscaldamento. \u00c8 adatto per il riscaldamento uniforme di un'ampia area di oggetti. Ad esempio, in alcune apparecchiature di trattamento termico e di essiccazione. Pu\u00f2 riscaldare il materiale in modo pi\u00f9 uniforme e migliorare l'effetto di riscaldamento.<\/p>\n<p class=\"ql-align-justify\"><strong>Elemento riscaldante tubolare in grafite:<\/strong><\/p>\n<p class=\"ql-align-justify\">La struttura tubolare cava offre evidenti vantaggi nel riscaldamento dei fluidi. Pu\u00f2 consentire al fluido di scorrere nel tubo e di essere riscaldato in modo uniforme. \u00c8 comune nel processo di riscaldamento dei fluidi nell'industria chimica, petrolifera e in altri settori.<\/p>\n<h2 class=\"ql-align-justify\">Utilizzi degli elementi riscaldanti in grafite<\/h2>\n<ul>\n<li class=\"ql-align-justify\">\n<h3>Forni a vuoto<\/h3>\n<\/li>\n<\/ul>\n<p class=\"ql-align-justify\">Gli elementi riscaldanti in grafite possono convertire efficacemente l'energia elettrica in calore. L'ambiente sottovuoto si basa principalmente sul trasferimento di calore per irraggiamento; la capacit\u00e0 di irraggiamento della grafite \u00e8 forte e pu\u00f2 creare un ambiente uniforme ad alta temperatura. \u00c8 adatto per la fusione dei metalli, la sinterizzazione, come la fusione di leghe speciali, per garantire il calore uniforme della lega e migliorare la qualit\u00e0 del materiale. Inoltre, non reagisce con i gas di processo come l'argon e l'azoto nel processo di fusione. <a href=\"https:\/\/ipsenglobal.com\/vacuum-furnaces\/\" target=\"_blank\" rel=\"noopener\">forni a vuoto<\/a>.<\/p>\n<ul>\n<li class=\"ql-align-justify\">\n<h3>Trattamento termico<\/h3>\n<\/li>\n<\/ul>\n<p class=\"ql-align-justify\">\u00c8 possibile utilizzare i riscaldatori in grafite per la tempra, il rinvenimento e la ricottura dei metalli. Si riscaldano rapidamente e controllano la temperatura con precisione. Ad esempio, quando l'utensile viene temprato, pu\u00f2 fargli raggiungere la temperatura appropriata. Quindi migliora la durezza e la resistenza all'usura dell'utensile.<\/p>\n<ul>\n<li class=\"ql-align-justify\">\n<h3>Lavorazione del metallo:<\/h3>\n<\/li>\n<\/ul>\n<p class=\"ql-align-justify\">Nella fusione dei metalli, nella forgiatura, l'elemento riscaldante in grafite fornisce una temperatura elevata, in modo che il metallo raggiunga la temperatura di lavorazione appropriata. Per garantire la qualit\u00e0 e l'efficienza della lavorazione. Come i piccoli forni elettrici dell'industria siderurgica, pu\u00f2 stabilizzare la fusione delle materie prime metalliche.<\/p>\n<ul>\n<li class=\"ql-align-justify\">\n<h3>Produzione chimica:<\/h3>\n<\/li>\n<\/ul>\n<p class=\"ql-align-justify\">Le reazioni chimiche richiedono spesso temperature specifiche. \u00c8 possibile utilizzarli per riscaldare i materiali del reattore e la loro stabilit\u00e0 chimica garantisce un funzionamento sicuro in vari ambienti chimici. Come ad esempio il controllo preciso della temperatura nelle reazioni di sintesi organica.<\/p>\n<ul>\n<li class=\"ql-align-justify\">\n<h3>Semiconduttori elettronici fotovoltaici:<\/h3>\n<\/li>\n<\/ul>\n<p class=\"ql-align-justify\">I processi di litografia e ricottura della produzione di chip a semiconduttori richiedono una precisione e una stabilit\u00e0 di riscaldamento estremamente elevate, in grado di soddisfare le esigenze. Per garantire l'accuratezza dei processi di produzione dei chip e la qualit\u00e0 dei prodotti.<\/p>\n<h2>Design dell'elemento riscaldante in grafite<\/h2>\n<p>La sua progettazione deve tenere conto di molti aspetti. La forma dipende dall'apparecchiatura, ad esempio asta o piastra. Le dimensioni sono determinate in base alla potenza e allo spazio per garantire l'effetto di riscaldamento. Selezionare materiali di grafite di elevata purezza, per ottenere una buona resistenza alle alte temperature e una buona conducibilit\u00e0 elettrica. Anche il metodo di collegamento \u00e8 importante, per facilitare l'installazione e il collegamento al circuito, per ottenere un riscaldamento efficiente.<\/p>","protected":false},"excerpt":{"rendered":"<p>Gli elementi riscaldanti in grafite sono realizzati con materiali di grafite di elevata purezza e sono utilizzati come elementi riscaldanti nei forni a vuoto, come i forni a cristallo singolo e i forni policristallini. Utilizzano il riscaldamento a resistenza per convertire l'energia elettrica in energia termica. Gli elementi riscaldanti in grafite possono essere progettati in una variet\u00e0 di forme e possono soddisfare le vostre esigenze personalizzate.<\/p>\n<ul>\n<li>\u00a0Densit\u00e0 apparente (g\/cm3) \u22651,85<\/li>\n<li>\u00a0Contenuto di ceneri (PPM) \u2264 1000<\/li>\n<li>\u00a0Durezza Shore \u226545<\/li>\n<li>\u00a0Resistenza specifica (\u03bc.\u03a9.m) \u226410<\/li>\n<li>\u00a0Resistenza alla flessione (MPa) \u226540<\/li>\n<li>\u00a0Resistenza alla compressione (MPa) \u226570<\/li>\n<li>\u00a0Massima. Dimensione dei grani (\u03bcm) \u226443<\/li>\n<li>\u00a0Coefficiente di espansione termica Mm\/\u00b0C \u22644,5*10-6<\/li>\n<\/ul>","protected":false},"featured_media":6445,"template":"","meta":[],"product_brand":[],"product_cat":[38],"product_tag":[],"class_list":{"0":"post-6444","1":"product","2":"type-product","3":"status-publish","4":"has-post-thumbnail","6":"product_cat-graphite-products","8":"first","9":"instock","10":"shipping-taxable","11":"product-type-simple"},"yoast_head":"<!-- This site is optimized with the Yoast SEO Premium plugin v19.2.1 (Yoast SEO v25.3) - https:\/\/yoast.com\/wordpress\/plugins\/seo\/ -->\n<title>Graphite Heating Elements Manufacturers | Jinsun Carbon<\/title>\n<meta name=\"description\" content=\"Graphite heating elements design leverages the unique properties of graphite. It fully utilizes graphite&#039;s physical and chemical traits.\" \/>\n<meta name=\"robots\" content=\"index, follow, max-snippet:-1, max-image-preview:large, max-video-preview:-1\" \/>\n<link rel=\"canonical\" href=\"https:\/\/jinsuncarbon.com\/it\/prodotto\/elemento-riscaldante-in-grafite\/\" \/>\n<meta property=\"og:locale\" content=\"it_IT\" \/>\n<meta property=\"og:type\" content=\"article\" \/>\n<meta property=\"og:title\" content=\"Graphite Heating Elements\" \/>\n<meta property=\"og:description\" content=\"Graphite heating elements design leverages the unique properties of graphite. It fully utilizes graphite&#039;s physical and chemical traits.\" \/>\n<meta property=\"og:url\" content=\"https:\/\/jinsuncarbon.com\/it\/prodotto\/elemento-riscaldante-in-grafite\/\" \/>\n<meta property=\"og:site_name\" content=\"Jinsun Carbon\" \/>\n<meta property=\"article:publisher\" content=\"https:\/\/www.facebook.com\/Graphite-Electrode-109336238661595\" \/>\n<meta property=\"article:modified_time\" content=\"2025-01-18T23:16:22+00:00\" \/>\n<meta property=\"og:image\" content=\"https:\/\/jinsuncarbon.com\/wp-content\/uploads\/2024\/11\/Graphite-Heating-Elements-for-Vacuum-Furnaces.jpg\" \/>\n\t<meta property=\"og:image:width\" content=\"1024\" \/>\n\t<meta property=\"og:image:height\" content=\"763\" \/>\n\t<meta property=\"og:image:type\" content=\"image\/jpeg\" \/>\n<meta name=\"twitter:card\" content=\"summary_large_image\" \/>\n<meta name=\"twitter:site\" content=\"@jinsuncarbon_\" \/>\n<meta name=\"twitter:label1\" content=\"Tempo di lettura stimato\" \/>\n\t<meta name=\"twitter:data1\" content=\"4 minuti\" \/>\n<script type=\"application\/ld+json\" class=\"yoast-schema-graph\">{\"@context\":\"https:\/\/schema.org\",\"@graph\":[{\"@type\":\"WebPage\",\"@id\":\"https:\/\/jinsuncarbon.com\/product\/graphite-heating-element\/\",\"url\":\"https:\/\/jinsuncarbon.com\/product\/graphite-heating-element\/\",\"name\":\"Graphite Heating Elements Manufacturers | Jinsun Carbon\",\"isPartOf\":{\"@id\":\"https:\/\/jinsuncarbon.com\/#website\"},\"primaryImageOfPage\":{\"@id\":\"https:\/\/jinsuncarbon.com\/product\/graphite-heating-element\/#primaryimage\"},\"image\":{\"@id\":\"https:\/\/jinsuncarbon.com\/product\/graphite-heating-element\/#primaryimage\"},\"thumbnailUrl\":\"https:\/\/jinsuncarbon.com\/wp-content\/uploads\/2024\/11\/Graphite-Heating-Elements-for-Vacuum-Furnaces.jpg\",\"datePublished\":\"2024-11-02T00:02:55+00:00\",\"dateModified\":\"2025-01-18T23:16:22+00:00\",\"description\":\"Graphite heating elements design leverages the unique properties of graphite. It fully utilizes graphite's physical and chemical traits.\",\"breadcrumb\":{\"@id\":\"https:\/\/jinsuncarbon.com\/product\/graphite-heating-element\/#breadcrumb\"},\"inLanguage\":\"it-IT\",\"potentialAction\":[{\"@type\":\"ReadAction\",\"target\":[\"https:\/\/jinsuncarbon.com\/product\/graphite-heating-element\/\"]}]},{\"@type\":\"ImageObject\",\"inLanguage\":\"it-IT\",\"@id\":\"https:\/\/jinsuncarbon.com\/product\/graphite-heating-element\/#primaryimage\",\"url\":\"https:\/\/jinsuncarbon.com\/wp-content\/uploads\/2024\/11\/Graphite-Heating-Elements-for-Vacuum-Furnaces.jpg\",\"contentUrl\":\"https:\/\/jinsuncarbon.com\/wp-content\/uploads\/2024\/11\/Graphite-Heating-Elements-for-Vacuum-Furnaces.jpg\",\"width\":1024,\"height\":763,\"caption\":\"Graphite Heating Elements for Vacuum Furnaces\"},{\"@type\":\"BreadcrumbList\",\"@id\":\"https:\/\/jinsuncarbon.com\/product\/graphite-heating-element\/#breadcrumb\",\"itemListElement\":[{\"@type\":\"ListItem\",\"position\":1,\"name\":\"Home\",\"item\":\"https:\/\/jinsuncarbon.com\/\"},{\"@type\":\"ListItem\",\"position\":2,\"name\":\"Products\",\"item\":\"https:\/\/jinsuncarbon.com\/graphite-carbon\/\"},{\"@type\":\"ListItem\",\"position\":3,\"name\":\"Graphite Heating Elements\"}]},{\"@type\":\"WebSite\",\"@id\":\"https:\/\/jinsuncarbon.com\/#website\",\"url\":\"https:\/\/jinsuncarbon.com\/\",\"name\":\"Jinsun Carbon\",\"description\":\"We are the successful graphite electrode manufacturer in China\",\"publisher\":{\"@id\":\"https:\/\/jinsuncarbon.com\/#organization\"},\"potentialAction\":[{\"@type\":\"SearchAction\",\"target\":{\"@type\":\"EntryPoint\",\"urlTemplate\":\"https:\/\/jinsuncarbon.com\/?s={search_term_string}\"},\"query-input\":{\"@type\":\"PropertyValueSpecification\",\"valueRequired\":true,\"valueName\":\"search_term_string\"}}],\"inLanguage\":\"it-IT\"},{\"@type\":\"Organization\",\"@id\":\"https:\/\/jinsuncarbon.com\/#organization\",\"name\":\"Jinsun Carbon\",\"alternateName\":\"Jinsun Carbon\",\"url\":\"https:\/\/jinsuncarbon.com\/\",\"logo\":{\"@type\":\"ImageObject\",\"inLanguage\":\"it-IT\",\"@id\":\"https:\/\/jinsuncarbon.com\/#\/schema\/logo\/image\/\",\"url\":\"https:\/\/jinsuncarbon.com\/wp-content\/uploads\/2022\/12\/LOGO-1.png\",\"contentUrl\":\"https:\/\/jinsuncarbon.com\/wp-content\/uploads\/2022\/12\/LOGO-1.png\",\"width\":207,\"height\":80,\"caption\":\"Jinsun Carbon\"},\"image\":{\"@id\":\"https:\/\/jinsuncarbon.com\/#\/schema\/logo\/image\/\"},\"sameAs\":[\"https:\/\/www.facebook.com\/Graphite-Electrode-109336238661595\",\"https:\/\/x.com\/jinsuncarbon_\",\"https:\/\/www.linkedin.com\/in\/jinsungraphite\",\"https:\/\/www.youtube.com\/channel\/UCysDNyvyR5-3cCWEmpkVC0g\"]}]}<\/script>\n<!-- \/ Yoast SEO Premium plugin. -->","yoast_head_json":{"title":"Elementi riscaldanti in grafite Produttori | Jinsun Carbon","description":"Il design degli elementi riscaldanti in grafite sfrutta le propriet\u00e0 uniche della grafite. Sfrutta appieno le caratteristiche fisiche e chimiche della grafite.","robots":{"index":"index","follow":"follow","max-snippet":"max-snippet:-1","max-image-preview":"max-image-preview:large","max-video-preview":"max-video-preview:-1"},"canonical":"https:\/\/jinsuncarbon.com\/it\/prodotto\/elemento-riscaldante-in-grafite\/","og_locale":"it_IT","og_type":"article","og_title":"Graphite Heating Elements","og_description":"Graphite heating elements design leverages the unique properties of graphite. It fully utilizes graphite's physical and chemical traits.","og_url":"https:\/\/jinsuncarbon.com\/it\/prodotto\/elemento-riscaldante-in-grafite\/","og_site_name":"Jinsun Carbon","article_publisher":"https:\/\/www.facebook.com\/Graphite-Electrode-109336238661595","article_modified_time":"2025-01-18T23:16:22+00:00","og_image":[{"width":1024,"height":763,"url":"https:\/\/jinsuncarbon.com\/wp-content\/uploads\/2024\/11\/Graphite-Heating-Elements-for-Vacuum-Furnaces.jpg","type":"image\/jpeg"}],"twitter_card":"summary_large_image","twitter_site":"@jinsuncarbon_","twitter_misc":{"Tempo di lettura stimato":"4 minuti"},"schema":{"@context":"https:\/\/schema.org","@graph":[{"@type":"WebPage","@id":"https:\/\/jinsuncarbon.com\/product\/graphite-heating-element\/","url":"https:\/\/jinsuncarbon.com\/product\/graphite-heating-element\/","name":"Elementi riscaldanti in grafite Produttori | Jinsun Carbon","isPartOf":{"@id":"https:\/\/jinsuncarbon.com\/#website"},"primaryImageOfPage":{"@id":"https:\/\/jinsuncarbon.com\/product\/graphite-heating-element\/#primaryimage"},"image":{"@id":"https:\/\/jinsuncarbon.com\/product\/graphite-heating-element\/#primaryimage"},"thumbnailUrl":"https:\/\/jinsuncarbon.com\/wp-content\/uploads\/2024\/11\/Graphite-Heating-Elements-for-Vacuum-Furnaces.jpg","datePublished":"2024-11-02T00:02:55+00:00","dateModified":"2025-01-18T23:16:22+00:00","description":"Il design degli elementi riscaldanti in grafite sfrutta le propriet\u00e0 uniche della grafite. Sfrutta appieno le caratteristiche fisiche e chimiche della grafite.","breadcrumb":{"@id":"https:\/\/jinsuncarbon.com\/product\/graphite-heating-element\/#breadcrumb"},"inLanguage":"it-IT","potentialAction":[{"@type":"ReadAction","target":["https:\/\/jinsuncarbon.com\/product\/graphite-heating-element\/"]}]},{"@type":"ImageObject","inLanguage":"it-IT","@id":"https:\/\/jinsuncarbon.com\/product\/graphite-heating-element\/#primaryimage","url":"https:\/\/jinsuncarbon.com\/wp-content\/uploads\/2024\/11\/Graphite-Heating-Elements-for-Vacuum-Furnaces.jpg","contentUrl":"https:\/\/jinsuncarbon.com\/wp-content\/uploads\/2024\/11\/Graphite-Heating-Elements-for-Vacuum-Furnaces.jpg","width":1024,"height":763,"caption":"Graphite Heating Elements for Vacuum Furnaces"},{"@type":"BreadcrumbList","@id":"https:\/\/jinsuncarbon.com\/product\/graphite-heating-element\/#breadcrumb","itemListElement":[{"@type":"ListItem","position":1,"name":"Home","item":"https:\/\/jinsuncarbon.com\/"},{"@type":"ListItem","position":2,"name":"Products","item":"https:\/\/jinsuncarbon.com\/graphite-carbon\/"},{"@type":"ListItem","position":3,"name":"Graphite Heating Elements"}]},{"@type":"WebSite","@id":"https:\/\/jinsuncarbon.com\/#website","url":"https:\/\/jinsuncarbon.com\/","name":"Jinsun Carbon","description":"Siamo il produttore di elettrodi di grafite di successo in Cina","publisher":{"@id":"https:\/\/jinsuncarbon.com\/#organization"},"potentialAction":[{"@type":"SearchAction","target":{"@type":"EntryPoint","urlTemplate":"https:\/\/jinsuncarbon.com\/?s={search_term_string}"},"query-input":{"@type":"PropertyValueSpecification","valueRequired":true,"valueName":"search_term_string"}}],"inLanguage":"it-IT"},{"@type":"Organization","@id":"https:\/\/jinsuncarbon.com\/#organization","name":"Jinsun Carbon","alternateName":"Jinsun Carbon","url":"https:\/\/jinsuncarbon.com\/","logo":{"@type":"ImageObject","inLanguage":"it-IT","@id":"https:\/\/jinsuncarbon.com\/#\/schema\/logo\/image\/","url":"https:\/\/jinsuncarbon.com\/wp-content\/uploads\/2022\/12\/LOGO-1.png","contentUrl":"https:\/\/jinsuncarbon.com\/wp-content\/uploads\/2022\/12\/LOGO-1.png","width":207,"height":80,"caption":"Jinsun Carbon"},"image":{"@id":"https:\/\/jinsuncarbon.com\/#\/schema\/logo\/image\/"},"sameAs":["https:\/\/www.facebook.com\/Graphite-Electrode-109336238661595","https:\/\/x.com\/jinsuncarbon_","https:\/\/www.linkedin.com\/in\/jinsungraphite","https:\/\/www.youtube.com\/channel\/UCysDNyvyR5-3cCWEmpkVC0g"]}]}},"_links":{"self":[{"href":"https:\/\/jinsuncarbon.com\/it\/wp-json\/wp\/v2\/product\/6444","targetHints":{"allow":["GET"]}}],"collection":[{"href":"https:\/\/jinsuncarbon.com\/it\/wp-json\/wp\/v2\/product"}],"about":[{"href":"https:\/\/jinsuncarbon.com\/it\/wp-json\/wp\/v2\/types\/product"}],"wp:featuredmedia":[{"embeddable":true,"href":"https:\/\/jinsuncarbon.com\/it\/wp-json\/wp\/v2\/media\/6445"}],"wp:attachment":[{"href":"https:\/\/jinsuncarbon.com\/it\/wp-json\/wp\/v2\/media?parent=6444"}],"wp:term":[{"taxonomy":"product_brand","embeddable":true,"href":"https:\/\/jinsuncarbon.com\/it\/wp-json\/wp\/v2\/product_brand?post=6444"},{"taxonomy":"product_cat","embeddable":true,"href":"https:\/\/jinsuncarbon.com\/it\/wp-json\/wp\/v2\/product_cat?post=6444"},{"taxonomy":"product_tag","embeddable":true,"href":"https:\/\/jinsuncarbon.com\/it\/wp-json\/wp\/v2\/product_tag?post=6444"}],"curies":[{"name":"wp","href":"https:\/\/api.w.org\/{rel}","templated":true}]}}