{"id":6275,"date":"2024-10-30T12:12:33","date_gmt":"2024-10-30T12:12:33","guid":{"rendered":"https:\/\/jinsuncarbon.com\/?post_type=product&#038;p=6275"},"modified":"2025-04-30T08:31:48","modified_gmt":"2025-04-30T08:31:48","slug":"grafite-in-scaglie","status":"publish","type":"product","link":"https:\/\/jinsuncarbon.com\/it\/prodotto\/grafite-in-scaglie\/","title":{"rendered":"Fiocchi di grafite"},"content":{"rendered":"<h2>Fiocco di grafite in vendita<\/h2>\n<p>La grafite in fiocchi \u00e8 un conduttore non metallico con una struttura a strati. Appartiene alla grafite cristallina naturale, spesso presente nelle rocce metamorfiche naturali, ed \u00e8 una sostanza carboniosa formatasi per metamorfismo ad alta temperatura e pressione. A seconda dell'applicazione, anche le dimensioni e la purezza della grafite in fiocchi si dividono.<\/p>\n<h3>La particolare microstruttura della grafite a scaglie<\/h3>\n<p>\u00c8 composto da strati di grafite di atomi di carbonio in un reticolo esagonale. Gli strati interagiscono e si impilano tra loro grazie alle forze di van der Waals, lasciando un certo spazio tra gli strati, come la struttura a strati delle squame dei pesci. La particolare struttura della grafite a scaglie le conferisce non solo una buona conduttivit\u00e0, ma anche buone propriet\u00e0 di lubrificazione.<\/p>\n<p>&nbsp;<\/p>\n<h2>Caratteristiche dei fiocchi di grafite:<\/h2>\n<ul>\n<li><b><\/b><strong><b>Resistenza alle alte temperature: <\/b><\/strong>La grafite pu\u00f2 resistere a temperature estreme senza perdere la sua integrit\u00e0 strutturale, il suo punto di fusione \u00e8 3850\u00b150\u2103, il suo punto di ebollizione \u00e8 4250\u2103. Pertanto, anche dopo una combustione ad altissima temperatura, la perdita di peso e il coefficiente di espansione termica della grafite sono molto ridotti. Inoltre, la resistenza della grafite si rafforza con l'aumento della temperatura: a 2000\u2103, la resistenza della grafite raddoppia.<\/li>\n<li><\/li>\n<li><b><\/b><strong><b>Conducibilit\u00e0 elettrica e termica: <\/b><\/strong>la conducibilit\u00e0 elettrica della grafite \u00e8 cento volte superiore a quella dei comuni minerali non metallici. La conducibilit\u00e0 termica \u00e8 superiore a quella dell'acciaio, del ferro, del piombo e di molti altri materiali metallici. La conducibilit\u00e0 termica diminuisce con l'aumentare della temperatura e, anche a temperature estremamente elevate, la grafite pu\u00f2 diventare adiabatica. Si pu\u00f2 notare che il fiocco di grafite ha un'eccellente conducibilit\u00e0 termica ed \u00e8 quindi molto adatto alla produzione di radiatori e componenti di raffreddamento per dispositivi elettronici.<\/li>\n<li><\/li>\n<li><b><\/b><strong><b>lubrificazione: <\/b><\/strong>lo squama dei fiocchi di grafite \u00e8 pi\u00f9 grande e le prestazioni di lubrificazione della grafite dipendono dalla dimensione dello squama della grafite. Pi\u00f9 grande \u00e8 lo squama, minore \u00e8 il coefficiente di attrito e migliori sono le prestazioni di lubrificazione. Pertanto, i fiocchi di grafite hanno una buona lubricit\u00e0.<\/li>\n<li><\/li>\n<li><b><\/b><strong><b>Stabilit\u00e0 chimica: <\/b><\/strong>La grafite ha una buona stabilit\u00e0 chimica a temperatura ambiente e pu\u00f2 rimanere stabile nella maggior parte degli ambienti acidi e alcalini. Non reagisce facilmente con altre sostanze e resiste alla corrosione di acidi, alcali e solventi organici. Pertanto, \u00e8 possibile utilizzare i fiocchi di grafite come conservante.<\/li>\n<li><\/li>\n<li><strong><b>Plasticit\u00e0:<\/b><\/strong> La tenacit\u00e0 della grafite \u00e8 buona e si pu\u00f2 dire che i fiocchi di grafite pi\u00f9 sottili racchiudano in s\u00e9 i vantaggi della grafite.<\/li>\n<\/ul>\n<p>&nbsp;<\/p>\n<h2>A cosa serve il fiocco di grafite?<\/h2>\n<ul>\n<li><b><\/b><strong>Additivi al carbonio:<\/strong><\/li>\n<\/ul>\n<p>I fiocchi di grafite possono essere utilizzati come additivi al carbonio in vari processi metallurgici per aumentare il contenuto di carbonio nell'acciaio e nelle ferroleghe. Pu\u00f2 migliorare la durezza, la resistenza, la plasticit\u00e0 e la tenacit\u00e0 del materiale. Con l'aggiunta di grafite, la composizione della lega pu\u00f2 anche essere regolata per soddisfare requisiti specifici, migliorando cos\u00ec le prestazioni del prodotto finale.<\/p>\n<ul>\n<li><b><\/b><strong>Lubrificante :<\/strong><\/li>\n<\/ul>\n<p>Poich\u00e9 la squama di grafite dei fiocchi di grafite ha una struttura a strati che consente loro di scorrere l'uno contro l'altro, il fiocco di grafite \u00e8 un eccellente lubrificante a secco. A differenza dell'ambiente ad alta temperatura e ad alta pressione che non pu\u00f2 essere raggiunto con le tradizionali <a href=\"https:\/\/en.wikipedia.org\/wiki\/Lubricant\" target=\"_blank\" rel=\"noopener\">lubrificanti<\/a>Ha caratteristiche di resistenza alle alte temperature. I lubrificanti a base di fiocchi di grafite sono utilizzati in macchinari, ingranaggi e cuscinetti per ridurre l'attrito e l'usura.<\/p>\n<ul>\n<li><b><\/b><strong>Additivi:\u00a0<\/strong><\/li>\n<\/ul>\n<p>I fiocchi di grafite possono essere aggiunti a gomma, plastica e altri materiali compositi per migliorarne le propriet\u00e0 meccaniche ed elettriche. Inoltre, nella gomma, la grafite migliora la conduttivit\u00e0 elettrica e la resistenza all'usura. Nelle materie plastiche, pu\u00f2 conferire conduttivit\u00e0 elettrica e stabilit\u00e0 termica, rendendo il materiale adatto a una serie di applicazioni industriali.<\/p>\n<ul>\n<li><strong>Industria elettronica:<\/strong><\/li>\n<\/ul>\n<p><em><i>Mela<\/i><\/em>\u00a0utilizza i fiocchi di grafite come materiale di raffreddamento in molti dei suoi prodotti, sfruttando la loro elevata conducibilit\u00e0 termica per gestire efficacemente il calore.<\/p>\n<ul>\n<li><strong>Industria automobilistica:<\/strong><\/li>\n<\/ul>\n<p><em><i>Tesla <\/i><\/em>ha incorporato un materiale di grafite nel suo sistema di gestione delle batterie dei veicoli elettrici per regolare la temperatura del pacco batterie. Ci\u00f2 svolge un ruolo cruciale nel mantenere l'efficienza e la sicurezza del sistema.<\/p>\n<ul>\n<li><b><\/b><strong>Aerospaziale:<\/strong><\/li>\n<\/ul>\n<p>Sia Boeing che Airbus hanno incorporato i compositi di grafite nei loro programmi di aerei commerciali, beneficiando del rapporto resistenza-peso e delle propriet\u00e0 termiche del materiale.<\/p>\n<ul>\n<li>\n<h3>Applicazione della batteria:<\/h3>\n<\/li>\n<\/ul>\n<p>I fiocchi di grafite sono un componente chiave delle batterie agli ioni di litio e possono essere utilizzati come materiali per elettrodi negativi. La sua capacit\u00e0 di incorporare ioni di litio la rende un materiale indispensabile nelle soluzioni di accumulo energetico.<\/p>\n<ul>\n<li>\n<h3><b><\/b>Protezione dalla corrosione:<\/h3>\n<\/li>\n<\/ul>\n<p>I fiocchi di grafite sono estremamente stabili dal punto di vista chimico e possono proteggere i metalli dalla corrosione agendo da barriera agli agenti corrosivi. Questa caratteristica \u00e8 utile nelle applicazioni marine e offshore, dove la resistenza alla corrosione \u00e8 fondamentale.<\/p>\n<p>&nbsp;<\/p>\n<ul>\n<li>\n<h3>Scaglie di grafite nella ghisa:<\/h3>\n<\/li>\n<\/ul>\n<p>Nel campo della metallurgia, in particolare nella produzione di ghisa grigia, i fiocchi di grafite svolgono un ruolo fondamentale. Nel processo di solidificazione del metallo caldo, con la precipitazione del carbonio dalla fase liquida, si formano naturalmente fiocchi di grafite. Questi fiocchi alterano la microstruttura del metallo, contribuendo a formare <a href=\"https:\/\/jinsuncarbon.com\/it\/prodotto\/polvere-di-grafite\/\">grafite<\/a> noduli piuttosto che cementite. Inoltre, questo cambiamento migliora le propriet\u00e0 meccaniche della ghisa, conferendole una maggiore tenacit\u00e0 e resistenza all'usura, fondamentali per le applicazioni che richiedono durata e resistenza.<\/p>\n<p>&nbsp;<\/p>\n<p>In qualit\u00e0 di fornitore di grafite in fiocchi, offriamo prezzi competitivi per favorire la vostra produzione industriale. Allo stesso tempo, vi preghiamo di fornirci gli indicatori tecnici richiesti, tra cui il contenuto di carbonio, l'umidit\u00e0, le ceneri e il contenuto di volatili.<\/p>","protected":false},"excerpt":{"rendered":"<p>I fiocchi di grafite sono un foglio sottile costituito da uno strato di grafite. Si tratta di un materiale nuovissimo che ha un effetto migliore nella conduzione e nella dissipazione del calore. Essendo un materiale ad alte prestazioni, ha un orientamento dei grani unico. Con l'accelerazione dell'aggiornamento dei prodotti elettronici e la crescente domanda di gestione della dissipazione del calore delle apparecchiature elettroniche ad alte prestazioni, questo nuovo giorno Tuttavia, la grafite fornisce una soluzione migliore. La grafite svolge un ruolo importante in molti settori industriali.<\/p>","protected":false},"featured_media":6280,"template":"","meta":[],"product_brand":[],"product_cat":[40],"product_tag":[],"class_list":{"0":"post-6275","1":"product","2":"type-product","3":"status-publish","4":"has-post-thumbnail","6":"product_cat-petroleum-coke","8":"first","9":"instock","10":"shipping-taxable","11":"product-type-simple"},"yoast_head":"<!-- This site is optimized with the Yoast SEO Premium plugin v19.2.1 (Yoast SEO v27.5) - https:\/\/yoast.com\/product\/yoast-seo-premium-wordpress\/ -->\n<title>Graphite Flakes Manufacturer | Jinsun Carbon<\/title>\n<meta name=\"description\" content=\"Graphite Flakes is a thin sheet arranged by graphite layer. It is a brand-new material with better effect in heat conduction and heat dissipation.\" \/>\n<meta name=\"robots\" content=\"index, follow, max-snippet:-1, max-image-preview:large, max-video-preview:-1\" \/>\n<link rel=\"canonical\" href=\"https:\/\/jinsuncarbon.com\/it\/prodotto\/grafite-in-scaglie\/\" \/>\n<meta property=\"og:locale\" content=\"it_IT\" \/>\n<meta property=\"og:type\" content=\"article\" \/>\n<meta property=\"og:title\" content=\"Graphite Flakes\" \/>\n<meta property=\"og:description\" content=\"Graphite Flakes is a thin sheet arranged by graphite layer. It is a brand-new material with better effect in heat conduction and heat dissipation.\" \/>\n<meta property=\"og:url\" content=\"https:\/\/jinsuncarbon.com\/it\/prodotto\/grafite-in-scaglie\/\" \/>\n<meta property=\"og:site_name\" content=\"Jinsun Carbon\" \/>\n<meta property=\"article:publisher\" content=\"https:\/\/www.facebook.com\/Graphite-Electrode-109336238661595\" \/>\n<meta property=\"article:modified_time\" content=\"2025-04-30T08:31:48+00:00\" \/>\n<meta property=\"og:image\" content=\"https:\/\/jinsuncarbon.com\/wp-content\/uploads\/2024\/10\/Graphite-Flakes-1.jpg\" \/>\n\t<meta property=\"og:image:width\" content=\"1024\" \/>\n\t<meta property=\"og:image:height\" content=\"736\" \/>\n\t<meta property=\"og:image:type\" content=\"image\/jpeg\" \/>\n<meta name=\"twitter:card\" content=\"summary_large_image\" \/>\n<meta name=\"twitter:site\" content=\"@jinsuncarbon_\" \/>\n<meta name=\"twitter:label1\" content=\"Tempo di lettura stimato\" \/>\n\t<meta name=\"twitter:data1\" content=\"4 minuti\" \/>\n<script type=\"application\/ld+json\" class=\"yoast-schema-graph\">{\"@context\":\"https:\\\/\\\/schema.org\",\"@graph\":[{\"@type\":\"WebPage\",\"@id\":\"https:\\\/\\\/jinsuncarbon.com\\\/product\\\/flake-graphite\\\/\",\"url\":\"https:\\\/\\\/jinsuncarbon.com\\\/product\\\/flake-graphite\\\/\",\"name\":\"Graphite Flakes Manufacturer | Jinsun Carbon\",\"isPartOf\":{\"@id\":\"https:\\\/\\\/jinsuncarbon.com\\\/#website\"},\"primaryImageOfPage\":{\"@id\":\"https:\\\/\\\/jinsuncarbon.com\\\/product\\\/flake-graphite\\\/#primaryimage\"},\"image\":{\"@id\":\"https:\\\/\\\/jinsuncarbon.com\\\/product\\\/flake-graphite\\\/#primaryimage\"},\"thumbnailUrl\":\"https:\\\/\\\/jinsuncarbon.com\\\/wp-content\\\/uploads\\\/2024\\\/10\\\/Graphite-Flakes-1.jpg\",\"datePublished\":\"2024-10-30T12:12:33+00:00\",\"dateModified\":\"2025-04-30T08:31:48+00:00\",\"description\":\"Graphite Flakes is a thin sheet arranged by graphite layer. It is a brand-new material with better effect in heat conduction and heat dissipation.\",\"breadcrumb\":{\"@id\":\"https:\\\/\\\/jinsuncarbon.com\\\/product\\\/flake-graphite\\\/#breadcrumb\"},\"inLanguage\":\"it-IT\",\"potentialAction\":[{\"@type\":\"ReadAction\",\"target\":[\"https:\\\/\\\/jinsuncarbon.com\\\/product\\\/flake-graphite\\\/\"]}]},{\"@type\":\"ImageObject\",\"inLanguage\":\"it-IT\",\"@id\":\"https:\\\/\\\/jinsuncarbon.com\\\/product\\\/flake-graphite\\\/#primaryimage\",\"url\":\"https:\\\/\\\/jinsuncarbon.com\\\/wp-content\\\/uploads\\\/2024\\\/10\\\/Graphite-Flakes-1.jpg\",\"contentUrl\":\"https:\\\/\\\/jinsuncarbon.com\\\/wp-content\\\/uploads\\\/2024\\\/10\\\/Graphite-Flakes-1.jpg\",\"width\":1024,\"height\":736,\"caption\":\"Graphite Flakes - Jinsuncarbon\"},{\"@type\":\"BreadcrumbList\",\"@id\":\"https:\\\/\\\/jinsuncarbon.com\\\/product\\\/flake-graphite\\\/#breadcrumb\",\"itemListElement\":[{\"@type\":\"ListItem\",\"position\":1,\"name\":\"Home\",\"item\":\"https:\\\/\\\/jinsuncarbon.com\\\/\"},{\"@type\":\"ListItem\",\"position\":2,\"name\":\"Products\",\"item\":\"https:\\\/\\\/jinsuncarbon.com\\\/graphite-carbon\\\/\"},{\"@type\":\"ListItem\",\"position\":3,\"name\":\"Graphite Flakes\"}]},{\"@type\":\"WebSite\",\"@id\":\"https:\\\/\\\/jinsuncarbon.com\\\/#website\",\"url\":\"https:\\\/\\\/jinsuncarbon.com\\\/\",\"name\":\"Jinsun Carbon\",\"description\":\"We are the successful graphite electrode manufacturer in China\",\"publisher\":{\"@id\":\"https:\\\/\\\/jinsuncarbon.com\\\/#organization\"},\"potentialAction\":[{\"@type\":\"SearchAction\",\"target\":{\"@type\":\"EntryPoint\",\"urlTemplate\":\"https:\\\/\\\/jinsuncarbon.com\\\/?s={search_term_string}\"},\"query-input\":{\"@type\":\"PropertyValueSpecification\",\"valueRequired\":true,\"valueName\":\"search_term_string\"}}],\"inLanguage\":\"it-IT\"},{\"@type\":\"Organization\",\"@id\":\"https:\\\/\\\/jinsuncarbon.com\\\/#organization\",\"name\":\"Jinsun Carbon\",\"alternateName\":\"Jinsun Carbon\",\"url\":\"https:\\\/\\\/jinsuncarbon.com\\\/\",\"logo\":{\"@type\":\"ImageObject\",\"inLanguage\":\"it-IT\",\"@id\":\"https:\\\/\\\/jinsuncarbon.com\\\/#\\\/schema\\\/logo\\\/image\\\/\",\"url\":\"https:\\\/\\\/jinsuncarbon.com\\\/wp-content\\\/uploads\\\/2022\\\/12\\\/LOGO-1.png\",\"contentUrl\":\"https:\\\/\\\/jinsuncarbon.com\\\/wp-content\\\/uploads\\\/2022\\\/12\\\/LOGO-1.png\",\"width\":207,\"height\":80,\"caption\":\"Jinsun Carbon\"},\"image\":{\"@id\":\"https:\\\/\\\/jinsuncarbon.com\\\/#\\\/schema\\\/logo\\\/image\\\/\"},\"sameAs\":[\"https:\\\/\\\/www.facebook.com\\\/Graphite-Electrode-109336238661595\",\"https:\\\/\\\/x.com\\\/jinsuncarbon_\",\"https:\\\/\\\/www.linkedin.com\\\/in\\\/jinsungraphite\",\"https:\\\/\\\/www.youtube.com\\\/channel\\\/UCysDNyvyR5-3cCWEmpkVC0g\"]}]}<\/script>\n<!-- \/ Yoast SEO Premium plugin. -->","yoast_head_json":{"title":"Fiocchi di grafite Fornitore | Jinsun Carbon","description":"I fiocchi di grafite sono un foglio sottile organizzato da uno strato di grafite. Si tratta di un materiale nuovissimo che ha un effetto migliore nella conduzione e nella dissipazione del calore.","robots":{"index":"index","follow":"follow","max-snippet":"max-snippet:-1","max-image-preview":"max-image-preview:large","max-video-preview":"max-video-preview:-1"},"canonical":"https:\/\/jinsuncarbon.com\/it\/prodotto\/grafite-in-scaglie\/","og_locale":"it_IT","og_type":"article","og_title":"Graphite Flakes","og_description":"Graphite Flakes is a thin sheet arranged by graphite layer. It is a brand-new material with better effect in heat conduction and heat dissipation.","og_url":"https:\/\/jinsuncarbon.com\/it\/prodotto\/grafite-in-scaglie\/","og_site_name":"Jinsun Carbon","article_publisher":"https:\/\/www.facebook.com\/Graphite-Electrode-109336238661595","article_modified_time":"2025-04-30T08:31:48+00:00","og_image":[{"width":1024,"height":736,"url":"https:\/\/jinsuncarbon.com\/wp-content\/uploads\/2024\/10\/Graphite-Flakes-1.jpg","type":"image\/jpeg"}],"twitter_card":"summary_large_image","twitter_site":"@jinsuncarbon_","twitter_misc":{"Tempo di lettura stimato":"4 minuti"},"schema":{"@context":"https:\/\/schema.org","@graph":[{"@type":"WebPage","@id":"https:\/\/jinsuncarbon.com\/product\/flake-graphite\/","url":"https:\/\/jinsuncarbon.com\/product\/flake-graphite\/","name":"Fiocchi di grafite Fornitore | Jinsun Carbon","isPartOf":{"@id":"https:\/\/jinsuncarbon.com\/#website"},"primaryImageOfPage":{"@id":"https:\/\/jinsuncarbon.com\/product\/flake-graphite\/#primaryimage"},"image":{"@id":"https:\/\/jinsuncarbon.com\/product\/flake-graphite\/#primaryimage"},"thumbnailUrl":"https:\/\/jinsuncarbon.com\/wp-content\/uploads\/2024\/10\/Graphite-Flakes-1.jpg","datePublished":"2024-10-30T12:12:33+00:00","dateModified":"2025-04-30T08:31:48+00:00","description":"I fiocchi di grafite sono un foglio sottile organizzato da uno strato di grafite. Si tratta di un materiale nuovissimo che ha un effetto migliore nella conduzione e nella dissipazione del calore.","breadcrumb":{"@id":"https:\/\/jinsuncarbon.com\/product\/flake-graphite\/#breadcrumb"},"inLanguage":"it-IT","potentialAction":[{"@type":"ReadAction","target":["https:\/\/jinsuncarbon.com\/product\/flake-graphite\/"]}]},{"@type":"ImageObject","inLanguage":"it-IT","@id":"https:\/\/jinsuncarbon.com\/product\/flake-graphite\/#primaryimage","url":"https:\/\/jinsuncarbon.com\/wp-content\/uploads\/2024\/10\/Graphite-Flakes-1.jpg","contentUrl":"https:\/\/jinsuncarbon.com\/wp-content\/uploads\/2024\/10\/Graphite-Flakes-1.jpg","width":1024,"height":736,"caption":"Graphite Flakes - Jinsuncarbon"},{"@type":"BreadcrumbList","@id":"https:\/\/jinsuncarbon.com\/product\/flake-graphite\/#breadcrumb","itemListElement":[{"@type":"ListItem","position":1,"name":"Home","item":"https:\/\/jinsuncarbon.com\/"},{"@type":"ListItem","position":2,"name":"Products","item":"https:\/\/jinsuncarbon.com\/graphite-carbon\/"},{"@type":"ListItem","position":3,"name":"Graphite Flakes"}]},{"@type":"WebSite","@id":"https:\/\/jinsuncarbon.com\/#website","url":"https:\/\/jinsuncarbon.com\/","name":"Jinsun Carbon","description":"Siamo il produttore di elettrodi di grafite di successo in Cina","publisher":{"@id":"https:\/\/jinsuncarbon.com\/#organization"},"potentialAction":[{"@type":"SearchAction","target":{"@type":"EntryPoint","urlTemplate":"https:\/\/jinsuncarbon.com\/?s={search_term_string}"},"query-input":{"@type":"PropertyValueSpecification","valueRequired":true,"valueName":"search_term_string"}}],"inLanguage":"it-IT"},{"@type":"Organization","@id":"https:\/\/jinsuncarbon.com\/#organization","name":"Jinsun Carbon","alternateName":"Jinsun Carbon","url":"https:\/\/jinsuncarbon.com\/","logo":{"@type":"ImageObject","inLanguage":"it-IT","@id":"https:\/\/jinsuncarbon.com\/#\/schema\/logo\/image\/","url":"https:\/\/jinsuncarbon.com\/wp-content\/uploads\/2022\/12\/LOGO-1.png","contentUrl":"https:\/\/jinsuncarbon.com\/wp-content\/uploads\/2022\/12\/LOGO-1.png","width":207,"height":80,"caption":"Jinsun Carbon"},"image":{"@id":"https:\/\/jinsuncarbon.com\/#\/schema\/logo\/image\/"},"sameAs":["https:\/\/www.facebook.com\/Graphite-Electrode-109336238661595","https:\/\/x.com\/jinsuncarbon_","https:\/\/www.linkedin.com\/in\/jinsungraphite","https:\/\/www.youtube.com\/channel\/UCysDNyvyR5-3cCWEmpkVC0g"]}]}},"_links":{"self":[{"href":"https:\/\/jinsuncarbon.com\/it\/wp-json\/wp\/v2\/product\/6275","targetHints":{"allow":["GET"]}}],"collection":[{"href":"https:\/\/jinsuncarbon.com\/it\/wp-json\/wp\/v2\/product"}],"about":[{"href":"https:\/\/jinsuncarbon.com\/it\/wp-json\/wp\/v2\/types\/product"}],"wp:featuredmedia":[{"embeddable":true,"href":"https:\/\/jinsuncarbon.com\/it\/wp-json\/wp\/v2\/media\/6280"}],"wp:attachment":[{"href":"https:\/\/jinsuncarbon.com\/it\/wp-json\/wp\/v2\/media?parent=6275"}],"wp:term":[{"taxonomy":"product_brand","embeddable":true,"href":"https:\/\/jinsuncarbon.com\/it\/wp-json\/wp\/v2\/product_brand?post=6275"},{"taxonomy":"product_cat","embeddable":true,"href":"https:\/\/jinsuncarbon.com\/it\/wp-json\/wp\/v2\/product_cat?post=6275"},{"taxonomy":"product_tag","embeddable":true,"href":"https:\/\/jinsuncarbon.com\/it\/wp-json\/wp\/v2\/product_tag?post=6275"}],"curies":[{"name":"wp","href":"https:\/\/api.w.org\/{rel}","templated":true}]}}