{"id":4091,"date":"2024-02-02T09:45:55","date_gmt":"2024-02-02T09:45:55","guid":{"rendered":"https:\/\/jinsuncarbon.com\/?post_type=product&#038;p=4091"},"modified":"2024-11-01T01:07:37","modified_gmt":"2024-11-01T01:07:37","slug":"nipplo-per-elettrodi-in-grafite","status":"publish","type":"product","link":"https:\/\/jinsuncarbon.com\/it\/prodotto\/nipplo-per-elettrodi-in-grafite\/","title":{"rendered":"Nipplo per elettrodo in grafite"},"content":{"rendered":"<p>I nippli per elettrodi in grafite sono di due tipi<strong>:<\/strong>\u00a0uno \u00e8 cilindrico<strong>,<\/strong>\u00a0e l'altro \u00e8 conico<strong>.<\/strong> Al giorno d'oggi, i nippli conici con RP, HP e <a href=\"https:\/\/jinsuncarbon.com\/it\/prodotto\/elettrodo-di-grafite-uhp\/\">Elettrodi di grafite UHP<\/a> sono utilizzati principalmente in tutto il mondo.<\/p>\n<p>Poich\u00e9 l'area della sezione trasversale degli elettrodi nippli in grafite \u00e8 inferiore a quella dell'elettrodo a cui \u00e8 collegato, il materiale da cui \u00e8 prodotto il nipplo ha una resistenza alla compressione superiore a quella dell'elettrodo a cui \u00e8 collegato e ha una resistivit\u00e0 inferiore.<\/p>\n<p>Nel processo di produzione di stele EAF, con la combustione dell'elettrodo di grafite inferiore, \u00e8 necessario sostituire e collegare costantemente nuovi elettrodi. La funzione del nipplo \u00e8 quella di completare il collegamento tra gli elettrodi.<\/p>\n<h2>Connessioni del nipplo dell'elettrodo in grafite<\/h2>\n<p>Per migliorare la qualit\u00e0 del collegamento degli elettrodi di grafite e prevenire l'allentamento dei nippli, scavare due scanalature sul nipplo lungo la filettatura longitudinale trasversale e inserire il perno di asfalto sul corpo del nipplo. Durante <a href=\"https:\/\/en.wikipedia.org\/wiki\/Electric_arc_furnace\" target=\"_blank\" rel=\"noopener\">Produzione di acciaio EAF<\/a>, la temperatura aumenta dopo aver elettrificato gli elettrodi di grafite.<\/p>\n<p>La pece si scioglie a una temperatura specifica. Quando il bitume si scioglie, scorre nello spazio tra il nipplo filettato e la scanalatura. Quando la temperatura aumenta, il bitume si carbonizza. Il risultato \u00e8 che la filettatura della tettarella e il foro della tettarella si condensano in un unico pezzo. Questo risultato riduce l'allentamento del capezzolo quando gli elettrodi di grafite vengono utilizzati nella produzione di acciaio in forni elettrici ad arco.<\/p>\n<p>&nbsp;<\/p>\n<h2>Nippli per elettrodi in grafite Dimensioni<\/h2>\n<p><strong>\u00a0 \u00a0 \u00a0 \u00a0 \u00a0 \u00a0 \u00a0 \u00a0 \u00a0 \u00a0 \u00a0 \u00a0 \u00a0 \u00a0 \u00a0 \u00a0 \u00a0 \u00a0 \u00a0 \u00a0 \u00a0 \u00a0 \u00a0 \u00a0 \u00a0 \u00a0 \u00a0 \u00a0 \u00a0 \u00a0 \u00a0 \u00a0 \u00a0 \u00a0 \u00a0 \u00a0 \u00a0 \u00a0 \u00a0 \u00a0 \u00a0 \u00a0 \u00a0 \u00a0 \u00a0 \u00a0 \u00a0 \u00a0 \u00a0 \u00a0 \u00a0 \u00a0 \u00a0 \u00a0 \u00a0 \u00a0 \u00a0 \u00a0 \u00a0 \u00a0 \u00a0 \u00a0 \u00a0 \u00a0 \u00a0 \u00a0 \u00a0 \u00a0 \u00a0 \u00a0 \u00a0 \u00a0 \u00a0 \u00a0 \u00a0 \u00a0 \u00a0 \u00a0 \u00a0 \u00a0 \u00a0 \u00a0 \u00a0 \u00a0 \u00a0 \u00a0 \u00a0 \u00a0 \u00a0 \u00a0 \u00a0 \u00a0 \u00a0 \u00a0 \u00a0 \u00a0 \u00a0 \u00a0 \u00a0 \u00a0 \u00a0 \u00a0 \u00a0 \u00a0 \u00a0 \u00a0 \u00a0 \u00a0 \u00a0 \u00a0 \u00a0 \u00a0 \u00a0 \u00a0 \u00a0 \u00a0 \u00a0 \u00a0 \u00a0 \u00a0 \u00a0 \u00a0 \u00a0 \u00a0 \u00a0 \u00a0 \u00a0 \u00a0 \u00a0 \u00a0 \u00a0 Unit\u00e0: mm<\/strong><\/p>\n<table>\n<tbody>\n<tr>\n<td rowspan=\"2\" width=\"73\">&nbsp;<\/p>\n<p>Nominale<\/p>\n<p>Diametro<\/td>\n<td rowspan=\"2\" width=\"94\">Internazionale<\/p>\n<p>Codice secondo IEC<\/td>\n<td colspan=\"2\" width=\"132\">&nbsp;<\/p>\n<p>Capezzolo<\/td>\n<td rowspan=\"2\" width=\"66\">Centro<\/p>\n<p>Diametro<\/p>\n<p>D2\/D2<\/td>\n<td colspan=\"2\" width=\"142\">&nbsp;<\/p>\n<p>Presa di corrente<\/td>\n<td rowspan=\"2\" width=\"60\">Il filo<\/p>\n<p>passo<\/td>\n<\/tr>\n<tr>\n<td width=\"76\">Grande<\/p>\n<p>diametro.<\/td>\n<td width=\"57\">Lunghezza<\/td>\n<td width=\"76\">Piccolo<\/p>\n<p>diametro.<\/td>\n<td width=\"66\">Presa di corrente<\/p>\n<p>profondit\u00e0<\/td>\n<\/tr>\n<tr>\n<td width=\"73\">300<\/td>\n<td width=\"94\">177T3N<\/td>\n<td width=\"76\">177.16<\/td>\n<td width=\"57\">270.90<\/td>\n<td width=\"66\">172.95<\/td>\n<td width=\"76\">168.73<\/td>\n<td width=\"66\">141.50<\/td>\n<td rowspan=\"9\" width=\"60\">8.47<\/td>\n<\/tr>\n<tr>\n<td width=\"73\">350<\/td>\n<td width=\"94\">215 T3N<\/td>\n<td width=\"76\">215.90<\/td>\n<td width=\"57\">304.80<\/td>\n<td width=\"66\">211.69<\/td>\n<td width=\"76\">207.47<\/td>\n<td width=\"66\">158.40<\/td>\n<\/tr>\n<tr>\n<td width=\"73\">400<\/td>\n<td width=\"94\">215 T3N<\/td>\n<td width=\"76\">215.90<\/td>\n<td width=\"57\">304.80<\/td>\n<td width=\"66\">211.69<\/td>\n<td width=\"76\">207.47<\/td>\n<td width=\"66\">158.40<\/td>\n<\/tr>\n<tr>\n<td width=\"73\">400<\/td>\n<td width=\"94\">241 T3N<\/td>\n<td width=\"76\">241.30<\/td>\n<td width=\"57\">338.70<\/td>\n<td width=\"66\">237.09<\/td>\n<td width=\"76\">232.87<\/td>\n<td width=\"66\">175.30<\/td>\n<\/tr>\n<tr>\n<td width=\"73\">450<\/td>\n<td width=\"94\">241 T3N<\/td>\n<td width=\"76\">241.30<\/td>\n<td width=\"57\">338.70<\/td>\n<td width=\"66\">237.09<\/td>\n<td width=\"76\">232.87<\/td>\n<td width=\"66\">175.30<\/td>\n<\/tr>\n<tr>\n<td width=\"73\">450<\/td>\n<td width=\"94\">273 T3N<\/td>\n<td width=\"76\">273.05<\/td>\n<td width=\"57\">355.60<\/td>\n<td width=\"66\">268.84<\/td>\n<td width=\"76\">264.62<\/td>\n<td width=\"66\">183.80<\/td>\n<\/tr>\n<tr>\n<td width=\"73\">500<\/td>\n<td width=\"94\">273 T3N<\/td>\n<td width=\"76\">273.05<\/td>\n<td width=\"57\">355.60<\/td>\n<td width=\"66\">268.84<\/td>\n<td width=\"76\">264.62<\/td>\n<td width=\"66\">183.80<\/td>\n<\/tr>\n<tr>\n<td width=\"73\">500<\/td>\n<td width=\"94\">298 T3N<\/td>\n<td width=\"76\">298.45<\/td>\n<td width=\"57\">372.60<\/td>\n<td width=\"66\">294.24<\/td>\n<td width=\"76\">290.02<\/td>\n<td width=\"66\">192.20<\/td>\n<\/tr>\n<tr>\n<td width=\"73\">550<\/td>\n<td width=\"94\">298 T3N<\/td>\n<td width=\"76\">298.45<\/td>\n<td width=\"57\">372.60<\/td>\n<td width=\"66\">294.24<\/td>\n<td width=\"76\">290.02<\/td>\n<td width=\"66\">192.20<\/td>\n<\/tr>\n<tr>\n<td colspan=\"7\" width=\"508\"><\/td>\n<td width=\"60\"><\/td>\n<\/tr>\n<tr>\n<td width=\"73\">300<\/td>\n<td width=\"94\">177T4N<\/td>\n<td width=\"76\">177.80<\/td>\n<td width=\"57\">215.90<\/td>\n<td width=\"66\">176.64<\/td>\n<td width=\"76\">171.48<\/td>\n<td width=\"66\">114.00<\/td>\n<td rowspan=\"14\" width=\"60\">6.35<\/td>\n<\/tr>\n<tr>\n<td width=\"73\">350<\/td>\n<td width=\"94\">203 T4N<\/td>\n<td width=\"76\">203.20<\/td>\n<td width=\"57\">254.00<\/td>\n<td width=\"66\">200.04<\/td>\n<td width=\"76\">196.88<\/td>\n<td width=\"66\">133.00<\/td>\n<\/tr>\n<tr>\n<td width=\"73\">400<\/td>\n<td width=\"94\">222 T4N<\/td>\n<td width=\"76\">222.25<\/td>\n<td width=\"57\">304.80<\/td>\n<td width=\"66\">219.09<\/td>\n<td width=\"76\">215.93<\/td>\n<td width=\"66\">158.40<\/td>\n<\/tr>\n<tr>\n<td width=\"73\">400<\/td>\n<td width=\"94\">222 T4N<\/td>\n<td width=\"76\">222.25<\/td>\n<td width=\"57\">355.60<\/td>\n<td width=\"66\">219.09<\/td>\n<td width=\"76\">215.93<\/td>\n<td width=\"66\">183.80<\/td>\n<\/tr>\n<tr>\n<td width=\"73\">450<\/td>\n<td width=\"94\">241 T4N<\/td>\n<td width=\"76\">241.30<\/td>\n<td width=\"57\">304.80<\/td>\n<td width=\"66\">238.14<\/td>\n<td width=\"76\">234.98<\/td>\n<td width=\"66\">158.40<\/td>\n<\/tr>\n<tr>\n<td width=\"73\">450<\/td>\n<td width=\"94\">241 T4N<\/td>\n<td width=\"76\">241.30<\/td>\n<td width=\"57\">355.60<\/td>\n<td width=\"66\">238.14<\/td>\n<td width=\"76\">234.98<\/td>\n<td width=\"66\">183.80<\/td>\n<\/tr>\n<tr>\n<td width=\"73\">500<\/td>\n<td width=\"94\">269 T4N<\/td>\n<td width=\"76\">269.88<\/td>\n<td width=\"57\">355.60<\/td>\n<td width=\"66\">266.72<\/td>\n<td width=\"76\">263.56<\/td>\n<td width=\"66\">183.80<\/td>\n<\/tr>\n<tr>\n<td width=\"73\">500<\/td>\n<td width=\"94\">269 T4N<\/td>\n<td width=\"76\">269.88<\/td>\n<td width=\"57\">457.20<\/td>\n<td width=\"66\">266.72<\/td>\n<td width=\"76\">263.56<\/td>\n<td width=\"66\">234.60<\/p>\n<p>&nbsp;<\/td>\n<\/tr>\n<tr>\n<td width=\"73\">550<\/td>\n<td width=\"94\">298 T4N<\/td>\n<td width=\"76\">298.45<\/td>\n<td width=\"57\">355.60<\/td>\n<td width=\"66\">295.29<\/td>\n<td width=\"76\">292.13<\/td>\n<td width=\"66\">183.80<\/td>\n<\/tr>\n<tr>\n<td width=\"73\">550<\/td>\n<td width=\"94\">298 T4N<\/td>\n<td width=\"76\">298.45<\/td>\n<td width=\"57\">457.20<\/td>\n<td width=\"66\">295.29<\/td>\n<td width=\"76\">292.13<\/td>\n<td width=\"66\">234.60<\/td>\n<\/tr>\n<tr>\n<td width=\"73\">600<\/td>\n<td width=\"94\">317 T4N<\/td>\n<td width=\"76\">317.50<\/td>\n<td width=\"57\">355.60<\/td>\n<td width=\"66\">314.34<\/td>\n<td width=\"76\">311.18<\/td>\n<td width=\"66\">183.80<\/td>\n<\/tr>\n<tr>\n<td width=\"73\">600<\/td>\n<td width=\"94\">317 T4N<\/td>\n<td width=\"76\">317.50<\/td>\n<td width=\"57\">457.20<\/td>\n<td width=\"66\">314.34<\/td>\n<td width=\"76\">311.18<\/td>\n<td width=\"66\">234.60<\/td>\n<\/tr>\n<tr>\n<td width=\"73\">700<\/td>\n<td width=\"94\">374 T4N<\/td>\n<td width=\"76\">374.65<\/td>\n<td width=\"57\">457.20<\/td>\n<td width=\"66\">371.49<\/td>\n<td width=\"76\">368.33<\/td>\n<td width=\"66\">234.60<\/td>\n<\/tr>\n<tr>\n<td width=\"73\">700<\/td>\n<td width=\"94\">374 T4N<\/td>\n<td width=\"76\">374.65<\/td>\n<td width=\"57\">558.80<\/td>\n<td width=\"66\">371.49<\/td>\n<td width=\"76\">368.33<\/td>\n<td width=\"66\">285.40<\/td>\n<\/tr>\n<\/tbody>\n<\/table>","protected":false},"excerpt":{"rendered":"<p>I nippli per elettrodi in grafite sono importanti per collegare gli elettrodi nei processi industriali di siderurgia EAF. Conducono l'elettricit\u00e0, consentendo il passaggio della corrente attraverso gli elettrodi. I nippli per elettrodi in grafite sono disponibili in vari diametri e lunghezze, con dimensioni e forma del raccordo che dipendono dall'applicazione.<\/p>\n<p>Il nipplo deve essere ispezionato attentamente per verificare che non sia danneggiato o usurato e, se necessario, deve essere sostituito. Quando il<a href=\"https:\/\/jinsuncarbon.com\/it\/prodotto\/elettrodo-di-grafite\/\">\u00a0elettrodo di grafite<\/a> Quando l'elettrodo lascia la fabbrica, la superficie deve essere lavorata e le due estremit\u00e0 vengono trasformate in fori per nippli con filettatura trapezoidale. Ogni elettrodo \u00e8 dotato di un nipplo.<\/p>","protected":false},"featured_media":1136,"template":"","meta":[],"product_brand":[],"product_cat":[37],"product_tag":[],"class_list":{"0":"post-4091","1":"product","2":"type-product","3":"status-publish","4":"has-post-thumbnail","6":"product_cat-graphite-electrode","8":"first","9":"instock","10":"shipping-taxable","11":"product-type-simple"},"yoast_head":"<!-- This site is optimized with the Yoast SEO Premium plugin v19.2.1 (Yoast SEO v25.3) - https:\/\/yoast.com\/wordpress\/plugins\/seo\/ -->\n<title>Graphite Electrode Nipple | Jinsun Carbon<\/title>\n<meta name=\"description\" content=\"Graphite electrode nipple, its main function in electric arc furnace is to connect two graphite electrodes. Ensure continuous use of electrodes.\" \/>\n<meta name=\"robots\" content=\"index, follow, max-snippet:-1, max-image-preview:large, max-video-preview:-1\" \/>\n<link rel=\"canonical\" href=\"https:\/\/jinsuncarbon.com\/it\/prodotto\/nipplo-per-elettrodi-in-grafite\/\" \/>\n<meta property=\"og:locale\" content=\"it_IT\" \/>\n<meta property=\"og:type\" content=\"article\" \/>\n<meta property=\"og:title\" content=\"Graphite Electrode Nipple\" \/>\n<meta property=\"og:description\" content=\"Graphite electrode nipple, its main function in electric arc furnace is to connect two graphite electrodes. Ensure continuous use of electrodes.\" \/>\n<meta property=\"og:url\" content=\"https:\/\/jinsuncarbon.com\/it\/prodotto\/nipplo-per-elettrodi-in-grafite\/\" \/>\n<meta property=\"og:site_name\" content=\"Jinsun Carbon\" \/>\n<meta property=\"article:publisher\" content=\"https:\/\/www.facebook.com\/Graphite-Electrode-109336238661595\" \/>\n<meta property=\"article:modified_time\" content=\"2024-11-01T01:07:37+00:00\" \/>\n<meta property=\"og:image\" content=\"https:\/\/jinsuncarbon.com\/wp-content\/uploads\/2022\/12\/nipples2-scaled.jpg\" \/>\n\t<meta property=\"og:image:width\" content=\"1920\" \/>\n\t<meta property=\"og:image:height\" content=\"1280\" \/>\n\t<meta property=\"og:image:type\" content=\"image\/jpeg\" \/>\n<meta name=\"twitter:card\" content=\"summary_large_image\" \/>\n<meta name=\"twitter:site\" content=\"@jinsuncarbon_\" \/>\n<meta name=\"twitter:label1\" content=\"Tempo di lettura stimato\" \/>\n\t<meta name=\"twitter:data1\" content=\"3 minuti\" \/>\n<script type=\"application\/ld+json\" class=\"yoast-schema-graph\">{\"@context\":\"https:\/\/schema.org\",\"@graph\":[{\"@type\":\"WebPage\",\"@id\":\"https:\/\/jinsuncarbon.com\/product\/graphite-electrode-nipple\/\",\"url\":\"https:\/\/jinsuncarbon.com\/product\/graphite-electrode-nipple\/\",\"name\":\"Graphite Electrode Nipple | Jinsun Carbon\",\"isPartOf\":{\"@id\":\"https:\/\/jinsuncarbon.com\/#website\"},\"primaryImageOfPage\":{\"@id\":\"https:\/\/jinsuncarbon.com\/product\/graphite-electrode-nipple\/#primaryimage\"},\"image\":{\"@id\":\"https:\/\/jinsuncarbon.com\/product\/graphite-electrode-nipple\/#primaryimage\"},\"thumbnailUrl\":\"https:\/\/jinsuncarbon.com\/wp-content\/uploads\/2022\/12\/nipples2-scaled.jpg\",\"datePublished\":\"2024-02-02T09:45:55+00:00\",\"dateModified\":\"2024-11-01T01:07:37+00:00\",\"description\":\"Graphite electrode nipple, its main function in electric arc furnace is to connect two graphite electrodes. Ensure continuous use of electrodes.\",\"breadcrumb\":{\"@id\":\"https:\/\/jinsuncarbon.com\/product\/graphite-electrode-nipple\/#breadcrumb\"},\"inLanguage\":\"it-IT\",\"potentialAction\":[{\"@type\":\"ReadAction\",\"target\":[\"https:\/\/jinsuncarbon.com\/product\/graphite-electrode-nipple\/\"]}]},{\"@type\":\"ImageObject\",\"inLanguage\":\"it-IT\",\"@id\":\"https:\/\/jinsuncarbon.com\/product\/graphite-electrode-nipple\/#primaryimage\",\"url\":\"https:\/\/jinsuncarbon.com\/wp-content\/uploads\/2022\/12\/nipples2-scaled.jpg\",\"contentUrl\":\"https:\/\/jinsuncarbon.com\/wp-content\/uploads\/2022\/12\/nipples2-scaled.jpg\",\"width\":1920,\"height\":1280,\"caption\":\"graphite electrode nipple\"},{\"@type\":\"BreadcrumbList\",\"@id\":\"https:\/\/jinsuncarbon.com\/product\/graphite-electrode-nipple\/#breadcrumb\",\"itemListElement\":[{\"@type\":\"ListItem\",\"position\":1,\"name\":\"Home\",\"item\":\"https:\/\/jinsuncarbon.com\/\"},{\"@type\":\"ListItem\",\"position\":2,\"name\":\"Products\",\"item\":\"https:\/\/jinsuncarbon.com\/graphite-carbon\/\"},{\"@type\":\"ListItem\",\"position\":3,\"name\":\"Graphite Electrode Nipple\"}]},{\"@type\":\"WebSite\",\"@id\":\"https:\/\/jinsuncarbon.com\/#website\",\"url\":\"https:\/\/jinsuncarbon.com\/\",\"name\":\"Jinsun Carbon\",\"description\":\"We are the successful graphite electrode manufacturer in China\",\"publisher\":{\"@id\":\"https:\/\/jinsuncarbon.com\/#organization\"},\"potentialAction\":[{\"@type\":\"SearchAction\",\"target\":{\"@type\":\"EntryPoint\",\"urlTemplate\":\"https:\/\/jinsuncarbon.com\/?s={search_term_string}\"},\"query-input\":{\"@type\":\"PropertyValueSpecification\",\"valueRequired\":true,\"valueName\":\"search_term_string\"}}],\"inLanguage\":\"it-IT\"},{\"@type\":\"Organization\",\"@id\":\"https:\/\/jinsuncarbon.com\/#organization\",\"name\":\"Jinsun Carbon\",\"alternateName\":\"Jinsun Carbon\",\"url\":\"https:\/\/jinsuncarbon.com\/\",\"logo\":{\"@type\":\"ImageObject\",\"inLanguage\":\"it-IT\",\"@id\":\"https:\/\/jinsuncarbon.com\/#\/schema\/logo\/image\/\",\"url\":\"https:\/\/jinsuncarbon.com\/wp-content\/uploads\/2022\/12\/LOGO-1.png\",\"contentUrl\":\"https:\/\/jinsuncarbon.com\/wp-content\/uploads\/2022\/12\/LOGO-1.png\",\"width\":207,\"height\":80,\"caption\":\"Jinsun Carbon\"},\"image\":{\"@id\":\"https:\/\/jinsuncarbon.com\/#\/schema\/logo\/image\/\"},\"sameAs\":[\"https:\/\/www.facebook.com\/Graphite-Electrode-109336238661595\",\"https:\/\/x.com\/jinsuncarbon_\",\"https:\/\/www.linkedin.com\/in\/jinsungraphite\",\"https:\/\/www.youtube.com\/channel\/UCysDNyvyR5-3cCWEmpkVC0g\"]}]}<\/script>\n<!-- \/ Yoast SEO Premium plugin. -->","yoast_head_json":{"title":"Nipplo per elettrodo in grafite | Jinsun Carbon","description":"Il nipplo per elettrodi di grafite, la cui funzione principale nel forno elettrico ad arco \u00e8 quella di collegare due elettrodi di grafite. Assicura l'uso continuo degli elettrodi.","robots":{"index":"index","follow":"follow","max-snippet":"max-snippet:-1","max-image-preview":"max-image-preview:large","max-video-preview":"max-video-preview:-1"},"canonical":"https:\/\/jinsuncarbon.com\/it\/prodotto\/nipplo-per-elettrodi-in-grafite\/","og_locale":"it_IT","og_type":"article","og_title":"Graphite Electrode Nipple","og_description":"Graphite electrode nipple, its main function in electric arc furnace is to connect two graphite electrodes. Ensure continuous use of electrodes.","og_url":"https:\/\/jinsuncarbon.com\/it\/prodotto\/nipplo-per-elettrodi-in-grafite\/","og_site_name":"Jinsun Carbon","article_publisher":"https:\/\/www.facebook.com\/Graphite-Electrode-109336238661595","article_modified_time":"2024-11-01T01:07:37+00:00","og_image":[{"width":1920,"height":1280,"url":"https:\/\/jinsuncarbon.com\/wp-content\/uploads\/2022\/12\/nipples2-scaled.jpg","type":"image\/jpeg"}],"twitter_card":"summary_large_image","twitter_site":"@jinsuncarbon_","twitter_misc":{"Tempo di lettura stimato":"3 minuti"},"schema":{"@context":"https:\/\/schema.org","@graph":[{"@type":"WebPage","@id":"https:\/\/jinsuncarbon.com\/product\/graphite-electrode-nipple\/","url":"https:\/\/jinsuncarbon.com\/product\/graphite-electrode-nipple\/","name":"Nipplo per elettrodo in grafite | Jinsun Carbon","isPartOf":{"@id":"https:\/\/jinsuncarbon.com\/#website"},"primaryImageOfPage":{"@id":"https:\/\/jinsuncarbon.com\/product\/graphite-electrode-nipple\/#primaryimage"},"image":{"@id":"https:\/\/jinsuncarbon.com\/product\/graphite-electrode-nipple\/#primaryimage"},"thumbnailUrl":"https:\/\/jinsuncarbon.com\/wp-content\/uploads\/2022\/12\/nipples2-scaled.jpg","datePublished":"2024-02-02T09:45:55+00:00","dateModified":"2024-11-01T01:07:37+00:00","description":"Il nipplo per elettrodi di grafite, la cui funzione principale nel forno elettrico ad arco \u00e8 quella di collegare due elettrodi di grafite. Assicura l'uso continuo degli elettrodi.","breadcrumb":{"@id":"https:\/\/jinsuncarbon.com\/product\/graphite-electrode-nipple\/#breadcrumb"},"inLanguage":"it-IT","potentialAction":[{"@type":"ReadAction","target":["https:\/\/jinsuncarbon.com\/product\/graphite-electrode-nipple\/"]}]},{"@type":"ImageObject","inLanguage":"it-IT","@id":"https:\/\/jinsuncarbon.com\/product\/graphite-electrode-nipple\/#primaryimage","url":"https:\/\/jinsuncarbon.com\/wp-content\/uploads\/2022\/12\/nipples2-scaled.jpg","contentUrl":"https:\/\/jinsuncarbon.com\/wp-content\/uploads\/2022\/12\/nipples2-scaled.jpg","width":1920,"height":1280,"caption":"graphite electrode nipple"},{"@type":"BreadcrumbList","@id":"https:\/\/jinsuncarbon.com\/product\/graphite-electrode-nipple\/#breadcrumb","itemListElement":[{"@type":"ListItem","position":1,"name":"Home","item":"https:\/\/jinsuncarbon.com\/"},{"@type":"ListItem","position":2,"name":"Products","item":"https:\/\/jinsuncarbon.com\/graphite-carbon\/"},{"@type":"ListItem","position":3,"name":"Graphite Electrode Nipple"}]},{"@type":"WebSite","@id":"https:\/\/jinsuncarbon.com\/#website","url":"https:\/\/jinsuncarbon.com\/","name":"Jinsun Carbon","description":"Siamo il produttore di elettrodi di grafite di successo in Cina","publisher":{"@id":"https:\/\/jinsuncarbon.com\/#organization"},"potentialAction":[{"@type":"SearchAction","target":{"@type":"EntryPoint","urlTemplate":"https:\/\/jinsuncarbon.com\/?s={search_term_string}"},"query-input":{"@type":"PropertyValueSpecification","valueRequired":true,"valueName":"search_term_string"}}],"inLanguage":"it-IT"},{"@type":"Organization","@id":"https:\/\/jinsuncarbon.com\/#organization","name":"Jinsun Carbon","alternateName":"Jinsun Carbon","url":"https:\/\/jinsuncarbon.com\/","logo":{"@type":"ImageObject","inLanguage":"it-IT","@id":"https:\/\/jinsuncarbon.com\/#\/schema\/logo\/image\/","url":"https:\/\/jinsuncarbon.com\/wp-content\/uploads\/2022\/12\/LOGO-1.png","contentUrl":"https:\/\/jinsuncarbon.com\/wp-content\/uploads\/2022\/12\/LOGO-1.png","width":207,"height":80,"caption":"Jinsun Carbon"},"image":{"@id":"https:\/\/jinsuncarbon.com\/#\/schema\/logo\/image\/"},"sameAs":["https:\/\/www.facebook.com\/Graphite-Electrode-109336238661595","https:\/\/x.com\/jinsuncarbon_","https:\/\/www.linkedin.com\/in\/jinsungraphite","https:\/\/www.youtube.com\/channel\/UCysDNyvyR5-3cCWEmpkVC0g"]}]}},"_links":{"self":[{"href":"https:\/\/jinsuncarbon.com\/it\/wp-json\/wp\/v2\/product\/4091","targetHints":{"allow":["GET"]}}],"collection":[{"href":"https:\/\/jinsuncarbon.com\/it\/wp-json\/wp\/v2\/product"}],"about":[{"href":"https:\/\/jinsuncarbon.com\/it\/wp-json\/wp\/v2\/types\/product"}],"wp:featuredmedia":[{"embeddable":true,"href":"https:\/\/jinsuncarbon.com\/it\/wp-json\/wp\/v2\/media\/1136"}],"wp:attachment":[{"href":"https:\/\/jinsuncarbon.com\/it\/wp-json\/wp\/v2\/media?parent=4091"}],"wp:term":[{"taxonomy":"product_brand","embeddable":true,"href":"https:\/\/jinsuncarbon.com\/it\/wp-json\/wp\/v2\/product_brand?post=4091"},{"taxonomy":"product_cat","embeddable":true,"href":"https:\/\/jinsuncarbon.com\/it\/wp-json\/wp\/v2\/product_cat?post=4091"},{"taxonomy":"product_tag","embeddable":true,"href":"https:\/\/jinsuncarbon.com\/it\/wp-json\/wp\/v2\/product_tag?post=4091"}],"curies":[{"name":"wp","href":"https:\/\/api.w.org\/{rel}","templated":true}]}}