{"id":2667,"date":"2023-02-15T07:59:16","date_gmt":"2023-02-15T07:59:16","guid":{"rendered":"https:\/\/jinsuncarbon.com\/?post_type=product&#038;p=2667"},"modified":"2026-02-26T14:42:08","modified_gmt":"2026-02-26T14:42:08","slug":"polvere-di-grafite","status":"publish","type":"product","link":"https:\/\/jinsuncarbon.com\/it\/prodotto\/polvere-di-grafite\/","title":{"rendered":"Polvere di grafite"},"content":{"rendered":"<h2>Polvere di grafite in vendita<\/h2>\n<p>La polvere di grafite \u00e8 una forma pi\u00f9 fine di grafite, una forma naturale di carbonio in polvere. La grafite ha una struttura unica che consiste in strati sovrapposti di atomi di carbonio tenuti insieme da forti legami covalenti all'interno di ogni strato e da deboli forze di van der Waals tra gli strati. Questa struttura le conferisce propriet\u00e0 uniche, come l'eccellente lubrificazione, la conduttivit\u00e0 elettrica e la stabilit\u00e0 termica.<\/p>\n<h2>Di cosa \u00e8 fatto?<\/h2>\n<p>La polvere di grafite si presenta sotto forma di polvere fine e il suo componente principale \u00e8 il carbonio. Le sue materie prime si dividono principalmente in due tipi: naturali e sintetiche.<\/p>\n<p>La grafite naturale proviene principalmente dal minerale grezzo, che viene prodotto mediante macinazione meccanica, riduzione chimica e altri metodi.<\/p>\n<p>La grafite sintetica \u00e8 prodotta mediante vagliatura e rimozione delle impurit\u00e0. Si tratta di un materiale inorganico non metallico di elevata purezza.<\/p>\n<h2>A cosa serve?<\/h2>\n<p>Grazie all'elevato punto di fusione e alla resistenza all'usura, la polvere di grafite viene utilizzata come lubrificante per le macchine industriali che non devono essere sostituite frequentemente. Viene anche utilizzata per produrre prodotti a base di grafite, come matite e vernici. Inoltre, pu\u00f2 essere utilizzata per produrre<a href=\"https:\/\/www.britannica.com\/science\/graphene\" target=\"_blank\" rel=\"noopener\"> grafene<\/a>, un materiale con un'ampia gamma di applicazioni, come i semiconduttori, <a href=\"https:\/\/en.wikipedia.org\/wiki\/Carbon_fibers\" target=\"_blank\" rel=\"noopener\">fibre di carbonio<\/a>, nanotubi, materiali compositi, ecc.<\/p>\n<p>Ha anche un altro uso importante, che \u00e8 quello di agente carburizzante per la produzione di acciaio. Quando viene utilizzato come agente di carburazione per la siderurgia eaf, si tratta dei detriti tagliati durante la lavorazione dell'acciaio artificiale. <a href=\"https:\/\/jinsuncarbon.com\/it\/prodotto\/elettrodo-di-grafite\/\">elettrodi di grafite<\/a>. Il contenuto di carbonio di questo tipo di detriti \u00e8 pari a 99%.<\/p>\n<p>Nel processo di <a href=\"https:\/\/www.sciencedirect.com\/topics\/engineering\/electric-arc-furnace-process\" target=\"_blank\" rel=\"noopener\">siderurgia eaf<\/a>Per garantire che la qualit\u00e0 del prodotto fuso sia conforme agli standard, \u00e8 necessario regolare il contenuto di carbonio nell'acciaio fuso. In questo momento, il carbonio aumenta e, grazie all'elevato contenuto di carbonio (pi\u00f9 di 90%), non solo viene facilmente assorbito dall'acciaio fuso, ma aumenta anche notevolmente la velocit\u00e0 di dissoluzione dell'acciaio fuso.<\/p>\n<p>A seconda della destinazione d'uso, variano anche le dimensioni delle particelle e la purezza. Quando viene utilizzato nei forni per la produzione di acciaio, sono richiesti requisiti di purezza pi\u00f9 elevati. I requisiti pi\u00f9 severi riguardano il contenuto di S e P. Il contenuto di S deve essere inferiore a 0,2% e il contenuto di P deve essere inferiore a 0,02%.<\/p>\n<p>&nbsp;<\/p>\n<p><img fetchpriority=\"high\" decoding=\"async\" class=\"alignnone wp-image-4482\" src=\"https:\/\/jinsuncarbon.com\/wp-content\/uploads\/2023\/01\/Metallurgy-industry-1024x643.jpg\" alt=\"Industria metallurgica\" width=\"388\" height=\"244\" srcset=\"https:\/\/jinsuncarbon.com\/wp-content\/uploads\/2023\/01\/Metallurgy-industry-1024x643.jpg 1024w, https:\/\/jinsuncarbon.com\/wp-content\/uploads\/2023\/01\/Metallurgy-industry-600x377.jpg 600w, https:\/\/jinsuncarbon.com\/wp-content\/uploads\/2023\/01\/Metallurgy-industry-300x188.jpg 300w, https:\/\/jinsuncarbon.com\/wp-content\/uploads\/2023\/01\/Metallurgy-industry-768x482.jpg 768w, https:\/\/jinsuncarbon.com\/wp-content\/uploads\/2023\/01\/Metallurgy-industry-18x12.jpg 18w, https:\/\/jinsuncarbon.com\/wp-content\/uploads\/2023\/01\/Metallurgy-industry.jpg 1080w\" sizes=\"(max-width: 388px) 100vw, 388px\" \/> <img decoding=\"async\" class=\"alignnone wp-image-4528\" src=\"https:\/\/jinsuncarbon.com\/wp-content\/uploads\/2023\/02\/lithium-battery-industry-1024x631.jpg\" alt=\"industria delle batterie al litio\" width=\"390\" height=\"240\" srcset=\"https:\/\/jinsuncarbon.com\/wp-content\/uploads\/2023\/02\/lithium-battery-industry-1024x631.jpg 1024w, https:\/\/jinsuncarbon.com\/wp-content\/uploads\/2023\/02\/lithium-battery-industry-600x369.jpg 600w, https:\/\/jinsuncarbon.com\/wp-content\/uploads\/2023\/02\/lithium-battery-industry-300x185.jpg 300w, https:\/\/jinsuncarbon.com\/wp-content\/uploads\/2023\/02\/lithium-battery-industry-768x473.jpg 768w, https:\/\/jinsuncarbon.com\/wp-content\/uploads\/2023\/02\/lithium-battery-industry-18x12.jpg 18w, https:\/\/jinsuncarbon.com\/wp-content\/uploads\/2023\/02\/lithium-battery-industry.jpg 1080w\" sizes=\"(max-width: 390px) 100vw, 390px\" \/> <img decoding=\"async\" class=\"alignnone wp-image-4505\" src=\"https:\/\/jinsuncarbon.com\/wp-content\/uploads\/2023\/02\/Electric-arc-furnace-\uff08eaf\uff09steelmaking-1024x795.jpg\" alt=\"Forno elettrico ad arco\uff08eaf\uff09fabbricazione di acciaio\" width=\"313\" height=\"243\" srcset=\"https:\/\/jinsuncarbon.com\/wp-content\/uploads\/2023\/02\/Electric-arc-furnace-\uff08eaf\uff09steelmaking-1024x795.jpg 1024w, https:\/\/jinsuncarbon.com\/wp-content\/uploads\/2023\/02\/Electric-arc-furnace-\uff08eaf\uff09steelmaking-600x466.jpg 600w, https:\/\/jinsuncarbon.com\/wp-content\/uploads\/2023\/02\/Electric-arc-furnace-\uff08eaf\uff09steelmaking-300x233.jpg 300w, https:\/\/jinsuncarbon.com\/wp-content\/uploads\/2023\/02\/Electric-arc-furnace-\uff08eaf\uff09steelmaking-768x597.jpg 768w, https:\/\/jinsuncarbon.com\/wp-content\/uploads\/2023\/02\/Electric-arc-furnace-\uff08eaf\uff09steelmaking-15x12.jpg 15w, https:\/\/jinsuncarbon.com\/wp-content\/uploads\/2023\/02\/Electric-arc-furnace-\uff08eaf\uff09steelmaking.jpg 1080w\" sizes=\"(max-width: 313px) 100vw, 313px\" \/><\/p>\n<p>&nbsp;<\/p>\n<h2>Quali sono le sue propriet\u00e0?<\/h2>\n<p>\u00c8 un materiale minerale non metallico.  Possiede un'elevata conducibilit\u00e0 elettrica e termica, un punto di fusione estremamente elevato, buone propriet\u00e0 di lubrificazione, plasticit\u00e0 e stabilit\u00e0 chimica e non viene corroso da acidi, alcali e solventi organici. Grazie a queste propriet\u00e0, \u00e8 ampiamente utilizzato nell'industria chimica, nella metallurgia, nella fusione, nella lubrificazione, nella sigillatura e in altri settori industriali.<\/p>\n<p>&nbsp;<\/p>\n<p><strong>Propriet\u00e0 fisiche e chimiche<\/strong><strong>\u00a0<\/strong><\/p>\n<table>\n<tbody>\n<tr>\n<td width=\"280\"><strong>ARTICOLO<\/strong><\/td>\n<td width=\"141\"><strong>Unit\u00e0<\/strong><\/td>\n<td width=\"179\"><strong>Valore<\/strong><\/td>\n<\/tr>\n<tr>\n<td width=\"280\"><strong>C<\/strong><\/td>\n<td width=\"141\">%<\/td>\n<td width=\"179\">\u2265 99.5<\/td>\n<\/tr>\n<tr>\n<td width=\"280\"><strong>S<\/strong><\/td>\n<td width=\"141\">%<\/td>\n<td width=\"179\">\u2264 0.03<\/td>\n<\/tr>\n<tr>\n<td width=\"280\"><strong>Cenere<\/strong><\/td>\n<td width=\"141\">%<\/td>\n<td width=\"179\">\u2264 0.30<\/td>\n<\/tr>\n<tr>\n<td width=\"280\"><strong>Umidit\u00e0<\/strong><\/td>\n<td width=\"141\">%<\/td>\n<td width=\"179\">\u2264 0.20<\/td>\n<\/tr>\n<tr>\n<td width=\"280\"><strong>N<\/strong><\/td>\n<td width=\"141\">PPM<\/td>\n<td width=\"179\">\u2264 180<\/td>\n<\/tr>\n<tr>\n<td width=\"280\"><strong>H<\/strong><\/td>\n<td width=\"141\">PPM<\/td>\n<td width=\"179\">\u2264 120<\/td>\n<\/tr>\n<tr>\n<td width=\"280\"><strong>O<\/strong><\/td>\n<td width=\"141\">PPM<\/td>\n<td width=\"179\">\u2264 720<\/td>\n<\/tr>\n<tr>\n<td width=\"280\"><strong>Densit\u00e0 di massa<\/strong><\/td>\n<td width=\"141\">g\u2215dm<sup>3<\/sup><\/td>\n<td width=\"179\">713<\/td>\n<\/tr>\n<tr>\n<td width=\"280\"><strong>Dimensione<\/strong><\/td>\n<td colspan=\"2\" width=\"321\">0,5-5mm (secondo per requisito)<\/td>\n<\/tr>\n<tr>\n<td width=\"280\"><strong>Imballaggio<\/strong><\/td>\n<td colspan=\"2\" width=\"321\">20kgs Borsa \/25kgs Borsa \/Ton Bag<\/td>\n<\/tr>\n<\/tbody>\n<\/table>\n<h5><\/h5>\n<p>&nbsp;<\/p>","protected":false},"excerpt":{"rendered":"<p>La polvere di grafite \u00e8 la scelta perfetta per diverse applicazioni industriali e commerciali. La nostra polvere di grafite di alta qualit\u00e0, trattata ad alta temperatura, \u00e8 ideale per lubrificanti, lucidatura dei fornelli, matite, elettrodi, guarnizioni dei freni, batterie, metallurgia delle polveri, produzione del vetro e rivestimenti conduttivi. Grazie alla sua resistenza e durata superiori, potete contare sulla nostra polvere di grafite sintetica per svolgere il vostro lavoro.<\/p>","protected":false},"featured_media":2707,"template":"","meta":[],"product_brand":[],"product_cat":[40],"product_tag":[48],"class_list":{"0":"post-2667","1":"product","2":"type-product","3":"status-publish","4":"has-post-thumbnail","6":"product_cat-petroleum-coke","7":"product_tag-synthetic-graphite-powder","9":"first","10":"instock","11":"shipping-taxable","12":"product-type-simple"},"yoast_head":"<!-- This site is optimized with the Yoast SEO Premium plugin v19.2.1 (Yoast SEO v25.3) - https:\/\/yoast.com\/wordpress\/plugins\/seo\/ -->\n<title>Graphite Powder Manufacturer &amp; Supplier in China<\/title>\n<meta name=\"description\" content=\"Synthetic graphite powder is a type of graphite made by chemical processes using carbon elements. It is a highly conductive material.\" \/>\n<meta name=\"robots\" content=\"index, follow, max-snippet:-1, max-image-preview:large, max-video-preview:-1\" \/>\n<link rel=\"canonical\" href=\"https:\/\/jinsuncarbon.com\/it\/prodotto\/polvere-di-grafite\/\" \/>\n<meta property=\"og:locale\" content=\"it_IT\" \/>\n<meta property=\"og:type\" content=\"article\" \/>\n<meta property=\"og:title\" content=\"Graphite Powder\" \/>\n<meta property=\"og:description\" content=\"Synthetic graphite powder is a type of graphite made by chemical processes using carbon elements. It is a highly conductive material.\" \/>\n<meta property=\"og:url\" content=\"https:\/\/jinsuncarbon.com\/it\/prodotto\/polvere-di-grafite\/\" \/>\n<meta property=\"og:site_name\" content=\"Jinsun Carbon\" \/>\n<meta property=\"article:publisher\" content=\"https:\/\/www.facebook.com\/Graphite-Electrode-109336238661595\" \/>\n<meta property=\"article:modified_time\" content=\"2026-02-26T14:42:08+00:00\" \/>\n<meta property=\"og:image\" content=\"https:\/\/jinsuncarbon.com\/wp-content\/uploads\/2023\/02\/e2ab6861af5b3f55cb318380525fbdc.jpg\" \/>\n\t<meta property=\"og:image:width\" content=\"1024\" \/>\n\t<meta property=\"og:image:height\" content=\"763\" \/>\n\t<meta property=\"og:image:type\" content=\"image\/jpeg\" \/>\n<meta name=\"twitter:card\" content=\"summary_large_image\" \/>\n<meta name=\"twitter:site\" content=\"@jinsuncarbon_\" \/>\n<meta name=\"twitter:label1\" content=\"Tempo di lettura stimato\" \/>\n\t<meta name=\"twitter:data1\" content=\"3 minuti\" \/>\n<script type=\"application\/ld+json\" class=\"yoast-schema-graph\">{\"@context\":\"https:\/\/schema.org\",\"@graph\":[{\"@type\":\"WebPage\",\"@id\":\"https:\/\/jinsuncarbon.com\/product\/graphite-powder\/\",\"url\":\"https:\/\/jinsuncarbon.com\/product\/graphite-powder\/\",\"name\":\"Graphite Powder Manufacturer & Supplier in China\",\"isPartOf\":{\"@id\":\"https:\/\/jinsuncarbon.com\/#website\"},\"primaryImageOfPage\":{\"@id\":\"https:\/\/jinsuncarbon.com\/product\/graphite-powder\/#primaryimage\"},\"image\":{\"@id\":\"https:\/\/jinsuncarbon.com\/product\/graphite-powder\/#primaryimage\"},\"thumbnailUrl\":\"https:\/\/jinsuncarbon.com\/wp-content\/uploads\/2023\/02\/e2ab6861af5b3f55cb318380525fbdc.jpg\",\"datePublished\":\"2023-02-15T07:59:16+00:00\",\"dateModified\":\"2026-02-26T14:42:08+00:00\",\"description\":\"Synthetic graphite powder is a type of graphite made by chemical processes using carbon elements. It is a highly conductive material.\",\"breadcrumb\":{\"@id\":\"https:\/\/jinsuncarbon.com\/product\/graphite-powder\/#breadcrumb\"},\"inLanguage\":\"it-IT\",\"potentialAction\":[{\"@type\":\"ReadAction\",\"target\":[\"https:\/\/jinsuncarbon.com\/product\/graphite-powder\/\"]}]},{\"@type\":\"ImageObject\",\"inLanguage\":\"it-IT\",\"@id\":\"https:\/\/jinsuncarbon.com\/product\/graphite-powder\/#primaryimage\",\"url\":\"https:\/\/jinsuncarbon.com\/wp-content\/uploads\/2023\/02\/e2ab6861af5b3f55cb318380525fbdc.jpg\",\"contentUrl\":\"https:\/\/jinsuncarbon.com\/wp-content\/uploads\/2023\/02\/e2ab6861af5b3f55cb318380525fbdc.jpg\",\"width\":1024,\"height\":763,\"caption\":\"synthetic graphite powder uses\"},{\"@type\":\"BreadcrumbList\",\"@id\":\"https:\/\/jinsuncarbon.com\/product\/graphite-powder\/#breadcrumb\",\"itemListElement\":[{\"@type\":\"ListItem\",\"position\":1,\"name\":\"Home\",\"item\":\"https:\/\/jinsuncarbon.com\/\"},{\"@type\":\"ListItem\",\"position\":2,\"name\":\"Products\",\"item\":\"https:\/\/jinsuncarbon.com\/graphite-carbon\/\"},{\"@type\":\"ListItem\",\"position\":3,\"name\":\"Graphite Powder\"}]},{\"@type\":\"WebSite\",\"@id\":\"https:\/\/jinsuncarbon.com\/#website\",\"url\":\"https:\/\/jinsuncarbon.com\/\",\"name\":\"Jinsun Carbon\",\"description\":\"We are the successful graphite electrode manufacturer in China\",\"publisher\":{\"@id\":\"https:\/\/jinsuncarbon.com\/#organization\"},\"potentialAction\":[{\"@type\":\"SearchAction\",\"target\":{\"@type\":\"EntryPoint\",\"urlTemplate\":\"https:\/\/jinsuncarbon.com\/?s={search_term_string}\"},\"query-input\":{\"@type\":\"PropertyValueSpecification\",\"valueRequired\":true,\"valueName\":\"search_term_string\"}}],\"inLanguage\":\"it-IT\"},{\"@type\":\"Organization\",\"@id\":\"https:\/\/jinsuncarbon.com\/#organization\",\"name\":\"Jinsun Carbon\",\"alternateName\":\"Jinsun Carbon\",\"url\":\"https:\/\/jinsuncarbon.com\/\",\"logo\":{\"@type\":\"ImageObject\",\"inLanguage\":\"it-IT\",\"@id\":\"https:\/\/jinsuncarbon.com\/#\/schema\/logo\/image\/\",\"url\":\"https:\/\/jinsuncarbon.com\/wp-content\/uploads\/2022\/12\/LOGO-1.png\",\"contentUrl\":\"https:\/\/jinsuncarbon.com\/wp-content\/uploads\/2022\/12\/LOGO-1.png\",\"width\":207,\"height\":80,\"caption\":\"Jinsun Carbon\"},\"image\":{\"@id\":\"https:\/\/jinsuncarbon.com\/#\/schema\/logo\/image\/\"},\"sameAs\":[\"https:\/\/www.facebook.com\/Graphite-Electrode-109336238661595\",\"https:\/\/x.com\/jinsuncarbon_\",\"https:\/\/www.linkedin.com\/in\/jinsungraphite\",\"https:\/\/www.youtube.com\/channel\/UCysDNyvyR5-3cCWEmpkVC0g\"]}]}<\/script>\n<!-- \/ Yoast SEO Premium plugin. -->","yoast_head_json":{"title":"Polvere di grafite Produttore e fornitore in Cina","description":"La polvere di grafite sintetica \u00e8 un tipo di grafite ottenuta mediante processi chimici che utilizzano elementi di carbonio. \u00c8 un materiale altamente conduttivo.","robots":{"index":"index","follow":"follow","max-snippet":"max-snippet:-1","max-image-preview":"max-image-preview:large","max-video-preview":"max-video-preview:-1"},"canonical":"https:\/\/jinsuncarbon.com\/it\/prodotto\/polvere-di-grafite\/","og_locale":"it_IT","og_type":"article","og_title":"Graphite Powder","og_description":"Synthetic graphite powder is a type of graphite made by chemical processes using carbon elements. It is a highly conductive material.","og_url":"https:\/\/jinsuncarbon.com\/it\/prodotto\/polvere-di-grafite\/","og_site_name":"Jinsun Carbon","article_publisher":"https:\/\/www.facebook.com\/Graphite-Electrode-109336238661595","article_modified_time":"2026-02-26T14:42:08+00:00","og_image":[{"width":1024,"height":763,"url":"https:\/\/jinsuncarbon.com\/wp-content\/uploads\/2023\/02\/e2ab6861af5b3f55cb318380525fbdc.jpg","type":"image\/jpeg"}],"twitter_card":"summary_large_image","twitter_site":"@jinsuncarbon_","twitter_misc":{"Tempo di lettura stimato":"3 minuti"},"schema":{"@context":"https:\/\/schema.org","@graph":[{"@type":"WebPage","@id":"https:\/\/jinsuncarbon.com\/product\/graphite-powder\/","url":"https:\/\/jinsuncarbon.com\/product\/graphite-powder\/","name":"Polvere di grafite Produttore e fornitore in Cina","isPartOf":{"@id":"https:\/\/jinsuncarbon.com\/#website"},"primaryImageOfPage":{"@id":"https:\/\/jinsuncarbon.com\/product\/graphite-powder\/#primaryimage"},"image":{"@id":"https:\/\/jinsuncarbon.com\/product\/graphite-powder\/#primaryimage"},"thumbnailUrl":"https:\/\/jinsuncarbon.com\/wp-content\/uploads\/2023\/02\/e2ab6861af5b3f55cb318380525fbdc.jpg","datePublished":"2023-02-15T07:59:16+00:00","dateModified":"2026-02-26T14:42:08+00:00","description":"La polvere di grafite sintetica \u00e8 un tipo di grafite ottenuta mediante processi chimici che utilizzano elementi di carbonio. \u00c8 un materiale altamente conduttivo.","breadcrumb":{"@id":"https:\/\/jinsuncarbon.com\/product\/graphite-powder\/#breadcrumb"},"inLanguage":"it-IT","potentialAction":[{"@type":"ReadAction","target":["https:\/\/jinsuncarbon.com\/product\/graphite-powder\/"]}]},{"@type":"ImageObject","inLanguage":"it-IT","@id":"https:\/\/jinsuncarbon.com\/product\/graphite-powder\/#primaryimage","url":"https:\/\/jinsuncarbon.com\/wp-content\/uploads\/2023\/02\/e2ab6861af5b3f55cb318380525fbdc.jpg","contentUrl":"https:\/\/jinsuncarbon.com\/wp-content\/uploads\/2023\/02\/e2ab6861af5b3f55cb318380525fbdc.jpg","width":1024,"height":763,"caption":"synthetic graphite powder uses"},{"@type":"BreadcrumbList","@id":"https:\/\/jinsuncarbon.com\/product\/graphite-powder\/#breadcrumb","itemListElement":[{"@type":"ListItem","position":1,"name":"Home","item":"https:\/\/jinsuncarbon.com\/"},{"@type":"ListItem","position":2,"name":"Products","item":"https:\/\/jinsuncarbon.com\/graphite-carbon\/"},{"@type":"ListItem","position":3,"name":"Graphite Powder"}]},{"@type":"WebSite","@id":"https:\/\/jinsuncarbon.com\/#website","url":"https:\/\/jinsuncarbon.com\/","name":"Jinsun Carbon","description":"Siamo il produttore di elettrodi di grafite di successo in Cina","publisher":{"@id":"https:\/\/jinsuncarbon.com\/#organization"},"potentialAction":[{"@type":"SearchAction","target":{"@type":"EntryPoint","urlTemplate":"https:\/\/jinsuncarbon.com\/?s={search_term_string}"},"query-input":{"@type":"PropertyValueSpecification","valueRequired":true,"valueName":"search_term_string"}}],"inLanguage":"it-IT"},{"@type":"Organization","@id":"https:\/\/jinsuncarbon.com\/#organization","name":"Jinsun Carbon","alternateName":"Jinsun Carbon","url":"https:\/\/jinsuncarbon.com\/","logo":{"@type":"ImageObject","inLanguage":"it-IT","@id":"https:\/\/jinsuncarbon.com\/#\/schema\/logo\/image\/","url":"https:\/\/jinsuncarbon.com\/wp-content\/uploads\/2022\/12\/LOGO-1.png","contentUrl":"https:\/\/jinsuncarbon.com\/wp-content\/uploads\/2022\/12\/LOGO-1.png","width":207,"height":80,"caption":"Jinsun Carbon"},"image":{"@id":"https:\/\/jinsuncarbon.com\/#\/schema\/logo\/image\/"},"sameAs":["https:\/\/www.facebook.com\/Graphite-Electrode-109336238661595","https:\/\/x.com\/jinsuncarbon_","https:\/\/www.linkedin.com\/in\/jinsungraphite","https:\/\/www.youtube.com\/channel\/UCysDNyvyR5-3cCWEmpkVC0g"]}]}},"_links":{"self":[{"href":"https:\/\/jinsuncarbon.com\/it\/wp-json\/wp\/v2\/product\/2667","targetHints":{"allow":["GET"]}}],"collection":[{"href":"https:\/\/jinsuncarbon.com\/it\/wp-json\/wp\/v2\/product"}],"about":[{"href":"https:\/\/jinsuncarbon.com\/it\/wp-json\/wp\/v2\/types\/product"}],"wp:featuredmedia":[{"embeddable":true,"href":"https:\/\/jinsuncarbon.com\/it\/wp-json\/wp\/v2\/media\/2707"}],"wp:attachment":[{"href":"https:\/\/jinsuncarbon.com\/it\/wp-json\/wp\/v2\/media?parent=2667"}],"wp:term":[{"taxonomy":"product_brand","embeddable":true,"href":"https:\/\/jinsuncarbon.com\/it\/wp-json\/wp\/v2\/product_brand?post=2667"},{"taxonomy":"product_cat","embeddable":true,"href":"https:\/\/jinsuncarbon.com\/it\/wp-json\/wp\/v2\/product_cat?post=2667"},{"taxonomy":"product_tag","embeddable":true,"href":"https:\/\/jinsuncarbon.com\/it\/wp-json\/wp\/v2\/product_tag?post=2667"}],"curies":[{"name":"wp","href":"https:\/\/api.w.org\/{rel}","templated":true}]}}