{"id":2407,"date":"2023-02-04T03:00:45","date_gmt":"2023-02-04T03:00:45","guid":{"rendered":"https:\/\/jinsuncarbon.com\/?post_type=product&#038;p=2407"},"modified":"2024-11-01T01:03:16","modified_gmt":"2024-11-01T01:03:16","slug":"elettrodo-di-grafite","status":"publish","type":"product","link":"https:\/\/jinsuncarbon.com\/it\/prodotto\/elettrodo-di-grafite\/","title":{"rendered":"Elettrodo di grafite"},"content":{"rendered":"<h2>\u00a0Che cos'\u00e8 un elettrodo di grafite?<\/h2>\n<p>L'elettrodo di grafite serve come materiale di alimentazione della corrente nello spazio del forno elettrico ad arco per il riscaldamento e la successiva fusione della carica ad alte temperature fino a 1700 \u2103. Nel costo della produzione di acciaio eaf, il consumo di elettrodi di grafite rappresenta circa 10%.<\/p>\n<p>\u00c8 composto da coke di petrolio e coke di pece, mentre i gradi ad alta e altissima potenza sono composti da needle coke. Hanno un basso contenuto di ceneri, una buona conducibilit\u00e0 elettrica, resistenza al calore e alla corrosione e non si fondono n\u00e9 si deformano ad alte temperature.<\/p>\n<h2>Tipi di elettrodi di grafite<\/h2>\n<p>JINSUN dispone di diversi gradi e diametri. \u00c8 possibile scegliere tra i tipi RP, HP o UHP, che possono aiutare a migliorare le prestazioni del forno elettrico ad arco, aumentare l'efficienza produttiva e incrementare i vantaggi economici. Disponiamo di vari diametri, da 150 mm a 700 mm, che possono essere utilizzati per le operazioni di fusione di forni elettrici ad arco di diverso tonnellaggio.<\/p>\n<p>La scelta corretta del tipo e delle dimensioni dell'elettrodo \u00e8 molto importante. Questa scelta gioca un ruolo fondamentale nel garantire la qualit\u00e0 del metallo fuso e il normale funzionamento del forno elettrico ad arco.<\/p>\n<h2>Applicazioni:<\/h2>\n<p>Gli elettrodi di grafite sono utilizzati principalmente in:<\/p>\n<ul>\n<li>Forni elettrici ad arco (EAF): Utilizzati per la produzione di acciaio e la fusione di rottami metallici.<\/li>\n<li>Forni a siviera di raffinazione: Utilizzati per la raffinazione secondaria dell'acciaio.<\/li>\n<li>Forni ad arco sommerso: Utilizzati per la produzione di ferroleghe e altri metalli.<\/li>\n<li>Forni a resistenza: Produzione di carburo di silicio, vetro, ecc.<\/li>\n<\/ul>\n<p>&nbsp;<\/p>\n<p><strong>Industria metallurgica del ferro e dell'acciaio:<\/strong> L'elettrodo di grafite \u00e8 un importante materiale conduttore per i forni elettrici ad arco, utilizzato nei processi di produzione dell'acciaio (grezzo e raffinato) e di fusione dell'acciaio. \u00c8 in grado di resistere ad alte temperature e ad alte densit\u00e0 di corrente e svolge la funzione di condurre la corrente e riscaldare i pezzi durante la scarica dell'arco.<\/p>\n<p><strong>Fusione di minerali e metalli:<\/strong> Gli elettrodi di grafite sono ampiamente utilizzati anche nella fusione di metalli non ferrosi, come rame, alluminio e zinco. Nei forni elettrolitici, gli elettrodi di grafite sono utilizzati come anodi o catodi per condurre corrente e reagenti.<\/p>\n<p><strong>Industria chimica:<\/strong> Gli elettrodi di grafite hanno anche importanti impieghi nelle reazioni chimiche. Possono essere utilizzati nell'elettrolisi, nell'elettro-ossidazione, nell'elettro-riduzione e in altri processi per fornire input di corrente e superfici di reazione chimica.<\/p>\n<p><strong>Immagazzinare l'elettricit\u00e0:<\/strong> Gli elettrodi di grafite sono utilizzati anche nel campo dell'accumulo di energia, comprese le batterie di accumulo, i dispositivi di accumulo e i sistemi di batterie. Possono immagazzinare e rilasciare in modo efficiente l'energia elettrica, favorendo la conversione e l'utilizzo dell'energia.<\/p>\n<p>&nbsp;<\/p>\n<p><img fetchpriority=\"high\" decoding=\"async\" class=\"alignnone wp-image-2488\" src=\"https:\/\/jinsuncarbon.com\/wp-content\/uploads\/2023\/02\/888-300x200.jpg\" alt=\"forno elettrico ad arco per la produzione di acciaio\" width=\"353\" height=\"235\" srcset=\"https:\/\/jinsuncarbon.com\/wp-content\/uploads\/2023\/02\/888-300x200.jpg 300w, https:\/\/jinsuncarbon.com\/wp-content\/uploads\/2023\/02\/888.jpg 600w\" sizes=\"(max-width: 353px) 100vw, 353px\" \/> <img decoding=\"async\" class=\"alignnone wp-image-2491\" src=\"https:\/\/jinsuncarbon.com\/wp-content\/uploads\/2023\/02\/7-300x200.jpg\" alt=\"Gli elettrodi di grafite sono utilizzati nei forni elettrici ad arco\" width=\"351\" height=\"234\" srcset=\"https:\/\/jinsuncarbon.com\/wp-content\/uploads\/2023\/02\/7-300x200.jpg 300w, https:\/\/jinsuncarbon.com\/wp-content\/uploads\/2023\/02\/7-600x400.jpg 600w, https:\/\/jinsuncarbon.com\/wp-content\/uploads\/2023\/02\/7-768x512.jpg 768w, https:\/\/jinsuncarbon.com\/wp-content\/uploads\/2023\/02\/7.jpg 1024w\" sizes=\"(max-width: 351px) 100vw, 351px\" \/><img decoding=\"async\" class=\"alignnone wp-image-2489\" src=\"https:\/\/jinsuncarbon.com\/wp-content\/uploads\/2023\/02\/Graphite-Electrode-for-Silicon-Phosphorus-and-Steel-Making.webp.jpg\" alt=\"Forno di raffinazione in siviera per la raffinazione dell&#039;acciaio\" width=\"336\" height=\"235\" \/><\/p>\n<h2>Caratteristiche e vantaggi<\/h2>\n<p>L'elettrodo di grafite \u00e8 una materia prima fondamentale per la produzione di buoni conduttori nell'EAF. <a href=\"https:\/\/corporate.arcelormittal.com\/about\/making-steel#:~:text=Steel%20is%20made%20from%20iron,the%20electric%20arc%20furnace%20route.\" target=\"_blank\" rel=\"noopener\">siderurgia<\/a> processo.  Come fonte di energia elettrica per un forno elettrico ad arco, che \u00e8 il modo pi\u00f9 efficiente per riscaldare e fondere i rottami di acciaio. Conducono l'elettricit\u00e0 dalla fonte di alimentazione al forno, consentendogli di raggiungere le temperature elevate necessarie per la produzione di acciaio.<\/p>\n<ul>\n<li>Alta densit\u00e0 di massa<\/li>\n<li>bassa resistenza specifica<\/li>\n<li>Consente un carico di corrente elevato<\/li>\n<li>Piccolo coefficiente di espansione termica<\/li>\n<li>Elevata resistenza alla flessione<\/li>\n<li>Basso contenuto di ceneri<\/li>\n<li>Le prestazioni di lavorazione della grafite sono elevate<\/li>\n<\/ul>\n<p>&nbsp;<\/p>\n<p><img loading=\"lazy\" decoding=\"async\" class=\"alignnone wp-image-5054 size-large\" src=\"https:\/\/jinsuncarbon.com\/wp-content\/uploads\/2023\/02\/China-graphite-electrode-supplier--1024x577.jpg\" alt=\"Cina elettrodo di grafite fornitore \" width=\"800\" height=\"451\" srcset=\"https:\/\/jinsuncarbon.com\/wp-content\/uploads\/2023\/02\/China-graphite-electrode-supplier--1024x577.jpg 1024w, https:\/\/jinsuncarbon.com\/wp-content\/uploads\/2023\/02\/China-graphite-electrode-supplier--600x338.jpg 600w, https:\/\/jinsuncarbon.com\/wp-content\/uploads\/2023\/02\/China-graphite-electrode-supplier--300x169.jpg 300w, https:\/\/jinsuncarbon.com\/wp-content\/uploads\/2023\/02\/China-graphite-electrode-supplier--768x433.jpg 768w, https:\/\/jinsuncarbon.com\/wp-content\/uploads\/2023\/02\/China-graphite-electrode-supplier--18x10.jpg 18w, https:\/\/jinsuncarbon.com\/wp-content\/uploads\/2023\/02\/China-graphite-electrode-supplier-.jpg 1447w\" sizes=\"(max-width: 800px) 100vw, 800px\" \/><\/p>\n<p>&nbsp;<\/p>\n<h2>Il vostro fornitore professionale di elettrodi di grafite in Cina.<\/h2>\n<p>JINSUN \u00e8 un produttore e fornitore professionale di elettrodi di grafite in Cina. Forniamo elettrodi di grafite UHP\/HP\/RP di alta qualit\u00e0, utilizzati nella siderurgia EAF, nell'industria della colata e nell'industria metallurgica. Utilizziamo processi di produzione avanzati per realizzare prodotti di alta qualit\u00e0. Oltre a questo, JINSUN offre anche diversi gradi. \u00c8 disponibile anche in lunghezze, diametri e design personalizzati.<\/p>\n<p>&nbsp;<\/p>\n<h2>Specifiche dell'elettrodo di grafite<\/h2>\n<table border=\"0.5\">\n<tbody>\n<tr>\n<td colspan=\"2\"><strong>Diametro nominale<\/strong><\/td>\n<td colspan=\"3\"><strong>Diametro effettivo<\/strong><\/td>\n<td rowspan=\"2\"><strong>Lunghezza nominale (mm)<\/strong><\/td>\n<\/tr>\n<tr>\n<td><strong>mm<\/strong><\/td>\n<td><strong>Pollici<\/strong><\/td>\n<td><strong>Max (mm)<\/strong><\/td>\n<td><strong>Min(mm)<\/strong><\/td>\n<td><strong>Diametro minimo della crosta (mm)<\/strong><\/td>\n<\/tr>\n<tr>\n<td>150<\/td>\n<td>6<\/td>\n<td>154<\/td>\n<td>149<\/td>\n<td>146<\/td>\n<td>1500-1800<\/td>\n<\/tr>\n<tr>\n<td>200<\/td>\n<td>8<\/td>\n<td>205<\/td>\n<td>200<\/td>\n<td>197<\/td>\n<td>1500-1800<\/td>\n<\/tr>\n<tr>\n<td>250<\/td>\n<td>10<\/td>\n<td>256<\/td>\n<td>251<\/td>\n<td>248<\/td>\n<td>1500-2100<\/td>\n<\/tr>\n<tr>\n<td>300<\/td>\n<td>12<\/td>\n<td>307<\/td>\n<td>302<\/td>\n<td>299<\/td>\n<td>1500-2100<\/td>\n<\/tr>\n<tr>\n<td>350<\/td>\n<td>14<\/td>\n<td>357<\/td>\n<td>352<\/td>\n<td>349<\/td>\n<td>1500-2400<\/td>\n<\/tr>\n<tr>\n<td>400<\/td>\n<td>16<\/td>\n<td>409<\/td>\n<td>403<\/td>\n<td>400<\/td>\n<td>1500-2400<\/td>\n<\/tr>\n<tr>\n<td>450<\/td>\n<td>18<\/td>\n<td>460<\/td>\n<td>454<\/td>\n<td>451<\/td>\n<td>1500-2400<\/td>\n<\/tr>\n<tr>\n<td>500<\/td>\n<td>20<\/td>\n<td>511<\/td>\n<td>505<\/td>\n<td>502<\/td>\n<td>1800-2700<\/td>\n<\/tr>\n<tr>\n<td>550<\/td>\n<td>22<\/td>\n<td>562<\/td>\n<td>556<\/td>\n<td>553<\/td>\n<td>1800-2700<\/td>\n<\/tr>\n<tr>\n<td>600<\/td>\n<td>24<\/td>\n<td>613<\/td>\n<td>607<\/td>\n<td>604<\/td>\n<td>2100-2700<\/td>\n<\/tr>\n<tr>\n<td>650<\/td>\n<td>26<\/td>\n<td>663<\/td>\n<td>657<\/td>\n<td>654<\/td>\n<td>2100-2700<\/td>\n<\/tr>\n<tr>\n<td>700<\/td>\n<td>28<\/td>\n<td>714<\/td>\n<td>708<\/td>\n<td>705<\/td>\n<td>2100-2700<\/td>\n<\/tr>\n<tr>\n<td>750<\/td>\n<td>30<\/td>\n<td>765<\/td>\n<td>759<\/td>\n<td>756<\/td>\n<td>2400-2700<\/td>\n<\/tr>\n<tr>\n<td>800<\/td>\n<td>32<\/td>\n<td>816<\/td>\n<td>810<\/td>\n<td>807<\/td>\n<td>2400-2700<\/td>\n<\/tr>\n<\/tbody>\n<\/table>\n<p>&nbsp;<\/p>\n<p>&nbsp;<\/p>\n<h2>Domande frequenti:<\/h2>\n<h3>Come funziona nella produzione di acciaio eaf?<\/h3>\n<p>Gli elettrodi di grafite introducono la corrente elettrica nel forno di produzione dell'acciaio, che \u00e8 il processo di produzione dell'acciaio del forno elettrico ad arco. La corrente forte viene trasmessa dal trasformatore del forno attraverso il cavo al supporto all'estremit\u00e0 dei tre bracci dell'elettrodo e scorre al suo interno.<\/p>\n<p>Pertanto, tra l'estremit\u00e0 dell'elettrodo e la carica si verifica una scarica ad arco e la carica inizia a fondere utilizzando il calore generato dall'arco e la carica inizia a fondere. In base alla capacit\u00e0 del forno elettrico, il produttore sceglier\u00e0 diversi diametri da utilizzare.<\/p>\n<p>Per utilizzare in modo continuo gli elettrodi di grafite durante il processo di fusione, colleghiamo gli elettrodi attraverso nippli filettati. Poich\u00e9 la sezione trasversale del nipplo \u00e8 pi\u00f9 piccola di quella dell'elettrodo, il nipplo deve avere una maggiore resistenza alla compressione e una minore resistivit\u00e0 rispetto all'elettrodo.<\/p>\n<p>Inoltre, esistono diverse dimensioni, a seconda del loro utilizzo e dei requisiti specifici del processo di produzione dell'acciaio eaf.<\/p>\n<h3>Qual \u00e8 il codice HS degli elettrodi di grafite?<\/h3>\n<p>Il codice del Sistema Armonizzato (SA) per gli elettrodi di grafite \u00e8 generalmente 8545.1100.<\/p>\n<h3>Come si consuma l'elettrodo di grafite?<\/h3>\n<p>Il consumo di elettrodi varia con la densit\u00e0 di corrente, in genere tra 0,8 e 2 kg per tonnellata di acciaio.<\/p>\n<p>Elettrodi di grafite di diversa potenza sono utilizzati in forni elettrici ad arco di diverso tonnellaggio. Allo stesso tempo, \u00e8 necessario considerare le specifiche dell'elettrodo, il funzionamento del forno, come la purezza del rottame d'acciaio, l'insufflazione di ossigeno del forno elettrico ad arco, ecc. In questo modo \u00e8 possibile calcolare il consumo con maggiore precisione.<\/p>\n<h3>Perch\u00e9 gli elettrodi di grafite devono essere sostituiti regolarmente?<\/h3>\n<p>A causa delle sollecitazioni termiche e meccaniche, si ossidano nel tempo e devono quindi essere sostituiti regolarmente per garantire l'efficienza.<\/p>\n<p>Gli elettrodi di grafite reagiscono con l'ossigeno durante la produzione di elettricit\u00e0 ad alta temperatura. In seguito alla graduale ossidazione, il diametro e la lunghezza si riducono. La sostituzione regolare degli elettrodi pu\u00f2 garantire l'immissione di corrente e la stabilit\u00e0 dell'arco nel forno ad arco. Ci\u00f2 non influisce sulla qualit\u00e0 dei prodotti siderurgici e garantisce l'efficienza della produzione.<\/p>\n<h3>Principali fattori che influenzano il prezzo dell'elettrodo di grafite.<\/h3>\n<p>Costo delle materie prime: Il prezzo del coke di petrolio e del needle coke influisce direttamente sul costo di produzione e influisce anche sul prezzo della materia prima. <a href=\"https:\/\/jinsuncarbon.com\/it\/\">prezzo<\/a>.<\/p>\n<p>Prezzo dell'energia: I processi produttivi di tostatura e grafitizzazione richiedono grandi quantit\u00e0 di energia elettrica. Le fluttuazioni dei prezzi dell'energia possono quindi avere un impatto sul prezzo finale.<\/p>\n<p>Sviluppo della tecnologia dei forni elettrici ad arco: L'avvento dei forni elettrici ad arco di grande tonnellaggio e ad altissima potenza impone requisiti pi\u00f9 elevati per le loro prestazioni. Di conseguenza, aumentano anche i costi del processo produttivo e della tecnologia.<\/p>\n<p>Domanda e offerta di mercato: Quando il numero di forni elettrici ad arco aumenta, la domanda cresce inevitabilmente e i prezzi probabilmente aumentano.<\/p>\n<p>Costi di spedizione: Fluttuazioni dei prezzi del trasporto via mare o via terra, che possono influire sul prezzo finale.<\/p>\n<p>Situazione economica internazionale: Cambiamenti nelle relazioni e nelle politiche commerciali, fluttuazioni dei tassi di cambio, ecc. Queste possono avere un impatto sull'importazione e sull'esportazione di materie prime, influenzando cos\u00ec il prezzo.<\/p>\n<h3>Perch\u00e9 gli elettrodi di grafite sono utilizzati nell'elettrolisi?<\/h3>\n<p>La loro eccellente conducibilit\u00e0 elettrica e stabilit\u00e0 termica li rende ideali per le applicazioni di elettrolisi.<\/p>\n<p>L'elettrodo di grafite \u00e8 in grado di mantenere la stabilit\u00e0 chimica anche quando l'elettricit\u00e0 viene attivata e la temperatura generata \u00e8 elevata. Pu\u00f2 essere utilizzato sia come anodo che come catodo. Non reagisce con la soluzione durante il processo di elettrolisi, non si corrode facilmente e pu\u00f2 mantenere un funzionamento stabile.<\/p>\n<h3>Elettrodo di grafite vs. elettrodo di carbonio:<\/h3>\n<p>Gli elettrodi di grafite sono generalmente superiori agli elettrodi di carbonio convenzionali grazie alla loro minore resistenza elettrica e alla maggiore stabilit\u00e0 termica.<\/p>\n<p>Il costo di produzione degli elettrodi al carbonio \u00e8 inferiore perch\u00e9 non vi \u00e8 alcun processo di grafitizzazione. Pertanto, il prezzo \u00e8 relativamente basso e il costo di produzione \u00e8 pi\u00f9 contenuto.<\/p>\n<p>&nbsp;<\/p>","protected":false},"excerpt":{"rendered":"<p>Gli elettrodi di grafite sono utilizzati nei forni elettrici ad arco, nei forni a siviera e nei forni ad arco sommerso. Dopo essere stata energizzata nel forno elettrico ad arco, la grafite, in quanto buon conduttore, viene utilizzata per generare un arco e il calore dell'arco viene utilizzato per fondere e raffinare l'acciaio, i metalli non ferrosi e le loro leghe. \u00c8 un buon conduttore di corrente nel forno elettrico ad arco, non si scioglie e non si deforma ad alte temperature e mantiene una specifica resistenza meccanica.  Ne esistono tre tipi: <a href=\"https:\/\/jinsuncarbon.com\/it\/prodotto\/elettrodo-di-grafite-rp\/\">RP \u3001<\/a><a href=\"https:\/\/jinsuncarbon.com\/it\/prodotto\/elettrodo-di-grafite-hp\/\">HP<\/a>, e <a href=\"https:\/\/jinsuncarbon.com\/it\/prodotto\/elettrodo-di-grafite-uhp\/\">Elettrodo di grafite UHP<\/a>.<\/p>","protected":false},"featured_media":2555,"template":"","meta":[],"product_brand":[],"product_cat":[37],"product_tag":[43],"class_list":{"0":"post-2407","1":"product","2":"type-product","3":"status-publish","4":"has-post-thumbnail","6":"product_cat-graphite-electrode","7":"product_tag-graphtie-electrodeeafsteelmaking","9":"first","10":"instock","11":"shipping-taxable","12":"product-type-simple"},"yoast_head":"<!-- This site is optimized with the Yoast SEO Premium plugin v19.2.1 (Yoast SEO v25.3) - https:\/\/yoast.com\/wordpress\/plugins\/seo\/ -->\n<title>UHP\/HP\/RP Graphite Electrode Manufacturer &amp; Supplier in China<\/title>\n<meta name=\"description\" content=\"Graphite electrode mainly used for electric arc furnaces and submerged heat and resistance furnaces as a good conductor in eaf steelmaking.\" \/>\n<meta name=\"robots\" content=\"index, follow, max-snippet:-1, max-image-preview:large, max-video-preview:-1\" \/>\n<link rel=\"canonical\" href=\"https:\/\/jinsuncarbon.com\/it\/prodotto\/elettrodo-di-grafite\/\" \/>\n<meta property=\"og:locale\" content=\"it_IT\" \/>\n<meta property=\"og:type\" content=\"article\" \/>\n<meta property=\"og:title\" content=\"Graphite Electrode\" \/>\n<meta property=\"og:description\" content=\"Graphite electrode mainly used for electric arc furnaces and submerged heat and resistance furnaces as a good conductor in eaf steelmaking.\" \/>\n<meta property=\"og:url\" content=\"https:\/\/jinsuncarbon.com\/it\/prodotto\/elettrodo-di-grafite\/\" \/>\n<meta property=\"og:site_name\" content=\"Jinsun Carbon\" \/>\n<meta property=\"article:publisher\" content=\"https:\/\/www.facebook.com\/Graphite-Electrode-109336238661595\" \/>\n<meta property=\"article:modified_time\" content=\"2024-11-01T01:03:16+00:00\" \/>\n<meta property=\"og:image\" content=\"https:\/\/jinsuncarbon.com\/wp-content\/uploads\/2023\/02\/506.jpg\" \/>\n\t<meta property=\"og:image:width\" content=\"1024\" \/>\n\t<meta property=\"og:image:height\" content=\"763\" \/>\n\t<meta property=\"og:image:type\" content=\"image\/jpeg\" \/>\n<meta name=\"twitter:card\" content=\"summary_large_image\" \/>\n<meta name=\"twitter:site\" content=\"@jinsuncarbon_\" \/>\n<meta name=\"twitter:label1\" content=\"Tempo di lettura stimato\" \/>\n\t<meta name=\"twitter:data1\" content=\"7 minuti\" \/>\n<script type=\"application\/ld+json\" class=\"yoast-schema-graph\">{\"@context\":\"https:\/\/schema.org\",\"@graph\":[{\"@type\":\"WebPage\",\"@id\":\"https:\/\/jinsuncarbon.com\/product\/graphite-electrode\/\",\"url\":\"https:\/\/jinsuncarbon.com\/product\/graphite-electrode\/\",\"name\":\"UHP\/HP\/RP Graphite Electrode Manufacturer & Supplier in China\",\"isPartOf\":{\"@id\":\"https:\/\/jinsuncarbon.com\/#website\"},\"primaryImageOfPage\":{\"@id\":\"https:\/\/jinsuncarbon.com\/product\/graphite-electrode\/#primaryimage\"},\"image\":{\"@id\":\"https:\/\/jinsuncarbon.com\/product\/graphite-electrode\/#primaryimage\"},\"thumbnailUrl\":\"https:\/\/jinsuncarbon.com\/wp-content\/uploads\/2023\/02\/506.jpg\",\"datePublished\":\"2023-02-04T03:00:45+00:00\",\"dateModified\":\"2024-11-01T01:03:16+00:00\",\"description\":\"Graphite electrode mainly used for electric arc furnaces and submerged heat and resistance furnaces as a good conductor in eaf steelmaking.\",\"breadcrumb\":{\"@id\":\"https:\/\/jinsuncarbon.com\/product\/graphite-electrode\/#breadcrumb\"},\"inLanguage\":\"it-IT\",\"potentialAction\":[{\"@type\":\"ReadAction\",\"target\":[\"https:\/\/jinsuncarbon.com\/product\/graphite-electrode\/\"]}]},{\"@type\":\"ImageObject\",\"inLanguage\":\"it-IT\",\"@id\":\"https:\/\/jinsuncarbon.com\/product\/graphite-electrode\/#primaryimage\",\"url\":\"https:\/\/jinsuncarbon.com\/wp-content\/uploads\/2023\/02\/506.jpg\",\"contentUrl\":\"https:\/\/jinsuncarbon.com\/wp-content\/uploads\/2023\/02\/506.jpg\",\"width\":1024,\"height\":763,\"caption\":\"graphite electrode-uhp\/hp\/rp graphite electrode\"},{\"@type\":\"BreadcrumbList\",\"@id\":\"https:\/\/jinsuncarbon.com\/product\/graphite-electrode\/#breadcrumb\",\"itemListElement\":[{\"@type\":\"ListItem\",\"position\":1,\"name\":\"Home\",\"item\":\"https:\/\/jinsuncarbon.com\/\"},{\"@type\":\"ListItem\",\"position\":2,\"name\":\"Products\",\"item\":\"https:\/\/jinsuncarbon.com\/graphite-carbon\/\"},{\"@type\":\"ListItem\",\"position\":3,\"name\":\"Graphite Electrode\"}]},{\"@type\":\"WebSite\",\"@id\":\"https:\/\/jinsuncarbon.com\/#website\",\"url\":\"https:\/\/jinsuncarbon.com\/\",\"name\":\"Jinsun Carbon\",\"description\":\"We are the successful graphite electrode manufacturer in China\",\"publisher\":{\"@id\":\"https:\/\/jinsuncarbon.com\/#organization\"},\"potentialAction\":[{\"@type\":\"SearchAction\",\"target\":{\"@type\":\"EntryPoint\",\"urlTemplate\":\"https:\/\/jinsuncarbon.com\/?s={search_term_string}\"},\"query-input\":{\"@type\":\"PropertyValueSpecification\",\"valueRequired\":true,\"valueName\":\"search_term_string\"}}],\"inLanguage\":\"it-IT\"},{\"@type\":\"Organization\",\"@id\":\"https:\/\/jinsuncarbon.com\/#organization\",\"name\":\"Jinsun Carbon\",\"alternateName\":\"Jinsun Carbon\",\"url\":\"https:\/\/jinsuncarbon.com\/\",\"logo\":{\"@type\":\"ImageObject\",\"inLanguage\":\"it-IT\",\"@id\":\"https:\/\/jinsuncarbon.com\/#\/schema\/logo\/image\/\",\"url\":\"https:\/\/jinsuncarbon.com\/wp-content\/uploads\/2022\/12\/LOGO-1.png\",\"contentUrl\":\"https:\/\/jinsuncarbon.com\/wp-content\/uploads\/2022\/12\/LOGO-1.png\",\"width\":207,\"height\":80,\"caption\":\"Jinsun Carbon\"},\"image\":{\"@id\":\"https:\/\/jinsuncarbon.com\/#\/schema\/logo\/image\/\"},\"sameAs\":[\"https:\/\/www.facebook.com\/Graphite-Electrode-109336238661595\",\"https:\/\/x.com\/jinsuncarbon_\",\"https:\/\/www.linkedin.com\/in\/jinsungraphite\",\"https:\/\/www.youtube.com\/channel\/UCysDNyvyR5-3cCWEmpkVC0g\"]}]}<\/script>\n<!-- \/ Yoast SEO Premium plugin. -->","yoast_head_json":{"title":"Elettrodo di grafite UHP\/HP\/RP Produttore e fornitore in Cina","description":"L'elettrodo di grafite \u00e8 utilizzato principalmente per i forni elettrici ad arco e per i forni sommersi a calore e resistenza come buon conduttore nella produzione di acciaio eaf.","robots":{"index":"index","follow":"follow","max-snippet":"max-snippet:-1","max-image-preview":"max-image-preview:large","max-video-preview":"max-video-preview:-1"},"canonical":"https:\/\/jinsuncarbon.com\/it\/prodotto\/elettrodo-di-grafite\/","og_locale":"it_IT","og_type":"article","og_title":"Graphite Electrode","og_description":"Graphite electrode mainly used for electric arc furnaces and submerged heat and resistance furnaces as a good conductor in eaf steelmaking.","og_url":"https:\/\/jinsuncarbon.com\/it\/prodotto\/elettrodo-di-grafite\/","og_site_name":"Jinsun Carbon","article_publisher":"https:\/\/www.facebook.com\/Graphite-Electrode-109336238661595","article_modified_time":"2024-11-01T01:03:16+00:00","og_image":[{"width":1024,"height":763,"url":"https:\/\/jinsuncarbon.com\/wp-content\/uploads\/2023\/02\/506.jpg","type":"image\/jpeg"}],"twitter_card":"summary_large_image","twitter_site":"@jinsuncarbon_","twitter_misc":{"Tempo di lettura stimato":"7 minuti"},"schema":{"@context":"https:\/\/schema.org","@graph":[{"@type":"WebPage","@id":"https:\/\/jinsuncarbon.com\/product\/graphite-electrode\/","url":"https:\/\/jinsuncarbon.com\/product\/graphite-electrode\/","name":"Elettrodo di grafite UHP\/HP\/RP Produttore e fornitore in Cina","isPartOf":{"@id":"https:\/\/jinsuncarbon.com\/#website"},"primaryImageOfPage":{"@id":"https:\/\/jinsuncarbon.com\/product\/graphite-electrode\/#primaryimage"},"image":{"@id":"https:\/\/jinsuncarbon.com\/product\/graphite-electrode\/#primaryimage"},"thumbnailUrl":"https:\/\/jinsuncarbon.com\/wp-content\/uploads\/2023\/02\/506.jpg","datePublished":"2023-02-04T03:00:45+00:00","dateModified":"2024-11-01T01:03:16+00:00","description":"L'elettrodo di grafite \u00e8 utilizzato principalmente per i forni elettrici ad arco e per i forni sommersi a calore e resistenza come buon conduttore nella produzione di acciaio eaf.","breadcrumb":{"@id":"https:\/\/jinsuncarbon.com\/product\/graphite-electrode\/#breadcrumb"},"inLanguage":"it-IT","potentialAction":[{"@type":"ReadAction","target":["https:\/\/jinsuncarbon.com\/product\/graphite-electrode\/"]}]},{"@type":"ImageObject","inLanguage":"it-IT","@id":"https:\/\/jinsuncarbon.com\/product\/graphite-electrode\/#primaryimage","url":"https:\/\/jinsuncarbon.com\/wp-content\/uploads\/2023\/02\/506.jpg","contentUrl":"https:\/\/jinsuncarbon.com\/wp-content\/uploads\/2023\/02\/506.jpg","width":1024,"height":763,"caption":"graphite electrode-uhp\/hp\/rp graphite electrode"},{"@type":"BreadcrumbList","@id":"https:\/\/jinsuncarbon.com\/product\/graphite-electrode\/#breadcrumb","itemListElement":[{"@type":"ListItem","position":1,"name":"Home","item":"https:\/\/jinsuncarbon.com\/"},{"@type":"ListItem","position":2,"name":"Products","item":"https:\/\/jinsuncarbon.com\/graphite-carbon\/"},{"@type":"ListItem","position":3,"name":"Graphite Electrode"}]},{"@type":"WebSite","@id":"https:\/\/jinsuncarbon.com\/#website","url":"https:\/\/jinsuncarbon.com\/","name":"Jinsun Carbon","description":"Siamo il produttore di elettrodi di grafite di successo in Cina","publisher":{"@id":"https:\/\/jinsuncarbon.com\/#organization"},"potentialAction":[{"@type":"SearchAction","target":{"@type":"EntryPoint","urlTemplate":"https:\/\/jinsuncarbon.com\/?s={search_term_string}"},"query-input":{"@type":"PropertyValueSpecification","valueRequired":true,"valueName":"search_term_string"}}],"inLanguage":"it-IT"},{"@type":"Organization","@id":"https:\/\/jinsuncarbon.com\/#organization","name":"Jinsun Carbon","alternateName":"Jinsun Carbon","url":"https:\/\/jinsuncarbon.com\/","logo":{"@type":"ImageObject","inLanguage":"it-IT","@id":"https:\/\/jinsuncarbon.com\/#\/schema\/logo\/image\/","url":"https:\/\/jinsuncarbon.com\/wp-content\/uploads\/2022\/12\/LOGO-1.png","contentUrl":"https:\/\/jinsuncarbon.com\/wp-content\/uploads\/2022\/12\/LOGO-1.png","width":207,"height":80,"caption":"Jinsun Carbon"},"image":{"@id":"https:\/\/jinsuncarbon.com\/#\/schema\/logo\/image\/"},"sameAs":["https:\/\/www.facebook.com\/Graphite-Electrode-109336238661595","https:\/\/x.com\/jinsuncarbon_","https:\/\/www.linkedin.com\/in\/jinsungraphite","https:\/\/www.youtube.com\/channel\/UCysDNyvyR5-3cCWEmpkVC0g"]}]}},"_links":{"self":[{"href":"https:\/\/jinsuncarbon.com\/it\/wp-json\/wp\/v2\/product\/2407","targetHints":{"allow":["GET"]}}],"collection":[{"href":"https:\/\/jinsuncarbon.com\/it\/wp-json\/wp\/v2\/product"}],"about":[{"href":"https:\/\/jinsuncarbon.com\/it\/wp-json\/wp\/v2\/types\/product"}],"wp:featuredmedia":[{"embeddable":true,"href":"https:\/\/jinsuncarbon.com\/it\/wp-json\/wp\/v2\/media\/2555"}],"wp:attachment":[{"href":"https:\/\/jinsuncarbon.com\/it\/wp-json\/wp\/v2\/media?parent=2407"}],"wp:term":[{"taxonomy":"product_brand","embeddable":true,"href":"https:\/\/jinsuncarbon.com\/it\/wp-json\/wp\/v2\/product_brand?post=2407"},{"taxonomy":"product_cat","embeddable":true,"href":"https:\/\/jinsuncarbon.com\/it\/wp-json\/wp\/v2\/product_cat?post=2407"},{"taxonomy":"product_tag","embeddable":true,"href":"https:\/\/jinsuncarbon.com\/it\/wp-json\/wp\/v2\/product_tag?post=2407"}],"curies":[{"name":"wp","href":"https:\/\/api.w.org\/{rel}","templated":true}]}}