{"id":2156,"date":"2023-01-30T09:44:46","date_gmt":"2023-01-30T09:44:46","guid":{"rendered":"https:\/\/jinsuncarbon.com\/?post_type=product&#038;p=2156"},"modified":"2024-06-29T13:12:07","modified_gmt":"2024-06-29T13:12:07","slug":"grafite-naturale-in-scaglie","status":"publish","type":"product","link":"https:\/\/jinsuncarbon.com\/it\/prodotto\/grafite-naturale-in-scaglie\/","title":{"rendered":"Grafite naturale in scaglie"},"content":{"rendered":"<p>\u00c8 una forma di carbonio cristallino presente in natura, rinomata per la sua caratteristica morfologia a scaglie e le sue notevoli propriet\u00e0. Proveniente direttamente da una miniera di grafite selezionata e sottoposta a una rigorosa purificazione e lavorazione per la dimensione delle particelle, questa variante di grafite si distingue per la conducibilit\u00e0 elettrica e termica, la resistenza alle alte temperature e l'inerzia chimica.<\/p>\n<h2>Propriet\u00e0 uniche della grafite naturale in scaglie<\/h2>\n<p><span data-preserver-spaces=\"true\">\u00c8 classificata in base al contenuto di carbonio; ad esempio, 99,9% C% \u00e8 grafite di elevata purezza; 94% C% &lt; 99% \u00e8 grafite ad alto contenuto di carbonio; 80% C% &lt; 94% \u00e8 grafite a medio contenuto di carbonio; 50% C% &lt; 80% \u00e8 grafite a basso contenuto di carbonio. <\/span><\/p>\n<p><span data-preserver-spaces=\"true\">La conducibilit\u00e0 della grafite in fiocchi \u00e8 stata a lungo utilizzata nell'industria, e i materiali anodici al carbonio svolgono un ruolo ossidativo nelle batterie nel <\/span><a class=\"editor-rtfLink\" href=\"https:\/\/jinsuncarbon.com\/it\/prodotto\/cathodes-block\/\" target=\"_blank\" rel=\"noopener\"><span data-preserver-spaces=\"true\">materiale del catodo<\/span><\/a><span data-preserver-spaces=\"true\"> industria. Anche le prestazioni di lubrificazione sono migliori; pi\u00f9 significativa \u00e8 la scala, minore \u00e8 il coefficiente di attrito. La grafite in fiocchi \u00e8 un super materiale nell'industria chimica.\u00a0<\/span><\/p>\n<p>Nella produzione, viene utilizzato per lubrificare vari arti, tra cui ingranaggi, cuscinetti, diapositive altre parti in movimento. Riduce quindi l'attrito e aumenta l'efficienza della macchina. Agisce anche come lubrificante per motori a vapore e a combustione interna.<\/p>\n<p>Un altro impiego \u00e8 la produzione di crogioli per la fusione dei metalli e di vari prodotti refrattari per la metallurgia. <a href=\"https:\/\/en.wikipedia.org\/wiki\/Furnace_(central_heating)\" target=\"_blank\" rel=\"noopener\">forni<\/a>. \u00c8 la principale materia prima per la produzione di spazzole e spazzole meccaniche. <a href=\"https:\/\/www.britannica.com\/science\/carbon-chemical-element\" target=\"_blank\" rel=\"noopener\">carbonio,<\/a> e pu\u00f2 essere utilizzato anche per produrre elettrodi di grafite.<\/p>\n<h2>Applicazioni<\/h2>\n<p><strong>Sistemi di accumulo di energia\u00a0 \u00a0 \u00a0 \u00a0 \u00a0 \u00a0 \u00a0 \u00a0 \u00a0 \u00a0 \u00a0 \u00a0 \u00a0 \u00a0 \u00a0 \u00a0 \u00a0 \u00a0 \u00a0 \u00a0 \u00a0 \u00a0 \u00a0 \u00a0 \u00a0 \u00a0 \u00a0 \u00a0 \u00a0 \u00a0 \u00a0 \u00a0 \u00a0 \u00a0 \u00a0 \u00a0 \u00a0 \u00a0 \u00a0 \u00a0 \u00a0 \u00a0 \u00a0 \u00a0 \u00a0 \u00a0 \u00a0 \u00a0 \u00a0 \u00a0 \u00a0 \u00a0 \u00a0 \u00a0 \u00a0\u00a0<\/strong><\/p>\n<p>Con la crescente domanda di soluzioni efficienti per l'accumulo di energia, trova un impiego significativo come anodo.<\/p>\n<p>nelle batterie agli ioni di litio. La sua struttura stratificata consente l'intercalazione efficace di <a href=\"https:\/\/ul.org\/research\/electrochemical-safety\/getting-started-electrochemical-safety\/what-are-lithium-ion#:~:text=Lithium%2Dion%20is%20the%20most,with%20a%20protective%20circuit%20board.\" target=\"_blank\" rel=\"noopener\">ioni di litio<\/a>,<\/p>\n<p>che lo rende ideale per le batterie ad alte prestazioni.<\/p>\n<p><strong>Metallurgia<\/strong><\/p>\n<p>Nel campo della metallurgia, serve come prezioso additivo nelle fonderie e nei refrattari. Ad esempio, i fiocchi di grafite nella ghisa.<\/p>\n<p>Le sue propriet\u00e0 di resistenza al calore e di lubrificazione migliorano significativamente l'efficienza e la resa di vari processi metallurgici.<\/p>\n<p><strong>\u00a0Elettronica<\/strong><\/p>\n<p>Grazie alla sua eccellente conducibilit\u00e0 termica ed elettrica, \u00e8 particolarmente adatto per applicazioni nell'industria elettronica.<\/p>\n<p>\u00c8 un materiale efficace per la dissipazione del calore nei dispositivi elettronici ad alta potenza, contribuendo alle loro prestazioni e alla loro longevit\u00e0.<\/p>\n<p>&nbsp;<\/p>\n<p><img fetchpriority=\"high\" decoding=\"async\" class=\"size-large wp-image-4461 alignnone\" src=\"https:\/\/jinsuncarbon.com\/wp-content\/uploads\/2023\/01\/New-energy-industry-1024x576.jpg\" alt=\"Nuova industria energetica\" width=\"800\" height=\"450\" srcset=\"https:\/\/jinsuncarbon.com\/wp-content\/uploads\/2023\/01\/New-energy-industry-1024x576.jpg 1024w, https:\/\/jinsuncarbon.com\/wp-content\/uploads\/2023\/01\/New-energy-industry-600x337.jpg 600w, https:\/\/jinsuncarbon.com\/wp-content\/uploads\/2023\/01\/New-energy-industry-300x169.jpg 300w, https:\/\/jinsuncarbon.com\/wp-content\/uploads\/2023\/01\/New-energy-industry-768x432.jpg 768w, https:\/\/jinsuncarbon.com\/wp-content\/uploads\/2023\/01\/New-energy-industry-1536x864.jpg 1536w, https:\/\/jinsuncarbon.com\/wp-content\/uploads\/2023\/01\/New-energy-industry-2048x1151.jpg 2048w, https:\/\/jinsuncarbon.com\/wp-content\/uploads\/2023\/01\/New-energy-industry-18x10.jpg 18w\" sizes=\"(max-width: 800px) 100vw, 800px\" \/><\/p>\n<p>&nbsp;<\/p>\n<h2>Quali sono i suoi vantaggi?<\/h2>\n<ul>\n<li>La conducibilit\u00e0 elettrica e la sua resistenza specifica \u00e8 di 11,8-15,7\u03bc\u03a9-m.<\/li>\n<li>Buona stabilit\u00e0 chimica, pu\u00f2 resistere all'erosione della maggior parte delle sostanze chimiche ed \u00e8 resistente agli acidi e agli alcali.<\/li>\n<li>Buona resistenza all'ossidazione ed elevato punto di accensione.<\/li>\n<\/ul>\n<p>&nbsp;<\/p>\n<p>&nbsp;<\/p>\n<p>&nbsp;<\/p>","protected":false},"excerpt":{"rendered":"<p>La grafite in fiocchi \u00e8 una grafite cristallina naturale a forma di pesce-fosforo. Appartiene al sistema cristallino esagonale e ha una struttura a strati. La grafite naturale in fiocchi si forma da materiali di carbonio ad alte temperature e ad alta pressione e si presenta sotto forma di fiocchi o lastre. Ha propriet\u00e0 eccellenti come la resistenza alle alte temperature, la resistenza alle radiazioni, la conducibilit\u00e0 elettrica e l'autolubrificazione. Esistono molte dimensioni che possono essere macinate e lavorate. Ad esempio, -100 mesh, +100 mesh e +50 mesh.<\/p>\n<p>&nbsp;<\/p>","protected":false},"featured_media":2711,"template":"","meta":[],"product_brand":[],"product_cat":[40],"product_tag":[],"class_list":{"0":"post-2156","1":"product","2":"type-product","3":"status-publish","4":"has-post-thumbnail","6":"product_cat-petroleum-coke","8":"first","9":"instock","10":"shipping-taxable","11":"product-type-simple"},"yoast_head":"<!-- This site is optimized with the Yoast SEO Premium plugin v19.2.1 (Yoast SEO v25.3) - https:\/\/yoast.com\/wordpress\/plugins\/seo\/ -->\n<title>Natural Flake Graphite | Jinsun Carbon<\/title>\n<meta name=\"description\" content=\"Flake graphite is a natural crystalline graphite in the shape of fish phosphorus. It belongs to the hexagonal crystal system and has a layered structure.\" \/>\n<meta name=\"robots\" content=\"index, follow, max-snippet:-1, max-image-preview:large, max-video-preview:-1\" \/>\n<link rel=\"canonical\" href=\"https:\/\/jinsuncarbon.com\/it\/prodotto\/grafite-naturale-in-scaglie\/\" \/>\n<meta property=\"og:locale\" content=\"it_IT\" \/>\n<meta property=\"og:type\" content=\"article\" \/>\n<meta property=\"og:title\" content=\"Natural Flake Graphite\" \/>\n<meta property=\"og:description\" content=\"Flake graphite is a natural crystalline graphite in the shape of fish phosphorus. It belongs to the hexagonal crystal system and has a layered structure.\" \/>\n<meta property=\"og:url\" content=\"https:\/\/jinsuncarbon.com\/it\/prodotto\/grafite-naturale-in-scaglie\/\" \/>\n<meta property=\"og:site_name\" content=\"Jinsun Carbon\" \/>\n<meta property=\"article:publisher\" content=\"https:\/\/www.facebook.com\/Graphite-Electrode-109336238661595\" \/>\n<meta property=\"article:modified_time\" content=\"2024-06-29T13:12:07+00:00\" \/>\n<meta property=\"og:image\" content=\"https:\/\/jinsuncarbon.com\/wp-content\/uploads\/2023\/01\/7ef74e7a0acfa9b7f70a0793f159b1d.jpg\" \/>\n\t<meta property=\"og:image:width\" content=\"1024\" \/>\n\t<meta property=\"og:image:height\" content=\"763\" \/>\n\t<meta property=\"og:image:type\" content=\"image\/jpeg\" \/>\n<meta name=\"twitter:card\" content=\"summary_large_image\" \/>\n<meta name=\"twitter:site\" content=\"@jinsuncarbon_\" \/>\n<meta name=\"twitter:label1\" content=\"Tempo di lettura stimato\" \/>\n\t<meta name=\"twitter:data1\" content=\"2 minuti\" \/>\n<script type=\"application\/ld+json\" class=\"yoast-schema-graph\">{\"@context\":\"https:\/\/schema.org\",\"@graph\":[{\"@type\":\"WebPage\",\"@id\":\"https:\/\/jinsuncarbon.com\/product\/natural-flake-graphite\/\",\"url\":\"https:\/\/jinsuncarbon.com\/product\/natural-flake-graphite\/\",\"name\":\"Natural Flake Graphite | Jinsun Carbon\",\"isPartOf\":{\"@id\":\"https:\/\/jinsuncarbon.com\/#website\"},\"primaryImageOfPage\":{\"@id\":\"https:\/\/jinsuncarbon.com\/product\/natural-flake-graphite\/#primaryimage\"},\"image\":{\"@id\":\"https:\/\/jinsuncarbon.com\/product\/natural-flake-graphite\/#primaryimage\"},\"thumbnailUrl\":\"https:\/\/jinsuncarbon.com\/wp-content\/uploads\/2023\/01\/7ef74e7a0acfa9b7f70a0793f159b1d.jpg\",\"datePublished\":\"2023-01-30T09:44:46+00:00\",\"dateModified\":\"2024-06-29T13:12:07+00:00\",\"description\":\"Flake graphite is a natural crystalline graphite in the shape of fish phosphorus. It belongs to the hexagonal crystal system and has a layered structure.\",\"breadcrumb\":{\"@id\":\"https:\/\/jinsuncarbon.com\/product\/natural-flake-graphite\/#breadcrumb\"},\"inLanguage\":\"it-IT\",\"potentialAction\":[{\"@type\":\"ReadAction\",\"target\":[\"https:\/\/jinsuncarbon.com\/product\/natural-flake-graphite\/\"]}]},{\"@type\":\"ImageObject\",\"inLanguage\":\"it-IT\",\"@id\":\"https:\/\/jinsuncarbon.com\/product\/natural-flake-graphite\/#primaryimage\",\"url\":\"https:\/\/jinsuncarbon.com\/wp-content\/uploads\/2023\/01\/7ef74e7a0acfa9b7f70a0793f159b1d.jpg\",\"contentUrl\":\"https:\/\/jinsuncarbon.com\/wp-content\/uploads\/2023\/01\/7ef74e7a0acfa9b7f70a0793f159b1d.jpg\",\"width\":1024,\"height\":763,\"caption\":\"Natural Flake Graphite price- Jinsun Carbon\"},{\"@type\":\"BreadcrumbList\",\"@id\":\"https:\/\/jinsuncarbon.com\/product\/natural-flake-graphite\/#breadcrumb\",\"itemListElement\":[{\"@type\":\"ListItem\",\"position\":1,\"name\":\"Home\",\"item\":\"https:\/\/jinsuncarbon.com\/\"},{\"@type\":\"ListItem\",\"position\":2,\"name\":\"Products\",\"item\":\"https:\/\/jinsuncarbon.com\/graphite-carbon\/\"},{\"@type\":\"ListItem\",\"position\":3,\"name\":\"Natural Flake Graphite\"}]},{\"@type\":\"WebSite\",\"@id\":\"https:\/\/jinsuncarbon.com\/#website\",\"url\":\"https:\/\/jinsuncarbon.com\/\",\"name\":\"Jinsun Carbon\",\"description\":\"We are the successful graphite electrode manufacturer in China\",\"publisher\":{\"@id\":\"https:\/\/jinsuncarbon.com\/#organization\"},\"potentialAction\":[{\"@type\":\"SearchAction\",\"target\":{\"@type\":\"EntryPoint\",\"urlTemplate\":\"https:\/\/jinsuncarbon.com\/?s={search_term_string}\"},\"query-input\":{\"@type\":\"PropertyValueSpecification\",\"valueRequired\":true,\"valueName\":\"search_term_string\"}}],\"inLanguage\":\"it-IT\"},{\"@type\":\"Organization\",\"@id\":\"https:\/\/jinsuncarbon.com\/#organization\",\"name\":\"Jinsun Carbon\",\"alternateName\":\"Jinsun Carbon\",\"url\":\"https:\/\/jinsuncarbon.com\/\",\"logo\":{\"@type\":\"ImageObject\",\"inLanguage\":\"it-IT\",\"@id\":\"https:\/\/jinsuncarbon.com\/#\/schema\/logo\/image\/\",\"url\":\"https:\/\/jinsuncarbon.com\/wp-content\/uploads\/2022\/12\/LOGO-1.png\",\"contentUrl\":\"https:\/\/jinsuncarbon.com\/wp-content\/uploads\/2022\/12\/LOGO-1.png\",\"width\":207,\"height\":80,\"caption\":\"Jinsun Carbon\"},\"image\":{\"@id\":\"https:\/\/jinsuncarbon.com\/#\/schema\/logo\/image\/\"},\"sameAs\":[\"https:\/\/www.facebook.com\/Graphite-Electrode-109336238661595\",\"https:\/\/x.com\/jinsuncarbon_\",\"https:\/\/www.linkedin.com\/in\/jinsungraphite\",\"https:\/\/www.youtube.com\/channel\/UCysDNyvyR5-3cCWEmpkVC0g\"]}]}<\/script>\n<!-- \/ Yoast SEO Premium plugin. -->","yoast_head_json":{"title":"Grafite naturale in fiocchi | Carbonio Jinsun","description":"La grafite in fiocchi \u00e8 una grafite cristallina naturale a forma di pesce-fosforo. Appartiene al sistema cristallino esagonale e ha una struttura a strati.","robots":{"index":"index","follow":"follow","max-snippet":"max-snippet:-1","max-image-preview":"max-image-preview:large","max-video-preview":"max-video-preview:-1"},"canonical":"https:\/\/jinsuncarbon.com\/it\/prodotto\/grafite-naturale-in-scaglie\/","og_locale":"it_IT","og_type":"article","og_title":"Natural Flake Graphite","og_description":"Flake graphite is a natural crystalline graphite in the shape of fish phosphorus. It belongs to the hexagonal crystal system and has a layered structure.","og_url":"https:\/\/jinsuncarbon.com\/it\/prodotto\/grafite-naturale-in-scaglie\/","og_site_name":"Jinsun Carbon","article_publisher":"https:\/\/www.facebook.com\/Graphite-Electrode-109336238661595","article_modified_time":"2024-06-29T13:12:07+00:00","og_image":[{"width":1024,"height":763,"url":"https:\/\/jinsuncarbon.com\/wp-content\/uploads\/2023\/01\/7ef74e7a0acfa9b7f70a0793f159b1d.jpg","type":"image\/jpeg"}],"twitter_card":"summary_large_image","twitter_site":"@jinsuncarbon_","twitter_misc":{"Tempo di lettura stimato":"2 minuti"},"schema":{"@context":"https:\/\/schema.org","@graph":[{"@type":"WebPage","@id":"https:\/\/jinsuncarbon.com\/product\/natural-flake-graphite\/","url":"https:\/\/jinsuncarbon.com\/product\/natural-flake-graphite\/","name":"Grafite naturale in fiocchi | Carbonio Jinsun","isPartOf":{"@id":"https:\/\/jinsuncarbon.com\/#website"},"primaryImageOfPage":{"@id":"https:\/\/jinsuncarbon.com\/product\/natural-flake-graphite\/#primaryimage"},"image":{"@id":"https:\/\/jinsuncarbon.com\/product\/natural-flake-graphite\/#primaryimage"},"thumbnailUrl":"https:\/\/jinsuncarbon.com\/wp-content\/uploads\/2023\/01\/7ef74e7a0acfa9b7f70a0793f159b1d.jpg","datePublished":"2023-01-30T09:44:46+00:00","dateModified":"2024-06-29T13:12:07+00:00","description":"La grafite in fiocchi \u00e8 una grafite cristallina naturale a forma di pesce-fosforo. Appartiene al sistema cristallino esagonale e ha una struttura a strati.","breadcrumb":{"@id":"https:\/\/jinsuncarbon.com\/product\/natural-flake-graphite\/#breadcrumb"},"inLanguage":"it-IT","potentialAction":[{"@type":"ReadAction","target":["https:\/\/jinsuncarbon.com\/product\/natural-flake-graphite\/"]}]},{"@type":"ImageObject","inLanguage":"it-IT","@id":"https:\/\/jinsuncarbon.com\/product\/natural-flake-graphite\/#primaryimage","url":"https:\/\/jinsuncarbon.com\/wp-content\/uploads\/2023\/01\/7ef74e7a0acfa9b7f70a0793f159b1d.jpg","contentUrl":"https:\/\/jinsuncarbon.com\/wp-content\/uploads\/2023\/01\/7ef74e7a0acfa9b7f70a0793f159b1d.jpg","width":1024,"height":763,"caption":"Natural Flake Graphite price- Jinsun Carbon"},{"@type":"BreadcrumbList","@id":"https:\/\/jinsuncarbon.com\/product\/natural-flake-graphite\/#breadcrumb","itemListElement":[{"@type":"ListItem","position":1,"name":"Home","item":"https:\/\/jinsuncarbon.com\/"},{"@type":"ListItem","position":2,"name":"Products","item":"https:\/\/jinsuncarbon.com\/graphite-carbon\/"},{"@type":"ListItem","position":3,"name":"Natural Flake Graphite"}]},{"@type":"WebSite","@id":"https:\/\/jinsuncarbon.com\/#website","url":"https:\/\/jinsuncarbon.com\/","name":"Jinsun Carbon","description":"Siamo il produttore di elettrodi di grafite di successo in Cina","publisher":{"@id":"https:\/\/jinsuncarbon.com\/#organization"},"potentialAction":[{"@type":"SearchAction","target":{"@type":"EntryPoint","urlTemplate":"https:\/\/jinsuncarbon.com\/?s={search_term_string}"},"query-input":{"@type":"PropertyValueSpecification","valueRequired":true,"valueName":"search_term_string"}}],"inLanguage":"it-IT"},{"@type":"Organization","@id":"https:\/\/jinsuncarbon.com\/#organization","name":"Jinsun Carbon","alternateName":"Jinsun Carbon","url":"https:\/\/jinsuncarbon.com\/","logo":{"@type":"ImageObject","inLanguage":"it-IT","@id":"https:\/\/jinsuncarbon.com\/#\/schema\/logo\/image\/","url":"https:\/\/jinsuncarbon.com\/wp-content\/uploads\/2022\/12\/LOGO-1.png","contentUrl":"https:\/\/jinsuncarbon.com\/wp-content\/uploads\/2022\/12\/LOGO-1.png","width":207,"height":80,"caption":"Jinsun Carbon"},"image":{"@id":"https:\/\/jinsuncarbon.com\/#\/schema\/logo\/image\/"},"sameAs":["https:\/\/www.facebook.com\/Graphite-Electrode-109336238661595","https:\/\/x.com\/jinsuncarbon_","https:\/\/www.linkedin.com\/in\/jinsungraphite","https:\/\/www.youtube.com\/channel\/UCysDNyvyR5-3cCWEmpkVC0g"]}]}},"_links":{"self":[{"href":"https:\/\/jinsuncarbon.com\/it\/wp-json\/wp\/v2\/product\/2156","targetHints":{"allow":["GET"]}}],"collection":[{"href":"https:\/\/jinsuncarbon.com\/it\/wp-json\/wp\/v2\/product"}],"about":[{"href":"https:\/\/jinsuncarbon.com\/it\/wp-json\/wp\/v2\/types\/product"}],"wp:featuredmedia":[{"embeddable":true,"href":"https:\/\/jinsuncarbon.com\/it\/wp-json\/wp\/v2\/media\/2711"}],"wp:attachment":[{"href":"https:\/\/jinsuncarbon.com\/it\/wp-json\/wp\/v2\/media?parent=2156"}],"wp:term":[{"taxonomy":"product_brand","embeddable":true,"href":"https:\/\/jinsuncarbon.com\/it\/wp-json\/wp\/v2\/product_brand?post=2156"},{"taxonomy":"product_cat","embeddable":true,"href":"https:\/\/jinsuncarbon.com\/it\/wp-json\/wp\/v2\/product_cat?post=2156"},{"taxonomy":"product_tag","embeddable":true,"href":"https:\/\/jinsuncarbon.com\/it\/wp-json\/wp\/v2\/product_tag?post=2156"}],"curies":[{"name":"wp","href":"https:\/\/api.w.org\/{rel}","templated":true}]}}