{"id":2145,"date":"2023-01-30T09:28:37","date_gmt":"2023-01-30T09:28:37","guid":{"rendered":"https:\/\/jinsuncarbon.com\/?post_type=product&#038;p=2145"},"modified":"2024-11-01T01:09:33","modified_gmt":"2024-11-01T01:09:33","slug":"blocco-catodico","status":"publish","type":"product","link":"https:\/\/jinsuncarbon.com\/it\/prodotto\/blocco-catodico\/","title":{"rendered":"Blocco catodico"},"content":{"rendered":"<h2><span data-preserver-spaces=\"true\">Che cos'\u00e8 il blocco catodico?<\/span><\/h2>\n<p><span data-preserver-spaces=\"true\">Il blocco catodico \u00e8 essenziale come elettrodo negativo nel processo di elettrolisi dell'alluminio dall'allumina. Contribuisce a migliorare l'efficienza della fusione dell'alluminio, che consuma molta elettricit\u00e0. \u00c8 quindi la parte centrale della struttura del catodo della cella elettrolitica dell'alluminio. <\/span><\/p>\n<p><span data-preserver-spaces=\"true\">Funge quindi da conduttore catodico nel processo di produzione dell'elettrolisi dell'alluminio. Esiste come materiale di rivestimento del <\/span><a href=\"https:\/\/jinsuncarbon.com\/it\/why-are-carbon-graphite-electrodes-used-in-electrolysis\/\"><span data-preserver-spaces=\"true\">elettrolitico<\/span><\/a><span data-preserver-spaces=\"true\"><a href=\"https:\/\/jinsuncarbon.com\/it\/why-are-carbon-graphite-electrodes-used-in-electrolysis\/\">sorellina<\/a> contenitore per celle. <\/span>Con la rapida crescita della domanda di alluminio a livello globale, i blocchi catodici svolgono un ruolo essenziale nell'industria.<\/p>\n<h2>Applicazioni<\/h2>\n<p>La funzione principale del blocco di carbonio del catodo \u00e8 quella di<a href=\"https:\/\/jinsuncarbon.com\/it\/prodotto\/carbon-graphite-furnace-lining\/\"> rivestimento<\/a> materiale della cella elettrolitica e per la conduzione della corrente elettrica.<\/p>\n<p>Allo stesso tempo, deve resistere all'erosione della criolite fusa ad alta temperatura durante il processo di elettrolisi dell'alluminio.<\/p>\n<p>Nel processo di elettrolisi \u00e8 presente anche l'azione elettrochimica delle scorie ad alta temperatura.<\/p>\n<p>Pertanto, la sua qualit\u00e0 gioca un ruolo fondamentale nel funzionamento delle celle elettrolitiche di alluminio.<\/p>\n<p>Il grado influisce direttamente sulla durata della cella elettrolitica, soprattutto in termini di resistenza alla corrosione del sodio, tasso di espansione termica e resistivit\u00e0.<\/p>\n<p>Il miglioramento della qualit\u00e0 riduce il consumo di energia nella produzione ed \u00e8 di grande importanza per prolungare la durata dell'elettrolizzatore.<\/p>\n<p>La principale causa di danneggiamento di un elettrolitico in alluminio <a href=\"https:\/\/sciencedirect.com\/topics\/engineering\/aluminum-cell\" target=\"_blank\" rel=\"noopener\">cella<\/a> \u00e8 che l'infiltrazione di sodio provoca l'espansione del blocco di carbonio, mentre l'infiltrazione dell'elettrolita fuso aumenta il suo coefficiente di espansione termica.<\/p>\n<p>&nbsp;<\/p>\n<p><img fetchpriority=\"high\" decoding=\"async\" class=\"alignnone wp-image-4470\" src=\"https:\/\/jinsuncarbon.com\/wp-content\/uploads\/2023\/01\/cathode-blocks-1024x769.jpg\" alt=\"Blocchi catodici\" width=\"506\" height=\"380\" srcset=\"https:\/\/jinsuncarbon.com\/wp-content\/uploads\/2023\/01\/cathode-blocks-1024x769.jpg 1024w, https:\/\/jinsuncarbon.com\/wp-content\/uploads\/2023\/01\/cathode-blocks-600x451.jpg 600w, https:\/\/jinsuncarbon.com\/wp-content\/uploads\/2023\/01\/cathode-blocks-300x225.jpg 300w, https:\/\/jinsuncarbon.com\/wp-content\/uploads\/2023\/01\/cathode-blocks-768x577.jpg 768w, https:\/\/jinsuncarbon.com\/wp-content\/uploads\/2023\/01\/cathode-blocks-16x12.jpg 16w, https:\/\/jinsuncarbon.com\/wp-content\/uploads\/2023\/01\/cathode-blocks.jpg 1080w\" sizes=\"(max-width: 506px) 100vw, 506px\" \/>\u00a0<img decoding=\"async\" class=\"alignnone wp-image-4471\" src=\"https:\/\/jinsuncarbon.com\/wp-content\/uploads\/2023\/01\/Cathode-carbon-block-graphitized-cathode-block-1024x769.jpg\" alt=\"Blocco catodico in carbonio - blocco catodico graficizzato\" width=\"506\" height=\"380\" srcset=\"https:\/\/jinsuncarbon.com\/wp-content\/uploads\/2023\/01\/Cathode-carbon-block-graphitized-cathode-block-1024x769.jpg 1024w, https:\/\/jinsuncarbon.com\/wp-content\/uploads\/2023\/01\/Cathode-carbon-block-graphitized-cathode-block-600x451.jpg 600w, https:\/\/jinsuncarbon.com\/wp-content\/uploads\/2023\/01\/Cathode-carbon-block-graphitized-cathode-block-300x225.jpg 300w, https:\/\/jinsuncarbon.com\/wp-content\/uploads\/2023\/01\/Cathode-carbon-block-graphitized-cathode-block-768x577.jpg 768w, https:\/\/jinsuncarbon.com\/wp-content\/uploads\/2023\/01\/Cathode-carbon-block-graphitized-cathode-block-16x12.jpg 16w, https:\/\/jinsuncarbon.com\/wp-content\/uploads\/2023\/01\/Cathode-carbon-block-graphitized-cathode-block.jpg 1080w\" sizes=\"(max-width: 506px) 100vw, 506px\" \/><\/p>\n<p>&nbsp;<\/p>\n<h2><span data-preserver-spaces=\"true\">Caratteristiche<\/span><\/h2>\n<p><span data-preserver-spaces=\"true\">La bassa resistenza e la buona conducibilit\u00e0 rendono la caduta di tensione minima e riducono il consumo di energia della produzione elettrolitica. <\/span><\/p>\n<p><span data-preserver-spaces=\"true\">Ha una resistenza meccanica specifica. Durante <\/span><a class=\"editor-rtfLink\" href=\"https:\/\/www.bbc.co.uk\/bitesize\/guides\/zhk6pbk\/revision\/4\" target=\"_blank\" rel=\"noopener\"><span data-preserver-spaces=\"true\">elettrolisi dell'alluminio<\/span><\/a><span data-preserver-spaces=\"true\">Il volume del blocco catodico si espande, provocando una notevole dilatazione. <\/span><\/p>\n<p><span data-preserver-spaces=\"true\">e un'elevata resistenza meccanica, che ridurr\u00e0 il tasso di danneggiamento. <\/span><\/p>\n<p><span data-preserver-spaces=\"true\">La sua bassa porosit\u00e0 non si rompe rapidamente quando aumenta il contenuto di elettrolita che vi permea. <\/span><\/p>\n<p><span data-preserver-spaces=\"true\">Il contenuto di ceneri \u00e8 ridotto, quindi non aumenta la resistenza specifica e non influisce sulla conduttivit\u00e0. <\/span><\/p>\n<p><span data-preserver-spaces=\"true\">Il suo coefficiente di danneggiamento \u00e8 ridotto e pu\u00f2 prolungare la sua vita utile.<\/span><\/p>\n<p>&nbsp;<\/p>\n<h2>\u00a0Propriet\u00e0 del blocco catodico<\/h2>\n<table width=\"652\">\n<tbody>\n<tr>\n<td width=\"151\">PROPRIET\u00c0<\/td>\n<td width=\"57\">UNIT\u00c0<\/td>\n<td width=\"132\">carbonio amorfo<\/td>\n<td width=\"94\">semi-grafite<\/td>\n<td width=\"113\">semigrafato<\/td>\n<td width=\"104\">grafitizzazione<\/td>\n<\/tr>\n<tr>\n<td width=\"151\">Densit\u00e0 reale<\/td>\n<td width=\"57\">g\/cm<sup>3<\/sup><\/td>\n<td width=\"132\">1.85~1.95<\/td>\n<td width=\"94\">2.05~2.15<\/td>\n<td width=\"113\">2.05~2.18<\/td>\n<td width=\"104\">2.20<\/td>\n<\/tr>\n<tr>\n<td width=\"151\">Densit\u00e0 apparente<\/td>\n<td width=\"57\">g\/cm<sup>3<\/sup><\/td>\n<td width=\"132\">1.50~1.55<\/td>\n<td width=\"94\">1.60~1.70<\/td>\n<td width=\"113\">1.55~1.65<\/td>\n<td width=\"104\">1.6~1.8<\/td>\n<\/tr>\n<tr>\n<td width=\"151\">Porosit\u00e0 totale<\/td>\n<td width=\"57\">%<\/td>\n<td width=\"132\">18~25<\/td>\n<td width=\"94\">20~25<\/td>\n<td width=\"113\">15~30<\/td>\n<td width=\"104\">25<\/td>\n<\/tr>\n<tr>\n<td width=\"151\">Porosit\u00e0 aperta<\/td>\n<td width=\"57\">%<\/td>\n<td width=\"132\">15~18<\/td>\n<td width=\"94\">15~20<\/td>\n<td width=\"113\">15~20<\/td>\n<td width=\"104\">20~24<\/td>\n<\/tr>\n<tr>\n<td width=\"151\">Resistenza elettrica<\/td>\n<td width=\"57\">\u03bc\u03a9-m<\/td>\n<td width=\"132\">30~50<\/td>\n<td width=\"94\">15~30<\/td>\n<td width=\"113\">12~18<\/td>\n<td width=\"104\">8~14<\/td>\n<\/tr>\n<tr>\n<td width=\"151\">Conduttivit\u00e0 termica<\/td>\n<td width=\"57\">W\/mk<\/td>\n<td width=\"132\">8~15<\/td>\n<td width=\"94\">30~45<\/td>\n<td width=\"113\">32<\/td>\n<td width=\"104\">80~120<\/td>\n<\/tr>\n<tr>\n<td width=\"151\">Resistenza alla compressione<\/td>\n<td width=\"57\">MPa<\/td>\n<td width=\"132\">25~30<\/td>\n<td width=\"94\">25~30<\/td>\n<td width=\"113\">20~25<\/td>\n<td width=\"104\">15<\/td>\n<\/tr>\n<tr>\n<td width=\"151\">Resistenza alla flessione<\/td>\n<td width=\"57\">GPa<\/td>\n<td width=\"132\">6~10<\/td>\n<td width=\"94\">10~15<\/td>\n<td width=\"113\">6~10<\/td>\n<td width=\"104\">10~15<\/td>\n<\/tr>\n<tr>\n<td width=\"151\">Test di relazione<\/td>\n<td width=\"57\">%<\/td>\n<td width=\"132\">0.6~1.5<\/td>\n<td width=\"94\">0.3~0.5<\/td>\n<td width=\"113\">0.3~0.5<\/td>\n<td width=\"104\">0.05~0.15<\/td>\n<\/tr>\n<tr>\n<td width=\"151\">Contenuto di ceneri<\/td>\n<td width=\"57\">%<\/td>\n<td width=\"132\">3~10<\/td>\n<td width=\"94\">0.1~1.0<\/td>\n<td width=\"113\">&lt;1.5<\/td>\n<td width=\"104\">&lt;0.5<\/td>\n<\/tr>\n<\/tbody>\n<\/table>\n<p>&nbsp;<\/p>","protected":false},"excerpt":{"rendered":"<p>I blocchi catodici sono utilizzati per il rivestimento in muratura delle celle elettrolitiche di alluminio. Come materiale elettrodico positivo in carbonio conduttivo, ha le caratteristiche di resistenza alle alte temperature, resistenza alla corrosione da sali fusi e buona conducibilit\u00e0. Ne esistono diversi tipi, tra cui il blocco catodico in carbonio ordinario, il blocco catodico in semi-grafite, il blocco catodico ad alta grafite e il blocco catodico grafitizzato. Le specifiche attuali sono 550mm\u00d7900mm\u00d73600mm e 650mm\u00d7700mm\u00d73600mm e oltre.<\/p>","protected":false},"featured_media":2308,"template":"","meta":[],"product_brand":[],"product_cat":[39],"product_tag":[47],"class_list":{"0":"post-2145","1":"product","2":"type-product","3":"status-publish","4":"has-post-thumbnail","6":"product_cat-carbon-products","7":"product_tag-cathode-block","9":"first","10":"instock","11":"shipping-taxable","12":"product-type-simple"},"yoast_head":"<!-- This site is optimized with the Yoast SEO Premium plugin v19.2.1 (Yoast SEO v25.3) - https:\/\/yoast.com\/wordpress\/plugins\/seo\/ -->\n<title>Cathode Block - Jinsun Carbon<\/title>\n<meta name=\"description\" content=\"Cathode blocks are used for the masonry lining of aluminum electrolytic cells. As a positive electrode conductive materials in the aluminum smelting process\" \/>\n<meta name=\"robots\" content=\"index, follow, max-snippet:-1, max-image-preview:large, max-video-preview:-1\" \/>\n<link rel=\"canonical\" href=\"https:\/\/jinsuncarbon.com\/it\/prodotto\/blocco-catodico\/\" \/>\n<meta property=\"og:locale\" content=\"it_IT\" \/>\n<meta property=\"og:type\" content=\"article\" \/>\n<meta property=\"og:title\" content=\"Cathode Block\" \/>\n<meta property=\"og:description\" content=\"Cathode blocks are used for the masonry lining of aluminum electrolytic cells. As a positive electrode conductive materials in the aluminum smelting process\" \/>\n<meta property=\"og:url\" content=\"https:\/\/jinsuncarbon.com\/it\/prodotto\/blocco-catodico\/\" \/>\n<meta property=\"og:site_name\" content=\"Jinsun Carbon\" \/>\n<meta property=\"article:publisher\" content=\"https:\/\/www.facebook.com\/Graphite-Electrode-109336238661595\" \/>\n<meta property=\"article:modified_time\" content=\"2024-11-01T01:09:33+00:00\" \/>\n<meta property=\"og:image\" content=\"https:\/\/jinsuncarbon.com\/wp-content\/uploads\/2023\/01\/cathode-block-2.jpg\" \/>\n\t<meta property=\"og:image:width\" content=\"1024\" \/>\n\t<meta property=\"og:image:height\" content=\"763\" \/>\n\t<meta property=\"og:image:type\" content=\"image\/jpeg\" \/>\n<meta name=\"twitter:card\" content=\"summary_large_image\" \/>\n<meta name=\"twitter:site\" content=\"@jinsuncarbon_\" \/>\n<meta name=\"twitter:label1\" content=\"Tempo di lettura stimato\" \/>\n\t<meta name=\"twitter:data1\" content=\"3 minuti\" \/>\n<script type=\"application\/ld+json\" class=\"yoast-schema-graph\">{\"@context\":\"https:\/\/schema.org\",\"@graph\":[{\"@type\":\"WebPage\",\"@id\":\"https:\/\/jinsuncarbon.com\/product\/cathode-block\/\",\"url\":\"https:\/\/jinsuncarbon.com\/product\/cathode-block\/\",\"name\":\"Cathode Block - Jinsun Carbon\",\"isPartOf\":{\"@id\":\"https:\/\/jinsuncarbon.com\/#website\"},\"primaryImageOfPage\":{\"@id\":\"https:\/\/jinsuncarbon.com\/product\/cathode-block\/#primaryimage\"},\"image\":{\"@id\":\"https:\/\/jinsuncarbon.com\/product\/cathode-block\/#primaryimage\"},\"thumbnailUrl\":\"https:\/\/jinsuncarbon.com\/wp-content\/uploads\/2023\/01\/cathode-block-2.jpg\",\"datePublished\":\"2023-01-30T09:28:37+00:00\",\"dateModified\":\"2024-11-01T01:09:33+00:00\",\"description\":\"Cathode blocks are used for the masonry lining of aluminum electrolytic cells. As a positive electrode conductive materials in the aluminum smelting process\",\"breadcrumb\":{\"@id\":\"https:\/\/jinsuncarbon.com\/product\/cathode-block\/#breadcrumb\"},\"inLanguage\":\"it-IT\",\"potentialAction\":[{\"@type\":\"ReadAction\",\"target\":[\"https:\/\/jinsuncarbon.com\/product\/cathode-block\/\"]}]},{\"@type\":\"ImageObject\",\"inLanguage\":\"it-IT\",\"@id\":\"https:\/\/jinsuncarbon.com\/product\/cathode-block\/#primaryimage\",\"url\":\"https:\/\/jinsuncarbon.com\/wp-content\/uploads\/2023\/01\/cathode-block-2.jpg\",\"contentUrl\":\"https:\/\/jinsuncarbon.com\/wp-content\/uploads\/2023\/01\/cathode-block-2.jpg\",\"width\":1024,\"height\":763,\"caption\":\"cathode blocks\"},{\"@type\":\"BreadcrumbList\",\"@id\":\"https:\/\/jinsuncarbon.com\/product\/cathode-block\/#breadcrumb\",\"itemListElement\":[{\"@type\":\"ListItem\",\"position\":1,\"name\":\"Home\",\"item\":\"https:\/\/jinsuncarbon.com\/\"},{\"@type\":\"ListItem\",\"position\":2,\"name\":\"Products\",\"item\":\"https:\/\/jinsuncarbon.com\/graphite-carbon\/\"},{\"@type\":\"ListItem\",\"position\":3,\"name\":\"Cathode Block\"}]},{\"@type\":\"WebSite\",\"@id\":\"https:\/\/jinsuncarbon.com\/#website\",\"url\":\"https:\/\/jinsuncarbon.com\/\",\"name\":\"Jinsun Carbon\",\"description\":\"We are the successful graphite electrode manufacturer in China\",\"publisher\":{\"@id\":\"https:\/\/jinsuncarbon.com\/#organization\"},\"potentialAction\":[{\"@type\":\"SearchAction\",\"target\":{\"@type\":\"EntryPoint\",\"urlTemplate\":\"https:\/\/jinsuncarbon.com\/?s={search_term_string}\"},\"query-input\":{\"@type\":\"PropertyValueSpecification\",\"valueRequired\":true,\"valueName\":\"search_term_string\"}}],\"inLanguage\":\"it-IT\"},{\"@type\":\"Organization\",\"@id\":\"https:\/\/jinsuncarbon.com\/#organization\",\"name\":\"Jinsun Carbon\",\"alternateName\":\"Jinsun Carbon\",\"url\":\"https:\/\/jinsuncarbon.com\/\",\"logo\":{\"@type\":\"ImageObject\",\"inLanguage\":\"it-IT\",\"@id\":\"https:\/\/jinsuncarbon.com\/#\/schema\/logo\/image\/\",\"url\":\"https:\/\/jinsuncarbon.com\/wp-content\/uploads\/2022\/12\/LOGO-1.png\",\"contentUrl\":\"https:\/\/jinsuncarbon.com\/wp-content\/uploads\/2022\/12\/LOGO-1.png\",\"width\":207,\"height\":80,\"caption\":\"Jinsun Carbon\"},\"image\":{\"@id\":\"https:\/\/jinsuncarbon.com\/#\/schema\/logo\/image\/\"},\"sameAs\":[\"https:\/\/www.facebook.com\/Graphite-Electrode-109336238661595\",\"https:\/\/x.com\/jinsuncarbon_\",\"https:\/\/www.linkedin.com\/in\/jinsungraphite\",\"https:\/\/www.youtube.com\/channel\/UCysDNyvyR5-3cCWEmpkVC0g\"]}]}<\/script>\n<!-- \/ Yoast SEO Premium plugin. -->","yoast_head_json":{"title":"Blocco catodico - Jinsun Carbon","description":"I blocchi catodici sono utilizzati per il rivestimento in muratura delle celle elettrolitiche di alluminio. Come elettrodo positivo materiali conduttivi nel processo di fusione dell'alluminio","robots":{"index":"index","follow":"follow","max-snippet":"max-snippet:-1","max-image-preview":"max-image-preview:large","max-video-preview":"max-video-preview:-1"},"canonical":"https:\/\/jinsuncarbon.com\/it\/prodotto\/blocco-catodico\/","og_locale":"it_IT","og_type":"article","og_title":"Cathode Block","og_description":"Cathode blocks are used for the masonry lining of aluminum electrolytic cells. As a positive electrode conductive materials in the aluminum smelting process","og_url":"https:\/\/jinsuncarbon.com\/it\/prodotto\/blocco-catodico\/","og_site_name":"Jinsun Carbon","article_publisher":"https:\/\/www.facebook.com\/Graphite-Electrode-109336238661595","article_modified_time":"2024-11-01T01:09:33+00:00","og_image":[{"width":1024,"height":763,"url":"https:\/\/jinsuncarbon.com\/wp-content\/uploads\/2023\/01\/cathode-block-2.jpg","type":"image\/jpeg"}],"twitter_card":"summary_large_image","twitter_site":"@jinsuncarbon_","twitter_misc":{"Tempo di lettura stimato":"3 minuti"},"schema":{"@context":"https:\/\/schema.org","@graph":[{"@type":"WebPage","@id":"https:\/\/jinsuncarbon.com\/product\/cathode-block\/","url":"https:\/\/jinsuncarbon.com\/product\/cathode-block\/","name":"Blocco catodico - Jinsun Carbon","isPartOf":{"@id":"https:\/\/jinsuncarbon.com\/#website"},"primaryImageOfPage":{"@id":"https:\/\/jinsuncarbon.com\/product\/cathode-block\/#primaryimage"},"image":{"@id":"https:\/\/jinsuncarbon.com\/product\/cathode-block\/#primaryimage"},"thumbnailUrl":"https:\/\/jinsuncarbon.com\/wp-content\/uploads\/2023\/01\/cathode-block-2.jpg","datePublished":"2023-01-30T09:28:37+00:00","dateModified":"2024-11-01T01:09:33+00:00","description":"I blocchi catodici sono utilizzati per il rivestimento in muratura delle celle elettrolitiche di alluminio. Come elettrodo positivo materiali conduttivi nel processo di fusione dell'alluminio","breadcrumb":{"@id":"https:\/\/jinsuncarbon.com\/product\/cathode-block\/#breadcrumb"},"inLanguage":"it-IT","potentialAction":[{"@type":"ReadAction","target":["https:\/\/jinsuncarbon.com\/product\/cathode-block\/"]}]},{"@type":"ImageObject","inLanguage":"it-IT","@id":"https:\/\/jinsuncarbon.com\/product\/cathode-block\/#primaryimage","url":"https:\/\/jinsuncarbon.com\/wp-content\/uploads\/2023\/01\/cathode-block-2.jpg","contentUrl":"https:\/\/jinsuncarbon.com\/wp-content\/uploads\/2023\/01\/cathode-block-2.jpg","width":1024,"height":763,"caption":"cathode blocks"},{"@type":"BreadcrumbList","@id":"https:\/\/jinsuncarbon.com\/product\/cathode-block\/#breadcrumb","itemListElement":[{"@type":"ListItem","position":1,"name":"Home","item":"https:\/\/jinsuncarbon.com\/"},{"@type":"ListItem","position":2,"name":"Products","item":"https:\/\/jinsuncarbon.com\/graphite-carbon\/"},{"@type":"ListItem","position":3,"name":"Cathode Block"}]},{"@type":"WebSite","@id":"https:\/\/jinsuncarbon.com\/#website","url":"https:\/\/jinsuncarbon.com\/","name":"Jinsun Carbon","description":"Siamo il produttore di elettrodi di grafite di successo in Cina","publisher":{"@id":"https:\/\/jinsuncarbon.com\/#organization"},"potentialAction":[{"@type":"SearchAction","target":{"@type":"EntryPoint","urlTemplate":"https:\/\/jinsuncarbon.com\/?s={search_term_string}"},"query-input":{"@type":"PropertyValueSpecification","valueRequired":true,"valueName":"search_term_string"}}],"inLanguage":"it-IT"},{"@type":"Organization","@id":"https:\/\/jinsuncarbon.com\/#organization","name":"Jinsun Carbon","alternateName":"Jinsun Carbon","url":"https:\/\/jinsuncarbon.com\/","logo":{"@type":"ImageObject","inLanguage":"it-IT","@id":"https:\/\/jinsuncarbon.com\/#\/schema\/logo\/image\/","url":"https:\/\/jinsuncarbon.com\/wp-content\/uploads\/2022\/12\/LOGO-1.png","contentUrl":"https:\/\/jinsuncarbon.com\/wp-content\/uploads\/2022\/12\/LOGO-1.png","width":207,"height":80,"caption":"Jinsun Carbon"},"image":{"@id":"https:\/\/jinsuncarbon.com\/#\/schema\/logo\/image\/"},"sameAs":["https:\/\/www.facebook.com\/Graphite-Electrode-109336238661595","https:\/\/x.com\/jinsuncarbon_","https:\/\/www.linkedin.com\/in\/jinsungraphite","https:\/\/www.youtube.com\/channel\/UCysDNyvyR5-3cCWEmpkVC0g"]}]}},"_links":{"self":[{"href":"https:\/\/jinsuncarbon.com\/it\/wp-json\/wp\/v2\/product\/2145","targetHints":{"allow":["GET"]}}],"collection":[{"href":"https:\/\/jinsuncarbon.com\/it\/wp-json\/wp\/v2\/product"}],"about":[{"href":"https:\/\/jinsuncarbon.com\/it\/wp-json\/wp\/v2\/types\/product"}],"wp:featuredmedia":[{"embeddable":true,"href":"https:\/\/jinsuncarbon.com\/it\/wp-json\/wp\/v2\/media\/2308"}],"wp:attachment":[{"href":"https:\/\/jinsuncarbon.com\/it\/wp-json\/wp\/v2\/media?parent=2145"}],"wp:term":[{"taxonomy":"product_brand","embeddable":true,"href":"https:\/\/jinsuncarbon.com\/it\/wp-json\/wp\/v2\/product_brand?post=2145"},{"taxonomy":"product_cat","embeddable":true,"href":"https:\/\/jinsuncarbon.com\/it\/wp-json\/wp\/v2\/product_cat?post=2145"},{"taxonomy":"product_tag","embeddable":true,"href":"https:\/\/jinsuncarbon.com\/it\/wp-json\/wp\/v2\/product_tag?post=2145"}],"curies":[{"name":"wp","href":"https:\/\/api.w.org\/{rel}","templated":true}]}}