{"id":2143,"date":"2023-01-30T09:24:37","date_gmt":"2023-01-30T09:24:37","guid":{"rendered":"https:\/\/jinsuncarbon.com\/?post_type=product&#038;p=2143"},"modified":"2024-10-29T07:53:16","modified_gmt":"2024-10-29T07:53:16","slug":"rivestimento-del-forno-in-grafite","status":"publish","type":"product","link":"https:\/\/jinsuncarbon.com\/it\/prodotto\/rivestimento-del-forno-in-grafite\/","title":{"rendered":"Rivestimento del forno in grafite"},"content":{"rendered":"<h3>Quali sono i tipi di rivestimenti per forni?<\/h3>\n<p>I refrattari al carbonio per il rivestimento dei forni sono mattoni o blocchi refrattari cotti o grafitizzati. Uno \u00e8 formato da coke e antracite come materie prime primarie, arrostite e lavorate, l'altro \u00e8 formato da coke di pece e coke di petrolio come materie prime primarie, arrostite e grafitizzate.<\/p>\n<p>Le propriet\u00e0 dei mattoni di carbonio sono a forma di ventaglio, di cuneo, di quadrato e cos\u00ec via. Le forme dei rivestimenti per forni in grafite sono tutte personalizzate.<\/p>\n<p>I blocchi di carbonio possono essere utilizzati come <a href=\"https:\/\/en.wikipedia.org\/wiki\/Refractory\" target=\"_blank\" rel=\"noopener\">materiali refrattari<\/a> per vari forni; <a href=\"https:\/\/jinsuncarbon.com\/it\/prodotto\/blocco-di-grafite\/\">Grafite<\/a> Il rivestimento dei forni viene utilizzato solo in condizioni particolari, come le altissime temperature e la prevenzione dell'inquinamento.<\/p>\n<h3><\/h3>\n<h3>Caratteristiche qualitative del carbon block per altoforno<\/h3>\n<p>Resistenza al ferro fuso; resistenza agli alcali; buone propriet\u00e0 meccaniche; resistenza al calore; resistenza alla penetrazione di acqua fusa.<\/p>\n<p><img fetchpriority=\"high\" decoding=\"async\" class=\"wp-image-3939 aligncenter\" src=\"https:\/\/jinsuncarbon.com\/wp-content\/uploads\/2023\/01\/4e4737d8411108c3fa5c0aee8af8063.jpg\" alt=\"rivestimento del forno a grafite \" width=\"539\" height=\"400\" srcset=\"https:\/\/jinsuncarbon.com\/wp-content\/uploads\/2023\/01\/4e4737d8411108c3fa5c0aee8af8063.jpg 1280w, https:\/\/jinsuncarbon.com\/wp-content\/uploads\/2023\/01\/4e4737d8411108c3fa5c0aee8af8063-600x445.jpg 600w, https:\/\/jinsuncarbon.com\/wp-content\/uploads\/2023\/01\/4e4737d8411108c3fa5c0aee8af8063-300x223.jpg 300w, https:\/\/jinsuncarbon.com\/wp-content\/uploads\/2023\/01\/4e4737d8411108c3fa5c0aee8af8063-1024x760.jpg 1024w, https:\/\/jinsuncarbon.com\/wp-content\/uploads\/2023\/01\/4e4737d8411108c3fa5c0aee8af8063-768x570.jpg 768w, https:\/\/jinsuncarbon.com\/wp-content\/uploads\/2023\/01\/4e4737d8411108c3fa5c0aee8af8063-16x12.jpg 16w\" sizes=\"(max-width: 539px) 100vw, 539px\" \/><\/p>\n<p>&nbsp;<\/p>\n<h3>Propriet\u00e0 fisiche e chimiche del rivestimento del forno in grafite<\/h3>\n<p>Il rivestimento in grafite \u00e8 generalmente utilizzato come materiale refrattario per il fondo dell'altoforno. Prima del trattamento di grafitizzazione, i produttori utilizzano generalmente un trattamento di impregnazione con catrame di carbone. Ci\u00f2 consente non solo di aumentare la densit\u00e0 del prodotto, ma anche di ridurne la resistivit\u00e0, prolungandone cos\u00ec la durata.<\/p>\n<table style=\"font-size: 16px;\">\n<tbody>\n<tr>\n<td width=\"189\">ITME<\/td>\n<td width=\"189\">Resistenza specifica<\/p>\n<p>\uff08\u03bc\u03a9-m\uff09<\/p>\n<p>&nbsp;<\/td>\n<td width=\"189\">Resistenza alla compressione<\/p>\n<p>\uff08Ma \u00e8 un'altra cosa\uff09<\/p>\n<p>&nbsp;<\/td>\n<\/tr>\n<tr>\n<td width=\"189\">220 mm*220 mm<\/td>\n<td width=\"189\"><strong>\u226412<\/strong><\/td>\n<td width=\"189\"><strong>\u226520<\/strong><\/td>\n<\/tr>\n<tr>\n<td width=\"189\">400mm*400mm<\/td>\n<td width=\"189\"><strong>\u226413<\/strong><\/td>\n<td width=\"189\"><strong>\u226518<\/strong><\/td>\n<\/tr>\n<\/tbody>\n<\/table>\n<p>&nbsp;<\/p>\n<p>&nbsp;<\/p>\n<div class=\"D5aOJc vJwDU\"><\/div>\n<div class=\"hlJJmd\">\n<div class=\"D5aOJc Hapztf\"><\/div>\n<div class=\"Bmcqed\">\n<div data-id=\"kvLWu\"><\/div>\n<\/div>\n<\/div>\n<div class=\"cEWAef\"><\/div>\n<p>&nbsp;<\/p>","protected":false},"excerpt":{"rendered":"<p>Il rivestimento in grafite viene utilizzato nei forni metallurgici e nei forni a resistenza, come il forno per carburo di silicio e il forno di grafitizzazione. Progettiamo le dimensioni del rivestimento in grafite in base alle dimensioni del forno. Produciamo e forniamo materiale di grafite impregnato di qualit\u00e0 superiore e formati speciali di grandi dimensioni. Attualmente, per gli altiforni di grandi dimensioni vengono costruiti molti rivestimenti in muratura, dal fondo del forno e dal focolare fino al bordo. Per migliorare la densit\u00e0 del rivestimento, spesso viene impregnato con pece, seguita da una seconda cottura a 1200 \u2103.<\/p>","protected":false},"featured_media":2675,"template":"","meta":[],"product_brand":[],"product_cat":[38],"product_tag":[],"class_list":{"0":"post-2143","1":"product","2":"type-product","3":"status-publish","4":"has-post-thumbnail","6":"product_cat-graphite-products","8":"first","9":"instock","10":"shipping-taxable","11":"product-type-simple"},"yoast_head":"<!-- This site is optimized with the Yoast SEO Premium plugin v19.2.1 (Yoast SEO v25.3) - https:\/\/yoast.com\/wordpress\/plugins\/seo\/ -->\n<title>Graphite Furnace Lining | Jinsun Carbon<\/title>\n<meta name=\"description\" content=\"Graphite furnace lining is used in metallurgical furnaces and resistance furnaces such as silicon carbide furnaces and graphitization furnaces.\" \/>\n<meta name=\"robots\" content=\"index, follow, max-snippet:-1, max-image-preview:large, max-video-preview:-1\" \/>\n<link rel=\"canonical\" href=\"https:\/\/jinsuncarbon.com\/it\/prodotto\/rivestimento-del-forno-in-grafite\/\" \/>\n<meta property=\"og:locale\" content=\"it_IT\" \/>\n<meta property=\"og:type\" content=\"article\" \/>\n<meta property=\"og:title\" content=\"Graphite Furnace Lining\" \/>\n<meta property=\"og:description\" content=\"Graphite furnace lining is used in metallurgical furnaces and resistance furnaces such as silicon carbide furnaces and graphitization furnaces.\" \/>\n<meta property=\"og:url\" content=\"https:\/\/jinsuncarbon.com\/it\/prodotto\/rivestimento-del-forno-in-grafite\/\" \/>\n<meta property=\"og:site_name\" content=\"Jinsun Carbon\" \/>\n<meta property=\"article:publisher\" content=\"https:\/\/www.facebook.com\/Graphite-Electrode-109336238661595\" \/>\n<meta property=\"article:modified_time\" content=\"2024-10-29T07:53:16+00:00\" \/>\n<meta property=\"og:image\" content=\"https:\/\/jinsuncarbon.com\/wp-content\/uploads\/2023\/01\/fa7dfcac132055d8f09444a8728fbb5.jpg\" \/>\n\t<meta property=\"og:image:width\" content=\"1024\" \/>\n\t<meta property=\"og:image:height\" content=\"763\" \/>\n\t<meta property=\"og:image:type\" content=\"image\/jpeg\" \/>\n<meta name=\"twitter:card\" content=\"summary_large_image\" \/>\n<meta name=\"twitter:site\" content=\"@jinsuncarbon_\" \/>\n<meta name=\"twitter:label1\" content=\"Tempo di lettura stimato\" \/>\n\t<meta name=\"twitter:data1\" content=\"2 minuti\" \/>\n<script type=\"application\/ld+json\" class=\"yoast-schema-graph\">{\"@context\":\"https:\/\/schema.org\",\"@graph\":[{\"@type\":\"WebPage\",\"@id\":\"https:\/\/jinsuncarbon.com\/product\/graphite-furnace-lining\/\",\"url\":\"https:\/\/jinsuncarbon.com\/product\/graphite-furnace-lining\/\",\"name\":\"Graphite Furnace Lining | Jinsun Carbon\",\"isPartOf\":{\"@id\":\"https:\/\/jinsuncarbon.com\/#website\"},\"primaryImageOfPage\":{\"@id\":\"https:\/\/jinsuncarbon.com\/product\/graphite-furnace-lining\/#primaryimage\"},\"image\":{\"@id\":\"https:\/\/jinsuncarbon.com\/product\/graphite-furnace-lining\/#primaryimage\"},\"thumbnailUrl\":\"https:\/\/jinsuncarbon.com\/wp-content\/uploads\/2023\/01\/fa7dfcac132055d8f09444a8728fbb5.jpg\",\"datePublished\":\"2023-01-30T09:24:37+00:00\",\"dateModified\":\"2024-10-29T07:53:16+00:00\",\"description\":\"Graphite furnace lining is used in metallurgical furnaces and resistance furnaces such as silicon carbide furnaces and graphitization furnaces.\",\"breadcrumb\":{\"@id\":\"https:\/\/jinsuncarbon.com\/product\/graphite-furnace-lining\/#breadcrumb\"},\"inLanguage\":\"it-IT\",\"potentialAction\":[{\"@type\":\"ReadAction\",\"target\":[\"https:\/\/jinsuncarbon.com\/product\/graphite-furnace-lining\/\"]}]},{\"@type\":\"ImageObject\",\"inLanguage\":\"it-IT\",\"@id\":\"https:\/\/jinsuncarbon.com\/product\/graphite-furnace-lining\/#primaryimage\",\"url\":\"https:\/\/jinsuncarbon.com\/wp-content\/uploads\/2023\/01\/fa7dfcac132055d8f09444a8728fbb5.jpg\",\"contentUrl\":\"https:\/\/jinsuncarbon.com\/wp-content\/uploads\/2023\/01\/fa7dfcac132055d8f09444a8728fbb5.jpg\",\"width\":1024,\"height\":763,\"caption\":\"carbon graphite furnace lining maunfacturer\"},{\"@type\":\"BreadcrumbList\",\"@id\":\"https:\/\/jinsuncarbon.com\/product\/graphite-furnace-lining\/#breadcrumb\",\"itemListElement\":[{\"@type\":\"ListItem\",\"position\":1,\"name\":\"Home\",\"item\":\"https:\/\/jinsuncarbon.com\/\"},{\"@type\":\"ListItem\",\"position\":2,\"name\":\"Products\",\"item\":\"https:\/\/jinsuncarbon.com\/graphite-carbon\/\"},{\"@type\":\"ListItem\",\"position\":3,\"name\":\"Graphite Furnace Lining\"}]},{\"@type\":\"WebSite\",\"@id\":\"https:\/\/jinsuncarbon.com\/#website\",\"url\":\"https:\/\/jinsuncarbon.com\/\",\"name\":\"Jinsun Carbon\",\"description\":\"We are the successful graphite electrode manufacturer in China\",\"publisher\":{\"@id\":\"https:\/\/jinsuncarbon.com\/#organization\"},\"potentialAction\":[{\"@type\":\"SearchAction\",\"target\":{\"@type\":\"EntryPoint\",\"urlTemplate\":\"https:\/\/jinsuncarbon.com\/?s={search_term_string}\"},\"query-input\":{\"@type\":\"PropertyValueSpecification\",\"valueRequired\":true,\"valueName\":\"search_term_string\"}}],\"inLanguage\":\"it-IT\"},{\"@type\":\"Organization\",\"@id\":\"https:\/\/jinsuncarbon.com\/#organization\",\"name\":\"Jinsun Carbon\",\"alternateName\":\"Jinsun Carbon\",\"url\":\"https:\/\/jinsuncarbon.com\/\",\"logo\":{\"@type\":\"ImageObject\",\"inLanguage\":\"it-IT\",\"@id\":\"https:\/\/jinsuncarbon.com\/#\/schema\/logo\/image\/\",\"url\":\"https:\/\/jinsuncarbon.com\/wp-content\/uploads\/2022\/12\/LOGO-1.png\",\"contentUrl\":\"https:\/\/jinsuncarbon.com\/wp-content\/uploads\/2022\/12\/LOGO-1.png\",\"width\":207,\"height\":80,\"caption\":\"Jinsun Carbon\"},\"image\":{\"@id\":\"https:\/\/jinsuncarbon.com\/#\/schema\/logo\/image\/\"},\"sameAs\":[\"https:\/\/www.facebook.com\/Graphite-Electrode-109336238661595\",\"https:\/\/x.com\/jinsuncarbon_\",\"https:\/\/www.linkedin.com\/in\/jinsungraphite\",\"https:\/\/www.youtube.com\/channel\/UCysDNyvyR5-3cCWEmpkVC0g\"]}]}<\/script>\n<!-- \/ Yoast SEO Premium plugin. -->","yoast_head_json":{"title":"Fodera per forno in grafite | Jinsun Carbon","description":"Il rivestimento dei forni in grafite viene utilizzato nei forni metallurgici e nei forni a resistenza, come i forni per il carburo di silicio e i forni per la grafitizzazione.","robots":{"index":"index","follow":"follow","max-snippet":"max-snippet:-1","max-image-preview":"max-image-preview:large","max-video-preview":"max-video-preview:-1"},"canonical":"https:\/\/jinsuncarbon.com\/it\/prodotto\/rivestimento-del-forno-in-grafite\/","og_locale":"it_IT","og_type":"article","og_title":"Graphite Furnace Lining","og_description":"Graphite furnace lining is used in metallurgical furnaces and resistance furnaces such as silicon carbide furnaces and graphitization furnaces.","og_url":"https:\/\/jinsuncarbon.com\/it\/prodotto\/rivestimento-del-forno-in-grafite\/","og_site_name":"Jinsun Carbon","article_publisher":"https:\/\/www.facebook.com\/Graphite-Electrode-109336238661595","article_modified_time":"2024-10-29T07:53:16+00:00","og_image":[{"width":1024,"height":763,"url":"https:\/\/jinsuncarbon.com\/wp-content\/uploads\/2023\/01\/fa7dfcac132055d8f09444a8728fbb5.jpg","type":"image\/jpeg"}],"twitter_card":"summary_large_image","twitter_site":"@jinsuncarbon_","twitter_misc":{"Tempo di lettura stimato":"2 minuti"},"schema":{"@context":"https:\/\/schema.org","@graph":[{"@type":"WebPage","@id":"https:\/\/jinsuncarbon.com\/product\/graphite-furnace-lining\/","url":"https:\/\/jinsuncarbon.com\/product\/graphite-furnace-lining\/","name":"Fodera per forno in grafite | Jinsun Carbon","isPartOf":{"@id":"https:\/\/jinsuncarbon.com\/#website"},"primaryImageOfPage":{"@id":"https:\/\/jinsuncarbon.com\/product\/graphite-furnace-lining\/#primaryimage"},"image":{"@id":"https:\/\/jinsuncarbon.com\/product\/graphite-furnace-lining\/#primaryimage"},"thumbnailUrl":"https:\/\/jinsuncarbon.com\/wp-content\/uploads\/2023\/01\/fa7dfcac132055d8f09444a8728fbb5.jpg","datePublished":"2023-01-30T09:24:37+00:00","dateModified":"2024-10-29T07:53:16+00:00","description":"Il rivestimento dei forni in grafite viene utilizzato nei forni metallurgici e nei forni a resistenza, come i forni per il carburo di silicio e i forni per la grafitizzazione.","breadcrumb":{"@id":"https:\/\/jinsuncarbon.com\/product\/graphite-furnace-lining\/#breadcrumb"},"inLanguage":"it-IT","potentialAction":[{"@type":"ReadAction","target":["https:\/\/jinsuncarbon.com\/product\/graphite-furnace-lining\/"]}]},{"@type":"ImageObject","inLanguage":"it-IT","@id":"https:\/\/jinsuncarbon.com\/product\/graphite-furnace-lining\/#primaryimage","url":"https:\/\/jinsuncarbon.com\/wp-content\/uploads\/2023\/01\/fa7dfcac132055d8f09444a8728fbb5.jpg","contentUrl":"https:\/\/jinsuncarbon.com\/wp-content\/uploads\/2023\/01\/fa7dfcac132055d8f09444a8728fbb5.jpg","width":1024,"height":763,"caption":"carbon graphite furnace lining maunfacturer"},{"@type":"BreadcrumbList","@id":"https:\/\/jinsuncarbon.com\/product\/graphite-furnace-lining\/#breadcrumb","itemListElement":[{"@type":"ListItem","position":1,"name":"Home","item":"https:\/\/jinsuncarbon.com\/"},{"@type":"ListItem","position":2,"name":"Products","item":"https:\/\/jinsuncarbon.com\/graphite-carbon\/"},{"@type":"ListItem","position":3,"name":"Graphite Furnace Lining"}]},{"@type":"WebSite","@id":"https:\/\/jinsuncarbon.com\/#website","url":"https:\/\/jinsuncarbon.com\/","name":"Jinsun Carbon","description":"Siamo il produttore di elettrodi di grafite di successo in Cina","publisher":{"@id":"https:\/\/jinsuncarbon.com\/#organization"},"potentialAction":[{"@type":"SearchAction","target":{"@type":"EntryPoint","urlTemplate":"https:\/\/jinsuncarbon.com\/?s={search_term_string}"},"query-input":{"@type":"PropertyValueSpecification","valueRequired":true,"valueName":"search_term_string"}}],"inLanguage":"it-IT"},{"@type":"Organization","@id":"https:\/\/jinsuncarbon.com\/#organization","name":"Jinsun Carbon","alternateName":"Jinsun Carbon","url":"https:\/\/jinsuncarbon.com\/","logo":{"@type":"ImageObject","inLanguage":"it-IT","@id":"https:\/\/jinsuncarbon.com\/#\/schema\/logo\/image\/","url":"https:\/\/jinsuncarbon.com\/wp-content\/uploads\/2022\/12\/LOGO-1.png","contentUrl":"https:\/\/jinsuncarbon.com\/wp-content\/uploads\/2022\/12\/LOGO-1.png","width":207,"height":80,"caption":"Jinsun Carbon"},"image":{"@id":"https:\/\/jinsuncarbon.com\/#\/schema\/logo\/image\/"},"sameAs":["https:\/\/www.facebook.com\/Graphite-Electrode-109336238661595","https:\/\/x.com\/jinsuncarbon_","https:\/\/www.linkedin.com\/in\/jinsungraphite","https:\/\/www.youtube.com\/channel\/UCysDNyvyR5-3cCWEmpkVC0g"]}]}},"_links":{"self":[{"href":"https:\/\/jinsuncarbon.com\/it\/wp-json\/wp\/v2\/product\/2143","targetHints":{"allow":["GET"]}}],"collection":[{"href":"https:\/\/jinsuncarbon.com\/it\/wp-json\/wp\/v2\/product"}],"about":[{"href":"https:\/\/jinsuncarbon.com\/it\/wp-json\/wp\/v2\/types\/product"}],"wp:featuredmedia":[{"embeddable":true,"href":"https:\/\/jinsuncarbon.com\/it\/wp-json\/wp\/v2\/media\/2675"}],"wp:attachment":[{"href":"https:\/\/jinsuncarbon.com\/it\/wp-json\/wp\/v2\/media?parent=2143"}],"wp:term":[{"taxonomy":"product_brand","embeddable":true,"href":"https:\/\/jinsuncarbon.com\/it\/wp-json\/wp\/v2\/product_brand?post=2143"},{"taxonomy":"product_cat","embeddable":true,"href":"https:\/\/jinsuncarbon.com\/it\/wp-json\/wp\/v2\/product_cat?post=2143"},{"taxonomy":"product_tag","embeddable":true,"href":"https:\/\/jinsuncarbon.com\/it\/wp-json\/wp\/v2\/product_tag?post=2143"}],"curies":[{"name":"wp","href":"https:\/\/api.w.org\/{rel}","templated":true}]}}