{"id":2131,"date":"2024-09-30T09:10:18","date_gmt":"2024-09-30T09:10:18","guid":{"rendered":"https:\/\/jinsuncarbon.com\/?post_type=product&#038;p=2131"},"modified":"2024-12-13T06:27:48","modified_gmt":"2024-12-13T06:27:48","slug":"blocco-di-grafite","status":"publish","type":"product","link":"https:\/\/jinsuncarbon.com\/it\/prodotto\/blocco-di-grafite\/","title":{"rendered":"Blocco di grafite"},"content":{"rendered":"<h2>Vendita di blocchi di grafite<\/h2>\n<p>I blocchi di grafite sono prodotti con tre metodi standard: stampaggio, estrusione e pressatura isostatica. Ogni processo garantisce la creazione di strutture ad alta densit\u00e0 e uniformi del blocco di grafite.<\/p>\n<p style=\"text-align: left;\">\u00a01. Stampato: Lo stampaggio a compressione consiste nell'inserire una pasta trasparente o una polvere pressata in uno stampo della forma e delle dimensioni desiderate. Sotto pressione, le particelle si intrecciano, dando vita a un blocco di grafite compatto e resistente.<\/p>\n<p style=\"text-align: left;\">\u00a02. Estrusione: La materia prima viene sottoposta a pressione con il metodo dell'estrusione, mentre passa attraverso una matrice di forma specifica. Successivamente, la compattazione e la deformazione plastica producono dimensioni e forme precise.<\/p>\n<p style=\"text-align: left;\">3. Pressatura isostatica: Utilizziamo <a href=\"https:\/\/oceanservice.noaa.gov\/facts\/glacial-adjustment.html\" target=\"_blank\" rel=\"noopener\">isostatico<\/a> per produrre blocchi di grafite ad alta densit\u00e0 e purezza. Questo processo di produzione, unico nel suo genere, prevede che il materiale venga sottoposto a temperature e pressioni elevate. Il risultato \u00e8 un prodotto di qualit\u00e0 e durata eccezionali. Il ciclo di produzione \u00e8 generalmente pi\u00f9 lungo, oltre due mesi.<\/p>\n<p style=\"text-align: left;\">Il produttore di carbonio Jinsun produce blocchi di grafite ad alto contenuto di carbonio, classificati in base alle diverse dimensioni delle particelle, tra cui grana media, grana fine e alta purezza.<\/p>\n<h2>Vantaggi del blocco di grafite<\/h2>\n<ul>\n<li style=\"text-align: left;\">Eccellente conduttivit\u00e0: Hanno un'elevata conducibilit\u00e0 elettrica, che contribuisce a migliorare l'efficienza della trasmissione di corrente.<\/li>\n<li>Resistenza alle alte temperature: Rimane stabile alle alte temperature e non si deforma facilmente, rendendolo adatto alle applicazioni ad alta temperatura.<\/li>\n<li>Inerzia chimica: Ha una buona resistenza alla corrosione nei confronti di una variet\u00e0 di sostanze chimiche e prolunga la sua vita utile.<\/li>\n<li>Resistenza meccanica: La struttura robusta e la resistenza all'usura li rendono adatti a diversi ambienti industriali.<\/li>\n<li style=\"text-align: left;\">Facile lavorazione: Pu\u00f2 essere facilmente tagliato, scanalato o punzonato per adattarsi a speciali applicazioni industriali.<\/li>\n<\/ul>\n<h2>Usi del blocco di grafite<\/h2>\n<p><strong>Utilizzato nell'elettrolisi:<\/strong> Sono indispensabili come conduttori <a href=\"https:\/\/jinsuncarbon.com\/it\/prodotto\/elettrodo-di-grafite\/\">elettrodi<\/a> materiali in settori quali <a href=\"https:\/\/artoolworks.com\/\" target=\"_blank\" rel=\"noopener\">elettrolitico<\/a> metallo, magnesio, nichel e altri ancora. Ha una resistenza alla corrosione, pu\u00f2 resistere all'erosione di mezzi chimici come acidi e alcali e mantiene prestazioni stabili.<\/p>\n<p><strong>Forni metallurgici e di resistenza:<\/strong> Vengono utilizzati non solo in <a href=\"https:\/\/www.nature.com\/articles\/112755a0\" target=\"_blank\" rel=\"noopener\">forni metallurgici<\/a>, forni a resistenza, ma anche in altre applicazioni che richiedono resistenza alle alte temperature e conduttivit\u00e0 elettrica.<\/p>\n<p><strong>Industria chimica:<\/strong> Sono eccellenti come materiali per forni per apparecchiature di scambio termico resistenti alla corrosione e per forni ad alta temperatura. Grande blocco di grafite <a href=\"https:\/\/www.mersen.com\/products\/anticorrosion-equipment\/heat-exchanger-manufacturer\/cubic-graphite-heat-exchangers\" target=\"_blank\" rel=\"noopener\">scambiatore di calore<\/a> possono soddisfare i severi requisiti dell'industria chimica. Perch\u00e9 hanno una maggiore resistenza specifica.<\/p>\n<p><strong>Industria delle fonderie: <\/strong>Si pu\u00f2 trasformare in <a href=\"https:\/\/jinsuncarbon.com\/it\/stampo-in-grafite-su-misura-per-la-costa\/\">stampo in grafite<\/a> per la fusione e l'incisione. La sua densit\u00e0 ultraelevata e la sua struttura compatta sono molto adatte alla fusione di oro, argento e altri metalli preziosi.<\/p>\n<p><strong>Industria aerospaziale:<\/strong> Sono resistenti alle alte temperature, leggeri e molto robusti. Per questo motivo sono ampiamente utilizzati nell'industria aerospaziale e militare.<\/p>\n<p><img fetchpriority=\"high\" decoding=\"async\" class=\"alignnone wp-image-4449\" src=\"https:\/\/jinsuncarbon.com\/wp-content\/uploads\/2023\/01\/Chemical-Industry-1024x943.jpg\" alt=\"Industria chimica\" width=\"262\" height=\"242\" srcset=\"https:\/\/jinsuncarbon.com\/wp-content\/uploads\/2023\/01\/Chemical-Industry-1024x943.jpg 1024w, https:\/\/jinsuncarbon.com\/wp-content\/uploads\/2023\/01\/Chemical-Industry-600x553.jpg 600w, https:\/\/jinsuncarbon.com\/wp-content\/uploads\/2023\/01\/Chemical-Industry-300x276.jpg 300w, https:\/\/jinsuncarbon.com\/wp-content\/uploads\/2023\/01\/Chemical-Industry-768x708.jpg 768w, https:\/\/jinsuncarbon.com\/wp-content\/uploads\/2023\/01\/Chemical-Industry-13x12.jpg 13w, https:\/\/jinsuncarbon.com\/wp-content\/uploads\/2023\/01\/Chemical-Industry.jpg 1080w\" sizes=\"(max-width: 262px) 100vw, 262px\" \/> \u00a0 <img decoding=\"async\" class=\"alignnone wp-image-4450\" src=\"https:\/\/jinsuncarbon.com\/wp-content\/uploads\/2023\/01\/Aerospace-industry-1024x578.jpg\" alt=\"Industria aerospaziale\" width=\"428\" height=\"242\" srcset=\"https:\/\/jinsuncarbon.com\/wp-content\/uploads\/2023\/01\/Aerospace-industry-1024x578.jpg 1024w, https:\/\/jinsuncarbon.com\/wp-content\/uploads\/2023\/01\/Aerospace-industry-600x339.jpg 600w, https:\/\/jinsuncarbon.com\/wp-content\/uploads\/2023\/01\/Aerospace-industry-300x169.jpg 300w, https:\/\/jinsuncarbon.com\/wp-content\/uploads\/2023\/01\/Aerospace-industry-768x434.jpg 768w, https:\/\/jinsuncarbon.com\/wp-content\/uploads\/2023\/01\/Aerospace-industry-18x10.jpg 18w, https:\/\/jinsuncarbon.com\/wp-content\/uploads\/2023\/01\/Aerospace-industry.jpg 1080w\" sizes=\"(max-width: 428px) 100vw, 428px\" \/><\/p>\n<p>Industria delle fonderie Industria chimica Industria aerospaziale<\/p>\n<p>&nbsp;<\/p>\n<h3>Specifiche tecniche<\/h3>\n<table width=\"613\">\n<thead>\n<tr>\n<td width=\"218\"><strong>ARTICOLO<\/strong><\/td>\n<td width=\"111\"><strong>Unit\u00e0<\/strong><\/td>\n<td colspan=\"3\" width=\"275\"><strong>Dimensione delle particelle<\/strong><\/td>\n<\/tr>\n<\/thead>\n<tbody>\n<tr>\n<td width=\"218\">Granularit\u00e0<\/td>\n<td width=\"111\">mm<\/td>\n<td width=\"92\">0,8 mm<\/td>\n<td width=\"93\">2 mm<\/td>\n<td width=\"86\">4 mm<\/td>\n<\/tr>\n<tr>\n<td width=\"218\">Resistenza<\/td>\n<td width=\"111\">\u03bc\u03a9m<\/td>\n<td width=\"92\">\u22647.5<\/td>\n<td width=\"93\">\u22648<\/td>\n<td width=\"86\">\u22648.5<\/td>\n<\/tr>\n<tr>\n<td width=\"218\">Densit\u00e0 della massa<\/td>\n<td width=\"111\">g\/cm\u00b3<\/td>\n<td width=\"92\">\u22651.75<\/td>\n<td width=\"93\">\u22651.72<\/td>\n<td width=\"86\">\u22651.65<\/td>\n<\/tr>\n<tr>\n<td width=\"218\">Resistenza alla compressione<\/td>\n<td width=\"111\">MPa<\/td>\n<td width=\"92\">\u226536<\/td>\n<td width=\"93\">\u226535<\/td>\n<td width=\"86\">\u226534<\/td>\n<\/tr>\n<tr>\n<td width=\"218\">Resistenza alla flessione<\/td>\n<td width=\"111\">MPa<\/td>\n<td width=\"92\">\u226515<\/td>\n<td width=\"93\">\u226514.5<\/td>\n<td width=\"86\">\u226514<\/td>\n<\/tr>\n<tr>\n<td width=\"218\">Cenere<\/td>\n<td width=\"111\">%<\/td>\n<td width=\"92\">\u22640.3<\/td>\n<td width=\"93\">\u22640.3<\/td>\n<td width=\"86\">\u22640.3<\/td>\n<\/tr>\n<tr>\n<td width=\"218\">Modulo elastico<\/td>\n<td width=\"111\">Gpa<\/td>\n<td width=\"92\">\u22648<\/td>\n<td width=\"93\">\u22647<\/td>\n<td width=\"86\">\u22646<\/td>\n<\/tr>\n<tr>\n<td width=\"218\">CTE<\/td>\n<td width=\"111\">10^-6\/\u2103<\/td>\n<td width=\"92\">\u22643<\/td>\n<td width=\"93\">\u22642.5<\/td>\n<td width=\"86\">\u22642<\/td>\n<\/tr>\n<tr>\n<td width=\"218\">Porosit\u00e0<\/td>\n<td width=\"111\">%<\/td>\n<td width=\"92\">\u226518<\/td>\n<td width=\"93\">\u226520<\/td>\n<td width=\"86\">\u226522<\/td>\n<\/tr>\n<\/tbody>\n<\/table>\n<p>&nbsp;<\/p>\n<h2>JINSUN: il vostro fornitore di blocchi di grafite<\/h2>\n<p>In qualit\u00e0 di produttore di blocchi di grafite in Cina, ogni blocco di grafite viene sottoposto ad accurati controlli di qualit\u00e0. Acquistando qualsiasi tipo di blocco di grafite, garantiamo che la resistenza specifica e la resistenza alla compressione soddisfino gli standard pi\u00f9 elevati. Possiamo anche soddisfare le vostre esigenze di lavorazione personalizzata del blocco di grafite fornendo i vostri disegni.<\/p>","protected":false},"excerpt":{"rendered":"<p>I blocchi di grafite hanno un'alta densit\u00e0 e un'elevata conducibilit\u00e0, possono essere utilizzati per la fusione metallurgica e l'industria chimica. Ad esempio, forni metallurgici, forni per carburo di silicio, forni di grafitizzazione, scambiatori di calore chimici, ecc. Grazie all'elevata precisione meccanica, pu\u00f2 essere realizzato in forme diverse, come cerchi, rettangoli e trapezi. Le dimensioni pi\u00f9 grandi dei blocchi solidi che possiamo produrre sono: lunghezza massima di 2500 mm, larghezza massima di 600 mm e altezza massima di 600 mm.  Inoltre, i tipi di materiale che possiamo fornire includono: blocchi di grafite stampati, blocchi di grafite ad alta purezza e blocchi di grafite isostatica.<\/p>","protected":false},"featured_media":2453,"template":"","meta":[],"product_brand":[],"product_cat":[38],"product_tag":[],"class_list":{"0":"post-2131","1":"product","2":"type-product","3":"status-publish","4":"has-post-thumbnail","6":"product_cat-graphite-products","8":"first","9":"instock","10":"shipping-taxable","11":"product-type-simple"},"yoast_head":"<!-- This site is optimized with the Yoast SEO Premium plugin v19.2.1 (Yoast SEO v25.3) - https:\/\/yoast.com\/wordpress\/plugins\/seo\/ -->\n<title>Graphite Block Manufacturer - Best Price<\/title>\n<meta name=\"description\" content=\"Graphite blocks can be molded into various shapes. Due to its high density and high conductivity, it is used in metallurgical casting and chemical industry.\" \/>\n<meta name=\"robots\" content=\"index, follow, max-snippet:-1, max-image-preview:large, max-video-preview:-1\" \/>\n<link rel=\"canonical\" href=\"https:\/\/jinsuncarbon.com\/it\/prodotto\/blocco-di-grafite\/\" \/>\n<meta property=\"og:locale\" content=\"it_IT\" \/>\n<meta property=\"og:type\" content=\"article\" \/>\n<meta property=\"og:title\" content=\"Graphite Block\" \/>\n<meta property=\"og:description\" content=\"Graphite blocks can be molded into various shapes. Due to its high density and high conductivity, it is used in metallurgical casting and chemical industry.\" \/>\n<meta property=\"og:url\" content=\"https:\/\/jinsuncarbon.com\/it\/prodotto\/blocco-di-grafite\/\" \/>\n<meta property=\"og:site_name\" content=\"Jinsun Carbon\" \/>\n<meta property=\"article:publisher\" content=\"https:\/\/www.facebook.com\/Graphite-Electrode-109336238661595\" \/>\n<meta property=\"article:modified_time\" content=\"2024-12-13T06:27:48+00:00\" \/>\n<meta property=\"og:image\" content=\"https:\/\/jinsuncarbon.com\/wp-content\/uploads\/2023\/01\/7351.jpg\" \/>\n\t<meta property=\"og:image:width\" content=\"1173\" \/>\n\t<meta property=\"og:image:height\" content=\"1028\" \/>\n\t<meta property=\"og:image:type\" content=\"image\/jpeg\" \/>\n<meta name=\"twitter:card\" content=\"summary_large_image\" \/>\n<meta name=\"twitter:site\" content=\"@jinsuncarbon_\" \/>\n<meta name=\"twitter:label1\" content=\"Tempo di lettura stimato\" \/>\n\t<meta name=\"twitter:data1\" content=\"3 minuti\" \/>\n<script type=\"application\/ld+json\" class=\"yoast-schema-graph\">{\"@context\":\"https:\/\/schema.org\",\"@graph\":[{\"@type\":\"WebPage\",\"@id\":\"https:\/\/jinsuncarbon.com\/product\/graphite-block\/\",\"url\":\"https:\/\/jinsuncarbon.com\/product\/graphite-block\/\",\"name\":\"Graphite Block Manufacturer - Best Price\",\"isPartOf\":{\"@id\":\"https:\/\/jinsuncarbon.com\/#website\"},\"primaryImageOfPage\":{\"@id\":\"https:\/\/jinsuncarbon.com\/product\/graphite-block\/#primaryimage\"},\"image\":{\"@id\":\"https:\/\/jinsuncarbon.com\/product\/graphite-block\/#primaryimage\"},\"thumbnailUrl\":\"https:\/\/jinsuncarbon.com\/wp-content\/uploads\/2023\/01\/7351.jpg\",\"datePublished\":\"2024-09-30T09:10:18+00:00\",\"dateModified\":\"2024-12-13T06:27:48+00:00\",\"description\":\"Graphite blocks can be molded into various shapes. Due to its high density and high conductivity, it is used in metallurgical casting and chemical industry.\",\"breadcrumb\":{\"@id\":\"https:\/\/jinsuncarbon.com\/product\/graphite-block\/#breadcrumb\"},\"inLanguage\":\"it-IT\",\"potentialAction\":[{\"@type\":\"ReadAction\",\"target\":[\"https:\/\/jinsuncarbon.com\/product\/graphite-block\/\"]}]},{\"@type\":\"ImageObject\",\"inLanguage\":\"it-IT\",\"@id\":\"https:\/\/jinsuncarbon.com\/product\/graphite-block\/#primaryimage\",\"url\":\"https:\/\/jinsuncarbon.com\/wp-content\/uploads\/2023\/01\/7351.jpg\",\"contentUrl\":\"https:\/\/jinsuncarbon.com\/wp-content\/uploads\/2023\/01\/7351.jpg\",\"width\":1173,\"height\":1028,\"caption\":\"Graphite Block manufacturer\"},{\"@type\":\"BreadcrumbList\",\"@id\":\"https:\/\/jinsuncarbon.com\/product\/graphite-block\/#breadcrumb\",\"itemListElement\":[{\"@type\":\"ListItem\",\"position\":1,\"name\":\"Home\",\"item\":\"https:\/\/jinsuncarbon.com\/\"},{\"@type\":\"ListItem\",\"position\":2,\"name\":\"Products\",\"item\":\"https:\/\/jinsuncarbon.com\/graphite-carbon\/\"},{\"@type\":\"ListItem\",\"position\":3,\"name\":\"Graphite Block\"}]},{\"@type\":\"WebSite\",\"@id\":\"https:\/\/jinsuncarbon.com\/#website\",\"url\":\"https:\/\/jinsuncarbon.com\/\",\"name\":\"Jinsun Carbon\",\"description\":\"We are the successful graphite electrode manufacturer in China\",\"publisher\":{\"@id\":\"https:\/\/jinsuncarbon.com\/#organization\"},\"potentialAction\":[{\"@type\":\"SearchAction\",\"target\":{\"@type\":\"EntryPoint\",\"urlTemplate\":\"https:\/\/jinsuncarbon.com\/?s={search_term_string}\"},\"query-input\":{\"@type\":\"PropertyValueSpecification\",\"valueRequired\":true,\"valueName\":\"search_term_string\"}}],\"inLanguage\":\"it-IT\"},{\"@type\":\"Organization\",\"@id\":\"https:\/\/jinsuncarbon.com\/#organization\",\"name\":\"Jinsun Carbon\",\"alternateName\":\"Jinsun Carbon\",\"url\":\"https:\/\/jinsuncarbon.com\/\",\"logo\":{\"@type\":\"ImageObject\",\"inLanguage\":\"it-IT\",\"@id\":\"https:\/\/jinsuncarbon.com\/#\/schema\/logo\/image\/\",\"url\":\"https:\/\/jinsuncarbon.com\/wp-content\/uploads\/2022\/12\/LOGO-1.png\",\"contentUrl\":\"https:\/\/jinsuncarbon.com\/wp-content\/uploads\/2022\/12\/LOGO-1.png\",\"width\":207,\"height\":80,\"caption\":\"Jinsun Carbon\"},\"image\":{\"@id\":\"https:\/\/jinsuncarbon.com\/#\/schema\/logo\/image\/\"},\"sameAs\":[\"https:\/\/www.facebook.com\/Graphite-Electrode-109336238661595\",\"https:\/\/x.com\/jinsuncarbon_\",\"https:\/\/www.linkedin.com\/in\/jinsungraphite\",\"https:\/\/www.youtube.com\/channel\/UCysDNyvyR5-3cCWEmpkVC0g\"]}]}<\/script>\n<!-- \/ Yoast SEO Premium plugin. -->","yoast_head_json":{"title":"Blocco di grafite Fornitore - Miglior prezzo","description":"I blocchi di grafite possono essere modellati in varie forme. Grazie alla sua alta densit\u00e0 e all'elevata conduttivit\u00e0, viene utilizzata nella fusione metallurgica e nell'industria chimica.","robots":{"index":"index","follow":"follow","max-snippet":"max-snippet:-1","max-image-preview":"max-image-preview:large","max-video-preview":"max-video-preview:-1"},"canonical":"https:\/\/jinsuncarbon.com\/it\/prodotto\/blocco-di-grafite\/","og_locale":"it_IT","og_type":"article","og_title":"Graphite Block","og_description":"Graphite blocks can be molded into various shapes. Due to its high density and high conductivity, it is used in metallurgical casting and chemical industry.","og_url":"https:\/\/jinsuncarbon.com\/it\/prodotto\/blocco-di-grafite\/","og_site_name":"Jinsun Carbon","article_publisher":"https:\/\/www.facebook.com\/Graphite-Electrode-109336238661595","article_modified_time":"2024-12-13T06:27:48+00:00","og_image":[{"width":1173,"height":1028,"url":"https:\/\/jinsuncarbon.com\/wp-content\/uploads\/2023\/01\/7351.jpg","type":"image\/jpeg"}],"twitter_card":"summary_large_image","twitter_site":"@jinsuncarbon_","twitter_misc":{"Tempo di lettura stimato":"3 minuti"},"schema":{"@context":"https:\/\/schema.org","@graph":[{"@type":"WebPage","@id":"https:\/\/jinsuncarbon.com\/product\/graphite-block\/","url":"https:\/\/jinsuncarbon.com\/product\/graphite-block\/","name":"Blocco di grafite Fornitore - Miglior prezzo","isPartOf":{"@id":"https:\/\/jinsuncarbon.com\/#website"},"primaryImageOfPage":{"@id":"https:\/\/jinsuncarbon.com\/product\/graphite-block\/#primaryimage"},"image":{"@id":"https:\/\/jinsuncarbon.com\/product\/graphite-block\/#primaryimage"},"thumbnailUrl":"https:\/\/jinsuncarbon.com\/wp-content\/uploads\/2023\/01\/7351.jpg","datePublished":"2024-09-30T09:10:18+00:00","dateModified":"2024-12-13T06:27:48+00:00","description":"I blocchi di grafite possono essere modellati in varie forme. Grazie alla sua alta densit\u00e0 e all'elevata conduttivit\u00e0, viene utilizzata nella fusione metallurgica e nell'industria chimica.","breadcrumb":{"@id":"https:\/\/jinsuncarbon.com\/product\/graphite-block\/#breadcrumb"},"inLanguage":"it-IT","potentialAction":[{"@type":"ReadAction","target":["https:\/\/jinsuncarbon.com\/product\/graphite-block\/"]}]},{"@type":"ImageObject","inLanguage":"it-IT","@id":"https:\/\/jinsuncarbon.com\/product\/graphite-block\/#primaryimage","url":"https:\/\/jinsuncarbon.com\/wp-content\/uploads\/2023\/01\/7351.jpg","contentUrl":"https:\/\/jinsuncarbon.com\/wp-content\/uploads\/2023\/01\/7351.jpg","width":1173,"height":1028,"caption":"Graphite Block manufacturer"},{"@type":"BreadcrumbList","@id":"https:\/\/jinsuncarbon.com\/product\/graphite-block\/#breadcrumb","itemListElement":[{"@type":"ListItem","position":1,"name":"Home","item":"https:\/\/jinsuncarbon.com\/"},{"@type":"ListItem","position":2,"name":"Products","item":"https:\/\/jinsuncarbon.com\/graphite-carbon\/"},{"@type":"ListItem","position":3,"name":"Graphite Block"}]},{"@type":"WebSite","@id":"https:\/\/jinsuncarbon.com\/#website","url":"https:\/\/jinsuncarbon.com\/","name":"Jinsun Carbon","description":"Siamo il produttore di elettrodi di grafite di successo in Cina","publisher":{"@id":"https:\/\/jinsuncarbon.com\/#organization"},"potentialAction":[{"@type":"SearchAction","target":{"@type":"EntryPoint","urlTemplate":"https:\/\/jinsuncarbon.com\/?s={search_term_string}"},"query-input":{"@type":"PropertyValueSpecification","valueRequired":true,"valueName":"search_term_string"}}],"inLanguage":"it-IT"},{"@type":"Organization","@id":"https:\/\/jinsuncarbon.com\/#organization","name":"Jinsun Carbon","alternateName":"Jinsun Carbon","url":"https:\/\/jinsuncarbon.com\/","logo":{"@type":"ImageObject","inLanguage":"it-IT","@id":"https:\/\/jinsuncarbon.com\/#\/schema\/logo\/image\/","url":"https:\/\/jinsuncarbon.com\/wp-content\/uploads\/2022\/12\/LOGO-1.png","contentUrl":"https:\/\/jinsuncarbon.com\/wp-content\/uploads\/2022\/12\/LOGO-1.png","width":207,"height":80,"caption":"Jinsun Carbon"},"image":{"@id":"https:\/\/jinsuncarbon.com\/#\/schema\/logo\/image\/"},"sameAs":["https:\/\/www.facebook.com\/Graphite-Electrode-109336238661595","https:\/\/x.com\/jinsuncarbon_","https:\/\/www.linkedin.com\/in\/jinsungraphite","https:\/\/www.youtube.com\/channel\/UCysDNyvyR5-3cCWEmpkVC0g"]}]}},"_links":{"self":[{"href":"https:\/\/jinsuncarbon.com\/it\/wp-json\/wp\/v2\/product\/2131","targetHints":{"allow":["GET"]}}],"collection":[{"href":"https:\/\/jinsuncarbon.com\/it\/wp-json\/wp\/v2\/product"}],"about":[{"href":"https:\/\/jinsuncarbon.com\/it\/wp-json\/wp\/v2\/types\/product"}],"wp:featuredmedia":[{"embeddable":true,"href":"https:\/\/jinsuncarbon.com\/it\/wp-json\/wp\/v2\/media\/2453"}],"wp:attachment":[{"href":"https:\/\/jinsuncarbon.com\/it\/wp-json\/wp\/v2\/media?parent=2131"}],"wp:term":[{"taxonomy":"product_brand","embeddable":true,"href":"https:\/\/jinsuncarbon.com\/it\/wp-json\/wp\/v2\/product_brand?post=2131"},{"taxonomy":"product_cat","embeddable":true,"href":"https:\/\/jinsuncarbon.com\/it\/wp-json\/wp\/v2\/product_cat?post=2131"},{"taxonomy":"product_tag","embeddable":true,"href":"https:\/\/jinsuncarbon.com\/it\/wp-json\/wp\/v2\/product_tag?post=2131"}],"curies":[{"name":"wp","href":"https:\/\/api.w.org\/{rel}","templated":true}]}}