{"id":2129,"date":"2023-01-30T09:07:59","date_gmt":"2023-01-30T09:07:59","guid":{"rendered":"https:\/\/jinsuncarbon.com\/?post_type=product&#038;p=2129"},"modified":"2024-11-03T13:16:47","modified_gmt":"2024-11-03T13:16:47","slug":"elettrodo-di-grafite-rp","status":"publish","type":"product","link":"https:\/\/jinsuncarbon.com\/it\/prodotto\/elettrodo-di-grafite-rp\/","title":{"rendered":"Elettrodo di grafite RP"},"content":{"rendered":"<div id=\"igc-ui-kit-r3ip-tag\" class=\"___STag_13gq5_gg_ _size_l_13gq5_gg_ _theme_primary_13gq5_gg_\" tabindex=\"-1\" data-ui-name=\"Tag\"><\/div>\n<p><strong>RP Elettrodo di grafite, principalmente coke di petrolio, coke ad ago come materia prima, pece di carbone come legante, calcinazione, ingredienti, impastamento, stampaggio, cottura, grafitizzazione e lavorazione meccanica.<\/strong><\/p>\n<p>Il ciclo di produzione \u00e8 di circa 45 giorni e l'elettrodo di grafite RP \u00e8 utilizzato principalmente per la fusione di acciaio ordinario, silicio e fosforo giallo nel forno elettrico ad arco. Viene utilizzato nel forno elettrico ad arco sotto forma di arco conduttore di elettricit\u00e0 per riscaldare la carica del forno di fusione.<\/p>\n<p>Ha un'elevata potenza elettrica <a href=\"https:\/\/www.sciencedirect.com\/topics\/materials-science\/conductivity\" target=\"_blank\" rel=\"noopener\">conduttivit\u00e0<\/a>, migliori prestazioni agli shock termici, resistenza all'ossidazione e alla corrosione, lunga durata, capacit\u00e0 di operare ad alte temperature e basso impatto ambientale.<\/p>\n<h2>Usi industriali dell'elettrodo di grafite RP<\/h2>\n<p>Potenza regolare rp <a href=\"https:\/\/jinsuncarbon.com\/it\/prodotto\/elettrodo-di-grafite\/\">elettrodi di grafite<\/a> sono ampiamente utilizzati per la produzione di acciaio con forno elettrico ad arco (eaf), per la fusione metallurgica e per altre industrie. Sono utilizzati nei forni elettrici ad arco, nei forni a siviera e nei forni ad arco sommerso. Includono anche altri processi di fusione in cui sono essenziali ambienti ad alta temperatura e un'efficiente conducibilit\u00e0 elettrica.<\/p>\n<p>Fornisce un percorso conduttivo per il passaggio della corrente nel <a href=\"https:\/\/en.wikipedia.org\/wiki\/Electric_arc_furnace\" target=\"_blank\" rel=\"noopener\">forno elettrico ad arco<\/a>. Inoltre, consente un controllo preciso delle temperature e delle correnti elettriche necessarie per la fusione, la raffinazione e la lega nei processi di fusione. Grazie alla loro conducibilit\u00e0 elettrica uniforme e alla bassa espansione termica, sono adatti per i forni elettrici ad arco <a href=\"https:\/\/www.britannica.com\/technology\/steel\/Primary-steelmaking\" target=\"_blank\" rel=\"noopener\">processo di produzione dell'acciaio.<\/a><\/p>\n<p>\u00c8 importante notare che non \u00e8 adatto all'uso in forni elettrici ad arco ad altissima potenza e ad alta potenza. Elettrodi di grafite di grado diverso sono adatti a forni elettrici diversi.<\/p>\n<p><img fetchpriority=\"high\" decoding=\"async\" class=\"alignnone wp-image-2964\" src=\"https:\/\/jinsuncarbon.com\/wp-content\/uploads\/2022\/12\/7-1-300x200.jpg\" alt=\"Elettrodi di grafite per forni elettrici ad arco per la produzione di acciaio - Jinsun Carbon\" width=\"422\" height=\"281\" srcset=\"https:\/\/jinsuncarbon.com\/wp-content\/uploads\/2022\/12\/7-1-300x200.jpg 300w, https:\/\/jinsuncarbon.com\/wp-content\/uploads\/2022\/12\/7-1-600x400.jpg 600w, https:\/\/jinsuncarbon.com\/wp-content\/uploads\/2022\/12\/7-1-768x512.jpg 768w, https:\/\/jinsuncarbon.com\/wp-content\/uploads\/2022\/12\/7-1.jpg 1024w\" sizes=\"(max-width: 422px) 100vw, 422px\" \/> \u00a0<img decoding=\"async\" class=\"alignnone wp-image-2488\" src=\"https:\/\/jinsuncarbon.com\/wp-content\/uploads\/2023\/02\/888-300x200.jpg\" alt=\"Gli elettrodi di grafite sono utilizzati nella produzione di acciaio con forno elettrico ad arco.\" width=\"419\" height=\"279\" srcset=\"https:\/\/jinsuncarbon.com\/wp-content\/uploads\/2023\/02\/888-300x200.jpg 300w, https:\/\/jinsuncarbon.com\/wp-content\/uploads\/2023\/02\/888.jpg 600w\" sizes=\"(max-width: 419px) 100vw, 419px\" \/><\/p>\n<p>&nbsp;<\/p>\n<h2>Vantaggio<\/h2>\n<ul>\n<li>Materiali di alta qualit\u00e0, utilizzando materiali di alta qualit\u00e0 e purezza. <a href=\"https:\/\/jinsuncarbon.com\/it\/prodotto\/coke-di-petrolio-calcinato\/\">coke di petrolio<\/a> e la pece di coke.<\/li>\n<li>Altamente conduttivo. Grazie alla sua minore resistivit\u00e0, \u00e8 pi\u00f9 facile che la corrente elettrica lo attraversi in un forno elettrico ad arco.<\/li>\n<li>Ha un'elevata resistenza meccanica, una forte resistenza alla flessione e alla compressione, quindi non \u00e8 facile da segmentare o rompere.<\/li>\n<li>Il costo \u00e8 basso, perch\u00e9 il processo di produzione \u00e8 relativamente semplice e il prezzo \u00e8 basso.<\/li>\n<li>Elevata precisione di lavorazione, quindi buona finitura superficiale.<\/li>\n<\/ul>\n<p>&nbsp;<\/p>\n<h2>Specifiche tecniche<\/h2>\n<p><strong>Capacit\u00e0 di trasporto di corrente consentita<\/strong><\/p>\n<table width=\"584\">\n<tbody>\n<tr>\n<td colspan=\"2\" width=\"284\">Nominale<\/td>\n<td colspan=\"2\" width=\"300\">Elettrodi di grafite RP<\/td>\n<\/tr>\n<tr>\n<td width=\"142\">mm<\/td>\n<td width=\"142\">pollice<\/td>\n<td width=\"158\">Portatore di corrente<\/p>\n<p>Capacit\u00e0\uff08A\uff09<\/td>\n<td width=\"142\">Densit\u00e0 attuale<\/p>\n<p>(A\/cm)<sup>2<\/sup>\uff09<\/td>\n<\/tr>\n<tr>\n<td width=\"142\">300<\/td>\n<td width=\"142\">12<\/td>\n<td width=\"158\">10000~13000<\/td>\n<td width=\"142\">14~18<\/td>\n<\/tr>\n<tr>\n<td width=\"142\">350<\/td>\n<td width=\"142\">14<\/td>\n<td width=\"158\">13500~18000<\/td>\n<td width=\"142\">14~18<\/td>\n<\/tr>\n<tr>\n<td width=\"142\">400<\/td>\n<td width=\"142\">16<\/td>\n<td width=\"158\">18000~23500<\/td>\n<td width=\"142\">14~18<\/td>\n<\/tr>\n<tr>\n<td width=\"142\">450<\/td>\n<td width=\"142\">18<\/td>\n<td width=\"158\">22000~27000<\/td>\n<td width=\"142\">13~17<\/td>\n<\/tr>\n<tr>\n<td width=\"142\">500<\/td>\n<td width=\"142\">20<\/td>\n<td width=\"158\">25000~32000<\/td>\n<td width=\"142\">13~16<\/td>\n<\/tr>\n<tr>\n<td width=\"142\">600<\/td>\n<td width=\"142\">24<\/td>\n<td width=\"158\">35000~41000<\/td>\n<td width=\"142\">13~15<\/td>\n<\/tr>\n<\/tbody>\n<\/table>\n<p>&nbsp;<\/p>\n<p><strong>Propriet\u00e0 fisiche e chimiche dell'elettrodo e del capezzolo<\/strong><\/p>\n<table width=\"531\">\n<tbody>\n<tr>\n<td colspan=\"2\" rowspan=\"2\" width=\"223\">Elettrodo di grafite RP<\/td>\n<td rowspan=\"2\" width=\"59\">Unit\u00e0<\/td>\n<td colspan=\"3\" width=\"249\">Diametro<\/td>\n<\/tr>\n<tr>\n<td width=\"79\">12\"-16\"<\/td>\n<td width=\"85\">18\"-20\"<\/td>\n<td width=\"85\">24\"<\/td>\n<\/tr>\n<tr>\n<td rowspan=\"2\" width=\"148\">Resistenza specifica<\/td>\n<td width=\"76\">Elettrodo<\/td>\n<td rowspan=\"2\" width=\"59\">\u03bc\u03a9-m<\/td>\n<td width=\"79\"><strong>\u2264<\/strong>8.0<\/td>\n<td width=\"85\"><strong>\u2264<\/strong>8.0<\/td>\n<td width=\"85\"><strong>\u2264<\/strong>9.0<\/td>\n<\/tr>\n<tr>\n<td width=\"76\">Capezzolo<\/td>\n<td width=\"79\"><strong>\u2264<\/strong>7.0<\/td>\n<td width=\"85\"><strong>\u2264<\/strong>7.0<\/td>\n<td width=\"85\"><strong>\u2264<\/strong>7.0<\/td>\n<\/tr>\n<tr>\n<td rowspan=\"2\" width=\"148\">Resistenza trasversale<\/td>\n<td width=\"76\">Elettrodo<\/td>\n<td rowspan=\"2\" width=\"59\">\u039c\u0420a<\/td>\n<td width=\"79\"><strong>\u2265<\/strong>6.8<\/td>\n<td width=\"85\"><strong>\u2265<\/strong>6.4<\/td>\n<td width=\"85\"><strong>\u2265<\/strong>6.4<\/td>\n<\/tr>\n<tr>\n<td width=\"76\">Capezzolo<\/td>\n<td width=\"79\"><strong>\u2265<\/strong>15.0<\/td>\n<td width=\"85\"><strong>\u2265<\/strong>13.0<\/td>\n<td width=\"85\"><strong>\u2265<\/strong>13.0<\/td>\n<\/tr>\n<tr>\n<td rowspan=\"2\" width=\"148\">Modulo elastico<\/td>\n<td width=\"76\">Elettrodo<\/td>\n<td rowspan=\"2\" width=\"59\">G\u0420a<\/td>\n<td width=\"79\"><strong>\u2264<\/strong>9.3<\/td>\n<td width=\"85\"><strong>\u2264<\/strong>9.3<\/td>\n<td width=\"85\"><strong>\u2264<\/strong>9.3<\/td>\n<\/tr>\n<tr>\n<td width=\"76\">Capezzolo<\/td>\n<td width=\"79\"><strong>\u2264<\/strong>14.0<\/td>\n<td width=\"85\"><strong>\u2264<\/strong>14.0<\/td>\n<td width=\"85\"><strong>\u2264<\/strong>14.0<\/td>\n<\/tr>\n<tr>\n<td rowspan=\"2\" width=\"148\">Densit\u00e0 della massa<\/td>\n<td width=\"76\">Elettrodo<\/td>\n<td rowspan=\"2\" width=\"59\">g\u2215\u339d<sup>3<\/sup><\/td>\n<td width=\"79\"><strong>\u2265<\/strong>1.56<\/td>\n<td width=\"85\"><strong>\u2265<\/strong>1.56<\/td>\n<td width=\"85\"><strong>\u2265<\/strong>1.55<\/td>\n<\/tr>\n<tr>\n<td width=\"76\">Capezzolo<\/td>\n<td width=\"79\"><strong>\u2265<\/strong>1.70<\/td>\n<td width=\"85\"><strong>\u2265<\/strong>1.70<\/td>\n<td width=\"85\"><strong>\u2265<\/strong>1.72<\/td>\n<\/tr>\n<tr>\n<td rowspan=\"2\" width=\"148\">C.T.E<\/p>\n<p>\uff08100\uff5e600\u2103\uff09<\/td>\n<td width=\"76\">Elettrodo<\/td>\n<td rowspan=\"2\" width=\"59\">10<sup>-6<\/sup>\u2215\u2103<\/td>\n<td width=\"79\"><strong>\u2264<\/strong>2.9<\/td>\n<td width=\"85\"><strong>\u2264<\/strong>2.9<\/td>\n<td width=\"85\"><strong>\u2264<\/strong>2.9<\/td>\n<\/tr>\n<tr>\n<td width=\"76\">Capezzolo<\/td>\n<td width=\"79\"><strong>\u2264<\/strong>2.8<\/td>\n<td width=\"85\"><strong>\u2264<\/strong>2.8<\/td>\n<td width=\"85\"><strong>\u2264<\/strong>2.8<\/td>\n<\/tr>\n<tr>\n<td colspan=\"2\" width=\"223\">Contenuto di ceneri<\/td>\n<td width=\"59\">%<\/td>\n<td width=\"79\"><strong>\u2264<\/strong>0.5<\/td>\n<td width=\"85\"><strong>\u2264<\/strong>0.5<\/td>\n<td width=\"85\"><strong>\u2264<\/strong>0.5<\/td>\n<\/tr>\n<\/tbody>\n<\/table>\n<p>&nbsp;<\/p>","protected":false},"excerpt":{"rendered":"<p><!--more--><br \/>\nL'elettrodo di grafite RP \u00e8 utilizzato nei forni elettrici ad arco di potenza ordinaria, come la siderurgia, la fusione del silicio e la fusione del fosforo giallo. \u00c8 realizzato con coke di petrolio e pece di carbone come materie prime. \u00c8 caratterizzato da un basso contenuto di ceneri, buona conducibilit\u00e0 elettrica, resistenza alle alte temperature e non si scioglie n\u00e9 si deforma alle alte temperature.<\/p>\n<p>Elettrodo in grafite RP come materiale conduttore nei forni metallurgici ad arco per la fusione di vari metalli non ferrosi e rari. Pu\u00f2 essere utilizzato a densit\u00e0 di corrente superiori a 17A\/cm2. Specifiche e diametri dei modelli: 100mm-960mm.<\/p>","protected":false},"featured_media":3453,"template":"","meta":[],"product_brand":[],"product_cat":[37],"product_tag":[],"class_list":{"0":"post-2129","1":"product","2":"type-product","3":"status-publish","4":"has-post-thumbnail","6":"product_cat-graphite-electrode","8":"first","9":"instock","10":"shipping-taxable","11":"product-type-simple"},"yoast_head":"<!-- This site is optimized with the Yoast SEO Premium plugin v19.2.1 (Yoast SEO v25.3) - https:\/\/yoast.com\/wordpress\/plugins\/seo\/ -->\n<title>RP Graphite Electrode - Used in Electric Arc Furnace Steel Production<\/title>\n<meta name=\"description\" content=\"RP Graphite Electrode is used as a conductive material in arc metallurgical furnaces for smelting various non-ferrous and rare metals. It can be used at current densities exceeding 17A\/cm2.\" \/>\n<meta name=\"robots\" content=\"index, follow, max-snippet:-1, max-image-preview:large, max-video-preview:-1\" \/>\n<link rel=\"canonical\" href=\"https:\/\/jinsuncarbon.com\/it\/prodotto\/elettrodo-di-grafite-rp\/\" \/>\n<meta property=\"og:locale\" content=\"it_IT\" \/>\n<meta property=\"og:type\" content=\"article\" \/>\n<meta property=\"og:title\" content=\"RP Graphite Electrode\" \/>\n<meta property=\"og:description\" content=\"RP Graphite Electrode is used as a conductive material in arc metallurgical furnaces for smelting various non-ferrous and rare metals. It can be used at current densities exceeding 17A\/cm2.\" \/>\n<meta property=\"og:url\" content=\"https:\/\/jinsuncarbon.com\/it\/prodotto\/elettrodo-di-grafite-rp\/\" \/>\n<meta property=\"og:site_name\" content=\"Jinsun Carbon\" \/>\n<meta property=\"article:publisher\" content=\"https:\/\/www.facebook.com\/Graphite-Electrode-109336238661595\" \/>\n<meta property=\"article:modified_time\" content=\"2024-11-03T13:16:47+00:00\" \/>\n<meta property=\"og:image\" content=\"https:\/\/jinsuncarbon.com\/wp-content\/uploads\/2023\/01\/8943e41550f3524cd61ca9d4f8acb00.jpg\" \/>\n\t<meta property=\"og:image:width\" content=\"1024\" \/>\n\t<meta property=\"og:image:height\" content=\"792\" \/>\n\t<meta property=\"og:image:type\" content=\"image\/jpeg\" \/>\n<meta name=\"twitter:card\" content=\"summary_large_image\" \/>\n<meta name=\"twitter:site\" content=\"@jinsuncarbon_\" \/>\n<meta name=\"twitter:label1\" content=\"Tempo di lettura stimato\" \/>\n\t<meta name=\"twitter:data1\" content=\"3 minuti\" \/>\n<script type=\"application\/ld+json\" class=\"yoast-schema-graph\">{\"@context\":\"https:\/\/schema.org\",\"@graph\":[{\"@type\":\"WebPage\",\"@id\":\"https:\/\/jinsuncarbon.com\/product\/rp-graphite-electrode\/\",\"url\":\"https:\/\/jinsuncarbon.com\/product\/rp-graphite-electrode\/\",\"name\":\"RP Graphite Electrode - Used in Electric Arc Furnace Steel Production\",\"isPartOf\":{\"@id\":\"https:\/\/jinsuncarbon.com\/#website\"},\"primaryImageOfPage\":{\"@id\":\"https:\/\/jinsuncarbon.com\/product\/rp-graphite-electrode\/#primaryimage\"},\"image\":{\"@id\":\"https:\/\/jinsuncarbon.com\/product\/rp-graphite-electrode\/#primaryimage\"},\"thumbnailUrl\":\"https:\/\/jinsuncarbon.com\/wp-content\/uploads\/2023\/01\/8943e41550f3524cd61ca9d4f8acb00.jpg\",\"datePublished\":\"2023-01-30T09:07:59+00:00\",\"dateModified\":\"2024-11-03T13:16:47+00:00\",\"description\":\"RP Graphite Electrode is used as a conductive material in arc metallurgical furnaces for smelting various non-ferrous and rare metals. It can be used at current densities exceeding 17A\/cm2.\",\"breadcrumb\":{\"@id\":\"https:\/\/jinsuncarbon.com\/product\/rp-graphite-electrode\/#breadcrumb\"},\"inLanguage\":\"it-IT\",\"potentialAction\":[{\"@type\":\"ReadAction\",\"target\":[\"https:\/\/jinsuncarbon.com\/product\/rp-graphite-electrode\/\"]}]},{\"@type\":\"ImageObject\",\"inLanguage\":\"it-IT\",\"@id\":\"https:\/\/jinsuncarbon.com\/product\/rp-graphite-electrode\/#primaryimage\",\"url\":\"https:\/\/jinsuncarbon.com\/wp-content\/uploads\/2023\/01\/8943e41550f3524cd61ca9d4f8acb00.jpg\",\"contentUrl\":\"https:\/\/jinsuncarbon.com\/wp-content\/uploads\/2023\/01\/8943e41550f3524cd61ca9d4f8acb00.jpg\",\"width\":1024,\"height\":792,\"caption\":\"RP graphite electrode - China graphite electrode factory and supplier\"},{\"@type\":\"BreadcrumbList\",\"@id\":\"https:\/\/jinsuncarbon.com\/product\/rp-graphite-electrode\/#breadcrumb\",\"itemListElement\":[{\"@type\":\"ListItem\",\"position\":1,\"name\":\"Home\",\"item\":\"https:\/\/jinsuncarbon.com\/\"},{\"@type\":\"ListItem\",\"position\":2,\"name\":\"Products\",\"item\":\"https:\/\/jinsuncarbon.com\/graphite-carbon\/\"},{\"@type\":\"ListItem\",\"position\":3,\"name\":\"RP Graphite Electrode\"}]},{\"@type\":\"WebSite\",\"@id\":\"https:\/\/jinsuncarbon.com\/#website\",\"url\":\"https:\/\/jinsuncarbon.com\/\",\"name\":\"Jinsun Carbon\",\"description\":\"We are the successful graphite electrode manufacturer in China\",\"publisher\":{\"@id\":\"https:\/\/jinsuncarbon.com\/#organization\"},\"potentialAction\":[{\"@type\":\"SearchAction\",\"target\":{\"@type\":\"EntryPoint\",\"urlTemplate\":\"https:\/\/jinsuncarbon.com\/?s={search_term_string}\"},\"query-input\":{\"@type\":\"PropertyValueSpecification\",\"valueRequired\":true,\"valueName\":\"search_term_string\"}}],\"inLanguage\":\"it-IT\"},{\"@type\":\"Organization\",\"@id\":\"https:\/\/jinsuncarbon.com\/#organization\",\"name\":\"Jinsun Carbon\",\"alternateName\":\"Jinsun Carbon\",\"url\":\"https:\/\/jinsuncarbon.com\/\",\"logo\":{\"@type\":\"ImageObject\",\"inLanguage\":\"it-IT\",\"@id\":\"https:\/\/jinsuncarbon.com\/#\/schema\/logo\/image\/\",\"url\":\"https:\/\/jinsuncarbon.com\/wp-content\/uploads\/2022\/12\/LOGO-1.png\",\"contentUrl\":\"https:\/\/jinsuncarbon.com\/wp-content\/uploads\/2022\/12\/LOGO-1.png\",\"width\":207,\"height\":80,\"caption\":\"Jinsun Carbon\"},\"image\":{\"@id\":\"https:\/\/jinsuncarbon.com\/#\/schema\/logo\/image\/\"},\"sameAs\":[\"https:\/\/www.facebook.com\/Graphite-Electrode-109336238661595\",\"https:\/\/x.com\/jinsuncarbon_\",\"https:\/\/www.linkedin.com\/in\/jinsungraphite\",\"https:\/\/www.youtube.com\/channel\/UCysDNyvyR5-3cCWEmpkVC0g\"]}]}<\/script>\n<!-- \/ Yoast SEO Premium plugin. -->","yoast_head_json":{"title":"Elettrodo di grafite RP - Utilizzato nella produzione di acciaio con forno elettrico ad arco","description":"L'elettrodo di grafite RP \u00e8 utilizzato come materiale conduttore nei forni metallurgici ad arco per la fusione di vari metalli non ferrosi e rari. Pu\u00f2 essere utilizzato a densit\u00e0 di corrente superiori a 17A\/cm2.","robots":{"index":"index","follow":"follow","max-snippet":"max-snippet:-1","max-image-preview":"max-image-preview:large","max-video-preview":"max-video-preview:-1"},"canonical":"https:\/\/jinsuncarbon.com\/it\/prodotto\/elettrodo-di-grafite-rp\/","og_locale":"it_IT","og_type":"article","og_title":"RP Graphite Electrode","og_description":"RP Graphite Electrode is used as a conductive material in arc metallurgical furnaces for smelting various non-ferrous and rare metals. It can be used at current densities exceeding 17A\/cm2.","og_url":"https:\/\/jinsuncarbon.com\/it\/prodotto\/elettrodo-di-grafite-rp\/","og_site_name":"Jinsun Carbon","article_publisher":"https:\/\/www.facebook.com\/Graphite-Electrode-109336238661595","article_modified_time":"2024-11-03T13:16:47+00:00","og_image":[{"width":1024,"height":792,"url":"https:\/\/jinsuncarbon.com\/wp-content\/uploads\/2023\/01\/8943e41550f3524cd61ca9d4f8acb00.jpg","type":"image\/jpeg"}],"twitter_card":"summary_large_image","twitter_site":"@jinsuncarbon_","twitter_misc":{"Tempo di lettura stimato":"3 minuti"},"schema":{"@context":"https:\/\/schema.org","@graph":[{"@type":"WebPage","@id":"https:\/\/jinsuncarbon.com\/product\/rp-graphite-electrode\/","url":"https:\/\/jinsuncarbon.com\/product\/rp-graphite-electrode\/","name":"Elettrodo di grafite RP - Utilizzato nella produzione di acciaio con forno elettrico ad arco","isPartOf":{"@id":"https:\/\/jinsuncarbon.com\/#website"},"primaryImageOfPage":{"@id":"https:\/\/jinsuncarbon.com\/product\/rp-graphite-electrode\/#primaryimage"},"image":{"@id":"https:\/\/jinsuncarbon.com\/product\/rp-graphite-electrode\/#primaryimage"},"thumbnailUrl":"https:\/\/jinsuncarbon.com\/wp-content\/uploads\/2023\/01\/8943e41550f3524cd61ca9d4f8acb00.jpg","datePublished":"2023-01-30T09:07:59+00:00","dateModified":"2024-11-03T13:16:47+00:00","description":"L'elettrodo di grafite RP \u00e8 utilizzato come materiale conduttore nei forni metallurgici ad arco per la fusione di vari metalli non ferrosi e rari. Pu\u00f2 essere utilizzato a densit\u00e0 di corrente superiori a 17A\/cm2.","breadcrumb":{"@id":"https:\/\/jinsuncarbon.com\/product\/rp-graphite-electrode\/#breadcrumb"},"inLanguage":"it-IT","potentialAction":[{"@type":"ReadAction","target":["https:\/\/jinsuncarbon.com\/product\/rp-graphite-electrode\/"]}]},{"@type":"ImageObject","inLanguage":"it-IT","@id":"https:\/\/jinsuncarbon.com\/product\/rp-graphite-electrode\/#primaryimage","url":"https:\/\/jinsuncarbon.com\/wp-content\/uploads\/2023\/01\/8943e41550f3524cd61ca9d4f8acb00.jpg","contentUrl":"https:\/\/jinsuncarbon.com\/wp-content\/uploads\/2023\/01\/8943e41550f3524cd61ca9d4f8acb00.jpg","width":1024,"height":792,"caption":"RP graphite electrode - China graphite electrode factory and supplier"},{"@type":"BreadcrumbList","@id":"https:\/\/jinsuncarbon.com\/product\/rp-graphite-electrode\/#breadcrumb","itemListElement":[{"@type":"ListItem","position":1,"name":"Home","item":"https:\/\/jinsuncarbon.com\/"},{"@type":"ListItem","position":2,"name":"Products","item":"https:\/\/jinsuncarbon.com\/graphite-carbon\/"},{"@type":"ListItem","position":3,"name":"RP Graphite Electrode"}]},{"@type":"WebSite","@id":"https:\/\/jinsuncarbon.com\/#website","url":"https:\/\/jinsuncarbon.com\/","name":"Jinsun Carbon","description":"Siamo il produttore di elettrodi di grafite di successo in Cina","publisher":{"@id":"https:\/\/jinsuncarbon.com\/#organization"},"potentialAction":[{"@type":"SearchAction","target":{"@type":"EntryPoint","urlTemplate":"https:\/\/jinsuncarbon.com\/?s={search_term_string}"},"query-input":{"@type":"PropertyValueSpecification","valueRequired":true,"valueName":"search_term_string"}}],"inLanguage":"it-IT"},{"@type":"Organization","@id":"https:\/\/jinsuncarbon.com\/#organization","name":"Jinsun Carbon","alternateName":"Jinsun Carbon","url":"https:\/\/jinsuncarbon.com\/","logo":{"@type":"ImageObject","inLanguage":"it-IT","@id":"https:\/\/jinsuncarbon.com\/#\/schema\/logo\/image\/","url":"https:\/\/jinsuncarbon.com\/wp-content\/uploads\/2022\/12\/LOGO-1.png","contentUrl":"https:\/\/jinsuncarbon.com\/wp-content\/uploads\/2022\/12\/LOGO-1.png","width":207,"height":80,"caption":"Jinsun Carbon"},"image":{"@id":"https:\/\/jinsuncarbon.com\/#\/schema\/logo\/image\/"},"sameAs":["https:\/\/www.facebook.com\/Graphite-Electrode-109336238661595","https:\/\/x.com\/jinsuncarbon_","https:\/\/www.linkedin.com\/in\/jinsungraphite","https:\/\/www.youtube.com\/channel\/UCysDNyvyR5-3cCWEmpkVC0g"]}]}},"_links":{"self":[{"href":"https:\/\/jinsuncarbon.com\/it\/wp-json\/wp\/v2\/product\/2129","targetHints":{"allow":["GET"]}}],"collection":[{"href":"https:\/\/jinsuncarbon.com\/it\/wp-json\/wp\/v2\/product"}],"about":[{"href":"https:\/\/jinsuncarbon.com\/it\/wp-json\/wp\/v2\/types\/product"}],"wp:featuredmedia":[{"embeddable":true,"href":"https:\/\/jinsuncarbon.com\/it\/wp-json\/wp\/v2\/media\/3453"}],"wp:attachment":[{"href":"https:\/\/jinsuncarbon.com\/it\/wp-json\/wp\/v2\/media?parent=2129"}],"wp:term":[{"taxonomy":"product_brand","embeddable":true,"href":"https:\/\/jinsuncarbon.com\/it\/wp-json\/wp\/v2\/product_brand?post=2129"},{"taxonomy":"product_cat","embeddable":true,"href":"https:\/\/jinsuncarbon.com\/it\/wp-json\/wp\/v2\/product_cat?post=2129"},{"taxonomy":"product_tag","embeddable":true,"href":"https:\/\/jinsuncarbon.com\/it\/wp-json\/wp\/v2\/product_tag?post=2129"}],"curies":[{"name":"wp","href":"https:\/\/api.w.org\/{rel}","templated":true}]}}