{"id":2114,"date":"2022-12-26T09:55:33","date_gmt":"2022-12-26T09:55:33","guid":{"rendered":"https:\/\/jinsuncarbon.com\/?post_type=product&#038;p=2114"},"modified":"2025-01-20T04:56:28","modified_gmt":"2025-01-20T04:56:28","slug":"elettrodo-di-grafite-uhp","status":"publish","type":"product","link":"https:\/\/jinsuncarbon.com\/it\/prodotto\/elettrodo-di-grafite-uhp\/","title":{"rendered":"Elettrodo di grafite UHP"},"content":{"rendered":"<h2>Elettrodo di grafite UHP<\/h2>\n<p>L'elettrodo di grafite UHP \u00e8 utilizzato principalmente per la fusione di rottami di acciaio nella produzione di acciaio eaf. Come conduttore resistente alle alte temperature, pu\u00f2 fondere facilmente varie leghe ad alto punto di fusione nella zona di temperatura dell'arco (fino a 3000-6000 \u00b0C) nel forno elettrico ad arco collegato a un trasformatore trifase.<\/p>\n<p>Gli elettrodi di grafite UHP possono essere utilizzati anche nei forni di affinazione in siviera, nella colata continua e in altri processi. Lo scopo della raffinazione \u00e8 migliorare la qualit\u00e0 dell'acciaio. Questo processo utilizza l'arco generato tra l'elettrodo e l'acciaio fuso per riscaldare il forno elettrico ad arco per la produzione di acciaio. In questo modo, le acciaierie possono ottenere un'elevata produzione, un'alta qualit\u00e0 e un basso consumo.<\/p>\n<p>&nbsp;<\/p>\n<p><img fetchpriority=\"high\" decoding=\"async\" class=\"alignnone wp-image-3941\" src=\"https:\/\/jinsuncarbon.com\/wp-content\/uploads\/2023\/01\/71f92a1d5ea2da4dea1f2990c985418.jpg\" alt=\"Elettrodi di grafite per forni elettrici ad arco in c.a.\" width=\"290\" height=\"449\" srcset=\"https:\/\/jinsuncarbon.com\/wp-content\/uploads\/2023\/01\/71f92a1d5ea2da4dea1f2990c985418.jpg 1039w, https:\/\/jinsuncarbon.com\/wp-content\/uploads\/2023\/01\/71f92a1d5ea2da4dea1f2990c985418-600x929.jpg 600w, https:\/\/jinsuncarbon.com\/wp-content\/uploads\/2023\/01\/71f92a1d5ea2da4dea1f2990c985418-194x300.jpg 194w, https:\/\/jinsuncarbon.com\/wp-content\/uploads\/2023\/01\/71f92a1d5ea2da4dea1f2990c985418-661x1024.jpg 661w, https:\/\/jinsuncarbon.com\/wp-content\/uploads\/2023\/01\/71f92a1d5ea2da4dea1f2990c985418-768x1189.jpg 768w, https:\/\/jinsuncarbon.com\/wp-content\/uploads\/2023\/01\/71f92a1d5ea2da4dea1f2990c985418-992x1536.jpg 992w, https:\/\/jinsuncarbon.com\/wp-content\/uploads\/2023\/01\/71f92a1d5ea2da4dea1f2990c985418-8x12.jpg 8w\" sizes=\"(max-width: 290px) 100vw, 290px\" \/>\u00a0 \u00a0 <img decoding=\"async\" class=\"alignnone wp-image-4397\" src=\"https:\/\/jinsuncarbon.com\/wp-content\/uploads\/2023\/12\/What-is-graphite-electrode-used-for.png\" alt=\"A cosa serve l&#039;elettrodo di grafite\" width=\"366\" height=\"450\" srcset=\"https:\/\/jinsuncarbon.com\/wp-content\/uploads\/2023\/12\/What-is-graphite-electrode-used-for.png 604w, https:\/\/jinsuncarbon.com\/wp-content\/uploads\/2023\/12\/What-is-graphite-electrode-used-for-600x737.png 600w, https:\/\/jinsuncarbon.com\/wp-content\/uploads\/2023\/12\/What-is-graphite-electrode-used-for-244x300.png 244w, https:\/\/jinsuncarbon.com\/wp-content\/uploads\/2023\/12\/What-is-graphite-electrode-used-for-10x12.png 10w\" sizes=\"(max-width: 366px) 100vw, 366px\" \/>\u00a0 \u00a0 <img decoding=\"async\" class=\"alignnone wp-image-4003\" src=\"https:\/\/jinsuncarbon.com\/wp-content\/uploads\/2023\/01\/HP-graphite-electrode-for-DC-arc-furnace.jpg\" alt=\"Elettrodo in grafite HP per forno ad arco in corrente continua\" width=\"292\" height=\"452\" srcset=\"https:\/\/jinsuncarbon.com\/wp-content\/uploads\/2023\/01\/HP-graphite-electrode-for-DC-arc-furnace.jpg 1080w, https:\/\/jinsuncarbon.com\/wp-content\/uploads\/2023\/01\/HP-graphite-electrode-for-DC-arc-furnace-600x928.jpg 600w, https:\/\/jinsuncarbon.com\/wp-content\/uploads\/2023\/01\/HP-graphite-electrode-for-DC-arc-furnace-194x300.jpg 194w, https:\/\/jinsuncarbon.com\/wp-content\/uploads\/2023\/01\/HP-graphite-electrode-for-DC-arc-furnace-662x1024.jpg 662w, https:\/\/jinsuncarbon.com\/wp-content\/uploads\/2023\/01\/HP-graphite-electrode-for-DC-arc-furnace-768x1188.jpg 768w, https:\/\/jinsuncarbon.com\/wp-content\/uploads\/2023\/01\/HP-graphite-electrode-for-DC-arc-furnace-993x1536.jpg 993w, https:\/\/jinsuncarbon.com\/wp-content\/uploads\/2023\/01\/HP-graphite-electrode-for-DC-arc-furnace-8x12.jpg 8w\" sizes=\"(max-width: 292px) 100vw, 292px\" \/><\/p>\n<p><strong>( Nel forno elettrico AC)\u00a0<\/strong> \u00a0 \u00a0<strong>\u00a0 \u00a0 \u00a0 \u00a0 \u00a0 \u00a0 \u00a0 \u00a0 \u00a0 \u00a0 \u00a0 \u00a0 \u00a0 \u00a0 \u00a0 \u00a0 \u00a0 \u00a0(I<\/strong><strong>n Forno elettrico a corrente continua)\u00a0<\/strong> \u00a0 \u00a0 \u00a0<strong>\u00a0 \u00a0 \u00a0 \u00a0 \u00a0 \u00a0 \u00a0 \u00a0 \u00a0 \u00a0 \u00a0 \u00a0 \u00a0 \u00a0 \u00a0 \u00a0 \u00a0 \u00a0 \u00a0 \u00a0 \u00a0 \u00a0 \u00a0(Nel forno di raffinazione Ladle)<\/strong><\/p>\n<p>&nbsp;<\/p>\n<h2>Caratteristiche principali<\/h2>\n<p><strong>Resistenza alle alte temperature:<\/strong> \u00c8 in grado di resistere alle alte temperature durante il processo di produzione dell'acciaio nel forno elettrico ad arco (EAF). Anche in presenza di temperature elevate, fino a 3600 gradi Celsius, non si scioglie, non si deforma e non si danneggia sotto l'azione di forti archi.<\/p>\n<p><strong>Bassa resistenza specifica:<\/strong> La resistenza specifica del corpo dell'elettrodo \u00e8 inferiore a 5,0g\u2215\u339d<sup>3<\/sup>e il capezzolo \u00e8 inferiore a 4,0g\u2215\u339d<sup>3<\/sup>. In questo momento, la resistenza alla corrente \u00e8 piccola e riduce la perdita di potenza.<\/p>\n<p><strong>Alta densit\u00e0:<\/strong> La struttura complessiva presenta una porosit\u00e0 ridotta, riducendo il consumo dell'elettrodo.<\/p>\n<p><strong>Buona conducibilit\u00e0 elettrica:<\/strong> Hanno un basso contenuto di ceneri, sono resistenti al calore e alla corrosione. Sono quindi ottimi materiali conduttori utilizzati nei forni elettrici ad arco ad alte temperature.<\/p>\n<p><strong>Elevata resistenza meccanica:<\/strong> Durante il processo di impastamento, le particelle di coke si mescolano in modo uniforme e si legano saldamente. Pertanto, la resistenza alla flessione e alla compressione \u00e8 elevata.<\/p>\n<p><strong>Piccolo coefficiente di espansione termica:<\/strong> Poich\u00e9 durante il processo di produzione viene aggiunto del coke ad aghi, il grezzo viene grafitizzato pi\u00f9 facilmente a temperature elevate, superiori a 2000\u2103. Migliore \u00e8 il grado di grafitizzazione, minore \u00e8 il coefficiente di espansione termica.<\/p>\n<h2>Vantaggi:<\/h2>\n<p>La resistivit\u00e0 dell'elettrodo di grafite UHP \u00e8 la pi\u00f9 bassa tra tutti i tipi di elettrodi. Ci\u00f2 significa che pu\u00f2 passare una corrente di densit\u00e0 superiore senza rompersi o deformarsi durante la fusione in forno ad arco.<\/p>\n<p>Jinsun usa <a href=\"https:\/\/en.wikipedia.org\/?title=Needle_coke&amp;redirect=no\">ago di coca<\/a> in produzione per migliorare la resistenza agli shock termici della <a href=\"https:\/\/jinsuncarbon.com\/it\/prodotto\/elettrodo-di-grafite\/\">elettrodo<\/a> stesso. In questo modo il coefficiente di espansione termica \u00e8 pi\u00f9 basso e pu\u00f2 resistere meglio ai rapidi cambiamenti di temperatura senza subire danni.<\/p>\n<p>La densit\u00e0 dell'elettrodo di grafite UHP a doppia impregnazione \u00e8 stata notevolmente migliorata. Pertanto, anche ad alte temperature, si ossida lentamente, riducendo il numero di sostituzioni.<\/p>\n<p>Il suo diametro pu\u00f2 essere superiore a 750 mm, in grado di soddisfare le esigenze di fusione di forni ad arco ad altissima potenza da 100MT.<\/p>\n<p>&nbsp;<\/p>\n<h2>Prezzo dell'elettrodo di grafite UHP.<\/h2>\n<p>\u00c8 importante notare che il prezzo pu\u00f2 variare a causa delle condizioni di mercato, delle dinamiche della domanda e dell'offerta e di altri fattori esterni. Inoltre, l'aumento del costo delle materie prime, come il needle coke, ne ha determinato il prezzo.<\/p>\n<h2>Il vostro produttore professionale di elettrodi di grafite UHP<\/h2>\n<p>In qualit\u00e0 di produttore di elettrodi di grafite in Cina, Jinsun dispone di una linea di produzione completa, che comprende la miscelazione delle materie prime, la torrefazione, l'impregnazione, la grafitizzazione, la lavorazione, ecc. La nostra fabbrica produce e fornisce elettrodi di grafite di grado UHP di alta qualit\u00e0 per la produzione di acciaio EAF.<\/p>\n<p>&nbsp;<\/p>\n<h2 style=\"text-align: left;\">Specifiche dell'elettrodo di grafite UHP:<\/h2>\n<table width=\"637\">\n<tbody>\n<tr>\n<td colspan=\"2\" rowspan=\"2\" width=\"230\"><strong>Elettrodo di grafite UHP<\/strong><\/td>\n<td rowspan=\"2\" width=\"66\"><strong>Unit\u00e0<\/strong><\/td>\n<td colspan=\"4\" width=\"340\"><strong>Diametro<\/strong><\/td>\n<\/tr>\n<tr>\n<td width=\"85\"><strong>12\"-16\"<\/strong><\/td>\n<td width=\"85\"><strong>18\"-22\"<\/strong><\/td>\n<td width=\"85\"><strong>24\"-26\"<\/strong><\/td>\n<td width=\"85\"><strong>28\"-32\"<\/strong><\/td>\n<\/tr>\n<tr>\n<td rowspan=\"2\" width=\"145\">Resistenza specifica<\/td>\n<td width=\"85\">Elettrodo<\/td>\n<td rowspan=\"2\" width=\"66\">\u03bc\u03a9-m<\/p>\n<p><strong>\u2264<\/strong><\/td>\n<td width=\"85\">6.0<\/td>\n<td width=\"85\">6.5<\/td>\n<td width=\"85\">6.5<\/td>\n<td width=\"85\">5.5<\/td>\n<\/tr>\n<tr>\n<td width=\"85\">Capezzolo<\/td>\n<td width=\"85\">5.0<\/td>\n<td width=\"85\">5.5<\/td>\n<td width=\"85\">5.5<\/td>\n<td width=\"85\">4.5<\/td>\n<\/tr>\n<tr>\n<td rowspan=\"2\" width=\"145\">Resistenza trasversale<\/td>\n<td width=\"85\">Elettrodo<\/td>\n<td rowspan=\"2\" width=\"66\">\u039c\u0420a<\/p>\n<p><strong>\u2265<\/strong><\/td>\n<td width=\"85\">11.0<\/td>\n<td width=\"85\">10.5<\/td>\n<td width=\"85\">10.5<\/td>\n<td width=\"85\">11.0<\/td>\n<\/tr>\n<tr>\n<td width=\"85\">Capezzolo<\/td>\n<td width=\"85\">16.0<\/td>\n<td width=\"85\">15.0<\/td>\n<td width=\"85\">15.0<\/td>\n<td width=\"85\">16.0<\/td>\n<\/tr>\n<tr>\n<td rowspan=\"2\" width=\"145\">Modulo elastico<\/td>\n<td width=\"85\">Elettrodo<\/td>\n<td rowspan=\"2\" width=\"66\">G\u0420a<\/p>\n<p><strong>\u2264<\/strong><\/td>\n<td width=\"85\">14.0<\/td>\n<td width=\"85\">14.0<\/td>\n<td width=\"85\">14.0<\/td>\n<td width=\"85\">14.0<\/td>\n<\/tr>\n<tr>\n<td width=\"85\">Capezzolo<\/td>\n<td width=\"85\">18.0<\/td>\n<td width=\"85\">18.0<\/td>\n<td width=\"85\">18.0<\/td>\n<td width=\"85\">18.0<\/td>\n<\/tr>\n<tr>\n<td rowspan=\"2\" width=\"145\">Densit\u00e0 della massa<\/td>\n<td width=\"85\">Elettrodo<\/td>\n<td rowspan=\"2\" width=\"66\">g\u2215\u339d<sup>3<\/sup><\/p>\n<p><strong>\u2265<\/strong><\/td>\n<td width=\"85\">1.65<\/td>\n<td width=\"85\">1.65<\/td>\n<td width=\"85\">1.66<\/td>\n<td width=\"85\">1.68<\/td>\n<\/tr>\n<tr>\n<td width=\"85\">Capezzolo<\/td>\n<td width=\"85\">1.76<\/td>\n<td width=\"85\">1.76<\/td>\n<td width=\"85\">1.74<\/td>\n<td width=\"85\">1.75<\/td>\n<\/tr>\n<tr>\n<td rowspan=\"2\" width=\"145\">C.T.E<\/p>\n<p>\uff08100\uff5e600\u2103\uff09<\/td>\n<td width=\"85\">Elettrodo<\/td>\n<td rowspan=\"2\" width=\"66\">10<sup>-6<\/sup>\u2215\u2103<\/p>\n<p><strong>\u2264<\/strong><\/td>\n<td width=\"85\">1.5<\/td>\n<td width=\"85\">1.5<\/td>\n<td width=\"85\">1.4<\/td>\n<td width=\"85\">1.4<\/td>\n<\/tr>\n<tr>\n<td width=\"85\">Capezzolo<\/td>\n<td width=\"85\">1.4<\/td>\n<td width=\"85\">1.4<\/td>\n<td width=\"85\">1.3<\/td>\n<td width=\"85\">1.3<\/td>\n<\/tr>\n<tr>\n<td colspan=\"2\" width=\"230\">Contenuto di ceneri<\/td>\n<td width=\"66\">% <strong>\u2264<\/strong><\/td>\n<td width=\"85\">0.2<\/td>\n<td width=\"85\">0.2<\/td>\n<td width=\"85\">0.2<\/td>\n<td width=\"85\">0.2<\/td>\n<\/tr>\n<\/tbody>\n<\/table>\n<p>&nbsp;<\/p>\n<h3 style=\"text-align: left;\">Capacit\u00e0 di trasporto di corrente consentita<\/h3>\n<table width=\"584\">\n<tbody>\n<tr>\n<td colspan=\"2\" width=\"284\">Nominale<\/td>\n<td colspan=\"2\" width=\"300\">Elettrodi di grafite UHP<\/td>\n<\/tr>\n<tr>\n<td width=\"142\">mm<\/td>\n<td width=\"142\">pollice<\/td>\n<td width=\"158\">Portatore di corrente<\/p>\n<p>Capacit\u00e0\uff08A\uff09<\/td>\n<td width=\"142\">Densit\u00e0 attuale<\/p>\n<p>(A\/cm)<sup>2<\/sup>\uff09<\/td>\n<\/tr>\n<tr>\n<td width=\"142\">300<\/td>\n<td width=\"142\">12<\/td>\n<td width=\"158\">15000~22220<\/td>\n<td width=\"142\">20~32<\/td>\n<\/tr>\n<tr>\n<td width=\"142\">350<\/td>\n<td width=\"142\">14<\/td>\n<td width=\"158\">20000~30300<\/td>\n<td width=\"142\">20~32<\/td>\n<\/tr>\n<tr>\n<td width=\"142\">400<\/td>\n<td width=\"142\">16<\/td>\n<td width=\"158\">25000~40400<\/td>\n<td width=\"142\">19~32<\/td>\n<\/tr>\n<tr>\n<td width=\"142\">450<\/td>\n<td width=\"142\">18<\/td>\n<td width=\"158\">32000~45450<\/td>\n<td width=\"142\">19~29<\/td>\n<\/tr>\n<tr>\n<td width=\"142\">500<\/td>\n<td width=\"142\">20<\/td>\n<td width=\"158\">38000~55550<\/td>\n<td width=\"142\">18~29<\/td>\n<\/tr>\n<tr>\n<td width=\"142\">550<\/td>\n<td width=\"142\">22<\/td>\n<td width=\"158\">42000~64640<\/td>\n<td width=\"142\">17~28<\/td>\n<\/tr>\n<tr>\n<td width=\"142\">600<\/td>\n<td width=\"142\">24<\/td>\n<td width=\"158\">50000~76760<\/td>\n<td width=\"142\">17~27<\/td>\n<\/tr>\n<tr>\n<td width=\"142\">700<\/td>\n<td width=\"142\">28<\/td>\n<td width=\"158\">70000~91000<\/td>\n<td width=\"142\">18~24<\/td>\n<\/tr>\n<\/tbody>\n<\/table>\n<p>&nbsp;<\/p>\n<h2>FAQS:<\/h2>\n<h3>Quali sono i diversi tipi di elettrodi di grafite?<\/h3>\n<p>In generale, esistono tre tipi di elettrodi di grafite in base alle diverse potenze: UHP, HP e RP. Tuttavia, alcuni produttori producono elettrodi di grafite SHP. Questo tipo di elettrodo si colloca tra i gradi HP e UHP e il suo prezzo \u00e8 relativamente basso.<\/p>\n<p>&nbsp;<\/p>","protected":false},"excerpt":{"rendered":"<p>Gli elettrodi di grafite UHP sono utilizzati nei forni elettrici ad arco e nei forni a siviera ad alto carico. Questo elettrodo \u00e8 caratterizzato da una bassa resistivit\u00e0 elettrica e da un elevato carico di corrente ammissibile. Nel processo di produzione dell'acciaio con forno elettrico ad arco, la densit\u00e0 di corrente consentita \u00e8 superiore a 25A\/cm<sup>2<\/sup>.<\/p>\n<p>La produzione di elettrodi di grafite uhp utilizza il needle coke come materia prima e il processo di produzione prevede l'impregnazione e la tostatura multiple.<\/p>\n<p>Con il rapido sviluppo dell'industria siderurgica dei forni elettrici, i forni elettrici ad arco ad alta e altissima potenza stanno diventando sempre pi\u00f9 popolari. Produciamo e forniamo elettrodi di grafite con diametri compresi tra 250 e 600 mm con nippli.<\/p>","protected":false},"featured_media":2556,"template":"","meta":[],"product_brand":[],"product_cat":[37],"product_tag":[43],"class_list":{"0":"post-2114","1":"product","2":"type-product","3":"status-publish","4":"has-post-thumbnail","6":"product_cat-graphite-electrode","7":"product_tag-graphtie-electrodeeafsteelmaking","9":"first","10":"instock","11":"shipping-taxable","12":"product-type-simple"},"yoast_head":"<!-- This site is optimized with the Yoast SEO Premium plugin v19.2.1 (Yoast SEO v25.3) - https:\/\/yoast.com\/wordpress\/plugins\/seo\/ -->\n<title>UHP Graphite Electrode Manufacturer in China<\/title>\n<meta name=\"description\" content=\"UHP graphite electrode manufacture &amp; factory &amp; supplier in China. We supply Graphite Electrode uhp grade for arc furnace at best price.\" \/>\n<meta name=\"robots\" content=\"index, follow, max-snippet:-1, max-image-preview:large, max-video-preview:-1\" \/>\n<link rel=\"canonical\" href=\"https:\/\/jinsuncarbon.com\/it\/prodotto\/elettrodo-di-grafite-uhp\/\" \/>\n<meta property=\"og:locale\" content=\"it_IT\" \/>\n<meta property=\"og:type\" content=\"article\" \/>\n<meta property=\"og:title\" content=\"UHP Graphite Electrode\" \/>\n<meta property=\"og:description\" content=\"UHP graphite electrode manufacture &amp; factory &amp; supplier in China. We supply Graphite Electrode uhp grade for arc furnace at best price.\" \/>\n<meta property=\"og:url\" content=\"https:\/\/jinsuncarbon.com\/it\/prodotto\/elettrodo-di-grafite-uhp\/\" \/>\n<meta property=\"og:site_name\" content=\"Jinsun Carbon\" \/>\n<meta property=\"article:publisher\" content=\"https:\/\/www.facebook.com\/Graphite-Electrode-109336238661595\" \/>\n<meta property=\"article:modified_time\" content=\"2025-01-20T04:56:28+00:00\" \/>\n<meta property=\"og:image\" content=\"https:\/\/jinsuncarbon.com\/wp-content\/uploads\/2023\/01\/94.jpg\" \/>\n\t<meta property=\"og:image:width\" content=\"1024\" \/>\n\t<meta property=\"og:image:height\" content=\"763\" \/>\n\t<meta property=\"og:image:type\" content=\"image\/jpeg\" \/>\n<meta name=\"twitter:card\" content=\"summary_large_image\" \/>\n<meta name=\"twitter:site\" content=\"@jinsuncarbon_\" \/>\n<meta name=\"twitter:label1\" content=\"Tempo di lettura stimato\" \/>\n\t<meta name=\"twitter:data1\" content=\"4 minuti\" \/>\n<script type=\"application\/ld+json\" class=\"yoast-schema-graph\">{\"@context\":\"https:\/\/schema.org\",\"@graph\":[{\"@type\":\"WebPage\",\"@id\":\"https:\/\/jinsuncarbon.com\/product\/uhp-graphite-electrode\/\",\"url\":\"https:\/\/jinsuncarbon.com\/product\/uhp-graphite-electrode\/\",\"name\":\"UHP Graphite Electrode Manufacturer in China\",\"isPartOf\":{\"@id\":\"https:\/\/jinsuncarbon.com\/#website\"},\"primaryImageOfPage\":{\"@id\":\"https:\/\/jinsuncarbon.com\/product\/uhp-graphite-electrode\/#primaryimage\"},\"image\":{\"@id\":\"https:\/\/jinsuncarbon.com\/product\/uhp-graphite-electrode\/#primaryimage\"},\"thumbnailUrl\":\"https:\/\/jinsuncarbon.com\/wp-content\/uploads\/2023\/01\/94.jpg\",\"datePublished\":\"2022-12-26T09:55:33+00:00\",\"dateModified\":\"2025-01-20T04:56:28+00:00\",\"description\":\"UHP graphite electrode manufacture & factory & supplier in China. We supply Graphite Electrode uhp grade for arc furnace at best price.\",\"breadcrumb\":{\"@id\":\"https:\/\/jinsuncarbon.com\/product\/uhp-graphite-electrode\/#breadcrumb\"},\"inLanguage\":\"it-IT\",\"potentialAction\":[{\"@type\":\"ReadAction\",\"target\":[\"https:\/\/jinsuncarbon.com\/product\/uhp-graphite-electrode\/\"]}]},{\"@type\":\"ImageObject\",\"inLanguage\":\"it-IT\",\"@id\":\"https:\/\/jinsuncarbon.com\/product\/uhp-graphite-electrode\/#primaryimage\",\"url\":\"https:\/\/jinsuncarbon.com\/wp-content\/uploads\/2023\/01\/94.jpg\",\"contentUrl\":\"https:\/\/jinsuncarbon.com\/wp-content\/uploads\/2023\/01\/94.jpg\",\"width\":1024,\"height\":763,\"caption\":\"uhp graphite electrode\"},{\"@type\":\"BreadcrumbList\",\"@id\":\"https:\/\/jinsuncarbon.com\/product\/uhp-graphite-electrode\/#breadcrumb\",\"itemListElement\":[{\"@type\":\"ListItem\",\"position\":1,\"name\":\"Home\",\"item\":\"https:\/\/jinsuncarbon.com\/\"},{\"@type\":\"ListItem\",\"position\":2,\"name\":\"Products\",\"item\":\"https:\/\/jinsuncarbon.com\/graphite-carbon\/\"},{\"@type\":\"ListItem\",\"position\":3,\"name\":\"UHP Graphite Electrode\"}]},{\"@type\":\"WebSite\",\"@id\":\"https:\/\/jinsuncarbon.com\/#website\",\"url\":\"https:\/\/jinsuncarbon.com\/\",\"name\":\"Jinsun Carbon\",\"description\":\"We are the successful graphite electrode manufacturer in China\",\"publisher\":{\"@id\":\"https:\/\/jinsuncarbon.com\/#organization\"},\"potentialAction\":[{\"@type\":\"SearchAction\",\"target\":{\"@type\":\"EntryPoint\",\"urlTemplate\":\"https:\/\/jinsuncarbon.com\/?s={search_term_string}\"},\"query-input\":{\"@type\":\"PropertyValueSpecification\",\"valueRequired\":true,\"valueName\":\"search_term_string\"}}],\"inLanguage\":\"it-IT\"},{\"@type\":\"Organization\",\"@id\":\"https:\/\/jinsuncarbon.com\/#organization\",\"name\":\"Jinsun Carbon\",\"alternateName\":\"Jinsun Carbon\",\"url\":\"https:\/\/jinsuncarbon.com\/\",\"logo\":{\"@type\":\"ImageObject\",\"inLanguage\":\"it-IT\",\"@id\":\"https:\/\/jinsuncarbon.com\/#\/schema\/logo\/image\/\",\"url\":\"https:\/\/jinsuncarbon.com\/wp-content\/uploads\/2022\/12\/LOGO-1.png\",\"contentUrl\":\"https:\/\/jinsuncarbon.com\/wp-content\/uploads\/2022\/12\/LOGO-1.png\",\"width\":207,\"height\":80,\"caption\":\"Jinsun Carbon\"},\"image\":{\"@id\":\"https:\/\/jinsuncarbon.com\/#\/schema\/logo\/image\/\"},\"sameAs\":[\"https:\/\/www.facebook.com\/Graphite-Electrode-109336238661595\",\"https:\/\/x.com\/jinsuncarbon_\",\"https:\/\/www.linkedin.com\/in\/jinsungraphite\",\"https:\/\/www.youtube.com\/channel\/UCysDNyvyR5-3cCWEmpkVC0g\"]}]}<\/script>\n<!-- \/ Yoast SEO Premium plugin. -->","yoast_head_json":{"title":"Elettrodo di grafite UHP Produttore in Cina","description":"Elettrodo di grafite UHP produzione e fabbrica e fornitore in Cina. Forniamo elettrodi di grafite di grado uhp per forni ad arco al miglior prezzo.","robots":{"index":"index","follow":"follow","max-snippet":"max-snippet:-1","max-image-preview":"max-image-preview:large","max-video-preview":"max-video-preview:-1"},"canonical":"https:\/\/jinsuncarbon.com\/it\/prodotto\/elettrodo-di-grafite-uhp\/","og_locale":"it_IT","og_type":"article","og_title":"UHP Graphite Electrode","og_description":"UHP graphite electrode manufacture & factory & supplier in China. We supply Graphite Electrode uhp grade for arc furnace at best price.","og_url":"https:\/\/jinsuncarbon.com\/it\/prodotto\/elettrodo-di-grafite-uhp\/","og_site_name":"Jinsun Carbon","article_publisher":"https:\/\/www.facebook.com\/Graphite-Electrode-109336238661595","article_modified_time":"2025-01-20T04:56:28+00:00","og_image":[{"width":1024,"height":763,"url":"https:\/\/jinsuncarbon.com\/wp-content\/uploads\/2023\/01\/94.jpg","type":"image\/jpeg"}],"twitter_card":"summary_large_image","twitter_site":"@jinsuncarbon_","twitter_misc":{"Tempo di lettura stimato":"4 minuti"},"schema":{"@context":"https:\/\/schema.org","@graph":[{"@type":"WebPage","@id":"https:\/\/jinsuncarbon.com\/product\/uhp-graphite-electrode\/","url":"https:\/\/jinsuncarbon.com\/product\/uhp-graphite-electrode\/","name":"Elettrodo di grafite UHP Produttore in Cina","isPartOf":{"@id":"https:\/\/jinsuncarbon.com\/#website"},"primaryImageOfPage":{"@id":"https:\/\/jinsuncarbon.com\/product\/uhp-graphite-electrode\/#primaryimage"},"image":{"@id":"https:\/\/jinsuncarbon.com\/product\/uhp-graphite-electrode\/#primaryimage"},"thumbnailUrl":"https:\/\/jinsuncarbon.com\/wp-content\/uploads\/2023\/01\/94.jpg","datePublished":"2022-12-26T09:55:33+00:00","dateModified":"2025-01-20T04:56:28+00:00","description":"Elettrodo di grafite UHP produzione e fabbrica e fornitore in Cina. Forniamo elettrodi di grafite di grado uhp per forni ad arco al miglior prezzo.","breadcrumb":{"@id":"https:\/\/jinsuncarbon.com\/product\/uhp-graphite-electrode\/#breadcrumb"},"inLanguage":"it-IT","potentialAction":[{"@type":"ReadAction","target":["https:\/\/jinsuncarbon.com\/product\/uhp-graphite-electrode\/"]}]},{"@type":"ImageObject","inLanguage":"it-IT","@id":"https:\/\/jinsuncarbon.com\/product\/uhp-graphite-electrode\/#primaryimage","url":"https:\/\/jinsuncarbon.com\/wp-content\/uploads\/2023\/01\/94.jpg","contentUrl":"https:\/\/jinsuncarbon.com\/wp-content\/uploads\/2023\/01\/94.jpg","width":1024,"height":763,"caption":"uhp graphite electrode"},{"@type":"BreadcrumbList","@id":"https:\/\/jinsuncarbon.com\/product\/uhp-graphite-electrode\/#breadcrumb","itemListElement":[{"@type":"ListItem","position":1,"name":"Home","item":"https:\/\/jinsuncarbon.com\/"},{"@type":"ListItem","position":2,"name":"Products","item":"https:\/\/jinsuncarbon.com\/graphite-carbon\/"},{"@type":"ListItem","position":3,"name":"UHP Graphite Electrode"}]},{"@type":"WebSite","@id":"https:\/\/jinsuncarbon.com\/#website","url":"https:\/\/jinsuncarbon.com\/","name":"Jinsun Carbon","description":"Siamo il produttore di elettrodi di grafite di successo in Cina","publisher":{"@id":"https:\/\/jinsuncarbon.com\/#organization"},"potentialAction":[{"@type":"SearchAction","target":{"@type":"EntryPoint","urlTemplate":"https:\/\/jinsuncarbon.com\/?s={search_term_string}"},"query-input":{"@type":"PropertyValueSpecification","valueRequired":true,"valueName":"search_term_string"}}],"inLanguage":"it-IT"},{"@type":"Organization","@id":"https:\/\/jinsuncarbon.com\/#organization","name":"Jinsun Carbon","alternateName":"Jinsun Carbon","url":"https:\/\/jinsuncarbon.com\/","logo":{"@type":"ImageObject","inLanguage":"it-IT","@id":"https:\/\/jinsuncarbon.com\/#\/schema\/logo\/image\/","url":"https:\/\/jinsuncarbon.com\/wp-content\/uploads\/2022\/12\/LOGO-1.png","contentUrl":"https:\/\/jinsuncarbon.com\/wp-content\/uploads\/2022\/12\/LOGO-1.png","width":207,"height":80,"caption":"Jinsun Carbon"},"image":{"@id":"https:\/\/jinsuncarbon.com\/#\/schema\/logo\/image\/"},"sameAs":["https:\/\/www.facebook.com\/Graphite-Electrode-109336238661595","https:\/\/x.com\/jinsuncarbon_","https:\/\/www.linkedin.com\/in\/jinsungraphite","https:\/\/www.youtube.com\/channel\/UCysDNyvyR5-3cCWEmpkVC0g"]}]}},"_links":{"self":[{"href":"https:\/\/jinsuncarbon.com\/it\/wp-json\/wp\/v2\/product\/2114","targetHints":{"allow":["GET"]}}],"collection":[{"href":"https:\/\/jinsuncarbon.com\/it\/wp-json\/wp\/v2\/product"}],"about":[{"href":"https:\/\/jinsuncarbon.com\/it\/wp-json\/wp\/v2\/types\/product"}],"wp:featuredmedia":[{"embeddable":true,"href":"https:\/\/jinsuncarbon.com\/it\/wp-json\/wp\/v2\/media\/2556"}],"wp:attachment":[{"href":"https:\/\/jinsuncarbon.com\/it\/wp-json\/wp\/v2\/media?parent=2114"}],"wp:term":[{"taxonomy":"product_brand","embeddable":true,"href":"https:\/\/jinsuncarbon.com\/it\/wp-json\/wp\/v2\/product_brand?post=2114"},{"taxonomy":"product_cat","embeddable":true,"href":"https:\/\/jinsuncarbon.com\/it\/wp-json\/wp\/v2\/product_cat?post=2114"},{"taxonomy":"product_tag","embeddable":true,"href":"https:\/\/jinsuncarbon.com\/it\/wp-json\/wp\/v2\/product_tag?post=2114"}],"curies":[{"name":"wp","href":"https:\/\/api.w.org\/{rel}","templated":true}]}}