{"id":2145,"date":"2023-01-30T09:28:37","date_gmt":"2023-01-30T09:28:37","guid":{"rendered":"https:\/\/jinsuncarbon.com\/?post_type=product&#038;p=2145"},"modified":"2024-11-01T01:09:33","modified_gmt":"2024-11-01T01:09:33","slug":"blok-katoda","status":"publish","type":"product","link":"https:\/\/jinsuncarbon.com\/id\/produk\/blok-katoda\/","title":{"rendered":"Blok Katoda"},"content":{"rendered":"<h2><span data-preserver-spaces=\"true\">Apa itu blok katoda?<\/span><\/h2>\n<p><span data-preserver-spaces=\"true\">Blok katoda sangat penting sebagai elektroda negatif dalam proses elektrolisis aluminium dari alumina. Ini membantu meningkatkan efisiensi peleburan aluminium, yang menghabiskan banyak listrik. Jadi, ini adalah bagian utama dari struktur katoda sel elektrolitik aluminium. <\/span><\/p>\n<p><span data-preserver-spaces=\"true\">Jadi, ini bertindak sebagai konduktor katoda dalam proses produksi elektrolisis aluminium. Itu ada sebagai bahan pelapis dari <\/span><a href=\"https:\/\/jinsuncarbon.com\/id\/why-are-carbon-graphite-electrodes-used-in-electrolysis\/\"><span data-preserver-spaces=\"true\">elektrolit<\/span><\/a><span data-preserver-spaces=\"true\"><a href=\"https:\/\/jinsuncarbon.com\/id\/why-are-carbon-graphite-electrodes-used-in-electrolysis\/\">sis<\/a> wadah sel. <\/span>Dengan permintaan aluminium yang meningkat pesat secara global, blok katoda memainkan peran penting dalam industri ini.<\/p>\n<h2>Aplikasi<\/h2>\n<p>Fungsi utama dari blok karbon katoda adalah sebagai<a href=\"https:\/\/jinsuncarbon.com\/id\/produk\/carbon-graphite-furnace-lining\/\"> lapisan<\/a> bahan sel elektrolisis dan untuk penghantaran arus listrik.<\/p>\n<p>Pada saat yang sama, ia harus tahan terhadap erosi lelehan kriolit suhu tinggi selama proses elektrolisis aluminium.<\/p>\n<p>Ada juga aksi elektrokimia dari terak suhu tinggi dalam proses elektrolisis.<\/p>\n<p>Oleh karena itu, kualitasnya memainkan peran penting dalam pengoperasian sel elektrolit aluminium.<\/p>\n<p>Tingkat ini secara langsung memengaruhi masa pakai sel elektrolit, terutama dalam hal ketahanan korosi natrium, laju ekspansi termal, dan resistivitas.<\/p>\n<p>Meningkatkan kualitasnya mengurangi konsumsi daya dalam produksi dan sangat penting untuk memperpanjang masa pakai elektroliser.<\/p>\n<p>Penyebab utama kerusakan pada elektrolit aluminium <a href=\"https:\/\/sciencedirect.com\/topics\/engineering\/aluminum-cell\" target=\"_blank\" rel=\"noopener\">sel<\/a> adalah bahwa infiltrasi natrium menyebabkan perluasan blok karbon, dan infiltrasi elektrolit cair meningkatkan koefisien ekspansi termalnya.<\/p>\n<p>&nbsp;<\/p>\n<p><img fetchpriority=\"high\" decoding=\"async\" class=\"alignnone wp-image-4470\" src=\"https:\/\/jinsuncarbon.com\/wp-content\/uploads\/2023\/01\/cathode-blocks-1024x769.jpg\" alt=\"Blok katoda\" width=\"506\" height=\"380\" srcset=\"https:\/\/jinsuncarbon.com\/wp-content\/uploads\/2023\/01\/cathode-blocks-1024x769.jpg 1024w, https:\/\/jinsuncarbon.com\/wp-content\/uploads\/2023\/01\/cathode-blocks-600x451.jpg 600w, https:\/\/jinsuncarbon.com\/wp-content\/uploads\/2023\/01\/cathode-blocks-300x225.jpg 300w, https:\/\/jinsuncarbon.com\/wp-content\/uploads\/2023\/01\/cathode-blocks-768x577.jpg 768w, https:\/\/jinsuncarbon.com\/wp-content\/uploads\/2023\/01\/cathode-blocks-16x12.jpg 16w, https:\/\/jinsuncarbon.com\/wp-content\/uploads\/2023\/01\/cathode-blocks.jpg 1080w\" sizes=\"(max-width: 506px) 100vw, 506px\" \/>\u00a0<img decoding=\"async\" class=\"alignnone wp-image-4471\" src=\"https:\/\/jinsuncarbon.com\/wp-content\/uploads\/2023\/01\/Cathode-carbon-block-graphitized-cathode-block-1024x769.jpg\" alt=\"Blok karbon katoda-blok katoda bergrafitasi\" width=\"506\" height=\"380\" srcset=\"https:\/\/jinsuncarbon.com\/wp-content\/uploads\/2023\/01\/Cathode-carbon-block-graphitized-cathode-block-1024x769.jpg 1024w, https:\/\/jinsuncarbon.com\/wp-content\/uploads\/2023\/01\/Cathode-carbon-block-graphitized-cathode-block-600x451.jpg 600w, https:\/\/jinsuncarbon.com\/wp-content\/uploads\/2023\/01\/Cathode-carbon-block-graphitized-cathode-block-300x225.jpg 300w, https:\/\/jinsuncarbon.com\/wp-content\/uploads\/2023\/01\/Cathode-carbon-block-graphitized-cathode-block-768x577.jpg 768w, https:\/\/jinsuncarbon.com\/wp-content\/uploads\/2023\/01\/Cathode-carbon-block-graphitized-cathode-block-16x12.jpg 16w, https:\/\/jinsuncarbon.com\/wp-content\/uploads\/2023\/01\/Cathode-carbon-block-graphitized-cathode-block.jpg 1080w\" sizes=\"(max-width: 506px) 100vw, 506px\" \/><\/p>\n<p>&nbsp;<\/p>\n<h2><span data-preserver-spaces=\"true\">Karakteristik<\/span><\/h2>\n<p><span data-preserver-spaces=\"true\">Memiliki resistansi rendah dan konduktivitas yang baik, sehingga penurunan voltase kecil, yang dapat mengurangi konsumsi daya produksi elektrolit. <\/span><\/p>\n<p><span data-preserver-spaces=\"true\">Ini memiliki kekuatan mekanis yang spesifik. Selama <\/span><a class=\"editor-rtfLink\" href=\"https:\/\/www.bbc.co.uk\/bitesize\/guides\/zhk6pbk\/revision\/4\" target=\"_blank\" rel=\"noopener\"><span data-preserver-spaces=\"true\">elektrolisis aluminium<\/span><\/a><span data-preserver-spaces=\"true\">volume blok katoda mengembang, menghasilkan ekspansi yang cukup besar <\/span><\/p>\n<p><span data-preserver-spaces=\"true\">stres dan kekuatan mekanik yang tinggi, yang akan mengurangi tingkat kerusakan. <\/span><\/p>\n<p><span data-preserver-spaces=\"true\">Porositasnya yang rendah, tidak cepat rusak apabila kandungan elektrolit yang meresap ke dalamnya meningkat. <\/span><\/p>\n<p><span data-preserver-spaces=\"true\">Kandungan abu kecil, sehingga tidak akan meningkatkan resistansi spesifik dan memengaruhi konduktivitas. <\/span><\/p>\n<p><span data-preserver-spaces=\"true\">Koefisien kerusakannya kecil, yang dapat memperpanjang masa pakainya.<\/span><\/p>\n<p>&nbsp;<\/p>\n<h2>\u00a0Properti blok katoda<\/h2>\n<table width=\"652\">\n<tbody>\n<tr>\n<td width=\"151\">PROPERTI<\/td>\n<td width=\"57\">UNIT<\/td>\n<td width=\"132\">karbon amorf<\/td>\n<td width=\"94\">semi-grafit<\/td>\n<td width=\"113\">semi-grafis<\/td>\n<td width=\"104\">grafitisasi<\/td>\n<\/tr>\n<tr>\n<td width=\"151\">Kepadatan nyata<\/td>\n<td width=\"57\">g \/ cm<sup>3<\/sup><\/td>\n<td width=\"132\">1.85~1.95<\/td>\n<td width=\"94\">2.05~2.15<\/td>\n<td width=\"113\">2.05~2.18<\/td>\n<td width=\"104\">2.20<\/td>\n<\/tr>\n<tr>\n<td width=\"151\">Kepadatan yang tampak<\/td>\n<td width=\"57\">g \/ cm<sup>3<\/sup><\/td>\n<td width=\"132\">1.50~1.55<\/td>\n<td width=\"94\">1.60~1.70<\/td>\n<td width=\"113\">1.55~1.65<\/td>\n<td width=\"104\">1.6~1.8<\/td>\n<\/tr>\n<tr>\n<td width=\"151\">Porositas total<\/td>\n<td width=\"57\">%<\/td>\n<td width=\"132\">18~25<\/td>\n<td width=\"94\">20~25<\/td>\n<td width=\"113\">15~30<\/td>\n<td width=\"104\">25<\/td>\n<\/tr>\n<tr>\n<td width=\"151\">Porositas terbuka<\/td>\n<td width=\"57\">%<\/td>\n<td width=\"132\">15~18<\/td>\n<td width=\"94\">15~20<\/td>\n<td width=\"113\">15~20<\/td>\n<td width=\"104\">20~24<\/td>\n<\/tr>\n<tr>\n<td width=\"151\">Hambatan Listrik<\/td>\n<td width=\"57\">\u03bc\u03a9-m<\/td>\n<td width=\"132\">30~50<\/td>\n<td width=\"94\">15~30<\/td>\n<td width=\"113\">12~18<\/td>\n<td width=\"104\">8~14<\/td>\n<\/tr>\n<tr>\n<td width=\"151\">Konduktivitas termal<\/td>\n<td width=\"57\">W\/mk<\/td>\n<td width=\"132\">8~15<\/td>\n<td width=\"94\">30~45<\/td>\n<td width=\"113\">32<\/td>\n<td width=\"104\">80~120<\/td>\n<\/tr>\n<tr>\n<td width=\"151\">Kekuatan tekan<\/td>\n<td width=\"57\">MPa<\/td>\n<td width=\"132\">25~30<\/td>\n<td width=\"94\">25~30<\/td>\n<td width=\"113\">20~25<\/td>\n<td width=\"104\">15<\/td>\n<\/tr>\n<tr>\n<td width=\"151\">Kekuatan lentur<\/td>\n<td width=\"57\">GPa<\/td>\n<td width=\"132\">6~10<\/td>\n<td width=\"94\">10~15<\/td>\n<td width=\"113\">6~10<\/td>\n<td width=\"104\">10~15<\/td>\n<\/tr>\n<tr>\n<td width=\"151\">Tes hubungan<\/td>\n<td width=\"57\">%<\/td>\n<td width=\"132\">0.6~1.5<\/td>\n<td width=\"94\">0.3~0.5<\/td>\n<td width=\"113\">0.3~0.5<\/td>\n<td width=\"104\">0.05~0.15<\/td>\n<\/tr>\n<tr>\n<td width=\"151\">Kandungan abu<\/td>\n<td width=\"57\">%<\/td>\n<td width=\"132\">3~10<\/td>\n<td width=\"94\">0.1~1.0<\/td>\n<td width=\"113\">&lt;1.5<\/td>\n<td width=\"104\">&lt;0.5<\/td>\n<\/tr>\n<\/tbody>\n<\/table>\n<p>&nbsp;<\/p>","protected":false},"excerpt":{"rendered":"<p>Blok katoda digunakan untuk lapisan pasangan bata sel elektrolitik aluminium. Sebagai bahan karbon konduktif elektroda positif, bahan ini memiliki karakteristik tahan suhu tinggi, tahan korosi garam cair, dan konduktivitas yang baik. Ada banyak jenis, termasuk blok katoda karbon biasa, blok karbon semi-grafit, blok karbon grafit tinggi, dan blok katoda grafit. Spesifikasi saat ini adalah 550mm \u00d7 900mm \u00d7 3600mm dan 650mm \u00d7 700mm \u00d7 3600mm ke atas.<\/p>","protected":false},"featured_media":2308,"template":"","meta":[],"product_brand":[],"product_cat":[39],"product_tag":[47],"class_list":{"0":"post-2145","1":"product","2":"type-product","3":"status-publish","4":"has-post-thumbnail","6":"product_cat-carbon-products","7":"product_tag-cathode-block","9":"first","10":"instock","11":"shipping-taxable","12":"product-type-simple"},"yoast_head":"<!-- This site is optimized with the Yoast SEO Premium plugin v19.2.1 (Yoast SEO v25.3) - https:\/\/yoast.com\/wordpress\/plugins\/seo\/ -->\n<title>Cathode Block - Jinsun Carbon<\/title>\n<meta name=\"description\" content=\"Cathode blocks are used for the masonry lining of aluminum electrolytic cells. As a positive electrode conductive materials in the aluminum smelting process\" \/>\n<meta name=\"robots\" content=\"index, follow, max-snippet:-1, max-image-preview:large, max-video-preview:-1\" \/>\n<link rel=\"canonical\" href=\"https:\/\/jinsuncarbon.com\/id\/produk\/blok-katoda\/\" \/>\n<meta property=\"og:locale\" content=\"id_ID\" \/>\n<meta property=\"og:type\" content=\"article\" \/>\n<meta property=\"og:title\" content=\"Cathode Block\" \/>\n<meta property=\"og:description\" content=\"Cathode blocks are used for the masonry lining of aluminum electrolytic cells. As a positive electrode conductive materials in the aluminum smelting process\" \/>\n<meta property=\"og:url\" content=\"https:\/\/jinsuncarbon.com\/id\/produk\/blok-katoda\/\" \/>\n<meta property=\"og:site_name\" content=\"Jinsun Carbon\" \/>\n<meta property=\"article:publisher\" content=\"https:\/\/www.facebook.com\/Graphite-Electrode-109336238661595\" \/>\n<meta property=\"article:modified_time\" content=\"2024-11-01T01:09:33+00:00\" \/>\n<meta property=\"og:image\" content=\"https:\/\/jinsuncarbon.com\/wp-content\/uploads\/2023\/01\/cathode-block-2.jpg\" \/>\n\t<meta property=\"og:image:width\" content=\"1024\" \/>\n\t<meta property=\"og:image:height\" content=\"763\" \/>\n\t<meta property=\"og:image:type\" content=\"image\/jpeg\" \/>\n<meta name=\"twitter:card\" content=\"summary_large_image\" \/>\n<meta name=\"twitter:site\" content=\"@jinsuncarbon_\" \/>\n<meta name=\"twitter:label1\" content=\"Estimasi waktu membaca\" \/>\n\t<meta name=\"twitter:data1\" content=\"3 menit\" \/>\n<script type=\"application\/ld+json\" class=\"yoast-schema-graph\">{\"@context\":\"https:\/\/schema.org\",\"@graph\":[{\"@type\":\"WebPage\",\"@id\":\"https:\/\/jinsuncarbon.com\/product\/cathode-block\/\",\"url\":\"https:\/\/jinsuncarbon.com\/product\/cathode-block\/\",\"name\":\"Cathode Block - Jinsun Carbon\",\"isPartOf\":{\"@id\":\"https:\/\/jinsuncarbon.com\/#website\"},\"primaryImageOfPage\":{\"@id\":\"https:\/\/jinsuncarbon.com\/product\/cathode-block\/#primaryimage\"},\"image\":{\"@id\":\"https:\/\/jinsuncarbon.com\/product\/cathode-block\/#primaryimage\"},\"thumbnailUrl\":\"https:\/\/jinsuncarbon.com\/wp-content\/uploads\/2023\/01\/cathode-block-2.jpg\",\"datePublished\":\"2023-01-30T09:28:37+00:00\",\"dateModified\":\"2024-11-01T01:09:33+00:00\",\"description\":\"Cathode blocks are used for the masonry lining of aluminum electrolytic cells. As a positive electrode conductive materials in the aluminum smelting process\",\"breadcrumb\":{\"@id\":\"https:\/\/jinsuncarbon.com\/product\/cathode-block\/#breadcrumb\"},\"inLanguage\":\"id\",\"potentialAction\":[{\"@type\":\"ReadAction\",\"target\":[\"https:\/\/jinsuncarbon.com\/product\/cathode-block\/\"]}]},{\"@type\":\"ImageObject\",\"inLanguage\":\"id\",\"@id\":\"https:\/\/jinsuncarbon.com\/product\/cathode-block\/#primaryimage\",\"url\":\"https:\/\/jinsuncarbon.com\/wp-content\/uploads\/2023\/01\/cathode-block-2.jpg\",\"contentUrl\":\"https:\/\/jinsuncarbon.com\/wp-content\/uploads\/2023\/01\/cathode-block-2.jpg\",\"width\":1024,\"height\":763,\"caption\":\"cathode blocks\"},{\"@type\":\"BreadcrumbList\",\"@id\":\"https:\/\/jinsuncarbon.com\/product\/cathode-block\/#breadcrumb\",\"itemListElement\":[{\"@type\":\"ListItem\",\"position\":1,\"name\":\"Home\",\"item\":\"https:\/\/jinsuncarbon.com\/\"},{\"@type\":\"ListItem\",\"position\":2,\"name\":\"Products\",\"item\":\"https:\/\/jinsuncarbon.com\/graphite-carbon\/\"},{\"@type\":\"ListItem\",\"position\":3,\"name\":\"Cathode Block\"}]},{\"@type\":\"WebSite\",\"@id\":\"https:\/\/jinsuncarbon.com\/#website\",\"url\":\"https:\/\/jinsuncarbon.com\/\",\"name\":\"Jinsun Carbon\",\"description\":\"We are the successful graphite electrode manufacturer in China\",\"publisher\":{\"@id\":\"https:\/\/jinsuncarbon.com\/#organization\"},\"potentialAction\":[{\"@type\":\"SearchAction\",\"target\":{\"@type\":\"EntryPoint\",\"urlTemplate\":\"https:\/\/jinsuncarbon.com\/?s={search_term_string}\"},\"query-input\":{\"@type\":\"PropertyValueSpecification\",\"valueRequired\":true,\"valueName\":\"search_term_string\"}}],\"inLanguage\":\"id\"},{\"@type\":\"Organization\",\"@id\":\"https:\/\/jinsuncarbon.com\/#organization\",\"name\":\"Jinsun Carbon\",\"alternateName\":\"Jinsun Carbon\",\"url\":\"https:\/\/jinsuncarbon.com\/\",\"logo\":{\"@type\":\"ImageObject\",\"inLanguage\":\"id\",\"@id\":\"https:\/\/jinsuncarbon.com\/#\/schema\/logo\/image\/\",\"url\":\"https:\/\/jinsuncarbon.com\/wp-content\/uploads\/2022\/12\/LOGO-1.png\",\"contentUrl\":\"https:\/\/jinsuncarbon.com\/wp-content\/uploads\/2022\/12\/LOGO-1.png\",\"width\":207,\"height\":80,\"caption\":\"Jinsun Carbon\"},\"image\":{\"@id\":\"https:\/\/jinsuncarbon.com\/#\/schema\/logo\/image\/\"},\"sameAs\":[\"https:\/\/www.facebook.com\/Graphite-Electrode-109336238661595\",\"https:\/\/x.com\/jinsuncarbon_\",\"https:\/\/www.linkedin.com\/in\/jinsungraphite\",\"https:\/\/www.youtube.com\/channel\/UCysDNyvyR5-3cCWEmpkVC0g\"]}]}<\/script>\n<!-- \/ Yoast SEO Premium plugin. -->","yoast_head_json":{"title":"Blok Katoda - Jinsun Carbon","description":"Blok katoda digunakan untuk lapisan pasangan bata sel elektrolitik aluminium. Sebagai bahan konduktif elektroda positif dalam proses peleburan aluminium","robots":{"index":"index","follow":"follow","max-snippet":"max-snippet:-1","max-image-preview":"max-image-preview:large","max-video-preview":"max-video-preview:-1"},"canonical":"https:\/\/jinsuncarbon.com\/id\/produk\/blok-katoda\/","og_locale":"id_ID","og_type":"article","og_title":"Cathode Block","og_description":"Cathode blocks are used for the masonry lining of aluminum electrolytic cells. As a positive electrode conductive materials in the aluminum smelting process","og_url":"https:\/\/jinsuncarbon.com\/id\/produk\/blok-katoda\/","og_site_name":"Jinsun Carbon","article_publisher":"https:\/\/www.facebook.com\/Graphite-Electrode-109336238661595","article_modified_time":"2024-11-01T01:09:33+00:00","og_image":[{"width":1024,"height":763,"url":"https:\/\/jinsuncarbon.com\/wp-content\/uploads\/2023\/01\/cathode-block-2.jpg","type":"image\/jpeg"}],"twitter_card":"summary_large_image","twitter_site":"@jinsuncarbon_","twitter_misc":{"Estimasi waktu membaca":"3 menit"},"schema":{"@context":"https:\/\/schema.org","@graph":[{"@type":"WebPage","@id":"https:\/\/jinsuncarbon.com\/product\/cathode-block\/","url":"https:\/\/jinsuncarbon.com\/product\/cathode-block\/","name":"Blok Katoda - Jinsun Carbon","isPartOf":{"@id":"https:\/\/jinsuncarbon.com\/#website"},"primaryImageOfPage":{"@id":"https:\/\/jinsuncarbon.com\/product\/cathode-block\/#primaryimage"},"image":{"@id":"https:\/\/jinsuncarbon.com\/product\/cathode-block\/#primaryimage"},"thumbnailUrl":"https:\/\/jinsuncarbon.com\/wp-content\/uploads\/2023\/01\/cathode-block-2.jpg","datePublished":"2023-01-30T09:28:37+00:00","dateModified":"2024-11-01T01:09:33+00:00","description":"Blok katoda digunakan untuk lapisan pasangan bata sel elektrolitik aluminium. Sebagai bahan konduktif elektroda positif dalam proses peleburan aluminium","breadcrumb":{"@id":"https:\/\/jinsuncarbon.com\/product\/cathode-block\/#breadcrumb"},"inLanguage":"id","potentialAction":[{"@type":"ReadAction","target":["https:\/\/jinsuncarbon.com\/product\/cathode-block\/"]}]},{"@type":"ImageObject","inLanguage":"id","@id":"https:\/\/jinsuncarbon.com\/product\/cathode-block\/#primaryimage","url":"https:\/\/jinsuncarbon.com\/wp-content\/uploads\/2023\/01\/cathode-block-2.jpg","contentUrl":"https:\/\/jinsuncarbon.com\/wp-content\/uploads\/2023\/01\/cathode-block-2.jpg","width":1024,"height":763,"caption":"cathode blocks"},{"@type":"BreadcrumbList","@id":"https:\/\/jinsuncarbon.com\/product\/cathode-block\/#breadcrumb","itemListElement":[{"@type":"ListItem","position":1,"name":"Home","item":"https:\/\/jinsuncarbon.com\/"},{"@type":"ListItem","position":2,"name":"Products","item":"https:\/\/jinsuncarbon.com\/graphite-carbon\/"},{"@type":"ListItem","position":3,"name":"Cathode Block"}]},{"@type":"WebSite","@id":"https:\/\/jinsuncarbon.com\/#website","url":"https:\/\/jinsuncarbon.com\/","name":"Jinsun Carbon","description":"Kami adalah produsen elektroda grafit yang sukses di Cina","publisher":{"@id":"https:\/\/jinsuncarbon.com\/#organization"},"potentialAction":[{"@type":"SearchAction","target":{"@type":"EntryPoint","urlTemplate":"https:\/\/jinsuncarbon.com\/?s={search_term_string}"},"query-input":{"@type":"PropertyValueSpecification","valueRequired":true,"valueName":"search_term_string"}}],"inLanguage":"id"},{"@type":"Organization","@id":"https:\/\/jinsuncarbon.com\/#organization","name":"Jinsun Carbon","alternateName":"Jinsun Carbon","url":"https:\/\/jinsuncarbon.com\/","logo":{"@type":"ImageObject","inLanguage":"id","@id":"https:\/\/jinsuncarbon.com\/#\/schema\/logo\/image\/","url":"https:\/\/jinsuncarbon.com\/wp-content\/uploads\/2022\/12\/LOGO-1.png","contentUrl":"https:\/\/jinsuncarbon.com\/wp-content\/uploads\/2022\/12\/LOGO-1.png","width":207,"height":80,"caption":"Jinsun Carbon"},"image":{"@id":"https:\/\/jinsuncarbon.com\/#\/schema\/logo\/image\/"},"sameAs":["https:\/\/www.facebook.com\/Graphite-Electrode-109336238661595","https:\/\/x.com\/jinsuncarbon_","https:\/\/www.linkedin.com\/in\/jinsungraphite","https:\/\/www.youtube.com\/channel\/UCysDNyvyR5-3cCWEmpkVC0g"]}]}},"_links":{"self":[{"href":"https:\/\/jinsuncarbon.com\/id\/wp-json\/wp\/v2\/product\/2145","targetHints":{"allow":["GET"]}}],"collection":[{"href":"https:\/\/jinsuncarbon.com\/id\/wp-json\/wp\/v2\/product"}],"about":[{"href":"https:\/\/jinsuncarbon.com\/id\/wp-json\/wp\/v2\/types\/product"}],"wp:featuredmedia":[{"embeddable":true,"href":"https:\/\/jinsuncarbon.com\/id\/wp-json\/wp\/v2\/media\/2308"}],"wp:attachment":[{"href":"https:\/\/jinsuncarbon.com\/id\/wp-json\/wp\/v2\/media?parent=2145"}],"wp:term":[{"taxonomy":"product_brand","embeddable":true,"href":"https:\/\/jinsuncarbon.com\/id\/wp-json\/wp\/v2\/product_brand?post=2145"},{"taxonomy":"product_cat","embeddable":true,"href":"https:\/\/jinsuncarbon.com\/id\/wp-json\/wp\/v2\/product_cat?post=2145"},{"taxonomy":"product_tag","embeddable":true,"href":"https:\/\/jinsuncarbon.com\/id\/wp-json\/wp\/v2\/product_tag?post=2145"}],"curies":[{"name":"wp","href":"https:\/\/api.w.org\/{rel}","templated":true}]}}