{"id":8087,"date":"2025-09-29T01:30:44","date_gmt":"2025-09-29T01:30:44","guid":{"rendered":"https:\/\/jinsuncarbon.com\/?post_type=product&#038;p=8087"},"modified":"2025-09-29T01:32:23","modified_gmt":"2025-09-29T01:32:23","slug":"moules-en-graphite-pour-le-cuivre","status":"publish","type":"product","link":"https:\/\/jinsuncarbon.com\/fr\/produit-2\/moules-en-graphite-pour-le-cuivre\/","title":{"rendered":"Moules en graphite pour le cuivre"},"content":{"rendered":"<p>Moules en graphite pour le cuivre, Il s'agit d'un moule pour la coul\u00e9e de tubes en cuivre, \u00e9galement connu sous le nom de cristallisoir en graphite, qui est indispensable pour la coul\u00e9e continue de tubes en cuivre.<\/p>\n<h2>Avantages des moules en graphite pour le cuivre<\/h2>\n<p><strong><b>Excellente r\u00e9sistance aux hautes temp\u00e9ratures<\/b><\/strong><\/p>\n<p>Il peut r\u00e9sister \u00e0 la temp\u00e9rature de fusion du cuivre \u00e0 1083\u2103, qui ne se ramollit pas et ne se d\u00e9forme pas. Vous pouvez l'utiliser dans un environnement \u00e0 haute temp\u00e9rature pendant longtemps, ce qui garantit la stabilit\u00e9 de la structure du moule.<\/p>\n<p>&nbsp;<\/p>\n<p><strong><b>Forte r\u00e9sistance \u00e0 la corrosion du cuivre liquide<\/b><\/strong><\/p>\n<p>Il poss\u00e8de des propri\u00e9t\u00e9s chimiques stables et n'est pas susceptible de r\u00e9agir avec le cuivre fondu et les alliages de cuivre. Il \u00e9vite la contamination du cuivre liquide et garantit la puret\u00e9 des produits en cuivre.<\/p>\n<p>&nbsp;<\/p>\n<p><strong><b>Excellente performance de d\u00e9moulage<\/b><\/strong><\/p>\n<p>Apr\u00e8s refroidissement et solidification du cuivre liquide, il est facile de le s\u00e9parer du moule. Il permet donc de r\u00e9duire la perte d'adh\u00e9rence des pi\u00e8ces en cuivre et d'am\u00e9liorer le taux de rendement.<\/p>\n<p>&nbsp;<\/p>\n<p><strong><b>Grande pr\u00e9cision de moulage<\/b><\/strong><\/p>\n<p>Il est facile de proc\u00e9der \u00e0 un traitement pr\u00e9cis, l'erreur de taille de la cavit\u00e9 du moule pouvant \u00eatre contr\u00f4l\u00e9e dans une fourchette tr\u00e8s \u00e9troite. Il peut reproduire la structure complexe des pi\u00e8ces en cuivre et r\u00e9pondre aux exigences de moulage des composants de pr\u00e9cision en cuivre.<\/p>\n<p>&nbsp;<\/p>\n<p><strong><b>Bonne uniformit\u00e9 de la conductivit\u00e9 thermique<\/b><\/strong><\/p>\n<p>Il permet de refroidir uniform\u00e9ment le cuivre fondu dans le moule, r\u00e9duisant ainsi les d\u00e9fauts tels que les cavit\u00e9s de retrait et les fissures. Il am\u00e9liore \u00e9galement les propri\u00e9t\u00e9s m\u00e9caniques des produits en cuivre.<\/p>\n<p><strong><b>\u00a0<\/b><\/strong><\/p>\n<h2>Utilisations des moules en graphite pour le cuivre<\/h2>\n<h3>Dans le domaine des machines de pr\u00e9cision<\/h3>\n<p><strong><b>F<\/b><\/strong><strong><b>ou la transformation de composants en cuivre dans les syst\u00e8mes de transmission m\u00e9canique<\/b><\/strong><\/p>\n<p>Gr\u00e2ce \u00e0 la haute pr\u00e9cision du moule, vous pouvez utiliser <a href=\"https:\/\/jinsuncarbon.com\/fr\/produit-2\/moule-en-graphite\/\">moules en graphite<\/a> pour traiter les roulements en cuivre, les roues \u00e0 vis sans fin en cuivre et les \u00e9crous en cuivre. Il assure la compatibilit\u00e9 des tailles des composants, r\u00e9duit l'usure pendant le fonctionnement m\u00e9canique et prolonge la dur\u00e9e de vie de l'\u00e9quipement.<\/p>\n<p>&nbsp;<\/p>\n<h3>Dans le domaine \u00e9lectronique et \u00e9lectrique<\/h3>\n<p><strong><b>Pour les m<\/b><\/strong><strong><b>anufactur<\/b><\/strong><strong><b>ingurgiter<\/b><\/strong><strong><b>\u00a0composants conducteurs en cuivre<\/b><\/strong><\/p>\n<p>Dans les appareils \u00e9lectroniques, vous pouvez l'utiliser pour fabriquer des borniers en cuivre, des dissipateurs thermiques en cuivre et des cadres de bobines en cuivre de pr\u00e9cision. Le moule garantit des surfaces lisses et des dimensions pr\u00e9cises des composants, assurant une conductivit\u00e9 \u00e9lectrique stable. Il r\u00e9pond ainsi aux exigences de miniaturisation des appareils \u00e9lectroniques.<\/p>\n<p>&nbsp;<\/p>\n<h3>Dans le domaine des pipelines et des vannes<\/h3>\n<p><strong><b>Pour la production <\/b><\/strong><strong><b>vannes et raccords de tuyauterie en cuivre<\/b><\/strong><\/p>\n<p>Vous pouvez l'utiliser pour produire des coudes en cuivre et des raccords \u00e0 trois voies en cuivre dans les syst\u00e8mes de tuyauterie. Sa r\u00e9sistance \u00e0 la corrosion du cuivre liquide peut emp\u00eacher la formation d'impuret\u00e9s \u00e0 l'int\u00e9rieur des pi\u00e8ces en cuivre. Il peut donc assurer l'\u00e9tanch\u00e9it\u00e9 pendant le transport des pipelines et r\u00e9duire le risque de fuite.<\/p>\n<p>&nbsp;<\/p>\n<h3>Dans le domaine de l'automobile et des transports<\/h3>\n<p><strong><b>Pour le traitement <\/b><\/strong><strong><b>composants en cuivre<\/b><\/strong><strong><b>\u00a0<\/b><\/strong><strong><b>dans les pi\u00e8ces automobiles<\/b><\/strong><\/p>\n<p>Vous pouvez l'utiliser pour traiter l'air conditionn\u00e9 automobile <a href=\"https:\/\/en.wikipedia.org\/wiki\/Copper_tubing\">tuyauterie en cuivre<\/a>Il convient \u00e0 la production de masse par moulage sous pression, ce qui r\u00e9pond aux exigences de l'industrie automobile en mati\u00e8re de coh\u00e9rence et de durabilit\u00e9 des pi\u00e8ces en cuivre. Il convient \u00e0 la production de masse par moulage sous pression et r\u00e9pond aux exigences de l'industrie automobile en mati\u00e8re d'uniformit\u00e9 et de durabilit\u00e9 des pi\u00e8ces en cuivre.<\/p>\n<p>&nbsp;<\/p>\n<h3>Dans le domaine de la quincaillerie et de la d\u00e9coration<\/h3>\n<p><strong><b>Pour <\/b><\/strong><strong><b>cr\u00e9ature<\/b><\/strong><strong><b>ingurgiter<\/b><\/strong><strong><b>\u00a0composants en cuivre pour outils de quincaillerie et pi\u00e8ces d\u00e9coratives en cuivre<\/b><\/strong><\/p>\n<p>Il s'agit notamment de t\u00eates de cl\u00e9s en cuivre, d'objets artisanaux en cuivre et de bandes de cuivre pour la d\u00e9coration architecturale. Le moule peut reproduire des motifs et des formes complexes, ce qui am\u00e9liore l'aspect, la texture et l'utilit\u00e9 des pi\u00e8ces en cuivre.<\/p>","protected":false},"excerpt":{"rendered":"<p>Les moules en graphite pour le cuivre sont des outils de formage en graphite sp\u00e9cialement con\u00e7us pour le traitement du cuivre et des alliages de cuivre, utilisant du graphite de haute puret\u00e9 comme mati\u00e8re premi\u00e8re. Il r\u00e9siste \u00e0 des temp\u00e9ratures \u00e9lev\u00e9es, \u00e0 la corrosion du cuivre liquide et poss\u00e8de de bonnes performances de d\u00e9moulage. Il peut donc \u00eatre adapt\u00e9 au moulage, au moulage sous pression, au frittage et \u00e0 d'autres processus de produits en cuivre. Il est \u00e9galement tr\u00e8s performant dans la fabrication pr\u00e9cise de produits en cuivre, qui est un \u00e9quipement cl\u00e9 pour assurer la qualit\u00e9 de formage des pi\u00e8ces en cuivre.<\/p>","protected":false},"featured_media":8088,"template":"","meta":[],"product_brand":[],"product_cat":[38],"product_tag":[],"class_list":{"0":"post-8087","1":"product","2":"type-product","3":"status-publish","4":"has-post-thumbnail","6":"product_cat-graphite-products","8":"first","9":"instock","10":"shipping-taxable","11":"product-type-simple"},"yoast_head":"<!-- This site is optimized with the Yoast SEO Premium plugin v19.2.1 (Yoast SEO v25.3) - https:\/\/yoast.com\/wordpress\/plugins\/seo\/ -->\n<title>Graphite Molds For Copper | Jinsun Carbon<\/title>\n<meta name=\"description\" content=\"The graphite mold is copper. It is a mold for casting copper tubes, also known as graphite crystallizer. Contact Jinsun to customize graphite molds.\" \/>\n<meta name=\"robots\" content=\"index, follow, max-snippet:-1, max-image-preview:large, max-video-preview:-1\" \/>\n<link rel=\"canonical\" href=\"https:\/\/jinsuncarbon.com\/fr\/produit-2\/moules-en-graphite-pour-le-cuivre\/\" \/>\n<meta property=\"og:locale\" content=\"fr_FR\" \/>\n<meta property=\"og:type\" content=\"article\" \/>\n<meta property=\"og:title\" content=\"Graphite Molds For Copper\" \/>\n<meta property=\"og:description\" content=\"The graphite mold is copper. It is a mold for casting copper tubes, also known as graphite crystallizer. Contact Jinsun to customize graphite molds.\" \/>\n<meta property=\"og:url\" content=\"https:\/\/jinsuncarbon.com\/fr\/produit-2\/moules-en-graphite-pour-le-cuivre\/\" \/>\n<meta property=\"og:site_name\" content=\"Jinsun Carbon\" \/>\n<meta property=\"article:publisher\" content=\"https:\/\/www.facebook.com\/Graphite-Electrode-109336238661595\" \/>\n<meta property=\"article:modified_time\" content=\"2025-09-29T01:32:23+00:00\" \/>\n<meta property=\"og:image\" content=\"https:\/\/jinsuncarbon.com\/wp-content\/uploads\/2025\/09\/Graphite-molds-for-copper.jpg\" \/>\n\t<meta property=\"og:image:width\" content=\"1024\" \/>\n\t<meta property=\"og:image:height\" content=\"763\" \/>\n\t<meta property=\"og:image:type\" content=\"image\/jpeg\" \/>\n<meta name=\"twitter:card\" content=\"summary_large_image\" \/>\n<meta name=\"twitter:site\" content=\"@jinsuncarbon_\" \/>\n<meta name=\"twitter:label1\" content=\"Dur\u00e9e de lecture estim\u00e9e\" \/>\n\t<meta name=\"twitter:data1\" content=\"3 minutes\" \/>\n<script type=\"application\/ld+json\" class=\"yoast-schema-graph\">{\"@context\":\"https:\/\/schema.org\",\"@graph\":[{\"@type\":\"WebPage\",\"@id\":\"https:\/\/jinsuncarbon.com\/product\/graphite-molds-for-copper\/\",\"url\":\"https:\/\/jinsuncarbon.com\/product\/graphite-molds-for-copper\/\",\"name\":\"Graphite Molds For Copper | Jinsun Carbon\",\"isPartOf\":{\"@id\":\"https:\/\/jinsuncarbon.com\/#website\"},\"primaryImageOfPage\":{\"@id\":\"https:\/\/jinsuncarbon.com\/product\/graphite-molds-for-copper\/#primaryimage\"},\"image\":{\"@id\":\"https:\/\/jinsuncarbon.com\/product\/graphite-molds-for-copper\/#primaryimage\"},\"thumbnailUrl\":\"https:\/\/jinsuncarbon.com\/wp-content\/uploads\/2025\/09\/Graphite-molds-for-copper.jpg\",\"datePublished\":\"2025-09-29T01:30:44+00:00\",\"dateModified\":\"2025-09-29T01:32:23+00:00\",\"description\":\"The graphite mold is copper. It is a mold for casting copper tubes, also known as graphite crystallizer. Contact Jinsun to customize graphite molds.\",\"breadcrumb\":{\"@id\":\"https:\/\/jinsuncarbon.com\/product\/graphite-molds-for-copper\/#breadcrumb\"},\"inLanguage\":\"fr-FR\",\"potentialAction\":[{\"@type\":\"ReadAction\",\"target\":[\"https:\/\/jinsuncarbon.com\/product\/graphite-molds-for-copper\/\"]}]},{\"@type\":\"ImageObject\",\"inLanguage\":\"fr-FR\",\"@id\":\"https:\/\/jinsuncarbon.com\/product\/graphite-molds-for-copper\/#primaryimage\",\"url\":\"https:\/\/jinsuncarbon.com\/wp-content\/uploads\/2025\/09\/Graphite-molds-for-copper.jpg\",\"contentUrl\":\"https:\/\/jinsuncarbon.com\/wp-content\/uploads\/2025\/09\/Graphite-molds-for-copper.jpg\",\"width\":1024,\"height\":763,\"caption\":\"Graphite molds for copper\"},{\"@type\":\"BreadcrumbList\",\"@id\":\"https:\/\/jinsuncarbon.com\/product\/graphite-molds-for-copper\/#breadcrumb\",\"itemListElement\":[{\"@type\":\"ListItem\",\"position\":1,\"name\":\"Home\",\"item\":\"https:\/\/jinsuncarbon.com\/\"},{\"@type\":\"ListItem\",\"position\":2,\"name\":\"Products\",\"item\":\"https:\/\/jinsuncarbon.com\/graphite-carbon\/\"},{\"@type\":\"ListItem\",\"position\":3,\"name\":\"Graphite Molds For Copper\"}]},{\"@type\":\"WebSite\",\"@id\":\"https:\/\/jinsuncarbon.com\/#website\",\"url\":\"https:\/\/jinsuncarbon.com\/\",\"name\":\"Jinsun Carbon\",\"description\":\"We are the successful graphite electrode manufacturer in China\",\"publisher\":{\"@id\":\"https:\/\/jinsuncarbon.com\/#organization\"},\"potentialAction\":[{\"@type\":\"SearchAction\",\"target\":{\"@type\":\"EntryPoint\",\"urlTemplate\":\"https:\/\/jinsuncarbon.com\/?s={search_term_string}\"},\"query-input\":{\"@type\":\"PropertyValueSpecification\",\"valueRequired\":true,\"valueName\":\"search_term_string\"}}],\"inLanguage\":\"fr-FR\"},{\"@type\":\"Organization\",\"@id\":\"https:\/\/jinsuncarbon.com\/#organization\",\"name\":\"Jinsun Carbon\",\"alternateName\":\"Jinsun Carbon\",\"url\":\"https:\/\/jinsuncarbon.com\/\",\"logo\":{\"@type\":\"ImageObject\",\"inLanguage\":\"fr-FR\",\"@id\":\"https:\/\/jinsuncarbon.com\/#\/schema\/logo\/image\/\",\"url\":\"https:\/\/jinsuncarbon.com\/wp-content\/uploads\/2022\/12\/LOGO-1.png\",\"contentUrl\":\"https:\/\/jinsuncarbon.com\/wp-content\/uploads\/2022\/12\/LOGO-1.png\",\"width\":207,\"height\":80,\"caption\":\"Jinsun Carbon\"},\"image\":{\"@id\":\"https:\/\/jinsuncarbon.com\/#\/schema\/logo\/image\/\"},\"sameAs\":[\"https:\/\/www.facebook.com\/Graphite-Electrode-109336238661595\",\"https:\/\/x.com\/jinsuncarbon_\",\"https:\/\/www.linkedin.com\/in\/jinsungraphite\",\"https:\/\/www.youtube.com\/channel\/UCysDNyvyR5-3cCWEmpkVC0g\"]}]}<\/script>\n<!-- \/ Yoast SEO Premium plugin. -->","yoast_head_json":{"title":"Moules en graphite pour le cuivre | Jinsun Carbon","description":"Le moule en graphite est en cuivre. Il s'agit d'un moule pour la coul\u00e9e de tubes en cuivre, \u00e9galement connu sous le nom de cristallisoir en graphite. Contactez Jinsun pour personnaliser les moules en graphite.","robots":{"index":"index","follow":"follow","max-snippet":"max-snippet:-1","max-image-preview":"max-image-preview:large","max-video-preview":"max-video-preview:-1"},"canonical":"https:\/\/jinsuncarbon.com\/fr\/produit-2\/moules-en-graphite-pour-le-cuivre\/","og_locale":"fr_FR","og_type":"article","og_title":"Graphite Molds For Copper","og_description":"The graphite mold is copper. It is a mold for casting copper tubes, also known as graphite crystallizer. Contact Jinsun to customize graphite molds.","og_url":"https:\/\/jinsuncarbon.com\/fr\/produit-2\/moules-en-graphite-pour-le-cuivre\/","og_site_name":"Jinsun Carbon","article_publisher":"https:\/\/www.facebook.com\/Graphite-Electrode-109336238661595","article_modified_time":"2025-09-29T01:32:23+00:00","og_image":[{"width":1024,"height":763,"url":"https:\/\/jinsuncarbon.com\/wp-content\/uploads\/2025\/09\/Graphite-molds-for-copper.jpg","type":"image\/jpeg"}],"twitter_card":"summary_large_image","twitter_site":"@jinsuncarbon_","twitter_misc":{"Dur\u00e9e de lecture estim\u00e9e":"3 minutes"},"schema":{"@context":"https:\/\/schema.org","@graph":[{"@type":"WebPage","@id":"https:\/\/jinsuncarbon.com\/product\/graphite-molds-for-copper\/","url":"https:\/\/jinsuncarbon.com\/product\/graphite-molds-for-copper\/","name":"Moules en graphite pour le cuivre | Jinsun Carbon","isPartOf":{"@id":"https:\/\/jinsuncarbon.com\/#website"},"primaryImageOfPage":{"@id":"https:\/\/jinsuncarbon.com\/product\/graphite-molds-for-copper\/#primaryimage"},"image":{"@id":"https:\/\/jinsuncarbon.com\/product\/graphite-molds-for-copper\/#primaryimage"},"thumbnailUrl":"https:\/\/jinsuncarbon.com\/wp-content\/uploads\/2025\/09\/Graphite-molds-for-copper.jpg","datePublished":"2025-09-29T01:30:44+00:00","dateModified":"2025-09-29T01:32:23+00:00","description":"Le moule en graphite est en cuivre. Il s'agit d'un moule pour la coul\u00e9e de tubes en cuivre, \u00e9galement connu sous le nom de cristallisoir en graphite. Contactez Jinsun pour personnaliser les moules en graphite.","breadcrumb":{"@id":"https:\/\/jinsuncarbon.com\/product\/graphite-molds-for-copper\/#breadcrumb"},"inLanguage":"fr-FR","potentialAction":[{"@type":"ReadAction","target":["https:\/\/jinsuncarbon.com\/product\/graphite-molds-for-copper\/"]}]},{"@type":"ImageObject","inLanguage":"fr-FR","@id":"https:\/\/jinsuncarbon.com\/product\/graphite-molds-for-copper\/#primaryimage","url":"https:\/\/jinsuncarbon.com\/wp-content\/uploads\/2025\/09\/Graphite-molds-for-copper.jpg","contentUrl":"https:\/\/jinsuncarbon.com\/wp-content\/uploads\/2025\/09\/Graphite-molds-for-copper.jpg","width":1024,"height":763,"caption":"Graphite molds for copper"},{"@type":"BreadcrumbList","@id":"https:\/\/jinsuncarbon.com\/product\/graphite-molds-for-copper\/#breadcrumb","itemListElement":[{"@type":"ListItem","position":1,"name":"Home","item":"https:\/\/jinsuncarbon.com\/"},{"@type":"ListItem","position":2,"name":"Products","item":"https:\/\/jinsuncarbon.com\/graphite-carbon\/"},{"@type":"ListItem","position":3,"name":"Graphite Molds For Copper"}]},{"@type":"WebSite","@id":"https:\/\/jinsuncarbon.com\/#website","url":"https:\/\/jinsuncarbon.com\/","name":"Jinsun Carbon","description":"Nous sommes le fabricant d'\u00e9lectrodes en graphite le plus performant de Chine.","publisher":{"@id":"https:\/\/jinsuncarbon.com\/#organization"},"potentialAction":[{"@type":"SearchAction","target":{"@type":"EntryPoint","urlTemplate":"https:\/\/jinsuncarbon.com\/?s={search_term_string}"},"query-input":{"@type":"PropertyValueSpecification","valueRequired":true,"valueName":"search_term_string"}}],"inLanguage":"fr-FR"},{"@type":"Organization","@id":"https:\/\/jinsuncarbon.com\/#organization","name":"Jinsun Carbon","alternateName":"Jinsun Carbon","url":"https:\/\/jinsuncarbon.com\/","logo":{"@type":"ImageObject","inLanguage":"fr-FR","@id":"https:\/\/jinsuncarbon.com\/#\/schema\/logo\/image\/","url":"https:\/\/jinsuncarbon.com\/wp-content\/uploads\/2022\/12\/LOGO-1.png","contentUrl":"https:\/\/jinsuncarbon.com\/wp-content\/uploads\/2022\/12\/LOGO-1.png","width":207,"height":80,"caption":"Jinsun Carbon"},"image":{"@id":"https:\/\/jinsuncarbon.com\/#\/schema\/logo\/image\/"},"sameAs":["https:\/\/www.facebook.com\/Graphite-Electrode-109336238661595","https:\/\/x.com\/jinsuncarbon_","https:\/\/www.linkedin.com\/in\/jinsungraphite","https:\/\/www.youtube.com\/channel\/UCysDNyvyR5-3cCWEmpkVC0g"]}]}},"_links":{"self":[{"href":"https:\/\/jinsuncarbon.com\/fr\/wp-json\/wp\/v2\/product\/8087","targetHints":{"allow":["GET"]}}],"collection":[{"href":"https:\/\/jinsuncarbon.com\/fr\/wp-json\/wp\/v2\/product"}],"about":[{"href":"https:\/\/jinsuncarbon.com\/fr\/wp-json\/wp\/v2\/types\/product"}],"wp:featuredmedia":[{"embeddable":true,"href":"https:\/\/jinsuncarbon.com\/fr\/wp-json\/wp\/v2\/media\/8088"}],"wp:attachment":[{"href":"https:\/\/jinsuncarbon.com\/fr\/wp-json\/wp\/v2\/media?parent=8087"}],"wp:term":[{"taxonomy":"product_brand","embeddable":true,"href":"https:\/\/jinsuncarbon.com\/fr\/wp-json\/wp\/v2\/product_brand?post=8087"},{"taxonomy":"product_cat","embeddable":true,"href":"https:\/\/jinsuncarbon.com\/fr\/wp-json\/wp\/v2\/product_cat?post=8087"},{"taxonomy":"product_tag","embeddable":true,"href":"https:\/\/jinsuncarbon.com\/fr\/wp-json\/wp\/v2\/product_tag?post=8087"}],"curies":[{"name":"wp","href":"https:\/\/api.w.org\/{rel}","templated":true}]}}