{"id":8083,"date":"2025-09-30T01:24:27","date_gmt":"2025-09-30T01:24:27","guid":{"rendered":"https:\/\/jinsuncarbon.com\/?post_type=product&#038;p=8083"},"modified":"2025-09-30T01:24:28","modified_gmt":"2025-09-30T01:24:28","slug":"cone-en-graphite","status":"publish","type":"product","link":"https:\/\/jinsuncarbon.com\/fr\/produit-2\/cone-en-graphite\/","title":{"rendered":"C\u00f4ne en graphite"},"content":{"rendered":"<h2>Avantages du c\u00f4ne en graphite<\/h2>\n<p><strong><b>E<\/b><\/strong><strong><b>xcellente r\u00e9sistance \u00e0 la chaleur<\/b><\/strong><\/p>\n<p>Il peut conserver sa stabilit\u00e9 structurelle dans une large gamme de temp\u00e9ratures allant de -200\u00b0C \u00e0 1600\u00b0C dans un environnement non oxydant. Il ne subit pas de d\u00e9formation ni de d\u00e9gradation de ses performances en raison de changements radicaux de temp\u00e9rature.<\/p>\n<p>&nbsp;<\/p>\n<p><strong><b>B<\/b><\/strong><strong><b>conductivit\u00e9 \u00e9lectrique et thermique \u00e9quilibr\u00e9e<\/b><\/strong><\/p>\n<p>Il est capable de conduire efficacement le courant et de transf\u00e9rer rapidement la chaleur, ce qui le rend adapt\u00e9 \u00e0 des sc\u00e9narios o\u00f9 les exigences sont \u00e9lev\u00e9es.<\/p>\n<p>&nbsp;<\/p>\n<p><strong><b>S<\/b><\/strong><strong><b>trong inertie chimique<\/b><\/strong><\/p>\n<p>Il est peu susceptible de r\u00e9agir avec les milieux corrosifs, ce qui lui permet d'\u00eatre utilis\u00e9 pendant longtemps dans des environnements difficiles.<\/p>\n<p>&nbsp;<\/p>\n<p><strong><b>H<\/b><\/strong><strong><b>Haute pr\u00e9cision structurelle<\/b><\/strong><\/p>\n<p>Sa forme conique r\u00e9guli\u00e8re et l'excellente r\u00e9gularit\u00e9 de sa surface lui permettent de r\u00e9pondre pr\u00e9cis\u00e9ment aux exigences d'assemblage des \u00e9quipements.<\/p>\n<p>&nbsp;<\/p>\n<p><strong><b>R<\/b><\/strong><strong><b>R\u00e9sistance m\u00e9canique fiable<\/b><\/strong><\/p>\n<p>Sa r\u00e9sistance aux chocs et \u00e0 la compression est sup\u00e9rieure \u00e0 celle des produits en graphite ordinaire. Lorsqu'il est utilis\u00e9 comme support ou composant de positionnement, il est moins susceptible d'\u00eatre endommag\u00e9.<\/p>\n<p><strong><b>\u00a0<\/b><\/strong><\/p>\n<h2>Utilisations du c\u00f4ne de graphite<\/h2>\n<h3>Domaines industriels \u00e0 haute temp\u00e9rature<\/h3>\n<p><strong><b>\u00c9lectrodes pour \u00e9quipements de chauffage<\/b><\/strong><\/p>\n<p>Dans les fours \u00e0 arc \u00e9lectrique et les fours de frittage \u00e0 haute temp\u00e9rature, vous pouvez l'utiliser comme connexion ou comme composant conducteur pour <a href=\"https:\/\/jinsuncarbon.com\/fr\/produit-2\/electrode-a-tige-en-graphite\/\">\u00e9lectrodes<\/a>. Gr\u00e2ce \u00e0 sa r\u00e9sistance aux temp\u00e9ratures \u00e9lev\u00e9es et \u00e0 son excellente conductivit\u00e9, il peut supporter les temp\u00e9ratures \u00e9lev\u00e9es \u00e0 l'int\u00e9rieur des fours, ce qui garantit l'efficacit\u00e9 du chauffage.<\/p>\n<p>&nbsp;<\/p>\n<p><strong><b>Support d'\u00e9chantillons \u00e0 haute temp\u00e9rature<\/b><\/strong><\/p>\n<p>Dans les exp\u00e9riences en science des mat\u00e9riaux, vous pouvez l'utiliser comme composant de support d'\u00e9chantillon dans des environnements \u00e0 haute temp\u00e9rature. Il peut supporter de petits \u00e9chantillons m\u00e9talliques et contribuer au transfert de chaleur, tout en assurant un chauffage uniforme des \u00e9chantillons.<\/p>\n<p>&nbsp;<\/p>\n<h3>Domaines de l'\u00e9lectronique et des semi-conducteurs<\/h3>\n<p><strong><b>Composants de positionnement pr\u00e9cis<\/b><\/strong><\/p>\n<p>Dans l'\u00e9quipement de traitement des plaquettes de semi-conducteurs, il peut servir de structure auxiliaire de c\u00f4ne de positionnement pour les plaquettes. Il permet d'\u00e9viter de rayer la surface de la plaquette, tout en r\u00e9sistant \u00e0 des temp\u00e9ratures locales \u00e9lev\u00e9es pendant le traitement.<\/p>\n<p>&nbsp;<\/p>\n<p><strong><b>Composants auxiliaires de dissipation de la chaleur<\/b><\/strong><\/p>\n<p>Gr\u00e2ce \u00e0 sa conductivit\u00e9 thermique, il peut servir de structure locale de dissipation de la chaleur dans certains composants \u00e9lectroniques de haute puissance. Il peut conduire la chaleur g\u00e9n\u00e9r\u00e9e par les composants vers le corps principal de dissipation de la chaleur, contribuant ainsi \u00e0 contr\u00f4ler la temp\u00e9rature des composants.<\/p>\n<p><strong><b>\u00a0<\/b><\/strong><\/p>\n<p><strong><b>Domaines de la chimie et de l'\u00e9lectrolyse<\/b><\/strong><\/p>\n<p><strong><b>\u00c9lectrodes auxiliaires de la cellule d'\u00e9lectrolyse<\/b><\/strong><\/p>\n<p>Pendant l'\u00e9lectrolyse des m\u00e9taux non ferreux tels que l'aluminium \u00e9lectrolytique, vous pouvez l'utiliser comme composant d'\u00e9lectrode auxiliaire. Gr\u00e2ce \u00e0 son inertie chimique, il peut guider le courant, r\u00e9sister \u00e0 des temp\u00e9ratures locales \u00e9lev\u00e9es et prolonger la dur\u00e9e de vie.<\/p>\n<p>&nbsp;<\/p>\n<p><strong><b>Accessoires pour cuves de r\u00e9action chimique<\/b><\/strong><\/p>\n<p>Dans certaines r\u00e9actions chimiques \u00e0 haute temp\u00e9rature, il peut servir \u00e0 guider le flux ou \u00e0 soutenir les composants du c\u00f4ne dans la cuve de r\u00e9action. Il guide les mat\u00e9riaux de r\u00e9action et soutient le <a href=\"https:\/\/www.merriam-webster.com\/dictionary\/catalyst\" target=\"_blank\" rel=\"noopener\">catalyseur<\/a> et ne subit pas de r\u00e9actions chimiques avec le milieu r\u00e9actionnel.<\/p>\n<p>&nbsp;<\/p>\n<h3>Domaines de la m\u00e9canique et de l'industrie g\u00e9n\u00e9rale<\/h3>\n<p><strong><b>Composants auxiliaires de positionnement et de scellement<\/b><\/strong><\/p>\n<p>Dans l'assemblage m\u00e9canique<\/p>\n<p>Vous pouvez l'utiliser comme c\u00f4ne de positionnement pour les composants de l'\u00e9quipement, ce qui garantit la pr\u00e9cision de l'assemblage.<\/p>\n<p>&nbsp;<\/p>\n<p>Dans certains sc\u00e9narios de scellement de tuyaux ou de conteneurs<\/p>\n<p>Il peut servir de composant d'\u00e9tanch\u00e9it\u00e9 auxiliaire, qui peut coop\u00e9rer avec les mat\u00e9riaux d'\u00e9tanch\u00e9it\u00e9 pour am\u00e9liorer l'effet d'\u00e9tanch\u00e9it\u00e9.<\/p>\n<p>&nbsp;<\/p>\n<p><strong><b>Composants r\u00e9sistants \u00e0 l'usure<\/b><\/strong><\/p>\n<p>Dans les machines tournantes \u00e0 faible vitesse, il peut \u00eatre utilis\u00e9 comme petit composant de c\u00f4ne r\u00e9sistant \u00e0 l'usure. Gr\u00e2ce \u00e0 ses caract\u00e9ristiques de faible friction, il peut r\u00e9duire l'usure des composants et diminuer les co\u00fbts de maintenance.<\/p>","protected":false},"excerpt":{"rendered":"<p>Le c\u00f4ne en graphite est un composant en forme de c\u00f4ne fabriqu\u00e9 \u00e0 partir de graphite de haute puret\u00e9. Gr\u00e2ce aux caract\u00e9ristiques du graphite, telles que la r\u00e9sistance aux temp\u00e9ratures \u00e9lev\u00e9es, une excellente conductivit\u00e9 \u00e9lectrique et une grande stabilit\u00e9 chimique, il peut fonctionner de mani\u00e8re stable dans diverses conditions de travail difficiles. Il pr\u00e9sente une r\u00e9sistance structurelle \u00e9lev\u00e9e et une bonne adaptabilit\u00e9, ce qui lui permet de r\u00e9pondre aux exigences d'utilisation dynamique des composants fonctionnels en forme de c\u00f4ne dans diff\u00e9rents domaines. Par exemple, vous pouvez l'utiliser comme composant de connexion d'\u00e9lectrode ou comme composant de positionnement pr\u00e9cis.<\/p>","protected":false},"featured_media":8084,"template":"","meta":[],"product_brand":[],"product_cat":[38],"product_tag":[],"class_list":{"0":"post-8083","1":"product","2":"type-product","3":"status-publish","4":"has-post-thumbnail","6":"product_cat-graphite-products","8":"first","9":"instock","10":"shipping-taxable","11":"product-type-simple"},"yoast_head":"<!-- This site is optimized with the Yoast SEO Premium plugin v19.2.1 (Yoast SEO v25.3) - https:\/\/yoast.com\/wordpress\/plugins\/seo\/ -->\n<title>Graphite Cone | Jinsun Carbon<\/title>\n<meta name=\"robots\" content=\"index, follow, max-snippet:-1, max-image-preview:large, max-video-preview:-1\" \/>\n<link rel=\"canonical\" href=\"https:\/\/jinsuncarbon.com\/fr\/produit-2\/cone-en-graphite\/\" \/>\n<meta property=\"og:locale\" content=\"fr_FR\" \/>\n<meta property=\"og:type\" content=\"article\" \/>\n<meta property=\"og:title\" content=\"Graphite Cone\" \/>\n<meta property=\"og:description\" content=\"Graphite cone is a cone-shaped component processed from high-purity graphite.\u00a0Because of\u00a0the characteristics of graphite such as high temperature resistance, excellent electrical conductivity, and strong chemical stability, it can function stably under various harsh working conditions. It has high structural strength and good adaptability, meeting\u00a0the dynamic usage requirements of different fields for cone-shaped functional components. For example, you can use it\u00a0as an electrode connection component, or a precise positioning component.\" \/>\n<meta property=\"og:url\" content=\"https:\/\/jinsuncarbon.com\/fr\/produit-2\/cone-en-graphite\/\" \/>\n<meta property=\"og:site_name\" content=\"Jinsun Carbon\" \/>\n<meta property=\"article:publisher\" content=\"https:\/\/www.facebook.com\/Graphite-Electrode-109336238661595\" \/>\n<meta property=\"article:modified_time\" content=\"2025-09-30T01:24:28+00:00\" \/>\n<meta property=\"og:image\" content=\"https:\/\/jinsuncarbon.com\/wp-content\/uploads\/2025\/09\/Graphite-cone.jpg\" \/>\n\t<meta property=\"og:image:width\" content=\"1024\" \/>\n\t<meta property=\"og:image:height\" content=\"763\" \/>\n\t<meta property=\"og:image:type\" content=\"image\/jpeg\" \/>\n<meta name=\"twitter:card\" content=\"summary_large_image\" \/>\n<meta name=\"twitter:site\" content=\"@jinsuncarbon_\" \/>\n<meta name=\"twitter:label1\" content=\"Dur\u00e9e de lecture estim\u00e9e\" \/>\n\t<meta name=\"twitter:data1\" content=\"3 minutes\" \/>\n<script type=\"application\/ld+json\" class=\"yoast-schema-graph\">{\"@context\":\"https:\/\/schema.org\",\"@graph\":[{\"@type\":\"WebPage\",\"@id\":\"https:\/\/jinsuncarbon.com\/product\/graphite-cone\/\",\"url\":\"https:\/\/jinsuncarbon.com\/product\/graphite-cone\/\",\"name\":\"Graphite Cone | Jinsun Carbon\",\"isPartOf\":{\"@id\":\"https:\/\/jinsuncarbon.com\/#website\"},\"primaryImageOfPage\":{\"@id\":\"https:\/\/jinsuncarbon.com\/product\/graphite-cone\/#primaryimage\"},\"image\":{\"@id\":\"https:\/\/jinsuncarbon.com\/product\/graphite-cone\/#primaryimage\"},\"thumbnailUrl\":\"https:\/\/jinsuncarbon.com\/wp-content\/uploads\/2025\/09\/Graphite-cone.jpg\",\"datePublished\":\"2025-09-30T01:24:27+00:00\",\"dateModified\":\"2025-09-30T01:24:28+00:00\",\"breadcrumb\":{\"@id\":\"https:\/\/jinsuncarbon.com\/product\/graphite-cone\/#breadcrumb\"},\"inLanguage\":\"fr-FR\",\"potentialAction\":[{\"@type\":\"ReadAction\",\"target\":[\"https:\/\/jinsuncarbon.com\/product\/graphite-cone\/\"]}]},{\"@type\":\"ImageObject\",\"inLanguage\":\"fr-FR\",\"@id\":\"https:\/\/jinsuncarbon.com\/product\/graphite-cone\/#primaryimage\",\"url\":\"https:\/\/jinsuncarbon.com\/wp-content\/uploads\/2025\/09\/Graphite-cone.jpg\",\"contentUrl\":\"https:\/\/jinsuncarbon.com\/wp-content\/uploads\/2025\/09\/Graphite-cone.jpg\",\"width\":1024,\"height\":763,\"caption\":\"Graphite cone\"},{\"@type\":\"BreadcrumbList\",\"@id\":\"https:\/\/jinsuncarbon.com\/product\/graphite-cone\/#breadcrumb\",\"itemListElement\":[{\"@type\":\"ListItem\",\"position\":1,\"name\":\"Home\",\"item\":\"https:\/\/jinsuncarbon.com\/\"},{\"@type\":\"ListItem\",\"position\":2,\"name\":\"Products\",\"item\":\"https:\/\/jinsuncarbon.com\/graphite-carbon\/\"},{\"@type\":\"ListItem\",\"position\":3,\"name\":\"Graphite Cone\"}]},{\"@type\":\"WebSite\",\"@id\":\"https:\/\/jinsuncarbon.com\/#website\",\"url\":\"https:\/\/jinsuncarbon.com\/\",\"name\":\"Jinsun Carbon\",\"description\":\"We are the successful graphite electrode manufacturer in China\",\"publisher\":{\"@id\":\"https:\/\/jinsuncarbon.com\/#organization\"},\"potentialAction\":[{\"@type\":\"SearchAction\",\"target\":{\"@type\":\"EntryPoint\",\"urlTemplate\":\"https:\/\/jinsuncarbon.com\/?s={search_term_string}\"},\"query-input\":{\"@type\":\"PropertyValueSpecification\",\"valueRequired\":true,\"valueName\":\"search_term_string\"}}],\"inLanguage\":\"fr-FR\"},{\"@type\":\"Organization\",\"@id\":\"https:\/\/jinsuncarbon.com\/#organization\",\"name\":\"Jinsun Carbon\",\"alternateName\":\"Jinsun Carbon\",\"url\":\"https:\/\/jinsuncarbon.com\/\",\"logo\":{\"@type\":\"ImageObject\",\"inLanguage\":\"fr-FR\",\"@id\":\"https:\/\/jinsuncarbon.com\/#\/schema\/logo\/image\/\",\"url\":\"https:\/\/jinsuncarbon.com\/wp-content\/uploads\/2022\/12\/LOGO-1.png\",\"contentUrl\":\"https:\/\/jinsuncarbon.com\/wp-content\/uploads\/2022\/12\/LOGO-1.png\",\"width\":207,\"height\":80,\"caption\":\"Jinsun Carbon\"},\"image\":{\"@id\":\"https:\/\/jinsuncarbon.com\/#\/schema\/logo\/image\/\"},\"sameAs\":[\"https:\/\/www.facebook.com\/Graphite-Electrode-109336238661595\",\"https:\/\/x.com\/jinsuncarbon_\",\"https:\/\/www.linkedin.com\/in\/jinsungraphite\",\"https:\/\/www.youtube.com\/channel\/UCysDNyvyR5-3cCWEmpkVC0g\"]}]}<\/script>\n<!-- \/ Yoast SEO Premium plugin. -->","yoast_head_json":{"title":"C\u00f4ne en graphite | Jinsun Carbon","robots":{"index":"index","follow":"follow","max-snippet":"max-snippet:-1","max-image-preview":"max-image-preview:large","max-video-preview":"max-video-preview:-1"},"canonical":"https:\/\/jinsuncarbon.com\/fr\/produit-2\/cone-en-graphite\/","og_locale":"fr_FR","og_type":"article","og_title":"Graphite Cone","og_description":"Graphite cone is a cone-shaped component processed from high-purity graphite.\u00a0Because of\u00a0the characteristics of graphite such as high temperature resistance, excellent electrical conductivity, and strong chemical stability, it can function stably under various harsh working conditions. It has high structural strength and good adaptability, meeting\u00a0the dynamic usage requirements of different fields for cone-shaped functional components. For example, you can use it\u00a0as an electrode connection component, or a precise positioning component.","og_url":"https:\/\/jinsuncarbon.com\/fr\/produit-2\/cone-en-graphite\/","og_site_name":"Jinsun Carbon","article_publisher":"https:\/\/www.facebook.com\/Graphite-Electrode-109336238661595","article_modified_time":"2025-09-30T01:24:28+00:00","og_image":[{"width":1024,"height":763,"url":"https:\/\/jinsuncarbon.com\/wp-content\/uploads\/2025\/09\/Graphite-cone.jpg","type":"image\/jpeg"}],"twitter_card":"summary_large_image","twitter_site":"@jinsuncarbon_","twitter_misc":{"Dur\u00e9e de lecture estim\u00e9e":"3 minutes"},"schema":{"@context":"https:\/\/schema.org","@graph":[{"@type":"WebPage","@id":"https:\/\/jinsuncarbon.com\/product\/graphite-cone\/","url":"https:\/\/jinsuncarbon.com\/product\/graphite-cone\/","name":"C\u00f4ne en graphite | Jinsun Carbon","isPartOf":{"@id":"https:\/\/jinsuncarbon.com\/#website"},"primaryImageOfPage":{"@id":"https:\/\/jinsuncarbon.com\/product\/graphite-cone\/#primaryimage"},"image":{"@id":"https:\/\/jinsuncarbon.com\/product\/graphite-cone\/#primaryimage"},"thumbnailUrl":"https:\/\/jinsuncarbon.com\/wp-content\/uploads\/2025\/09\/Graphite-cone.jpg","datePublished":"2025-09-30T01:24:27+00:00","dateModified":"2025-09-30T01:24:28+00:00","breadcrumb":{"@id":"https:\/\/jinsuncarbon.com\/product\/graphite-cone\/#breadcrumb"},"inLanguage":"fr-FR","potentialAction":[{"@type":"ReadAction","target":["https:\/\/jinsuncarbon.com\/product\/graphite-cone\/"]}]},{"@type":"ImageObject","inLanguage":"fr-FR","@id":"https:\/\/jinsuncarbon.com\/product\/graphite-cone\/#primaryimage","url":"https:\/\/jinsuncarbon.com\/wp-content\/uploads\/2025\/09\/Graphite-cone.jpg","contentUrl":"https:\/\/jinsuncarbon.com\/wp-content\/uploads\/2025\/09\/Graphite-cone.jpg","width":1024,"height":763,"caption":"Graphite cone"},{"@type":"BreadcrumbList","@id":"https:\/\/jinsuncarbon.com\/product\/graphite-cone\/#breadcrumb","itemListElement":[{"@type":"ListItem","position":1,"name":"Home","item":"https:\/\/jinsuncarbon.com\/"},{"@type":"ListItem","position":2,"name":"Products","item":"https:\/\/jinsuncarbon.com\/graphite-carbon\/"},{"@type":"ListItem","position":3,"name":"Graphite Cone"}]},{"@type":"WebSite","@id":"https:\/\/jinsuncarbon.com\/#website","url":"https:\/\/jinsuncarbon.com\/","name":"Jinsun Carbon","description":"Nous sommes le fabricant d'\u00e9lectrodes en graphite le plus performant de Chine.","publisher":{"@id":"https:\/\/jinsuncarbon.com\/#organization"},"potentialAction":[{"@type":"SearchAction","target":{"@type":"EntryPoint","urlTemplate":"https:\/\/jinsuncarbon.com\/?s={search_term_string}"},"query-input":{"@type":"PropertyValueSpecification","valueRequired":true,"valueName":"search_term_string"}}],"inLanguage":"fr-FR"},{"@type":"Organization","@id":"https:\/\/jinsuncarbon.com\/#organization","name":"Jinsun Carbon","alternateName":"Jinsun Carbon","url":"https:\/\/jinsuncarbon.com\/","logo":{"@type":"ImageObject","inLanguage":"fr-FR","@id":"https:\/\/jinsuncarbon.com\/#\/schema\/logo\/image\/","url":"https:\/\/jinsuncarbon.com\/wp-content\/uploads\/2022\/12\/LOGO-1.png","contentUrl":"https:\/\/jinsuncarbon.com\/wp-content\/uploads\/2022\/12\/LOGO-1.png","width":207,"height":80,"caption":"Jinsun Carbon"},"image":{"@id":"https:\/\/jinsuncarbon.com\/#\/schema\/logo\/image\/"},"sameAs":["https:\/\/www.facebook.com\/Graphite-Electrode-109336238661595","https:\/\/x.com\/jinsuncarbon_","https:\/\/www.linkedin.com\/in\/jinsungraphite","https:\/\/www.youtube.com\/channel\/UCysDNyvyR5-3cCWEmpkVC0g"]}]}},"_links":{"self":[{"href":"https:\/\/jinsuncarbon.com\/fr\/wp-json\/wp\/v2\/product\/8083","targetHints":{"allow":["GET"]}}],"collection":[{"href":"https:\/\/jinsuncarbon.com\/fr\/wp-json\/wp\/v2\/product"}],"about":[{"href":"https:\/\/jinsuncarbon.com\/fr\/wp-json\/wp\/v2\/types\/product"}],"wp:featuredmedia":[{"embeddable":true,"href":"https:\/\/jinsuncarbon.com\/fr\/wp-json\/wp\/v2\/media\/8084"}],"wp:attachment":[{"href":"https:\/\/jinsuncarbon.com\/fr\/wp-json\/wp\/v2\/media?parent=8083"}],"wp:term":[{"taxonomy":"product_brand","embeddable":true,"href":"https:\/\/jinsuncarbon.com\/fr\/wp-json\/wp\/v2\/product_brand?post=8083"},{"taxonomy":"product_cat","embeddable":true,"href":"https:\/\/jinsuncarbon.com\/fr\/wp-json\/wp\/v2\/product_cat?post=8083"},{"taxonomy":"product_tag","embeddable":true,"href":"https:\/\/jinsuncarbon.com\/fr\/wp-json\/wp\/v2\/product_tag?post=8083"}],"curies":[{"name":"wp","href":"https:\/\/api.w.org\/{rel}","templated":true}]}}