{"id":8068,"date":"2025-09-13T08:58:54","date_gmt":"2025-09-13T08:58:54","guid":{"rendered":"https:\/\/jinsuncarbon.com\/?post_type=product&#038;p=8068"},"modified":"2025-09-13T08:58:55","modified_gmt":"2025-09-13T08:58:55","slug":"boulons-en-fibre-de-carbone","status":"publish","type":"product","link":"https:\/\/jinsuncarbon.com\/fr\/produit-2\/boulons-en-fibre-de-carbone\/","title":{"rendered":"Boulons en fibre de carbone"},"content":{"rendered":"<h2>Avantages des boulons en fibre de carbone<\/h2>\n<p><strong><b>Poids l\u00e9ger<\/b><\/strong><\/p>\n<p>Le poids est beaucoup plus l\u00e9ger que celui des fixations en acier de m\u00eame sp\u00e9cification, ce qui permet de r\u00e9duire consid\u00e9rablement le poids total de l'\u00e9quipement. De plus, il garantit la solidit\u00e9 de la connexion, ce qui permet de l'utiliser dans des domaines sensibles au poids, tels que l'a\u00e9rospatiale.<\/p>\n<p>&nbsp;<\/p>\n<p><strong><b>Caract\u00e9ristiques de r\u00e9sistance \u00e9lev\u00e9es<\/b><\/strong><\/p>\n<p>Sa r\u00e9sistance \u00e0 la traction et sa r\u00e9sistance sp\u00e9cifique d\u00e9passent de loin celles des m\u00e9taux traditionnels.<\/p>\n<p>&nbsp;<\/p>\n<p><strong><b>Excellente r\u00e9sistance \u00e0 la corrosion<\/b><\/strong><\/p>\n<p>Les boulons en fibre de carbone ne sont pas sujets \u00e0 la rouille ou \u00e0 la corrosion dans les environnements humides, acides ou alcalins. Cela permet d'\u00e9viter les probl\u00e8mes de rouille communs aux fixations m\u00e9talliques et d'allonger consid\u00e9rablement la dur\u00e9e de vie.<\/p>\n<p>&nbsp;<\/p>\n<p><strong><b>Excellente r\u00e9sistance \u00e0 la fatigue<\/b><\/strong><\/p>\n<p>Il n'est pas susceptible de se fracturer sous l'effet de charges altern\u00e9es \u00e0 long terme, ce qui am\u00e9liore la s\u00e9curit\u00e9 du fonctionnement de l'\u00e9quipement.<\/p>\n<p>&nbsp;<\/p>\n<p><strong><b>Faible coefficient de dilatation thermique<\/b><\/strong><\/p>\n<p>Il peut r\u00e9duire le desserrement des connexions caus\u00e9 par la dilatation et la contraction thermiques, assurant ainsi la stabilit\u00e9 de la connexion.<\/p>\n<p>&nbsp;<\/p>\n<h2>Types de boulons en fibre de carbone<\/h2>\n<h3>Selon la classification du mat\u00e9riau de base<\/h3>\n<p><strong><b>T<\/b><\/strong><strong><b>boulons et \u00e9crous composites herm\u00e9tiques<\/b><\/strong><\/p>\n<p>Ils sont fabriqu\u00e9s en r\u00e9sine \u00e9poxy, en r\u00e9sine ph\u00e9nolique, etc., qui ont des propri\u00e9t\u00e9s stables apr\u00e8s le moulage. Ils conviennent aux sc\u00e9narios de connexion statique avec des exigences \u00e9lev\u00e9es en mati\u00e8re de r\u00e9sistance structurelle, comme la fixation de la structure interne des engins spatiaux.<\/p>\n<p><strong><b>\u00a0<\/b><\/strong><\/p>\n<p><strong><b>T<\/b><\/strong><strong><b>boulon et \u00e9crou en composite hermoplastique<\/b><\/strong><\/p>\n<p>Ils sont fabriqu\u00e9s en poly\u00e9ther\u00e9therc\u00e9tone (PEEK) et en d'autres mat\u00e9riaux. <a href=\"https:\/\/jinsuncarbon.com\/fr\/le-graphite-est-il-un-materiau-composite\/\">mat\u00e9riaux<\/a>qui pr\u00e9sentent une certaine robustesse, une recyclabilit\u00e9 et une plus grande r\u00e9sistance aux chocs. Ils conviennent aux connexions dynamiques soumises \u00e0 de l\u00e9g\u00e8res vibrations, telles que les composants de ch\u00e2ssis de v\u00e9hicules haut de gamme.<\/p>\n<p>&nbsp;<\/p>\n<h2>Utilisation des boulons en fibre de carbone<\/h2>\n<p><strong><b>Dans le domaine a\u00e9rospatial<\/b><\/strong><\/p>\n<p>Sa l\u00e9g\u00e8ret\u00e9 est utilis\u00e9e pour relier le cadre du fuselage de l'avion, la peau et l'armature des ailes. Et pour fixer les composants structurels des satellites, il peut r\u00e9duire la consommation de carburant ou les co\u00fbts de lancement. Sa r\u00e9sistance \u00e0 la corrosion permet de faire face aux conditions difficiles des hautes altitudes.<\/p>\n<p>&nbsp;<\/p>\n<p><strong><b>Dans le domaine des v\u00e9hicules \u00e0 \u00e9nergie nouvelle<\/b><\/strong><\/p>\n<p>Vous pouvez l'utiliser pour connecter la coque du bloc-batterie, qui peut r\u00e9pondre aux exigences en mati\u00e8re d'isolation. Il permet \u00e9galement de r\u00e9duire le poids du <a href=\"https:\/\/www.continentalbattery.com\/\" target=\"_blank\" rel=\"noopener\">syst\u00e8me de batterie<\/a> et am\u00e9liore l'autonomie du v\u00e9hicule. Vous pouvez \u00e9galement l'utiliser pour l'assemblage l\u00e9ger de moteurs et de syst\u00e8mes de contr\u00f4le \u00e9lectronique.<\/p>\n<p>&nbsp;<\/p>\n<p><strong><b>Dans le domaine des \u00e9quipements haut de gamme<\/b><\/strong><\/p>\n<p>Sa r\u00e9sistance aux intemp\u00e9ries lui permet de faire face aux climats ext\u00e9rieurs complexes et d'\u00e9viter les probl\u00e8mes de rouille lors d'une utilisation \u00e0 long terme. Vous pouvez l'utiliser pour la connexion de la structure interne des cabines d'\u00e9quipement des \u00e9oliennes. En m\u00eame temps, sa haute r\u00e9sistance permet de supporter les charges de vibration pendant le fonctionnement des \u00e9oliennes.<\/p>\n<p>&nbsp;<\/p>\n<p><strong><b>Dans le domaine des dispositifs m\u00e9dicaux<\/b><\/strong><\/p>\n<p>Vous pouvez l'utiliser pour connecter les composants d'instruments tels que les appareils d'IRM qui sont sensibles aux interf\u00e9rences m\u00e9talliques. Ses caract\u00e9ristiques non m\u00e9talliques permettent d'\u00e9viter d'affecter le champ magn\u00e9tique de l'\u00e9quipement, ce qui garantit la s\u00e9curit\u00e9 d'utilisation.<\/p>","protected":false},"excerpt":{"rendered":"<p>Les boulons et les \u00e9crous en composite de carbone sont un type de combinaison de fixations fabriqu\u00e9es en combinant des fibres de carbone comme \u00e9l\u00e9ments de renforcement avec des r\u00e9sines et d'autres mat\u00e9riaux comme matrice. Ils pr\u00e9sentent des avantages fondamentaux tels que la l\u00e9g\u00e8ret\u00e9, la haute r\u00e9sistance et la r\u00e9sistance \u00e0 la corrosion. Elles peuvent surmonter les limites de performance des fixations m\u00e9talliques traditionnelles, ce qui en fait des composants de connexion cl\u00e9s dans des domaines tels que l'a\u00e9rospatiale. De plus, ils sont exceptionnellement performants dans les sc\u00e9narios o\u00f9 les exigences de performance et de r\u00e9sistance aux intemp\u00e9ries sont \u00e9lev\u00e9es.<\/p>","protected":false},"featured_media":8069,"template":"","meta":[],"product_brand":[],"product_cat":[38],"product_tag":[],"class_list":{"0":"post-8068","1":"product","2":"type-product","3":"status-publish","4":"has-post-thumbnail","6":"product_cat-graphite-products","8":"first","9":"instock","10":"shipping-taxable","11":"product-type-simple"},"yoast_head":"<!-- This site is optimized with the Yoast SEO Premium plugin v19.2.1 (Yoast SEO v25.3) - https:\/\/yoast.com\/wordpress\/plugins\/seo\/ -->\n<title>Carbon Fiber Bolts | Jinsun Carbon<\/title>\n<meta name=\"robots\" content=\"index, follow, max-snippet:-1, max-image-preview:large, max-video-preview:-1\" \/>\n<link rel=\"canonical\" href=\"https:\/\/jinsuncarbon.com\/fr\/produit-2\/boulons-en-fibre-de-carbone\/\" \/>\n<meta property=\"og:locale\" content=\"fr_FR\" \/>\n<meta property=\"og:type\" content=\"article\" \/>\n<meta property=\"og:title\" content=\"Carbon Fiber Bolts\" \/>\n<meta property=\"og:description\" content=\"Carbon composite bolt and nut are a type of fastener combination made by combining carbon fibers as reinforcing elements with resins and other materials as the matrix. They have the\u00a0core advantages such as light weight, high strength, and corrosion resistance. They can overcome the performance limitations of traditional metal fasteners, so they are key connection components in fields\u00a0like aerospace.\u00a0And they perform exceptionally well in scenarios\u00a0which\u00a0has\u00a0high performance requirement\u00a0and weather resistance.\" \/>\n<meta property=\"og:url\" content=\"https:\/\/jinsuncarbon.com\/fr\/produit-2\/boulons-en-fibre-de-carbone\/\" \/>\n<meta property=\"og:site_name\" content=\"Jinsun Carbon\" \/>\n<meta property=\"article:publisher\" content=\"https:\/\/www.facebook.com\/Graphite-Electrode-109336238661595\" \/>\n<meta property=\"article:modified_time\" content=\"2025-09-13T08:58:55+00:00\" \/>\n<meta property=\"og:image\" content=\"https:\/\/jinsuncarbon.com\/wp-content\/uploads\/2025\/09\/Carbon-Composite-Bolt-and-Nut.jpg\" \/>\n\t<meta property=\"og:image:width\" content=\"1024\" \/>\n\t<meta property=\"og:image:height\" content=\"763\" \/>\n\t<meta property=\"og:image:type\" content=\"image\/jpeg\" \/>\n<meta name=\"twitter:card\" content=\"summary_large_image\" \/>\n<meta name=\"twitter:site\" content=\"@jinsuncarbon_\" \/>\n<meta name=\"twitter:label1\" content=\"Dur\u00e9e de lecture estim\u00e9e\" \/>\n\t<meta name=\"twitter:data1\" content=\"3 minutes\" \/>\n<script type=\"application\/ld+json\" class=\"yoast-schema-graph\">{\"@context\":\"https:\/\/schema.org\",\"@graph\":[{\"@type\":\"WebPage\",\"@id\":\"https:\/\/jinsuncarbon.com\/product\/carbon-fiber-bolts\/\",\"url\":\"https:\/\/jinsuncarbon.com\/product\/carbon-fiber-bolts\/\",\"name\":\"Carbon Fiber Bolts | Jinsun Carbon\",\"isPartOf\":{\"@id\":\"https:\/\/jinsuncarbon.com\/#website\"},\"primaryImageOfPage\":{\"@id\":\"https:\/\/jinsuncarbon.com\/product\/carbon-fiber-bolts\/#primaryimage\"},\"image\":{\"@id\":\"https:\/\/jinsuncarbon.com\/product\/carbon-fiber-bolts\/#primaryimage\"},\"thumbnailUrl\":\"https:\/\/jinsuncarbon.com\/wp-content\/uploads\/2025\/09\/Carbon-Composite-Bolt-and-Nut.jpg\",\"datePublished\":\"2025-09-13T08:58:54+00:00\",\"dateModified\":\"2025-09-13T08:58:55+00:00\",\"breadcrumb\":{\"@id\":\"https:\/\/jinsuncarbon.com\/product\/carbon-fiber-bolts\/#breadcrumb\"},\"inLanguage\":\"fr-FR\",\"potentialAction\":[{\"@type\":\"ReadAction\",\"target\":[\"https:\/\/jinsuncarbon.com\/product\/carbon-fiber-bolts\/\"]}]},{\"@type\":\"ImageObject\",\"inLanguage\":\"fr-FR\",\"@id\":\"https:\/\/jinsuncarbon.com\/product\/carbon-fiber-bolts\/#primaryimage\",\"url\":\"https:\/\/jinsuncarbon.com\/wp-content\/uploads\/2025\/09\/Carbon-Composite-Bolt-and-Nut.jpg\",\"contentUrl\":\"https:\/\/jinsuncarbon.com\/wp-content\/uploads\/2025\/09\/Carbon-Composite-Bolt-and-Nut.jpg\",\"width\":1024,\"height\":763,\"caption\":\"Carbon Fiber Bolts\"},{\"@type\":\"BreadcrumbList\",\"@id\":\"https:\/\/jinsuncarbon.com\/product\/carbon-fiber-bolts\/#breadcrumb\",\"itemListElement\":[{\"@type\":\"ListItem\",\"position\":1,\"name\":\"Home\",\"item\":\"https:\/\/jinsuncarbon.com\/\"},{\"@type\":\"ListItem\",\"position\":2,\"name\":\"Products\",\"item\":\"https:\/\/jinsuncarbon.com\/graphite-carbon\/\"},{\"@type\":\"ListItem\",\"position\":3,\"name\":\"Carbon Fiber Bolts\"}]},{\"@type\":\"WebSite\",\"@id\":\"https:\/\/jinsuncarbon.com\/#website\",\"url\":\"https:\/\/jinsuncarbon.com\/\",\"name\":\"Jinsun Carbon\",\"description\":\"We are the successful graphite electrode manufacturer in China\",\"publisher\":{\"@id\":\"https:\/\/jinsuncarbon.com\/#organization\"},\"potentialAction\":[{\"@type\":\"SearchAction\",\"target\":{\"@type\":\"EntryPoint\",\"urlTemplate\":\"https:\/\/jinsuncarbon.com\/?s={search_term_string}\"},\"query-input\":{\"@type\":\"PropertyValueSpecification\",\"valueRequired\":true,\"valueName\":\"search_term_string\"}}],\"inLanguage\":\"fr-FR\"},{\"@type\":\"Organization\",\"@id\":\"https:\/\/jinsuncarbon.com\/#organization\",\"name\":\"Jinsun Carbon\",\"alternateName\":\"Jinsun Carbon\",\"url\":\"https:\/\/jinsuncarbon.com\/\",\"logo\":{\"@type\":\"ImageObject\",\"inLanguage\":\"fr-FR\",\"@id\":\"https:\/\/jinsuncarbon.com\/#\/schema\/logo\/image\/\",\"url\":\"https:\/\/jinsuncarbon.com\/wp-content\/uploads\/2022\/12\/LOGO-1.png\",\"contentUrl\":\"https:\/\/jinsuncarbon.com\/wp-content\/uploads\/2022\/12\/LOGO-1.png\",\"width\":207,\"height\":80,\"caption\":\"Jinsun Carbon\"},\"image\":{\"@id\":\"https:\/\/jinsuncarbon.com\/#\/schema\/logo\/image\/\"},\"sameAs\":[\"https:\/\/www.facebook.com\/Graphite-Electrode-109336238661595\",\"https:\/\/x.com\/jinsuncarbon_\",\"https:\/\/www.linkedin.com\/in\/jinsungraphite\",\"https:\/\/www.youtube.com\/channel\/UCysDNyvyR5-3cCWEmpkVC0g\"]}]}<\/script>\n<!-- \/ Yoast SEO Premium plugin. -->","yoast_head_json":{"title":"Boulons en fibre de carbone | Jinsun Carbon","robots":{"index":"index","follow":"follow","max-snippet":"max-snippet:-1","max-image-preview":"max-image-preview:large","max-video-preview":"max-video-preview:-1"},"canonical":"https:\/\/jinsuncarbon.com\/fr\/produit-2\/boulons-en-fibre-de-carbone\/","og_locale":"fr_FR","og_type":"article","og_title":"Carbon Fiber Bolts","og_description":"Carbon composite bolt and nut are a type of fastener combination made by combining carbon fibers as reinforcing elements with resins and other materials as the matrix. They have the\u00a0core advantages such as light weight, high strength, and corrosion resistance. They can overcome the performance limitations of traditional metal fasteners, so they are key connection components in fields\u00a0like aerospace.\u00a0And they perform exceptionally well in scenarios\u00a0which\u00a0has\u00a0high performance requirement\u00a0and weather resistance.","og_url":"https:\/\/jinsuncarbon.com\/fr\/produit-2\/boulons-en-fibre-de-carbone\/","og_site_name":"Jinsun Carbon","article_publisher":"https:\/\/www.facebook.com\/Graphite-Electrode-109336238661595","article_modified_time":"2025-09-13T08:58:55+00:00","og_image":[{"width":1024,"height":763,"url":"https:\/\/jinsuncarbon.com\/wp-content\/uploads\/2025\/09\/Carbon-Composite-Bolt-and-Nut.jpg","type":"image\/jpeg"}],"twitter_card":"summary_large_image","twitter_site":"@jinsuncarbon_","twitter_misc":{"Dur\u00e9e de lecture estim\u00e9e":"3 minutes"},"schema":{"@context":"https:\/\/schema.org","@graph":[{"@type":"WebPage","@id":"https:\/\/jinsuncarbon.com\/product\/carbon-fiber-bolts\/","url":"https:\/\/jinsuncarbon.com\/product\/carbon-fiber-bolts\/","name":"Boulons en fibre de carbone | Jinsun Carbon","isPartOf":{"@id":"https:\/\/jinsuncarbon.com\/#website"},"primaryImageOfPage":{"@id":"https:\/\/jinsuncarbon.com\/product\/carbon-fiber-bolts\/#primaryimage"},"image":{"@id":"https:\/\/jinsuncarbon.com\/product\/carbon-fiber-bolts\/#primaryimage"},"thumbnailUrl":"https:\/\/jinsuncarbon.com\/wp-content\/uploads\/2025\/09\/Carbon-Composite-Bolt-and-Nut.jpg","datePublished":"2025-09-13T08:58:54+00:00","dateModified":"2025-09-13T08:58:55+00:00","breadcrumb":{"@id":"https:\/\/jinsuncarbon.com\/product\/carbon-fiber-bolts\/#breadcrumb"},"inLanguage":"fr-FR","potentialAction":[{"@type":"ReadAction","target":["https:\/\/jinsuncarbon.com\/product\/carbon-fiber-bolts\/"]}]},{"@type":"ImageObject","inLanguage":"fr-FR","@id":"https:\/\/jinsuncarbon.com\/product\/carbon-fiber-bolts\/#primaryimage","url":"https:\/\/jinsuncarbon.com\/wp-content\/uploads\/2025\/09\/Carbon-Composite-Bolt-and-Nut.jpg","contentUrl":"https:\/\/jinsuncarbon.com\/wp-content\/uploads\/2025\/09\/Carbon-Composite-Bolt-and-Nut.jpg","width":1024,"height":763,"caption":"Carbon Fiber Bolts"},{"@type":"BreadcrumbList","@id":"https:\/\/jinsuncarbon.com\/product\/carbon-fiber-bolts\/#breadcrumb","itemListElement":[{"@type":"ListItem","position":1,"name":"Home","item":"https:\/\/jinsuncarbon.com\/"},{"@type":"ListItem","position":2,"name":"Products","item":"https:\/\/jinsuncarbon.com\/graphite-carbon\/"},{"@type":"ListItem","position":3,"name":"Carbon Fiber Bolts"}]},{"@type":"WebSite","@id":"https:\/\/jinsuncarbon.com\/#website","url":"https:\/\/jinsuncarbon.com\/","name":"Jinsun Carbon","description":"Nous sommes le fabricant d'\u00e9lectrodes en graphite le plus performant de Chine.","publisher":{"@id":"https:\/\/jinsuncarbon.com\/#organization"},"potentialAction":[{"@type":"SearchAction","target":{"@type":"EntryPoint","urlTemplate":"https:\/\/jinsuncarbon.com\/?s={search_term_string}"},"query-input":{"@type":"PropertyValueSpecification","valueRequired":true,"valueName":"search_term_string"}}],"inLanguage":"fr-FR"},{"@type":"Organization","@id":"https:\/\/jinsuncarbon.com\/#organization","name":"Jinsun Carbon","alternateName":"Jinsun Carbon","url":"https:\/\/jinsuncarbon.com\/","logo":{"@type":"ImageObject","inLanguage":"fr-FR","@id":"https:\/\/jinsuncarbon.com\/#\/schema\/logo\/image\/","url":"https:\/\/jinsuncarbon.com\/wp-content\/uploads\/2022\/12\/LOGO-1.png","contentUrl":"https:\/\/jinsuncarbon.com\/wp-content\/uploads\/2022\/12\/LOGO-1.png","width":207,"height":80,"caption":"Jinsun Carbon"},"image":{"@id":"https:\/\/jinsuncarbon.com\/#\/schema\/logo\/image\/"},"sameAs":["https:\/\/www.facebook.com\/Graphite-Electrode-109336238661595","https:\/\/x.com\/jinsuncarbon_","https:\/\/www.linkedin.com\/in\/jinsungraphite","https:\/\/www.youtube.com\/channel\/UCysDNyvyR5-3cCWEmpkVC0g"]}]}},"_links":{"self":[{"href":"https:\/\/jinsuncarbon.com\/fr\/wp-json\/wp\/v2\/product\/8068","targetHints":{"allow":["GET"]}}],"collection":[{"href":"https:\/\/jinsuncarbon.com\/fr\/wp-json\/wp\/v2\/product"}],"about":[{"href":"https:\/\/jinsuncarbon.com\/fr\/wp-json\/wp\/v2\/types\/product"}],"wp:featuredmedia":[{"embeddable":true,"href":"https:\/\/jinsuncarbon.com\/fr\/wp-json\/wp\/v2\/media\/8069"}],"wp:attachment":[{"href":"https:\/\/jinsuncarbon.com\/fr\/wp-json\/wp\/v2\/media?parent=8068"}],"wp:term":[{"taxonomy":"product_brand","embeddable":true,"href":"https:\/\/jinsuncarbon.com\/fr\/wp-json\/wp\/v2\/product_brand?post=8068"},{"taxonomy":"product_cat","embeddable":true,"href":"https:\/\/jinsuncarbon.com\/fr\/wp-json\/wp\/v2\/product_cat?post=8068"},{"taxonomy":"product_tag","embeddable":true,"href":"https:\/\/jinsuncarbon.com\/fr\/wp-json\/wp\/v2\/product_tag?post=8068"}],"curies":[{"name":"wp","href":"https:\/\/api.w.org\/{rel}","templated":true}]}}