{"id":8067,"date":"2025-09-20T02:43:17","date_gmt":"2025-09-20T02:43:17","guid":{"rendered":"https:\/\/jinsuncarbon.com\/?post_type=product&#038;p=8067"},"modified":"2025-09-20T02:43:18","modified_gmt":"2025-09-20T02:43:18","slug":"creuset-en-carbone","status":"publish","type":"product","link":"https:\/\/jinsuncarbon.com\/fr\/produit-2\/creuset-en-carbone\/","title":{"rendered":"Creuset en carbone"},"content":{"rendered":"<p>Les creusets en carbone se pr\u00e9sentent sous diff\u00e9rentes formes : cylindrique, conique et carr\u00e9e, et leurs avantages sont tout \u00e0 fait remarquables.<\/p>\n<h2>Avantages du creuset en carbone<\/h2>\n<p>Tr\u00e8s forte r\u00e9sistance \u00e0 la chaleur<br \/>\nIl peut conserver sa stabilit\u00e9 structurelle dans une plage de temp\u00e9ratures extr\u00eamement \u00e9lev\u00e9e de 1500\u00b0C \u00e0 2200\u00b0C, ce qui le rend difficile \u00e0 fondre ou \u00e0 fissurer.<\/p>\n<p>Propri\u00e9t\u00e9s chimiques stables<br \/>\nIl n'a pas tendance \u00e0 r\u00e9agir avec les m\u00e9taux fondus \u00e0 haute temp\u00e9rature, ce qui garantit la puret\u00e9 des substances chauff\u00e9es.<\/p>\n<p>Conductivit\u00e9 thermique uniforme<br \/>\nIl permet un transfert de chaleur rapide et un chauffage constant des mat\u00e9riaux internes, ce qui am\u00e9liore l'efficacit\u00e9 de la fusion ou des r\u00e9actions.<\/p>\n<p>R\u00e9sistance m\u00e9canique \u00e9lev\u00e9e<br \/>\nIl est capable de r\u00e9sister au poids de la mati\u00e8re fondue et \u00e0 certains impacts et vibrations. Il ne risque pas d'\u00eatre endommag\u00e9 lors de la manipulation et de la coul\u00e9e.<\/p>\n<p>Surface lisse<br \/>\nIl n'adh\u00e8re pas facilement aux mat\u00e9riaux, ce qui facilite le nettoyage apr\u00e8s utilisation. Il peut \u00eatre r\u00e9utilis\u00e9 plusieurs fois, ce qui r\u00e9duit le co\u00fbt d'utilisation.<\/p>\n<p>Forte capacit\u00e9 d'adaptation<br \/>\nIl peut \u00eatre associ\u00e9 \u00e0 diff\u00e9rents dispositifs de chauffage tels que <a href=\"https:\/\/en.wikipedia.org\/wiki\/Induction_furnace\" target=\"_blank\" rel=\"noopener\">fours \u00e0 induction<\/a> pour r\u00e9pondre aux exigences d'utilisation des diff\u00e9rents sc\u00e9narios.<\/p>\n<h2>Utilisations du creuset en carbone<\/h2>\n<h3>Dans le domaine de la m\u00e9tallurgie<\/h3>\n<p>Vous pouvez l'utiliser pour fondre divers m\u00e9taux et autres m\u00e9taux non ferreux ainsi que divers alliages. Il permet de s'assurer que le m\u00e9tal ne r\u00e9agit pas avec le creuset pendant le processus de fusion. Il garantit \u00e9galement une composition uniforme du m\u00e9tal fondu, ce qui permet d'obtenir des mati\u00e8res premi\u00e8res de haute qualit\u00e9 pour les \u00e9tapes de traitement ult\u00e9rieures. Il est donc particuli\u00e8rement adapt\u00e9 \u00e0 la production \u00e0 petite \u00e9chelle d'alliages sp\u00e9ciaux et de m\u00e9taux pr\u00e9cieux.<\/p>\n<h3>En laboratoire et dans le domaine de la recherche<\/h3>\n<p>Dans la synth\u00e8se des mat\u00e9riaux<br \/>\nVous pouvez l'utiliser pour la pr\u00e9paration \u00e0 haute temp\u00e9rature de mat\u00e9riaux c\u00e9ramiques, de nanomat\u00e9riaux, de mat\u00e9riaux composites, etc.<\/p>\n<p>Dans le traitement des \u00e9chantillons<br \/>\nVous pouvez l'utiliser pour br\u00fbler et incin\u00e9rer des \u00e9chantillons solides afin d'\u00e9liminer les impuret\u00e9s organiques, puis proc\u00e9der \u00e0 l'analyse des composants.<\/p>\n<p>Dans les exp\u00e9riences chimiques<br \/>\nIl peut servir de cuves de r\u00e9action pour effectuer des r\u00e9actions \u00e0 haute temp\u00e9rature en fusion, telles que l'\u00e9lectrolyse des sels fondus et les r\u00e9actions de r\u00e9duction des oxydes m\u00e9talliques. Il offre aux chercheurs un environnement stable pour explorer de nouveaux mat\u00e9riaux et \u00e9tudier les m\u00e9canismes de r\u00e9action.<\/p>\n<h3>Dans l'industrie du verre et de la c\u00e9ramique<\/h3>\n<p>Dans la production de verre optique<br \/>\nSa r\u00e9sistance aux temp\u00e9ratures \u00e9lev\u00e9es et sa faible teneur en impuret\u00e9s garantissent que le verre fondu est exempt de bulles et d'impuret\u00e9s. Il peut donc am\u00e9liorer la transmission de la lumi\u00e8re et les performances optiques du verre optique.<\/p>\n<p>Dans l'industrie de la c\u00e9ramique<br \/>\nVous pouvez l'utiliser pour la cuisson de p\u00e2tes c\u00e9ramiques sp\u00e9ciales ou pour la fusion d'\u00e9maux c\u00e9ramiques. Il permet de contr\u00f4ler la temp\u00e9rature avec pr\u00e9cision, ce qui garantit la qualit\u00e9 de la texture et de l'aspect des produits c\u00e9ramiques.<\/p>\n<h3>Dans l'industrie \u00e9lectronique et des semi-conducteurs<\/h3>\n<p><br class=\"yoast-text-mark\" \/>Dans la production de mat\u00e9riaux semi-conducteurs<br \/>\nVous pouvez l'utiliser pour le pr\u00e9traitement des monocristaux de semi-conducteurs avant leur extraction et pour \u00e9liminer les impuret\u00e9s qu'ils contiennent.<\/p>\n<p>Dans la fabrication de composants \u00e9lectroniques<br \/>\nVous pouvez l'utiliser pour le traitement thermique des composants \u00e9lectroniques en c\u00e9ramique tels que les condensateurs et les inducteurs en c\u00e9ramique. Vous pouvez \u00e9galement utiliser <a href=\"https:\/\/jinsuncarbon.com\/fr\/produit-2\/creuset-en-graphite\/\">creuset en carbone<\/a> pour la fusion et la purification de mat\u00e9riaux d'\u00e9lectrodes m\u00e9talliques tels que le tungst\u00e8ne et le molybd\u00e8ne. Il peut garantir la stabilit\u00e9 des performances des composants \u00e9lectroniques et soutenir leur production.<\/p>","protected":false},"excerpt":{"rendered":"<p>Le creuset en carbone est un r\u00e9cipient r\u00e9sistant aux temp\u00e9ratures \u00e9lev\u00e9es, fabriqu\u00e9 \u00e0 partir de mat\u00e9riaux en carbone de grande puret\u00e9, \u00e9galement appel\u00e9 creuset en fusion \u00e0 haute temp\u00e9rature. Gr\u00e2ce \u00e0 son excellente r\u00e9sistance aux temp\u00e9ratures \u00e9lev\u00e9es, \u00e0 sa stabilit\u00e9 chimique et \u00e0 sa conductivit\u00e9 thermique, il est tr\u00e8s performant dans les domaines industriels modernes. Vous pouvez l'utiliser dans la m\u00e9tallurgie, la recherche scientifique et le traitement des mat\u00e9riaux, car c'est un ustensile solide et durable. Il convient parfaitement aux sc\u00e9narios exigeants tels que la fusion \u00e0 haute temp\u00e9rature et les r\u00e9actions de chauffage.<\/p>","protected":false},"featured_media":8070,"template":"","meta":[],"product_brand":[],"product_cat":[38],"product_tag":[],"class_list":{"0":"post-8067","1":"product","2":"type-product","3":"status-publish","4":"has-post-thumbnail","6":"product_cat-graphite-products","8":"first","9":"instock","10":"shipping-taxable","11":"product-type-simple"},"yoast_head":"<!-- This site is optimized with the Yoast SEO Premium plugin v19.2.1 (Yoast SEO v25.3) - https:\/\/yoast.com\/wordpress\/plugins\/seo\/ -->\n<title>Carbon Crucible Manufacturer in China | Jinsun Carbon<\/title>\n<meta name=\"robots\" content=\"index, follow, max-snippet:-1, max-image-preview:large, max-video-preview:-1\" \/>\n<link rel=\"canonical\" href=\"https:\/\/jinsuncarbon.com\/fr\/produit-2\/creuset-en-carbone\/\" \/>\n<meta property=\"og:locale\" content=\"fr_FR\" \/>\n<meta property=\"og:type\" content=\"article\" \/>\n<meta property=\"og:title\" content=\"Carbon Crucible\" \/>\n<meta property=\"og:description\" content=\"The carbon crucible is a high-temperature-resistant container made from high-purity carbon materials, which is also called a high-temperature molten crucible. With the excellent high-temperature resistance, chemical stability and thermal conductivity, it performs outstandingly in modern industrial fields. You can use it in metallurgy, scientific research and material processing, because it is a strong and durable utensil. And it is highly suitable for demanding scenarios such as high-temperature melting and heating reactions.\" \/>\n<meta property=\"og:url\" content=\"https:\/\/jinsuncarbon.com\/fr\/produit-2\/creuset-en-carbone\/\" \/>\n<meta property=\"og:site_name\" content=\"Jinsun Carbon\" \/>\n<meta property=\"article:publisher\" content=\"https:\/\/www.facebook.com\/Graphite-Electrode-109336238661595\" \/>\n<meta property=\"article:modified_time\" content=\"2025-09-20T02:43:18+00:00\" \/>\n<meta property=\"og:image\" content=\"https:\/\/jinsuncarbon.com\/wp-content\/uploads\/2025\/09\/Carbon-Crucible.jpg\" \/>\n\t<meta property=\"og:image:width\" content=\"1024\" \/>\n\t<meta property=\"og:image:height\" content=\"763\" \/>\n\t<meta property=\"og:image:type\" content=\"image\/jpeg\" \/>\n<meta name=\"twitter:card\" content=\"summary_large_image\" \/>\n<meta name=\"twitter:site\" content=\"@jinsuncarbon_\" \/>\n<meta name=\"twitter:label1\" content=\"Dur\u00e9e de lecture estim\u00e9e\" \/>\n\t<meta name=\"twitter:data1\" content=\"3 minutes\" \/>\n<script type=\"application\/ld+json\" class=\"yoast-schema-graph\">{\"@context\":\"https:\/\/schema.org\",\"@graph\":[{\"@type\":\"WebPage\",\"@id\":\"https:\/\/jinsuncarbon.com\/product\/carbon-crucible\/\",\"url\":\"https:\/\/jinsuncarbon.com\/product\/carbon-crucible\/\",\"name\":\"Carbon Crucible Manufacturer in China | Jinsun Carbon\",\"isPartOf\":{\"@id\":\"https:\/\/jinsuncarbon.com\/#website\"},\"primaryImageOfPage\":{\"@id\":\"https:\/\/jinsuncarbon.com\/product\/carbon-crucible\/#primaryimage\"},\"image\":{\"@id\":\"https:\/\/jinsuncarbon.com\/product\/carbon-crucible\/#primaryimage\"},\"thumbnailUrl\":\"https:\/\/jinsuncarbon.com\/wp-content\/uploads\/2025\/09\/Carbon-Crucible.jpg\",\"datePublished\":\"2025-09-20T02:43:17+00:00\",\"dateModified\":\"2025-09-20T02:43:18+00:00\",\"breadcrumb\":{\"@id\":\"https:\/\/jinsuncarbon.com\/product\/carbon-crucible\/#breadcrumb\"},\"inLanguage\":\"fr-FR\",\"potentialAction\":[{\"@type\":\"ReadAction\",\"target\":[\"https:\/\/jinsuncarbon.com\/product\/carbon-crucible\/\"]}]},{\"@type\":\"ImageObject\",\"inLanguage\":\"fr-FR\",\"@id\":\"https:\/\/jinsuncarbon.com\/product\/carbon-crucible\/#primaryimage\",\"url\":\"https:\/\/jinsuncarbon.com\/wp-content\/uploads\/2025\/09\/Carbon-Crucible.jpg\",\"contentUrl\":\"https:\/\/jinsuncarbon.com\/wp-content\/uploads\/2025\/09\/Carbon-Crucible.jpg\",\"width\":1024,\"height\":763,\"caption\":\"Carbon Crucible\"},{\"@type\":\"BreadcrumbList\",\"@id\":\"https:\/\/jinsuncarbon.com\/product\/carbon-crucible\/#breadcrumb\",\"itemListElement\":[{\"@type\":\"ListItem\",\"position\":1,\"name\":\"Home\",\"item\":\"https:\/\/jinsuncarbon.com\/\"},{\"@type\":\"ListItem\",\"position\":2,\"name\":\"Products\",\"item\":\"https:\/\/jinsuncarbon.com\/graphite-carbon\/\"},{\"@type\":\"ListItem\",\"position\":3,\"name\":\"Carbon Crucible\"}]},{\"@type\":\"WebSite\",\"@id\":\"https:\/\/jinsuncarbon.com\/#website\",\"url\":\"https:\/\/jinsuncarbon.com\/\",\"name\":\"Jinsun Carbon\",\"description\":\"We are the successful graphite electrode manufacturer in China\",\"publisher\":{\"@id\":\"https:\/\/jinsuncarbon.com\/#organization\"},\"potentialAction\":[{\"@type\":\"SearchAction\",\"target\":{\"@type\":\"EntryPoint\",\"urlTemplate\":\"https:\/\/jinsuncarbon.com\/?s={search_term_string}\"},\"query-input\":{\"@type\":\"PropertyValueSpecification\",\"valueRequired\":true,\"valueName\":\"search_term_string\"}}],\"inLanguage\":\"fr-FR\"},{\"@type\":\"Organization\",\"@id\":\"https:\/\/jinsuncarbon.com\/#organization\",\"name\":\"Jinsun Carbon\",\"alternateName\":\"Jinsun Carbon\",\"url\":\"https:\/\/jinsuncarbon.com\/\",\"logo\":{\"@type\":\"ImageObject\",\"inLanguage\":\"fr-FR\",\"@id\":\"https:\/\/jinsuncarbon.com\/#\/schema\/logo\/image\/\",\"url\":\"https:\/\/jinsuncarbon.com\/wp-content\/uploads\/2022\/12\/LOGO-1.png\",\"contentUrl\":\"https:\/\/jinsuncarbon.com\/wp-content\/uploads\/2022\/12\/LOGO-1.png\",\"width\":207,\"height\":80,\"caption\":\"Jinsun Carbon\"},\"image\":{\"@id\":\"https:\/\/jinsuncarbon.com\/#\/schema\/logo\/image\/\"},\"sameAs\":[\"https:\/\/www.facebook.com\/Graphite-Electrode-109336238661595\",\"https:\/\/x.com\/jinsuncarbon_\",\"https:\/\/www.linkedin.com\/in\/jinsungraphite\",\"https:\/\/www.youtube.com\/channel\/UCysDNyvyR5-3cCWEmpkVC0g\"]}]}<\/script>\n<!-- \/ Yoast SEO Premium plugin. -->","yoast_head_json":{"title":"Fabricant de creusets en carbone en Chine | Jinsun Carbon","robots":{"index":"index","follow":"follow","max-snippet":"max-snippet:-1","max-image-preview":"max-image-preview:large","max-video-preview":"max-video-preview:-1"},"canonical":"https:\/\/jinsuncarbon.com\/fr\/produit-2\/creuset-en-carbone\/","og_locale":"fr_FR","og_type":"article","og_title":"Carbon Crucible","og_description":"The carbon crucible is a high-temperature-resistant container made from high-purity carbon materials, which is also called a high-temperature molten crucible. With the excellent high-temperature resistance, chemical stability and thermal conductivity, it performs outstandingly in modern industrial fields. You can use it in metallurgy, scientific research and material processing, because it is a strong and durable utensil. And it is highly suitable for demanding scenarios such as high-temperature melting and heating reactions.","og_url":"https:\/\/jinsuncarbon.com\/fr\/produit-2\/creuset-en-carbone\/","og_site_name":"Jinsun Carbon","article_publisher":"https:\/\/www.facebook.com\/Graphite-Electrode-109336238661595","article_modified_time":"2025-09-20T02:43:18+00:00","og_image":[{"width":1024,"height":763,"url":"https:\/\/jinsuncarbon.com\/wp-content\/uploads\/2025\/09\/Carbon-Crucible.jpg","type":"image\/jpeg"}],"twitter_card":"summary_large_image","twitter_site":"@jinsuncarbon_","twitter_misc":{"Dur\u00e9e de lecture estim\u00e9e":"3 minutes"},"schema":{"@context":"https:\/\/schema.org","@graph":[{"@type":"WebPage","@id":"https:\/\/jinsuncarbon.com\/product\/carbon-crucible\/","url":"https:\/\/jinsuncarbon.com\/product\/carbon-crucible\/","name":"Fabricant de creusets en carbone en Chine | Jinsun Carbon","isPartOf":{"@id":"https:\/\/jinsuncarbon.com\/#website"},"primaryImageOfPage":{"@id":"https:\/\/jinsuncarbon.com\/product\/carbon-crucible\/#primaryimage"},"image":{"@id":"https:\/\/jinsuncarbon.com\/product\/carbon-crucible\/#primaryimage"},"thumbnailUrl":"https:\/\/jinsuncarbon.com\/wp-content\/uploads\/2025\/09\/Carbon-Crucible.jpg","datePublished":"2025-09-20T02:43:17+00:00","dateModified":"2025-09-20T02:43:18+00:00","breadcrumb":{"@id":"https:\/\/jinsuncarbon.com\/product\/carbon-crucible\/#breadcrumb"},"inLanguage":"fr-FR","potentialAction":[{"@type":"ReadAction","target":["https:\/\/jinsuncarbon.com\/product\/carbon-crucible\/"]}]},{"@type":"ImageObject","inLanguage":"fr-FR","@id":"https:\/\/jinsuncarbon.com\/product\/carbon-crucible\/#primaryimage","url":"https:\/\/jinsuncarbon.com\/wp-content\/uploads\/2025\/09\/Carbon-Crucible.jpg","contentUrl":"https:\/\/jinsuncarbon.com\/wp-content\/uploads\/2025\/09\/Carbon-Crucible.jpg","width":1024,"height":763,"caption":"Carbon Crucible"},{"@type":"BreadcrumbList","@id":"https:\/\/jinsuncarbon.com\/product\/carbon-crucible\/#breadcrumb","itemListElement":[{"@type":"ListItem","position":1,"name":"Home","item":"https:\/\/jinsuncarbon.com\/"},{"@type":"ListItem","position":2,"name":"Products","item":"https:\/\/jinsuncarbon.com\/graphite-carbon\/"},{"@type":"ListItem","position":3,"name":"Carbon Crucible"}]},{"@type":"WebSite","@id":"https:\/\/jinsuncarbon.com\/#website","url":"https:\/\/jinsuncarbon.com\/","name":"Jinsun Carbon","description":"Nous sommes le fabricant d'\u00e9lectrodes en graphite le plus performant de Chine.","publisher":{"@id":"https:\/\/jinsuncarbon.com\/#organization"},"potentialAction":[{"@type":"SearchAction","target":{"@type":"EntryPoint","urlTemplate":"https:\/\/jinsuncarbon.com\/?s={search_term_string}"},"query-input":{"@type":"PropertyValueSpecification","valueRequired":true,"valueName":"search_term_string"}}],"inLanguage":"fr-FR"},{"@type":"Organization","@id":"https:\/\/jinsuncarbon.com\/#organization","name":"Jinsun Carbon","alternateName":"Jinsun Carbon","url":"https:\/\/jinsuncarbon.com\/","logo":{"@type":"ImageObject","inLanguage":"fr-FR","@id":"https:\/\/jinsuncarbon.com\/#\/schema\/logo\/image\/","url":"https:\/\/jinsuncarbon.com\/wp-content\/uploads\/2022\/12\/LOGO-1.png","contentUrl":"https:\/\/jinsuncarbon.com\/wp-content\/uploads\/2022\/12\/LOGO-1.png","width":207,"height":80,"caption":"Jinsun Carbon"},"image":{"@id":"https:\/\/jinsuncarbon.com\/#\/schema\/logo\/image\/"},"sameAs":["https:\/\/www.facebook.com\/Graphite-Electrode-109336238661595","https:\/\/x.com\/jinsuncarbon_","https:\/\/www.linkedin.com\/in\/jinsungraphite","https:\/\/www.youtube.com\/channel\/UCysDNyvyR5-3cCWEmpkVC0g"]}]}},"_links":{"self":[{"href":"https:\/\/jinsuncarbon.com\/fr\/wp-json\/wp\/v2\/product\/8067","targetHints":{"allow":["GET"]}}],"collection":[{"href":"https:\/\/jinsuncarbon.com\/fr\/wp-json\/wp\/v2\/product"}],"about":[{"href":"https:\/\/jinsuncarbon.com\/fr\/wp-json\/wp\/v2\/types\/product"}],"wp:featuredmedia":[{"embeddable":true,"href":"https:\/\/jinsuncarbon.com\/fr\/wp-json\/wp\/v2\/media\/8070"}],"wp:attachment":[{"href":"https:\/\/jinsuncarbon.com\/fr\/wp-json\/wp\/v2\/media?parent=8067"}],"wp:term":[{"taxonomy":"product_brand","embeddable":true,"href":"https:\/\/jinsuncarbon.com\/fr\/wp-json\/wp\/v2\/product_brand?post=8067"},{"taxonomy":"product_cat","embeddable":true,"href":"https:\/\/jinsuncarbon.com\/fr\/wp-json\/wp\/v2\/product_cat?post=8067"},{"taxonomy":"product_tag","embeddable":true,"href":"https:\/\/jinsuncarbon.com\/fr\/wp-json\/wp\/v2\/product_tag?post=8067"}],"curies":[{"name":"wp","href":"https:\/\/api.w.org\/{rel}","templated":true}]}}