{"id":8063,"date":"2025-09-23T01:17:40","date_gmt":"2025-09-23T01:17:40","guid":{"rendered":"https:\/\/jinsuncarbon.com\/?post_type=product&#038;p=8063"},"modified":"2025-09-23T01:17:41","modified_gmt":"2025-09-23T01:17:41","slug":"nanotube-de-carbone","status":"publish","type":"product","link":"https:\/\/jinsuncarbon.com\/fr\/produit-2\/nanotube-de-carbone\/","title":{"rendered":"Nanotube de carbone"},"content":{"rendered":"<h2>Avantages du nanotube de carbone<\/h2>\n<p>Les nanotubes de carbone se pr\u00e9sentent sous diff\u00e9rentes formes et peuvent \u00eatre transform\u00e9s en poudres, en films ou en mat\u00e9riaux composites, et leurs avantages sont extr\u00eamement remarquables.<\/p>\n<p><strong><b>E<\/b><\/strong><strong><b>Propri\u00e9t\u00e9s m\u00e9caniques extr\u00eamement solides<\/b><\/strong><\/p>\n<p>Sa r\u00e9sistance \u00e0 la traction est plus de 100 fois sup\u00e9rieure \u00e0 celle de l'acier, et son poids ne repr\u00e9sente que 1\/6 de celui de l'acier. Ces caract\u00e9ristiques en font un choix id\u00e9al pour les mat\u00e9riaux structurels l\u00e9gers.<\/p>\n<p>&nbsp;<\/p>\n<p><strong><b>O<\/b><\/strong><strong><b>e comprendre la conductivit\u00e9 \u00e9lectrique<\/b><\/strong><\/p>\n<p>Il est comparable \u00e0 celui du m\u00e9tal cuivre, et certains types poss\u00e8dent m\u00eame des propri\u00e9t\u00e9s semi-conductrices, adapt\u00e9es \u00e0 diff\u00e9rents dispositifs \u00e9lectroniques.<\/p>\n<p>&nbsp;<\/p>\n<p><strong><b>Haut<\/b><\/strong><strong><b>\u00a0conductivit\u00e9 thermique<\/b><\/strong><\/p>\n<p>Il d\u00e9passe de loin celui des mat\u00e9riaux thermoconducteurs traditionnels, ce qui permet un transfert de chaleur rapide et une distribution uniforme.<\/p>\n<p>&nbsp;<\/p>\n<p><strong><b>E<\/b><\/strong><strong><b>xcellente stabilit\u00e9 chimique<\/b><\/strong><\/p>\n<p>Il reste stable dans les environnements acides et alcalins et \u00e0 des temp\u00e9ratures \u00e9lev\u00e9es. Certains types peuvent r\u00e9sister \u00e0 des temp\u00e9ratures sup\u00e9rieures \u00e0 1000\u00b0C.<\/p>\n<p>&nbsp;<\/p>\n<p><strong><b>U<\/b><\/strong><strong><b>nique structure creuse<\/b><\/strong><\/p>\n<p>Vous pouvez l'utiliser pour charger des m\u00e9dicaments, des catalyseurs, etc., ce qui offre une tr\u00e8s grande flexibilit\u00e9 dans les applications fonctionnelles.<\/p>\n<p>&nbsp;<\/p>\n<h2>Types de nanotubes de carbone<\/h2>\n<p><strong><b>Selon le nombre de couches de la paroi<\/b><\/strong><\/p>\n<p><strong><b>S<\/b><\/strong><strong><b>nanotube de carbone \u00e0 paroi unique<\/b><\/strong><\/p>\n<p>Il est compos\u00e9 d'une seule couche de tubes atomiques de carbone et son diam\u00e8tre varie g\u00e9n\u00e9ralement de 0,4 \u00e0 2 nanom\u00e8tres. Il poss\u00e8de des propri\u00e9t\u00e9s \u00e9lectroniques pures, qui conviennent aux dispositifs \u00e9lectroniques de haute pr\u00e9cision, aux nanocapteurs et \u00e0 d'autres sc\u00e9narios.<\/p>\n<p>&nbsp;<\/p>\n<p><strong><b>M<\/b><\/strong><strong><b>nanotube de carbone \u00e0 parois multiples<\/b><\/strong><\/p>\n<p>Il est form\u00e9 par l'embo\u00eetement coaxial de multiples couches de tubes atomiques de carbone, dont le diam\u00e8tre varie g\u00e9n\u00e9ralement de 2 \u00e0 100 nanom\u00e8tres. Son co\u00fbt est relativement faible et il pr\u00e9sente une meilleure r\u00e9sistance m\u00e9canique. Il convient donc aux sc\u00e9narios industriels tels que <a href=\"https:\/\/jinsuncarbon.com\/fr\/le-graphite-est-il-un-materiau-composite\/\">mat\u00e9riau composite<\/a> le renforcement et les rev\u00eatements conducteurs.<\/p>\n<p>&nbsp;<\/p>\n<h2>Utilisations des nanotubes de carbone<\/h2>\n<p><strong><b>Dans le domaine de l'\u00e9lectronique<\/b><\/strong><\/p>\n<p>Vous pouvez l'utiliser pour fabriquer les \u00e9lectrodes conductrices des \u00e9crans flexibles. Sa haute conductivit\u00e9 et sa flexibilit\u00e9 sont bien adapt\u00e9es pour r\u00e9pondre aux exigences du pliage des \u00e9crans.<\/p>\n<p>&nbsp;<\/p>\n<p>Vous pouvez \u00e9galement l'utiliser pour cr\u00e9er des <a href=\"https:\/\/en.wikipedia.org\/wiki\/Transistor\" target=\"_blank\" rel=\"noopener\">transistors<\/a>La nouvelle technologie de l'information et de la communication (TIC) permet de d\u00e9passer les limites de performance des dispositifs traditionnels \u00e0 base de silicium et de faciliter la miniaturisation des puces.<\/p>\n<p>&nbsp;<\/p>\n<p><strong><b>Dans le champ \u00e9nerg\u00e9tique<\/b><\/strong><\/p>\n<p>L'ajout de nanotubes de carbone aux batteries au lithium permet d'am\u00e9liorer la conductivit\u00e9 et la stabilit\u00e9 structurelle des \u00e9lectrodes. Il peut \u00e9galement prolonger la dur\u00e9e de vie de la batterie et am\u00e9liorer les performances de charge rapide.<\/p>\n<p>&nbsp;<\/p>\n<p>En l'utilisant dans les super condensateurs, sa surface sp\u00e9cifique \u00e9lev\u00e9e peut augmenter la capacit\u00e9 de stockage de l'\u00e9nergie, ce qui permet une charge et une d\u00e9charge rapides.<\/p>\n<p><strong><b>\u00a0<\/b><\/strong><\/p>\n<p><strong><b>Dans le domaine de la biom\u00e9decine<\/b><\/strong><\/p>\n<p>En chargeant des m\u00e9dicaments anticanc\u00e9reux dans la structure creuse, il est possible de cibler pr\u00e9cis\u00e9ment les cellules tumorales. Les dommages caus\u00e9s aux tissus normaux par les m\u00e9dicaments sont ainsi r\u00e9duits au minimum.<\/p>\n<p>&nbsp;<\/p>\n<p>On peut \u00e9galement en faire des biocapteurs, capables de d\u00e9tecter rapidement des marqueurs \u00e0 l'\u00e9tat de traces dans le sang, ce qui facilite le diagnostic pr\u00e9coce des maladies.<\/p>\n<p>&nbsp;<\/p>\n<p><strong><b>Dans le domaine des mat\u00e9riaux composites<\/b><\/strong><\/p>\n<p>Vous pouvez l'incorporer dans des plastiques, des m\u00e9taux ou des c\u00e9ramiques pour produire des composants a\u00e9rospatiaux l\u00e9gers et tr\u00e8s r\u00e9sistants, ainsi que des pi\u00e8ces structurelles automobiles. Les mat\u00e9riaux composites utilis\u00e9s dans les ailes d'avion, par exemple, permettent non seulement de r\u00e9duire le poids, mais aussi d'am\u00e9liorer les performances en mati\u00e8re de s\u00e9curit\u00e9.<\/p>\n<p>&nbsp;<\/p>\n<p>Vous pouvez \u00e9galement l'utiliser pour fabriquer des mat\u00e9riaux pare-balles, dont la r\u00e9sistance ultra-haute permet de r\u00e9sister efficacement aux impacts.<\/p>","protected":false},"excerpt":{"rendered":"<p>Le nanotube de carbone est un type de nanomat\u00e9riau tubulaire form\u00e9 par l'enroulement d'atomes de carbone dans une structure de grille hexagonale. Son diam\u00e8tre n'est g\u00e9n\u00e9ralement que de quelques nanom\u00e8tres \u00e0 quelques dizaines de nanom\u00e8tres, tandis que sa longueur peut atteindre des microm\u00e8tres, voire des millim\u00e8tres. Sa r\u00e9sistance m\u00e9canique d\u00e9passe de loin celle des mat\u00e9riaux traditionnels, sa conductivit\u00e9 \u00e9lectrique et thermique est excellente et sa structure creuse unidimensionnelle est unique. Ces caract\u00e9ristiques lui conf\u00e8rent un grand potentiel dans les industries haut de gamme, les nouvelles \u00e9nergies, la biom\u00e9decine et d'autres domaines, et lui permettent de r\u00e9pondre aux exigences techniques de divers sc\u00e9narios haut de gamme.<\/p>","protected":false},"featured_media":8079,"template":"","meta":[],"product_brand":[],"product_cat":[39],"product_tag":[],"class_list":{"0":"post-8063","1":"product","2":"type-product","3":"status-publish","4":"has-post-thumbnail","6":"product_cat-carbon-products","8":"first","9":"instock","10":"shipping-taxable","11":"product-type-simple"},"yoast_head":"<!-- This site is optimized with the Yoast SEO Premium plugin v19.2.1 (Yoast SEO v25.3) - https:\/\/yoast.com\/wordpress\/plugins\/seo\/ -->\n<title>Carbon Nanotube Supplier in China | Jinsun Carbon<\/title>\n<meta name=\"robots\" content=\"index, follow, max-snippet:-1, max-image-preview:large, max-video-preview:-1\" \/>\n<link rel=\"canonical\" href=\"https:\/\/jinsuncarbon.com\/fr\/produit-2\/nanotube-de-carbone\/\" \/>\n<meta property=\"og:locale\" content=\"fr_FR\" \/>\n<meta property=\"og:type\" content=\"article\" \/>\n<meta property=\"og:title\" content=\"Carbon Nanotube\" \/>\n<meta property=\"og:description\" content=\"Carbon nanotube\u00a0is\u00a0a type of tubular nanomaterial formed by curling carbon atoms into a hexagonal grid structure. Its\u00a0diameters are usually only a few nanometers to several tens of nanometers, while its\u00a0lengths can reach micrometers or even millimeters. It has\u00a0mechanical strength far exceeding that of traditional materials, excellent electrical and thermal conductivity, and unique one-dimensional hollow structure. These make it\u00a0have shown great potential in high-end industries, new energy, biomedicine and other fields,\u00a0meeting\u00a0the technical requirements of various high-end scenarios.\" \/>\n<meta property=\"og:url\" content=\"https:\/\/jinsuncarbon.com\/fr\/produit-2\/nanotube-de-carbone\/\" \/>\n<meta property=\"og:site_name\" content=\"Jinsun Carbon\" \/>\n<meta property=\"article:publisher\" content=\"https:\/\/www.facebook.com\/Graphite-Electrode-109336238661595\" \/>\n<meta property=\"article:modified_time\" content=\"2025-09-23T01:17:41+00:00\" \/>\n<meta property=\"og:image\" content=\"https:\/\/jinsuncarbon.com\/wp-content\/uploads\/2025\/09\/Carbon-Nanotube.jpg\" \/>\n\t<meta property=\"og:image:width\" content=\"1024\" \/>\n\t<meta property=\"og:image:height\" content=\"763\" \/>\n\t<meta property=\"og:image:type\" content=\"image\/jpeg\" \/>\n<meta name=\"twitter:card\" content=\"summary_large_image\" \/>\n<meta name=\"twitter:site\" content=\"@jinsuncarbon_\" \/>\n<meta name=\"twitter:label1\" content=\"Dur\u00e9e de lecture estim\u00e9e\" \/>\n\t<meta name=\"twitter:data1\" content=\"3 minutes\" \/>\n<script type=\"application\/ld+json\" class=\"yoast-schema-graph\">{\"@context\":\"https:\/\/schema.org\",\"@graph\":[{\"@type\":\"WebPage\",\"@id\":\"https:\/\/jinsuncarbon.com\/product\/carbon-nanotube\/\",\"url\":\"https:\/\/jinsuncarbon.com\/product\/carbon-nanotube\/\",\"name\":\"Carbon Nanotube Supplier in China | Jinsun Carbon\",\"isPartOf\":{\"@id\":\"https:\/\/jinsuncarbon.com\/#website\"},\"primaryImageOfPage\":{\"@id\":\"https:\/\/jinsuncarbon.com\/product\/carbon-nanotube\/#primaryimage\"},\"image\":{\"@id\":\"https:\/\/jinsuncarbon.com\/product\/carbon-nanotube\/#primaryimage\"},\"thumbnailUrl\":\"https:\/\/jinsuncarbon.com\/wp-content\/uploads\/2025\/09\/Carbon-Nanotube.jpg\",\"datePublished\":\"2025-09-23T01:17:40+00:00\",\"dateModified\":\"2025-09-23T01:17:41+00:00\",\"breadcrumb\":{\"@id\":\"https:\/\/jinsuncarbon.com\/product\/carbon-nanotube\/#breadcrumb\"},\"inLanguage\":\"fr-FR\",\"potentialAction\":[{\"@type\":\"ReadAction\",\"target\":[\"https:\/\/jinsuncarbon.com\/product\/carbon-nanotube\/\"]}]},{\"@type\":\"ImageObject\",\"inLanguage\":\"fr-FR\",\"@id\":\"https:\/\/jinsuncarbon.com\/product\/carbon-nanotube\/#primaryimage\",\"url\":\"https:\/\/jinsuncarbon.com\/wp-content\/uploads\/2025\/09\/Carbon-Nanotube.jpg\",\"contentUrl\":\"https:\/\/jinsuncarbon.com\/wp-content\/uploads\/2025\/09\/Carbon-Nanotube.jpg\",\"width\":1024,\"height\":763,\"caption\":\"Carbon Nanotube\"},{\"@type\":\"BreadcrumbList\",\"@id\":\"https:\/\/jinsuncarbon.com\/product\/carbon-nanotube\/#breadcrumb\",\"itemListElement\":[{\"@type\":\"ListItem\",\"position\":1,\"name\":\"Home\",\"item\":\"https:\/\/jinsuncarbon.com\/\"},{\"@type\":\"ListItem\",\"position\":2,\"name\":\"Products\",\"item\":\"https:\/\/jinsuncarbon.com\/graphite-carbon\/\"},{\"@type\":\"ListItem\",\"position\":3,\"name\":\"Carbon Nanotube\"}]},{\"@type\":\"WebSite\",\"@id\":\"https:\/\/jinsuncarbon.com\/#website\",\"url\":\"https:\/\/jinsuncarbon.com\/\",\"name\":\"Jinsun Carbon\",\"description\":\"We are the successful graphite electrode manufacturer in China\",\"publisher\":{\"@id\":\"https:\/\/jinsuncarbon.com\/#organization\"},\"potentialAction\":[{\"@type\":\"SearchAction\",\"target\":{\"@type\":\"EntryPoint\",\"urlTemplate\":\"https:\/\/jinsuncarbon.com\/?s={search_term_string}\"},\"query-input\":{\"@type\":\"PropertyValueSpecification\",\"valueRequired\":true,\"valueName\":\"search_term_string\"}}],\"inLanguage\":\"fr-FR\"},{\"@type\":\"Organization\",\"@id\":\"https:\/\/jinsuncarbon.com\/#organization\",\"name\":\"Jinsun Carbon\",\"alternateName\":\"Jinsun Carbon\",\"url\":\"https:\/\/jinsuncarbon.com\/\",\"logo\":{\"@type\":\"ImageObject\",\"inLanguage\":\"fr-FR\",\"@id\":\"https:\/\/jinsuncarbon.com\/#\/schema\/logo\/image\/\",\"url\":\"https:\/\/jinsuncarbon.com\/wp-content\/uploads\/2022\/12\/LOGO-1.png\",\"contentUrl\":\"https:\/\/jinsuncarbon.com\/wp-content\/uploads\/2022\/12\/LOGO-1.png\",\"width\":207,\"height\":80,\"caption\":\"Jinsun Carbon\"},\"image\":{\"@id\":\"https:\/\/jinsuncarbon.com\/#\/schema\/logo\/image\/\"},\"sameAs\":[\"https:\/\/www.facebook.com\/Graphite-Electrode-109336238661595\",\"https:\/\/x.com\/jinsuncarbon_\",\"https:\/\/www.linkedin.com\/in\/jinsungraphite\",\"https:\/\/www.youtube.com\/channel\/UCysDNyvyR5-3cCWEmpkVC0g\"]}]}<\/script>\n<!-- \/ Yoast SEO Premium plugin. -->","yoast_head_json":{"title":"Fournisseur de nanotubes de carbone en Chine | Jinsun Carbon","robots":{"index":"index","follow":"follow","max-snippet":"max-snippet:-1","max-image-preview":"max-image-preview:large","max-video-preview":"max-video-preview:-1"},"canonical":"https:\/\/jinsuncarbon.com\/fr\/produit-2\/nanotube-de-carbone\/","og_locale":"fr_FR","og_type":"article","og_title":"Carbon Nanotube","og_description":"Carbon nanotube\u00a0is\u00a0a type of tubular nanomaterial formed by curling carbon atoms into a hexagonal grid structure. Its\u00a0diameters are usually only a few nanometers to several tens of nanometers, while its\u00a0lengths can reach micrometers or even millimeters. It has\u00a0mechanical strength far exceeding that of traditional materials, excellent electrical and thermal conductivity, and unique one-dimensional hollow structure. These make it\u00a0have shown great potential in high-end industries, new energy, biomedicine and other fields,\u00a0meeting\u00a0the technical requirements of various high-end scenarios.","og_url":"https:\/\/jinsuncarbon.com\/fr\/produit-2\/nanotube-de-carbone\/","og_site_name":"Jinsun Carbon","article_publisher":"https:\/\/www.facebook.com\/Graphite-Electrode-109336238661595","article_modified_time":"2025-09-23T01:17:41+00:00","og_image":[{"width":1024,"height":763,"url":"https:\/\/jinsuncarbon.com\/wp-content\/uploads\/2025\/09\/Carbon-Nanotube.jpg","type":"image\/jpeg"}],"twitter_card":"summary_large_image","twitter_site":"@jinsuncarbon_","twitter_misc":{"Dur\u00e9e de lecture estim\u00e9e":"3 minutes"},"schema":{"@context":"https:\/\/schema.org","@graph":[{"@type":"WebPage","@id":"https:\/\/jinsuncarbon.com\/product\/carbon-nanotube\/","url":"https:\/\/jinsuncarbon.com\/product\/carbon-nanotube\/","name":"Fournisseur de nanotubes de carbone en Chine | Jinsun Carbon","isPartOf":{"@id":"https:\/\/jinsuncarbon.com\/#website"},"primaryImageOfPage":{"@id":"https:\/\/jinsuncarbon.com\/product\/carbon-nanotube\/#primaryimage"},"image":{"@id":"https:\/\/jinsuncarbon.com\/product\/carbon-nanotube\/#primaryimage"},"thumbnailUrl":"https:\/\/jinsuncarbon.com\/wp-content\/uploads\/2025\/09\/Carbon-Nanotube.jpg","datePublished":"2025-09-23T01:17:40+00:00","dateModified":"2025-09-23T01:17:41+00:00","breadcrumb":{"@id":"https:\/\/jinsuncarbon.com\/product\/carbon-nanotube\/#breadcrumb"},"inLanguage":"fr-FR","potentialAction":[{"@type":"ReadAction","target":["https:\/\/jinsuncarbon.com\/product\/carbon-nanotube\/"]}]},{"@type":"ImageObject","inLanguage":"fr-FR","@id":"https:\/\/jinsuncarbon.com\/product\/carbon-nanotube\/#primaryimage","url":"https:\/\/jinsuncarbon.com\/wp-content\/uploads\/2025\/09\/Carbon-Nanotube.jpg","contentUrl":"https:\/\/jinsuncarbon.com\/wp-content\/uploads\/2025\/09\/Carbon-Nanotube.jpg","width":1024,"height":763,"caption":"Carbon Nanotube"},{"@type":"BreadcrumbList","@id":"https:\/\/jinsuncarbon.com\/product\/carbon-nanotube\/#breadcrumb","itemListElement":[{"@type":"ListItem","position":1,"name":"Home","item":"https:\/\/jinsuncarbon.com\/"},{"@type":"ListItem","position":2,"name":"Products","item":"https:\/\/jinsuncarbon.com\/graphite-carbon\/"},{"@type":"ListItem","position":3,"name":"Carbon Nanotube"}]},{"@type":"WebSite","@id":"https:\/\/jinsuncarbon.com\/#website","url":"https:\/\/jinsuncarbon.com\/","name":"Jinsun Carbon","description":"Nous sommes le fabricant d'\u00e9lectrodes en graphite le plus performant de Chine.","publisher":{"@id":"https:\/\/jinsuncarbon.com\/#organization"},"potentialAction":[{"@type":"SearchAction","target":{"@type":"EntryPoint","urlTemplate":"https:\/\/jinsuncarbon.com\/?s={search_term_string}"},"query-input":{"@type":"PropertyValueSpecification","valueRequired":true,"valueName":"search_term_string"}}],"inLanguage":"fr-FR"},{"@type":"Organization","@id":"https:\/\/jinsuncarbon.com\/#organization","name":"Jinsun Carbon","alternateName":"Jinsun Carbon","url":"https:\/\/jinsuncarbon.com\/","logo":{"@type":"ImageObject","inLanguage":"fr-FR","@id":"https:\/\/jinsuncarbon.com\/#\/schema\/logo\/image\/","url":"https:\/\/jinsuncarbon.com\/wp-content\/uploads\/2022\/12\/LOGO-1.png","contentUrl":"https:\/\/jinsuncarbon.com\/wp-content\/uploads\/2022\/12\/LOGO-1.png","width":207,"height":80,"caption":"Jinsun Carbon"},"image":{"@id":"https:\/\/jinsuncarbon.com\/#\/schema\/logo\/image\/"},"sameAs":["https:\/\/www.facebook.com\/Graphite-Electrode-109336238661595","https:\/\/x.com\/jinsuncarbon_","https:\/\/www.linkedin.com\/in\/jinsungraphite","https:\/\/www.youtube.com\/channel\/UCysDNyvyR5-3cCWEmpkVC0g"]}]}},"_links":{"self":[{"href":"https:\/\/jinsuncarbon.com\/fr\/wp-json\/wp\/v2\/product\/8063","targetHints":{"allow":["GET"]}}],"collection":[{"href":"https:\/\/jinsuncarbon.com\/fr\/wp-json\/wp\/v2\/product"}],"about":[{"href":"https:\/\/jinsuncarbon.com\/fr\/wp-json\/wp\/v2\/types\/product"}],"wp:featuredmedia":[{"embeddable":true,"href":"https:\/\/jinsuncarbon.com\/fr\/wp-json\/wp\/v2\/media\/8079"}],"wp:attachment":[{"href":"https:\/\/jinsuncarbon.com\/fr\/wp-json\/wp\/v2\/media?parent=8063"}],"wp:term":[{"taxonomy":"product_brand","embeddable":true,"href":"https:\/\/jinsuncarbon.com\/fr\/wp-json\/wp\/v2\/product_brand?post=8063"},{"taxonomy":"product_cat","embeddable":true,"href":"https:\/\/jinsuncarbon.com\/fr\/wp-json\/wp\/v2\/product_cat?post=8063"},{"taxonomy":"product_tag","embeddable":true,"href":"https:\/\/jinsuncarbon.com\/fr\/wp-json\/wp\/v2\/product_tag?post=8063"}],"curies":[{"name":"wp","href":"https:\/\/api.w.org\/{rel}","templated":true}]}}