{"id":8057,"date":"2025-09-11T14:18:48","date_gmt":"2025-09-11T14:18:48","guid":{"rendered":"https:\/\/jinsuncarbon.com\/?post_type=product&#038;p=8057"},"modified":"2025-09-11T14:18:48","modified_gmt":"2025-09-11T14:18:48","slug":"plaquettes-de-frein-en-carbone","status":"publish","type":"product","link":"https:\/\/jinsuncarbon.com\/fr\/produit-2\/plaquettes-de-frein-en-carbone\/","title":{"rendered":"Plaquettes de frein en carbone"},"content":{"rendered":"<h2 class=\"ql-align-justify\">Avantages des plaquettes de frein en carbone<\/h2>\n<p class=\"ql-align-justify\"><strong>Tr\u00e8s haute r\u00e9sistance \u00e0 la chaleur<\/strong><\/p>\n<p class=\"ql-align-justify\">Il peut r\u00e9sister \u00e0 des temp\u00e9ratures extr\u00eames allant de 800\u00b0C \u00e0 1200\u00b0C, ce qui garantit la stabilit\u00e9 du freinage.<\/p>\n<p class=\"ql-align-justify\"><strong>Coefficient de frottement stable<\/strong><\/p>\n<p class=\"ql-align-justify\">Dans des conditions de temp\u00e9rature et d'humidit\u00e9 diff\u00e9rentes, la fluctuation du coefficient de friction est faible. Il peut toujours fournir une force de freinage uniforme et contr\u00f4lable, am\u00e9liorant ainsi la s\u00e9curit\u00e9 de la conduite.<\/p>\n<p class=\"ql-align-justify\"><strong>Caract\u00e9ristiques de l\u00e9g\u00e8ret\u00e9<\/strong><\/p>\n<p class=\"ql-align-justify\">Son poids ne repr\u00e9sente que 1\/3 \u00e0 1\/2 de celui des plaquettes de frein m\u00e9talliques traditionnelles, ce qui r\u00e9duit la consommation d'\u00e9nergie du v\u00e9hicule.<\/p>\n<p class=\"ql-align-justify\"><strong>Faible taux d'usure<\/strong><\/p>\n<p class=\"ql-align-justify\">Sa dur\u00e9e de vie est 2 \u00e0 3 fois sup\u00e9rieure \u00e0 celle des plaquettes de frein m\u00e9talliques traditionnelles, ce qui permet de r\u00e9duire la fr\u00e9quence de remplacement.<\/p>\n<p class=\"ql-align-justify\"><strong>Faible niveau de bruit et de poussi\u00e8re<\/strong><\/p>\n<p class=\"ql-align-justify\">Le bruit de frottement lors du freinage avec le disque de frein est faible et il n'y a pratiquement pas de production de poussi\u00e8re m\u00e9tallique.<\/p>\n<p class=\"ql-align-justify\"><strong>Mod\u00e9r\u00e9 <a href=\"https:\/\/jinsuncarbon.com\/fr\/en-savoir-plus-sur-la-conductivite-thermique-du-graphite\/\">conductivit\u00e9 thermique<\/a><\/strong><\/p>\n<p class=\"ql-align-justify\">Il peut emp\u00eacher efficacement la chaleur g\u00e9n\u00e9r\u00e9e par le freinage d'\u00eatre transmise au moyeu et aux pneus, \u00e9vitant ainsi le vieillissement des pneus.<\/p>\n<p>&nbsp;<\/p>\n<h2 class=\"ql-align-justify\">Utilisation des plaquettes de frein en carbone<\/h2>\n<h3 class=\"ql-align-justify\">Dans le domaine de l'automobile civile<\/h3>\n<p class=\"ql-align-justify\"><strong>Dans les voitures particuli\u00e8res<\/strong><\/p>\n<p class=\"ql-align-justify\">Il peut assurer un freinage quotidien en douceur, r\u00e9duire le bruit et la poussi\u00e8re et am\u00e9liorer le confort de conduite.<\/p>\n<p class=\"ql-align-justify\"><strong>Dans les voitures de sport haut de gamme<\/strong><\/p>\n<p class=\"ql-align-justify\">Sa r\u00e9sistance aux temp\u00e9ratures \u00e9lev\u00e9es permet d'assurer le freinage d'urgence continu des voitures de course sur la piste. Il permet \u00e9galement d'\u00e9viter les d\u00e9faillances des freins et d'assurer la s\u00e9curit\u00e9 des op\u00e9rations du pilote de course.<\/p>\n<p class=\"ql-align-justify\"><strong>Dans les v\u00e9hicules \u00e0 \u00e9nergie nouvelle<\/strong><\/p>\n<p class=\"ql-align-justify\">Sa l\u00e9g\u00e8ret\u00e9 permet de r\u00e9duire la consommation d'\u00e9nergie des v\u00e9hicules et de r\u00e9pondre aux exigences de l'Union europ\u00e9enne. <a href=\"https:\/\/en.wikipedia.org\/wiki\/Plug-in_electric_vehicles_in_China\" target=\"_blank\" rel=\"noopener\">v\u00e9hicules \u00e0 \u00e9nergie nouvelle<\/a> pour r\u00e9duire l'autonomie et le poids. En m\u00eame temps, ses performances stables en mati\u00e8re de frottement peuvent correspondre \u00e0 la r\u00e9ponse de freinage instantan\u00e9e dans le cas d'un entra\u00eenement par moteur.<\/p>\n<h3 class=\"ql-align-justify\">Dans le domaine du transport ferroviaire<\/h3>\n<p class=\"ql-align-justify\"><strong>Dans le domaine des trains \u00e0 grande vitesse<\/strong><\/p>\n<p class=\"ql-align-justify\">Les trains \u00e0 grande vitesse circulent \u00e0 une vitesse \u00e9lev\u00e9e, atteignant plus de 300 km par heure. Les plaquettes de frein en carbone peuvent absorber rapidement l'\u00e9nergie cin\u00e9tique lors d'un freinage \u00e0 grande vitesse afin d'\u00e9viter toute d\u00e9faillance due \u00e0 une temp\u00e9rature \u00e9lev\u00e9e.<\/p>\n<p class=\"ql-align-justify\"><strong>Dans les m\u00e9tros<\/strong><\/p>\n<p class=\"ql-align-justify\">Les m\u00e9tros d\u00e9marrant et s'arr\u00eatant fr\u00e9quemment, vous pouvez l'utiliser pour r\u00e9duire la fr\u00e9quence de maintenance et les co\u00fbts d'exploitation gr\u00e2ce \u00e0 ses caract\u00e9ristiques de faible usure.<\/p>\n<p class=\"ql-align-justify\"><strong>Dans les trains de marchandises lourds<\/strong><\/p>\n<p class=\"ql-align-justify\">Leur capacit\u00e9 de charge \u00e9tant \u00e9lev\u00e9e, vous pouvez utiliser les plaquettes de frein en carbone pour assurer la s\u00e9curit\u00e9 du transport. La capacit\u00e9 de charge \u00e9lev\u00e9e et la force de freinage stable des plaquettes de frein en carbone garantissent que le train ne glisse pas.<\/p>\n<h3 class=\"ql-align-justify\">Dans le domaine a\u00e9rospatial<\/h3>\n<p class=\"ql-align-justify\"><strong>Lors de l'atterrissage d'un avion<\/strong><\/p>\n<p class=\"ql-align-justify\">Les plaquettes de frein en carbone peuvent convertir instantan\u00e9ment l'\u00e9nergie cin\u00e9tique \u00e0 grande vitesse de l'avion en force de freinage. Elles peuvent en outre r\u00e9sister \u00e0 des temp\u00e9ratures extr\u00eamement \u00e9lev\u00e9es pour \u00e9viter d'endommager les composants de freinage.<\/p>\n<p class=\"ql-align-justify\"><strong>Dans les grands a\u00e9ronefs sans pilote<\/strong><\/p>\n<p class=\"ql-align-justify\">Les caract\u00e9ristiques de l\u00e9g\u00e8ret\u00e9 et de faible bruit des plaquettes de frein en carbone peuvent s'adapter aux exigences pr\u00e9cises de d\u00e9collage et d'atterrissage des a\u00e9ronefs sans pilote. Elles r\u00e9duisent ainsi l'impact du syst\u00e8me de freinage sur la stabilit\u00e9 du vol de l'a\u00e9ronef sans pilote.<\/p>","protected":false},"excerpt":{"rendered":"<p>Les plaquettes de frein en carbone sont un type de composant de freinage fabriqu\u00e9 \u00e0 partir de mat\u00e9riaux de base tels que les fibres de carbone et le graphite. Elles sont principalement utilis\u00e9es dans les syst\u00e8mes de freinage des automobiles, des outils de transport ferroviaire, des \u00e9quipements a\u00e9rospatiaux, etc. Gr\u00e2ce \u00e0 leur r\u00e9sistance exceptionnelle \u00e0 la haute temp\u00e9rature, \u00e0 leurs performances stables en mati\u00e8re de frottement et \u00e0 leur l\u00e9g\u00e8ret\u00e9, ils peuvent transf\u00e9rer avec pr\u00e9cision la force de freinage dans les sc\u00e9narios de freinage \u00e0 haute r\u00e9sistance. Ils permettent d'\u00e9viter efficacement les d\u00e9faillances de freinage, qui constituent un \u00e9l\u00e9ment cl\u00e9 indispensable des syst\u00e8mes de freinage modernes \u00e0 haute performance. Ils sont particuli\u00e8rement adapt\u00e9s aux applications qui requi\u00e8rent des exigences extr\u00eamement \u00e9lev\u00e9es en mati\u00e8re d'efficacit\u00e9 et de s\u00e9curit\u00e9 du freinage.<\/p>","protected":false},"featured_media":8058,"template":"","meta":[],"product_brand":[],"product_cat":[39],"product_tag":[],"class_list":{"0":"post-8057","1":"product","2":"type-product","3":"status-publish","4":"has-post-thumbnail","6":"product_cat-carbon-products","8":"first","9":"instock","10":"shipping-taxable","11":"product-type-simple"},"yoast_head":"<!-- This site is optimized with the Yoast SEO Premium plugin v19.2.1 (Yoast SEO v25.3) - https:\/\/yoast.com\/wordpress\/plugins\/seo\/ -->\n<title>Carbon Brake Pad | Jinsun Carbon<\/title>\n<meta name=\"robots\" content=\"index, follow, max-snippet:-1, max-image-preview:large, max-video-preview:-1\" \/>\n<link rel=\"canonical\" href=\"https:\/\/jinsuncarbon.com\/fr\/produit-2\/plaquettes-de-frein-en-carbone\/\" \/>\n<meta property=\"og:locale\" content=\"fr_FR\" \/>\n<meta property=\"og:type\" content=\"article\" \/>\n<meta property=\"og:title\" content=\"Carbon Brake Pads\" \/>\n<meta property=\"og:description\" content=\"Carbon brake pads are a type of braking component made from core materials such as carbon fibers and graphite. You can mainly use them in braking systems of automobiles, rail transportation tools, aerospace equipment, etc. Because of the outstanding high-temperature resistance, stable friction performance, and lightweight advantages, they can precisely transfer braking force in high-strength braking scenarios. And effectively avoiding braking failure, which is an indispensable key component in modern high-performance braking systems. And they are particularly suitable for applications with extremely high requirements for braking efficiency and safety.\" \/>\n<meta property=\"og:url\" content=\"https:\/\/jinsuncarbon.com\/fr\/produit-2\/plaquettes-de-frein-en-carbone\/\" \/>\n<meta property=\"og:site_name\" content=\"Jinsun Carbon\" \/>\n<meta property=\"article:publisher\" content=\"https:\/\/www.facebook.com\/Graphite-Electrode-109336238661595\" \/>\n<meta property=\"og:image\" content=\"https:\/\/jinsuncarbon.com\/wp-content\/uploads\/2025\/09\/carbon-brake-pad.jpg\" \/>\n\t<meta property=\"og:image:width\" content=\"1024\" \/>\n\t<meta property=\"og:image:height\" content=\"763\" \/>\n\t<meta property=\"og:image:type\" content=\"image\/jpeg\" \/>\n<meta name=\"twitter:card\" content=\"summary_large_image\" \/>\n<meta name=\"twitter:site\" content=\"@jinsuncarbon_\" \/>\n<meta name=\"twitter:label1\" content=\"Dur\u00e9e de lecture estim\u00e9e\" \/>\n\t<meta name=\"twitter:data1\" content=\"3 minutes\" \/>\n<script type=\"application\/ld+json\" class=\"yoast-schema-graph\">{\"@context\":\"https:\/\/schema.org\",\"@graph\":[{\"@type\":\"WebPage\",\"@id\":\"https:\/\/jinsuncarbon.com\/product\/carbon-brake-pads\/\",\"url\":\"https:\/\/jinsuncarbon.com\/product\/carbon-brake-pads\/\",\"name\":\"Carbon Brake Pad | Jinsun Carbon\",\"isPartOf\":{\"@id\":\"https:\/\/jinsuncarbon.com\/#website\"},\"primaryImageOfPage\":{\"@id\":\"https:\/\/jinsuncarbon.com\/product\/carbon-brake-pads\/#primaryimage\"},\"image\":{\"@id\":\"https:\/\/jinsuncarbon.com\/product\/carbon-brake-pads\/#primaryimage\"},\"thumbnailUrl\":\"https:\/\/jinsuncarbon.com\/wp-content\/uploads\/2025\/09\/carbon-brake-pad.jpg\",\"datePublished\":\"2025-09-11T14:18:48+00:00\",\"breadcrumb\":{\"@id\":\"https:\/\/jinsuncarbon.com\/product\/carbon-brake-pads\/#breadcrumb\"},\"inLanguage\":\"fr-FR\",\"potentialAction\":[{\"@type\":\"ReadAction\",\"target\":[\"https:\/\/jinsuncarbon.com\/product\/carbon-brake-pads\/\"]}]},{\"@type\":\"ImageObject\",\"inLanguage\":\"fr-FR\",\"@id\":\"https:\/\/jinsuncarbon.com\/product\/carbon-brake-pads\/#primaryimage\",\"url\":\"https:\/\/jinsuncarbon.com\/wp-content\/uploads\/2025\/09\/carbon-brake-pad.jpg\",\"contentUrl\":\"https:\/\/jinsuncarbon.com\/wp-content\/uploads\/2025\/09\/carbon-brake-pad.jpg\",\"width\":1024,\"height\":763,\"caption\":\"carbon brake pad\"},{\"@type\":\"BreadcrumbList\",\"@id\":\"https:\/\/jinsuncarbon.com\/product\/carbon-brake-pads\/#breadcrumb\",\"itemListElement\":[{\"@type\":\"ListItem\",\"position\":1,\"name\":\"Home\",\"item\":\"https:\/\/jinsuncarbon.com\/\"},{\"@type\":\"ListItem\",\"position\":2,\"name\":\"Products\",\"item\":\"https:\/\/jinsuncarbon.com\/graphite-carbon\/\"},{\"@type\":\"ListItem\",\"position\":3,\"name\":\"Carbon Brake Pads\"}]},{\"@type\":\"WebSite\",\"@id\":\"https:\/\/jinsuncarbon.com\/#website\",\"url\":\"https:\/\/jinsuncarbon.com\/\",\"name\":\"Jinsun Carbon\",\"description\":\"We are the successful graphite electrode manufacturer in China\",\"publisher\":{\"@id\":\"https:\/\/jinsuncarbon.com\/#organization\"},\"potentialAction\":[{\"@type\":\"SearchAction\",\"target\":{\"@type\":\"EntryPoint\",\"urlTemplate\":\"https:\/\/jinsuncarbon.com\/?s={search_term_string}\"},\"query-input\":{\"@type\":\"PropertyValueSpecification\",\"valueRequired\":true,\"valueName\":\"search_term_string\"}}],\"inLanguage\":\"fr-FR\"},{\"@type\":\"Organization\",\"@id\":\"https:\/\/jinsuncarbon.com\/#organization\",\"name\":\"Jinsun Carbon\",\"alternateName\":\"Jinsun Carbon\",\"url\":\"https:\/\/jinsuncarbon.com\/\",\"logo\":{\"@type\":\"ImageObject\",\"inLanguage\":\"fr-FR\",\"@id\":\"https:\/\/jinsuncarbon.com\/#\/schema\/logo\/image\/\",\"url\":\"https:\/\/jinsuncarbon.com\/wp-content\/uploads\/2022\/12\/LOGO-1.png\",\"contentUrl\":\"https:\/\/jinsuncarbon.com\/wp-content\/uploads\/2022\/12\/LOGO-1.png\",\"width\":207,\"height\":80,\"caption\":\"Jinsun Carbon\"},\"image\":{\"@id\":\"https:\/\/jinsuncarbon.com\/#\/schema\/logo\/image\/\"},\"sameAs\":[\"https:\/\/www.facebook.com\/Graphite-Electrode-109336238661595\",\"https:\/\/x.com\/jinsuncarbon_\",\"https:\/\/www.linkedin.com\/in\/jinsungraphite\",\"https:\/\/www.youtube.com\/channel\/UCysDNyvyR5-3cCWEmpkVC0g\"]}]}<\/script>\n<!-- \/ Yoast SEO Premium plugin. -->","yoast_head_json":{"title":"Plaquettes de frein en carbone | Jinsun Carbon","robots":{"index":"index","follow":"follow","max-snippet":"max-snippet:-1","max-image-preview":"max-image-preview:large","max-video-preview":"max-video-preview:-1"},"canonical":"https:\/\/jinsuncarbon.com\/fr\/produit-2\/plaquettes-de-frein-en-carbone\/","og_locale":"fr_FR","og_type":"article","og_title":"Carbon Brake Pads","og_description":"Carbon brake pads are a type of braking component made from core materials such as carbon fibers and graphite. You can mainly use them in braking systems of automobiles, rail transportation tools, aerospace equipment, etc. Because of the outstanding high-temperature resistance, stable friction performance, and lightweight advantages, they can precisely transfer braking force in high-strength braking scenarios. And effectively avoiding braking failure, which is an indispensable key component in modern high-performance braking systems. And they are particularly suitable for applications with extremely high requirements for braking efficiency and safety.","og_url":"https:\/\/jinsuncarbon.com\/fr\/produit-2\/plaquettes-de-frein-en-carbone\/","og_site_name":"Jinsun Carbon","article_publisher":"https:\/\/www.facebook.com\/Graphite-Electrode-109336238661595","og_image":[{"width":1024,"height":763,"url":"https:\/\/jinsuncarbon.com\/wp-content\/uploads\/2025\/09\/carbon-brake-pad.jpg","type":"image\/jpeg"}],"twitter_card":"summary_large_image","twitter_site":"@jinsuncarbon_","twitter_misc":{"Dur\u00e9e de lecture estim\u00e9e":"3 minutes"},"schema":{"@context":"https:\/\/schema.org","@graph":[{"@type":"WebPage","@id":"https:\/\/jinsuncarbon.com\/product\/carbon-brake-pads\/","url":"https:\/\/jinsuncarbon.com\/product\/carbon-brake-pads\/","name":"Plaquettes de frein en carbone | Jinsun Carbon","isPartOf":{"@id":"https:\/\/jinsuncarbon.com\/#website"},"primaryImageOfPage":{"@id":"https:\/\/jinsuncarbon.com\/product\/carbon-brake-pads\/#primaryimage"},"image":{"@id":"https:\/\/jinsuncarbon.com\/product\/carbon-brake-pads\/#primaryimage"},"thumbnailUrl":"https:\/\/jinsuncarbon.com\/wp-content\/uploads\/2025\/09\/carbon-brake-pad.jpg","datePublished":"2025-09-11T14:18:48+00:00","breadcrumb":{"@id":"https:\/\/jinsuncarbon.com\/product\/carbon-brake-pads\/#breadcrumb"},"inLanguage":"fr-FR","potentialAction":[{"@type":"ReadAction","target":["https:\/\/jinsuncarbon.com\/product\/carbon-brake-pads\/"]}]},{"@type":"ImageObject","inLanguage":"fr-FR","@id":"https:\/\/jinsuncarbon.com\/product\/carbon-brake-pads\/#primaryimage","url":"https:\/\/jinsuncarbon.com\/wp-content\/uploads\/2025\/09\/carbon-brake-pad.jpg","contentUrl":"https:\/\/jinsuncarbon.com\/wp-content\/uploads\/2025\/09\/carbon-brake-pad.jpg","width":1024,"height":763,"caption":"carbon brake pad"},{"@type":"BreadcrumbList","@id":"https:\/\/jinsuncarbon.com\/product\/carbon-brake-pads\/#breadcrumb","itemListElement":[{"@type":"ListItem","position":1,"name":"Home","item":"https:\/\/jinsuncarbon.com\/"},{"@type":"ListItem","position":2,"name":"Products","item":"https:\/\/jinsuncarbon.com\/graphite-carbon\/"},{"@type":"ListItem","position":3,"name":"Carbon Brake Pads"}]},{"@type":"WebSite","@id":"https:\/\/jinsuncarbon.com\/#website","url":"https:\/\/jinsuncarbon.com\/","name":"Jinsun Carbon","description":"Nous sommes le fabricant d'\u00e9lectrodes en graphite le plus performant de Chine.","publisher":{"@id":"https:\/\/jinsuncarbon.com\/#organization"},"potentialAction":[{"@type":"SearchAction","target":{"@type":"EntryPoint","urlTemplate":"https:\/\/jinsuncarbon.com\/?s={search_term_string}"},"query-input":{"@type":"PropertyValueSpecification","valueRequired":true,"valueName":"search_term_string"}}],"inLanguage":"fr-FR"},{"@type":"Organization","@id":"https:\/\/jinsuncarbon.com\/#organization","name":"Jinsun Carbon","alternateName":"Jinsun Carbon","url":"https:\/\/jinsuncarbon.com\/","logo":{"@type":"ImageObject","inLanguage":"fr-FR","@id":"https:\/\/jinsuncarbon.com\/#\/schema\/logo\/image\/","url":"https:\/\/jinsuncarbon.com\/wp-content\/uploads\/2022\/12\/LOGO-1.png","contentUrl":"https:\/\/jinsuncarbon.com\/wp-content\/uploads\/2022\/12\/LOGO-1.png","width":207,"height":80,"caption":"Jinsun Carbon"},"image":{"@id":"https:\/\/jinsuncarbon.com\/#\/schema\/logo\/image\/"},"sameAs":["https:\/\/www.facebook.com\/Graphite-Electrode-109336238661595","https:\/\/x.com\/jinsuncarbon_","https:\/\/www.linkedin.com\/in\/jinsungraphite","https:\/\/www.youtube.com\/channel\/UCysDNyvyR5-3cCWEmpkVC0g"]}]}},"_links":{"self":[{"href":"https:\/\/jinsuncarbon.com\/fr\/wp-json\/wp\/v2\/product\/8057","targetHints":{"allow":["GET"]}}],"collection":[{"href":"https:\/\/jinsuncarbon.com\/fr\/wp-json\/wp\/v2\/product"}],"about":[{"href":"https:\/\/jinsuncarbon.com\/fr\/wp-json\/wp\/v2\/types\/product"}],"wp:featuredmedia":[{"embeddable":true,"href":"https:\/\/jinsuncarbon.com\/fr\/wp-json\/wp\/v2\/media\/8058"}],"wp:attachment":[{"href":"https:\/\/jinsuncarbon.com\/fr\/wp-json\/wp\/v2\/media?parent=8057"}],"wp:term":[{"taxonomy":"product_brand","embeddable":true,"href":"https:\/\/jinsuncarbon.com\/fr\/wp-json\/wp\/v2\/product_brand?post=8057"},{"taxonomy":"product_cat","embeddable":true,"href":"https:\/\/jinsuncarbon.com\/fr\/wp-json\/wp\/v2\/product_cat?post=8057"},{"taxonomy":"product_tag","embeddable":true,"href":"https:\/\/jinsuncarbon.com\/fr\/wp-json\/wp\/v2\/product_tag?post=8057"}],"curies":[{"name":"wp","href":"https:\/\/api.w.org\/{rel}","templated":true}]}}