{"id":8055,"date":"2025-09-11T14:20:03","date_gmt":"2025-09-11T14:20:03","guid":{"rendered":"https:\/\/jinsuncarbon.com\/?post_type=product&#038;p=8055"},"modified":"2025-09-11T14:20:03","modified_gmt":"2025-09-11T14:20:03","slug":"bague-detancheite-en-carbone","status":"publish","type":"product","link":"https:\/\/jinsuncarbon.com\/fr\/produit-2\/bague-detancheite-en-carbone\/","title":{"rendered":"Bague d'\u00e9tanch\u00e9it\u00e9 en carbone"},"content":{"rendered":"<h2 class=\"ql-align-justify\">Avantages de la bague d'\u00e9tanch\u00e9it\u00e9 en carbone<\/h2>\n<p class=\"ql-align-justify\">Elle pr\u00e9sente des avantages consid\u00e9rables, et la forme habituelle de la bague d'\u00e9tanch\u00e9it\u00e9 en carbone est circulaire. Certains sont con\u00e7us dans des structures sp\u00e9ciales telles que des formes en escalier ou en coin en fonction de la conception de la cavit\u00e9 d'\u00e9tanch\u00e9it\u00e9.<\/p>\n<p class=\"ql-align-justify\"><strong>Excellente stabilit\u00e9 thermique<\/strong><\/p>\n<p class=\"ql-align-justify\">Il peut maintenir des performances d'\u00e9tanch\u00e9it\u00e9 stables dans une large gamme de temp\u00e9ratures allant de -150\u00b0C \u00e0 800\u00b0C, certains types \u00e0 haute temp\u00e9rature pouvant atteindre 1200\u00b0C.<\/p>\n<p class=\"ql-align-justify\"><strong>Forte inertie chimique<\/strong><\/p>\n<p class=\"ql-align-justify\">Il peut r\u00e9sister \u00e0 l'\u00e9rosion par la plupart des milieux corrosifs tels que les acides, les alcalis et les solvants organiques.<\/p>\n<p class=\"ql-align-justify\"><strong>Coefficient de frottement extr\u00eamement faible<\/strong><\/p>\n<p class=\"ql-align-justify\">Associ\u00e9 \u00e0 des m\u00e9taux ou \u00e0 des c\u00e9ramiques, il peut assurer une autolubrification \u00e0 long terme, r\u00e9duisant ainsi l'usure des pi\u00e8ces en contact.<\/p>\n<p class=\"ql-align-justify\"><strong>Densit\u00e9 \u00e9lev\u00e9e des mat\u00e9riaux<\/strong><\/p>\n<p class=\"ql-align-justify\">La perm\u00e9abilit\u00e9 aux gaz et aux liquides est faible, ce qui lui conf\u00e8re une excellente pr\u00e9cision d'\u00e9tanch\u00e9it\u00e9.<\/p>\n<p class=\"ql-align-justify\"><strong>Une certaine \u00e9lasticit\u00e9 et une r\u00e9sistance aux chocs<\/strong><\/p>\n<p class=\"ql-align-justify\">Il peut compenser de l\u00e9g\u00e8res vibrations ou des \u00e9carts de coaxialit\u00e9 pendant le fonctionnement de l'\u00e9quipement.<\/p>\n<p class=\"ql-align-justify\"><strong>Conductivit\u00e9 thermique mod\u00e9r\u00e9e<\/strong><\/p>\n<p class=\"ql-align-justify\">Il peut conduire rapidement la chaleur g\u00e9n\u00e9r\u00e9e par le frottement de la surface d'\u00e9tanch\u00e9it\u00e9, \u00e9vitant ainsi la surchauffe locale qui conduit \u00e0 une d\u00e9faillance de l'\u00e9tanch\u00e9it\u00e9.<\/p>\n<h2 class=\"ql-align-justify\">Utilisation de la bague d'\u00e9tanch\u00e9it\u00e9 en carbone<\/h2>\n<p class=\"ql-align-justify\"><strong>Dans le domaine des machines \u00e0 fluides<\/strong><\/p>\n<p class=\"ql-align-justify\">Il est couramment utilis\u00e9 pour les joints d'extr\u00e9mit\u00e9 d'arbre des pompes centrifuges, des pompes \u00e0 vortex et des compresseurs \u00e0 vis. En coop\u00e9rant avec des anneaux mobiles m\u00e9talliques ou des anneaux statiques, il emp\u00eache le liquide ou le gaz \u00e0 l'int\u00e9rieur du corps de la pompe de fuir le long du col de l'arbre. Tels que l'eau, le p\u00e9trole brut, les solutions chimiques et l'air comprim\u00e9, le gaz naturel. Il emp\u00eache \u00e9galement les substances \u00e9trang\u00e8res de p\u00e9n\u00e9trer dans la chambre de la pompe, garantissant ainsi un fonctionnement continu et stable de l'\u00e9quipement.<\/p>\n<p class=\"ql-align-justify\"><strong>Dans le domaine des \u00e9quipements \u00e9lectriques<\/strong><\/p>\n<p class=\"ql-align-justify\">Il peut \u00eatre utilis\u00e9 dans les syst\u00e8mes d'\u00e9tanch\u00e9it\u00e9 des turbines \u00e0 vapeur et des turbines \u00e0 gaz, tels que les joints d'arbre et les joints de membrane des turbines \u00e0 vapeur. Il peut r\u00e9sister \u00e0 l'\u00e9rosion de la vapeur \u00e0 haute temp\u00e9rature et \u00e0 haute pression et am\u00e9liorer l'efficacit\u00e9 thermique de l'unit\u00e9.<\/p>\n<p class=\"ql-align-justify\">Vous pouvez \u00e9galement l'utiliser dans les ailettes d'\u00e9tanch\u00e9it\u00e9 des g\u00e9n\u00e9rateurs pour \u00e9viter les fuites d'hydrog\u00e8ne. Il peut maintenir un environnement inerte \u00e0 l'int\u00e9rieur du g\u00e9n\u00e9rateur.<\/p>\n<p class=\"ql-align-justify\"><strong>Dans les domaines de l'automobile et du transport ferroviaire<\/strong><\/p>\n<p class=\"ql-align-justify\"><a href=\"https:\/\/jinsuncarbon.com\/fr\/produit-2\/anneau-en-graphite\/\">Bague d'\u00e9tanch\u00e9it\u00e9 en carbone<\/a> convient \u00e0 l'\u00e9tanch\u00e9it\u00e9 des pompes \u00e0 eau et des bo\u00eetes de vitesses automobiles, ainsi qu'aux joints d'extr\u00e9mit\u00e9 d'arbre des moteurs de traction des m\u00e9tros et des trains \u00e0 grande vitesse. Pouvant supporter des temp\u00e9ratures \u00e9lev\u00e9es et basses et r\u00e9sister aux vibrations, il peut s'adapter aux conditions de travail complexes lors de l'utilisation des v\u00e9hicules.<\/p>\n<p class=\"ql-align-justify\"><strong>Dans le domaine des machines de pr\u00e9cision<\/strong><\/p>\n<p class=\"ql-align-justify\">Vous pouvez \u00e9galement l'utiliser pour les joints de rotor des pompes \u00e0 vide et les joints d'\u00e9tanch\u00e9it\u00e9 des pompes \u00e0 vide. <a href=\"https:\/\/en.wikipedia.org\/wiki\/Semiconductor\" target=\"_blank\" rel=\"noopener\">semi-conducteur<\/a> l'\u00e9quipement de fabrication. Gr\u00e2ce \u00e0 leur faible taux de fuite et \u00e0 leurs performances \u00e9lev\u00e9es en mati\u00e8re d'\u00e9tanch\u00e9it\u00e9, ils peuvent \u00eatre utilis\u00e9s dans les machines de lithographie. Il peut r\u00e9pondre aux exigences de l'environnement sous ultra-vide, ce qui garantit la pr\u00e9cision du traitement.<\/p>","protected":false},"excerpt":{"rendered":"<p>Les bagues d'\u00e9tanch\u00e9it\u00e9 en carbone sont des composants d'\u00e9tanch\u00e9it\u00e9 en forme d'anneau constitu\u00e9s d'un noyau de mat\u00e9riaux en carbone de haute puret\u00e9 ou de mat\u00e9riaux composites en carbone. Certains types sp\u00e9ciaux sont \u00e9galement dot\u00e9s d'une armature m\u00e9tallique pour une meilleure r\u00e9sistance structurelle. Gr\u00e2ce \u00e0 leur excellente r\u00e9sistance \u00e0 l'usure et aux temp\u00e9ratures \u00e9lev\u00e9es, \u00e0 leur stabilit\u00e9 chimique et \u00e0 leur faible coefficient de frottement, ces bagues sont particuli\u00e8rement performantes dans les sc\u00e9narios d'\u00e9tanch\u00e9it\u00e9 dynamique des machines tournantes. Il est en outre capable de s'adapter efficacement \u00e0 des conditions difficiles telles que la haute vitesse et la haute pression. Il peut donc \u00eatre utilis\u00e9 comme un composant cl\u00e9 dans les \u00e9quipements industriels qui garantissent la fiabilit\u00e9 de l'\u00e9tanch\u00e9it\u00e9.<\/p>","protected":false},"featured_media":8056,"template":"","meta":[],"product_brand":[],"product_cat":[39],"product_tag":[],"class_list":{"0":"post-8055","1":"product","2":"type-product","3":"status-publish","4":"has-post-thumbnail","6":"product_cat-carbon-products","8":"first","9":"instock","10":"shipping-taxable","11":"product-type-simple"},"yoast_head":"<!-- This site is optimized with the Yoast SEO Premium plugin v19.2.1 (Yoast SEO v25.3) - https:\/\/yoast.com\/wordpress\/plugins\/seo\/ -->\n<title>Carbon Seal Ring Manufacturer in China | Jinsun Carbon<\/title>\n<meta name=\"robots\" content=\"index, follow, max-snippet:-1, max-image-preview:large, max-video-preview:-1\" \/>\n<link rel=\"canonical\" href=\"https:\/\/jinsuncarbon.com\/fr\/produit-2\/bague-detancheite-en-carbone\/\" \/>\n<meta property=\"og:locale\" content=\"fr_FR\" \/>\n<meta property=\"og:type\" content=\"article\" \/>\n<meta property=\"og:title\" content=\"Carbon Seal Ring\" \/>\n<meta property=\"og:description\" content=\"Carbon seal rings is a ring-shaped sealing component made with a core of high-purity carbon materials or carbon composite materials. And some special types are also equipped with metal frameworks for enhanced structural strength. With the excellent wear resistance, high-temperature resistance, chemical stability, and low friction properties, it performs exceptionally well in the dynamic sealing scenarios of rotating machinery. And it is able to effectively adapt to harsh conditions such as high speed and high pressure. So it can be used as a key component in industrial equipment that ensure the reliability of sealing.\" \/>\n<meta property=\"og:url\" content=\"https:\/\/jinsuncarbon.com\/fr\/produit-2\/bague-detancheite-en-carbone\/\" \/>\n<meta property=\"og:site_name\" content=\"Jinsun Carbon\" \/>\n<meta property=\"article:publisher\" content=\"https:\/\/www.facebook.com\/Graphite-Electrode-109336238661595\" \/>\n<meta property=\"og:image\" content=\"https:\/\/jinsuncarbon.com\/wp-content\/uploads\/2025\/09\/Carbon-seal-ring.jpg\" \/>\n\t<meta property=\"og:image:width\" content=\"1024\" \/>\n\t<meta property=\"og:image:height\" content=\"763\" \/>\n\t<meta property=\"og:image:type\" content=\"image\/jpeg\" \/>\n<meta name=\"twitter:card\" content=\"summary_large_image\" \/>\n<meta name=\"twitter:site\" content=\"@jinsuncarbon_\" \/>\n<meta name=\"twitter:label1\" content=\"Dur\u00e9e de lecture estim\u00e9e\" \/>\n\t<meta name=\"twitter:data1\" content=\"3 minutes\" \/>\n<script type=\"application\/ld+json\" class=\"yoast-schema-graph\">{\"@context\":\"https:\/\/schema.org\",\"@graph\":[{\"@type\":\"WebPage\",\"@id\":\"https:\/\/jinsuncarbon.com\/product\/carbon-seal-ring\/\",\"url\":\"https:\/\/jinsuncarbon.com\/product\/carbon-seal-ring\/\",\"name\":\"Carbon Seal Ring Manufacturer in China | Jinsun Carbon\",\"isPartOf\":{\"@id\":\"https:\/\/jinsuncarbon.com\/#website\"},\"primaryImageOfPage\":{\"@id\":\"https:\/\/jinsuncarbon.com\/product\/carbon-seal-ring\/#primaryimage\"},\"image\":{\"@id\":\"https:\/\/jinsuncarbon.com\/product\/carbon-seal-ring\/#primaryimage\"},\"thumbnailUrl\":\"https:\/\/jinsuncarbon.com\/wp-content\/uploads\/2025\/09\/Carbon-seal-ring.jpg\",\"datePublished\":\"2025-09-11T14:20:03+00:00\",\"breadcrumb\":{\"@id\":\"https:\/\/jinsuncarbon.com\/product\/carbon-seal-ring\/#breadcrumb\"},\"inLanguage\":\"fr-FR\",\"potentialAction\":[{\"@type\":\"ReadAction\",\"target\":[\"https:\/\/jinsuncarbon.com\/product\/carbon-seal-ring\/\"]}]},{\"@type\":\"ImageObject\",\"inLanguage\":\"fr-FR\",\"@id\":\"https:\/\/jinsuncarbon.com\/product\/carbon-seal-ring\/#primaryimage\",\"url\":\"https:\/\/jinsuncarbon.com\/wp-content\/uploads\/2025\/09\/Carbon-seal-ring.jpg\",\"contentUrl\":\"https:\/\/jinsuncarbon.com\/wp-content\/uploads\/2025\/09\/Carbon-seal-ring.jpg\",\"width\":1024,\"height\":763,\"caption\":\"Carbon seal ring\"},{\"@type\":\"BreadcrumbList\",\"@id\":\"https:\/\/jinsuncarbon.com\/product\/carbon-seal-ring\/#breadcrumb\",\"itemListElement\":[{\"@type\":\"ListItem\",\"position\":1,\"name\":\"Home\",\"item\":\"https:\/\/jinsuncarbon.com\/\"},{\"@type\":\"ListItem\",\"position\":2,\"name\":\"Products\",\"item\":\"https:\/\/jinsuncarbon.com\/graphite-carbon\/\"},{\"@type\":\"ListItem\",\"position\":3,\"name\":\"Carbon Seal Ring\"}]},{\"@type\":\"WebSite\",\"@id\":\"https:\/\/jinsuncarbon.com\/#website\",\"url\":\"https:\/\/jinsuncarbon.com\/\",\"name\":\"Jinsun Carbon\",\"description\":\"We are the successful graphite electrode manufacturer in China\",\"publisher\":{\"@id\":\"https:\/\/jinsuncarbon.com\/#organization\"},\"potentialAction\":[{\"@type\":\"SearchAction\",\"target\":{\"@type\":\"EntryPoint\",\"urlTemplate\":\"https:\/\/jinsuncarbon.com\/?s={search_term_string}\"},\"query-input\":{\"@type\":\"PropertyValueSpecification\",\"valueRequired\":true,\"valueName\":\"search_term_string\"}}],\"inLanguage\":\"fr-FR\"},{\"@type\":\"Organization\",\"@id\":\"https:\/\/jinsuncarbon.com\/#organization\",\"name\":\"Jinsun Carbon\",\"alternateName\":\"Jinsun Carbon\",\"url\":\"https:\/\/jinsuncarbon.com\/\",\"logo\":{\"@type\":\"ImageObject\",\"inLanguage\":\"fr-FR\",\"@id\":\"https:\/\/jinsuncarbon.com\/#\/schema\/logo\/image\/\",\"url\":\"https:\/\/jinsuncarbon.com\/wp-content\/uploads\/2022\/12\/LOGO-1.png\",\"contentUrl\":\"https:\/\/jinsuncarbon.com\/wp-content\/uploads\/2022\/12\/LOGO-1.png\",\"width\":207,\"height\":80,\"caption\":\"Jinsun Carbon\"},\"image\":{\"@id\":\"https:\/\/jinsuncarbon.com\/#\/schema\/logo\/image\/\"},\"sameAs\":[\"https:\/\/www.facebook.com\/Graphite-Electrode-109336238661595\",\"https:\/\/x.com\/jinsuncarbon_\",\"https:\/\/www.linkedin.com\/in\/jinsungraphite\",\"https:\/\/www.youtube.com\/channel\/UCysDNyvyR5-3cCWEmpkVC0g\"]}]}<\/script>\n<!-- \/ Yoast SEO Premium plugin. -->","yoast_head_json":{"title":"Bague d'\u00e9tanch\u00e9it\u00e9 en carbone, fabricant en Chine | Jinsun Carbon","robots":{"index":"index","follow":"follow","max-snippet":"max-snippet:-1","max-image-preview":"max-image-preview:large","max-video-preview":"max-video-preview:-1"},"canonical":"https:\/\/jinsuncarbon.com\/fr\/produit-2\/bague-detancheite-en-carbone\/","og_locale":"fr_FR","og_type":"article","og_title":"Carbon Seal Ring","og_description":"Carbon seal rings is a ring-shaped sealing component made with a core of high-purity carbon materials or carbon composite materials. And some special types are also equipped with metal frameworks for enhanced structural strength. With the excellent wear resistance, high-temperature resistance, chemical stability, and low friction properties, it performs exceptionally well in the dynamic sealing scenarios of rotating machinery. And it is able to effectively adapt to harsh conditions such as high speed and high pressure. So it can be used as a key component in industrial equipment that ensure the reliability of sealing.","og_url":"https:\/\/jinsuncarbon.com\/fr\/produit-2\/bague-detancheite-en-carbone\/","og_site_name":"Jinsun Carbon","article_publisher":"https:\/\/www.facebook.com\/Graphite-Electrode-109336238661595","og_image":[{"width":1024,"height":763,"url":"https:\/\/jinsuncarbon.com\/wp-content\/uploads\/2025\/09\/Carbon-seal-ring.jpg","type":"image\/jpeg"}],"twitter_card":"summary_large_image","twitter_site":"@jinsuncarbon_","twitter_misc":{"Dur\u00e9e de lecture estim\u00e9e":"3 minutes"},"schema":{"@context":"https:\/\/schema.org","@graph":[{"@type":"WebPage","@id":"https:\/\/jinsuncarbon.com\/product\/carbon-seal-ring\/","url":"https:\/\/jinsuncarbon.com\/product\/carbon-seal-ring\/","name":"Bague d'\u00e9tanch\u00e9it\u00e9 en carbone, fabricant en Chine | Jinsun Carbon","isPartOf":{"@id":"https:\/\/jinsuncarbon.com\/#website"},"primaryImageOfPage":{"@id":"https:\/\/jinsuncarbon.com\/product\/carbon-seal-ring\/#primaryimage"},"image":{"@id":"https:\/\/jinsuncarbon.com\/product\/carbon-seal-ring\/#primaryimage"},"thumbnailUrl":"https:\/\/jinsuncarbon.com\/wp-content\/uploads\/2025\/09\/Carbon-seal-ring.jpg","datePublished":"2025-09-11T14:20:03+00:00","breadcrumb":{"@id":"https:\/\/jinsuncarbon.com\/product\/carbon-seal-ring\/#breadcrumb"},"inLanguage":"fr-FR","potentialAction":[{"@type":"ReadAction","target":["https:\/\/jinsuncarbon.com\/product\/carbon-seal-ring\/"]}]},{"@type":"ImageObject","inLanguage":"fr-FR","@id":"https:\/\/jinsuncarbon.com\/product\/carbon-seal-ring\/#primaryimage","url":"https:\/\/jinsuncarbon.com\/wp-content\/uploads\/2025\/09\/Carbon-seal-ring.jpg","contentUrl":"https:\/\/jinsuncarbon.com\/wp-content\/uploads\/2025\/09\/Carbon-seal-ring.jpg","width":1024,"height":763,"caption":"Carbon seal ring"},{"@type":"BreadcrumbList","@id":"https:\/\/jinsuncarbon.com\/product\/carbon-seal-ring\/#breadcrumb","itemListElement":[{"@type":"ListItem","position":1,"name":"Home","item":"https:\/\/jinsuncarbon.com\/"},{"@type":"ListItem","position":2,"name":"Products","item":"https:\/\/jinsuncarbon.com\/graphite-carbon\/"},{"@type":"ListItem","position":3,"name":"Carbon Seal Ring"}]},{"@type":"WebSite","@id":"https:\/\/jinsuncarbon.com\/#website","url":"https:\/\/jinsuncarbon.com\/","name":"Jinsun Carbon","description":"Nous sommes le fabricant d'\u00e9lectrodes en graphite le plus performant de Chine.","publisher":{"@id":"https:\/\/jinsuncarbon.com\/#organization"},"potentialAction":[{"@type":"SearchAction","target":{"@type":"EntryPoint","urlTemplate":"https:\/\/jinsuncarbon.com\/?s={search_term_string}"},"query-input":{"@type":"PropertyValueSpecification","valueRequired":true,"valueName":"search_term_string"}}],"inLanguage":"fr-FR"},{"@type":"Organization","@id":"https:\/\/jinsuncarbon.com\/#organization","name":"Jinsun Carbon","alternateName":"Jinsun Carbon","url":"https:\/\/jinsuncarbon.com\/","logo":{"@type":"ImageObject","inLanguage":"fr-FR","@id":"https:\/\/jinsuncarbon.com\/#\/schema\/logo\/image\/","url":"https:\/\/jinsuncarbon.com\/wp-content\/uploads\/2022\/12\/LOGO-1.png","contentUrl":"https:\/\/jinsuncarbon.com\/wp-content\/uploads\/2022\/12\/LOGO-1.png","width":207,"height":80,"caption":"Jinsun Carbon"},"image":{"@id":"https:\/\/jinsuncarbon.com\/#\/schema\/logo\/image\/"},"sameAs":["https:\/\/www.facebook.com\/Graphite-Electrode-109336238661595","https:\/\/x.com\/jinsuncarbon_","https:\/\/www.linkedin.com\/in\/jinsungraphite","https:\/\/www.youtube.com\/channel\/UCysDNyvyR5-3cCWEmpkVC0g"]}]}},"_links":{"self":[{"href":"https:\/\/jinsuncarbon.com\/fr\/wp-json\/wp\/v2\/product\/8055","targetHints":{"allow":["GET"]}}],"collection":[{"href":"https:\/\/jinsuncarbon.com\/fr\/wp-json\/wp\/v2\/product"}],"about":[{"href":"https:\/\/jinsuncarbon.com\/fr\/wp-json\/wp\/v2\/types\/product"}],"wp:featuredmedia":[{"embeddable":true,"href":"https:\/\/jinsuncarbon.com\/fr\/wp-json\/wp\/v2\/media\/8056"}],"wp:attachment":[{"href":"https:\/\/jinsuncarbon.com\/fr\/wp-json\/wp\/v2\/media?parent=8055"}],"wp:term":[{"taxonomy":"product_brand","embeddable":true,"href":"https:\/\/jinsuncarbon.com\/fr\/wp-json\/wp\/v2\/product_brand?post=8055"},{"taxonomy":"product_cat","embeddable":true,"href":"https:\/\/jinsuncarbon.com\/fr\/wp-json\/wp\/v2\/product_cat?post=8055"},{"taxonomy":"product_tag","embeddable":true,"href":"https:\/\/jinsuncarbon.com\/fr\/wp-json\/wp\/v2\/product_tag?post=8055"}],"curies":[{"name":"wp","href":"https:\/\/api.w.org\/{rel}","templated":true}]}}