{"id":8050,"date":"2025-09-06T13:46:06","date_gmt":"2025-09-06T13:46:06","guid":{"rendered":"https:\/\/jinsuncarbon.com\/?post_type=product&#038;p=8050"},"modified":"2025-09-06T13:46:07","modified_gmt":"2025-09-06T13:46:07","slug":"ressorts-en-composite-de-carbone","status":"publish","type":"product","link":"https:\/\/jinsuncarbon.com\/fr\/produit-2\/ressorts-en-composite-de-carbone\/","title":{"rendered":"Ressorts en composite de carbone"},"content":{"rendered":"<h2>Avantages des ressorts en composite de carbone<\/h2>\n<p>Les formes structurelles courantes sont les suivantes : cylindrique, h\u00e9lico\u00efdale, en forme de disque, en forme sp\u00e9ciale, etc. Ses avantages en termes de dimensions multiples d\u00e9passent de loin ceux des ressorts m\u00e9talliques traditionnels.<\/p>\n<p><strong><b>R<\/b><\/strong><strong><b>e remarquable avantage de la l\u00e9g\u00e8ret\u00e9<\/b><\/strong><\/p>\n<p>Son poids ne repr\u00e9sente que 1\/4 \u00e0 1\/5 de celui d'un ressort en acier ayant les m\u00eames performances, ce qui r\u00e9duit consid\u00e9rablement la charge globale de l'\u00e9quipement. Il est donc particuli\u00e8rement adapt\u00e9 aux domaines o\u00f9 la demande de r\u00e9duction de poids est forte, tels que l'a\u00e9rospatiale et les v\u00e9hicules \u00e0 \u00e9nergie nouvelle.<\/p>\n<p>&nbsp;<\/p>\n<p><strong><b>L<\/b><\/strong><strong><b>onger<\/b><\/strong><strong><b>\u00a0<\/b><\/strong><strong><b>dur\u00e9e de vie en fatigue<\/b><\/strong><\/p>\n<p>Sous l'effet d'une contrainte altern\u00e9e \u00e0 long terme, il est moins probable que les ressorts m\u00e9talliques se brisent sous l'effet de la fatigue. La dur\u00e9e de vie peut donc \u00eatre multipli\u00e9e par 2 ou 3.<\/p>\n<p>&nbsp;<\/p>\n<p><strong><b>E<\/b><\/strong><strong><b>xcellente r\u00e9sistance \u00e0 la corrosion<\/b><\/strong><\/p>\n<p>Sans traitement antirouille suppl\u00e9mentaire, il peut fonctionner de mani\u00e8re stable dans des environnements difficiles tels que l'humidit\u00e9 et le brouillard salin.<\/p>\n<p>&nbsp;<\/p>\n<p><strong><b>Flexible<\/b><\/strong><strong><b>\u00a0module d'\u00e9lasticit\u00e9<\/b><\/strong><\/p>\n<p>En ajustant l'angle de pose de <a href=\"https:\/\/jinsuncarbon.com\/fr\/produit-2\/fibre-de-carbone\/\">fibre de carbone<\/a>Il peut donc r\u00e9pondre pr\u00e9cis\u00e9ment aux exigences de rigidit\u00e9 des diff\u00e9rents \u00e9quipements.<\/p>\n<p>&nbsp;<\/p>\n<p><strong><b>G<\/b><\/strong><strong><b>Bonne performance en mati\u00e8re d'amortissement des vibrations<\/b><\/strong><\/p>\n<p>Il peut absorber efficacement l'\u00e9nergie vibratoire, r\u00e9duire le bruit et les interf\u00e9rences vibratoires pendant le fonctionnement de l'\u00e9quipement, puis am\u00e9liorer la stabilit\u00e9 op\u00e9rationnelle.<\/p>\n<p><strong><b>\u00a0<\/b><\/strong><\/p>\n<p>En outre, en fonction de vos exigences sp\u00e9cifiques, ils seront trait\u00e9s pour r\u00e9pondre \u00e0 vos sp\u00e9cifications en mati\u00e8re de taille et d'\u00e9lasticit\u00e9. Vous pouvez \u00e9galement choisir des ressorts en carbone composite enroul\u00e9s, des ressorts en carbone composite moul\u00e9s, des ressorts en carbone composite lamin\u00e9s ou d'autres types de ressorts en carbone composite.<\/p>\n<p><strong><b>\u00a0<\/b><\/strong><\/p>\n<h2>Utilisations des ressorts en composite de carbone<\/h2>\n<p><strong><b>T<\/b><\/strong><strong><b>e secteur des transports<\/b><\/strong><\/p>\n<p><strong><b>I<\/b><\/strong><strong><b>n v\u00e9hicules \u00e0 \u00e9nergie nouvelle<\/b><\/strong><\/p>\n<p>Il peut remplacer les ressorts traditionnels en acier, ce qui permet de r\u00e9duire le poids du v\u00e9hicule de 51 \u00e0 81 tonnes, am\u00e9liorant indirectement l'autonomie. Il permet \u00e9galement de r\u00e9duire les vibrations du syst\u00e8me de suspension et d'am\u00e9liorer le confort de conduite.<\/p>\n<p>&nbsp;<\/p>\n<p><strong><b>I<\/b><\/strong><strong><b>n v\u00e9hicules de transport ferroviaire<\/b><\/strong><\/p>\n<p>Son bogie utilise ce ressort, car il permet de r\u00e9duire l'impact roue-rail et de diminuer la fr\u00e9quence d'entretien.<\/p>\n<p>&nbsp;<\/p>\n<p><strong><b>Dans le domaine a\u00e9rospatial<\/b><\/strong><\/p>\n<p>Vous pouvez l'utiliser dans le <a href=\"https:\/\/en.wikipedia.org\/wiki\/Landing_gear\" target=\"_blank\" rel=\"noopener\">train d'atterrissage<\/a> et la structure d'absorption des chocs des a\u00e9ronefs sans pilote. Il peut garantir la capacit\u00e9 de charge tout en r\u00e9duisant consid\u00e9rablement le poids de l'a\u00e9ronef et en prolongeant la dur\u00e9e du vol.<\/p>\n<p>&nbsp;<\/p>\n<p><strong><b>I<\/b><\/strong><strong><b>n le syst\u00e8me de contr\u00f4le d'attitude des satellites<\/b><\/strong><\/p>\n<p>Ses caract\u00e9ristiques de grande stabilit\u00e9 et de faible fluage permettent au satellite d'ajuster avec pr\u00e9cision son attitude dans l'environnement spatial complexe.<\/p>\n<p>&nbsp;<\/p>\n<p><strong><b>Dans le domaine des \u00e9quipements haut de gamme<\/b><\/strong><\/p>\n<p>Il peut \u00eatre utilis\u00e9 dans les composants d'absorption des chocs de l'arbre principal des machines-outils de pr\u00e9cision. Il peut absorber les vibrations g\u00e9n\u00e9r\u00e9es pendant les op\u00e9rations \u00e0 grande vitesse, am\u00e9liorant ainsi la pr\u00e9cision du traitement.<\/p>\n<p>&nbsp;<\/p>\n<p>Et dans le syst\u00e8me d'absorption des chocs de la nacelle de l'\u00e9quipement \u00e9olien, il peut r\u00e9sister \u00e0 l'environnement ext\u00e9rieur difficile. Il peut ainsi r\u00e9duire les dommages dus \u00e0 la fatigue de l'\u00e9quipement et prolonger la dur\u00e9e de vie globale de l'\u00e9quipement.<\/p>\n<p>&nbsp;<\/p>\n<p><strong><b>I<\/b><\/strong><strong><b>n \u00e9quipements m\u00e9dicaux<\/b><\/strong><\/p>\n<p>Vous pouvez l'utiliser comme instrument de r\u00e9sonance magn\u00e9tique nucl\u00e9aire, car les pi\u00e8ces mobiles ont une caract\u00e9ristique non magn\u00e9tique. Cette caract\u00e9ristique diff\u00e8re de celle des ressorts m\u00e9talliques, qui n'interf\u00e8rent pas avec le champ magn\u00e9tique, ce qui garantit la pr\u00e9cision de d\u00e9tection de l'\u00e9quipement.<\/p>\n<p>&nbsp;<\/p>","protected":false},"excerpt":{"rendered":"<p>Le ressort en composite de carbone est un composant \u00e9lastique fabriqu\u00e9 par des proc\u00e9d\u00e9s de formage sp\u00e9cifiques tels que l'enroulement, le moulage. Il est fabriqu\u00e9 \u00e0 partir d'un mat\u00e9riau composite \u00e0 base de fibres de carbone (CFRP), ce qui le diff\u00e9rencie des ressorts m\u00e9talliques traditionnels. Ses principales caract\u00e9ristiques sont la l\u00e9g\u00e8ret\u00e9 et une r\u00e9sistance sp\u00e9cifique \u00e9lev\u00e9e, ce qui lui permet d'offrir des performances exceptionnelles dans des sc\u00e9narios soumis \u00e0 des exigences strictes en mati\u00e8re de r\u00e9duction du poids, d'anti-fatigue et de performance dynamique. Il peut \u00eatre utilis\u00e9 dans des domaines tels que les syst\u00e8mes de suspension des v\u00e9hicules \u00e0 \u00e9nergie nouvelle, les trains d'atterrissage des avions sans pilote, etc.<\/p>","protected":false},"featured_media":8051,"template":"","meta":[],"product_brand":[],"product_cat":[39],"product_tag":[],"class_list":{"0":"post-8050","1":"product","2":"type-product","3":"status-publish","4":"has-post-thumbnail","6":"product_cat-carbon-products","8":"first","9":"instock","10":"shipping-taxable","11":"product-type-simple"},"yoast_head":"<!-- This site is optimized with the Yoast SEO Premium plugin v19.2.1 (Yoast SEO v25.3) - https:\/\/yoast.com\/wordpress\/plugins\/seo\/ -->\n<title>Carbon Composite Springs | Jinsun Carbon<\/title>\n<meta name=\"description\" content=\"Carbon composite springs are used in aerospace, automotive, semiconductor manufacturing and other industrial sectors. Contact us now!\" \/>\n<meta name=\"robots\" content=\"index, follow, max-snippet:-1, max-image-preview:large, max-video-preview:-1\" \/>\n<link rel=\"canonical\" href=\"https:\/\/jinsuncarbon.com\/fr\/produit-2\/ressorts-en-composite-de-carbone\/\" \/>\n<meta property=\"og:locale\" content=\"fr_FR\" \/>\n<meta property=\"og:type\" content=\"article\" \/>\n<meta property=\"og:title\" content=\"Carbon Composite Springs\" \/>\n<meta property=\"og:description\" content=\"Carbon composite springs are used in aerospace, automotive, semiconductor manufacturing and other industrial sectors. Contact us now!\" \/>\n<meta property=\"og:url\" content=\"https:\/\/jinsuncarbon.com\/fr\/produit-2\/ressorts-en-composite-de-carbone\/\" \/>\n<meta property=\"og:site_name\" content=\"Jinsun Carbon\" \/>\n<meta property=\"article:publisher\" content=\"https:\/\/www.facebook.com\/Graphite-Electrode-109336238661595\" \/>\n<meta property=\"article:modified_time\" content=\"2025-09-06T13:46:07+00:00\" \/>\n<meta property=\"og:image\" content=\"https:\/\/jinsuncarbon.com\/wp-content\/uploads\/2025\/09\/Carbon-composite-springs.jpg\" \/>\n\t<meta property=\"og:image:width\" content=\"1024\" \/>\n\t<meta property=\"og:image:height\" content=\"763\" \/>\n\t<meta property=\"og:image:type\" content=\"image\/jpeg\" \/>\n<meta name=\"twitter:card\" content=\"summary_large_image\" \/>\n<meta name=\"twitter:site\" content=\"@jinsuncarbon_\" \/>\n<meta name=\"twitter:label1\" content=\"Dur\u00e9e de lecture estim\u00e9e\" \/>\n\t<meta name=\"twitter:data1\" content=\"3 minutes\" \/>\n<script type=\"application\/ld+json\" class=\"yoast-schema-graph\">{\"@context\":\"https:\/\/schema.org\",\"@graph\":[{\"@type\":\"WebPage\",\"@id\":\"https:\/\/jinsuncarbon.com\/product\/carbon-composite-springs\/\",\"url\":\"https:\/\/jinsuncarbon.com\/product\/carbon-composite-springs\/\",\"name\":\"Carbon Composite Springs | Jinsun Carbon\",\"isPartOf\":{\"@id\":\"https:\/\/jinsuncarbon.com\/#website\"},\"primaryImageOfPage\":{\"@id\":\"https:\/\/jinsuncarbon.com\/product\/carbon-composite-springs\/#primaryimage\"},\"image\":{\"@id\":\"https:\/\/jinsuncarbon.com\/product\/carbon-composite-springs\/#primaryimage\"},\"thumbnailUrl\":\"https:\/\/jinsuncarbon.com\/wp-content\/uploads\/2025\/09\/Carbon-composite-springs.jpg\",\"datePublished\":\"2025-09-06T13:46:06+00:00\",\"dateModified\":\"2025-09-06T13:46:07+00:00\",\"description\":\"Carbon composite springs are used in aerospace, automotive, semiconductor manufacturing and other industrial sectors. Contact us now!\",\"breadcrumb\":{\"@id\":\"https:\/\/jinsuncarbon.com\/product\/carbon-composite-springs\/#breadcrumb\"},\"inLanguage\":\"fr-FR\",\"potentialAction\":[{\"@type\":\"ReadAction\",\"target\":[\"https:\/\/jinsuncarbon.com\/product\/carbon-composite-springs\/\"]}]},{\"@type\":\"ImageObject\",\"inLanguage\":\"fr-FR\",\"@id\":\"https:\/\/jinsuncarbon.com\/product\/carbon-composite-springs\/#primaryimage\",\"url\":\"https:\/\/jinsuncarbon.com\/wp-content\/uploads\/2025\/09\/Carbon-composite-springs.jpg\",\"contentUrl\":\"https:\/\/jinsuncarbon.com\/wp-content\/uploads\/2025\/09\/Carbon-composite-springs.jpg\",\"width\":1024,\"height\":763,\"caption\":\"Carbon composite springs\"},{\"@type\":\"BreadcrumbList\",\"@id\":\"https:\/\/jinsuncarbon.com\/product\/carbon-composite-springs\/#breadcrumb\",\"itemListElement\":[{\"@type\":\"ListItem\",\"position\":1,\"name\":\"Home\",\"item\":\"https:\/\/jinsuncarbon.com\/\"},{\"@type\":\"ListItem\",\"position\":2,\"name\":\"Products\",\"item\":\"https:\/\/jinsuncarbon.com\/graphite-carbon\/\"},{\"@type\":\"ListItem\",\"position\":3,\"name\":\"Carbon Composite Springs\"}]},{\"@type\":\"WebSite\",\"@id\":\"https:\/\/jinsuncarbon.com\/#website\",\"url\":\"https:\/\/jinsuncarbon.com\/\",\"name\":\"Jinsun Carbon\",\"description\":\"We are the successful graphite electrode manufacturer in China\",\"publisher\":{\"@id\":\"https:\/\/jinsuncarbon.com\/#organization\"},\"potentialAction\":[{\"@type\":\"SearchAction\",\"target\":{\"@type\":\"EntryPoint\",\"urlTemplate\":\"https:\/\/jinsuncarbon.com\/?s={search_term_string}\"},\"query-input\":{\"@type\":\"PropertyValueSpecification\",\"valueRequired\":true,\"valueName\":\"search_term_string\"}}],\"inLanguage\":\"fr-FR\"},{\"@type\":\"Organization\",\"@id\":\"https:\/\/jinsuncarbon.com\/#organization\",\"name\":\"Jinsun Carbon\",\"alternateName\":\"Jinsun Carbon\",\"url\":\"https:\/\/jinsuncarbon.com\/\",\"logo\":{\"@type\":\"ImageObject\",\"inLanguage\":\"fr-FR\",\"@id\":\"https:\/\/jinsuncarbon.com\/#\/schema\/logo\/image\/\",\"url\":\"https:\/\/jinsuncarbon.com\/wp-content\/uploads\/2022\/12\/LOGO-1.png\",\"contentUrl\":\"https:\/\/jinsuncarbon.com\/wp-content\/uploads\/2022\/12\/LOGO-1.png\",\"width\":207,\"height\":80,\"caption\":\"Jinsun Carbon\"},\"image\":{\"@id\":\"https:\/\/jinsuncarbon.com\/#\/schema\/logo\/image\/\"},\"sameAs\":[\"https:\/\/www.facebook.com\/Graphite-Electrode-109336238661595\",\"https:\/\/x.com\/jinsuncarbon_\",\"https:\/\/www.linkedin.com\/in\/jinsungraphite\",\"https:\/\/www.youtube.com\/channel\/UCysDNyvyR5-3cCWEmpkVC0g\"]}]}<\/script>\n<!-- \/ Yoast SEO Premium plugin. -->","yoast_head_json":{"title":"Ressorts en composite de carbone | Jinsun Carbon","description":"Les ressorts en composite de carbone sont utilis\u00e9s dans l'a\u00e9rospatiale, l'automobile, la fabrication de semi-conducteurs et d'autres secteurs industriels. Contactez nous maintenant !","robots":{"index":"index","follow":"follow","max-snippet":"max-snippet:-1","max-image-preview":"max-image-preview:large","max-video-preview":"max-video-preview:-1"},"canonical":"https:\/\/jinsuncarbon.com\/fr\/produit-2\/ressorts-en-composite-de-carbone\/","og_locale":"fr_FR","og_type":"article","og_title":"Carbon Composite Springs","og_description":"Carbon composite springs are used in aerospace, automotive, semiconductor manufacturing and other industrial sectors. Contact us now!","og_url":"https:\/\/jinsuncarbon.com\/fr\/produit-2\/ressorts-en-composite-de-carbone\/","og_site_name":"Jinsun Carbon","article_publisher":"https:\/\/www.facebook.com\/Graphite-Electrode-109336238661595","article_modified_time":"2025-09-06T13:46:07+00:00","og_image":[{"width":1024,"height":763,"url":"https:\/\/jinsuncarbon.com\/wp-content\/uploads\/2025\/09\/Carbon-composite-springs.jpg","type":"image\/jpeg"}],"twitter_card":"summary_large_image","twitter_site":"@jinsuncarbon_","twitter_misc":{"Dur\u00e9e de lecture estim\u00e9e":"3 minutes"},"schema":{"@context":"https:\/\/schema.org","@graph":[{"@type":"WebPage","@id":"https:\/\/jinsuncarbon.com\/product\/carbon-composite-springs\/","url":"https:\/\/jinsuncarbon.com\/product\/carbon-composite-springs\/","name":"Ressorts en composite de carbone | Jinsun Carbon","isPartOf":{"@id":"https:\/\/jinsuncarbon.com\/#website"},"primaryImageOfPage":{"@id":"https:\/\/jinsuncarbon.com\/product\/carbon-composite-springs\/#primaryimage"},"image":{"@id":"https:\/\/jinsuncarbon.com\/product\/carbon-composite-springs\/#primaryimage"},"thumbnailUrl":"https:\/\/jinsuncarbon.com\/wp-content\/uploads\/2025\/09\/Carbon-composite-springs.jpg","datePublished":"2025-09-06T13:46:06+00:00","dateModified":"2025-09-06T13:46:07+00:00","description":"Les ressorts en composite de carbone sont utilis\u00e9s dans l'a\u00e9rospatiale, l'automobile, la fabrication de semi-conducteurs et d'autres secteurs industriels. Contactez nous maintenant !","breadcrumb":{"@id":"https:\/\/jinsuncarbon.com\/product\/carbon-composite-springs\/#breadcrumb"},"inLanguage":"fr-FR","potentialAction":[{"@type":"ReadAction","target":["https:\/\/jinsuncarbon.com\/product\/carbon-composite-springs\/"]}]},{"@type":"ImageObject","inLanguage":"fr-FR","@id":"https:\/\/jinsuncarbon.com\/product\/carbon-composite-springs\/#primaryimage","url":"https:\/\/jinsuncarbon.com\/wp-content\/uploads\/2025\/09\/Carbon-composite-springs.jpg","contentUrl":"https:\/\/jinsuncarbon.com\/wp-content\/uploads\/2025\/09\/Carbon-composite-springs.jpg","width":1024,"height":763,"caption":"Carbon composite springs"},{"@type":"BreadcrumbList","@id":"https:\/\/jinsuncarbon.com\/product\/carbon-composite-springs\/#breadcrumb","itemListElement":[{"@type":"ListItem","position":1,"name":"Home","item":"https:\/\/jinsuncarbon.com\/"},{"@type":"ListItem","position":2,"name":"Products","item":"https:\/\/jinsuncarbon.com\/graphite-carbon\/"},{"@type":"ListItem","position":3,"name":"Carbon Composite Springs"}]},{"@type":"WebSite","@id":"https:\/\/jinsuncarbon.com\/#website","url":"https:\/\/jinsuncarbon.com\/","name":"Jinsun Carbon","description":"Nous sommes le fabricant d'\u00e9lectrodes en graphite le plus performant de Chine.","publisher":{"@id":"https:\/\/jinsuncarbon.com\/#organization"},"potentialAction":[{"@type":"SearchAction","target":{"@type":"EntryPoint","urlTemplate":"https:\/\/jinsuncarbon.com\/?s={search_term_string}"},"query-input":{"@type":"PropertyValueSpecification","valueRequired":true,"valueName":"search_term_string"}}],"inLanguage":"fr-FR"},{"@type":"Organization","@id":"https:\/\/jinsuncarbon.com\/#organization","name":"Jinsun Carbon","alternateName":"Jinsun Carbon","url":"https:\/\/jinsuncarbon.com\/","logo":{"@type":"ImageObject","inLanguage":"fr-FR","@id":"https:\/\/jinsuncarbon.com\/#\/schema\/logo\/image\/","url":"https:\/\/jinsuncarbon.com\/wp-content\/uploads\/2022\/12\/LOGO-1.png","contentUrl":"https:\/\/jinsuncarbon.com\/wp-content\/uploads\/2022\/12\/LOGO-1.png","width":207,"height":80,"caption":"Jinsun Carbon"},"image":{"@id":"https:\/\/jinsuncarbon.com\/#\/schema\/logo\/image\/"},"sameAs":["https:\/\/www.facebook.com\/Graphite-Electrode-109336238661595","https:\/\/x.com\/jinsuncarbon_","https:\/\/www.linkedin.com\/in\/jinsungraphite","https:\/\/www.youtube.com\/channel\/UCysDNyvyR5-3cCWEmpkVC0g"]}]}},"_links":{"self":[{"href":"https:\/\/jinsuncarbon.com\/fr\/wp-json\/wp\/v2\/product\/8050","targetHints":{"allow":["GET"]}}],"collection":[{"href":"https:\/\/jinsuncarbon.com\/fr\/wp-json\/wp\/v2\/product"}],"about":[{"href":"https:\/\/jinsuncarbon.com\/fr\/wp-json\/wp\/v2\/types\/product"}],"wp:featuredmedia":[{"embeddable":true,"href":"https:\/\/jinsuncarbon.com\/fr\/wp-json\/wp\/v2\/media\/8051"}],"wp:attachment":[{"href":"https:\/\/jinsuncarbon.com\/fr\/wp-json\/wp\/v2\/media?parent=8050"}],"wp:term":[{"taxonomy":"product_brand","embeddable":true,"href":"https:\/\/jinsuncarbon.com\/fr\/wp-json\/wp\/v2\/product_brand?post=8050"},{"taxonomy":"product_cat","embeddable":true,"href":"https:\/\/jinsuncarbon.com\/fr\/wp-json\/wp\/v2\/product_cat?post=8050"},{"taxonomy":"product_tag","embeddable":true,"href":"https:\/\/jinsuncarbon.com\/fr\/wp-json\/wp\/v2\/product_tag?post=8050"}],"curies":[{"name":"wp","href":"https:\/\/api.w.org\/{rel}","templated":true}]}}