{"id":8048,"date":"2025-09-07T07:31:02","date_gmt":"2025-09-07T07:31:02","guid":{"rendered":"https:\/\/jinsuncarbon.com\/?post_type=product&#038;p=8048"},"modified":"2025-09-07T07:31:03","modified_gmt":"2025-09-07T07:31:03","slug":"poudre-de-graphite-lamellaire","status":"publish","type":"product","link":"https:\/\/jinsuncarbon.com\/fr\/produit-2\/poudre-de-graphite-lamellaire\/","title":{"rendered":"Poudre de graphite lamellaire"},"content":{"rendered":"<h2 class=\"ql-align-justify\">Avantages de la poudre de graphite lamellaire<\/h2>\n<p class=\"ql-align-justify\">Il se pr\u00e9sente g\u00e9n\u00e9ralement sous la forme d'une poudre gris clair \u00e0 gris fonc\u00e9, et ses avantages sont les suivants.<\/p>\n<p>&nbsp;<\/p>\n<p class=\"ql-align-justify\"><strong>Excellente r\u00e9sistance aux hautes temp\u00e9ratures<\/strong><\/p>\n<p class=\"ql-align-justify\">Il est capable de rester stable \u00e0 des temp\u00e9ratures sup\u00e9rieures \u00e0 3000\u00b0C, sans fondre ni br\u00fbler.<\/p>\n<p class=\"ql-align-justify\"><strong>Excellente conductivit\u00e9 \u00e9lectrique et thermique<\/strong><\/p>\n<p class=\"ql-align-justify\">La structure en feuille entre les particules de poudre peut former un bon r\u00e9seau conducteur et thermoconducteur. Elle convient donc \u00e0 divers sc\u00e9narios n\u00e9cessitant des fonctions conductrices.<\/p>\n<p class=\"ql-align-justify\"><strong>Propri\u00e9t\u00e9s chimiques stables<\/strong><\/p>\n<p class=\"ql-align-justify\">La poudre de graphite lamellaire pr\u00e9sente une bonne r\u00e9sistance \u00e0 la corrosion et n'est pas sujette aux r\u00e9actions chimiques.<\/p>\n<p class=\"ql-align-justify\"><strong>Faible coefficient de frottement<\/strong><\/p>\n<p class=\"ql-align-justify\">En tant que composant additif, il peut am\u00e9liorer de mani\u00e8re significative les performances de lubrification du mat\u00e9riau et r\u00e9duire l'usure des composants.<\/p>\n<p class=\"ql-align-justify\"><strong>Bonne plasticit\u00e9 et moulabilit\u00e9<\/strong><\/p>\n<p class=\"ql-align-justify\">Il est facile \u00e0 m\u00e9langer avec d'autres mat\u00e9riaux et son co\u00fbt est relativement contr\u00f4lable. Il est donc capable de fonctionner \u00e0 la fois dans des applications de milieu et de haut de gamme et dans des sc\u00e9narios g\u00e9n\u00e9raux.<\/p>\n<p class=\"ql-align-justify\">Selon vos besoins sp\u00e9cifiques, il peut \u00eatre transform\u00e9 en diff\u00e9rentes tailles de particules (telles que 100 mesh, 325 mesh, des milliers de mesh, etc.) en ajustant la pr\u00e9cision de broyage et le processus de classification pour r\u00e9pondre aux exigences d'utilisation. En outre, vous pouvez \u00e9galement choisir de la poudre de graphite lamellaire pure ordinaire, de la poudre de graphite lamellaire de haute puret\u00e9, de la poudre de graphite lamellaire ultrafine ou d'autres types sp\u00e9cialis\u00e9s de poudre de graphite lamellaire.<\/p>\n<p>&nbsp;<\/p>\n<h2 class=\"ql-align-justify\">Utilisations de la poudre de graphite lamellaire<\/h2>\n<p class=\"ql-align-justify\"><strong>Dans le domaine des nouvelles \u00e9nergies<\/strong><\/p>\n<p class=\"ql-align-justify\">Il s'agit de l'une des principales mati\u00e8res premi\u00e8res pour les mat\u00e9riaux d'anode des piles au lithium, que l'on peut combiner avec d'autres substances actives. Il peut am\u00e9liorer la conductivit\u00e9, la capacit\u00e9 de stockage du lithium et la dur\u00e9e de vie de l'anode. L'\u00e9lectrode n\u00e9gative des batteries au lithium est principalement constitu\u00e9e de poudre de graphite lamellaire de haute puret\u00e9.<\/p>\n<p class=\"ql-align-justify\"><strong>Dans l'industrie m\u00e9tallurgique<\/strong><\/p>\n<p class=\"ql-align-justify\"><strong>En tant que booster de carbone<\/strong><\/p>\n<p class=\"ql-align-justify\">Il peut augmenter la teneur en carbone de l'acier et <a href=\"https:\/\/en.wikipedia.org\/wiki\/Cast_iron\" target=\"_blank\" rel=\"noopener\">fonte<\/a> et d'am\u00e9liorer les performances du mat\u00e9riau m\u00e9tallique.<\/p>\n<p class=\"ql-align-justify\"><strong>Comme additif pour les mat\u00e9riaux r\u00e9fractaires<\/strong><\/p>\n<p class=\"ql-align-justify\">Il peut am\u00e9liorer la r\u00e9sistance \u00e0 la temp\u00e9rature \u00e9lev\u00e9e et la r\u00e9sistance \u00e0 l'\u00e9rosion de l'acier. <a href=\"https:\/\/jinsuncarbon.com\/fr\/produit-2\/brique-de-graphite\/\">briques r\u00e9fractaires<\/a> et les rev\u00eatements r\u00e9fractaires.<\/p>\n<p class=\"ql-align-justify\"><strong>Dans les domaines de la chimie et des mat\u00e9riaux<\/strong><\/p>\n<p class=\"ql-align-justify\"><strong>Comme charge pour les rev\u00eatements conducteurs<\/strong><\/p>\n<p class=\"ql-align-justify\">Il conf\u00e8re aux rev\u00eatements des propri\u00e9t\u00e9s conductrices et peut \u00eatre utilis\u00e9 dans les sols antistatiques, les bo\u00eetiers d'\u00e9quipements \u00e9lectroniques, etc.<\/p>\n<p class=\"ql-align-justify\"><strong>Comme additif de lubrification<\/strong><\/p>\n<p class=\"ql-align-justify\">Il peut \u00eatre transform\u00e9 en lubrifiants solides ou en composants d'huiles et de graisses lubrifiantes. Il convient \u00e9galement \u00e0 la lubrification m\u00e9canique dans des conditions difficiles telles que les hautes temp\u00e9ratures et les hautes pressions.<\/p>\n<p class=\"ql-align-justify\"><strong>Dans le domaine \u00e9lectronique<\/strong><\/p>\n<p class=\"ql-align-justify\">Outre les piles, il peut \u00e9galement \u00eatre utilis\u00e9 comme tampon dissipateur de chaleur et d'\u00e9lectricit\u00e9 pour les puces semi-conductrices, comme adh\u00e9sif conducteur, etc. Gr\u00e2ce \u00e0 ses propri\u00e9t\u00e9s de conduction de la chaleur et de l'\u00e9lectricit\u00e9, il assure un fonctionnement stable des composants \u00e9lectroniques.<\/p>\n<p class=\"ql-align-justify\"><strong>Dans le domaine de la protection de l'environnement<\/strong><\/p>\n<p class=\"ql-align-justify\">Vous pouvez utiliser la poudre de graphite lamellaire de haute puret\u00e9 dans le traitement des eaux us\u00e9es pour \u00e9liminer les polluants de l'eau par adsorption.<\/p>","protected":false},"excerpt":{"rendered":"<p>La poudre de graphite lamellaire est un mat\u00e9riau pulv\u00e9rulent produit par le broyage et la purification du graphite naturel stratifi\u00e9 au moyen de divers proc\u00e9d\u00e9s. Il combine les caract\u00e9ristiques essentielles des mat\u00e9riaux en graphite avec la facilit\u00e9 de traitement de la poudre. Il doit son nom au fait qu'il conserve la structure cristalline stratifi\u00e9e du graphite naturel, ce qui lui conf\u00e8re une excellente adaptabilit\u00e9 dans de nombreux domaines industriels. Il s'agit d'une mati\u00e8re premi\u00e8re industrielle de base, \u00e0 la fois fonctionnelle et pratique, qui est largement utilis\u00e9e. Par exemple, c'est un composant important des carbonisants m\u00e9tallurgiques et des additifs pour lubrifiants \u00e0 haute temp\u00e9rature, qui peuvent r\u00e9pondre aux exigences fonctionnelles.<\/p>","protected":false},"featured_media":8049,"template":"","meta":[],"product_brand":[],"product_cat":[38],"product_tag":[],"class_list":{"0":"post-8048","1":"product","2":"type-product","3":"status-publish","4":"has-post-thumbnail","6":"product_cat-graphite-products","8":"first","9":"instock","10":"shipping-taxable","11":"product-type-simple"},"yoast_head":"<!-- This site is optimized with the Yoast SEO Premium plugin v19.2.1 (Yoast SEO v25.3) - https:\/\/yoast.com\/wordpress\/plugins\/seo\/ -->\n<title>Flake Graphite Powder Manufacturer in China<\/title>\n<meta name=\"description\" content=\"Flake graphite powder with good price. Jinsun can supply flake graphite powder for different industrial needs such as wire and cable, thermal insulation, and lubrication.\" \/>\n<meta name=\"robots\" content=\"index, follow, max-snippet:-1, max-image-preview:large, max-video-preview:-1\" \/>\n<link rel=\"canonical\" href=\"https:\/\/jinsuncarbon.com\/fr\/produit-2\/poudre-de-graphite-lamellaire\/\" \/>\n<meta property=\"og:locale\" content=\"fr_FR\" \/>\n<meta property=\"og:type\" content=\"article\" \/>\n<meta property=\"og:title\" content=\"Flake Graphite Powder\" \/>\n<meta property=\"og:description\" content=\"Flake graphite powder with good price. Jinsun can supply flake graphite powder for different industrial needs such as wire and cable, thermal insulation, and lubrication.\" \/>\n<meta property=\"og:url\" content=\"https:\/\/jinsuncarbon.com\/fr\/produit-2\/poudre-de-graphite-lamellaire\/\" \/>\n<meta property=\"og:site_name\" content=\"Jinsun Carbon\" \/>\n<meta property=\"article:publisher\" content=\"https:\/\/www.facebook.com\/Graphite-Electrode-109336238661595\" \/>\n<meta property=\"article:modified_time\" content=\"2025-09-07T07:31:03+00:00\" \/>\n<meta property=\"og:image\" content=\"https:\/\/jinsuncarbon.com\/wp-content\/uploads\/2025\/09\/Flake-graphite-powder.jpg\" \/>\n\t<meta property=\"og:image:width\" content=\"1024\" \/>\n\t<meta property=\"og:image:height\" content=\"763\" \/>\n\t<meta property=\"og:image:type\" content=\"image\/jpeg\" \/>\n<meta name=\"twitter:card\" content=\"summary_large_image\" \/>\n<meta name=\"twitter:site\" content=\"@jinsuncarbon_\" \/>\n<meta name=\"twitter:label1\" content=\"Dur\u00e9e de lecture estim\u00e9e\" \/>\n\t<meta name=\"twitter:data1\" content=\"3 minutes\" \/>\n<script type=\"application\/ld+json\" class=\"yoast-schema-graph\">{\"@context\":\"https:\/\/schema.org\",\"@graph\":[{\"@type\":\"WebPage\",\"@id\":\"https:\/\/jinsuncarbon.com\/product\/flake-graphite-powder\/\",\"url\":\"https:\/\/jinsuncarbon.com\/product\/flake-graphite-powder\/\",\"name\":\"Flake Graphite Powder Manufacturer in China\",\"isPartOf\":{\"@id\":\"https:\/\/jinsuncarbon.com\/#website\"},\"primaryImageOfPage\":{\"@id\":\"https:\/\/jinsuncarbon.com\/product\/flake-graphite-powder\/#primaryimage\"},\"image\":{\"@id\":\"https:\/\/jinsuncarbon.com\/product\/flake-graphite-powder\/#primaryimage\"},\"thumbnailUrl\":\"https:\/\/jinsuncarbon.com\/wp-content\/uploads\/2025\/09\/Flake-graphite-powder.jpg\",\"datePublished\":\"2025-09-07T07:31:02+00:00\",\"dateModified\":\"2025-09-07T07:31:03+00:00\",\"description\":\"Flake graphite powder with good price. Jinsun can supply flake graphite powder for different industrial needs such as wire and cable, thermal insulation, and lubrication.\",\"breadcrumb\":{\"@id\":\"https:\/\/jinsuncarbon.com\/product\/flake-graphite-powder\/#breadcrumb\"},\"inLanguage\":\"fr-FR\",\"potentialAction\":[{\"@type\":\"ReadAction\",\"target\":[\"https:\/\/jinsuncarbon.com\/product\/flake-graphite-powder\/\"]}]},{\"@type\":\"ImageObject\",\"inLanguage\":\"fr-FR\",\"@id\":\"https:\/\/jinsuncarbon.com\/product\/flake-graphite-powder\/#primaryimage\",\"url\":\"https:\/\/jinsuncarbon.com\/wp-content\/uploads\/2025\/09\/Flake-graphite-powder.jpg\",\"contentUrl\":\"https:\/\/jinsuncarbon.com\/wp-content\/uploads\/2025\/09\/Flake-graphite-powder.jpg\",\"width\":1024,\"height\":763,\"caption\":\"Flake graphite powder\"},{\"@type\":\"BreadcrumbList\",\"@id\":\"https:\/\/jinsuncarbon.com\/product\/flake-graphite-powder\/#breadcrumb\",\"itemListElement\":[{\"@type\":\"ListItem\",\"position\":1,\"name\":\"Home\",\"item\":\"https:\/\/jinsuncarbon.com\/\"},{\"@type\":\"ListItem\",\"position\":2,\"name\":\"Products\",\"item\":\"https:\/\/jinsuncarbon.com\/graphite-carbon\/\"},{\"@type\":\"ListItem\",\"position\":3,\"name\":\"Flake Graphite Powder\"}]},{\"@type\":\"WebSite\",\"@id\":\"https:\/\/jinsuncarbon.com\/#website\",\"url\":\"https:\/\/jinsuncarbon.com\/\",\"name\":\"Jinsun Carbon\",\"description\":\"We are the successful graphite electrode manufacturer in China\",\"publisher\":{\"@id\":\"https:\/\/jinsuncarbon.com\/#organization\"},\"potentialAction\":[{\"@type\":\"SearchAction\",\"target\":{\"@type\":\"EntryPoint\",\"urlTemplate\":\"https:\/\/jinsuncarbon.com\/?s={search_term_string}\"},\"query-input\":{\"@type\":\"PropertyValueSpecification\",\"valueRequired\":true,\"valueName\":\"search_term_string\"}}],\"inLanguage\":\"fr-FR\"},{\"@type\":\"Organization\",\"@id\":\"https:\/\/jinsuncarbon.com\/#organization\",\"name\":\"Jinsun Carbon\",\"alternateName\":\"Jinsun Carbon\",\"url\":\"https:\/\/jinsuncarbon.com\/\",\"logo\":{\"@type\":\"ImageObject\",\"inLanguage\":\"fr-FR\",\"@id\":\"https:\/\/jinsuncarbon.com\/#\/schema\/logo\/image\/\",\"url\":\"https:\/\/jinsuncarbon.com\/wp-content\/uploads\/2022\/12\/LOGO-1.png\",\"contentUrl\":\"https:\/\/jinsuncarbon.com\/wp-content\/uploads\/2022\/12\/LOGO-1.png\",\"width\":207,\"height\":80,\"caption\":\"Jinsun Carbon\"},\"image\":{\"@id\":\"https:\/\/jinsuncarbon.com\/#\/schema\/logo\/image\/\"},\"sameAs\":[\"https:\/\/www.facebook.com\/Graphite-Electrode-109336238661595\",\"https:\/\/x.com\/jinsuncarbon_\",\"https:\/\/www.linkedin.com\/in\/jinsungraphite\",\"https:\/\/www.youtube.com\/channel\/UCysDNyvyR5-3cCWEmpkVC0g\"]}]}<\/script>\n<!-- \/ Yoast SEO Premium plugin. -->","yoast_head_json":{"title":"Poudre de graphite lamellaire Fabricant de poudre de graphite lamellaire en Chine","description":"Poudre de graphite lamellaire \u00e0 bon prix. Jinsun peut fournir de la poudre de graphite lamellaire pour diff\u00e9rents besoins industriels tels que les fils et les c\u00e2bles, l'isolation thermique et la lubrification.","robots":{"index":"index","follow":"follow","max-snippet":"max-snippet:-1","max-image-preview":"max-image-preview:large","max-video-preview":"max-video-preview:-1"},"canonical":"https:\/\/jinsuncarbon.com\/fr\/produit-2\/poudre-de-graphite-lamellaire\/","og_locale":"fr_FR","og_type":"article","og_title":"Flake Graphite Powder","og_description":"Flake graphite powder with good price. Jinsun can supply flake graphite powder for different industrial needs such as wire and cable, thermal insulation, and lubrication.","og_url":"https:\/\/jinsuncarbon.com\/fr\/produit-2\/poudre-de-graphite-lamellaire\/","og_site_name":"Jinsun Carbon","article_publisher":"https:\/\/www.facebook.com\/Graphite-Electrode-109336238661595","article_modified_time":"2025-09-07T07:31:03+00:00","og_image":[{"width":1024,"height":763,"url":"https:\/\/jinsuncarbon.com\/wp-content\/uploads\/2025\/09\/Flake-graphite-powder.jpg","type":"image\/jpeg"}],"twitter_card":"summary_large_image","twitter_site":"@jinsuncarbon_","twitter_misc":{"Dur\u00e9e de lecture estim\u00e9e":"3 minutes"},"schema":{"@context":"https:\/\/schema.org","@graph":[{"@type":"WebPage","@id":"https:\/\/jinsuncarbon.com\/product\/flake-graphite-powder\/","url":"https:\/\/jinsuncarbon.com\/product\/flake-graphite-powder\/","name":"Poudre de graphite lamellaire Fabricant de poudre de graphite lamellaire en Chine","isPartOf":{"@id":"https:\/\/jinsuncarbon.com\/#website"},"primaryImageOfPage":{"@id":"https:\/\/jinsuncarbon.com\/product\/flake-graphite-powder\/#primaryimage"},"image":{"@id":"https:\/\/jinsuncarbon.com\/product\/flake-graphite-powder\/#primaryimage"},"thumbnailUrl":"https:\/\/jinsuncarbon.com\/wp-content\/uploads\/2025\/09\/Flake-graphite-powder.jpg","datePublished":"2025-09-07T07:31:02+00:00","dateModified":"2025-09-07T07:31:03+00:00","description":"Poudre de graphite lamellaire \u00e0 bon prix. Jinsun peut fournir de la poudre de graphite lamellaire pour diff\u00e9rents besoins industriels tels que les fils et les c\u00e2bles, l'isolation thermique et la lubrification.","breadcrumb":{"@id":"https:\/\/jinsuncarbon.com\/product\/flake-graphite-powder\/#breadcrumb"},"inLanguage":"fr-FR","potentialAction":[{"@type":"ReadAction","target":["https:\/\/jinsuncarbon.com\/product\/flake-graphite-powder\/"]}]},{"@type":"ImageObject","inLanguage":"fr-FR","@id":"https:\/\/jinsuncarbon.com\/product\/flake-graphite-powder\/#primaryimage","url":"https:\/\/jinsuncarbon.com\/wp-content\/uploads\/2025\/09\/Flake-graphite-powder.jpg","contentUrl":"https:\/\/jinsuncarbon.com\/wp-content\/uploads\/2025\/09\/Flake-graphite-powder.jpg","width":1024,"height":763,"caption":"Flake graphite powder"},{"@type":"BreadcrumbList","@id":"https:\/\/jinsuncarbon.com\/product\/flake-graphite-powder\/#breadcrumb","itemListElement":[{"@type":"ListItem","position":1,"name":"Home","item":"https:\/\/jinsuncarbon.com\/"},{"@type":"ListItem","position":2,"name":"Products","item":"https:\/\/jinsuncarbon.com\/graphite-carbon\/"},{"@type":"ListItem","position":3,"name":"Flake Graphite Powder"}]},{"@type":"WebSite","@id":"https:\/\/jinsuncarbon.com\/#website","url":"https:\/\/jinsuncarbon.com\/","name":"Jinsun Carbon","description":"Nous sommes le fabricant d'\u00e9lectrodes en graphite le plus performant de Chine.","publisher":{"@id":"https:\/\/jinsuncarbon.com\/#organization"},"potentialAction":[{"@type":"SearchAction","target":{"@type":"EntryPoint","urlTemplate":"https:\/\/jinsuncarbon.com\/?s={search_term_string}"},"query-input":{"@type":"PropertyValueSpecification","valueRequired":true,"valueName":"search_term_string"}}],"inLanguage":"fr-FR"},{"@type":"Organization","@id":"https:\/\/jinsuncarbon.com\/#organization","name":"Jinsun Carbon","alternateName":"Jinsun Carbon","url":"https:\/\/jinsuncarbon.com\/","logo":{"@type":"ImageObject","inLanguage":"fr-FR","@id":"https:\/\/jinsuncarbon.com\/#\/schema\/logo\/image\/","url":"https:\/\/jinsuncarbon.com\/wp-content\/uploads\/2022\/12\/LOGO-1.png","contentUrl":"https:\/\/jinsuncarbon.com\/wp-content\/uploads\/2022\/12\/LOGO-1.png","width":207,"height":80,"caption":"Jinsun Carbon"},"image":{"@id":"https:\/\/jinsuncarbon.com\/#\/schema\/logo\/image\/"},"sameAs":["https:\/\/www.facebook.com\/Graphite-Electrode-109336238661595","https:\/\/x.com\/jinsuncarbon_","https:\/\/www.linkedin.com\/in\/jinsungraphite","https:\/\/www.youtube.com\/channel\/UCysDNyvyR5-3cCWEmpkVC0g"]}]}},"_links":{"self":[{"href":"https:\/\/jinsuncarbon.com\/fr\/wp-json\/wp\/v2\/product\/8048","targetHints":{"allow":["GET"]}}],"collection":[{"href":"https:\/\/jinsuncarbon.com\/fr\/wp-json\/wp\/v2\/product"}],"about":[{"href":"https:\/\/jinsuncarbon.com\/fr\/wp-json\/wp\/v2\/types\/product"}],"wp:featuredmedia":[{"embeddable":true,"href":"https:\/\/jinsuncarbon.com\/fr\/wp-json\/wp\/v2\/media\/8049"}],"wp:attachment":[{"href":"https:\/\/jinsuncarbon.com\/fr\/wp-json\/wp\/v2\/media?parent=8048"}],"wp:term":[{"taxonomy":"product_brand","embeddable":true,"href":"https:\/\/jinsuncarbon.com\/fr\/wp-json\/wp\/v2\/product_brand?post=8048"},{"taxonomy":"product_cat","embeddable":true,"href":"https:\/\/jinsuncarbon.com\/fr\/wp-json\/wp\/v2\/product_cat?post=8048"},{"taxonomy":"product_tag","embeddable":true,"href":"https:\/\/jinsuncarbon.com\/fr\/wp-json\/wp\/v2\/product_tag?post=8048"}],"curies":[{"name":"wp","href":"https:\/\/api.w.org\/{rel}","templated":true}]}}