{"id":8025,"date":"2025-08-18T02:43:58","date_gmt":"2025-08-18T02:43:58","guid":{"rendered":"https:\/\/jinsuncarbon.com\/?post_type=product&#038;p=8025"},"modified":"2025-08-18T02:43:59","modified_gmt":"2025-08-18T02:43:59","slug":"joint-flexible-en-graphite","status":"publish","type":"product","link":"https:\/\/jinsuncarbon.com\/fr\/produit-2\/joint-flexible-en-graphite\/","title":{"rendered":"Joint flexible en graphite"},"content":{"rendered":"<h2 class=\"ql-align-justify\">Avantages du joint flexible en graphite<\/h2>\n<p class=\"ql-align-justify\">En g\u00e9n\u00e9ral, les joints flexibles en graphite se pr\u00e9sentent sous diverses formes (circulaires, carr\u00e9es, irr\u00e9guli\u00e8res, etc.) et pr\u00e9sentent des avantages remarquables.<\/p>\n<p class=\"ql-align-justify\"><strong>Excellente stabilit\u00e9 thermique<\/strong><\/p>\n<p class=\"ql-align-justify\">Il peut maintenir l'\u00e9tanch\u00e9it\u00e9\u00a0<span data-type=\"0\" data-index=\"3\" data-gid=\"0\">dans une large gamme de temp\u00e9ratures allant de -200\u00b0C \u00e0 -20\u00b0C.<\/span>\u00a0650\u00b0C.<\/p>\n<p class=\"ql-align-justify\"><strong><span data-type=\"2\" data-index=\"5\" data-gid=\"1\">Propri\u00e9t\u00e9s chimiques stables<\/span><\/strong><\/p>\n<p class=\"ql-align-justify\"><span data-type=\"2\" data-index=\"7\" data-gid=\"1\">Il est inerte vis-\u00e0-vis de la plupart des acides, bases, solvants organiques et autres milieux corrosifs.<\/span><\/p>\n<p class=\"ql-align-justify\"><strong>Des performances d'\u00e9tanch\u00e9it\u00e9 fiables<\/strong><\/p>\n<p class=\"ql-align-justify\">Gr\u00e2ce \u00e0 sa micro \u00e9lasticit\u00e9, il peut combler les petites rayures et les irr\u00e9gularit\u00e9s de la surface d'\u00e9tanch\u00e9it\u00e9.<\/p>\n<p class=\"ql-align-justify\"><strong><span data-type=\"2\" data-index=\"9\" data-gid=\"2\">Faible coefficient de frottement<\/span><\/strong><\/p>\n<p class=\"ql-align-justify\"><span data-type=\"2\" data-index=\"11\" data-gid=\"2\">Cela permet de r\u00e9duire l'usure de la surface d'\u00e9tanch\u00e9it\u00e9.<\/span><\/p>\n<p class=\"ql-align-justify\"><strong>Bonne performance en compression et en rebond<\/strong><\/p>\n<p class=\"ql-align-justify\">Il peut compenser des d\u00e9fauts mineurs sur la surface d'\u00e9tanch\u00e9it\u00e9 et maintenir une \u00e9tanch\u00e9it\u00e9 stable m\u00eame en cas de fluctuations de pression.<\/p>\n<p class=\"ql-align-justify\"><strong>3. Types de joints flexibles en graphite<\/strong><\/p>\n<p class=\"ql-align-justify\">En fonction du mat\u00e9riau et de la m\u00e9thode de renforcement, les joints flexibles en graphite peuvent \u00eatre class\u00e9s dans les deux types suivants :<\/p>\n<p class=\"ql-align-justify\"><strong>Joint en graphite pur et flexible<\/strong><\/p>\n<p class=\"ql-align-justify\">Il est fabriqu\u00e9 en graphite pur et flexible, ce qui lui conf\u00e8re une excellente flexibilit\u00e9. Il convient aux sc\u00e9narios d'\u00e9tanch\u00e9it\u00e9 g\u00e9n\u00e9rale \u00e0 basse pression et \u00e0 temp\u00e9rature normale, et son co\u00fbt est relativement faible.<\/p>\n<p class=\"ql-align-justify\"><strong>Joint graphite flexible am\u00e9lior\u00e9<\/strong><\/p>\n<p class=\"ql-align-justify\">La couche de renforcement est constitu\u00e9e d'un treillis m\u00e9tallique, d'une feuille m\u00e9tallique ou d'un tissu en fibres, et la couche ext\u00e9rieure est envelopp\u00e9e d'un tissu en fibres. <a href=\"https:\/\/jinsuncarbon.com\/fr\/quest-ce-que-le-graphite-et-de-quoi-est-il-fait\/\">graphite flexible<\/a>. Il pr\u00e9sente donc une meilleure solidit\u00e9 et une meilleure r\u00e9sistance \u00e0 la pression, et convient aux pressions moyennes et \u00e9lev\u00e9es ainsi qu'aux conditions de travail difficiles. Par exemple, les pipelines chimiques \u00e0 haute pression et les cuves sous pression.<\/p>\n<h2 class=\"ql-align-justify\">Utilisations du joint flexible en graphite<\/h2>\n<p class=\"ql-align-justify\"><strong>Dans l'industrie p\u00e9trochimique<\/strong><\/p>\n<p class=\"ql-align-justify\">Vous pouvez l'utiliser pour sceller divers pipelines, pompes, valves et r\u00e9cipients sous pression.\u00a0<span class=\"\" data-type=\"2\" data-index=\"13\" data-gid=\"1\">Gr\u00e2ce \u00e0 ses propri\u00e9t\u00e9s chimiques stables, il peut r\u00e9sister \u00e0 des milieux corrosifs tels que le p\u00e9trole brut, les acides et les alcalis.<\/span>\u00a0Il est adapt\u00e9 aux conditions de haute temp\u00e9rature et de haute pression, ce qui permet d'\u00e9viter efficacement les fuites de fluides.<\/p>\n<p class=\"ql-align-justify\"><strong>Industrie de l'\u00e9nergie<\/strong><\/p>\n<p class=\"ql-align-justify\">Il peut r\u00e9sister \u00e0 la temp\u00e9rature et \u00e0 la pression \u00e9lev\u00e9es de la vapeur et assurer le fonctionnement stable des unit\u00e9s. Il peut donc \u00eatre utilis\u00e9 pour l'\u00e9tanch\u00e9it\u00e9 d'\u00e9quipements tels que les turbines \u00e0 vapeur, les tuyaux de chaudi\u00e8res et les unit\u00e9s de production d'\u00e9nergie.<\/p>\n<p class=\"ql-align-justify\"><strong>Industrie m\u00e9tallurgique<\/strong><\/p>\n<p class=\"ql-align-justify\">Il peut \u00eatre utilis\u00e9 pour sceller les tuyaux, les vannes et les cuves de r\u00e9action des \u00e9quipements de fusion. Il peut r\u00e9sister \u00e0 l'\u00e9rosion des gaz de four \u00e0 haute temp\u00e9rature et des m\u00e9taux en fusion, prolongeant ainsi la dur\u00e9e de vie de l'\u00e9quipement.<\/p>\n<p class=\"ql-align-justify\"><strong><span data-type=\"2\" data-index=\"15\" data-gid=\"3\">Industries pharmaceutiques et alimentaires<\/span><\/strong><\/p>\n<p class=\"ql-align-justify\"><span class=\"\" data-type=\"2\" data-index=\"17\" data-gid=\"3\">Gr\u00e2ce \u00e0 son inertie chimique et \u00e0 sa faible susceptibilit\u00e9 \u00e0 la contamination, il peut \u00eatre utilis\u00e9 pour l'\u00e9tanch\u00e9it\u00e9 des cuves de r\u00e9action pharmaceutiques et des \u00e9quipements de transformation alimentaire.<\/span><\/p>\n<p class=\"ql-align-justify\"><strong>Dans les domaines de la r\u00e9frig\u00e9ration et du CVC<\/strong><\/p>\n<p class=\"ql-align-justify\">Il joue \u00e9galement un r\u00f4le important dans les joints d'interface des tuyaux de r\u00e9frig\u00e9ration et des syst\u00e8mes de climatisation. En effet, il peut r\u00e9sister aux caract\u00e9ristiques de basse temp\u00e9rature des r\u00e9frig\u00e9rants, emp\u00eachant ainsi les fuites d'affecter l'efficacit\u00e9 du syst\u00e8me.<\/p>\n<p class=\"ql-align-justify\"><strong>Domaines des navires et de l'aviation<\/strong><\/p>\n<p class=\"ql-align-justify\">Elle s'applique \u00e9galement \u00e0 l'\u00e9tanch\u00e9it\u00e9 des tuyauteries et des composants des moteurs de navires et de l'industrie automobile. <a href=\"https:\/\/www.aircraftspruce.com\/\" target=\"_blank\" rel=\"noopener\">mat\u00e9riel d'aviation<\/a>. M\u00eame dans des environnements soumis \u00e0 d'importantes vibrations et variations de temp\u00e9rature, il peut maintenir une \u00e9tanch\u00e9it\u00e9 fiable.<\/p>\n<p class=\"ql-align-justify\">","protected":false},"excerpt":{"rendered":"<p class=\"ql-align-justify\">Le joint en graphite souple est un type de composant d'\u00e9tanch\u00e9it\u00e9 fabriqu\u00e9 principalement \u00e0 partir de graphite souple, souvent renforc\u00e9 par des armatures m\u00e9talliques pour am\u00e9liorer la r\u00e9sistance. Il est produit par compression et traitement du graphite naturel apr\u00e8s un traitement chimique et une expansion \u00e0 haute temp\u00e9rature. En raison de son excellente r\u00e9sistance aux temp\u00e9ratures \u00e9lev\u00e9es, de ses performances d'\u00e9tanch\u00e9it\u00e9, etc., il peut \u00eatre largement utilis\u00e9 pour l'\u00e9tanch\u00e9it\u00e9 des raccords de bride des pipelines et des \u00e9quipements industriels. Il s'agit d'un composant important pour r\u00e9soudre les probl\u00e8mes d'\u00e9tanch\u00e9it\u00e9 dans des conditions de travail complexes telles que les hautes temp\u00e9ratures, les hautes pressions et la forte corrosion.<\/p>\n<p class=\"ql-align-justify\">","protected":false},"featured_media":8027,"template":"","meta":[],"product_brand":[],"product_cat":[37],"product_tag":[],"class_list":{"0":"post-8025","1":"product","2":"type-product","3":"status-publish","4":"has-post-thumbnail","6":"product_cat-graphite-electrode","8":"first","9":"instock","10":"shipping-taxable","11":"product-type-simple"},"yoast_head":"<!-- This site is optimized with the Yoast SEO Premium plugin v19.2.1 (Yoast SEO v25.3) - https:\/\/yoast.com\/wordpress\/plugins\/seo\/ -->\n<title>Flexible Graphite Gasket Manufacturer in China<\/title>\n<meta name=\"description\" content=\"Flexible graphite gasket comes in various shapes such as circular, square, and various irregular forms and has remarkable advantages.\" \/>\n<meta name=\"robots\" content=\"index, follow, max-snippet:-1, max-image-preview:large, max-video-preview:-1\" \/>\n<link rel=\"canonical\" href=\"https:\/\/jinsuncarbon.com\/fr\/produit-2\/joint-flexible-en-graphite\/\" \/>\n<meta property=\"og:locale\" content=\"fr_FR\" \/>\n<meta property=\"og:type\" content=\"article\" \/>\n<meta property=\"og:title\" content=\"Flexible Graphite Gasket\" \/>\n<meta property=\"og:description\" content=\"Flexible graphite gasket comes in various shapes such as circular, square, and various irregular forms and has remarkable advantages.\" \/>\n<meta property=\"og:url\" content=\"https:\/\/jinsuncarbon.com\/fr\/produit-2\/joint-flexible-en-graphite\/\" \/>\n<meta property=\"og:site_name\" content=\"Jinsun Carbon\" \/>\n<meta property=\"article:publisher\" content=\"https:\/\/www.facebook.com\/Graphite-Electrode-109336238661595\" \/>\n<meta property=\"article:modified_time\" content=\"2025-08-18T02:43:59+00:00\" \/>\n<meta property=\"og:image\" content=\"https:\/\/jinsuncarbon.com\/wp-content\/uploads\/2025\/08\/Flexible-Graphite-Gasket.jpg\" \/>\n\t<meta property=\"og:image:width\" content=\"1024\" \/>\n\t<meta property=\"og:image:height\" content=\"763\" \/>\n\t<meta property=\"og:image:type\" content=\"image\/jpeg\" \/>\n<meta name=\"twitter:card\" content=\"summary_large_image\" \/>\n<meta name=\"twitter:site\" content=\"@jinsuncarbon_\" \/>\n<meta name=\"twitter:label1\" content=\"Dur\u00e9e de lecture estim\u00e9e\" \/>\n\t<meta name=\"twitter:data1\" content=\"3 minutes\" \/>\n<script type=\"application\/ld+json\" class=\"yoast-schema-graph\">{\"@context\":\"https:\/\/schema.org\",\"@graph\":[{\"@type\":\"WebPage\",\"@id\":\"https:\/\/jinsuncarbon.com\/product\/flexible-graphite-gasket\/\",\"url\":\"https:\/\/jinsuncarbon.com\/product\/flexible-graphite-gasket\/\",\"name\":\"Flexible Graphite Gasket Manufacturer in China\",\"isPartOf\":{\"@id\":\"https:\/\/jinsuncarbon.com\/#website\"},\"primaryImageOfPage\":{\"@id\":\"https:\/\/jinsuncarbon.com\/product\/flexible-graphite-gasket\/#primaryimage\"},\"image\":{\"@id\":\"https:\/\/jinsuncarbon.com\/product\/flexible-graphite-gasket\/#primaryimage\"},\"thumbnailUrl\":\"https:\/\/jinsuncarbon.com\/wp-content\/uploads\/2025\/08\/Flexible-Graphite-Gasket.jpg\",\"datePublished\":\"2025-08-18T02:43:58+00:00\",\"dateModified\":\"2025-08-18T02:43:59+00:00\",\"description\":\"Flexible graphite gasket comes in various shapes such as circular, square, and various irregular forms and has remarkable advantages.\",\"breadcrumb\":{\"@id\":\"https:\/\/jinsuncarbon.com\/product\/flexible-graphite-gasket\/#breadcrumb\"},\"inLanguage\":\"fr-FR\",\"potentialAction\":[{\"@type\":\"ReadAction\",\"target\":[\"https:\/\/jinsuncarbon.com\/product\/flexible-graphite-gasket\/\"]}]},{\"@type\":\"ImageObject\",\"inLanguage\":\"fr-FR\",\"@id\":\"https:\/\/jinsuncarbon.com\/product\/flexible-graphite-gasket\/#primaryimage\",\"url\":\"https:\/\/jinsuncarbon.com\/wp-content\/uploads\/2025\/08\/Flexible-Graphite-Gasket.jpg\",\"contentUrl\":\"https:\/\/jinsuncarbon.com\/wp-content\/uploads\/2025\/08\/Flexible-Graphite-Gasket.jpg\",\"width\":1024,\"height\":763,\"caption\":\"Flexible Graphite Gasket\"},{\"@type\":\"BreadcrumbList\",\"@id\":\"https:\/\/jinsuncarbon.com\/product\/flexible-graphite-gasket\/#breadcrumb\",\"itemListElement\":[{\"@type\":\"ListItem\",\"position\":1,\"name\":\"Home\",\"item\":\"https:\/\/jinsuncarbon.com\/\"},{\"@type\":\"ListItem\",\"position\":2,\"name\":\"Products\",\"item\":\"https:\/\/jinsuncarbon.com\/graphite-carbon\/\"},{\"@type\":\"ListItem\",\"position\":3,\"name\":\"Flexible Graphite Gasket\"}]},{\"@type\":\"WebSite\",\"@id\":\"https:\/\/jinsuncarbon.com\/#website\",\"url\":\"https:\/\/jinsuncarbon.com\/\",\"name\":\"Jinsun Carbon\",\"description\":\"We are the successful graphite electrode manufacturer in China\",\"publisher\":{\"@id\":\"https:\/\/jinsuncarbon.com\/#organization\"},\"potentialAction\":[{\"@type\":\"SearchAction\",\"target\":{\"@type\":\"EntryPoint\",\"urlTemplate\":\"https:\/\/jinsuncarbon.com\/?s={search_term_string}\"},\"query-input\":{\"@type\":\"PropertyValueSpecification\",\"valueRequired\":true,\"valueName\":\"search_term_string\"}}],\"inLanguage\":\"fr-FR\"},{\"@type\":\"Organization\",\"@id\":\"https:\/\/jinsuncarbon.com\/#organization\",\"name\":\"Jinsun Carbon\",\"alternateName\":\"Jinsun Carbon\",\"url\":\"https:\/\/jinsuncarbon.com\/\",\"logo\":{\"@type\":\"ImageObject\",\"inLanguage\":\"fr-FR\",\"@id\":\"https:\/\/jinsuncarbon.com\/#\/schema\/logo\/image\/\",\"url\":\"https:\/\/jinsuncarbon.com\/wp-content\/uploads\/2022\/12\/LOGO-1.png\",\"contentUrl\":\"https:\/\/jinsuncarbon.com\/wp-content\/uploads\/2022\/12\/LOGO-1.png\",\"width\":207,\"height\":80,\"caption\":\"Jinsun Carbon\"},\"image\":{\"@id\":\"https:\/\/jinsuncarbon.com\/#\/schema\/logo\/image\/\"},\"sameAs\":[\"https:\/\/www.facebook.com\/Graphite-Electrode-109336238661595\",\"https:\/\/x.com\/jinsuncarbon_\",\"https:\/\/www.linkedin.com\/in\/jinsungraphite\",\"https:\/\/www.youtube.com\/channel\/UCysDNyvyR5-3cCWEmpkVC0g\"]}]}<\/script>\n<!-- \/ Yoast SEO Premium plugin. -->","yoast_head_json":{"title":"Fabricant de joints flexibles en graphite en Chine","description":"Les joints flexibles en graphite se pr\u00e9sentent sous diff\u00e9rentes formes telles que circulaire, carr\u00e9e et diverses formes irr\u00e9guli\u00e8res et pr\u00e9sentent des avantages remarquables.","robots":{"index":"index","follow":"follow","max-snippet":"max-snippet:-1","max-image-preview":"max-image-preview:large","max-video-preview":"max-video-preview:-1"},"canonical":"https:\/\/jinsuncarbon.com\/fr\/produit-2\/joint-flexible-en-graphite\/","og_locale":"fr_FR","og_type":"article","og_title":"Flexible Graphite Gasket","og_description":"Flexible graphite gasket comes in various shapes such as circular, square, and various irregular forms and has remarkable advantages.","og_url":"https:\/\/jinsuncarbon.com\/fr\/produit-2\/joint-flexible-en-graphite\/","og_site_name":"Jinsun Carbon","article_publisher":"https:\/\/www.facebook.com\/Graphite-Electrode-109336238661595","article_modified_time":"2025-08-18T02:43:59+00:00","og_image":[{"width":1024,"height":763,"url":"https:\/\/jinsuncarbon.com\/wp-content\/uploads\/2025\/08\/Flexible-Graphite-Gasket.jpg","type":"image\/jpeg"}],"twitter_card":"summary_large_image","twitter_site":"@jinsuncarbon_","twitter_misc":{"Dur\u00e9e de lecture estim\u00e9e":"3 minutes"},"schema":{"@context":"https:\/\/schema.org","@graph":[{"@type":"WebPage","@id":"https:\/\/jinsuncarbon.com\/product\/flexible-graphite-gasket\/","url":"https:\/\/jinsuncarbon.com\/product\/flexible-graphite-gasket\/","name":"Fabricant de joints flexibles en graphite en Chine","isPartOf":{"@id":"https:\/\/jinsuncarbon.com\/#website"},"primaryImageOfPage":{"@id":"https:\/\/jinsuncarbon.com\/product\/flexible-graphite-gasket\/#primaryimage"},"image":{"@id":"https:\/\/jinsuncarbon.com\/product\/flexible-graphite-gasket\/#primaryimage"},"thumbnailUrl":"https:\/\/jinsuncarbon.com\/wp-content\/uploads\/2025\/08\/Flexible-Graphite-Gasket.jpg","datePublished":"2025-08-18T02:43:58+00:00","dateModified":"2025-08-18T02:43:59+00:00","description":"Les joints flexibles en graphite se pr\u00e9sentent sous diff\u00e9rentes formes telles que circulaire, carr\u00e9e et diverses formes irr\u00e9guli\u00e8res et pr\u00e9sentent des avantages remarquables.","breadcrumb":{"@id":"https:\/\/jinsuncarbon.com\/product\/flexible-graphite-gasket\/#breadcrumb"},"inLanguage":"fr-FR","potentialAction":[{"@type":"ReadAction","target":["https:\/\/jinsuncarbon.com\/product\/flexible-graphite-gasket\/"]}]},{"@type":"ImageObject","inLanguage":"fr-FR","@id":"https:\/\/jinsuncarbon.com\/product\/flexible-graphite-gasket\/#primaryimage","url":"https:\/\/jinsuncarbon.com\/wp-content\/uploads\/2025\/08\/Flexible-Graphite-Gasket.jpg","contentUrl":"https:\/\/jinsuncarbon.com\/wp-content\/uploads\/2025\/08\/Flexible-Graphite-Gasket.jpg","width":1024,"height":763,"caption":"Flexible Graphite Gasket"},{"@type":"BreadcrumbList","@id":"https:\/\/jinsuncarbon.com\/product\/flexible-graphite-gasket\/#breadcrumb","itemListElement":[{"@type":"ListItem","position":1,"name":"Home","item":"https:\/\/jinsuncarbon.com\/"},{"@type":"ListItem","position":2,"name":"Products","item":"https:\/\/jinsuncarbon.com\/graphite-carbon\/"},{"@type":"ListItem","position":3,"name":"Flexible Graphite Gasket"}]},{"@type":"WebSite","@id":"https:\/\/jinsuncarbon.com\/#website","url":"https:\/\/jinsuncarbon.com\/","name":"Jinsun Carbon","description":"Nous sommes le fabricant d'\u00e9lectrodes en graphite le plus performant de Chine.","publisher":{"@id":"https:\/\/jinsuncarbon.com\/#organization"},"potentialAction":[{"@type":"SearchAction","target":{"@type":"EntryPoint","urlTemplate":"https:\/\/jinsuncarbon.com\/?s={search_term_string}"},"query-input":{"@type":"PropertyValueSpecification","valueRequired":true,"valueName":"search_term_string"}}],"inLanguage":"fr-FR"},{"@type":"Organization","@id":"https:\/\/jinsuncarbon.com\/#organization","name":"Jinsun Carbon","alternateName":"Jinsun Carbon","url":"https:\/\/jinsuncarbon.com\/","logo":{"@type":"ImageObject","inLanguage":"fr-FR","@id":"https:\/\/jinsuncarbon.com\/#\/schema\/logo\/image\/","url":"https:\/\/jinsuncarbon.com\/wp-content\/uploads\/2022\/12\/LOGO-1.png","contentUrl":"https:\/\/jinsuncarbon.com\/wp-content\/uploads\/2022\/12\/LOGO-1.png","width":207,"height":80,"caption":"Jinsun Carbon"},"image":{"@id":"https:\/\/jinsuncarbon.com\/#\/schema\/logo\/image\/"},"sameAs":["https:\/\/www.facebook.com\/Graphite-Electrode-109336238661595","https:\/\/x.com\/jinsuncarbon_","https:\/\/www.linkedin.com\/in\/jinsungraphite","https:\/\/www.youtube.com\/channel\/UCysDNyvyR5-3cCWEmpkVC0g"]}]}},"_links":{"self":[{"href":"https:\/\/jinsuncarbon.com\/fr\/wp-json\/wp\/v2\/product\/8025","targetHints":{"allow":["GET"]}}],"collection":[{"href":"https:\/\/jinsuncarbon.com\/fr\/wp-json\/wp\/v2\/product"}],"about":[{"href":"https:\/\/jinsuncarbon.com\/fr\/wp-json\/wp\/v2\/types\/product"}],"wp:featuredmedia":[{"embeddable":true,"href":"https:\/\/jinsuncarbon.com\/fr\/wp-json\/wp\/v2\/media\/8027"}],"wp:attachment":[{"href":"https:\/\/jinsuncarbon.com\/fr\/wp-json\/wp\/v2\/media?parent=8025"}],"wp:term":[{"taxonomy":"product_brand","embeddable":true,"href":"https:\/\/jinsuncarbon.com\/fr\/wp-json\/wp\/v2\/product_brand?post=8025"},{"taxonomy":"product_cat","embeddable":true,"href":"https:\/\/jinsuncarbon.com\/fr\/wp-json\/wp\/v2\/product_cat?post=8025"},{"taxonomy":"product_tag","embeddable":true,"href":"https:\/\/jinsuncarbon.com\/fr\/wp-json\/wp\/v2\/product_tag?post=8025"}],"curies":[{"name":"wp","href":"https:\/\/api.w.org\/{rel}","templated":true}]}}