{"id":8017,"date":"2025-08-23T08:05:24","date_gmt":"2025-08-23T08:05:24","guid":{"rendered":"https:\/\/jinsuncarbon.com\/?post_type=product&#038;p=8017"},"modified":"2025-08-23T08:05:25","modified_gmt":"2025-08-23T08:05:25","slug":"additif-de-carbone","status":"publish","type":"product","link":"https:\/\/jinsuncarbon.com\/fr\/produit-2\/additif-de-carbone\/","title":{"rendered":"Additif de carbone"},"content":{"rendered":"<h2>Fabricant d'additifs de carbone<\/h2>\n<p><strong><b>Haute teneur en carbone<\/b><\/strong><\/p>\n<p>Il peut rapidement reconstituer les \u00e9l\u00e9ments de carbone pour la fusion du m\u00e9tal.<\/p>\n<p><strong><b>\u00a0<\/b><\/strong><\/p>\n<p><strong><b>Taux d'absorption du carbone \u00e9lev\u00e9 et stable<\/b><\/strong><\/p>\n<p>Il permet de r\u00e9duire les d\u00e9chets de mat\u00e9riaux et d'assurer une composition uniforme du m\u00e9tal.<\/p>\n<p><strong><b>\u00a0<\/b><\/strong><\/p>\n<p><strong><b>Propri\u00e9t\u00e9s chimiques stables<\/b><\/strong><\/p>\n<p>Il n'est pas sujet \u00e0 la d\u00e9composition dans des conditions de fusion \u00e0 haute temp\u00e9rature. Il poss\u00e8de \u00e9galement une large gamme de temp\u00e9ratures d'application, qui peut g\u00e9n\u00e9ralement s'adapter \u00e0 des temp\u00e9ratures sup\u00e9rieures \u00e0 1 300 \u00b0C.<\/p>\n<p><strong><b>\u00a0<\/b><\/strong><\/p>\n<p><strong><b>Faible teneur en impuret\u00e9s<\/b><\/strong><\/p>\n<p>Vous pouvez la contr\u00f4ler en fonction des besoins, ce qui permet de r\u00e9duire les effets n\u00e9gatifs sur les propri\u00e9t\u00e9s du m\u00e9tal.<\/p>\n<p><strong><b>\u00a0<\/b><\/strong><\/p>\n<p>En outre, il est facile \u00e0 stocker et \u00e0 transporter, et la m\u00e9thode d'addition est flexible. Certains types peuvent \u00e9galement am\u00e9liorer la microstructure du m\u00e9tal et les propri\u00e9t\u00e9s m\u00e9caniques de la pi\u00e8ce moul\u00e9e.<\/p>\n<p>&nbsp;<\/p>\n<p><strong><b>3. les types de <\/b><\/strong><strong><b>additif de carbone<\/b><\/strong><\/p>\n<p><strong><b>A base de graphite <\/b><\/strong><strong><b>additif de carbone<\/b><\/strong><\/p>\n<p>Fabriqu\u00e9 \u00e0 partir de graphite naturel, sa teneur en carbone est \u2265 90% et pr\u00e9sente un taux d'impuret\u00e9s extr\u00eamement faible, une dissolution rapide et une grande efficacit\u00e9. Il convient aux sc\u00e9narios exigeant une grande puret\u00e9, tels que l'acier de haute qualit\u00e9 et la fonte de pr\u00e9cision.<\/p>\n<p>&nbsp;<\/p>\n<p><strong><b>A base de coke de p\u00e9trole <\/b><\/strong><strong><b>additif de carbone<\/b><\/strong><strong><b>\u00a0<\/b><\/strong><\/p>\n<p>Il contient du coke brut, du coke calcin\u00e9 et du coke semi-graphite, ce qui permet d'obtenir des performances \u00e9quilibr\u00e9es et une grande rentabilit\u00e9.<\/p>\n<p>&nbsp;<\/p>\n<p><strong><b>A base d'anthracite <\/b><\/strong><strong><b>additif de carbone<\/b><\/strong><\/p>\n<p>L'utilisation <a href=\"https:\/\/jinsuncarbon.com\/fr\/produit-2\/coke-metallurgique\/\">coke m\u00e9tallurgique<\/a> et le coke de coul\u00e9e comme mati\u00e8res premi\u00e8res, sa teneur en carbone est d'environ 70%-90%. Son prix est bas, mais il contient beaucoup d'impuret\u00e9s et a un effet instable. Il peut donc \u00eatre utilis\u00e9 pour les pi\u00e8ces coul\u00e9es bas de gamme.<\/p>\n<p>&nbsp;<\/p>\n<p><strong><b>A base de charbon <\/b><\/strong><strong><b>additif de carbone<\/b><\/strong><\/p>\n<p>Il est produit \u00e0 partir d'anthracite par un traitement \u00e0 haute temp\u00e9rature, avec une teneur en carbone de 85%-90%. Il est peu co\u00fbteux mais peu actif, ce qui convient \u00e0 des sc\u00e9narios exigeant une faible vitesse d'ajout de carbone.<\/p>\n<p>&nbsp;<\/p>\n<p><strong><b>Autres types<\/b><\/strong><\/p>\n<p>Comme le coke de p\u00e9trole graphit\u00e9, dont le carbone est \u2265 99%, soit pr\u00e8s de 1,5 million d'euros. <a href=\"https:\/\/jinsuncarbon.com\/fr\/produit-2\/graphite-naturel\/\">graphite naturel<\/a>. Additif de carbone \u00e0 base de carbure de silicium, qui combine l'ajout de carbone et la d\u00e9soxydation, utilis\u00e9 pour des processus sp\u00e9cifiques.<\/p>\n<p><strong><b>\u00a0<\/b><\/strong><\/p>\n<h2>Utilisations de l'additif carbone<\/h2>\n<p><strong><b>Dans l'industrie du moulage<\/b><\/strong><\/p>\n<p><strong><b>P<\/b><\/strong><strong><b>roduction de fonte grise<\/b><\/strong><\/p>\n<p>Vous pouvez l'utiliser pour compl\u00e9ter la teneur en carbone du fer fondu et stabiliser l'\u00e9quivalent en carbone de l'acier. <a href=\"https:\/\/en.wikipedia.org\/wiki\/Cast_iron\" target=\"_blank\" rel=\"noopener\">fonte<\/a>. Il am\u00e9liore les performances de coupe et les propri\u00e9t\u00e9s m\u00e9caniques des pi\u00e8ces moul\u00e9es, largement utilis\u00e9es dans les pi\u00e8ces moul\u00e9es telles que les b\u00e2tis de machines.<\/p>\n<p>&nbsp;<\/p>\n<p><strong><b>P<\/b><\/strong><strong><b>roduction de fonte ductile<\/b><\/strong><\/p>\n<p>Il peut \u00eatre utilis\u00e9 comme source cl\u00e9 de carbone, en combinaison avec des agents de sph\u00e9ro\u00efdisation pour promouvoir la sph\u00e9ro\u00efdisation du graphite. Il am\u00e9liore la t\u00e9nacit\u00e9 et la r\u00e9sistance de la fonte, qui est souvent utilis\u00e9e dans les pi\u00e8ces moul\u00e9es \u00e0 haute r\u00e9sistance.<\/p>\n<p>&nbsp;<\/p>\n<p><strong><b>Dans l'acier<\/b><\/strong><strong><b>&#8211;<\/b><\/strong><strong><b>faire du terrain<\/b><\/strong><\/p>\n<p><strong><b>E<\/b><\/strong><strong><b>Acier de four \u00e0 arc \u00e9lectrique<\/b><\/strong><strong><b>&#8211;<\/b><\/strong><strong><b>fabrication<\/b><\/strong><\/p>\n<p>Vous pouvez l'utiliser pour compl\u00e9ter le carbone pendant la fusion de la ferraille d'acier, pour la production d'acier au carbone, d'acier de construction alli\u00e9, etc.<\/p>\n<p>&nbsp;<\/p>\n<p><strong><b>P<\/b><\/strong><strong><b>roduction d'aciers sp\u00e9ciaux<\/b><\/strong><\/p>\n<p>Utilis\u00e9 comme acier \u00e0 outils et acier \u00e0 roulements, il permet de contr\u00f4ler la teneur en impuret\u00e9s du carbonisateur. Il r\u00e9duit ensuite les \u00e9l\u00e9ments nocifs dans l'acier, ce qui am\u00e9liore la duret\u00e9 et la r\u00e9sistance \u00e0 l'usure de l'acier.<\/p>\n<p>&nbsp;<\/p>\n<p><strong><b>Dans d'autres domaines<\/b><\/strong><\/p>\n<p><strong><b>P<\/b><\/strong><strong><b>m\u00e9tallurgie owder<\/b><\/strong><\/p>\n<p>On peut l'ajouter comme source de carbone aux poudres m\u00e9talliques pour am\u00e9liorer la densit\u00e9 et la r\u00e9sistance des produits de m\u00e9tallurgie des poudres.<\/p>\n<p>&nbsp;<\/p>\n<p><strong><b>E<\/b><\/strong><strong><b>fabrication de lectrodes<\/b><\/strong><\/p>\n<p>Vous pouvez \u00e9galement l'utiliser comme mati\u00e8re premi\u00e8re \u00e0 base de carbone pour ajuster la teneur en carbone de l'\u00e9lectrode. Cela permet d'am\u00e9liorer la conductivit\u00e9 et la stabilit\u00e9 \u00e0 haute temp\u00e9rature de l'\u00e9lectrode.<\/p>","protected":false},"excerpt":{"rendered":"<p>L'additif de carbone est un mat\u00e9riau industriel principalement compos\u00e9 de carbone, g\u00e9n\u00e9ralement fabriqu\u00e9 \u00e0 partir de mati\u00e8res premi\u00e8res telles que le coke de p\u00e9trole, le graphite et le charbon. Sa fonction principale est d'ajuster la teneur en carbone du fer ou de l'acier en fusion en y introduisant du carbone. Gr\u00e2ce \u00e0 sa capacit\u00e9 de r\u00e9approvisionnement en carbone et \u00e0 ses propri\u00e9t\u00e9s chimiques stables, il est largement utilis\u00e9 dans des domaines tels que la fabrication de l'acier, la production de fonte et le moulage. Il s'agit d'un mat\u00e9riau pratique et fiable, qui convient parfaitement au contr\u00f4le pr\u00e9cis des exigences en mati\u00e8re de teneur en carbone des m\u00e9taux.<\/p>","protected":false},"featured_media":8033,"template":"","meta":[],"product_brand":[],"product_cat":[39],"product_tag":[],"class_list":{"0":"post-8017","1":"product","2":"type-product","3":"status-publish","4":"has-post-thumbnail","6":"product_cat-carbon-products","8":"first","9":"instock","10":"shipping-taxable","11":"product-type-simple"},"yoast_head":"<!-- This site is optimized with the Yoast SEO Premium plugin v19.2.1 (Yoast SEO v25.3) - https:\/\/yoast.com\/wordpress\/plugins\/seo\/ -->\n<title>Carbon Additive Manufacturer in China<\/title>\n<meta name=\"description\" content=\"Carbon additive manufacturer in China, Jinsun can manufacture according to your specifications. Contact us today.\" \/>\n<meta name=\"robots\" content=\"index, follow, max-snippet:-1, max-image-preview:large, max-video-preview:-1\" \/>\n<link rel=\"canonical\" href=\"https:\/\/jinsuncarbon.com\/fr\/produit-2\/additif-de-carbone\/\" \/>\n<meta property=\"og:locale\" content=\"fr_FR\" \/>\n<meta property=\"og:type\" content=\"article\" \/>\n<meta property=\"og:title\" content=\"Carbon Additive\" \/>\n<meta property=\"og:description\" content=\"Carbon additive manufacturer in China, Jinsun can manufacture according to your specifications. Contact us today.\" \/>\n<meta property=\"og:url\" content=\"https:\/\/jinsuncarbon.com\/fr\/produit-2\/additif-de-carbone\/\" \/>\n<meta property=\"og:site_name\" content=\"Jinsun Carbon\" \/>\n<meta property=\"article:publisher\" content=\"https:\/\/www.facebook.com\/Graphite-Electrode-109336238661595\" \/>\n<meta property=\"article:modified_time\" content=\"2025-08-23T08:05:25+00:00\" \/>\n<meta property=\"og:image\" content=\"https:\/\/jinsuncarbon.com\/wp-content\/uploads\/2025\/08\/Carbon-Additive.jpg\" \/>\n\t<meta property=\"og:image:width\" content=\"1024\" \/>\n\t<meta property=\"og:image:height\" content=\"763\" \/>\n\t<meta property=\"og:image:type\" content=\"image\/jpeg\" \/>\n<meta name=\"twitter:card\" content=\"summary_large_image\" \/>\n<meta name=\"twitter:site\" content=\"@jinsuncarbon_\" \/>\n<meta name=\"twitter:label1\" content=\"Dur\u00e9e de lecture estim\u00e9e\" \/>\n\t<meta name=\"twitter:data1\" content=\"3 minutes\" \/>\n<script type=\"application\/ld+json\" class=\"yoast-schema-graph\">{\"@context\":\"https:\/\/schema.org\",\"@graph\":[{\"@type\":\"WebPage\",\"@id\":\"https:\/\/jinsuncarbon.com\/product\/carbon-additive\/\",\"url\":\"https:\/\/jinsuncarbon.com\/product\/carbon-additive\/\",\"name\":\"Carbon Additive Manufacturer in China\",\"isPartOf\":{\"@id\":\"https:\/\/jinsuncarbon.com\/#website\"},\"primaryImageOfPage\":{\"@id\":\"https:\/\/jinsuncarbon.com\/product\/carbon-additive\/#primaryimage\"},\"image\":{\"@id\":\"https:\/\/jinsuncarbon.com\/product\/carbon-additive\/#primaryimage\"},\"thumbnailUrl\":\"https:\/\/jinsuncarbon.com\/wp-content\/uploads\/2025\/08\/Carbon-Additive.jpg\",\"datePublished\":\"2025-08-23T08:05:24+00:00\",\"dateModified\":\"2025-08-23T08:05:25+00:00\",\"description\":\"Carbon additive manufacturer in China, Jinsun can manufacture according to your specifications. Contact us today.\",\"breadcrumb\":{\"@id\":\"https:\/\/jinsuncarbon.com\/product\/carbon-additive\/#breadcrumb\"},\"inLanguage\":\"fr-FR\",\"potentialAction\":[{\"@type\":\"ReadAction\",\"target\":[\"https:\/\/jinsuncarbon.com\/product\/carbon-additive\/\"]}]},{\"@type\":\"ImageObject\",\"inLanguage\":\"fr-FR\",\"@id\":\"https:\/\/jinsuncarbon.com\/product\/carbon-additive\/#primaryimage\",\"url\":\"https:\/\/jinsuncarbon.com\/wp-content\/uploads\/2025\/08\/Carbon-Additive.jpg\",\"contentUrl\":\"https:\/\/jinsuncarbon.com\/wp-content\/uploads\/2025\/08\/Carbon-Additive.jpg\",\"width\":1024,\"height\":763,\"caption\":\"Carbon Additive\"},{\"@type\":\"BreadcrumbList\",\"@id\":\"https:\/\/jinsuncarbon.com\/product\/carbon-additive\/#breadcrumb\",\"itemListElement\":[{\"@type\":\"ListItem\",\"position\":1,\"name\":\"Home\",\"item\":\"https:\/\/jinsuncarbon.com\/\"},{\"@type\":\"ListItem\",\"position\":2,\"name\":\"Products\",\"item\":\"https:\/\/jinsuncarbon.com\/graphite-carbon\/\"},{\"@type\":\"ListItem\",\"position\":3,\"name\":\"Carbon Additive\"}]},{\"@type\":\"WebSite\",\"@id\":\"https:\/\/jinsuncarbon.com\/#website\",\"url\":\"https:\/\/jinsuncarbon.com\/\",\"name\":\"Jinsun Carbon\",\"description\":\"We are the successful graphite electrode manufacturer in China\",\"publisher\":{\"@id\":\"https:\/\/jinsuncarbon.com\/#organization\"},\"potentialAction\":[{\"@type\":\"SearchAction\",\"target\":{\"@type\":\"EntryPoint\",\"urlTemplate\":\"https:\/\/jinsuncarbon.com\/?s={search_term_string}\"},\"query-input\":{\"@type\":\"PropertyValueSpecification\",\"valueRequired\":true,\"valueName\":\"search_term_string\"}}],\"inLanguage\":\"fr-FR\"},{\"@type\":\"Organization\",\"@id\":\"https:\/\/jinsuncarbon.com\/#organization\",\"name\":\"Jinsun Carbon\",\"alternateName\":\"Jinsun Carbon\",\"url\":\"https:\/\/jinsuncarbon.com\/\",\"logo\":{\"@type\":\"ImageObject\",\"inLanguage\":\"fr-FR\",\"@id\":\"https:\/\/jinsuncarbon.com\/#\/schema\/logo\/image\/\",\"url\":\"https:\/\/jinsuncarbon.com\/wp-content\/uploads\/2022\/12\/LOGO-1.png\",\"contentUrl\":\"https:\/\/jinsuncarbon.com\/wp-content\/uploads\/2022\/12\/LOGO-1.png\",\"width\":207,\"height\":80,\"caption\":\"Jinsun Carbon\"},\"image\":{\"@id\":\"https:\/\/jinsuncarbon.com\/#\/schema\/logo\/image\/\"},\"sameAs\":[\"https:\/\/www.facebook.com\/Graphite-Electrode-109336238661595\",\"https:\/\/x.com\/jinsuncarbon_\",\"https:\/\/www.linkedin.com\/in\/jinsungraphite\",\"https:\/\/www.youtube.com\/channel\/UCysDNyvyR5-3cCWEmpkVC0g\"]}]}<\/script>\n<!-- \/ Yoast SEO Premium plugin. -->","yoast_head_json":{"title":"Fabricant d'additifs de carbone en Chine","description":"Fabricant d'additifs carbone en Chine, Jinsun peut fabriquer selon vos sp\u00e9cifications. Contactez-nous d\u00e8s aujourd'hui.","robots":{"index":"index","follow":"follow","max-snippet":"max-snippet:-1","max-image-preview":"max-image-preview:large","max-video-preview":"max-video-preview:-1"},"canonical":"https:\/\/jinsuncarbon.com\/fr\/produit-2\/additif-de-carbone\/","og_locale":"fr_FR","og_type":"article","og_title":"Carbon Additive","og_description":"Carbon additive manufacturer in China, Jinsun can manufacture according to your specifications. Contact us today.","og_url":"https:\/\/jinsuncarbon.com\/fr\/produit-2\/additif-de-carbone\/","og_site_name":"Jinsun Carbon","article_publisher":"https:\/\/www.facebook.com\/Graphite-Electrode-109336238661595","article_modified_time":"2025-08-23T08:05:25+00:00","og_image":[{"width":1024,"height":763,"url":"https:\/\/jinsuncarbon.com\/wp-content\/uploads\/2025\/08\/Carbon-Additive.jpg","type":"image\/jpeg"}],"twitter_card":"summary_large_image","twitter_site":"@jinsuncarbon_","twitter_misc":{"Dur\u00e9e de lecture estim\u00e9e":"3 minutes"},"schema":{"@context":"https:\/\/schema.org","@graph":[{"@type":"WebPage","@id":"https:\/\/jinsuncarbon.com\/product\/carbon-additive\/","url":"https:\/\/jinsuncarbon.com\/product\/carbon-additive\/","name":"Fabricant d'additifs de carbone en Chine","isPartOf":{"@id":"https:\/\/jinsuncarbon.com\/#website"},"primaryImageOfPage":{"@id":"https:\/\/jinsuncarbon.com\/product\/carbon-additive\/#primaryimage"},"image":{"@id":"https:\/\/jinsuncarbon.com\/product\/carbon-additive\/#primaryimage"},"thumbnailUrl":"https:\/\/jinsuncarbon.com\/wp-content\/uploads\/2025\/08\/Carbon-Additive.jpg","datePublished":"2025-08-23T08:05:24+00:00","dateModified":"2025-08-23T08:05:25+00:00","description":"Fabricant d'additifs carbone en Chine, Jinsun peut fabriquer selon vos sp\u00e9cifications. Contactez-nous d\u00e8s aujourd'hui.","breadcrumb":{"@id":"https:\/\/jinsuncarbon.com\/product\/carbon-additive\/#breadcrumb"},"inLanguage":"fr-FR","potentialAction":[{"@type":"ReadAction","target":["https:\/\/jinsuncarbon.com\/product\/carbon-additive\/"]}]},{"@type":"ImageObject","inLanguage":"fr-FR","@id":"https:\/\/jinsuncarbon.com\/product\/carbon-additive\/#primaryimage","url":"https:\/\/jinsuncarbon.com\/wp-content\/uploads\/2025\/08\/Carbon-Additive.jpg","contentUrl":"https:\/\/jinsuncarbon.com\/wp-content\/uploads\/2025\/08\/Carbon-Additive.jpg","width":1024,"height":763,"caption":"Carbon Additive"},{"@type":"BreadcrumbList","@id":"https:\/\/jinsuncarbon.com\/product\/carbon-additive\/#breadcrumb","itemListElement":[{"@type":"ListItem","position":1,"name":"Home","item":"https:\/\/jinsuncarbon.com\/"},{"@type":"ListItem","position":2,"name":"Products","item":"https:\/\/jinsuncarbon.com\/graphite-carbon\/"},{"@type":"ListItem","position":3,"name":"Carbon Additive"}]},{"@type":"WebSite","@id":"https:\/\/jinsuncarbon.com\/#website","url":"https:\/\/jinsuncarbon.com\/","name":"Jinsun Carbon","description":"Nous sommes le fabricant d'\u00e9lectrodes en graphite le plus performant de Chine.","publisher":{"@id":"https:\/\/jinsuncarbon.com\/#organization"},"potentialAction":[{"@type":"SearchAction","target":{"@type":"EntryPoint","urlTemplate":"https:\/\/jinsuncarbon.com\/?s={search_term_string}"},"query-input":{"@type":"PropertyValueSpecification","valueRequired":true,"valueName":"search_term_string"}}],"inLanguage":"fr-FR"},{"@type":"Organization","@id":"https:\/\/jinsuncarbon.com\/#organization","name":"Jinsun Carbon","alternateName":"Jinsun Carbon","url":"https:\/\/jinsuncarbon.com\/","logo":{"@type":"ImageObject","inLanguage":"fr-FR","@id":"https:\/\/jinsuncarbon.com\/#\/schema\/logo\/image\/","url":"https:\/\/jinsuncarbon.com\/wp-content\/uploads\/2022\/12\/LOGO-1.png","contentUrl":"https:\/\/jinsuncarbon.com\/wp-content\/uploads\/2022\/12\/LOGO-1.png","width":207,"height":80,"caption":"Jinsun Carbon"},"image":{"@id":"https:\/\/jinsuncarbon.com\/#\/schema\/logo\/image\/"},"sameAs":["https:\/\/www.facebook.com\/Graphite-Electrode-109336238661595","https:\/\/x.com\/jinsuncarbon_","https:\/\/www.linkedin.com\/in\/jinsungraphite","https:\/\/www.youtube.com\/channel\/UCysDNyvyR5-3cCWEmpkVC0g"]}]}},"_links":{"self":[{"href":"https:\/\/jinsuncarbon.com\/fr\/wp-json\/wp\/v2\/product\/8017","targetHints":{"allow":["GET"]}}],"collection":[{"href":"https:\/\/jinsuncarbon.com\/fr\/wp-json\/wp\/v2\/product"}],"about":[{"href":"https:\/\/jinsuncarbon.com\/fr\/wp-json\/wp\/v2\/types\/product"}],"wp:featuredmedia":[{"embeddable":true,"href":"https:\/\/jinsuncarbon.com\/fr\/wp-json\/wp\/v2\/media\/8033"}],"wp:attachment":[{"href":"https:\/\/jinsuncarbon.com\/fr\/wp-json\/wp\/v2\/media?parent=8017"}],"wp:term":[{"taxonomy":"product_brand","embeddable":true,"href":"https:\/\/jinsuncarbon.com\/fr\/wp-json\/wp\/v2\/product_brand?post=8017"},{"taxonomy":"product_cat","embeddable":true,"href":"https:\/\/jinsuncarbon.com\/fr\/wp-json\/wp\/v2\/product_cat?post=8017"},{"taxonomy":"product_tag","embeddable":true,"href":"https:\/\/jinsuncarbon.com\/fr\/wp-json\/wp\/v2\/product_tag?post=8017"}],"curies":[{"name":"wp","href":"https:\/\/api.w.org\/{rel}","templated":true}]}}