{"id":8016,"date":"2025-09-25T07:43:05","date_gmt":"2025-09-25T07:43:05","guid":{"rendered":"https:\/\/jinsuncarbon.com\/?post_type=product&#038;p=8016"},"modified":"2025-09-25T07:43:07","modified_gmt":"2025-09-25T07:43:07","slug":"fibre-de-carbone-activee","status":"publish","type":"product","link":"https:\/\/jinsuncarbon.com\/fr\/produit-2\/fibre-de-carbone-activee\/","title":{"rendered":"Fibre de carbone activ\u00e9e"},"content":{"rendered":"<p>La fibre de carbone activ\u00e9e se pr\u00e9sente g\u00e9n\u00e9ralement sous la forme de tapis, de tissus, <a href=\"https:\/\/jinsuncarbon.com\/fr\/produit-2\/feuille-de-fibre-de-carbone\/\">feuilles<\/a> ou des fils, et il pr\u00e9sente des avantages remarquables.<\/p>\n<p><strong><b>E<\/b><\/strong><strong><b>Surface sp\u00e9cifique extr\u00eamement \u00e9lev\u00e9e<\/b><\/strong><\/p>\n<p>Sa surface sp\u00e9cifique atteint 1000-3000 m\u00b2\/g, ce qui lui conf\u00e8re une grande capacit\u00e9 d'adsorption.<\/p>\n<p>&nbsp;<\/p>\n<p><strong><b>Micropores uniform\u00e9ment r\u00e9partis<\/b><\/strong><strong><b>\u00a0et de petits diam\u00e8tres<\/b><\/strong><\/p>\n<p>Ses diam\u00e8tres sont g\u00e9n\u00e9ralement de 1 \u00e0 2 nm, ce qui se traduit par une vitesse d'adsorption rapide. L'efficacit\u00e9 d'adsorption des substances \u00e0 petites mol\u00e9cules est donc beaucoup plus \u00e9lev\u00e9e que celle du charbon actif traditionnel.<\/p>\n<p>&nbsp;<\/p>\n<p><strong><b>G<\/b><\/strong><strong><b>Bonne stabilit\u00e9 chimique<\/b><\/strong><\/p>\n<p>Il peut r\u00e9sister aux acides et aux alcalis et maintenir des performances stables dans une large gamme de temp\u00e9ratures, g\u00e9n\u00e9ralement de -100\u00b0C \u00e0 300\u00b0C.<\/p>\n<p>&nbsp;<\/p>\n<p><strong><b>E<\/b><\/strong><strong><b>asy \u00e0 r\u00e9g\u00e9n\u00e9rer<\/b><\/strong><\/p>\n<p>Sa capacit\u00e9 d'adsorption peut \u00eatre restaur\u00e9e par le chauffage, le lavage \u00e0 l'eau, etc. et peut \u00eatre r\u00e9utilis\u00e9e.<\/p>\n<p>&nbsp;<\/p>\n<p><strong><b>G<\/b><\/strong><strong><b>a bonne flexibilit\u00e9<\/b><\/strong><\/p>\n<p>Il peut ainsi \u00eatre facilement transform\u00e9 en diff\u00e9rentes formes. En fonction de vos exigences sp\u00e9cifiques, il sera transform\u00e9 pour r\u00e9pondre \u00e0 vos normes de sp\u00e9cification.<\/p>\n<p>&nbsp;<\/p>\n<p>En outre, vous pouvez \u00e9galement choisir des fibres de charbon actif \u00e0 base de viscose, des fibres de charbon actif \u00e0 base de polyacrylonitrile, des fibres de charbon actif \u00e0 base de ph\u00e9nol ou d'autres types de fibres de charbon actif.<\/p>\n<p>&nbsp;<\/p>\n<p><strong><b>E<\/b><\/strong><strong><b>xcellente conductivit\u00e9 \u00e9lectrique<\/b><\/strong><\/p>\n<p>Il poss\u00e8de de bonnes capacit\u00e9s d'adsorption des ions de m\u00e9taux lourds, ce qui peut \u00eatre utilis\u00e9 dans des sc\u00e9narios n\u00e9cessitant une conductivit\u00e9 \u00e9lectrique.<\/p>\n<p><strong><b>\u00a0<\/b><\/strong><\/p>\n<h2>Utilisations de la fibre de carbone activ\u00e9e<\/h2>\n<p><strong><b>Domaine de la purification de l'environnement <\/b><\/strong><\/p>\n<p><strong><b>Purification de l'air<\/b><\/strong><\/p>\n<p>Il peut adsorber les gaz nocifs tels que le formald\u00e9hyde, le benz\u00e8ne et les COVT pr\u00e9sents dans l'air, ce qui permet d'am\u00e9liorer efficacement la qualit\u00e9 de l'air. Il peut donc \u00eatre utilis\u00e9 dans les purificateurs d'air int\u00e9rieur, les filtres de climatisation des voitures, les \u00e9quipements de traitement des gaz d'\u00e9chappement industriels, etc.<\/p>\n<p><strong><b>\u00a0<\/b><\/strong><\/p>\n<p><strong><b>Traitement de l'eau<\/b><\/strong><\/p>\n<p>Il peut \u00e9liminer efficacement les substances organiques, <a href=\"https:\/\/www.sciencedirect.com\/topics\/engineering\/heavy-metal-ion\" target=\"_blank\" rel=\"noopener\">ions de m\u00e9taux lourds<\/a>L'\u00e9puration de l'eau permet d'\u00e9liminer les substances toxiques, les odeurs et les pigments pr\u00e9sents dans l'eau. Il peut donc \u00eatre utilis\u00e9 pour la purification de l'eau potable, le traitement des eaux us\u00e9es industrielles et le traitement des eaux d'\u00e9gout.<\/p>\n<p>&nbsp;<\/p>\n<p><strong><b>Champ de protection <\/b><\/strong><\/p>\n<p>En tant que mat\u00e9riau filtrant de base pour les masques \u00e0 gaz et les combinaisons de protection, il peut adsorber rapidement les gaz toxiques, les vapeurs et les particules. Il peut donc prot\u00e9ger la s\u00e9curit\u00e9 du personnel dans des environnements dangereux tels que ceux des industries chimiques et militaires.<\/p>\n<p>&nbsp;<\/p>\n<p><strong><b>Secteur de l'\u00e9nergie <\/b><\/strong><\/p>\n<p>En raison de sa structure poreuse et de sa conductivit\u00e9, il peut \u00eatre utilis\u00e9 comme mat\u00e9riau d'\u00e9lectrode pour les supercondensateurs et les batteries lithium-ion. Il peut augmenter la capacit\u00e9 de stockage de la batterie et am\u00e9liorer son efficacit\u00e9 de charge et de d\u00e9charge.<\/p>\n<p>&nbsp;<\/p>\n<p><strong><b>Domaine m\u00e9dical<\/b><\/strong><\/p>\n<p>Il peut \u00eatre utilis\u00e9 dans les dispositifs de purification du sang pour adsorber les toxines pr\u00e9sentes dans le sang. En outre, il peut adsorber les substances nocives exsud\u00e9es par les plaies et favoriser la cicatrisation. Il peut \u00e9galement \u00eatre utilis\u00e9 dans les pansements antibact\u00e9riens.<\/p>\n<p><strong><b>\u00a0<\/b><\/strong><\/p>\n<p><strong><b>Secteur industriel <\/b><\/strong><\/p>\n<p><strong><b>R\u00e9cup\u00e9ration des solvants<\/b><\/strong><\/p>\n<p>Dans la production chimique, il peut r\u00e9cup\u00e9rer des solvants organiques tels que l'ac\u00e9tone et l'\u00e9thanol, ce qui permet de recycler et de r\u00e9utiliser les ressources.<\/p>\n<p>&nbsp;<\/p>\n<p><strong><b>Soutien au catalyseur<\/b><\/strong><\/p>\n<p>En l'utilisant comme support pour les catalyseurs, sa structure poreuse est utilis\u00e9e pour am\u00e9liorer l'efficacit\u00e9 des r\u00e9actions catalytiques.<\/p>","protected":false},"excerpt":{"rendered":"<p>La fibre de carbone activ\u00e9e est un mat\u00e9riau de carbone poreux produit \u00e0 partir de mat\u00e9riaux semblables \u00e0 des fibres (tels que le polyacrylonitrile, la r\u00e9sine ph\u00e9nolique, la fibre de viscose, etc.) ). Elle est fabriqu\u00e9e par des processus tels que la carbonisation et l'activation et est abr\u00e9g\u00e9e en ACF. Il pr\u00e9sente une surface sp\u00e9cifique extr\u00eamement importante, une structure microporeuse abondante et d'excellentes performances d'adsorption. Il pr\u00e9sente donc une grande valeur d'application dans divers domaines tels que la protection et la purification de l'environnement. Il s'agit d'un mat\u00e9riau d'adsorption fonctionnel tr\u00e8s performant, qui peut r\u00e9pondre aux besoins de diverses s\u00e9parations et purifications pr\u00e9cises. Par exemple, dans les masques \u00e0 gaz, il peut adsorber rapidement les gaz toxiques, dans le traitement de l'eau, il peut \u00e9liminer efficacement les polluants \u00e0 l'\u00e9tat de traces.<\/p>","protected":false},"featured_media":8081,"template":"","meta":[],"product_brand":[],"product_cat":[39],"product_tag":[],"class_list":{"0":"post-8016","1":"product","2":"type-product","3":"status-publish","4":"has-post-thumbnail","6":"product_cat-carbon-products","8":"first","9":"instock","10":"shipping-taxable","11":"product-type-simple"},"yoast_head":"<!-- This site is optimized with the Yoast SEO Premium plugin v19.2.1 (Yoast SEO v27.5) - https:\/\/yoast.com\/product\/yoast-seo-premium-wordpress\/ -->\n<title>Activated Carbon Fiber | Jinsun Carbon<\/title>\n<meta name=\"robots\" content=\"index, follow, max-snippet:-1, max-image-preview:large, max-video-preview:-1\" \/>\n<link rel=\"canonical\" href=\"https:\/\/jinsuncarbon.com\/fr\/produit-2\/fibre-de-carbone-activee\/\" \/>\n<meta property=\"og:locale\" content=\"fr_FR\" \/>\n<meta property=\"og:type\" content=\"article\" \/>\n<meta property=\"og:title\" content=\"Activated Carbon Fiber\" \/>\n<meta property=\"og:description\" content=\"Activated carbon fiber is a porous carbon material produced from fiber-like materials (such as polyacrylonitrile, phenolic resin, viscose fiber, etc.). It is made through processes such as carbonization and activation and is abbreviated as ACF. And it has extremely large specific surface area, abundant microporous structure, and excellent adsorption performance. So it demonstrates high application value in various fields such as environmental protection and purification. It is a highly performing functional adsorption material, which can meet the needs of various precise separation and purification. For example, in gas masks, it can quickly adsorb toxic gases, in water treatment, it can efficiently remove trace pollutants.\" \/>\n<meta property=\"og:url\" content=\"https:\/\/jinsuncarbon.com\/fr\/produit-2\/fibre-de-carbone-activee\/\" \/>\n<meta property=\"og:site_name\" content=\"Jinsun Carbon\" \/>\n<meta property=\"article:publisher\" content=\"https:\/\/www.facebook.com\/Graphite-Electrode-109336238661595\" \/>\n<meta property=\"article:modified_time\" content=\"2025-09-25T07:43:07+00:00\" \/>\n<meta property=\"og:image\" content=\"https:\/\/jinsuncarbon.com\/wp-content\/uploads\/2025\/08\/Activated-carbon-fiber.png\" \/>\n\t<meta property=\"og:image:width\" content=\"936\" \/>\n\t<meta property=\"og:image:height\" content=\"852\" \/>\n\t<meta property=\"og:image:type\" content=\"image\/png\" \/>\n<meta name=\"twitter:card\" content=\"summary_large_image\" \/>\n<meta name=\"twitter:site\" content=\"@jinsuncarbon_\" \/>\n<meta name=\"twitter:label1\" content=\"Dur\u00e9e de lecture estim\u00e9e\" \/>\n\t<meta name=\"twitter:data1\" content=\"3 minutes\" \/>\n<script type=\"application\/ld+json\" class=\"yoast-schema-graph\">{\"@context\":\"https:\\\/\\\/schema.org\",\"@graph\":[{\"@type\":\"WebPage\",\"@id\":\"https:\\\/\\\/jinsuncarbon.com\\\/product\\\/activated-carbon-fiber\\\/\",\"url\":\"https:\\\/\\\/jinsuncarbon.com\\\/product\\\/activated-carbon-fiber\\\/\",\"name\":\"Activated Carbon Fiber | Jinsun Carbon\",\"isPartOf\":{\"@id\":\"https:\\\/\\\/jinsuncarbon.com\\\/#website\"},\"primaryImageOfPage\":{\"@id\":\"https:\\\/\\\/jinsuncarbon.com\\\/product\\\/activated-carbon-fiber\\\/#primaryimage\"},\"image\":{\"@id\":\"https:\\\/\\\/jinsuncarbon.com\\\/product\\\/activated-carbon-fiber\\\/#primaryimage\"},\"thumbnailUrl\":\"https:\\\/\\\/jinsuncarbon.com\\\/wp-content\\\/uploads\\\/2025\\\/08\\\/Activated-carbon-fiber.png\",\"datePublished\":\"2025-09-25T07:43:05+00:00\",\"dateModified\":\"2025-09-25T07:43:07+00:00\",\"breadcrumb\":{\"@id\":\"https:\\\/\\\/jinsuncarbon.com\\\/product\\\/activated-carbon-fiber\\\/#breadcrumb\"},\"inLanguage\":\"fr-FR\",\"potentialAction\":[{\"@type\":\"ReadAction\",\"target\":[\"https:\\\/\\\/jinsuncarbon.com\\\/product\\\/activated-carbon-fiber\\\/\"]}]},{\"@type\":\"ImageObject\",\"inLanguage\":\"fr-FR\",\"@id\":\"https:\\\/\\\/jinsuncarbon.com\\\/product\\\/activated-carbon-fiber\\\/#primaryimage\",\"url\":\"https:\\\/\\\/jinsuncarbon.com\\\/wp-content\\\/uploads\\\/2025\\\/08\\\/Activated-carbon-fiber.png\",\"contentUrl\":\"https:\\\/\\\/jinsuncarbon.com\\\/wp-content\\\/uploads\\\/2025\\\/08\\\/Activated-carbon-fiber.png\",\"width\":936,\"height\":852,\"caption\":\"Activated carbon fiber\"},{\"@type\":\"BreadcrumbList\",\"@id\":\"https:\\\/\\\/jinsuncarbon.com\\\/product\\\/activated-carbon-fiber\\\/#breadcrumb\",\"itemListElement\":[{\"@type\":\"ListItem\",\"position\":1,\"name\":\"Home\",\"item\":\"https:\\\/\\\/jinsuncarbon.com\\\/\"},{\"@type\":\"ListItem\",\"position\":2,\"name\":\"Products\",\"item\":\"https:\\\/\\\/jinsuncarbon.com\\\/graphite-carbon\\\/\"},{\"@type\":\"ListItem\",\"position\":3,\"name\":\"Activated Carbon Fiber\"}]},{\"@type\":\"WebSite\",\"@id\":\"https:\\\/\\\/jinsuncarbon.com\\\/#website\",\"url\":\"https:\\\/\\\/jinsuncarbon.com\\\/\",\"name\":\"Jinsun Carbon\",\"description\":\"We are the successful graphite electrode manufacturer in China\",\"publisher\":{\"@id\":\"https:\\\/\\\/jinsuncarbon.com\\\/#organization\"},\"potentialAction\":[{\"@type\":\"SearchAction\",\"target\":{\"@type\":\"EntryPoint\",\"urlTemplate\":\"https:\\\/\\\/jinsuncarbon.com\\\/?s={search_term_string}\"},\"query-input\":{\"@type\":\"PropertyValueSpecification\",\"valueRequired\":true,\"valueName\":\"search_term_string\"}}],\"inLanguage\":\"fr-FR\"},{\"@type\":\"Organization\",\"@id\":\"https:\\\/\\\/jinsuncarbon.com\\\/#organization\",\"name\":\"Jinsun Carbon\",\"alternateName\":\"Jinsun Carbon\",\"url\":\"https:\\\/\\\/jinsuncarbon.com\\\/\",\"logo\":{\"@type\":\"ImageObject\",\"inLanguage\":\"fr-FR\",\"@id\":\"https:\\\/\\\/jinsuncarbon.com\\\/#\\\/schema\\\/logo\\\/image\\\/\",\"url\":\"https:\\\/\\\/jinsuncarbon.com\\\/wp-content\\\/uploads\\\/2022\\\/12\\\/LOGO-1.png\",\"contentUrl\":\"https:\\\/\\\/jinsuncarbon.com\\\/wp-content\\\/uploads\\\/2022\\\/12\\\/LOGO-1.png\",\"width\":207,\"height\":80,\"caption\":\"Jinsun Carbon\"},\"image\":{\"@id\":\"https:\\\/\\\/jinsuncarbon.com\\\/#\\\/schema\\\/logo\\\/image\\\/\"},\"sameAs\":[\"https:\\\/\\\/www.facebook.com\\\/Graphite-Electrode-109336238661595\",\"https:\\\/\\\/x.com\\\/jinsuncarbon_\",\"https:\\\/\\\/www.linkedin.com\\\/in\\\/jinsungraphite\",\"https:\\\/\\\/www.youtube.com\\\/channel\\\/UCysDNyvyR5-3cCWEmpkVC0g\"]}]}<\/script>\n<!-- \/ Yoast SEO Premium plugin. -->","yoast_head_json":{"title":"Fibre de carbone activ\u00e9 | Jinsun Carbon","robots":{"index":"index","follow":"follow","max-snippet":"max-snippet:-1","max-image-preview":"max-image-preview:large","max-video-preview":"max-video-preview:-1"},"canonical":"https:\/\/jinsuncarbon.com\/fr\/produit-2\/fibre-de-carbone-activee\/","og_locale":"fr_FR","og_type":"article","og_title":"Activated Carbon Fiber","og_description":"Activated carbon fiber is a porous carbon material produced from fiber-like materials (such as polyacrylonitrile, phenolic resin, viscose fiber, etc.). It is made through processes such as carbonization and activation and is abbreviated as ACF. And it has extremely large specific surface area, abundant microporous structure, and excellent adsorption performance. So it demonstrates high application value in various fields such as environmental protection and purification. It is a highly performing functional adsorption material, which can meet the needs of various precise separation and purification. For example, in gas masks, it can quickly adsorb toxic gases, in water treatment, it can efficiently remove trace pollutants.","og_url":"https:\/\/jinsuncarbon.com\/fr\/produit-2\/fibre-de-carbone-activee\/","og_site_name":"Jinsun Carbon","article_publisher":"https:\/\/www.facebook.com\/Graphite-Electrode-109336238661595","article_modified_time":"2025-09-25T07:43:07+00:00","og_image":[{"width":936,"height":852,"url":"https:\/\/jinsuncarbon.com\/wp-content\/uploads\/2025\/08\/Activated-carbon-fiber.png","type":"image\/png"}],"twitter_card":"summary_large_image","twitter_site":"@jinsuncarbon_","twitter_misc":{"Dur\u00e9e de lecture estim\u00e9e":"3 minutes"},"schema":{"@context":"https:\/\/schema.org","@graph":[{"@type":"WebPage","@id":"https:\/\/jinsuncarbon.com\/product\/activated-carbon-fiber\/","url":"https:\/\/jinsuncarbon.com\/product\/activated-carbon-fiber\/","name":"Fibre de carbone activ\u00e9 | Jinsun Carbon","isPartOf":{"@id":"https:\/\/jinsuncarbon.com\/#website"},"primaryImageOfPage":{"@id":"https:\/\/jinsuncarbon.com\/product\/activated-carbon-fiber\/#primaryimage"},"image":{"@id":"https:\/\/jinsuncarbon.com\/product\/activated-carbon-fiber\/#primaryimage"},"thumbnailUrl":"https:\/\/jinsuncarbon.com\/wp-content\/uploads\/2025\/08\/Activated-carbon-fiber.png","datePublished":"2025-09-25T07:43:05+00:00","dateModified":"2025-09-25T07:43:07+00:00","breadcrumb":{"@id":"https:\/\/jinsuncarbon.com\/product\/activated-carbon-fiber\/#breadcrumb"},"inLanguage":"fr-FR","potentialAction":[{"@type":"ReadAction","target":["https:\/\/jinsuncarbon.com\/product\/activated-carbon-fiber\/"]}]},{"@type":"ImageObject","inLanguage":"fr-FR","@id":"https:\/\/jinsuncarbon.com\/product\/activated-carbon-fiber\/#primaryimage","url":"https:\/\/jinsuncarbon.com\/wp-content\/uploads\/2025\/08\/Activated-carbon-fiber.png","contentUrl":"https:\/\/jinsuncarbon.com\/wp-content\/uploads\/2025\/08\/Activated-carbon-fiber.png","width":936,"height":852,"caption":"Activated carbon fiber"},{"@type":"BreadcrumbList","@id":"https:\/\/jinsuncarbon.com\/product\/activated-carbon-fiber\/#breadcrumb","itemListElement":[{"@type":"ListItem","position":1,"name":"Home","item":"https:\/\/jinsuncarbon.com\/"},{"@type":"ListItem","position":2,"name":"Products","item":"https:\/\/jinsuncarbon.com\/graphite-carbon\/"},{"@type":"ListItem","position":3,"name":"Activated Carbon Fiber"}]},{"@type":"WebSite","@id":"https:\/\/jinsuncarbon.com\/#website","url":"https:\/\/jinsuncarbon.com\/","name":"Jinsun Carbon","description":"Nous sommes le fabricant d'\u00e9lectrodes en graphite le plus performant de Chine.","publisher":{"@id":"https:\/\/jinsuncarbon.com\/#organization"},"potentialAction":[{"@type":"SearchAction","target":{"@type":"EntryPoint","urlTemplate":"https:\/\/jinsuncarbon.com\/?s={search_term_string}"},"query-input":{"@type":"PropertyValueSpecification","valueRequired":true,"valueName":"search_term_string"}}],"inLanguage":"fr-FR"},{"@type":"Organization","@id":"https:\/\/jinsuncarbon.com\/#organization","name":"Jinsun Carbon","alternateName":"Jinsun Carbon","url":"https:\/\/jinsuncarbon.com\/","logo":{"@type":"ImageObject","inLanguage":"fr-FR","@id":"https:\/\/jinsuncarbon.com\/#\/schema\/logo\/image\/","url":"https:\/\/jinsuncarbon.com\/wp-content\/uploads\/2022\/12\/LOGO-1.png","contentUrl":"https:\/\/jinsuncarbon.com\/wp-content\/uploads\/2022\/12\/LOGO-1.png","width":207,"height":80,"caption":"Jinsun Carbon"},"image":{"@id":"https:\/\/jinsuncarbon.com\/#\/schema\/logo\/image\/"},"sameAs":["https:\/\/www.facebook.com\/Graphite-Electrode-109336238661595","https:\/\/x.com\/jinsuncarbon_","https:\/\/www.linkedin.com\/in\/jinsungraphite","https:\/\/www.youtube.com\/channel\/UCysDNyvyR5-3cCWEmpkVC0g"]}]}},"_links":{"self":[{"href":"https:\/\/jinsuncarbon.com\/fr\/wp-json\/wp\/v2\/product\/8016","targetHints":{"allow":["GET"]}}],"collection":[{"href":"https:\/\/jinsuncarbon.com\/fr\/wp-json\/wp\/v2\/product"}],"about":[{"href":"https:\/\/jinsuncarbon.com\/fr\/wp-json\/wp\/v2\/types\/product"}],"wp:featuredmedia":[{"embeddable":true,"href":"https:\/\/jinsuncarbon.com\/fr\/wp-json\/wp\/v2\/media\/8081"}],"wp:attachment":[{"href":"https:\/\/jinsuncarbon.com\/fr\/wp-json\/wp\/v2\/media?parent=8016"}],"wp:term":[{"taxonomy":"product_brand","embeddable":true,"href":"https:\/\/jinsuncarbon.com\/fr\/wp-json\/wp\/v2\/product_brand?post=8016"},{"taxonomy":"product_cat","embeddable":true,"href":"https:\/\/jinsuncarbon.com\/fr\/wp-json\/wp\/v2\/product_cat?post=8016"},{"taxonomy":"product_tag","embeddable":true,"href":"https:\/\/jinsuncarbon.com\/fr\/wp-json\/wp\/v2\/product_tag?post=8016"}],"curies":[{"name":"wp","href":"https:\/\/api.w.org\/{rel}","templated":true}]}}