{"id":8015,"date":"2025-08-02T00:04:39","date_gmt":"2025-08-02T00:04:39","guid":{"rendered":"https:\/\/jinsuncarbon.com\/?post_type=product&#038;p=8015"},"modified":"2025-08-02T00:04:40","modified_gmt":"2025-08-02T00:04:40","slug":"laveur-de-graphite","status":"publish","type":"product","link":"https:\/\/jinsuncarbon.com\/fr\/produit-2\/laveur-de-graphite\/","title":{"rendered":"Rondelle en graphite"},"content":{"rendered":"<h2>Avantages du laveur de graphite<\/h2>\n<p><strong><b>Stabilit\u00e9 thermique exceptionnelle<\/b><\/strong><strong><b>y<\/b><\/strong><\/p>\n<p>Il peut maintenir des performances stables dans une large gamme de temp\u00e9ratures allant de -200\u00b0C \u00e0 600\u00b0C, ce qui convient aux environnements soumis \u00e0 des temp\u00e9ratures extr\u00eames.<\/p>\n<p>&nbsp;<\/p>\n<p><strong><b>Inertie chimique<\/b><\/strong><\/p>\n<p>Il pr\u00e9sente une excellente r\u00e9sistance \u00e0 la corrosion \u00e0 la plupart des acides, des bases et des solvants organiques.<\/p>\n<p>&nbsp;<\/p>\n<p><strong><b>Autolubrification<\/b><\/strong><\/p>\n<p>Son coefficient de frottement est faible, ce qui permet de r\u00e9duire l'usure des surfaces d'\u00e9tanch\u00e9it\u00e9 et de prolonger la dur\u00e9e de vie.<\/p>\n<p>&nbsp;<\/p>\n<p><strong><b>Bonne flexibilit\u00e9<\/b><\/strong><\/p>\n<p>Il est facile \u00e0 comprimer et \u00e0 rebondir, capable de s'adapter \u00e0 des surfaces d'\u00e9tanch\u00e9it\u00e9 in\u00e9gales, assurant ainsi un ajustement serr\u00e9.<\/p>\n<p>&nbsp;<\/p>\n<p><strong><b>Haute performance d'\u00e9tanch\u00e9it\u00e9<\/b><\/strong><\/p>\n<p>Il peut conserver un bon effet d'\u00e9tanch\u00e9it\u00e9 dans des conditions de pression ou de vide \u00e9lev\u00e9es.<\/p>\n<p>&nbsp;<\/p>\n<p><strong><b>Conductivit\u00e9 thermique et \u00e9lectrique<\/b><\/strong><\/p>\n<p>Il peut conduire rapidement la chaleur et le courant et convient aux sc\u00e9narios d'\u00e9tanch\u00e9it\u00e9 n\u00e9cessitant une gestion de la chaleur ou une conductivit\u00e9 \u00e9lectrique.<\/p>\n<p>&nbsp;<\/p>\n<h2>Types de laveurs de graphite<\/h2>\n<p><strong><b>Class\u00e9s par puret\u00e9<\/b><\/strong><\/p>\n<p><strong><b>Graphite de puret\u00e9 standard <\/b><\/strong><strong><b>laveuse<\/b><\/strong><\/p>\n<p>Sa teneur en carbone est d'environ 99%, ce qui lui permet de r\u00e9pondre aux besoins d'\u00e9tanch\u00e9it\u00e9 de l'industrie en g\u00e9n\u00e9ral, tels que les tuyaux, les vannes, etc.<\/p>\n<p>&nbsp;<\/p>\n<p><strong><b>Graphite de haute puret\u00e9 <\/b><\/strong><strong><b>laveuse<\/b><\/strong><\/p>\n<p>Sa teneur en carbone est sup\u00e9rieure \u00e0 99,5%, ce qui permet de l'utiliser dans des domaines o\u00f9 les exigences de puret\u00e9 sont extr\u00eamement \u00e9lev\u00e9es, tels que les semi-conducteurs.<\/p>\n<p>&nbsp;<\/p>\n<p><strong><b>Class\u00e9s par forme<\/b><\/strong><\/p>\n<p><strong><b>Plat<\/b><\/strong><strong><b>\u00a0<\/b><\/strong><strong><b>graphite <\/b><\/strong><strong><b>laveuse<\/b><\/strong><\/p>\n<p>Il s'agit de la rondelle circulaire la plus courante, adapt\u00e9e \u00e0 l'\u00e9tanch\u00e9it\u00e9 statique des brides, des pompes, des vannes, etc.<\/p>\n<p><strong><b>G<\/b><\/strong><strong><b>raphite <\/b><\/strong><strong><b>laveuse<\/b><\/strong><strong><b>\u00a0avec structure int\u00e9gr\u00e9e<\/b><\/strong><\/p>\n<p>Comme les rondelles en graphite renforc\u00e9es de m\u00e9tal, elles combinent une armature m\u00e9tallique, ce qui am\u00e9liore la solidit\u00e9 et la r\u00e9sistance \u00e0 la compression.<\/p>\n<p>&nbsp;<\/p>\n<p><strong><b>Forme sp\u00e9ciale<\/b><\/strong><strong><b>\u00a0<\/b><\/strong><strong><b>graphite<\/b><\/strong><strong><b>\u00a0laveuse<\/b><\/strong><\/p>\n<p>Vous pouvez l'adapter \u00e0 des formes sp\u00e9cifiques en fonction des exigences de l'\u00e9quipement, telles que rectangulaire, elliptique, etc.<\/p>\n<p>&nbsp;<\/p>\n<h2>Utilisations de la rondelle de graphite<\/h2>\n<p><strong><b>Industrie chimique<\/b><\/strong><\/p>\n<p>Gr\u00e2ce \u00e0 son excellente r\u00e9sistance \u00e0 la corrosion, il peut emp\u00eacher efficacement les fuites de produits, ce qui garantit la s\u00e9curit\u00e9 de la production et la stabilit\u00e9 de l'\u00e9quipement.<\/p>\n<p>&nbsp;<\/p>\n<p><strong><b>Industrie de l'\u00e9nergie<\/b><\/strong><\/p>\n<p><strong><b>Dans les ol\u00e9oducs<\/b><\/strong><\/p>\n<p>Vous pouvez utiliser la rondelle en graphite comme \u00e9l\u00e9ment d'\u00e9tanch\u00e9it\u00e9 de la bride pour r\u00e9sister \u00e0 la corrosion du p\u00e9trole brut et aux environnements \u00e0 haute pression. Elles garantissent ainsi l'\u00e9tanch\u00e9it\u00e9 du syst\u00e8me de transport.<\/p>\n<p>&nbsp;<\/p>\n<p><strong><b>En n<\/b><\/strong><strong><b>\u00e9quipements pour le gaz naturel <\/b><\/strong><\/p>\n<p>Il poss\u00e8de des propri\u00e9t\u00e9s de r\u00e9sistance aux hautes temp\u00e9ratures et aux hautes pressions, ce qui permet de l'utiliser \u00e9galement pour l'\u00e9tanch\u00e9it\u00e9 des interfaces. Dans les r\u00e9servoirs de stockage de gaz naturel et les compresseurs, il peut contribuer \u00e0 am\u00e9liorer la s\u00e9curit\u00e9 op\u00e9rationnelle de l'\u00e9quipement.<\/p>\n<p>&nbsp;<\/p>\n<p><strong><b>Industrie m\u00e9canique<\/b><\/strong><\/p>\n<p><strong><b>Etanch\u00e9it\u00e9 des canalisations<\/b><\/strong><\/p>\n<p>Gr\u00e2ce \u00e0 ses excellentes performances en mati\u00e8re d'\u00e9tanch\u00e9it\u00e9, de r\u00e9sistance thermique et de flexibilit\u00e9, il s'agit d'un mat\u00e9riau id\u00e9al pour la fabrication de composants d'\u00e9tanch\u00e9it\u00e9 pour les pipelines, les pompes, les vannes, etc. Il peut \u00eatre utilis\u00e9 dans des industries telles que l'automobile, l'\u00e9nergie et la papeterie, o\u00f9 il emp\u00eache efficacement les fuites de liquides et de gaz.<\/p>\n<p>&nbsp;<\/p>\n<p><strong><b>\u00c9tanch\u00e9it\u00e9 de l'interface de l'\u00e9quipement<\/b><\/strong><\/p>\n<p>Gr\u00e2ce \u00e0 ses bonnes performances en mati\u00e8re de compression et de rebond, il peut \u00eatre utilis\u00e9 comme composant d'\u00e9tanch\u00e9it\u00e9 pour diverses interfaces d'\u00e9quipements m\u00e9caniques. Il peut r\u00e9duire les fuites caus\u00e9es par les vibrations et les changements de pression, et am\u00e9liorer l'efficacit\u00e9 du fonctionnement m\u00e9canique.<\/p>\n<p>&nbsp;<\/p>\n<p><strong><b>Industrie alimentaire et pharmaceutique<\/b><\/strong><\/p>\n<p><strong><b>\u00c9tanch\u00e9it\u00e9 de la cuve du r\u00e9acteur<\/b><\/strong><\/p>\n<p>Il peut \u00eatre utilis\u00e9 comme mat\u00e9riau d'\u00e9tanch\u00e9it\u00e9 pour les r\u00e9acteurs alimentaires et pharmaceutiques en raison de sa forte inertie chimique. Il ne contamine pas les mat\u00e9riaux, ce qui permet de garantir la puret\u00e9 du produit et de prolonger la dur\u00e9e de vie de l'\u00e9quipement.<\/p>\n<p>&nbsp;<\/p>\n<p><strong><b>Industrie du froid<\/b><\/strong><\/p>\n<p><strong><b>\u00c9tanch\u00e9it\u00e9 des \u00e9quipements de r\u00e9frig\u00e9ration<\/b><\/strong><\/p>\n<p>Dans les syst\u00e8mes de r\u00e9frig\u00e9ration, il peut r\u00e9sister aux basses temp\u00e9ratures, aux propri\u00e9t\u00e9s chimiques des r\u00e9frig\u00e9rants et \u00e0 d'autres environnements difficiles. Vous pouvez l'utiliser comme composant d'\u00e9tanch\u00e9it\u00e9 pour les tuyaux et les composants afin d'am\u00e9liorer l'efficacit\u00e9 et la stabilit\u00e9 du syst\u00e8me de r\u00e9frig\u00e9ration.<\/p>","protected":false},"excerpt":{"rendered":"<p>La rondelle en graphite est un composant d'\u00e9tanch\u00e9it\u00e9 en forme d'anneau constitu\u00e9 de graphite comme mat\u00e9riau de base, \u00e9galement appel\u00e9 rondelle \u00e0 base de carbone. Elle est fabriqu\u00e9e par pressage, d\u00e9coupage et autres proc\u00e9d\u00e9s \u00e0 partir de graphite naturel ou de graphite artificiel de haute puret\u00e9, et certains produits peuvent incorporer des rev\u00eatements m\u00e9talliques pour am\u00e9liorer la r\u00e9sistance globale. Elle pr\u00e9sente des performances d'\u00e9tanch\u00e9it\u00e9, une r\u00e9sistance \u00e0 la temp\u00e9rature, une r\u00e9sistance \u00e0 la corrosion et une stabilit\u00e9 chimique exceptionnelles, ce qui la rend tout \u00e0 fait adapt\u00e9e aux exigences d'\u00e9tanch\u00e9it\u00e9 statique.<\/p>","protected":false},"featured_media":0,"template":"","meta":[],"product_brand":[],"product_cat":[38],"product_tag":[],"class_list":{"0":"post-8015","1":"product","2":"type-product","3":"status-publish","5":"product_cat-graphite-products","7":"first","8":"instock","9":"shipping-taxable","10":"product-type-simple"},"yoast_head":"<!-- This site is optimized with the Yoast SEO Premium plugin v19.2.1 (Yoast SEO v25.3) - https:\/\/yoast.com\/wordpress\/plugins\/seo\/ -->\n<title>Graphite Washer | Jinsun Carbon<\/title>\n<meta name=\"robots\" content=\"index, follow, max-snippet:-1, max-image-preview:large, max-video-preview:-1\" \/>\n<link rel=\"canonical\" href=\"https:\/\/jinsuncarbon.com\/fr\/produit-2\/laveur-de-graphite\/\" \/>\n<meta property=\"og:locale\" content=\"fr_FR\" \/>\n<meta property=\"og:type\" content=\"article\" \/>\n<meta property=\"og:title\" content=\"Graphite Washer\" \/>\n<meta property=\"og:description\" content=\"Graphite washer\u00a0is a ring-shaped sealing component made of graphite as the core material, which\u00a0is also called carbon-based washer. It\u00a0is manufactured by pressing, cutting and other processes from natural graphite or high-purity artificial graphite, and some products may incorporate metal linings to enhance overall strength. It has\u00a0outstanding sealing performance, temperature resistance, corrosion resistance and chemical stability, which is\u00a0highly suitable for static sealing requirements.\" \/>\n<meta property=\"og:url\" content=\"https:\/\/jinsuncarbon.com\/fr\/produit-2\/laveur-de-graphite\/\" \/>\n<meta property=\"og:site_name\" content=\"Jinsun Carbon\" \/>\n<meta property=\"article:publisher\" content=\"https:\/\/www.facebook.com\/Graphite-Electrode-109336238661595\" \/>\n<meta property=\"article:modified_time\" content=\"2025-08-02T00:04:40+00:00\" \/>\n<meta property=\"og:image\" content=\"https:\/\/jinsuncarbon.com\/wp-content\/uploads\/2022\/12\/1f16999dc0b243ed0868893795772a5.jpg\" \/>\n\t<meta property=\"og:image:width\" content=\"1024\" \/>\n\t<meta property=\"og:image:height\" content=\"777\" \/>\n\t<meta property=\"og:image:type\" content=\"image\/jpeg\" \/>\n<meta name=\"twitter:card\" content=\"summary_large_image\" \/>\n<meta name=\"twitter:site\" content=\"@jinsuncarbon_\" \/>\n<meta name=\"twitter:label1\" content=\"Dur\u00e9e de lecture estim\u00e9e\" \/>\n\t<meta name=\"twitter:data1\" content=\"3 minutes\" \/>\n<script type=\"application\/ld+json\" class=\"yoast-schema-graph\">{\"@context\":\"https:\/\/schema.org\",\"@graph\":[{\"@type\":\"WebPage\",\"@id\":\"https:\/\/jinsuncarbon.com\/product\/graphite-washer\/\",\"url\":\"https:\/\/jinsuncarbon.com\/product\/graphite-washer\/\",\"name\":\"Graphite Washer | Jinsun Carbon\",\"isPartOf\":{\"@id\":\"https:\/\/jinsuncarbon.com\/#website\"},\"datePublished\":\"2025-08-02T00:04:39+00:00\",\"dateModified\":\"2025-08-02T00:04:40+00:00\",\"breadcrumb\":{\"@id\":\"https:\/\/jinsuncarbon.com\/product\/graphite-washer\/#breadcrumb\"},\"inLanguage\":\"fr-FR\",\"potentialAction\":[{\"@type\":\"ReadAction\",\"target\":[\"https:\/\/jinsuncarbon.com\/product\/graphite-washer\/\"]}]},{\"@type\":\"BreadcrumbList\",\"@id\":\"https:\/\/jinsuncarbon.com\/product\/graphite-washer\/#breadcrumb\",\"itemListElement\":[{\"@type\":\"ListItem\",\"position\":1,\"name\":\"Home\",\"item\":\"https:\/\/jinsuncarbon.com\/\"},{\"@type\":\"ListItem\",\"position\":2,\"name\":\"Products\",\"item\":\"https:\/\/jinsuncarbon.com\/graphite-carbon\/\"},{\"@type\":\"ListItem\",\"position\":3,\"name\":\"Graphite Washer\"}]},{\"@type\":\"WebSite\",\"@id\":\"https:\/\/jinsuncarbon.com\/#website\",\"url\":\"https:\/\/jinsuncarbon.com\/\",\"name\":\"Jinsun Carbon\",\"description\":\"We are the successful graphite electrode manufacturer in China\",\"publisher\":{\"@id\":\"https:\/\/jinsuncarbon.com\/#organization\"},\"potentialAction\":[{\"@type\":\"SearchAction\",\"target\":{\"@type\":\"EntryPoint\",\"urlTemplate\":\"https:\/\/jinsuncarbon.com\/?s={search_term_string}\"},\"query-input\":{\"@type\":\"PropertyValueSpecification\",\"valueRequired\":true,\"valueName\":\"search_term_string\"}}],\"inLanguage\":\"fr-FR\"},{\"@type\":\"Organization\",\"@id\":\"https:\/\/jinsuncarbon.com\/#organization\",\"name\":\"Jinsun Carbon\",\"alternateName\":\"Jinsun Carbon\",\"url\":\"https:\/\/jinsuncarbon.com\/\",\"logo\":{\"@type\":\"ImageObject\",\"inLanguage\":\"fr-FR\",\"@id\":\"https:\/\/jinsuncarbon.com\/#\/schema\/logo\/image\/\",\"url\":\"https:\/\/jinsuncarbon.com\/wp-content\/uploads\/2022\/12\/LOGO-1.png\",\"contentUrl\":\"https:\/\/jinsuncarbon.com\/wp-content\/uploads\/2022\/12\/LOGO-1.png\",\"width\":207,\"height\":80,\"caption\":\"Jinsun Carbon\"},\"image\":{\"@id\":\"https:\/\/jinsuncarbon.com\/#\/schema\/logo\/image\/\"},\"sameAs\":[\"https:\/\/www.facebook.com\/Graphite-Electrode-109336238661595\",\"https:\/\/x.com\/jinsuncarbon_\",\"https:\/\/www.linkedin.com\/in\/jinsungraphite\",\"https:\/\/www.youtube.com\/channel\/UCysDNyvyR5-3cCWEmpkVC0g\"]}]}<\/script>\n<!-- \/ Yoast SEO Premium plugin. -->","yoast_head_json":{"title":"Rondelle en graphite | Jinsun Carbon","robots":{"index":"index","follow":"follow","max-snippet":"max-snippet:-1","max-image-preview":"max-image-preview:large","max-video-preview":"max-video-preview:-1"},"canonical":"https:\/\/jinsuncarbon.com\/fr\/produit-2\/laveur-de-graphite\/","og_locale":"fr_FR","og_type":"article","og_title":"Graphite Washer","og_description":"Graphite washer\u00a0is a ring-shaped sealing component made of graphite as the core material, which\u00a0is also called carbon-based washer. It\u00a0is manufactured by pressing, cutting and other processes from natural graphite or high-purity artificial graphite, and some products may incorporate metal linings to enhance overall strength. It has\u00a0outstanding sealing performance, temperature resistance, corrosion resistance and chemical stability, which is\u00a0highly suitable for static sealing requirements.","og_url":"https:\/\/jinsuncarbon.com\/fr\/produit-2\/laveur-de-graphite\/","og_site_name":"Jinsun Carbon","article_publisher":"https:\/\/www.facebook.com\/Graphite-Electrode-109336238661595","article_modified_time":"2025-08-02T00:04:40+00:00","og_image":[{"width":1024,"height":777,"url":"https:\/\/jinsuncarbon.com\/wp-content\/uploads\/2022\/12\/1f16999dc0b243ed0868893795772a5.jpg","type":"image\/jpeg"}],"twitter_card":"summary_large_image","twitter_site":"@jinsuncarbon_","twitter_misc":{"Dur\u00e9e de lecture estim\u00e9e":"3 minutes"},"schema":{"@context":"https:\/\/schema.org","@graph":[{"@type":"WebPage","@id":"https:\/\/jinsuncarbon.com\/product\/graphite-washer\/","url":"https:\/\/jinsuncarbon.com\/product\/graphite-washer\/","name":"Rondelle en graphite | Jinsun Carbon","isPartOf":{"@id":"https:\/\/jinsuncarbon.com\/#website"},"datePublished":"2025-08-02T00:04:39+00:00","dateModified":"2025-08-02T00:04:40+00:00","breadcrumb":{"@id":"https:\/\/jinsuncarbon.com\/product\/graphite-washer\/#breadcrumb"},"inLanguage":"fr-FR","potentialAction":[{"@type":"ReadAction","target":["https:\/\/jinsuncarbon.com\/product\/graphite-washer\/"]}]},{"@type":"BreadcrumbList","@id":"https:\/\/jinsuncarbon.com\/product\/graphite-washer\/#breadcrumb","itemListElement":[{"@type":"ListItem","position":1,"name":"Home","item":"https:\/\/jinsuncarbon.com\/"},{"@type":"ListItem","position":2,"name":"Products","item":"https:\/\/jinsuncarbon.com\/graphite-carbon\/"},{"@type":"ListItem","position":3,"name":"Graphite Washer"}]},{"@type":"WebSite","@id":"https:\/\/jinsuncarbon.com\/#website","url":"https:\/\/jinsuncarbon.com\/","name":"Jinsun Carbon","description":"Nous sommes le fabricant d'\u00e9lectrodes en graphite le plus performant de Chine.","publisher":{"@id":"https:\/\/jinsuncarbon.com\/#organization"},"potentialAction":[{"@type":"SearchAction","target":{"@type":"EntryPoint","urlTemplate":"https:\/\/jinsuncarbon.com\/?s={search_term_string}"},"query-input":{"@type":"PropertyValueSpecification","valueRequired":true,"valueName":"search_term_string"}}],"inLanguage":"fr-FR"},{"@type":"Organization","@id":"https:\/\/jinsuncarbon.com\/#organization","name":"Jinsun Carbon","alternateName":"Jinsun Carbon","url":"https:\/\/jinsuncarbon.com\/","logo":{"@type":"ImageObject","inLanguage":"fr-FR","@id":"https:\/\/jinsuncarbon.com\/#\/schema\/logo\/image\/","url":"https:\/\/jinsuncarbon.com\/wp-content\/uploads\/2022\/12\/LOGO-1.png","contentUrl":"https:\/\/jinsuncarbon.com\/wp-content\/uploads\/2022\/12\/LOGO-1.png","width":207,"height":80,"caption":"Jinsun Carbon"},"image":{"@id":"https:\/\/jinsuncarbon.com\/#\/schema\/logo\/image\/"},"sameAs":["https:\/\/www.facebook.com\/Graphite-Electrode-109336238661595","https:\/\/x.com\/jinsuncarbon_","https:\/\/www.linkedin.com\/in\/jinsungraphite","https:\/\/www.youtube.com\/channel\/UCysDNyvyR5-3cCWEmpkVC0g"]}]}},"_links":{"self":[{"href":"https:\/\/jinsuncarbon.com\/fr\/wp-json\/wp\/v2\/product\/8015","targetHints":{"allow":["GET"]}}],"collection":[{"href":"https:\/\/jinsuncarbon.com\/fr\/wp-json\/wp\/v2\/product"}],"about":[{"href":"https:\/\/jinsuncarbon.com\/fr\/wp-json\/wp\/v2\/types\/product"}],"wp:attachment":[{"href":"https:\/\/jinsuncarbon.com\/fr\/wp-json\/wp\/v2\/media?parent=8015"}],"wp:term":[{"taxonomy":"product_brand","embeddable":true,"href":"https:\/\/jinsuncarbon.com\/fr\/wp-json\/wp\/v2\/product_brand?post=8015"},{"taxonomy":"product_cat","embeddable":true,"href":"https:\/\/jinsuncarbon.com\/fr\/wp-json\/wp\/v2\/product_cat?post=8015"},{"taxonomy":"product_tag","embeddable":true,"href":"https:\/\/jinsuncarbon.com\/fr\/wp-json\/wp\/v2\/product_tag?post=8015"}],"curies":[{"name":"wp","href":"https:\/\/api.w.org\/{rel}","templated":true}]}}