{"id":8013,"date":"2025-08-23T07:48:55","date_gmt":"2025-08-23T07:48:55","guid":{"rendered":"https:\/\/jinsuncarbon.com\/?post_type=product&#038;p=8013"},"modified":"2025-08-23T07:48:56","modified_gmt":"2025-08-23T07:48:56","slug":"plateau-en-graphite","status":"publish","type":"product","link":"https:\/\/jinsuncarbon.com\/fr\/produit-2\/plateau-en-graphite\/","title":{"rendered":"Plateau en graphite"},"content":{"rendered":"<h2>Avantages du plateau en graphite<\/h2>\n<p><strong><b>R\u00e9sistant aux hautes temp\u00e9ratures<\/b><\/strong><\/p>\n<p>Il peut supporter des temp\u00e9ratures sup\u00e9rieures \u00e0 2800\u2103 dans un environnement inerte, ce qui permet de s'adapter \u00e0 des environnements de traitement \u00e0 tr\u00e8s haute temp\u00e9rature.<\/p>\n<p>&nbsp;<\/p>\n<p><strong><b>R\u00e9sistance aux chocs thermiques<\/b><\/strong><\/p>\n<p>Il poss\u00e8de un coefficient de dilatation thermique extr\u00eamement faible, peu susceptible de se fissurer ou de se d\u00e9former en cas de refroidissement ou de r\u00e9chauffement soudain.<\/p>\n<p>&nbsp;<\/p>\n<p><strong><b>Bon <\/b><\/strong><strong><b>stabilit\u00e9 chimique<\/b><\/strong><\/p>\n<p>R\u00e9sistant aux acides, aux alcalis et aux gaz corrosifs, il ne r\u00e9agit pas avec la charge et ne pr\u00e9sente pas de pollution par les impuret\u00e9s.<\/p>\n<p>&nbsp;<\/p>\n<p><strong><b>Conduction uniforme de la chaleur<\/b><\/strong><\/p>\n<p>Gr\u00e2ce \u00e0 sa conductivit\u00e9 thermique \u00e9lev\u00e9e et \u00e0 sa conduction uniforme, il peut assurer un chauffage constant de la pi\u00e8ce \u00e0 usiner.<\/p>\n<p>&nbsp;<\/p>\n<p><strong><b>L\u00e9ger et robuste<\/b><\/strong><\/p>\n<p>Sa densit\u00e9 n'est que de 2,2 g\/cm\u00b3 et sa r\u00e9sistance \u00e0 la pression est sup\u00e9rieure \u00e0 80 MPa, ce qui lui conf\u00e8re une forte capacit\u00e9 de charge.<\/p>\n<p>&nbsp;<\/p>\n<p>En outre, en fonction de vos exigences sp\u00e9cifiques, il peut \u00eatre transform\u00e9 dans la taille et la forme dont vous avez besoin. En g\u00e9n\u00e9ral, les plateaux en graphite pr\u00e9sentent une vari\u00e9t\u00e9 de formes telles que plate, rainur\u00e9e ou perfor\u00e9e.<\/p>\n<p><strong><b>\u00a0<\/b><\/strong><\/p>\n<h2>Utilisations du plateau en graphite<\/h2>\n<p><strong><b>Fabrication de semi-conducteurs<\/b><\/strong><\/p>\n<p>Vous pouvez l'utiliser pour soutenir les substrats dans les \u00e9quipements de d\u00e9p\u00f4t chimique organique en phase vapeur (MOCVD). Il peut effectuer un d\u00e9p\u00f4t \u00e9pitaxial dans des conditions de temp\u00e9rature et de vide \u00e9lev\u00e9s et emp\u00eacher la contamination par des impuret\u00e9s, garantissant ainsi la qualit\u00e9 de la couche \u00e9pitaxiale. Il peut fonctionner de mani\u00e8re stable \u00e0 des temp\u00e9ratures \u00e9lev\u00e9es (g\u00e9n\u00e9ralement sup\u00e9rieures \u00e0 1000\u2103) sans d\u00e9formation ni dommage.<\/p>\n<p>&nbsp;<\/p>\n<p><strong><b>Croissance de monocristaux<\/b><\/strong><\/p>\n<p>Dans le monocristal <a href=\"https:\/\/www.azom.com\/equipment-details.aspx?EquipID=9177\" target=\"_blank\" rel=\"noopener\">four,<\/a> vous pouvez le placer sous le <a href=\"https:\/\/jinsuncarbon.com\/fr\/produit-2\/creuset-en-graphite-de-haute-purete\/\">creuset en graphite<\/a>\u00a0pour garantir la stabilit\u00e9 du creuset. Gr\u00e2ce \u00e0 son excellente r\u00e9sistance \u00e0 la corrosion des m\u00e9taux en fusion et des gaz chimiques, il peut \u00eatre utilis\u00e9 pendant longtemps. Il conduit la chaleur de mani\u00e8re homog\u00e8ne, assurant une distribution uniforme de la temp\u00e9rature dans le creuset et facilitant la croissance de monocristaux de haute qualit\u00e9.<\/p>\n<p>&nbsp;<\/p>\n<p><strong><b>Industrie chimique<\/b><\/strong><\/p>\n<p>Vous pouvez \u00e9galement l'utiliser dans des r\u00e9acteurs \u00e0 haute temp\u00e9rature pour soutenir et prot\u00e9ger les r\u00e9actifs, am\u00e9liorant ainsi l'efficacit\u00e9 de la r\u00e9action. Il peut emp\u00eacher les r\u00e9actifs d'entrer en contact direct avec le r\u00e9acteur et de provoquer des r\u00e9actions ind\u00e9sirables. En raison de son excellente r\u00e9sistance \u00e0 la corrosion de diverses substances chimiques, il convient \u00e0 diverses r\u00e9actions chimiques.<\/p>\n<p>&nbsp;<\/p>\n<p><strong><b>Fabrication de LED<\/b><\/strong><\/p>\n<p>Dans le processus de fabrication de plaquettes \u00e9pitaxiales LED, vous pouvez utiliser un plateau en graphite pour soutenir les substrats des plaquettes. Pendant le processus de d\u00e9p\u00f4t \u00e9pitaxial \u00e0 haute temp\u00e9rature, il est utilis\u00e9 pour supporter les substrats des plaquettes, garantissant une temp\u00e9rature uniforme sur la surface du substrat. Il peut \u00e9galement supporter le poids des substrats et les contraintes m\u00e9caniques pendant le processus. Par ailleurs, la surface lisse et chimiquement stable du graphite ne r\u00e9agit pas avec les composants. Il prot\u00e8ge ainsi efficacement la structure pr\u00e9cise et la qualit\u00e9 de la surface des composants.<\/p>\n<p>&nbsp;<\/p>","protected":false},"excerpt":{"rendered":"<p>Le plateau en graphite est un composant en forme de plateau fabriqu\u00e9 \u00e0 partir de mat\u00e9riaux en graphite, \u00e9galement connu sous le nom de plaque de support en graphite. Il est g\u00e9n\u00e9ralement fabriqu\u00e9 \u00e0 partir de graphite press\u00e9 isostatiquement d'une puret\u00e9 sup\u00e9rieure \u00e0 99,9% et est produit par de multiples proc\u00e9d\u00e9s tels que le pressage isostatique, le frittage, etc. Cela lui conf\u00e8re une excellente r\u00e9sistance aux hautes temp\u00e9ratures, une conduction thermique uniforme, une stabilit\u00e9 chimique et une r\u00e9sistance \u00e0 l'usure. Il s'agit donc d'un mat\u00e9riau de support pratique et durable, qui convient parfaitement aux exigences de transport de mat\u00e9riaux dans des environnements \u00e0 haute temp\u00e9rature. Il est utilis\u00e9 dans des \u00e9quipements tels que les fours \u00e0 monocristaux et les fours \u00e9pitaxiaux pour servir de support et de protection.<\/p>","protected":false},"featured_media":8032,"template":"","meta":[],"product_brand":[],"product_cat":[38],"product_tag":[],"class_list":{"0":"post-8013","1":"product","2":"type-product","3":"status-publish","4":"has-post-thumbnail","6":"product_cat-graphite-products","8":"first","9":"instock","10":"shipping-taxable","11":"product-type-simple"},"yoast_head":"<!-- This site is optimized with the Yoast SEO Premium plugin v19.2.1 (Yoast SEO v25.3) - https:\/\/yoast.com\/wordpress\/plugins\/seo\/ -->\n<title>Graphite Tray Manufacturer<\/title>\n<meta name=\"description\" content=\"Graphite tray manufacturer in China, made from isostatic pressed graphite with a purity of over 99.9% for semiconductor, metallurgy and chemical industries.\" \/>\n<meta name=\"robots\" content=\"index, follow, max-snippet:-1, max-image-preview:large, max-video-preview:-1\" \/>\n<link rel=\"canonical\" href=\"https:\/\/jinsuncarbon.com\/fr\/produit-2\/plateau-en-graphite\/\" \/>\n<meta property=\"og:locale\" content=\"fr_FR\" \/>\n<meta property=\"og:type\" content=\"article\" \/>\n<meta property=\"og:title\" content=\"Graphite Tray\" \/>\n<meta property=\"og:description\" content=\"Graphite tray manufacturer in China, made from isostatic pressed graphite with a purity of over 99.9% for semiconductor, metallurgy and chemical industries.\" \/>\n<meta property=\"og:url\" content=\"https:\/\/jinsuncarbon.com\/fr\/produit-2\/plateau-en-graphite\/\" \/>\n<meta property=\"og:site_name\" content=\"Jinsun Carbon\" \/>\n<meta property=\"article:publisher\" content=\"https:\/\/www.facebook.com\/Graphite-Electrode-109336238661595\" \/>\n<meta property=\"article:modified_time\" content=\"2025-08-23T07:48:56+00:00\" \/>\n<meta property=\"og:image\" content=\"https:\/\/jinsuncarbon.com\/wp-content\/uploads\/2025\/08\/Graphite-Tray.jpg\" \/>\n\t<meta property=\"og:image:width\" content=\"1024\" \/>\n\t<meta property=\"og:image:height\" content=\"763\" \/>\n\t<meta property=\"og:image:type\" content=\"image\/jpeg\" \/>\n<meta name=\"twitter:card\" content=\"summary_large_image\" \/>\n<meta name=\"twitter:site\" content=\"@jinsuncarbon_\" \/>\n<meta name=\"twitter:label1\" content=\"Dur\u00e9e de lecture estim\u00e9e\" \/>\n\t<meta name=\"twitter:data1\" content=\"2 minutes\" \/>\n<script type=\"application\/ld+json\" class=\"yoast-schema-graph\">{\"@context\":\"https:\/\/schema.org\",\"@graph\":[{\"@type\":\"WebPage\",\"@id\":\"https:\/\/jinsuncarbon.com\/product\/graphite-tray\/\",\"url\":\"https:\/\/jinsuncarbon.com\/product\/graphite-tray\/\",\"name\":\"Graphite Tray Manufacturer\",\"isPartOf\":{\"@id\":\"https:\/\/jinsuncarbon.com\/#website\"},\"primaryImageOfPage\":{\"@id\":\"https:\/\/jinsuncarbon.com\/product\/graphite-tray\/#primaryimage\"},\"image\":{\"@id\":\"https:\/\/jinsuncarbon.com\/product\/graphite-tray\/#primaryimage\"},\"thumbnailUrl\":\"https:\/\/jinsuncarbon.com\/wp-content\/uploads\/2025\/08\/Graphite-Tray.jpg\",\"datePublished\":\"2025-08-23T07:48:55+00:00\",\"dateModified\":\"2025-08-23T07:48:56+00:00\",\"description\":\"Graphite tray manufacturer in China, made from isostatic pressed graphite with a purity of over 99.9% for semiconductor, metallurgy and chemical industries.\",\"breadcrumb\":{\"@id\":\"https:\/\/jinsuncarbon.com\/product\/graphite-tray\/#breadcrumb\"},\"inLanguage\":\"fr-FR\",\"potentialAction\":[{\"@type\":\"ReadAction\",\"target\":[\"https:\/\/jinsuncarbon.com\/product\/graphite-tray\/\"]}]},{\"@type\":\"ImageObject\",\"inLanguage\":\"fr-FR\",\"@id\":\"https:\/\/jinsuncarbon.com\/product\/graphite-tray\/#primaryimage\",\"url\":\"https:\/\/jinsuncarbon.com\/wp-content\/uploads\/2025\/08\/Graphite-Tray.jpg\",\"contentUrl\":\"https:\/\/jinsuncarbon.com\/wp-content\/uploads\/2025\/08\/Graphite-Tray.jpg\",\"width\":1024,\"height\":763,\"caption\":\"Graphite Tray\"},{\"@type\":\"BreadcrumbList\",\"@id\":\"https:\/\/jinsuncarbon.com\/product\/graphite-tray\/#breadcrumb\",\"itemListElement\":[{\"@type\":\"ListItem\",\"position\":1,\"name\":\"Home\",\"item\":\"https:\/\/jinsuncarbon.com\/\"},{\"@type\":\"ListItem\",\"position\":2,\"name\":\"Products\",\"item\":\"https:\/\/jinsuncarbon.com\/graphite-carbon\/\"},{\"@type\":\"ListItem\",\"position\":3,\"name\":\"Graphite Tray\"}]},{\"@type\":\"WebSite\",\"@id\":\"https:\/\/jinsuncarbon.com\/#website\",\"url\":\"https:\/\/jinsuncarbon.com\/\",\"name\":\"Jinsun Carbon\",\"description\":\"We are the successful graphite electrode manufacturer in China\",\"publisher\":{\"@id\":\"https:\/\/jinsuncarbon.com\/#organization\"},\"potentialAction\":[{\"@type\":\"SearchAction\",\"target\":{\"@type\":\"EntryPoint\",\"urlTemplate\":\"https:\/\/jinsuncarbon.com\/?s={search_term_string}\"},\"query-input\":{\"@type\":\"PropertyValueSpecification\",\"valueRequired\":true,\"valueName\":\"search_term_string\"}}],\"inLanguage\":\"fr-FR\"},{\"@type\":\"Organization\",\"@id\":\"https:\/\/jinsuncarbon.com\/#organization\",\"name\":\"Jinsun Carbon\",\"alternateName\":\"Jinsun Carbon\",\"url\":\"https:\/\/jinsuncarbon.com\/\",\"logo\":{\"@type\":\"ImageObject\",\"inLanguage\":\"fr-FR\",\"@id\":\"https:\/\/jinsuncarbon.com\/#\/schema\/logo\/image\/\",\"url\":\"https:\/\/jinsuncarbon.com\/wp-content\/uploads\/2022\/12\/LOGO-1.png\",\"contentUrl\":\"https:\/\/jinsuncarbon.com\/wp-content\/uploads\/2022\/12\/LOGO-1.png\",\"width\":207,\"height\":80,\"caption\":\"Jinsun Carbon\"},\"image\":{\"@id\":\"https:\/\/jinsuncarbon.com\/#\/schema\/logo\/image\/\"},\"sameAs\":[\"https:\/\/www.facebook.com\/Graphite-Electrode-109336238661595\",\"https:\/\/x.com\/jinsuncarbon_\",\"https:\/\/www.linkedin.com\/in\/jinsungraphite\",\"https:\/\/www.youtube.com\/channel\/UCysDNyvyR5-3cCWEmpkVC0g\"]}]}<\/script>\n<!-- \/ Yoast SEO Premium plugin. -->","yoast_head_json":{"title":"Fabricant de plateaux en graphite","description":"Fabrication de plateaux en graphite en Chine, \u00e0 partir de graphite press\u00e9 isostatique d'une puret\u00e9 sup\u00e9rieure \u00e0 99,9% pour les industries des semi-conducteurs, de la m\u00e9tallurgie et de la chimie.","robots":{"index":"index","follow":"follow","max-snippet":"max-snippet:-1","max-image-preview":"max-image-preview:large","max-video-preview":"max-video-preview:-1"},"canonical":"https:\/\/jinsuncarbon.com\/fr\/produit-2\/plateau-en-graphite\/","og_locale":"fr_FR","og_type":"article","og_title":"Graphite Tray","og_description":"Graphite tray manufacturer in China, made from isostatic pressed graphite with a purity of over 99.9% for semiconductor, metallurgy and chemical industries.","og_url":"https:\/\/jinsuncarbon.com\/fr\/produit-2\/plateau-en-graphite\/","og_site_name":"Jinsun Carbon","article_publisher":"https:\/\/www.facebook.com\/Graphite-Electrode-109336238661595","article_modified_time":"2025-08-23T07:48:56+00:00","og_image":[{"width":1024,"height":763,"url":"https:\/\/jinsuncarbon.com\/wp-content\/uploads\/2025\/08\/Graphite-Tray.jpg","type":"image\/jpeg"}],"twitter_card":"summary_large_image","twitter_site":"@jinsuncarbon_","twitter_misc":{"Dur\u00e9e de lecture estim\u00e9e":"2 minutes"},"schema":{"@context":"https:\/\/schema.org","@graph":[{"@type":"WebPage","@id":"https:\/\/jinsuncarbon.com\/product\/graphite-tray\/","url":"https:\/\/jinsuncarbon.com\/product\/graphite-tray\/","name":"Fabricant de plateaux en graphite","isPartOf":{"@id":"https:\/\/jinsuncarbon.com\/#website"},"primaryImageOfPage":{"@id":"https:\/\/jinsuncarbon.com\/product\/graphite-tray\/#primaryimage"},"image":{"@id":"https:\/\/jinsuncarbon.com\/product\/graphite-tray\/#primaryimage"},"thumbnailUrl":"https:\/\/jinsuncarbon.com\/wp-content\/uploads\/2025\/08\/Graphite-Tray.jpg","datePublished":"2025-08-23T07:48:55+00:00","dateModified":"2025-08-23T07:48:56+00:00","description":"Fabrication de plateaux en graphite en Chine, \u00e0 partir de graphite press\u00e9 isostatique d'une puret\u00e9 sup\u00e9rieure \u00e0 99,9% pour les industries des semi-conducteurs, de la m\u00e9tallurgie et de la chimie.","breadcrumb":{"@id":"https:\/\/jinsuncarbon.com\/product\/graphite-tray\/#breadcrumb"},"inLanguage":"fr-FR","potentialAction":[{"@type":"ReadAction","target":["https:\/\/jinsuncarbon.com\/product\/graphite-tray\/"]}]},{"@type":"ImageObject","inLanguage":"fr-FR","@id":"https:\/\/jinsuncarbon.com\/product\/graphite-tray\/#primaryimage","url":"https:\/\/jinsuncarbon.com\/wp-content\/uploads\/2025\/08\/Graphite-Tray.jpg","contentUrl":"https:\/\/jinsuncarbon.com\/wp-content\/uploads\/2025\/08\/Graphite-Tray.jpg","width":1024,"height":763,"caption":"Graphite Tray"},{"@type":"BreadcrumbList","@id":"https:\/\/jinsuncarbon.com\/product\/graphite-tray\/#breadcrumb","itemListElement":[{"@type":"ListItem","position":1,"name":"Home","item":"https:\/\/jinsuncarbon.com\/"},{"@type":"ListItem","position":2,"name":"Products","item":"https:\/\/jinsuncarbon.com\/graphite-carbon\/"},{"@type":"ListItem","position":3,"name":"Graphite Tray"}]},{"@type":"WebSite","@id":"https:\/\/jinsuncarbon.com\/#website","url":"https:\/\/jinsuncarbon.com\/","name":"Jinsun Carbon","description":"Nous sommes le fabricant d'\u00e9lectrodes en graphite le plus performant de Chine.","publisher":{"@id":"https:\/\/jinsuncarbon.com\/#organization"},"potentialAction":[{"@type":"SearchAction","target":{"@type":"EntryPoint","urlTemplate":"https:\/\/jinsuncarbon.com\/?s={search_term_string}"},"query-input":{"@type":"PropertyValueSpecification","valueRequired":true,"valueName":"search_term_string"}}],"inLanguage":"fr-FR"},{"@type":"Organization","@id":"https:\/\/jinsuncarbon.com\/#organization","name":"Jinsun Carbon","alternateName":"Jinsun Carbon","url":"https:\/\/jinsuncarbon.com\/","logo":{"@type":"ImageObject","inLanguage":"fr-FR","@id":"https:\/\/jinsuncarbon.com\/#\/schema\/logo\/image\/","url":"https:\/\/jinsuncarbon.com\/wp-content\/uploads\/2022\/12\/LOGO-1.png","contentUrl":"https:\/\/jinsuncarbon.com\/wp-content\/uploads\/2022\/12\/LOGO-1.png","width":207,"height":80,"caption":"Jinsun Carbon"},"image":{"@id":"https:\/\/jinsuncarbon.com\/#\/schema\/logo\/image\/"},"sameAs":["https:\/\/www.facebook.com\/Graphite-Electrode-109336238661595","https:\/\/x.com\/jinsuncarbon_","https:\/\/www.linkedin.com\/in\/jinsungraphite","https:\/\/www.youtube.com\/channel\/UCysDNyvyR5-3cCWEmpkVC0g"]}]}},"_links":{"self":[{"href":"https:\/\/jinsuncarbon.com\/fr\/wp-json\/wp\/v2\/product\/8013","targetHints":{"allow":["GET"]}}],"collection":[{"href":"https:\/\/jinsuncarbon.com\/fr\/wp-json\/wp\/v2\/product"}],"about":[{"href":"https:\/\/jinsuncarbon.com\/fr\/wp-json\/wp\/v2\/types\/product"}],"wp:featuredmedia":[{"embeddable":true,"href":"https:\/\/jinsuncarbon.com\/fr\/wp-json\/wp\/v2\/media\/8032"}],"wp:attachment":[{"href":"https:\/\/jinsuncarbon.com\/fr\/wp-json\/wp\/v2\/media?parent=8013"}],"wp:term":[{"taxonomy":"product_brand","embeddable":true,"href":"https:\/\/jinsuncarbon.com\/fr\/wp-json\/wp\/v2\/product_brand?post=8013"},{"taxonomy":"product_cat","embeddable":true,"href":"https:\/\/jinsuncarbon.com\/fr\/wp-json\/wp\/v2\/product_cat?post=8013"},{"taxonomy":"product_tag","embeddable":true,"href":"https:\/\/jinsuncarbon.com\/fr\/wp-json\/wp\/v2\/product_tag?post=8013"}],"curies":[{"name":"wp","href":"https:\/\/api.w.org\/{rel}","templated":true}]}}