{"id":7991,"date":"2025-07-12T10:29:13","date_gmt":"2025-07-12T10:29:13","guid":{"rendered":"https:\/\/jinsuncarbon.com\/?post_type=product&#038;p=7991"},"modified":"2025-07-12T10:29:14","modified_gmt":"2025-07-12T10:29:14","slug":"recarburiseur","status":"publish","type":"product","link":"https:\/\/jinsuncarbon.com\/fr\/produit-2\/recarburiseur\/","title":{"rendered":"Recarburiseur"},"content":{"rendered":"<h2>Avantages du recarburiseur<\/h2>\n<p><strong><b>H<\/b><\/strong><strong><b>Haute teneur en carbone<\/b><\/strong><\/p>\n<p>Son taux d'absorption du carbone est \u00e9lev\u00e9, ce qui lui permet de reconstituer rapidement et efficacement le carbone dans le m\u00e9tal en fusion.<\/p>\n<p>&nbsp;<\/p>\n<p><strong><b>G<\/b><\/strong><strong><b>Bonne stabilit\u00e9 chimique<\/b><\/strong><\/p>\n<p>Il n'est pas sujet \u00e0 la d\u00e9composition ou \u00e0 la d\u00e9t\u00e9rioration dans les environnements de fusion \u00e0 haute temp\u00e9rature.<\/p>\n<p>&nbsp;<\/p>\n<p><strong><b>Pure<\/b><\/strong><strong><b>\u00a0composition<\/b><\/strong><\/p>\n<p>Il contient peu d'impuret\u00e9s nocives (telles que le soufre, l'azote, l'hydrog\u00e8ne, etc.), ce qui peut r\u00e9duire les effets n\u00e9fastes sur les propri\u00e9t\u00e9s du m\u00e9tal.<\/p>\n<p>&nbsp;<\/p>\n<p><strong><b>R\u00e9activit\u00e9 mod\u00e9r\u00e9e<\/b><\/strong><\/p>\n<p>Il peut s'int\u00e9grer compl\u00e8tement \u00e0 la fusion du m\u00e9tal, ce qui garantit un effet d'addition de carbone uniforme et stable.<\/p>\n<p>&nbsp;<\/p>\n<p><strong><b>H<\/b><\/strong><strong><b>Rapport co\u00fbt\/performance \u00e9lev\u00e9<\/b><\/strong><\/p>\n<p>Diff\u00e9rents types de recarburateurs peuvent r\u00e9pondre aux exigences de divers sc\u00e9narios, ce qui permet \u00e9galement de prendre en compte la ma\u00eetrise des co\u00fbts.<\/p>\n<p>&nbsp;<\/p>\n<p><strong><b>Utilisation pratique et flexible<\/b><\/strong><\/p>\n<p>Il se pr\u00e9sente sous diverses formes (granul\u00e9s, blocs, poudres, etc.), de sorte que sa m\u00e9thode d'ajout est flexible. En outre, il convient \u00e0 diff\u00e9rents processus de fusion et est facile \u00e0 stocker et \u00e0 transporter.<\/p>\n<p><strong><b>\u00a0<\/b><\/strong><\/p>\n<p>En fonction de vos exigences sp\u00e9cifiques, il sera trait\u00e9 pour r\u00e9pondre \u00e0 vos normes de granularit\u00e9. En outre, vous pouvez \u00e9galement choisir le recarburateur au graphite, le recarburateur au coke, le recarburateur au charbon ou d'autres types de recarburateur.<\/p>\n<p><strong><b>\u00a0<\/b><\/strong><\/p>\n<h2>Utilisations du recarburiseur<\/h2>\n<p><strong><b>Fusion d'acier<\/b><\/strong><\/p>\n<p>Lors de la fusion de l'acier dans un convertisseur ou un four \u00e0 arc \u00e9lectrique, vous pouvez l'utiliser pour reconstituer avec pr\u00e9cision la teneur en carbone. L'acier fondu perd du carbone en raison des r\u00e9actions d'oxydation, et l'ajout d'un recarburant permet de s'assurer que la composition de l'acier r\u00e9pond aux normes.<\/p>\n<p>&nbsp;<\/p>\n<p>Lors de la production d'acier \u00e0 haute teneur en carbone, vous pouvez l'utiliser pour augmenter la teneur en carbone, ce qui accro\u00eet la duret\u00e9. Pour la production d'acier \u00e0 teneur moyenne en carbone, il permet de contr\u00f4ler la teneur en carbone dans une fourchette sp\u00e9cifique, garantissant un \u00e9quilibre entre la r\u00e9sistance et la t\u00e9nacit\u00e9.<\/p>\n<p>&nbsp;<\/p>\n<p><strong><b>Moulage en fonte<\/b><\/strong><\/p>\n<p>Dans la production de <a href=\"https:\/\/en.wikipedia.org\/wiki\/Gray_iron\" target=\"_blank\" rel=\"noopener\">fonte grise<\/a>Il peut ajuster l'\u00e9quivalent en carbone de la fonte en fusion, am\u00e9liorer la fluidit\u00e9. Il r\u00e9duit ensuite les d\u00e9fauts tels que les pores et les cavit\u00e9s de retrait, ce qui rend la structure de la coul\u00e9e plus dense.<\/p>\n<p>&nbsp;<\/p>\n<p>Dans la fabrication de la fonte ductile, vous pouvez l'utiliser pour assurer une source de carbone stable. Il favorise la formation de <a href=\"https:\/\/jinsuncarbon.com\/fr\/en-savoir-plus-sur-la-fonte-a-graphite-spheroidal\/\">graphite sph\u00e9rique<\/a>La r\u00e9sistance de la pi\u00e8ce moul\u00e9e s'en trouve consid\u00e9rablement am\u00e9lior\u00e9e.  Il peut donc \u00eatre largement utilis\u00e9 dans des composants cl\u00e9s tels que les blocs moteurs automobiles.<\/p>\n<p>&nbsp;<\/p>\n<p><strong><b>Traitement des m\u00e9taux recycl\u00e9s<\/b><\/strong><\/p>\n<p>Vous pouvez l'utiliser pour compl\u00e9ter la teneur en carbone dans le processus de recyclage des d\u00e9chets des petites et moyennes fonderies. L'ajout de carbone au cours du processus de recyclage des m\u00e9taux recycl\u00e9s tels que la ferraille d'acier et la ferraille de fer peut aider \u00e0 \u00e9quilibrer la perte d'\u00e9l\u00e9ments de carbone. Cela permet non seulement d'am\u00e9liorer la valeur d'utilisation des m\u00e9taux recycl\u00e9s, mais aussi de r\u00e9duire les co\u00fbts des mati\u00e8res premi\u00e8res, ce qui contribue \u00e0 l'\u00e9conomie circulaire.<\/p>\n<p>&nbsp;<\/p>\n<p><strong><b>Pr\u00e9paration d'alliages sp\u00e9ciaux<\/b><\/strong><\/p>\n<p>Il peut \u00e9galement \u00eatre utilis\u00e9 comme source de carbone pr\u00e9cise dans la production d'alliages \u00e0 haute temp\u00e9rature, d'alliages r\u00e9sistants \u00e0 l'usure, etc. Il peut am\u00e9liorer la r\u00e9sistance \u00e0 l'usure et augmenter la duret\u00e9, r\u00e9pondant ainsi aux exigences rigoureuses en mati\u00e8re de performance des mat\u00e9riaux dans le secteur haut de gamme.<\/p>","protected":false},"excerpt":{"rendered":"<p>Le recarburant est un mat\u00e9riau auxiliaire m\u00e9tallurgique fabriqu\u00e9 \u00e0 partir de mat\u00e9riaux \u00e0 haute teneur en carbone, \u00e9galement appel\u00e9 additif de carbone. Il s'agit d'un mat\u00e9riau fiable, dot\u00e9 d'une capacit\u00e9 efficace \u00e0 reconstituer les \u00e9l\u00e9ments carbon\u00e9s, d'une composition stable et d'une bonne r\u00e9activit\u00e9. Il peut r\u00e9guler la teneur en carbone dans les processus de fusion des m\u00e9taux et est donc largement utilis\u00e9 dans des domaines industriels tels que la fusion et le moulage de l'acier. Il permet notamment d'ajuster avec pr\u00e9cision l'\u00e9quivalent en carbone dans la production de fonte ductile et de reconstituer rapidement la teneur en carbone de l'acier fondu dans la fabrication de l'acier par four \u00e9lectrique \u00e0 arc.<\/p>","protected":false},"featured_media":7997,"template":"","meta":[],"product_brand":[],"product_cat":[37],"product_tag":[],"class_list":{"0":"post-7991","1":"product","2":"type-product","3":"status-publish","4":"has-post-thumbnail","6":"product_cat-graphite-electrode","8":"first","9":"instock","10":"shipping-taxable","11":"product-type-simple"},"yoast_head":"<!-- This site is optimized with the Yoast SEO Premium plugin v19.2.1 (Yoast SEO v25.3) - https:\/\/yoast.com\/wordpress\/plugins\/seo\/ -->\n<title>Recarburizer Manufacturer in China<\/title>\n<meta name=\"description\" content=\"A recarburizer is a material with a high carbon content that is used in metal production. It increases the carbon content of molten metal to achieve the desired properties.\" \/>\n<meta name=\"robots\" content=\"index, follow, max-snippet:-1, max-image-preview:large, max-video-preview:-1\" \/>\n<link rel=\"canonical\" href=\"https:\/\/jinsuncarbon.com\/fr\/produit-2\/recarburiseur\/\" \/>\n<meta property=\"og:locale\" content=\"fr_FR\" \/>\n<meta property=\"og:type\" content=\"article\" \/>\n<meta property=\"og:title\" content=\"Recarburizer\" \/>\n<meta property=\"og:description\" content=\"A recarburizer is a material with a high carbon content that is used in metal production. It increases the carbon content of molten metal to achieve the desired properties.\" \/>\n<meta property=\"og:url\" content=\"https:\/\/jinsuncarbon.com\/fr\/produit-2\/recarburiseur\/\" \/>\n<meta property=\"og:site_name\" content=\"Jinsun Carbon\" \/>\n<meta property=\"article:publisher\" content=\"https:\/\/www.facebook.com\/Graphite-Electrode-109336238661595\" \/>\n<meta property=\"article:modified_time\" content=\"2025-07-12T10:29:14+00:00\" \/>\n<meta property=\"og:image\" content=\"https:\/\/jinsuncarbon.com\/wp-content\/uploads\/2025\/07\/Recarburizer.jpg\" \/>\n\t<meta property=\"og:image:width\" content=\"1024\" \/>\n\t<meta property=\"og:image:height\" content=\"763\" \/>\n\t<meta property=\"og:image:type\" content=\"image\/jpeg\" \/>\n<meta name=\"twitter:card\" content=\"summary_large_image\" \/>\n<meta name=\"twitter:site\" content=\"@jinsuncarbon_\" \/>\n<meta name=\"twitter:label1\" content=\"Dur\u00e9e de lecture estim\u00e9e\" \/>\n\t<meta name=\"twitter:data1\" content=\"3 minutes\" \/>\n<script type=\"application\/ld+json\" class=\"yoast-schema-graph\">{\"@context\":\"https:\/\/schema.org\",\"@graph\":[{\"@type\":\"WebPage\",\"@id\":\"https:\/\/jinsuncarbon.com\/product\/recarburizer\/\",\"url\":\"https:\/\/jinsuncarbon.com\/product\/recarburizer\/\",\"name\":\"Recarburizer Manufacturer in China\",\"isPartOf\":{\"@id\":\"https:\/\/jinsuncarbon.com\/#website\"},\"primaryImageOfPage\":{\"@id\":\"https:\/\/jinsuncarbon.com\/product\/recarburizer\/#primaryimage\"},\"image\":{\"@id\":\"https:\/\/jinsuncarbon.com\/product\/recarburizer\/#primaryimage\"},\"thumbnailUrl\":\"https:\/\/jinsuncarbon.com\/wp-content\/uploads\/2025\/07\/Recarburizer.jpg\",\"datePublished\":\"2025-07-12T10:29:13+00:00\",\"dateModified\":\"2025-07-12T10:29:14+00:00\",\"description\":\"A recarburizer is a material with a high carbon content that is used in metal production. It increases the carbon content of molten metal to achieve the desired properties.\",\"breadcrumb\":{\"@id\":\"https:\/\/jinsuncarbon.com\/product\/recarburizer\/#breadcrumb\"},\"inLanguage\":\"fr-FR\",\"potentialAction\":[{\"@type\":\"ReadAction\",\"target\":[\"https:\/\/jinsuncarbon.com\/product\/recarburizer\/\"]}]},{\"@type\":\"ImageObject\",\"inLanguage\":\"fr-FR\",\"@id\":\"https:\/\/jinsuncarbon.com\/product\/recarburizer\/#primaryimage\",\"url\":\"https:\/\/jinsuncarbon.com\/wp-content\/uploads\/2025\/07\/Recarburizer.jpg\",\"contentUrl\":\"https:\/\/jinsuncarbon.com\/wp-content\/uploads\/2025\/07\/Recarburizer.jpg\",\"width\":1024,\"height\":763,\"caption\":\"Recarburizer\"},{\"@type\":\"BreadcrumbList\",\"@id\":\"https:\/\/jinsuncarbon.com\/product\/recarburizer\/#breadcrumb\",\"itemListElement\":[{\"@type\":\"ListItem\",\"position\":1,\"name\":\"Home\",\"item\":\"https:\/\/jinsuncarbon.com\/\"},{\"@type\":\"ListItem\",\"position\":2,\"name\":\"Products\",\"item\":\"https:\/\/jinsuncarbon.com\/graphite-carbon\/\"},{\"@type\":\"ListItem\",\"position\":3,\"name\":\"Recarburizer\"}]},{\"@type\":\"WebSite\",\"@id\":\"https:\/\/jinsuncarbon.com\/#website\",\"url\":\"https:\/\/jinsuncarbon.com\/\",\"name\":\"Jinsun Carbon\",\"description\":\"We are the successful graphite electrode manufacturer in China\",\"publisher\":{\"@id\":\"https:\/\/jinsuncarbon.com\/#organization\"},\"potentialAction\":[{\"@type\":\"SearchAction\",\"target\":{\"@type\":\"EntryPoint\",\"urlTemplate\":\"https:\/\/jinsuncarbon.com\/?s={search_term_string}\"},\"query-input\":{\"@type\":\"PropertyValueSpecification\",\"valueRequired\":true,\"valueName\":\"search_term_string\"}}],\"inLanguage\":\"fr-FR\"},{\"@type\":\"Organization\",\"@id\":\"https:\/\/jinsuncarbon.com\/#organization\",\"name\":\"Jinsun Carbon\",\"alternateName\":\"Jinsun Carbon\",\"url\":\"https:\/\/jinsuncarbon.com\/\",\"logo\":{\"@type\":\"ImageObject\",\"inLanguage\":\"fr-FR\",\"@id\":\"https:\/\/jinsuncarbon.com\/#\/schema\/logo\/image\/\",\"url\":\"https:\/\/jinsuncarbon.com\/wp-content\/uploads\/2022\/12\/LOGO-1.png\",\"contentUrl\":\"https:\/\/jinsuncarbon.com\/wp-content\/uploads\/2022\/12\/LOGO-1.png\",\"width\":207,\"height\":80,\"caption\":\"Jinsun Carbon\"},\"image\":{\"@id\":\"https:\/\/jinsuncarbon.com\/#\/schema\/logo\/image\/\"},\"sameAs\":[\"https:\/\/www.facebook.com\/Graphite-Electrode-109336238661595\",\"https:\/\/x.com\/jinsuncarbon_\",\"https:\/\/www.linkedin.com\/in\/jinsungraphite\",\"https:\/\/www.youtube.com\/channel\/UCysDNyvyR5-3cCWEmpkVC0g\"]}]}<\/script>\n<!-- \/ Yoast SEO Premium plugin. -->","yoast_head_json":{"title":"Fabricant de recarburateurs en Chine","description":"Un recarburant est un mat\u00e9riau \u00e0 forte teneur en carbone utilis\u00e9 dans la production de m\u00e9tal. Il augmente la teneur en carbone du m\u00e9tal en fusion afin d'obtenir les propri\u00e9t\u00e9s souhait\u00e9es.","robots":{"index":"index","follow":"follow","max-snippet":"max-snippet:-1","max-image-preview":"max-image-preview:large","max-video-preview":"max-video-preview:-1"},"canonical":"https:\/\/jinsuncarbon.com\/fr\/produit-2\/recarburiseur\/","og_locale":"fr_FR","og_type":"article","og_title":"Recarburizer","og_description":"A recarburizer is a material with a high carbon content that is used in metal production. It increases the carbon content of molten metal to achieve the desired properties.","og_url":"https:\/\/jinsuncarbon.com\/fr\/produit-2\/recarburiseur\/","og_site_name":"Jinsun Carbon","article_publisher":"https:\/\/www.facebook.com\/Graphite-Electrode-109336238661595","article_modified_time":"2025-07-12T10:29:14+00:00","og_image":[{"width":1024,"height":763,"url":"https:\/\/jinsuncarbon.com\/wp-content\/uploads\/2025\/07\/Recarburizer.jpg","type":"image\/jpeg"}],"twitter_card":"summary_large_image","twitter_site":"@jinsuncarbon_","twitter_misc":{"Dur\u00e9e de lecture estim\u00e9e":"3 minutes"},"schema":{"@context":"https:\/\/schema.org","@graph":[{"@type":"WebPage","@id":"https:\/\/jinsuncarbon.com\/product\/recarburizer\/","url":"https:\/\/jinsuncarbon.com\/product\/recarburizer\/","name":"Fabricant de recarburateurs en Chine","isPartOf":{"@id":"https:\/\/jinsuncarbon.com\/#website"},"primaryImageOfPage":{"@id":"https:\/\/jinsuncarbon.com\/product\/recarburizer\/#primaryimage"},"image":{"@id":"https:\/\/jinsuncarbon.com\/product\/recarburizer\/#primaryimage"},"thumbnailUrl":"https:\/\/jinsuncarbon.com\/wp-content\/uploads\/2025\/07\/Recarburizer.jpg","datePublished":"2025-07-12T10:29:13+00:00","dateModified":"2025-07-12T10:29:14+00:00","description":"Un recarburant est un mat\u00e9riau \u00e0 forte teneur en carbone utilis\u00e9 dans la production de m\u00e9tal. Il augmente la teneur en carbone du m\u00e9tal en fusion afin d'obtenir les propri\u00e9t\u00e9s souhait\u00e9es.","breadcrumb":{"@id":"https:\/\/jinsuncarbon.com\/product\/recarburizer\/#breadcrumb"},"inLanguage":"fr-FR","potentialAction":[{"@type":"ReadAction","target":["https:\/\/jinsuncarbon.com\/product\/recarburizer\/"]}]},{"@type":"ImageObject","inLanguage":"fr-FR","@id":"https:\/\/jinsuncarbon.com\/product\/recarburizer\/#primaryimage","url":"https:\/\/jinsuncarbon.com\/wp-content\/uploads\/2025\/07\/Recarburizer.jpg","contentUrl":"https:\/\/jinsuncarbon.com\/wp-content\/uploads\/2025\/07\/Recarburizer.jpg","width":1024,"height":763,"caption":"Recarburizer"},{"@type":"BreadcrumbList","@id":"https:\/\/jinsuncarbon.com\/product\/recarburizer\/#breadcrumb","itemListElement":[{"@type":"ListItem","position":1,"name":"Home","item":"https:\/\/jinsuncarbon.com\/"},{"@type":"ListItem","position":2,"name":"Products","item":"https:\/\/jinsuncarbon.com\/graphite-carbon\/"},{"@type":"ListItem","position":3,"name":"Recarburizer"}]},{"@type":"WebSite","@id":"https:\/\/jinsuncarbon.com\/#website","url":"https:\/\/jinsuncarbon.com\/","name":"Jinsun Carbon","description":"Nous sommes le fabricant d'\u00e9lectrodes en graphite le plus performant de Chine.","publisher":{"@id":"https:\/\/jinsuncarbon.com\/#organization"},"potentialAction":[{"@type":"SearchAction","target":{"@type":"EntryPoint","urlTemplate":"https:\/\/jinsuncarbon.com\/?s={search_term_string}"},"query-input":{"@type":"PropertyValueSpecification","valueRequired":true,"valueName":"search_term_string"}}],"inLanguage":"fr-FR"},{"@type":"Organization","@id":"https:\/\/jinsuncarbon.com\/#organization","name":"Jinsun Carbon","alternateName":"Jinsun Carbon","url":"https:\/\/jinsuncarbon.com\/","logo":{"@type":"ImageObject","inLanguage":"fr-FR","@id":"https:\/\/jinsuncarbon.com\/#\/schema\/logo\/image\/","url":"https:\/\/jinsuncarbon.com\/wp-content\/uploads\/2022\/12\/LOGO-1.png","contentUrl":"https:\/\/jinsuncarbon.com\/wp-content\/uploads\/2022\/12\/LOGO-1.png","width":207,"height":80,"caption":"Jinsun Carbon"},"image":{"@id":"https:\/\/jinsuncarbon.com\/#\/schema\/logo\/image\/"},"sameAs":["https:\/\/www.facebook.com\/Graphite-Electrode-109336238661595","https:\/\/x.com\/jinsuncarbon_","https:\/\/www.linkedin.com\/in\/jinsungraphite","https:\/\/www.youtube.com\/channel\/UCysDNyvyR5-3cCWEmpkVC0g"]}]}},"_links":{"self":[{"href":"https:\/\/jinsuncarbon.com\/fr\/wp-json\/wp\/v2\/product\/7991","targetHints":{"allow":["GET"]}}],"collection":[{"href":"https:\/\/jinsuncarbon.com\/fr\/wp-json\/wp\/v2\/product"}],"about":[{"href":"https:\/\/jinsuncarbon.com\/fr\/wp-json\/wp\/v2\/types\/product"}],"wp:featuredmedia":[{"embeddable":true,"href":"https:\/\/jinsuncarbon.com\/fr\/wp-json\/wp\/v2\/media\/7997"}],"wp:attachment":[{"href":"https:\/\/jinsuncarbon.com\/fr\/wp-json\/wp\/v2\/media?parent=7991"}],"wp:term":[{"taxonomy":"product_brand","embeddable":true,"href":"https:\/\/jinsuncarbon.com\/fr\/wp-json\/wp\/v2\/product_brand?post=7991"},{"taxonomy":"product_cat","embeddable":true,"href":"https:\/\/jinsuncarbon.com\/fr\/wp-json\/wp\/v2\/product_cat?post=7991"},{"taxonomy":"product_tag","embeddable":true,"href":"https:\/\/jinsuncarbon.com\/fr\/wp-json\/wp\/v2\/product_tag?post=7991"}],"curies":[{"name":"wp","href":"https:\/\/api.w.org\/{rel}","templated":true}]}}